{"id":3111,"date":"2022-12-26T10:01:51","date_gmt":"2022-12-26T09:01:51","guid":{"rendered":"https:\/\/sekundi.eu\/kontakt\/"},"modified":"2024-01-11T15:02:52","modified_gmt":"2024-01-11T14:02:52","slug":"kontakt","status":"publish","type":"page","link":"https:\/\/sekundi.eu\/de\/kontakt\/","title":{"rendered":"Kontaktieren Sie uns!"},"content":{"rendered":"\n<div style=\"height:100px\" aria-hidden=\"true\" class=\"wp-block-spacer\"><\/div>\n\n\n\n<div class=\"wp-block-columns alignwide process is-layout-flex wp-container-core-columns-is-layout-9d6595d7 wp-block-columns-is-layout-flex\">\n<div class=\"wp-block-column animated fadeInUp delay-100ms is-layout-flow wp-block-column-is-layout-flow\">\n<p class=\"has-text-align-center process__number has-marron-color has-text-color has-xxxxlarge-font-size\"><strong>1<\/strong><\/p>\n\n\n\n<p class=\"has-text-align-center has-medium-font-size\"><strong><strong>Senden Sie Ihre Forderungen<\/strong><\/strong><\/p>\n\n\n\n<p class=\"has-text-align-center\">Sagen Sie uns, in welchem Land Sie eine ausstehende Zahlung haben, schicken Sie uns Ihre Rechnung, und wir k\u00fcmmern uns um alles!<\/p>\n<\/div>\n\n\n\n<div class=\"wp-block-column animated fadeInUp delay-200ms is-layout-flow wp-block-column-is-layout-flow\">\n<p class=\"has-text-align-center process__number has-marron-color has-text-color has-xxxxlarge-font-size\"><strong>2<\/strong><\/p>\n\n\n\n<p class=\"has-text-align-center has-medium-font-size\"><strong>Informieren Sie sich<\/strong><\/p>\n\n\n\n<p class=\"has-text-align-center\">Wir halten Sie \u00fcber das Intranet rund um die Uhr \u00fcber die Entwicklung Ihrer Konten auf dem Laufenden und stellen Ihnen Berichte \u00fcber den Fortschritt des Inkassos in der Sprache Ihrer Wahl zur Verf\u00fcgung.<\/p>\n<\/div>\n\n\n\n<div class=\"wp-block-column animated fadeInUp delay-300ms is-layout-flow wp-block-column-is-layout-flow\">\n<p class=\"has-text-align-center process__number has-marron-color has-text-color has-xxxxlarge-font-size\"><strong>3<\/strong><\/p>\n\n\n\n<p class=\"has-text-align-center has-medium-font-size\"><strong>Bezahlt werden<\/strong><\/p>\n\n\n\n<p class=\"has-text-align-center\">Wir arbeiten am Erfolg, unser Ziel ist es, Ihre Forderung in einer Win-Win-Situation zur\u00fcckzugewinnen.<\/p>\n<\/div>\n<\/div>\n\n\n\n<div class=\"wp-block-group alignfull pad0 has-blanc-background-color has-background\"><div class=\"wp-block-group__inner-container is-layout-constrained wp-block-group-is-layout-constrained\">\n<div class=\"wp-block-columns contact-block is-layout-flex wp-container-core-columns-is-layout-9d6595d7 wp-block-columns-is-layout-flex\">\n<div class=\"wp-block-column marge is-layout-flow wp-block-column-is-layout-flow\" style=\"flex-basis:60%\">\n<div style=\"height:40px\" aria-hidden=\"true\" class=\"wp-block-spacer\"><\/div>\n\n\n\n<h2 class=\"sans-trait has-bleu-clair-color has-text-color wp-block-heading\">Haben Sie offene Forderungen in einem anderen Land und haben Schwierigkeiten, diese zu begleichen?<\/h2>\n\n\n\n<div style=\"height:31px\" aria-hidden=\"true\" class=\"wp-block-spacer\"><\/div>\n\n\n\n<p class=\"has-bleu-clair-color has-text-color has-medium-font-size\">Let's talk about it!<\/p>\n\n\n\n<div style=\"height:31px\" aria-hidden=\"true\" class=\"wp-block-spacer\"><\/div>\n\n\n\n<div class=\"wpcf7 no-js\" id=\"wpcf7-f168-o1\" lang=\"en-US\" dir=\"ltr\" data-wpcf7-id=\"168\">\n<div class=\"screen-reader-response\"><p role=\"status\" aria-live=\"polite\" aria-atomic=\"true\"><\/p> <ul><\/ul><\/div>\n<form action=\"\/de\/wp-json\/wp\/v2\/pages\/3111#wpcf7-f168-o1\" method=\"post\" class=\"wpcf7-form init\" aria-label=\"Contact form\" enctype=\"multipart\/form-data\" novalidate=\"novalidate\" data-status=\"init\">\n<fieldset class=\"hidden-fields-container\"><input type=\"hidden\" name=\"_wpcf7\" value=\"168\" \/><input type=\"hidden\" name=\"_wpcf7_version\" value=\"6.1.5\" \/><input type=\"hidden\" name=\"_wpcf7_locale\" value=\"en_US\" \/><input type=\"hidden\" name=\"_wpcf7_unit_tag\" value=\"wpcf7-f168-o1\" \/><input type=\"hidden\" name=\"_wpcf7_container_post\" value=\"0\" \/><input type=\"hidden\" name=\"_wpcf7_posted_data_hash\" value=\"\" \/><input type=\"hidden\" name=\"_wpcf7_recaptcha_response\" value=\"\" \/>\n<\/fieldset>\n<p><label><span class=\"wpcf7-form-control-wrap\" data-name=\"your-name\"><input size=\"40\" maxlength=\"400\" class=\"wpcf7-form-control wpcf7-text wpcf7-validates-as-required\" aria-required=\"true\" aria-invalid=\"false\" placeholder=\"Name*\" value=\"\" type=\"text\" name=\"your-name\" \/><\/span><\/label><br \/>\n<label><span class=\"wpcf7-form-control-wrap\" data-name=\"your-email\"><input size=\"40\" maxlength=\"400\" class=\"wpcf7-form-control wpcf7-email wpcf7-validates-as-required wpcf7-text wpcf7-validates-as-email\" aria-required=\"true\" aria-invalid=\"false\" placeholder=\"Email*\" value=\"\" type=\"email\" name=\"your-email\" \/><\/span><\/label><br \/>\n<label><span class=\"wpcf7-form-control-wrap\" data-name=\"your-tel\"><input size=\"40\" maxlength=\"400\" class=\"wpcf7-form-control wpcf7-tel wpcf7-text wpcf7-validates-as-tel\" aria-invalid=\"false\" placeholder=\"Phone\" value=\"\" type=\"tel\" name=\"your-tel\" \/><\/span><\/label><br \/>\n<label><span class=\"wpcf7-form-control-wrap\" data-name=\"your-subject\"><input size=\"40\" maxlength=\"400\" class=\"wpcf7-form-control wpcf7-text wpcf7-validates-as-required\" aria-required=\"true\" aria-invalid=\"false\" placeholder=\"Debtor&#039;s country*\" value=\"\" type=\"text\" name=\"your-subject\" \/><\/span><\/label><br \/>\n<label><span class=\"wpcf7-form-control-wrap\" data-name=\"Invoiceamount\"><input class=\"wpcf7-form-control wpcf7-number wpcf7-validates-as-number\" aria-invalid=\"false\" placeholder=\"Invoice amount\" value=\"\" type=\"number\" name=\"Invoiceamount\" \/><\/span><\/label><br \/>\n<label><span class=\"wpcf7-form-control-wrap\" data-name=\"your-message\"><textarea cols=\"40\" rows=\"10\" maxlength=\"2000\" class=\"wpcf7-form-control wpcf7-textarea\" aria-invalid=\"false\" placeholder=\"Message\" name=\"your-message\"><\/textarea><\/span> <\/label><br \/>\n<label><span class=\"wpcf7-form-control-wrap\" data-name=\"file-917\"><input size=\"40\" class=\"wpcf7-form-control wpcf7-file\" accept=\".pdf,.doc,.docx,.png,.jpg\" aria-invalid=\"false\" type=\"file\" name=\"file-917\" \/><\/span><span class='fake-file'>Click here to file your claim<\/span><\/label><br \/>\n<span class=\"wpcf7-form-control-wrap\" data-name=\"acceptance-919\"><span class=\"wpcf7-form-control wpcf7-acceptance\"><span class=\"wpcf7-list-item\"><label><input type=\"checkbox\" name=\"acceptance-919\" value=\"1\" aria-invalid=\"false\" \/><span class=\"wpcf7-list-item-label\">By submitting this form, I agree that the <a href=\"https:\/\/sekundi.eu\/terms-and-conditions-sekundi\/\" style=\"color:#7f634b;!important\">Terms and Conditions<\/a>.<\/span><\/label><\/span><\/span><\/span><br \/>\n<input class=\"wpcf7-form-control wpcf7-submit has-spinner\" type=\"submit\" value=\"Send\" \/>\n<\/p><div class=\"wpcf7-response-output\" aria-hidden=\"true\"><\/div>\n<\/form>\n<\/div>\n\n\n\n\n<div style=\"height:20px\" aria-hidden=\"true\" class=\"wp-block-spacer\"><\/div>\n<\/div>\n\n\n\n<div class=\"wp-block-column visuel is-layout-flow wp-block-column-is-layout-flow\" style=\"flex-basis:40%\">\n<figure class=\"wp-block-image size-large is-resized animated fadeIn cover\"><img loading=\"lazy\" decoding=\"async\" src=\"https:\/\/sekundi.eu\/wp-content\/uploads\/2023\/02\/recouvrement-amiable-1024x683.jpeg\" alt=\"\" class=\"wp-image-2068\" width=\"323\" height=\"215\" srcset=\"https:\/\/sekundi.eu\/wp-content\/uploads\/2023\/02\/recouvrement-amiable-1024x683.jpeg 1024w, https:\/\/sekundi.eu\/wp-content\/uploads\/2023\/02\/recouvrement-amiable-300x200.jpeg 300w, https:\/\/sekundi.eu\/wp-content\/uploads\/2023\/02\/recouvrement-amiable-768x512.jpeg 768w, https:\/\/sekundi.eu\/wp-content\/uploads\/2023\/02\/recouvrement-amiable.jpeg 1230w\" sizes=\"auto, (max-width: 323px) 100vw, 323px\" \/><\/figure>\n<\/div>\n<\/div>\n<\/div><\/div>\n\n\n\n<div class=\"wp-block-group alignfull contact-block pad0 has-bleu-gris-background-color has-background\"><div class=\"wp-block-group__inner-container is-layout-constrained wp-block-group-is-layout-constrained\">\n<div class=\"wp-block-columns break100 margb0 is-layout-flex wp-container-core-columns-is-layout-9d6595d7 wp-block-columns-is-layout-flex\">\n<div class=\"wp-block-column marge is-layout-flow wp-block-column-is-layout-flow\" style=\"flex-basis:40%\">\n<div style=\"height:10px\" aria-hidden=\"true\" class=\"wp-block-spacer\"><\/div>\n\n\n\n<h3 class=\"sans-trait wp-block-heading\"><strong>Finden Sie uns<\/strong><\/h3>\n\n\n\n<p>Sekundi CVBA wurde am 31. Oktober 2008 in Br\u00fcssel gegr\u00fcndet, um einen weltweiten Inkassodienst anzubieten. Mit mehr als 40 Mitgliedern in unserem Netzwerk k\u00f6nnen wir in mehr als 30 L\u00e4ndern t\u00e4tig sein.<\/p>\n\n\n\n<div style=\"height:10px\" aria-hidden=\"true\" class=\"wp-block-spacer\"><\/div>\n\n\n\n<p><strong>Pegasuslaan 5<\/strong><br>1831 Diegem Br\u00fcssel, Belgien<\/p>\n\n\n\n<hr class=\"wp-block-separator has-text-color has-blanc-color has-css-opacity has-blanc-background-color has-background is-style-wide\"\/>\n\n\n\n<p>contact@sekundi.eu<\/p>\n<\/div>\n\n\n\n<div class=\"wp-block-column visuel is-layout-flow wp-block-column-is-layout-flow\" style=\"flex-basis:60%\">\n<iframe src=\"https:\/\/www.google.com\/maps\/embed?pb=!1m14!1m8!1m3!1d80552.13339835561!2d4.498732!3d50.882006!3m2!1i1024!2i768!4f13.1!3m3!1m2!1s0x47c3dce27a644bf1%3A0xe66ff0a4311cd29c!2sPegasuslaan%205%2C%201831%20Machelen%2C%20Belgique!5e0!3m2!1sfr!2sus!4v1672130083307!5m2!1sfr!2sus\" style=\"border:0;\" allowfullscreen=\"\" loading=\"lazy\" referrerpolicy=\"no-referrer-when-downgrade\" width=\"600\" height=\"450\"><\/iframe>\n<\/div>\n<\/div>\n<\/div><\/div>\n\n\n\n<div class=\"wp-block-group alignwide network\"><div class=\"wp-block-group__inner-container is-layout-constrained wp-block-group-is-layout-constrained\">\n<div style=\"height:50px\" aria-hidden=\"true\" class=\"wp-block-spacer\"><\/div>\n\n\n\n<p class=\"has-text-align-center marg0 has-marron-clair-color has-text-color has-small-font-size\"><strong>UNSER NETZWERK<\/strong><\/p>\n\n\n\n<h2 class=\"has-text-align-center marg0 wp-block-heading\">Connected countries<\/h2>\n\n\n\n<div style=\"height:30px\" aria-hidden=\"true\" class=\"wp-block-spacer\"><\/div>\n\n\n<ul class='country-sitemap'><li><a href='https:\/\/sekundi.eu\/de\/suedamerika\/'>Forderungseinzug in S\u00fcdamerika<\/a><ul><li><a href='https:\/\/sekundi.eu\/de\/suedamerika\/forderungseinzug-in-chile\/'><i class='fa-solid fa-map-pin'><\/i>Forderungseinzug in Chile<\/a><\/li><li><a href='https:\/\/sekundi.eu\/de\/suedamerika\/forderungseinzug-in-peru\/'><i class='fa-solid fa-map-pin'><\/i>Forderungseinzug in Peru<\/a><\/li><\/li><\/ul><\/li><\/ul>\n\n\n\n<div style=\"height:50px\" aria-hidden=\"true\" class=\"wp-block-spacer\"><\/div>\n<\/div><\/div>\n","protected":false},"excerpt":{"rendered":"<p>Haben Sie offene Forderungen in einem anderen Land und haben Schwierigkeiten, diese zu begleichen? Let&#8217;s talk about it! Finden Sie uns Sekundi CVBA wurde am 31. Oktober 2008 in Br\u00fcssel gegr\u00fcndet, um einen weltweiten Inkassodienst anzubieten. Mit mehr als 40 Mitgliedern in unserem Netzwerk k\u00f6nnen wir in mehr als 30 L\u00e4ndern t\u00e4tig sein. Pegasuslaan 51831 [&hellip;]<\/p>\n","protected":false},"author":1,"featured_media":0,"parent":0,"menu_order":79,"comment_status":"closed","ping_status":"closed","template":"","meta":{"advgb_blocks_editor_width":"","advgb_blocks_columns_visual_guide":"","footnotes":""},"class_list":["post-3111","page","type-page","status-publish","hentry"],"yoast_head":"<!-- This site is optimized with the Yoast SEO plugin v27.5 - https:\/\/yoast.com\/product\/yoast-seo-wordpress\/ -->\n<title>Kontakt zu SEKUNDI - Internationales Inkassonetzwerk<\/title>\n<meta name=\"description\" content=\"Haben Sie offene Forderungen in einem anderen Land und haben Schwierigkeiten, diese zu begleichen? Reden wir dar\u00fcber!\" \/>\n<meta name=\"robots\" content=\"index, follow, max-snippet:-1, max-image-preview:large, max-video-preview:-1\" \/>\n<link rel=\"canonical\" href=\"https:\/\/sekundi.eu\/de\/kontakt\/\" \/>\n<meta property=\"og:locale\" content=\"de_DE\" \/>\n<meta property=\"og:type\" content=\"article\" \/>\n<meta property=\"og:title\" content=\"Kontakt zu SEKUNDI - Internationales Inkassonetzwerk\" \/>\n<meta property=\"og:description\" content=\"Haben Sie offene Forderungen in einem anderen Land und haben Schwierigkeiten, diese zu begleichen? Reden wir dar\u00fcber!\" \/>\n<meta property=\"og:url\" content=\"https:\/\/sekundi.eu\/de\/kontakt\/\" \/>\n<meta property=\"og:site_name\" content=\"SEKUNDI\" \/>\n<meta property=\"article:modified_time\" content=\"2024-01-11T14:02:52+00:00\" \/>\n<meta property=\"og:image\" content=\"https:\/\/sekundi.eu\/wp-content\/uploads\/2023\/02\/recouvrement-amiable-1024x683.jpeg\" \/>\n<meta name=\"twitter:card\" content=\"summary_large_image\" \/>\n<meta name=\"twitter:label1\" content=\"Gesch\u00e4tzte Lesezeit\" \/>\n\t<meta name=\"twitter:data1\" content=\"2\u00a0Minuten\" \/>\n<script type=\"application\/ld+json\" class=\"yoast-schema-graph\">{\"@context\":\"https:\\\/\\\/schema.org\",\"@graph\":[{\"@type\":\"WebPage\",\"@id\":\"https:\\\/\\\/sekundi.eu\\\/de\\\/kontakt\\\/\",\"url\":\"https:\\\/\\\/sekundi.eu\\\/de\\\/kontakt\\\/\",\"name\":\"Kontakt zu SEKUNDI - Internationales Inkassonetzwerk\",\"isPartOf\":{\"@id\":\"https:\\\/\\\/sekundi.eu\\\/#website\"},\"primaryImageOfPage\":{\"@id\":\"https:\\\/\\\/sekundi.eu\\\/de\\\/kontakt\\\/#primaryimage\"},\"image\":{\"@id\":\"https:\\\/\\\/sekundi.eu\\\/de\\\/kontakt\\\/#primaryimage\"},\"thumbnailUrl\":\"https:\\\/\\\/sekundi.eu\\\/wp-content\\\/uploads\\\/2023\\\/02\\\/recouvrement-amiable-1024x683.jpeg\",\"datePublished\":\"2022-12-26T09:01:51+00:00\",\"dateModified\":\"2024-01-11T14:02:52+00:00\",\"description\":\"Haben Sie offene Forderungen in einem anderen Land und haben Schwierigkeiten, diese zu begleichen? Reden wir dar\u00fcber!\",\"breadcrumb\":{\"@id\":\"https:\\\/\\\/sekundi.eu\\\/de\\\/kontakt\\\/#breadcrumb\"},\"inLanguage\":\"de\",\"potentialAction\":[{\"@type\":\"ReadAction\",\"target\":[\"https:\\\/\\\/sekundi.eu\\\/de\\\/kontakt\\\/\"]}]},{\"@type\":\"ImageObject\",\"inLanguage\":\"de\",\"@id\":\"https:\\\/\\\/sekundi.eu\\\/de\\\/kontakt\\\/#primaryimage\",\"url\":\"https:\\\/\\\/sekundi.eu\\\/wp-content\\\/uploads\\\/2023\\\/02\\\/recouvrement-amiable-1024x683.jpeg\",\"contentUrl\":\"https:\\\/\\\/sekundi.eu\\\/wp-content\\\/uploads\\\/2023\\\/02\\\/recouvrement-amiable-1024x683.jpeg\"},{\"@type\":\"BreadcrumbList\",\"@id\":\"https:\\\/\\\/sekundi.eu\\\/de\\\/kontakt\\\/#breadcrumb\",\"itemListElement\":[{\"@type\":\"ListItem\",\"position\":1,\"name\":\"Accueil\",\"item\":\"https:\\\/\\\/sekundi.eu\\\/de\\\/\"},{\"@type\":\"ListItem\",\"position\":2,\"name\":\"Kontaktieren Sie uns!\"}]},{\"@type\":\"WebSite\",\"@id\":\"https:\\\/\\\/sekundi.eu\\\/#website\",\"url\":\"https:\\\/\\\/sekundi.eu\\\/\",\"name\":\"SEKUNDI\",\"description\":\"\",\"publisher\":{\"@id\":\"https:\\\/\\\/sekundi.eu\\\/#organization\"},\"potentialAction\":[{\"@type\":\"SearchAction\",\"target\":{\"@type\":\"EntryPoint\",\"urlTemplate\":\"https:\\\/\\\/sekundi.eu\\\/?s={search_term_string}\"},\"query-input\":{\"@type\":\"PropertyValueSpecification\",\"valueRequired\":true,\"valueName\":\"search_term_string\"}}],\"inLanguage\":\"de\"},{\"@type\":\"Organization\",\"@id\":\"https:\\\/\\\/sekundi.eu\\\/#organization\",\"name\":\"Sekundi\",\"url\":\"https:\\\/\\\/sekundi.eu\\\/\",\"logo\":{\"@type\":\"ImageObject\",\"inLanguage\":\"de\",\"@id\":\"https:\\\/\\\/sekundi.eu\\\/#\\\/schema\\\/logo\\\/image\\\/\",\"url\":\"https:\\\/\\\/sekundi.eu\\\/wp-content\\\/uploads\\\/2022\\\/12\\\/logo_sekundi.png\",\"contentUrl\":\"https:\\\/\\\/sekundi.eu\\\/wp-content\\\/uploads\\\/2022\\\/12\\\/logo_sekundi.png\",\"width\":171,\"height\":46,\"caption\":\"Sekundi\"},\"image\":{\"@id\":\"https:\\\/\\\/sekundi.eu\\\/#\\\/schema\\\/logo\\\/image\\\/\"}}]}<\/script>\n<!-- \/ Yoast SEO plugin. -->","yoast_head_json":{"title":"Kontakt zu SEKUNDI - Internationales Inkassonetzwerk","description":"Haben Sie offene Forderungen in einem anderen Land und haben Schwierigkeiten, diese zu begleichen? Reden wir dar\u00fcber!","robots":{"index":"index","follow":"follow","max-snippet":"max-snippet:-1","max-image-preview":"max-image-preview:large","max-video-preview":"max-video-preview:-1"},"canonical":"https:\/\/sekundi.eu\/de\/kontakt\/","og_locale":"de_DE","og_type":"article","og_title":"Kontakt zu SEKUNDI - Internationales Inkassonetzwerk","og_description":"Haben Sie offene Forderungen in einem anderen Land und haben Schwierigkeiten, diese zu begleichen? Reden wir dar\u00fcber!","og_url":"https:\/\/sekundi.eu\/de\/kontakt\/","og_site_name":"SEKUNDI","article_modified_time":"2024-01-11T14:02:52+00:00","og_image":[{"url":"https:\/\/sekundi.eu\/wp-content\/uploads\/2023\/02\/recouvrement-amiable-1024x683.jpeg","type":"","width":"","height":""}],"twitter_card":"summary_large_image","twitter_misc":{"Gesch\u00e4tzte Lesezeit":"2\u00a0Minuten"},"schema":{"@context":"https:\/\/schema.org","@graph":[{"@type":"WebPage","@id":"https:\/\/sekundi.eu\/de\/kontakt\/","url":"https:\/\/sekundi.eu\/de\/kontakt\/","name":"Kontakt zu SEKUNDI - Internationales Inkassonetzwerk","isPartOf":{"@id":"https:\/\/sekundi.eu\/#website"},"primaryImageOfPage":{"@id":"https:\/\/sekundi.eu\/de\/kontakt\/#primaryimage"},"image":{"@id":"https:\/\/sekundi.eu\/de\/kontakt\/#primaryimage"},"thumbnailUrl":"https:\/\/sekundi.eu\/wp-content\/uploads\/2023\/02\/recouvrement-amiable-1024x683.jpeg","datePublished":"2022-12-26T09:01:51+00:00","dateModified":"2024-01-11T14:02:52+00:00","description":"Haben Sie offene Forderungen in einem anderen Land und haben Schwierigkeiten, diese zu begleichen? Reden wir dar\u00fcber!","breadcrumb":{"@id":"https:\/\/sekundi.eu\/de\/kontakt\/#breadcrumb"},"inLanguage":"de","potentialAction":[{"@type":"ReadAction","target":["https:\/\/sekundi.eu\/de\/kontakt\/"]}]},{"@type":"ImageObject","inLanguage":"de","@id":"https:\/\/sekundi.eu\/de\/kontakt\/#primaryimage","url":"https:\/\/sekundi.eu\/wp-content\/uploads\/2023\/02\/recouvrement-amiable-1024x683.jpeg","contentUrl":"https:\/\/sekundi.eu\/wp-content\/uploads\/2023\/02\/recouvrement-amiable-1024x683.jpeg"},{"@type":"BreadcrumbList","@id":"https:\/\/sekundi.eu\/de\/kontakt\/#breadcrumb","itemListElement":[{"@type":"ListItem","position":1,"name":"Accueil","item":"https:\/\/sekundi.eu\/de\/"},{"@type":"ListItem","position":2,"name":"Kontaktieren Sie uns!"}]},{"@type":"WebSite","@id":"https:\/\/sekundi.eu\/#website","url":"https:\/\/sekundi.eu\/","name":"SEKUNDI","description":"","publisher":{"@id":"https:\/\/sekundi.eu\/#organization"},"potentialAction":[{"@type":"SearchAction","target":{"@type":"EntryPoint","urlTemplate":"https:\/\/sekundi.eu\/?s={search_term_string}"},"query-input":{"@type":"PropertyValueSpecification","valueRequired":true,"valueName":"search_term_string"}}],"inLanguage":"de"},{"@type":"Organization","@id":"https:\/\/sekundi.eu\/#organization","name":"Sekundi","url":"https:\/\/sekundi.eu\/","logo":{"@type":"ImageObject","inLanguage":"de","@id":"https:\/\/sekundi.eu\/#\/schema\/logo\/image\/","url":"https:\/\/sekundi.eu\/wp-content\/uploads\/2022\/12\/logo_sekundi.png","contentUrl":"https:\/\/sekundi.eu\/wp-content\/uploads\/2022\/12\/logo_sekundi.png","width":171,"height":46,"caption":"Sekundi"},"image":{"@id":"https:\/\/sekundi.eu\/#\/schema\/logo\/image\/"}}]}},"coauthors":[],"author_meta":{"author_link":"https:\/\/sekundi.eu\/de\/author\/sekimageundi\/","display_name":"Les Imageurs"},"relative_dates":{"created":"Ver\u00f6ffentlicht 3\u00a0Jahren vor","modified":"Aktualisiert 2\u00a0Jahren vor"},"absolute_dates":{"created":"Ver\u00f6ffentlicht am 26. Dezember 2022","modified":"Aktualisiert am 11. Januar 2024"},"absolute_dates_time":{"created":"Ver\u00f6ffentlicht am 26. Dezember 2022 10:01","modified":"Aktualisiert am 11. Januar 2024 15:02"},"featured_img_caption":"","featured_img":false,"series_order":"","_links":{"self":[{"href":"https:\/\/sekundi.eu\/de\/wp-json\/wp\/v2\/pages\/3111","targetHints":{"allow":["GET"]}}],"collection":[{"href":"https:\/\/sekundi.eu\/de\/wp-json\/wp\/v2\/pages"}],"about":[{"href":"https:\/\/sekundi.eu\/de\/wp-json\/wp\/v2\/types\/page"}],"author":[{"embeddable":true,"href":"https:\/\/sekundi.eu\/de\/wp-json\/wp\/v2\/users\/1"}],"replies":[{"embeddable":true,"href":"https:\/\/sekundi.eu\/de\/wp-json\/wp\/v2\/comments?post=3111"}],"version-history":[{"count":20,"href":"https:\/\/sekundi.eu\/de\/wp-json\/wp\/v2\/pages\/3111\/revisions"}],"predecessor-version":[{"id":8211,"href":"https:\/\/sekundi.eu\/de\/wp-json\/wp\/v2\/pages\/3111\/revisions\/8211"}],"wp:attachment":[{"href":"https:\/\/sekundi.eu\/de\/wp-json\/wp\/v2\/media?parent=3111"}],"curies":[{"name":"wp","href":"https:\/\/api.w.org\/{rel}","templated":true}]}}