{"id":3113,"date":"2022-12-26T09:59:57","date_gmt":"2022-12-26T08:59:57","guid":{"rendered":"https:\/\/sekundi.eu\/sekundi\/"},"modified":"2025-01-07T16:31:39","modified_gmt":"2025-01-07T15:31:39","slug":"sekundi","status":"publish","type":"page","link":"https:\/\/sekundi.eu\/de\/sekundi\/","title":{"rendered":"Sekundi : Forderungseinzug weltweit"},"content":{"rendered":"\n<div style=\"height:30px\" aria-hidden=\"true\" class=\"wp-block-spacer\"><\/div>\n\n\n\n<div style=\"height:30px\" aria-hidden=\"true\" class=\"wp-block-spacer\"><\/div>\n\n\n\n<div class=\"wp-block-columns is-layout-flex wp-container-core-columns-is-layout-9d6595d7 wp-block-columns-is-layout-flex\">\n<div class=\"wp-block-column animated fadeIn delay-100ms is-layout-flow wp-block-column-is-layout-flow\">\n<p class=\"has-marron-clair-color has-text-color has-small-font-size\"><strong>INTERNATIONALES INKASSO<\/strong><\/p>\n\n\n\n<h2 class=\"wp-block-heading marg0\" id=\"debt-collection-worldwide-69394841-8e5e-43bb-8c94-ebd49164984b\"><strong>Forderungseinzug weltweit<\/strong><\/h2>\n\n\n\n<p>Mit ihrer langj\u00e4hrigen Erfahrung garantieren unsere Experten vor Ort eine effiziente Eintreibung Ihrer Forderungen. Sekundi bietet sowohl die g\u00fctliche Eintreibung von Forderungen als auch die gerichtliche Eintreibung unstrittiger Forderungen an.<\/p>\n\n\n\n<p>Sekundi legt gro\u00dfen Wert darauf, Schuldner fair zu behandeln, auch wenn sie selbst der Zahlung von Rechnungen nicht nachgekommen sind, um die Gesch\u00e4ftsbeziehungen, die Sie mit Ihren Kunden pflegen, nicht zu gef\u00e4hrden.<\/p>\n\n\n\n<div style=\"height:30px\" aria-hidden=\"true\" class=\"wp-block-spacer\"><\/div>\n\n\n\n<div class=\"wp-block-advgb-button alignnone\"><a class=\"wp-block-advgb-button_link advgbbtn-c527b67f-5019-46e5-a44e-39326bb26383\" href=\"https:\/\/sekundi.eu\/contact\/\" target=\"_self\" rel=\"noopener noreferrer\"><span>Kontakt-uns<\/span><\/a><\/div>\n<\/div>\n\n\n\n<div class=\"wp-block-column animated fadeInUp delay-1s is-layout-flow wp-block-column-is-layout-flow\">\n<figure class=\"wp-block-embed is-type-video is-provider-youtube wp-block-embed-youtube wp-embed-aspect-4-3 wp-has-aspect-ratio\"><div class=\"wp-block-embed__wrapper\">\n<iframe loading=\"lazy\" title=\"Sekundi network\" width=\"500\" height=\"375\" src=\"https:\/\/www.youtube.com\/embed\/ZscblyRS6uQ?feature=oembed\" frameborder=\"0\" allow=\"accelerometer; autoplay; clipboard-write; encrypted-media; gyroscope; picture-in-picture; web-share\" referrerpolicy=\"strict-origin-when-cross-origin\" allowfullscreen><\/iframe>\n<\/div><\/figure>\n<\/div>\n<\/div>\n\n\n\n<div style=\"height:50px\" aria-hidden=\"true\" class=\"wp-block-spacer\"><\/div>\n\n\n\n<div class=\"wp-block-columns is-layout-flex wp-container-core-columns-is-layout-9d6595d7 wp-block-columns-is-layout-flex\">\n<div class=\"wp-block-column animated fadeIn delay-200ms is-layout-flow wp-block-column-is-layout-flow\">\n<figure class=\"wp-block-image size-full\"><img loading=\"lazy\" decoding=\"async\" width=\"600\" height=\"400\" src=\"https:\/\/sekundi.eu\/wp-content\/uploads\/2023\/02\/pourquoi-les-services-ssp-collect-min.jpeg\" alt=\"\" class=\"wp-image-1843\" srcset=\"https:\/\/sekundi.eu\/wp-content\/uploads\/2023\/02\/pourquoi-les-services-ssp-collect-min.jpeg 600w, https:\/\/sekundi.eu\/wp-content\/uploads\/2023\/02\/pourquoi-les-services-ssp-collect-min-300x200.jpeg 300w\" sizes=\"auto, (max-width: 600px) 100vw, 600px\" \/><\/figure>\n<\/div>\n\n\n\n<div class=\"wp-block-column animated fadeIn delay-200ms is-layout-flow wp-block-column-is-layout-flow\">\n<h3 class=\"wp-block-heading marg0\">B2B-Inkasso von unbezahlten Rechnungen<\/h3>\n\n\n\n<p><strong>F\u00fcr offene Forderungen, die unter Business-to-Business fallen,<\/strong><\/p>\n\n\n\n<p>Dabei sind zwei wesentliche Punkte zu beachten: ein schnelles, unmittelbares Vorgehen und die Ber\u00fccksichtigung der spezifischen Anforderungen Ihres Unternehmens.<\/p>\n\n\n\n<p>Obwohl wir uns auf die Eintreibung Ihrer Forderungen konzentrieren, geben wir niemals unsere Grunds\u00e4tze des Respekts und der Ethik auf, so dass Sie Ihre Gesch\u00e4ftsbeziehung mit dem Schuldner fortsetzen k\u00f6nnen. Aus diesem Grund beauftragen uns viele Unternehmen, unabh\u00e4ngig von ihrer Gr\u00f6\u00dfe, mit der Verwaltung ihres kommerziellen Forderungsmanagements und dem Einzug ihrer unbezahlten Rechnungen.<\/p>\n\n\n\n<div class=\"wp-block-advgb-accordions advgb-accordions-e230236e-eece-462d-b451-b7304e728dfe advgb-accordion-wrapper\" data-collapsed=\"true\">\n<div class=\"wp-block-advgb-accordion-item advgb-accordion-item\" style=\"margin-bottom:15px\"><div class=\"advgb-accordion-header\" style=\"background-color:#000;color:#eee;border-style:solid;border-width:1px;border-radius:2px\"><span class=\"advgb-accordion-header-icon\"><svg fill=\"#fff\" xmlns=\"http:\/\/www.w3.org\/2000\/svg\" width=\"24\" height=\"24\" viewBox=\"0 0 24 24\"><path fill=\"none\" d=\"M0,0h24v24H0V0z\"><\/path><path d=\"M12,5.83L15.17,9l1.41-1.41L12,3L7.41,7.59L8.83,9L12,5.83z M12,18.17L8.83,15l-1.41,1.41L12,21l4.59-4.59L15.17,15 L12,18.17z\"><\/path><\/svg><\/span><h4 class=\"advgb-accordion-header-title\" style=\"color:inherit\">Header text<\/h4><\/div><div class=\"advgb-accordion-body\" style=\"border-style:solid !important;border-width:1px !important;border-color:undefined !important;border-top:none !important;border-radius:2px !important\"><\/div><\/div>\n<\/div>\n<\/div>\n<\/div>\n\n\n\n<div style=\"height:75px\" aria-hidden=\"true\" class=\"wp-block-spacer\"><\/div>\n\n\n\n<div class=\"wp-block-columns is-layout-flex wp-container-core-columns-is-layout-9d6595d7 wp-block-columns-is-layout-flex\">\n<div class=\"wp-block-column is-layout-flow wp-block-column-is-layout-flow\">\n<h3 class=\"wp-block-heading marg0\">B2C-Inkasso<\/h3>\n\n\n\n<p><strong>Sinkende Kaufkraft und eine zunehmende Zahl schlechter Zahler sind zwei der bestimmenden Ph\u00e4nomene unserer Zeit.<\/strong><\/p>\n\n\n\n<p>Im B2C-Bereich m\u00fcssen sich die Unternehmen daher mit immer sp\u00e4teren Zahlungen, mit immer h\u00f6heren Kundenverbindlichkeiten und mit immer gravierenderen Zahlungsausf\u00e4llen auseinandersetzen. In Zeiten schwieriger wirtschaftlicher Rahmenbedingungen und eines immer sch\u00e4rfer werdenden Wettbewerbs ist es im Forderungsmanagement von entscheidender Bedeutung, dass Inkassoprozesse schnell und effizient ablaufen und die Informationen \u00fcber die Zahlungsf\u00e4higkeit des Kunden aktuell sind.<\/p>\n\n\n\n<p>Um Kundenforderungen erfolgreich zu verwalten, m\u00fcssen zwei Faktoren zusammenkommen: wirksame Instrumente und Menschen, die sie professionell und geschickt einzusetzen wissen.<\/p>\n\n\n\n<p>Unsere Spezialisierung garantiert ein schnelles Inkasso und senkt somit die offene Forderungen. Dies gilt umso mehr, wenn die offene Forderungen schnell und ohne Verz\u00f6gerung gemeldet werden.<\/p>\n\n\n\n<p>Von der Adressermittlung \u00fcber die Online-Recherche zur Zahlungsf\u00e4higkeit und die kaufm\u00e4nnische Aufkl\u00e4rung bis hin zum g\u00fctlichen und streitigen Inkasso: Wir bieten Ihnen die Informationen und Dienstleistungen, die Sie ben\u00f6tigen, um Ihre Gesamtleistung zu steigern und Zahlungsausf\u00e4lle zu vermeiden. Wir sind Ihr kompetenter Ansprechpartner, wenn es um Inkassol\u00f6sungen und Bonit\u00e4tsbeurteilungen im B2C-Bereich geht.<\/p>\n\n\n\n<div class=\"wp-block-advgb-accordions advgb-accordions-94027817-dbd4-464c-be74-259fcae5ee3d advgb-accordion-wrapper\" data-collapsed=\"true\">\n<div class=\"wp-block-advgb-accordion-item advgb-accordion-item\" style=\"margin-bottom:15px\"><div class=\"advgb-accordion-header\" style=\"background-color:#000;color:#eee;border-style:solid;border-width:1px;border-radius:2px\"><span class=\"advgb-accordion-header-icon\"><svg fill=\"#fff\" xmlns=\"http:\/\/www.w3.org\/2000\/svg\" width=\"24\" height=\"24\" viewBox=\"0 0 24 24\"><path fill=\"none\" d=\"M0,0h24v24H0V0z\"><\/path><path d=\"M12,5.83L15.17,9l1.41-1.41L12,3L7.41,7.59L8.83,9L12,5.83z M12,18.17L8.83,15l-1.41,1.41L12,21l4.59-4.59L15.17,15 L12,18.17z\"><\/path><\/svg><\/span><h4 class=\"advgb-accordion-header-title\" style=\"color:inherit\">Header text<\/h4><\/div><div class=\"advgb-accordion-body\" style=\"border-style:solid !important;border-width:1px !important;border-color:undefined !important;border-top:none !important;border-radius:2px !important\"><\/div><\/div>\n<\/div>\n<\/div>\n\n\n\n<div class=\"wp-block-column is-layout-flow wp-block-column-is-layout-flow\">\n<figure class=\"wp-block-image size-full\"><img loading=\"lazy\" decoding=\"async\" width=\"600\" height=\"399\" src=\"https:\/\/sekundi.eu\/wp-content\/uploads\/2023\/02\/chequeasy-1-min.jpeg\" alt=\"\" class=\"wp-image-1849\" srcset=\"https:\/\/sekundi.eu\/wp-content\/uploads\/2023\/02\/chequeasy-1-min.jpeg 600w, https:\/\/sekundi.eu\/wp-content\/uploads\/2023\/02\/chequeasy-1-min-300x200.jpeg 300w\" sizes=\"auto, (max-width: 600px) 100vw, 600px\" \/><\/figure>\n\n\n\n<figure class=\"wp-block-image size-full\"><img loading=\"lazy\" decoding=\"async\" width=\"602\" height=\"400\" src=\"https:\/\/sekundi.eu\/wp-content\/uploads\/2023\/02\/Soft-collect-entete.jpeg\" alt=\"\" class=\"wp-image-1832\" srcset=\"https:\/\/sekundi.eu\/wp-content\/uploads\/2023\/02\/Soft-collect-entete.jpeg 602w, https:\/\/sekundi.eu\/wp-content\/uploads\/2023\/02\/Soft-collect-entete-300x199.jpeg 300w\" sizes=\"auto, (max-width: 602px) 100vw, 602px\" \/><\/figure>\n<\/div>\n<\/div>\n\n\n\n<div style=\"height:50px\" aria-hidden=\"true\" class=\"wp-block-spacer\"><\/div>\n\n\n\n<div class=\"wp-block-group alignwide has-marron-background-color has-background\"><div class=\"wp-block-group__inner-container is-layout-constrained wp-block-group-is-layout-constrained\">\n<div style=\"height:30px\" aria-hidden=\"true\" class=\"wp-block-spacer\"><\/div>\n\n\n\n<div class=\"wp-block-columns are-vertically-aligned-center is-layout-flex wp-container-core-columns-is-layout-9d6595d7 wp-block-columns-is-layout-flex\">\n<div class=\"wp-block-column is-vertically-aligned-center is-layout-flow wp-block-column-is-layout-flow\" style=\"flex-basis:66.66%\">\n<p class=\"has-blanc-color has-text-color has-xxlarge-font-size\"><strong>Bestehen offene Forderungen<\/strong> <strong>in einem anderen Land und haben Sie Probleme, diese bezahlt zu bekommen?<\/strong><\/p>\n<\/div>\n\n\n\n<div class=\"wp-block-column is-vertically-aligned-center is-layout-flow wp-block-column-is-layout-flow\" style=\"flex-basis:33.33%\">\n<div class=\"wp-block-advgb-button aligncenter advgb-dyn-7a115c0d\"><a class=\"wp-block-advgb-button_link advgbbtn-cf4b924b-2b4d-4edc-bce9-c10c4dea7048\" href=\"https:\/\/sekundi.eu\/de\/senden-sie-ihre-forderungen\/\" target=\"_self\" rel=\"noopener noreferrer\"><span><span>Ihre Forderung einreichen<\/span><\/span><\/a><\/div>\n<\/div>\n<\/div>\n\n\n\n<div style=\"height:30px\" aria-hidden=\"true\" class=\"wp-block-spacer\"><\/div>\n<\/div><\/div>\n\n\n\n<div class=\"wp-block-group alignwide network\"><div class=\"wp-block-group__inner-container is-layout-constrained wp-block-group-is-layout-constrained\">\n<div style=\"height:50px\" aria-hidden=\"true\" class=\"wp-block-spacer\"><\/div>\n\n\n\n<p class=\"has-text-align-center marg0 has-marron-clair-color has-text-color has-small-font-size\"><strong>UNSER NETZWERK<\/strong><\/p>\n\n\n\n<h2 class=\"has-text-align-center marg0 wp-block-heading\">Connected countries<\/h2>\n\n\n\n<div style=\"height:30px\" aria-hidden=\"true\" class=\"wp-block-spacer\"><\/div>\n\n\n<ul class='country-sitemap'><li><a href='https:\/\/sekundi.eu\/de\/suedamerika\/'>Forderungseinzug in S\u00fcdamerika<\/a><ul><li><a href='https:\/\/sekundi.eu\/de\/suedamerika\/forderungseinzug-in-chile\/'><i class='fa-solid fa-map-pin'><\/i>Forderungseinzug in Chile<\/a><\/li><li><a href='https:\/\/sekundi.eu\/de\/suedamerika\/forderungseinzug-in-peru\/'><i class='fa-solid fa-map-pin'><\/i>Forderungseinzug in Peru<\/a><\/li><\/li><\/ul><\/li><\/ul>\n\n\n\n<div style=\"height:50px\" aria-hidden=\"true\" class=\"wp-block-spacer\"><\/div>\n<\/div><\/div>\n<style class=\"advgb-styles-renderer\">.advgbbtn-c527b67f-5019-46e5-a44e-39326bb26383{font-size:18px;color:#2f2f2f !important;background-color:#fff !important;margin:0px 0px 0px 0px !important;padding:10px 30px 10px 30px;border-width:3px !important;border-color:#dde3e9 !important;border-style:solid !important;border-radius:50px !important;}.advgbbtn-c527b67f-5019-46e5-a44e-39326bb26383:hover{background-color:#dde3e9 !important;box-shadow:0px 0px 0px 0px #ccc;opacity:1;transition:all 0.2s ease;}.advgbbtn-c527b67f-5019-46e5-a44e-39326bb26383 > i {display: none !important;}.advgbbtn-cf4b924b-2b4d-4edc-bce9-c10c4dea7048{font-size:18px;color:#fff !important;background-color:#7f634b !important;margin:0px 0px 0px 0px !important;padding:10px 30px 10px 30px;border-width:1px !important;border-color:#fff !important;border-style:solid !important;border-radius:50px !important;}.advgbbtn-cf4b924b-2b4d-4edc-bce9-c10c4dea7048:hover{color:#7f634b !important;background-color:#fff !important;box-shadow:0px 0px 0px 0px #ccc;opacity:1;transition:all 0s ease;}.advgbbtn-cf4b924b-2b4d-4edc-bce9-c10c4dea7048 > i {display: none !important;}.advgbbtn-cf4b924b-2b4d-4edc-bce9-c10c4dea7048{font-size:18px;color:#fff !important;background-color:#7f634b !important;margin:0px 0px 0px 0px !important;padding:10px 30px 10px 30px;border-width:1px !important;border-color:#fff !important;border-style:solid !important;border-radius:50px !important;}.advgbbtn-cf4b924b-2b4d-4edc-bce9-c10c4dea7048:hover{color:#7f634b !important;background-color:#fff !important;box-shadow:0px 0px 0px 0px #ccc;opacity:1;transition:all 0s ease;}.advgbbtn-cf4b924b-2b4d-4edc-bce9-c10c4dea7048 > i {display: none !important;}.advgbbtn-cf4b924b-2b4d-4edc-bce9-c10c4dea7048{font-size:18px;color:#fff !important;background-color:#7f634b !important;margin:0px 0px 0px 0px !important;padding:10px 30px 10px 30px;border-width:1px !important;border-color:#fff !important;border-style:solid !important;border-radius:50px !important;}.advgbbtn-cf4b924b-2b4d-4edc-bce9-c10c4dea7048:hover{color:#7f634b !important;background-color:#fff !important;box-shadow:0px 0px 0px 0px #ccc;opacity:1;transition:all 0s ease;}.advgbbtn-cf4b924b-2b4d-4edc-bce9-c10c4dea7048 > i {display: none !important;}.advgbbtn-cf4b924b-2b4d-4edc-bce9-c10c4dea7048{font-size:18px;color:#fff !important;background-color:#7f634b !important;margin:0px 0px 0px 0px !important;padding:10px 30px 10px 30px;border-width:1px !important;border-color:#fff !important;border-style:solid !important;border-radius:50px !important;}.advgbbtn-cf4b924b-2b4d-4edc-bce9-c10c4dea7048:hover{color:#7f634b !important;background-color:#fff !important;box-shadow:0px 0px 0px 0px #ccc;opacity:1;transition:all 0s ease;}.advgbbtn-cf4b924b-2b4d-4edc-bce9-c10c4dea7048 > i {display: none !important;}<\/style>","protected":false},"excerpt":{"rendered":"<p>INTERNATIONALES INKASSO Forderungseinzug weltweit Mit ihrer langj\u00e4hrigen Erfahrung garantieren unsere Experten vor Ort eine effiziente Eintreibung Ihrer Forderungen. Sekundi bietet sowohl die g\u00fctliche Eintreibung von Forderungen als auch die gerichtliche Eintreibung unstrittiger Forderungen an. Sekundi legt gro\u00dfen Wert darauf, Schuldner fair zu behandeln, auch wenn sie selbst der Zahlung von Rechnungen nicht nachgekommen sind, um [&hellip;]<\/p>\n","protected":false},"author":1,"featured_media":0,"parent":0,"menu_order":87,"comment_status":"closed","ping_status":"closed","template":"","meta":{"advgb_blocks_editor_width":"","advgb_blocks_columns_visual_guide":"","footnotes":""},"class_list":["post-3113","page","type-page","status-publish","hentry"],"yoast_head":"<!-- This site is optimized with the Yoast SEO plugin v27.5 - https:\/\/yoast.com\/product\/yoast-seo-wordpress\/ -->\n<title>SEKUNDI - Internationales Inkassonetzwerk<\/title>\n<meta name=\"description\" content=\"Mit ihrer langj\u00e4hrigen Erfahrung garantieren unsere Experten vor Ort eine effiziente Eintreibung Ihrer Forderungen.\" \/>\n<meta name=\"robots\" content=\"index, follow, max-snippet:-1, max-image-preview:large, max-video-preview:-1\" \/>\n<link rel=\"canonical\" href=\"https:\/\/sekundi.eu\/de\/sekundi\/\" \/>\n<meta property=\"og:locale\" content=\"de_DE\" \/>\n<meta property=\"og:type\" content=\"article\" \/>\n<meta property=\"og:title\" content=\"SEKUNDI - Internationales Inkassonetzwerk\" \/>\n<meta property=\"og:description\" content=\"Mit ihrer langj\u00e4hrigen Erfahrung garantieren unsere Experten vor Ort eine effiziente Eintreibung Ihrer Forderungen.\" \/>\n<meta property=\"og:url\" content=\"https:\/\/sekundi.eu\/de\/sekundi\/\" \/>\n<meta property=\"og:site_name\" content=\"SEKUNDI\" \/>\n<meta property=\"article:modified_time\" content=\"2025-01-07T15:31:39+00:00\" \/>\n<meta property=\"og:image\" content=\"https:\/\/sekundi.eu\/wp-content\/uploads\/2023\/02\/pourquoi-les-services-ssp-collect-min.jpeg\" \/>\n\t<meta property=\"og:image:width\" content=\"600\" \/>\n\t<meta property=\"og:image:height\" content=\"400\" \/>\n\t<meta property=\"og:image:type\" content=\"image\/jpeg\" \/>\n<meta name=\"twitter:card\" content=\"summary_large_image\" \/>\n<meta name=\"twitter:label1\" content=\"Gesch\u00e4tzte Lesezeit\" \/>\n\t<meta name=\"twitter:data1\" content=\"5\u00a0Minuten\" \/>\n<script type=\"application\/ld+json\" class=\"yoast-schema-graph\">{\"@context\":\"https:\\\/\\\/schema.org\",\"@graph\":[{\"@type\":\"WebPage\",\"@id\":\"https:\\\/\\\/sekundi.eu\\\/de\\\/sekundi\\\/\",\"url\":\"https:\\\/\\\/sekundi.eu\\\/de\\\/sekundi\\\/\",\"name\":\"SEKUNDI - Internationales Inkassonetzwerk\",\"isPartOf\":{\"@id\":\"https:\\\/\\\/sekundi.eu\\\/#website\"},\"primaryImageOfPage\":{\"@id\":\"https:\\\/\\\/sekundi.eu\\\/de\\\/sekundi\\\/#primaryimage\"},\"image\":{\"@id\":\"https:\\\/\\\/sekundi.eu\\\/de\\\/sekundi\\\/#primaryimage\"},\"thumbnailUrl\":\"https:\\\/\\\/sekundi.eu\\\/wp-content\\\/uploads\\\/2023\\\/02\\\/pourquoi-les-services-ssp-collect-min.jpeg\",\"datePublished\":\"2022-12-26T08:59:57+00:00\",\"dateModified\":\"2025-01-07T15:31:39+00:00\",\"description\":\"Mit ihrer langj\u00e4hrigen Erfahrung garantieren unsere Experten vor Ort eine effiziente Eintreibung Ihrer Forderungen.\",\"breadcrumb\":{\"@id\":\"https:\\\/\\\/sekundi.eu\\\/de\\\/sekundi\\\/#breadcrumb\"},\"inLanguage\":\"de\",\"potentialAction\":[{\"@type\":\"ReadAction\",\"target\":[\"https:\\\/\\\/sekundi.eu\\\/de\\\/sekundi\\\/\"]}]},{\"@type\":\"ImageObject\",\"inLanguage\":\"de\",\"@id\":\"https:\\\/\\\/sekundi.eu\\\/de\\\/sekundi\\\/#primaryimage\",\"url\":\"https:\\\/\\\/sekundi.eu\\\/wp-content\\\/uploads\\\/2023\\\/02\\\/pourquoi-les-services-ssp-collect-min.jpeg\",\"contentUrl\":\"https:\\\/\\\/sekundi.eu\\\/wp-content\\\/uploads\\\/2023\\\/02\\\/pourquoi-les-services-ssp-collect-min.jpeg\"},{\"@type\":\"BreadcrumbList\",\"@id\":\"https:\\\/\\\/sekundi.eu\\\/de\\\/sekundi\\\/#breadcrumb\",\"itemListElement\":[{\"@type\":\"ListItem\",\"position\":1,\"name\":\"Accueil\",\"item\":\"https:\\\/\\\/sekundi.eu\\\/de\\\/\"},{\"@type\":\"ListItem\",\"position\":2,\"name\":\"Sekundi : Forderungseinzug weltweit\"}]},{\"@type\":\"WebSite\",\"@id\":\"https:\\\/\\\/sekundi.eu\\\/#website\",\"url\":\"https:\\\/\\\/sekundi.eu\\\/\",\"name\":\"SEKUNDI\",\"description\":\"\",\"publisher\":{\"@id\":\"https:\\\/\\\/sekundi.eu\\\/#organization\"},\"potentialAction\":[{\"@type\":\"SearchAction\",\"target\":{\"@type\":\"EntryPoint\",\"urlTemplate\":\"https:\\\/\\\/sekundi.eu\\\/?s={search_term_string}\"},\"query-input\":{\"@type\":\"PropertyValueSpecification\",\"valueRequired\":true,\"valueName\":\"search_term_string\"}}],\"inLanguage\":\"de\"},{\"@type\":\"Organization\",\"@id\":\"https:\\\/\\\/sekundi.eu\\\/#organization\",\"name\":\"Sekundi\",\"url\":\"https:\\\/\\\/sekundi.eu\\\/\",\"logo\":{\"@type\":\"ImageObject\",\"inLanguage\":\"de\",\"@id\":\"https:\\\/\\\/sekundi.eu\\\/#\\\/schema\\\/logo\\\/image\\\/\",\"url\":\"https:\\\/\\\/sekundi.eu\\\/wp-content\\\/uploads\\\/2022\\\/12\\\/logo_sekundi.png\",\"contentUrl\":\"https:\\\/\\\/sekundi.eu\\\/wp-content\\\/uploads\\\/2022\\\/12\\\/logo_sekundi.png\",\"width\":171,\"height\":46,\"caption\":\"Sekundi\"},\"image\":{\"@id\":\"https:\\\/\\\/sekundi.eu\\\/#\\\/schema\\\/logo\\\/image\\\/\"}}]}<\/script>\n<!-- \/ Yoast SEO plugin. -->","yoast_head_json":{"title":"SEKUNDI - Internationales Inkassonetzwerk","description":"Mit ihrer langj\u00e4hrigen Erfahrung garantieren unsere Experten vor Ort eine effiziente Eintreibung Ihrer Forderungen.","robots":{"index":"index","follow":"follow","max-snippet":"max-snippet:-1","max-image-preview":"max-image-preview:large","max-video-preview":"max-video-preview:-1"},"canonical":"https:\/\/sekundi.eu\/de\/sekundi\/","og_locale":"de_DE","og_type":"article","og_title":"SEKUNDI - Internationales Inkassonetzwerk","og_description":"Mit ihrer langj\u00e4hrigen Erfahrung garantieren unsere Experten vor Ort eine effiziente Eintreibung Ihrer Forderungen.","og_url":"https:\/\/sekundi.eu\/de\/sekundi\/","og_site_name":"SEKUNDI","article_modified_time":"2025-01-07T15:31:39+00:00","og_image":[{"width":600,"height":400,"url":"https:\/\/sekundi.eu\/wp-content\/uploads\/2023\/02\/pourquoi-les-services-ssp-collect-min.jpeg","type":"image\/jpeg"}],"twitter_card":"summary_large_image","twitter_misc":{"Gesch\u00e4tzte Lesezeit":"5\u00a0Minuten"},"schema":{"@context":"https:\/\/schema.org","@graph":[{"@type":"WebPage","@id":"https:\/\/sekundi.eu\/de\/sekundi\/","url":"https:\/\/sekundi.eu\/de\/sekundi\/","name":"SEKUNDI - Internationales Inkassonetzwerk","isPartOf":{"@id":"https:\/\/sekundi.eu\/#website"},"primaryImageOfPage":{"@id":"https:\/\/sekundi.eu\/de\/sekundi\/#primaryimage"},"image":{"@id":"https:\/\/sekundi.eu\/de\/sekundi\/#primaryimage"},"thumbnailUrl":"https:\/\/sekundi.eu\/wp-content\/uploads\/2023\/02\/pourquoi-les-services-ssp-collect-min.jpeg","datePublished":"2022-12-26T08:59:57+00:00","dateModified":"2025-01-07T15:31:39+00:00","description":"Mit ihrer langj\u00e4hrigen Erfahrung garantieren unsere Experten vor Ort eine effiziente Eintreibung Ihrer Forderungen.","breadcrumb":{"@id":"https:\/\/sekundi.eu\/de\/sekundi\/#breadcrumb"},"inLanguage":"de","potentialAction":[{"@type":"ReadAction","target":["https:\/\/sekundi.eu\/de\/sekundi\/"]}]},{"@type":"ImageObject","inLanguage":"de","@id":"https:\/\/sekundi.eu\/de\/sekundi\/#primaryimage","url":"https:\/\/sekundi.eu\/wp-content\/uploads\/2023\/02\/pourquoi-les-services-ssp-collect-min.jpeg","contentUrl":"https:\/\/sekundi.eu\/wp-content\/uploads\/2023\/02\/pourquoi-les-services-ssp-collect-min.jpeg"},{"@type":"BreadcrumbList","@id":"https:\/\/sekundi.eu\/de\/sekundi\/#breadcrumb","itemListElement":[{"@type":"ListItem","position":1,"name":"Accueil","item":"https:\/\/sekundi.eu\/de\/"},{"@type":"ListItem","position":2,"name":"Sekundi : Forderungseinzug weltweit"}]},{"@type":"WebSite","@id":"https:\/\/sekundi.eu\/#website","url":"https:\/\/sekundi.eu\/","name":"SEKUNDI","description":"","publisher":{"@id":"https:\/\/sekundi.eu\/#organization"},"potentialAction":[{"@type":"SearchAction","target":{"@type":"EntryPoint","urlTemplate":"https:\/\/sekundi.eu\/?s={search_term_string}"},"query-input":{"@type":"PropertyValueSpecification","valueRequired":true,"valueName":"search_term_string"}}],"inLanguage":"de"},{"@type":"Organization","@id":"https:\/\/sekundi.eu\/#organization","name":"Sekundi","url":"https:\/\/sekundi.eu\/","logo":{"@type":"ImageObject","inLanguage":"de","@id":"https:\/\/sekundi.eu\/#\/schema\/logo\/image\/","url":"https:\/\/sekundi.eu\/wp-content\/uploads\/2022\/12\/logo_sekundi.png","contentUrl":"https:\/\/sekundi.eu\/wp-content\/uploads\/2022\/12\/logo_sekundi.png","width":171,"height":46,"caption":"Sekundi"},"image":{"@id":"https:\/\/sekundi.eu\/#\/schema\/logo\/image\/"}}]}},"coauthors":[],"author_meta":{"author_link":"https:\/\/sekundi.eu\/de\/author\/sekimageundi\/","display_name":"Les Imageurs"},"relative_dates":{"created":"Ver\u00f6ffentlicht 3\u00a0Jahren vor","modified":"Aktualisiert 1\u00a0Jahr vor"},"absolute_dates":{"created":"Ver\u00f6ffentlicht am 26. Dezember 2022","modified":"Aktualisiert am 7. Januar 2025"},"absolute_dates_time":{"created":"Ver\u00f6ffentlicht am 26. Dezember 2022 9:59","modified":"Aktualisiert am 7. Januar 2025 16:31"},"featured_img_caption":"","featured_img":false,"series_order":"","_links":{"self":[{"href":"https:\/\/sekundi.eu\/de\/wp-json\/wp\/v2\/pages\/3113","targetHints":{"allow":["GET"]}}],"collection":[{"href":"https:\/\/sekundi.eu\/de\/wp-json\/wp\/v2\/pages"}],"about":[{"href":"https:\/\/sekundi.eu\/de\/wp-json\/wp\/v2\/types\/page"}],"author":[{"embeddable":true,"href":"https:\/\/sekundi.eu\/de\/wp-json\/wp\/v2\/users\/1"}],"replies":[{"embeddable":true,"href":"https:\/\/sekundi.eu\/de\/wp-json\/wp\/v2\/comments?post=3113"}],"version-history":[{"count":15,"href":"https:\/\/sekundi.eu\/de\/wp-json\/wp\/v2\/pages\/3113\/revisions"}],"predecessor-version":[{"id":8344,"href":"https:\/\/sekundi.eu\/de\/wp-json\/wp\/v2\/pages\/3113\/revisions\/8344"}],"wp:attachment":[{"href":"https:\/\/sekundi.eu\/de\/wp-json\/wp\/v2\/media?parent=3113"}],"curies":[{"name":"wp","href":"https:\/\/api.w.org\/{rel}","templated":true}]}}