{"id":3556,"date":"2023-01-03T12:39:21","date_gmt":"2023-01-03T11:39:21","guid":{"rendered":"https:\/\/sekundi.eu\/forderungseinzug-in-suedamerika\/"},"modified":"2023-02-14T12:57:15","modified_gmt":"2023-02-14T11:57:15","slug":"suedamerika","status":"publish","type":"page","link":"https:\/\/sekundi.eu\/de\/suedamerika\/","title":{"rendered":"Forderungseinzug in S\u00fcdamerika"},"content":{"rendered":"\n<figure class=\"wp-block-image alignfull size-full\"><img loading=\"lazy\" decoding=\"async\" width=\"1920\" height=\"300\" src=\"https:\/\/sekundi.eu\/wp-content\/uploads\/2023\/02\/joshua-rawson-harris-k3fmuSvQi2A-unsplash.jpg\" alt=\"\" class=\"wp-image-2630\" srcset=\"https:\/\/sekundi.eu\/wp-content\/uploads\/2023\/02\/joshua-rawson-harris-k3fmuSvQi2A-unsplash.jpg 1920w, https:\/\/sekundi.eu\/wp-content\/uploads\/2023\/02\/joshua-rawson-harris-k3fmuSvQi2A-unsplash-300x47.jpg 300w, https:\/\/sekundi.eu\/wp-content\/uploads\/2023\/02\/joshua-rawson-harris-k3fmuSvQi2A-unsplash-1024x160.jpg 1024w, https:\/\/sekundi.eu\/wp-content\/uploads\/2023\/02\/joshua-rawson-harris-k3fmuSvQi2A-unsplash-768x120.jpg 768w, https:\/\/sekundi.eu\/wp-content\/uploads\/2023\/02\/joshua-rawson-harris-k3fmuSvQi2A-unsplash-1536x240.jpg 1536w\" sizes=\"auto, (max-width: 1920px) 100vw, 1920px\" \/><\/figure>\n\n<div class=\"wp-block-columns margt-100 is-layout-flex wp-container-core-columns-is-layout-9d6595d7 wp-block-columns-is-layout-flex\">\n<div class=\"wp-block-column is-layout-flow wp-block-column-is-layout-flow\">\n<div class=\"wp-block-group animated fadeInDown delay-100ms has-noir-color has-blanc-background-color has-text-color has-background\"><div class=\"wp-block-group__inner-container is-layout-constrained wp-block-group-is-layout-constrained\"><div class=\"wp-block-image\">\n<figure class=\"aligncenter size-full\"><img loading=\"lazy\" decoding=\"async\" width=\"66\" height=\"60\" src=\"https:\/\/sekundi.eu\/wp-content\/uploads\/2022\/12\/icon.png\" alt=\"\" class=\"wp-image-31\"\/><\/figure>\n<\/div>\n\n\n<p class=\"has-large-font-size\"><strong>Senden Sie<\/strong> <strong>Ihre Anspr\u00fcche<\/strong><\/p>\n\n\n\n<p>W\u00e4hlen Sie das Land, in dem Sie offene Forderungen haben, senden Sie Ihre Anspr\u00fcche, und lassen Sie uns alles erledigen!<\/p>\n<\/div><\/div>\n<\/div>\n\n\n\n<div class=\"wp-block-column is-layout-flow wp-block-column-is-layout-flow\">\n<div class=\"wp-block-group animated fadeInDown delay-300ms has-noir-color has-blanc-background-color has-text-color has-background\"><div class=\"wp-block-group__inner-container is-layout-constrained wp-block-group-is-layout-constrained\"><div class=\"wp-block-image\">\n<figure class=\"aligncenter size-full is-resized\"><img loading=\"lazy\" decoding=\"async\" src=\"https:\/\/sekundi.eu\/wp-content\/uploads\/2023\/01\/diagramme-a-bandes.png\" alt=\"\" class=\"wp-image-481\" width=\"60\" height=\"60\" srcset=\"https:\/\/sekundi.eu\/wp-content\/uploads\/2023\/01\/diagramme-a-bandes.png 512w, https:\/\/sekundi.eu\/wp-content\/uploads\/2023\/01\/diagramme-a-bandes-300x300.png 300w, https:\/\/sekundi.eu\/wp-content\/uploads\/2023\/01\/diagramme-a-bandes-150x150.png 150w\" sizes=\"auto, (max-width: 60px) 100vw, 60px\" \/><\/figure>\n<\/div>\n\n\n<p class=\"has-large-font-size\"><strong>Informieren Sie sich<\/strong><\/p>\n\n\n\n<p>Wir halten Sie \u00fcber das Intranet rund um die Uhr \u00fcber die Entwicklung Ihrer Konten auf dem Laufenden und stellen Ihnen Berichte \u00fcber den Fortschritt des Inkassos in der Sprache Ihrer Wahl zur Verf\u00fcgung.<\/p>\n<\/div><\/div>\n<\/div>\n\n\n\n<div class=\"wp-block-column is-layout-flow wp-block-column-is-layout-flow\">\n<div class=\"wp-block-group animated fadeInDown delay-500ms has-noir-color has-blanc-background-color has-text-color has-background\"><div class=\"wp-block-group__inner-container is-layout-constrained wp-block-group-is-layout-constrained\"><div class=\"wp-block-image\">\n<figure class=\"aligncenter size-full is-resized\"><img loading=\"lazy\" decoding=\"async\" src=\"https:\/\/sekundi.eu\/wp-content\/uploads\/2023\/01\/paid.png\" alt=\"\" class=\"wp-image-477\" width=\"60\" height=\"60\" srcset=\"https:\/\/sekundi.eu\/wp-content\/uploads\/2023\/01\/paid.png 512w, https:\/\/sekundi.eu\/wp-content\/uploads\/2023\/01\/paid-300x300.png 300w, https:\/\/sekundi.eu\/wp-content\/uploads\/2023\/01\/paid-150x150.png 150w\" sizes=\"auto, (max-width: 60px) 100vw, 60px\" \/><\/figure>\n<\/div>\n\n\n<p class=\"has-large-font-size\"><strong>Wiederherstellungskosten<\/strong><\/p>\n\n\n\n<p>Eine einheitliche Preispolitik in ganz Europa ist nicht so \u00fcblich. Und Sie gewinnen Zeit, die Sie anderweitig nutzen k\u00f6nnen.<\/p>\n<\/div><\/div>\n<\/div>\n<\/div>\n\n<div style=\"height:100px\" aria-hidden=\"true\" class=\"wp-block-spacer\"><\/div>\n\n<div class=\"wp-block-group alignwide has-background\" style=\"background-color:#b3a39630\"><div class=\"wp-block-group__inner-container is-layout-constrained wp-block-group-is-layout-constrained\">\n<div style=\"height:50px\" aria-hidden=\"true\" class=\"wp-block-spacer\"><\/div>\n\n\n\n<p class=\"has-text-align-center marg0 has-small-font-size\">UNSER NETZWERK<\/p>\n\n\n\n<h2 class=\"has-text-align-center marg0 wp-block-heading\">Geben Sie ein Land an<\/h2>\n\n\n\n<div style=\"height:30px\" aria-hidden=\"true\" class=\"wp-block-spacer\"><\/div>\n\n\n<ul class='country-specification'><li><a href='https:\/\/sekundi.eu\/de\/suedamerika\/forderungseinzug-in-chile\/'><i class='fa-solid fa-map-pin'><\/i>Forderungseinzug in Chile<\/a><\/li><li><a href='https:\/\/sekundi.eu\/de\/suedamerika\/forderungseinzug-in-peru\/'><i class='fa-solid fa-map-pin'><\/i>Forderungseinzug in Peru<\/a><\/li><\/li><\/ul>\n\n\n\n<div style=\"height:50px\" aria-hidden=\"true\" class=\"wp-block-spacer\"><\/div>\n<\/div><\/div>\n\n<div style=\"height:30px\" aria-hidden=\"true\" class=\"wp-block-spacer\"><\/div>\n\n<div class=\"wp-block-columns is-layout-flex wp-container-core-columns-is-layout-9d6595d7 wp-block-columns-is-layout-flex\">\n<div class=\"wp-block-column animated fadeInUp delay-500ms is-layout-flow wp-block-column-is-layout-flow\">\n<p class=\"has-small-font-size\"><strong>INTERNATIONALES INKASSO<\/strong><\/p>\n\n\n\n<h2 class=\"marg0 wp-block-heading\" id=\"debt-collection-worldwide-69394841-8e5e-43bb-8c94-ebd49164984b\"><strong>Forderungseinzug weltweit<\/strong><\/h2>\n\n\n\n<p>Mit ihrer langj\u00e4hrigen Erfahrung garantieren unsere Experten vor Ort eine effiziente Eintreibung Ihrer Forderungen. Sekundi bietet sowohl die g\u00fctliche Eintreibung von Forderungen als auch die gerichtliche Eintreibung strittiger Forderungen an.<\/p>\n\n\n\n<p>Sekundi legt gro\u00dfen Wert darauf, Schuldner fair zu behandeln, auch wenn sie selbst der Zahlung von Rechnungen nicht nachgekommen sind, um die Gesch\u00e4ftsbeziehungen, die Sie mit Ihren Kunden pflegen, nicht zu gef\u00e4hrden.<\/p>\n\n\n\n<div style=\"height:30px\" aria-hidden=\"true\" class=\"wp-block-spacer\"><\/div>\n\n\n\n<div class=\"wp-block-advgb-button alignnone\"><a class=\"wp-block-advgb-button_link advgbbtn-8684ab9a-8485-4731-85a7-3ed043e335f1\" href=\"https:\/\/sekundi.eu\/contact\/\" target=\"_self\" rel=\"noopener noreferrer\"><span>Kontakt-uns<\/span><\/a><\/div>\n<\/div>\n\n\n\n<div class=\"wp-block-column is-layout-flow wp-block-column-is-layout-flow\">\n<figure class=\"wp-block-video\"><video height=\"288\" style=\"aspect-ratio: 352 \/ 288;\" width=\"352\" controls=\"\" src=\"https:\/\/sekundi.eu\/wp-content\/uploads\/2023\/02\/sekundi-network.mp4\"><\/video><\/figure>\n<\/div>\n<\/div>\n\n<div style=\"height:30px\" aria-hidden=\"true\" class=\"wp-block-spacer\"><\/div>\n\n<div style=\"height:50px\" aria-hidden=\"true\" class=\"wp-block-spacer\"><\/div>\n\n<div class=\"wp-block-columns is-layout-flex wp-container-core-columns-is-layout-9d6595d7 wp-block-columns-is-layout-flex\">\n<div class=\"wp-block-column is-layout-flow wp-block-column-is-layout-flow\">\n<figure class=\"wp-block-image size-large\"><img loading=\"lazy\" decoding=\"async\" width=\"1024\" height=\"683\" src=\"https:\/\/sekundi.eu\/wp-content\/uploads\/2023\/01\/accompagnement-recouvrement-1024x683.jpeg\" alt=\"\" class=\"wp-image-492\" srcset=\"https:\/\/sekundi.eu\/wp-content\/uploads\/2023\/01\/accompagnement-recouvrement-1024x683.jpeg 1024w, https:\/\/sekundi.eu\/wp-content\/uploads\/2023\/01\/accompagnement-recouvrement-300x200.jpeg 300w, https:\/\/sekundi.eu\/wp-content\/uploads\/2023\/01\/accompagnement-recouvrement-768x512.jpeg 768w, https:\/\/sekundi.eu\/wp-content\/uploads\/2023\/01\/accompagnement-recouvrement-1536x1024.jpeg 1536w, https:\/\/sekundi.eu\/wp-content\/uploads\/2023\/01\/accompagnement-recouvrement-2048x1365.jpeg 2048w\" sizes=\"auto, (max-width: 1024px) 100vw, 1024px\" \/><\/figure>\n<\/div>\n\n\n\n<div class=\"wp-block-column is-layout-flow wp-block-column-is-layout-flow\">\n<h2 class=\"wp-block-heading\">B2B-Inkasso von unbezahlten Rechnungen<\/h2>\n\n\n\n<p><strong>Ihre Vorteile:<\/strong><\/p>\n\n\n\n<ul class=\"wp-block-list\">\n<li>Verwaltung von Kundenforderungen entsprechend den Bed\u00fcrfnissen Ihres Gesch\u00e4ftsbereichs<\/li>\n\n\n\n<li>Gesunder Cashflow<\/li>\n\n\n\n<li>Hohe Sammelquote<\/li>\n\n\n\n<li>Kenntnis der Sitten und Gebr\u00e4uche des jeweiligen Landes<\/li>\n\n\n\n<li>Professionalit\u00e4t zu jeder Zeit und unter allen Umst\u00e4nden<\/li>\n<\/ul>\n<\/div>\n<\/div>\n\n<div style=\"height:50px\" aria-hidden=\"true\" class=\"wp-block-spacer\"><\/div>\n\n<div class=\"wp-block-columns is-layout-flex wp-container-core-columns-is-layout-9d6595d7 wp-block-columns-is-layout-flex\">\n<div class=\"wp-block-column is-layout-flow wp-block-column-is-layout-flow\">\n<h2 class=\"wp-block-heading\">B2C-Inkasso<\/h2>\n\n\n\n<p><strong>Ihre Vorteile:<\/strong><\/p>\n\n\n\n<ul class=\"wp-block-list\">\n<li>Gesunder Cashflow<\/li>\n\n\n\n<li>Hohe Sammelquote<\/li>\n\n\n\n<li>Kenntnis der Sitten und Gebr\u00e4uche des jeweiligen Landes<\/li>\n\n\n\n<li>Professionalit\u00e4t zu jeder Zeit und unter allen Umst\u00e4nden<\/li>\n<\/ul>\n<\/div>\n\n\n\n<div class=\"wp-block-column is-layout-flow wp-block-column-is-layout-flow\">\n<figure class=\"wp-block-image size-large\"><img loading=\"lazy\" decoding=\"async\" width=\"1024\" height=\"683\" src=\"https:\/\/sekundi.eu\/wp-content\/uploads\/2023\/01\/accompagnement-recouvrement-1024x683.jpeg\" alt=\"\" class=\"wp-image-492\" srcset=\"https:\/\/sekundi.eu\/wp-content\/uploads\/2023\/01\/accompagnement-recouvrement-1024x683.jpeg 1024w, https:\/\/sekundi.eu\/wp-content\/uploads\/2023\/01\/accompagnement-recouvrement-300x200.jpeg 300w, https:\/\/sekundi.eu\/wp-content\/uploads\/2023\/01\/accompagnement-recouvrement-768x512.jpeg 768w, https:\/\/sekundi.eu\/wp-content\/uploads\/2023\/01\/accompagnement-recouvrement-1536x1024.jpeg 1536w, https:\/\/sekundi.eu\/wp-content\/uploads\/2023\/01\/accompagnement-recouvrement-2048x1365.jpeg 2048w\" sizes=\"auto, (max-width: 1024px) 100vw, 1024px\" \/><\/figure>\n<\/div>\n<\/div>\n\n<div style=\"height:50px\" aria-hidden=\"true\" class=\"wp-block-spacer\"><\/div>\n\n<h2 class=\"has-text-align-center wp-block-heading\">Nutzung des internationalen Sekundi-Netzwerks in Nordamerika<\/h2>\n\n<div class=\"wp-block-group\"><div class=\"wp-block-group__inner-container is-layout-constrained wp-block-group-is-layout-constrained\">\n<div style=\"height:50px\" aria-hidden=\"true\" class=\"wp-block-spacer\"><\/div>\n\n\n\n<div class=\"wp-block-columns is-layout-flex wp-container-core-columns-is-layout-9d6595d7 wp-block-columns-is-layout-flex\">\n<div class=\"wp-block-column is-layout-flow wp-block-column-is-layout-flow\">\n<div class=\"wp-block-group shadow has-blanc-background-color has-background\"><div class=\"wp-block-group__inner-container is-layout-constrained wp-block-group-is-layout-constrained\">\n<p><strong>N\u00e4herung<\/strong><\/p>\n\n\n\n<p>Unser Ansatz, von Ihrem Land aus mit einem Mitarbeiter oder einem Dienstleister zu handeln, der die Sprache des betreffenden Landes flie\u00dfend beherrscht, ist nicht der effektivste.<\/p>\n<\/div><\/div>\n<\/div>\n\n\n\n<div class=\"wp-block-column is-layout-flow wp-block-column-is-layout-flow\">\n<div class=\"wp-block-group shadow has-blanc-background-color has-background\"><div class=\"wp-block-group__inner-container is-layout-constrained wp-block-group-is-layout-constrained\">\n<p><strong>Vorteile<\/strong><\/p>\n\n\n\n<p>Sie haben einen Ansprechpartner in Ihrem Land, mit dem Sie kommunizieren, und dieser ist daf\u00fcr verantwortlich, Ihr Dossier nach Erhalt an seinen lokalen Partner weiterzuleiten, der nach den Gepflogenheiten und Vorschriften des betreffenden Landes vorgeht, um die Bezahlung Ihrer Rechnung zu erreichen.<\/p>\n<\/div><\/div>\n<\/div>\n\n\n\n<div class=\"wp-block-column is-layout-flow wp-block-column-is-layout-flow\">\n<div class=\"wp-block-group shadow has-blanc-background-color has-background\"><div class=\"wp-block-group__inner-container is-layout-constrained wp-block-group-is-layout-constrained\">\n<p><strong>Zielsetzung<\/strong><\/p>\n\n\n\n<p>Aufbau eines weltweiten Netzwerks mit einem starken Gesch\u00e4ftspartner in jedem Land, um eine optimale Fallbearbeitung auf lokaler Ebene mit entsprechender Unterst\u00fctzung durch l\u00e4nderspezifische Informationen zu gew\u00e4hrleisten.<\/p>\n<\/div><\/div>\n<\/div>\n<\/div>\n<\/div><\/div>\n\n<hr class=\"wp-block-separator has-text-color has-marron-color has-alpha-channel-opacity has-marron-background-color has-background\"\/>\n\n<div class=\"wp-block-group alignwide network\"><div class=\"wp-block-group__inner-container is-layout-constrained wp-block-group-is-layout-constrained\">\n<div style=\"height:50px\" aria-hidden=\"true\" class=\"wp-block-spacer\"><\/div>\n\n\n\n<p class=\"has-text-align-center marg0 has-marron-clair-color has-text-color has-small-font-size\"><strong>UNSER NETZWERK<\/strong><\/p>\n\n\n\n<h2 class=\"has-text-align-center marg0 wp-block-heading\">Connected countries<\/h2>\n\n\n\n<div style=\"height:30px\" aria-hidden=\"true\" class=\"wp-block-spacer\"><\/div>\n\n\n<ul class='country-sitemap'><li><a href='https:\/\/sekundi.eu\/de\/suedamerika\/'>Forderungseinzug in S\u00fcdamerika<\/a><ul><li><a href='https:\/\/sekundi.eu\/de\/suedamerika\/forderungseinzug-in-chile\/'><i class='fa-solid fa-map-pin'><\/i>Forderungseinzug in Chile<\/a><\/li><li><a href='https:\/\/sekundi.eu\/de\/suedamerika\/forderungseinzug-in-peru\/'><i class='fa-solid fa-map-pin'><\/i>Forderungseinzug in Peru<\/a><\/li><\/li><\/ul><\/li><\/ul>\n\n\n\n<div style=\"height:50px\" aria-hidden=\"true\" class=\"wp-block-spacer\"><\/div>\n<\/div><\/div>\n<style class=\"advgb-styles-renderer\">.advgbbtn-8684ab9a-8485-4731-85a7-3ed043e335f1{font-size:18px;color:#2f2f2f !important;background-color:#fff !important;margin:0px 0px 0px 0px !important;padding:10px 30px 10px 30px;border-width:3px !important;border-color:#dde3e9 !important;border-style:solid !important;border-radius:50px !important;}.advgbbtn-8684ab9a-8485-4731-85a7-3ed043e335f1:hover{background-color:#dde3e9 !important;box-shadow:0px 0px 0px 0px #ccc;opacity:1;transition:all 0.2s ease;}.advgbbtn-8684ab9a-8485-4731-85a7-3ed043e335f1 > i {display: none !important;}.advgbbtn-8684ab9a-8485-4731-85a7-3ed043e335f1{font-size:18px;color:#2f2f2f !important;background-color:#fff !important;margin:0px 0px 0px 0px !important;padding:10px 30px 10px 30px;border-width:3px !important;border-color:#dde3e9 !important;border-style:solid !important;border-radius:50px !important;}.advgbbtn-8684ab9a-8485-4731-85a7-3ed043e335f1:hover{background-color:#dde3e9 !important;box-shadow:0px 0px 0px 0px #ccc;opacity:1;transition:all 0.2s ease;}.advgbbtn-8684ab9a-8485-4731-85a7-3ed043e335f1 > i {display: none !important;}.advgbbtn-8684ab9a-8485-4731-85a7-3ed043e335f1{font-size:18px;color:#2f2f2f !important;background-color:#fff !important;margin:0px 0px 0px 0px !important;padding:10px 30px 10px 30px;border-width:3px !important;border-color:#dde3e9 !important;border-style:solid !important;border-radius:50px !important;}.advgbbtn-8684ab9a-8485-4731-85a7-3ed043e335f1:hover{background-color:#dde3e9 !important;box-shadow:0px 0px 0px 0px #ccc;opacity:1;transition:all 0.2s ease;}.advgbbtn-8684ab9a-8485-4731-85a7-3ed043e335f1 > i {display: none !important;}<\/style>","protected":false},"excerpt":{"rendered":"<p>UNSER NETZWERK Geben Sie ein Land an INTERNATIONALES INKASSO Forderungseinzug weltweit Mit ihrer langj\u00e4hrigen Erfahrung garantieren unsere Experten vor Ort eine effiziente Eintreibung Ihrer Forderungen. Sekundi bietet sowohl die g\u00fctliche Eintreibung von Forderungen als auch die gerichtliche Eintreibung strittiger Forderungen an. Sekundi legt gro\u00dfen Wert darauf, Schuldner fair zu behandeln, auch wenn sie selbst der [&hellip;]<\/p>\n","protected":false},"author":1,"featured_media":0,"parent":0,"menu_order":908,"comment_status":"closed","ping_status":"closed","template":"template_continent.php","meta":{"advgb_blocks_editor_width":"","advgb_blocks_columns_visual_guide":"","footnotes":""},"class_list":["post-3556","page","type-page","status-publish","hentry"],"yoast_head":"<!-- This site is optimized with the Yoast SEO plugin v27.5 - https:\/\/yoast.com\/product\/yoast-seo-wordpress\/ -->\n<title>Forderungseinzug in S\u00fcdamerika - Internationale Schuldeneintreibung<\/title>\n<meta name=\"description\" content=\"Sie haben einen Schuldner au\u00dferhalb Ihres Landes? Entdecken Sie Verfahren zur Wiederherstellung Ihrer unbezahlten Rechnungen dank Forderungseinzug in S\u00fcdamerika.\" \/>\n<meta name=\"robots\" content=\"noindex, nofollow\" \/>\n<meta property=\"og:locale\" content=\"de_DE\" \/>\n<meta property=\"og:type\" content=\"article\" \/>\n<meta property=\"og:title\" content=\"Forderungseinzug in S\u00fcdamerika - Internationale Schuldeneintreibung\" \/>\n<meta property=\"og:description\" content=\"Sie haben einen Schuldner au\u00dferhalb Ihres Landes? Entdecken Sie Verfahren zur Wiederherstellung Ihrer unbezahlten Rechnungen dank Forderungseinzug in S\u00fcdamerika.\" \/>\n<meta property=\"og:url\" content=\"https:\/\/sekundi.eu\/de\/suedamerika\/\" \/>\n<meta property=\"og:site_name\" content=\"SEKUNDI\" \/>\n<meta property=\"article:modified_time\" content=\"2023-02-14T11:57:15+00:00\" \/>\n<meta property=\"og:image\" content=\"https:\/\/sekundi.eu\/wp-content\/uploads\/2023\/02\/joshua-rawson-harris-k3fmuSvQi2A-unsplash.jpg\" \/>\n<meta name=\"twitter:card\" content=\"summary_large_image\" \/>\n<meta name=\"twitter:label1\" content=\"Gesch\u00e4tzte Lesezeit\" \/>\n\t<meta name=\"twitter:data1\" content=\"1\u00a0Minute\" \/>\n<script type=\"application\/ld+json\" class=\"yoast-schema-graph\">{\"@context\":\"https:\\\/\\\/schema.org\",\"@graph\":[{\"@type\":\"WebPage\",\"@id\":\"https:\\\/\\\/sekundi.eu\\\/de\\\/suedamerika\\\/\",\"url\":\"https:\\\/\\\/sekundi.eu\\\/de\\\/suedamerika\\\/\",\"name\":\"Forderungseinzug in S\u00fcdamerika - Internationale Schuldeneintreibung\",\"isPartOf\":{\"@id\":\"https:\\\/\\\/sekundi.eu\\\/#website\"},\"primaryImageOfPage\":{\"@id\":\"https:\\\/\\\/sekundi.eu\\\/de\\\/suedamerika\\\/#primaryimage\"},\"image\":{\"@id\":\"https:\\\/\\\/sekundi.eu\\\/de\\\/suedamerika\\\/#primaryimage\"},\"thumbnailUrl\":\"https:\\\/\\\/sekundi.eu\\\/wp-content\\\/uploads\\\/2023\\\/02\\\/joshua-rawson-harris-k3fmuSvQi2A-unsplash.jpg\",\"datePublished\":\"2023-01-03T11:39:21+00:00\",\"dateModified\":\"2023-02-14T11:57:15+00:00\",\"description\":\"Sie haben einen Schuldner au\u00dferhalb Ihres Landes? Entdecken Sie Verfahren zur Wiederherstellung Ihrer unbezahlten Rechnungen dank Forderungseinzug in S\u00fcdamerika.\",\"breadcrumb\":{\"@id\":\"https:\\\/\\\/sekundi.eu\\\/de\\\/suedamerika\\\/#breadcrumb\"},\"inLanguage\":\"de\",\"potentialAction\":[{\"@type\":\"ReadAction\",\"target\":[\"https:\\\/\\\/sekundi.eu\\\/de\\\/suedamerika\\\/\"]}]},{\"@type\":\"ImageObject\",\"inLanguage\":\"de\",\"@id\":\"https:\\\/\\\/sekundi.eu\\\/de\\\/suedamerika\\\/#primaryimage\",\"url\":\"https:\\\/\\\/sekundi.eu\\\/wp-content\\\/uploads\\\/2023\\\/02\\\/joshua-rawson-harris-k3fmuSvQi2A-unsplash.jpg\",\"contentUrl\":\"https:\\\/\\\/sekundi.eu\\\/wp-content\\\/uploads\\\/2023\\\/02\\\/joshua-rawson-harris-k3fmuSvQi2A-unsplash.jpg\"},{\"@type\":\"BreadcrumbList\",\"@id\":\"https:\\\/\\\/sekundi.eu\\\/de\\\/suedamerika\\\/#breadcrumb\",\"itemListElement\":[{\"@type\":\"ListItem\",\"position\":1,\"name\":\"Accueil\",\"item\":\"https:\\\/\\\/sekundi.eu\\\/de\\\/\"},{\"@type\":\"ListItem\",\"position\":2,\"name\":\"Forderungseinzug in S\u00fcdamerika\"}]},{\"@type\":\"WebSite\",\"@id\":\"https:\\\/\\\/sekundi.eu\\\/#website\",\"url\":\"https:\\\/\\\/sekundi.eu\\\/\",\"name\":\"SEKUNDI\",\"description\":\"\",\"publisher\":{\"@id\":\"https:\\\/\\\/sekundi.eu\\\/#organization\"},\"potentialAction\":[{\"@type\":\"SearchAction\",\"target\":{\"@type\":\"EntryPoint\",\"urlTemplate\":\"https:\\\/\\\/sekundi.eu\\\/?s={search_term_string}\"},\"query-input\":{\"@type\":\"PropertyValueSpecification\",\"valueRequired\":true,\"valueName\":\"search_term_string\"}}],\"inLanguage\":\"de\"},{\"@type\":\"Organization\",\"@id\":\"https:\\\/\\\/sekundi.eu\\\/#organization\",\"name\":\"Sekundi\",\"url\":\"https:\\\/\\\/sekundi.eu\\\/\",\"logo\":{\"@type\":\"ImageObject\",\"inLanguage\":\"de\",\"@id\":\"https:\\\/\\\/sekundi.eu\\\/#\\\/schema\\\/logo\\\/image\\\/\",\"url\":\"https:\\\/\\\/sekundi.eu\\\/wp-content\\\/uploads\\\/2022\\\/12\\\/logo_sekundi.png\",\"contentUrl\":\"https:\\\/\\\/sekundi.eu\\\/wp-content\\\/uploads\\\/2022\\\/12\\\/logo_sekundi.png\",\"width\":171,\"height\":46,\"caption\":\"Sekundi\"},\"image\":{\"@id\":\"https:\\\/\\\/sekundi.eu\\\/#\\\/schema\\\/logo\\\/image\\\/\"}}]}<\/script>\n<!-- \/ Yoast SEO plugin. -->","yoast_head_json":{"title":"Forderungseinzug in S\u00fcdamerika - Internationale Schuldeneintreibung","description":"Sie haben einen Schuldner au\u00dferhalb Ihres Landes? Entdecken Sie Verfahren zur Wiederherstellung Ihrer unbezahlten Rechnungen dank Forderungseinzug in S\u00fcdamerika.","robots":{"index":"noindex","follow":"nofollow"},"og_locale":"de_DE","og_type":"article","og_title":"Forderungseinzug in S\u00fcdamerika - Internationale Schuldeneintreibung","og_description":"Sie haben einen Schuldner au\u00dferhalb Ihres Landes? Entdecken Sie Verfahren zur Wiederherstellung Ihrer unbezahlten Rechnungen dank Forderungseinzug in S\u00fcdamerika.","og_url":"https:\/\/sekundi.eu\/de\/suedamerika\/","og_site_name":"SEKUNDI","article_modified_time":"2023-02-14T11:57:15+00:00","og_image":[{"url":"https:\/\/sekundi.eu\/wp-content\/uploads\/2023\/02\/joshua-rawson-harris-k3fmuSvQi2A-unsplash.jpg","type":"","width":"","height":""}],"twitter_card":"summary_large_image","twitter_misc":{"Gesch\u00e4tzte Lesezeit":"1\u00a0Minute"},"schema":{"@context":"https:\/\/schema.org","@graph":[{"@type":"WebPage","@id":"https:\/\/sekundi.eu\/de\/suedamerika\/","url":"https:\/\/sekundi.eu\/de\/suedamerika\/","name":"Forderungseinzug in S\u00fcdamerika - Internationale Schuldeneintreibung","isPartOf":{"@id":"https:\/\/sekundi.eu\/#website"},"primaryImageOfPage":{"@id":"https:\/\/sekundi.eu\/de\/suedamerika\/#primaryimage"},"image":{"@id":"https:\/\/sekundi.eu\/de\/suedamerika\/#primaryimage"},"thumbnailUrl":"https:\/\/sekundi.eu\/wp-content\/uploads\/2023\/02\/joshua-rawson-harris-k3fmuSvQi2A-unsplash.jpg","datePublished":"2023-01-03T11:39:21+00:00","dateModified":"2023-02-14T11:57:15+00:00","description":"Sie haben einen Schuldner au\u00dferhalb Ihres Landes? Entdecken Sie Verfahren zur Wiederherstellung Ihrer unbezahlten Rechnungen dank Forderungseinzug in S\u00fcdamerika.","breadcrumb":{"@id":"https:\/\/sekundi.eu\/de\/suedamerika\/#breadcrumb"},"inLanguage":"de","potentialAction":[{"@type":"ReadAction","target":["https:\/\/sekundi.eu\/de\/suedamerika\/"]}]},{"@type":"ImageObject","inLanguage":"de","@id":"https:\/\/sekundi.eu\/de\/suedamerika\/#primaryimage","url":"https:\/\/sekundi.eu\/wp-content\/uploads\/2023\/02\/joshua-rawson-harris-k3fmuSvQi2A-unsplash.jpg","contentUrl":"https:\/\/sekundi.eu\/wp-content\/uploads\/2023\/02\/joshua-rawson-harris-k3fmuSvQi2A-unsplash.jpg"},{"@type":"BreadcrumbList","@id":"https:\/\/sekundi.eu\/de\/suedamerika\/#breadcrumb","itemListElement":[{"@type":"ListItem","position":1,"name":"Accueil","item":"https:\/\/sekundi.eu\/de\/"},{"@type":"ListItem","position":2,"name":"Forderungseinzug in S\u00fcdamerika"}]},{"@type":"WebSite","@id":"https:\/\/sekundi.eu\/#website","url":"https:\/\/sekundi.eu\/","name":"SEKUNDI","description":"","publisher":{"@id":"https:\/\/sekundi.eu\/#organization"},"potentialAction":[{"@type":"SearchAction","target":{"@type":"EntryPoint","urlTemplate":"https:\/\/sekundi.eu\/?s={search_term_string}"},"query-input":{"@type":"PropertyValueSpecification","valueRequired":true,"valueName":"search_term_string"}}],"inLanguage":"de"},{"@type":"Organization","@id":"https:\/\/sekundi.eu\/#organization","name":"Sekundi","url":"https:\/\/sekundi.eu\/","logo":{"@type":"ImageObject","inLanguage":"de","@id":"https:\/\/sekundi.eu\/#\/schema\/logo\/image\/","url":"https:\/\/sekundi.eu\/wp-content\/uploads\/2022\/12\/logo_sekundi.png","contentUrl":"https:\/\/sekundi.eu\/wp-content\/uploads\/2022\/12\/logo_sekundi.png","width":171,"height":46,"caption":"Sekundi"},"image":{"@id":"https:\/\/sekundi.eu\/#\/schema\/logo\/image\/"}}]}},"coauthors":[],"author_meta":{"author_link":"https:\/\/sekundi.eu\/de\/author\/sekimageundi\/","display_name":"Les Imageurs"},"relative_dates":{"created":"Ver\u00f6ffentlicht 3\u00a0Jahren vor","modified":"Aktualisiert 3\u00a0Jahren vor"},"absolute_dates":{"created":"Ver\u00f6ffentlicht am 3. Januar 2023","modified":"Aktualisiert am 14. Februar 2023"},"absolute_dates_time":{"created":"Ver\u00f6ffentlicht am 3. Januar 2023 12:39","modified":"Aktualisiert am 14. Februar 2023 12:57"},"featured_img_caption":"","featured_img":false,"series_order":"","_links":{"self":[{"href":"https:\/\/sekundi.eu\/de\/wp-json\/wp\/v2\/pages\/3556","targetHints":{"allow":["GET"]}}],"collection":[{"href":"https:\/\/sekundi.eu\/de\/wp-json\/wp\/v2\/pages"}],"about":[{"href":"https:\/\/sekundi.eu\/de\/wp-json\/wp\/v2\/types\/page"}],"author":[{"embeddable":true,"href":"https:\/\/sekundi.eu\/de\/wp-json\/wp\/v2\/users\/1"}],"replies":[{"embeddable":true,"href":"https:\/\/sekundi.eu\/de\/wp-json\/wp\/v2\/comments?post=3556"}],"version-history":[{"count":2,"href":"https:\/\/sekundi.eu\/de\/wp-json\/wp\/v2\/pages\/3556\/revisions"}],"predecessor-version":[{"id":5057,"href":"https:\/\/sekundi.eu\/de\/wp-json\/wp\/v2\/pages\/3556\/revisions\/5057"}],"wp:attachment":[{"href":"https:\/\/sekundi.eu\/de\/wp-json\/wp\/v2\/media?parent=3556"}],"curies":[{"name":"wp","href":"https:\/\/api.w.org\/{rel}","templated":true}]}}