{"id":5206,"date":"2023-02-02T15:58:26","date_gmt":"2023-02-02T14:58:26","guid":{"rendered":"https:\/\/sekundi.eu\/forderungseinzug-in-europa\/forderungseinzug-in-den-niederlanden\/"},"modified":"2023-05-22T16:36:12","modified_gmt":"2023-05-22T14:36:12","slug":"forderungseinzug-in-den-niederlanden","status":"publish","type":"page","link":"https:\/\/sekundi.eu\/de\/europa\/forderungseinzug-in-den-niederlanden\/","title":{"rendered":"Forderungseinzug in den Niederlanden"},"content":{"rendered":"\n<div style=\"height:50px\" aria-hidden=\"true\" class=\"wp-block-spacer\"><\/div>\n\n<p>Haben Sie Schulden in den Niederlanden? Suchen Sie einen lokalen Partner, der Ihnen bei der Bezahlung Ihrer Rechnung hilft? Entdecken Sie das Inkasso in den Niederlanden mit dem Netzwerk von Sekundi.<\/p>\n\n<div class=\"wp-block-columns is-layout-flex wp-container-core-columns-is-layout-9d6595d7 wp-block-columns-is-layout-flex\">\n<div class=\"wp-block-column is-layout-flow wp-block-column-is-layout-flow\" style=\"flex-basis:50%\">\n<h2 class=\"wp-block-heading\"><strong>Welches sind die richtigen rechtlichen Verfahren zur Eintreibung unbezahlter Forderungen in den Niederlanden?<\/strong><\/h2>\n\n\n\n<p>Das Inkassoverfahren kann in eine g\u00fctliche oder au\u00dfergerichtliche Phase und eine gerichtliche Phase unterteilt werden.<\/p>\n\n\n\n<p>In der Phase der g\u00fctlichen Einigung versuchen wir, die Zahlung ohne gerichtliche Intervention zu erreichen. Der Gesetzgeber hat eine klare Unterscheidung zwischen B2C- und B2B-Inkasso getroffen:<\/p>\n\n\n\n<p>B2C: Wir sind verpflichtet, den Verbraucherschuldner \u00fcber die H\u00f6he der au\u00dfergerichtlichen Inkassokosten zu informieren (deren H\u00f6he gesetzlich festgelegt ist).<\/p>\n\n\n\n<p>Diese Kosten m\u00fcssen dem Verbraucher-Schuldner von Idcas mitgeteilt werden, wobei die Zahlungsfrist ohne diese Kosten mindestens 14 Tage betr\u00e4gt.<\/p>\n\n\n\n<p> B2B: Wir haben keine solche Verpflichtung gegen\u00fcber einem gewerblichen Schuldner. Au\u00dfergerichtliche Inkassokosten k\u00f6nnen \u00fcber Allgemeine Gesch\u00e4ftsbedingungen vereinbart werden. Ohne diese Bedingungen betragen die au\u00dfergerichtlichen Inkassokosten 15 %.<\/p>\n\n\n\n<p>Die gerichtliche Phase l\u00e4uft immer \u00fcber das Gericht. Bei Forderungen von mehr als 25.000,00 \u20ac ist die Unterst\u00fctzung durch einen Rechtsanwalt obligatorisch. Dank der Zusammenarbeit mit verschiedenen Anwaltskanzleien ist Idcas in der Lage, seine Kunden bei allen rechtlichen Eintreibungsverfahren zu unterst\u00fctzen.<\/p>\n<\/div>\n\n\n\n<div class=\"wp-block-column is-layout-flow wp-block-column-is-layout-flow\" style=\"flex-basis:50%\"><div class=\"wp-block-image\">\n<figure class=\"alignright size-full\"><img loading=\"lazy\" decoding=\"async\" width=\"600\" height=\"338\" src=\"https:\/\/sekundi.eu\/wp-content\/uploads\/2023\/02\/equipe-conseil-min.jpeg\" alt=\"\" class=\"wp-image-1860\" srcset=\"https:\/\/sekundi.eu\/wp-content\/uploads\/2023\/02\/equipe-conseil-min.jpeg 600w, https:\/\/sekundi.eu\/wp-content\/uploads\/2023\/02\/equipe-conseil-min-300x169.jpeg 300w\" sizes=\"auto, (max-width: 600px) 100vw, 600px\" \/><\/figure>\n<\/div>\n\n<div class=\"wp-block-image\">\n<figure class=\"alignright size-large\"><img loading=\"lazy\" decoding=\"async\" width=\"1024\" height=\"683\" src=\"https:\/\/sekundi.eu\/wp-content\/uploads\/2023\/01\/accompagnement-recouvrement-1024x683.jpeg\" alt=\"\" class=\"wp-image-1488\" srcset=\"https:\/\/sekundi.eu\/wp-content\/uploads\/2023\/01\/accompagnement-recouvrement-1024x683.jpeg 1024w, https:\/\/sekundi.eu\/wp-content\/uploads\/2023\/01\/accompagnement-recouvrement-300x200.jpeg 300w, https:\/\/sekundi.eu\/wp-content\/uploads\/2023\/01\/accompagnement-recouvrement-768x512.jpeg 768w, https:\/\/sekundi.eu\/wp-content\/uploads\/2023\/01\/accompagnement-recouvrement-1536x1024.jpeg 1536w, https:\/\/sekundi.eu\/wp-content\/uploads\/2023\/01\/accompagnement-recouvrement-2048x1365.jpeg 2048w\" sizes=\"auto, (max-width: 1024px) 100vw, 1024px\" \/><\/figure>\n<\/div><\/div>\n<\/div>\n\n<div style=\"height:50px\" aria-hidden=\"true\" class=\"wp-block-spacer\"><\/div>\n\n<div class=\"wp-block-columns is-layout-flex wp-container-core-columns-is-layout-9d6595d7 wp-block-columns-is-layout-flex\">\n<div class=\"wp-block-column is-vertically-aligned-top is-layout-flow wp-block-column-is-layout-flow\" style=\"flex-basis:50%\"><div class=\"wp-block-image\">\n<figure class=\"alignleft size-large\"><img loading=\"lazy\" decoding=\"async\" width=\"1024\" height=\"682\" src=\"https:\/\/sekundi.eu\/wp-content\/uploads\/2023\/02\/enjeux-relance-commerciale-min-1-1024x682.jpeg\" alt=\"\" class=\"wp-image-1815\" srcset=\"https:\/\/sekundi.eu\/wp-content\/uploads\/2023\/02\/enjeux-relance-commerciale-min-1-1024x682.jpeg 1024w, https:\/\/sekundi.eu\/wp-content\/uploads\/2023\/02\/enjeux-relance-commerciale-min-1-300x200.jpeg 300w, https:\/\/sekundi.eu\/wp-content\/uploads\/2023\/02\/enjeux-relance-commerciale-min-1-768x512.jpeg 768w, https:\/\/sekundi.eu\/wp-content\/uploads\/2023\/02\/enjeux-relance-commerciale-min-1-1536x1024.jpeg 1536w, https:\/\/sekundi.eu\/wp-content\/uploads\/2023\/02\/enjeux-relance-commerciale-min-1.jpeg 2000w\" sizes=\"auto, (max-width: 1024px) 100vw, 1024px\" \/><\/figure>\n<\/div><\/div>\n\n\n\n<div class=\"wp-block-column is-vertically-aligned-top is-layout-flow wp-block-column-is-layout-flow advgb-dyn-30499083\" style=\"flex-basis:50%\">\n<h2 class=\"wp-block-heading\"><strong>Wie kann man eine effiziente Inkassostrategie entwickeln?<\/strong><\/h2>\n\n\n\n<p class=\"advgb-dyn-bc4b39be\">Um das Inkasso effizient zu gestalten, setzen wir modernste Inkassosoftware ein. Dies, kombiniert mit jahrelanger Erfahrung im (au\u00dfer-)gerichtlichen Inkasso, erm\u00f6glicht es Idcas, Ihre Interessen optimal zu vertreten und eine hohe Erfolgsquote zu erzielen. <\/p>\n<\/div>\n<\/div>\n\n<div style=\"height:50px\" aria-hidden=\"true\" class=\"wp-block-spacer\"><\/div>\n\n<div class=\"wp-block-group alignwide has-marron-background-color has-background\"><div class=\"wp-block-group__inner-container is-layout-constrained wp-block-group-is-layout-constrained\">\n<div style=\"height:30px\" aria-hidden=\"true\" class=\"wp-block-spacer\"><\/div>\n\n\n\n<div class=\"wp-block-columns are-vertically-aligned-center is-layout-flex wp-container-core-columns-is-layout-9d6595d7 wp-block-columns-is-layout-flex\">\n<div class=\"wp-block-column is-vertically-aligned-center is-layout-flow wp-block-column-is-layout-flow\" style=\"flex-basis:66.66%\">\n<p class=\"has-blanc-color has-text-color has-xxlarge-font-size\"><strong>Bestehen offene Forderungen<\/strong> <strong>in einem anderen Land und haben Sie Probleme, diese bezahlt zu bekommen?<\/strong><\/p>\n<\/div>\n\n\n\n<div class=\"wp-block-column is-vertically-aligned-center is-layout-flow wp-block-column-is-layout-flow\" style=\"flex-basis:33.33%\">\n<div class=\"wp-block-advgb-button aligncenter advgb-dyn-7a115c0d\"><a class=\"wp-block-advgb-button_link advgbbtn-cf4b924b-2b4d-4edc-bce9-c10c4dea7048\" href=\"https:\/\/sekundi.eu\/de\/senden-sie-ihre-forderungen\/\" target=\"_self\" rel=\"noopener noreferrer\"><span><span>Ihre Forderung einreichen<\/span><\/span><\/a><\/div>\n<\/div>\n<\/div>\n\n\n\n<div style=\"height:30px\" aria-hidden=\"true\" class=\"wp-block-spacer\"><\/div>\n<\/div><\/div>\n\n<div class=\"wp-block-group alignwide network\"><div class=\"wp-block-group__inner-container is-layout-constrained wp-block-group-is-layout-constrained\">\n<div style=\"height:50px\" aria-hidden=\"true\" class=\"wp-block-spacer\"><\/div>\n\n\n\n<p class=\"has-text-align-center marg0 has-marron-clair-color has-text-color has-small-font-size\"><strong>UNSER NETZWERK<\/strong><\/p>\n\n\n\n<h2 class=\"has-text-align-center marg0 wp-block-heading\">Connected countries<\/h2>\n\n\n\n<div style=\"height:30px\" aria-hidden=\"true\" class=\"wp-block-spacer\"><\/div>\n\n\n<ul class='country-sitemap'><li><a href='https:\/\/sekundi.eu\/de\/suedamerika\/'>Forderungseinzug in S\u00fcdamerika<\/a><ul><li><a href='https:\/\/sekundi.eu\/de\/suedamerika\/forderungseinzug-in-chile\/'><i class='fa-solid fa-map-pin'><\/i>Forderungseinzug in Chile<\/a><\/li><li><a href='https:\/\/sekundi.eu\/de\/suedamerika\/forderungseinzug-in-peru\/'><i class='fa-solid fa-map-pin'><\/i>Forderungseinzug in Peru<\/a><\/li><\/li><\/ul><\/li><\/ul>\n\n\n\n<div style=\"height:50px\" aria-hidden=\"true\" class=\"wp-block-spacer\"><\/div>\n<\/div><\/div>\n<style class=\"advgb-styles-renderer\">.advgbbtn-cf4b924b-2b4d-4edc-bce9-c10c4dea7048{font-size:18px;color:#fff !important;background-color:#7f634b !important;margin:0px 0px 0px 0px !important;padding:10px 30px 10px 30px;border-width:1px !important;border-color:#fff !important;border-style:solid !important;border-radius:50px !important;}.advgbbtn-cf4b924b-2b4d-4edc-bce9-c10c4dea7048:hover{color:#7f634b !important;background-color:#fff !important;box-shadow:0px 0px 0px 0px #ccc;opacity:1;transition:all 0s ease;}.advgbbtn-cf4b924b-2b4d-4edc-bce9-c10c4dea7048 > i {display: none !important;}.advgbbtn-cf4b924b-2b4d-4edc-bce9-c10c4dea7048{font-size:18px;color:#fff !important;background-color:#7f634b !important;margin:0px 0px 0px 0px !important;padding:10px 30px 10px 30px;border-width:1px !important;border-color:#fff !important;border-style:solid !important;border-radius:50px !important;}.advgbbtn-cf4b924b-2b4d-4edc-bce9-c10c4dea7048:hover{color:#7f634b !important;background-color:#fff !important;box-shadow:0px 0px 0px 0px #ccc;opacity:1;transition:all 0s ease;}.advgbbtn-cf4b924b-2b4d-4edc-bce9-c10c4dea7048 > i {display: none !important;}.advgbbtn-cf4b924b-2b4d-4edc-bce9-c10c4dea7048{font-size:18px;color:#fff !important;background-color:#7f634b !important;margin:0px 0px 0px 0px !important;padding:10px 30px 10px 30px;border-width:1px !important;border-color:#fff !important;border-style:solid !important;border-radius:50px !important;}.advgbbtn-cf4b924b-2b4d-4edc-bce9-c10c4dea7048:hover{color:#7f634b !important;background-color:#fff !important;box-shadow:0px 0px 0px 0px #ccc;opacity:1;transition:all 0s ease;}.advgbbtn-cf4b924b-2b4d-4edc-bce9-c10c4dea7048 > i {display: none !important;}.advgbbtn-cf4b924b-2b4d-4edc-bce9-c10c4dea7048{font-size:18px;color:#fff !important;background-color:#7f634b !important;margin:0px 0px 0px 0px !important;padding:10px 30px 10px 30px;border-width:1px !important;border-color:#fff !important;border-style:solid !important;border-radius:50px !important;}.advgbbtn-cf4b924b-2b4d-4edc-bce9-c10c4dea7048:hover{color:#7f634b !important;background-color:#fff !important;box-shadow:0px 0px 0px 0px #ccc;opacity:1;transition:all 0s ease;}.advgbbtn-cf4b924b-2b4d-4edc-bce9-c10c4dea7048 > i {display: none !important;}<\/style>","protected":false},"excerpt":{"rendered":"<p>Haben Sie Schulden in den Niederlanden? Suchen Sie einen lokalen Partner, der Ihnen bei der Bezahlung Ihrer Rechnung hilft? Entdecken Sie das Inkasso in den Niederlanden mit dem Netzwerk von Sekundi. Welches sind die richtigen rechtlichen Verfahren zur Eintreibung unbezahlter Forderungen in den Niederlanden? Das Inkassoverfahren kann in eine g\u00fctliche oder au\u00dfergerichtliche Phase und eine [&hellip;]<\/p>\n","protected":false},"author":1,"featured_media":0,"parent":4491,"menu_order":307,"comment_status":"closed","ping_status":"closed","template":"","meta":{"advgb_blocks_editor_width":"","advgb_blocks_columns_visual_guide":"","footnotes":""},"class_list":["post-5206","page","type-page","status-publish","hentry"],"yoast_head":"<!-- This site is optimized with the Yoast SEO plugin v27.5 - https:\/\/yoast.com\/product\/yoast-seo-wordpress\/ -->\n<title>International Forderungseinzug in den Niederlanden - SEKUNDI%<\/title>\n<meta name=\"description\" content=\"Haben Sie eine unbezahlte Rechnung in den Niederlanden? Erfahren Sie mehr \u00fcber die Hilfe des SEKUNDI-Netzes f\u00fcr internationale Unternehmen.\" \/>\n<meta name=\"robots\" content=\"index, follow, max-snippet:-1, max-image-preview:large, max-video-preview:-1\" \/>\n<link rel=\"canonical\" href=\"https:\/\/sekundi.eu\/de\/europa\/forderungseinzug-in-den-niederlanden\/\" \/>\n<meta property=\"og:locale\" content=\"de_DE\" \/>\n<meta property=\"og:type\" content=\"article\" \/>\n<meta property=\"og:title\" content=\"International Forderungseinzug in den Niederlanden - SEKUNDI%\" \/>\n<meta property=\"og:description\" content=\"Haben Sie eine unbezahlte Rechnung in den Niederlanden? Erfahren Sie mehr \u00fcber die Hilfe des SEKUNDI-Netzes f\u00fcr internationale Unternehmen.\" \/>\n<meta property=\"og:url\" content=\"https:\/\/sekundi.eu\/de\/europa\/forderungseinzug-in-den-niederlanden\/\" \/>\n<meta property=\"og:site_name\" content=\"SEKUNDI\" \/>\n<meta property=\"article:modified_time\" content=\"2023-05-22T14:36:12+00:00\" \/>\n<meta property=\"og:image\" content=\"https:\/\/sekundi.eu\/wp-content\/uploads\/2023\/02\/equipe-conseil-min.jpeg\" \/>\n<meta name=\"twitter:card\" content=\"summary_large_image\" \/>\n<meta name=\"twitter:label1\" content=\"Gesch\u00e4tzte Lesezeit\" \/>\n\t<meta name=\"twitter:data1\" content=\"2\u00a0Minuten\" \/>\n<script type=\"application\/ld+json\" class=\"yoast-schema-graph\">{\"@context\":\"https:\\\/\\\/schema.org\",\"@graph\":[{\"@type\":\"WebPage\",\"@id\":\"https:\\\/\\\/sekundi.eu\\\/de\\\/europa\\\/forderungseinzug-in-den-niederlanden\\\/\",\"url\":\"https:\\\/\\\/sekundi.eu\\\/de\\\/europa\\\/forderungseinzug-in-den-niederlanden\\\/\",\"name\":\"International Forderungseinzug in den Niederlanden - SEKUNDI%\",\"isPartOf\":{\"@id\":\"https:\\\/\\\/sekundi.eu\\\/#website\"},\"primaryImageOfPage\":{\"@id\":\"https:\\\/\\\/sekundi.eu\\\/de\\\/europa\\\/forderungseinzug-in-den-niederlanden\\\/#primaryimage\"},\"image\":{\"@id\":\"https:\\\/\\\/sekundi.eu\\\/de\\\/europa\\\/forderungseinzug-in-den-niederlanden\\\/#primaryimage\"},\"thumbnailUrl\":\"https:\\\/\\\/sekundi.eu\\\/wp-content\\\/uploads\\\/2023\\\/02\\\/equipe-conseil-min.jpeg\",\"datePublished\":\"2023-02-02T14:58:26+00:00\",\"dateModified\":\"2023-05-22T14:36:12+00:00\",\"description\":\"Haben Sie eine unbezahlte Rechnung in den Niederlanden? Erfahren Sie mehr \u00fcber die Hilfe des SEKUNDI-Netzes f\u00fcr internationale Unternehmen.\",\"breadcrumb\":{\"@id\":\"https:\\\/\\\/sekundi.eu\\\/de\\\/europa\\\/forderungseinzug-in-den-niederlanden\\\/#breadcrumb\"},\"inLanguage\":\"de\",\"potentialAction\":[{\"@type\":\"ReadAction\",\"target\":[\"https:\\\/\\\/sekundi.eu\\\/de\\\/europa\\\/forderungseinzug-in-den-niederlanden\\\/\"]}]},{\"@type\":\"ImageObject\",\"inLanguage\":\"de\",\"@id\":\"https:\\\/\\\/sekundi.eu\\\/de\\\/europa\\\/forderungseinzug-in-den-niederlanden\\\/#primaryimage\",\"url\":\"https:\\\/\\\/sekundi.eu\\\/wp-content\\\/uploads\\\/2023\\\/02\\\/equipe-conseil-min.jpeg\",\"contentUrl\":\"https:\\\/\\\/sekundi.eu\\\/wp-content\\\/uploads\\\/2023\\\/02\\\/equipe-conseil-min.jpeg\"},{\"@type\":\"BreadcrumbList\",\"@id\":\"https:\\\/\\\/sekundi.eu\\\/de\\\/europa\\\/forderungseinzug-in-den-niederlanden\\\/#breadcrumb\",\"itemListElement\":[{\"@type\":\"ListItem\",\"position\":1,\"name\":\"Accueil\",\"item\":\"https:\\\/\\\/sekundi.eu\\\/de\\\/\"},{\"@type\":\"ListItem\",\"position\":2,\"name\":\"Forderungseinzug in Europa\",\"item\":\"https:\\\/\\\/sekundi.eu\\\/de\\\/europa\\\/\"},{\"@type\":\"ListItem\",\"position\":3,\"name\":\"Forderungseinzug in den Niederlanden\"}]},{\"@type\":\"WebSite\",\"@id\":\"https:\\\/\\\/sekundi.eu\\\/#website\",\"url\":\"https:\\\/\\\/sekundi.eu\\\/\",\"name\":\"SEKUNDI\",\"description\":\"\",\"publisher\":{\"@id\":\"https:\\\/\\\/sekundi.eu\\\/#organization\"},\"potentialAction\":[{\"@type\":\"SearchAction\",\"target\":{\"@type\":\"EntryPoint\",\"urlTemplate\":\"https:\\\/\\\/sekundi.eu\\\/?s={search_term_string}\"},\"query-input\":{\"@type\":\"PropertyValueSpecification\",\"valueRequired\":true,\"valueName\":\"search_term_string\"}}],\"inLanguage\":\"de\"},{\"@type\":\"Organization\",\"@id\":\"https:\\\/\\\/sekundi.eu\\\/#organization\",\"name\":\"Sekundi\",\"url\":\"https:\\\/\\\/sekundi.eu\\\/\",\"logo\":{\"@type\":\"ImageObject\",\"inLanguage\":\"de\",\"@id\":\"https:\\\/\\\/sekundi.eu\\\/#\\\/schema\\\/logo\\\/image\\\/\",\"url\":\"https:\\\/\\\/sekundi.eu\\\/wp-content\\\/uploads\\\/2022\\\/12\\\/logo_sekundi.png\",\"contentUrl\":\"https:\\\/\\\/sekundi.eu\\\/wp-content\\\/uploads\\\/2022\\\/12\\\/logo_sekundi.png\",\"width\":171,\"height\":46,\"caption\":\"Sekundi\"},\"image\":{\"@id\":\"https:\\\/\\\/sekundi.eu\\\/#\\\/schema\\\/logo\\\/image\\\/\"}}]}<\/script>\n<!-- \/ Yoast SEO plugin. -->","yoast_head_json":{"title":"International Forderungseinzug in den Niederlanden - SEKUNDI%","description":"Haben Sie eine unbezahlte Rechnung in den Niederlanden? Erfahren Sie mehr \u00fcber die Hilfe des SEKUNDI-Netzes f\u00fcr internationale Unternehmen.","robots":{"index":"index","follow":"follow","max-snippet":"max-snippet:-1","max-image-preview":"max-image-preview:large","max-video-preview":"max-video-preview:-1"},"canonical":"https:\/\/sekundi.eu\/de\/europa\/forderungseinzug-in-den-niederlanden\/","og_locale":"de_DE","og_type":"article","og_title":"International Forderungseinzug in den Niederlanden - SEKUNDI%","og_description":"Haben Sie eine unbezahlte Rechnung in den Niederlanden? Erfahren Sie mehr \u00fcber die Hilfe des SEKUNDI-Netzes f\u00fcr internationale Unternehmen.","og_url":"https:\/\/sekundi.eu\/de\/europa\/forderungseinzug-in-den-niederlanden\/","og_site_name":"SEKUNDI","article_modified_time":"2023-05-22T14:36:12+00:00","og_image":[{"url":"https:\/\/sekundi.eu\/wp-content\/uploads\/2023\/02\/equipe-conseil-min.jpeg","type":"","width":"","height":""}],"twitter_card":"summary_large_image","twitter_misc":{"Gesch\u00e4tzte Lesezeit":"2\u00a0Minuten"},"schema":{"@context":"https:\/\/schema.org","@graph":[{"@type":"WebPage","@id":"https:\/\/sekundi.eu\/de\/europa\/forderungseinzug-in-den-niederlanden\/","url":"https:\/\/sekundi.eu\/de\/europa\/forderungseinzug-in-den-niederlanden\/","name":"International Forderungseinzug in den Niederlanden - SEKUNDI%","isPartOf":{"@id":"https:\/\/sekundi.eu\/#website"},"primaryImageOfPage":{"@id":"https:\/\/sekundi.eu\/de\/europa\/forderungseinzug-in-den-niederlanden\/#primaryimage"},"image":{"@id":"https:\/\/sekundi.eu\/de\/europa\/forderungseinzug-in-den-niederlanden\/#primaryimage"},"thumbnailUrl":"https:\/\/sekundi.eu\/wp-content\/uploads\/2023\/02\/equipe-conseil-min.jpeg","datePublished":"2023-02-02T14:58:26+00:00","dateModified":"2023-05-22T14:36:12+00:00","description":"Haben Sie eine unbezahlte Rechnung in den Niederlanden? Erfahren Sie mehr \u00fcber die Hilfe des SEKUNDI-Netzes f\u00fcr internationale Unternehmen.","breadcrumb":{"@id":"https:\/\/sekundi.eu\/de\/europa\/forderungseinzug-in-den-niederlanden\/#breadcrumb"},"inLanguage":"de","potentialAction":[{"@type":"ReadAction","target":["https:\/\/sekundi.eu\/de\/europa\/forderungseinzug-in-den-niederlanden\/"]}]},{"@type":"ImageObject","inLanguage":"de","@id":"https:\/\/sekundi.eu\/de\/europa\/forderungseinzug-in-den-niederlanden\/#primaryimage","url":"https:\/\/sekundi.eu\/wp-content\/uploads\/2023\/02\/equipe-conseil-min.jpeg","contentUrl":"https:\/\/sekundi.eu\/wp-content\/uploads\/2023\/02\/equipe-conseil-min.jpeg"},{"@type":"BreadcrumbList","@id":"https:\/\/sekundi.eu\/de\/europa\/forderungseinzug-in-den-niederlanden\/#breadcrumb","itemListElement":[{"@type":"ListItem","position":1,"name":"Accueil","item":"https:\/\/sekundi.eu\/de\/"},{"@type":"ListItem","position":2,"name":"Forderungseinzug in Europa","item":"https:\/\/sekundi.eu\/de\/europa\/"},{"@type":"ListItem","position":3,"name":"Forderungseinzug in den Niederlanden"}]},{"@type":"WebSite","@id":"https:\/\/sekundi.eu\/#website","url":"https:\/\/sekundi.eu\/","name":"SEKUNDI","description":"","publisher":{"@id":"https:\/\/sekundi.eu\/#organization"},"potentialAction":[{"@type":"SearchAction","target":{"@type":"EntryPoint","urlTemplate":"https:\/\/sekundi.eu\/?s={search_term_string}"},"query-input":{"@type":"PropertyValueSpecification","valueRequired":true,"valueName":"search_term_string"}}],"inLanguage":"de"},{"@type":"Organization","@id":"https:\/\/sekundi.eu\/#organization","name":"Sekundi","url":"https:\/\/sekundi.eu\/","logo":{"@type":"ImageObject","inLanguage":"de","@id":"https:\/\/sekundi.eu\/#\/schema\/logo\/image\/","url":"https:\/\/sekundi.eu\/wp-content\/uploads\/2022\/12\/logo_sekundi.png","contentUrl":"https:\/\/sekundi.eu\/wp-content\/uploads\/2022\/12\/logo_sekundi.png","width":171,"height":46,"caption":"Sekundi"},"image":{"@id":"https:\/\/sekundi.eu\/#\/schema\/logo\/image\/"}}]}},"coauthors":[],"author_meta":{"author_link":"https:\/\/sekundi.eu\/de\/author\/sekimageundi\/","display_name":"Les Imageurs"},"relative_dates":{"created":"Ver\u00f6ffentlicht 3\u00a0Jahren vor","modified":"Aktualisiert 3\u00a0Jahren vor"},"absolute_dates":{"created":"Ver\u00f6ffentlicht am 2. Februar 2023","modified":"Aktualisiert am 22. Mai 2023"},"absolute_dates_time":{"created":"Ver\u00f6ffentlicht am 2. Februar 2023 15:58","modified":"Aktualisiert am 22. Mai 2023 16:36"},"featured_img_caption":"","featured_img":false,"series_order":"","_links":{"self":[{"href":"https:\/\/sekundi.eu\/de\/wp-json\/wp\/v2\/pages\/5206","targetHints":{"allow":["GET"]}}],"collection":[{"href":"https:\/\/sekundi.eu\/de\/wp-json\/wp\/v2\/pages"}],"about":[{"href":"https:\/\/sekundi.eu\/de\/wp-json\/wp\/v2\/types\/page"}],"author":[{"embeddable":true,"href":"https:\/\/sekundi.eu\/de\/wp-json\/wp\/v2\/users\/1"}],"replies":[{"embeddable":true,"href":"https:\/\/sekundi.eu\/de\/wp-json\/wp\/v2\/comments?post=5206"}],"version-history":[{"count":3,"href":"https:\/\/sekundi.eu\/de\/wp-json\/wp\/v2\/pages\/5206\/revisions"}],"predecessor-version":[{"id":7982,"href":"https:\/\/sekundi.eu\/de\/wp-json\/wp\/v2\/pages\/5206\/revisions\/7982"}],"up":[{"embeddable":true,"href":"https:\/\/sekundi.eu\/de\/wp-json\/wp\/v2\/pages\/4491"}],"wp:attachment":[{"href":"https:\/\/sekundi.eu\/de\/wp-json\/wp\/v2\/media?parent=5206"}],"curies":[{"name":"wp","href":"https:\/\/api.w.org\/{rel}","templated":true}]}}