{"id":5226,"date":"2023-02-02T16:03:10","date_gmt":"2023-02-02T15:03:10","guid":{"rendered":"https:\/\/sekundi.eu\/forderungseinzug-in-europa\/beitreibung-von-forderungen-in-der-slowakei-und-der-tschechischen-republik\/"},"modified":"2024-01-11T14:17:15","modified_gmt":"2024-01-11T13:17:15","slug":"forderungseinzug-in-slowakei-und-tschechischen-republik","status":"publish","type":"page","link":"https:\/\/sekundi.eu\/de\/europa\/forderungseinzug-in-slowakei-und-tschechischen-republik\/","title":{"rendered":"Beitreibung von Forderungen in der Slowakei und der Tschechischen Republik"},"content":{"rendered":"\n<div style=\"height:50px\" aria-hidden=\"true\" class=\"wp-block-spacer\"><\/div>\n\n\n\n<p>Die Eintreibung von Forderungen in einem fremden Land ist nie eine leichte Aufgabe. Deshalb bietet Ihnen das Sekundi-Netzwerk die Dienste von Unternehmen an, die sich auf das Inkasso in Ihrem Land spezialisiert haben. Dank unseres Partners k\u00f6nnen wir die Abholung Ihrer Rechnung z. B. in der Tschechischen Republik oder der Slowakei \u00fcbernehmen.<\/p>\n\n\n\n<div class=\"wp-block-columns is-layout-flex wp-container-core-columns-is-layout-9d6595d7 wp-block-columns-is-layout-flex\">\n<div class=\"wp-block-column is-layout-flow wp-block-column-is-layout-flow\" style=\"flex-basis:50%\">\n<h2 class=\"wp-block-heading has-normal-font-size\"><strong>Wie l\u00e4sst sich in der Slowakei und in der Tschechischen Republik<\/strong> <strong>eine wirksame Strategie zur Eintreibung von Forderungen entwickeln?<\/strong><\/h2>\n\n\n\n<p>Wir glauben an eine konsequente Durchsetzung. Das Inkasso wird t\u00e4glich durchgef\u00fchrt, wobei alle Schuldner regelm\u00e4\u00dfig kontaktiert werden. Unser Ziel ist es immer, mit wichtigen Entscheidungstr\u00e4gern zu sprechen, um eine rasche Begleichung der Schulden zu vereinbaren.<\/p>\n<\/div>\n\n\n\n<div class=\"wp-block-column is-layout-flow wp-block-column-is-layout-flow\" style=\"flex-basis:50%\"><div class=\"wp-block-image\">\n<figure class=\"alignright size-large\"><img loading=\"lazy\" decoding=\"async\" width=\"1024\" height=\"683\" src=\"https:\/\/sekundi.eu\/wp-content\/uploads\/2023\/02\/recouvrement-amiable-3-1024x683.jpeg\" alt=\"\" class=\"wp-image-2087\" srcset=\"https:\/\/sekundi.eu\/wp-content\/uploads\/2023\/02\/recouvrement-amiable-3-1024x683.jpeg 1024w, https:\/\/sekundi.eu\/wp-content\/uploads\/2023\/02\/recouvrement-amiable-3-300x200.jpeg 300w, https:\/\/sekundi.eu\/wp-content\/uploads\/2023\/02\/recouvrement-amiable-3-768x512.jpeg 768w, https:\/\/sekundi.eu\/wp-content\/uploads\/2023\/02\/recouvrement-amiable-3.jpeg 1230w\" sizes=\"auto, (max-width: 1024px) 100vw, 1024px\" \/><\/figure>\n<\/div><\/div>\n<\/div>\n\n\n\n<div style=\"height:50px\" aria-hidden=\"true\" class=\"wp-block-spacer\"><\/div>\n\n\n\n<div class=\"wp-block-columns is-layout-flex wp-container-core-columns-is-layout-9d6595d7 wp-block-columns-is-layout-flex\">\n<div class=\"wp-block-column is-vertically-aligned-top is-layout-flow wp-block-column-is-layout-flow\" style=\"flex-basis:50%\"><div class=\"wp-block-image\">\n<figure class=\"alignleft size-full\"><img loading=\"lazy\" decoding=\"async\" width=\"600\" height=\"400\" src=\"https:\/\/sekundi.eu\/wp-content\/uploads\/2023\/02\/accompagnement-recouvrement-min-2.jpeg\" alt=\"\" class=\"wp-image-1925\" srcset=\"https:\/\/sekundi.eu\/wp-content\/uploads\/2023\/02\/accompagnement-recouvrement-min-2.jpeg 600w, https:\/\/sekundi.eu\/wp-content\/uploads\/2023\/02\/accompagnement-recouvrement-min-2-300x200.jpeg 300w\" sizes=\"auto, (max-width: 600px) 100vw, 600px\" \/><\/figure>\n<\/div><\/div>\n\n\n\n<div class=\"wp-block-column is-vertically-aligned-top is-layout-flow wp-block-column-is-layout-flow\" style=\"flex-basis:50%\">\n<h2 class=\"wp-block-heading has-normal-font-size\"><strong>Wie hoch sind die Kosten und Geb\u00fchren f\u00fcr die Eintreibung von Forderungen in der Slowakei und der Tschechischen Republik?<\/strong><\/h2>\n\n\n\n<p>Die R\u00fcckgewinnungsprovision wird nach der aktuellen Sekundi-Preisliste berechnet.<\/p>\n\n\n\n<p>Bei der gerichtlichen Beitreibung werden sowohl die Anwaltskosten als auch die Gerichtsgeb\u00fchren immer auf den Hauptbetrag der Schuld berechnet. Der Kunde stimmt immer allen Kosten der Rechtsverfolgung im Voraus zu.<\/p>\n<\/div>\n<\/div>\n\n\n\n<div style=\"height:50px\" aria-hidden=\"true\" class=\"wp-block-spacer\"><\/div>\n\n\n\n<h2 class=\"wp-block-heading\"><strong>Kann die Einziehung von Forderungen automatisiert werden, um sie effizienter zu gestalten?<\/strong><\/h2>\n\n\n\n<p>Wir glauben nicht, dass die Automatisierung von Beitreibungsverfahren diese effizienter machen k\u00f6nnte. Jede Forderung ist anders, ebenso wie der Schuldner. Der R\u00fcckgewinnungsprozess ist die Kunst des Verhandelns.<\/p>\n\n\n\n<div style=\"height:20px\" aria-hidden=\"true\" class=\"wp-block-spacer\"><\/div>\n\n\n\n<h2 class=\"wp-block-heading\"><strong>Aktuelle Statistiken \u00fcber die Eintreibung von Forderungen in der Slowakei und der Tschechischen Republik<\/strong><\/h2>\n\n\n\n<p>Wir f\u00fchren keine Statistiken \u00fcber die Erfolgsquote von R\u00fcckforderungen. Wir nehmen alle F\u00e4lle zur Beitreibung an (nicht nur die \"guten\"), weil wir glauben, dass wir dem Gl\u00e4ubiger auch im Falle einer Nichtzahlung helfen k\u00f6nnen (wir erkl\u00e4ren die Forderung f\u00fcr insolvent, wir schlagen andere wirksame Verfahren vor, die dem Gl\u00e4ubiger Zeit und Geld sparen, ...).<\/p>\n\n\n\n<div style=\"height:20px\" aria-hidden=\"true\" class=\"wp-block-spacer\"><\/div>\n\n\n\n<h2 class=\"wp-block-heading\"><strong>Wie k\u00f6nnen die Erhebungsverfahren in der Slowakei und der Tschechischen Republik verbessert werden?<\/strong><\/h2>\n\n\n\n<p>Kontakte zum Schuldner und Forderungsdokumente k\u00f6nnen die Effizienz der Beitreibung erheblich verbessern.<\/p>\n\n\n\n<div style=\"height:50px\" aria-hidden=\"true\" class=\"wp-block-spacer\"><\/div>\n\n\n\n<div class=\"wp-block-group alignwide has-bleu-gris-background-color has-background\"><div class=\"wp-block-group__inner-container is-layout-constrained wp-block-group-is-layout-constrained\">\n<div style=\"height:30px\" aria-hidden=\"true\" class=\"wp-block-spacer\"><\/div>\n\n\n\n<p class=\"has-text-align-center marg0 has-marron-color has-text-color has-small-font-size\"><\/p>\n\n\n\n<h2 class=\"wp-block-heading has-text-align-center marg0\" id=\"titre-2-a8530347-58d4-4393-abd8-f975470a0732\">H\u00e4ufig gestellte Fragen<\/h2>\n\n\n\n<div style=\"height:30px\" aria-hidden=\"true\" class=\"wp-block-spacer\"><\/div>\n\n\n\n<div class=\"wp-block-advgb-accordions advgb-accordions-8a8eff7d-c8ee-4fee-a7cf-5fe4956fbe34 advgb-accordion-wrapper\" data-collapsed=\"true\">\n<div class=\"wp-block-advgb-accordion-item advgb-accordion-item\" style=\"margin-bottom:15px\"><div class=\"advgb-accordion-header\" style=\"background-color:#000;color:#eee;border-style:solid;border-width:1px;border-radius:2px\"><span class=\"advgb-accordion-header-icon\"><svg fill=\"#fff\" xmlns=\"http:\/\/www.w3.org\/2000\/svg\" width=\"24\" height=\"24\" viewBox=\"0 0 24 24\"><path fill=\"none\" d=\"M0,0h24v24H0V0z\"><\/path><path d=\"M12,5.83L15.17,9l1.41-1.41L12,3L7.41,7.59L8.83,9L12,5.83z M12,18.17L8.83,15l-1.41,1.41L12,21l4.59-4.59L15.17,15 L12,18.17z\"><\/path><\/svg><\/span><h5 class=\"advgb-accordion-header-title\" style=\"color:inherit\"><strong><strong>Welches sind die geeigneten rechtlichen Verfahren f\u00fcr die Beitreibung ausstehender Forderungen in der Slowakei?<\/strong><\/strong><\/h5><\/div><div class=\"advgb-accordion-body\" style=\"border-style:solid !important;border-width:1px !important;border-color:undefined !important;border-top:none !important;border-radius:2px !important\">\n\n<p>Das Mahnverfahren bietet eine schnelle M\u00f6glichkeit, eine Forderung einzutreiben. Sie verlangt vom Gl\u00e4ubiger, dass er das Bestehen der Forderung hinreichend begr\u00fcndet. Da es sich um ein schriftliches Verfahren handelt, ist ein Erscheinen vor Gericht nicht erforderlich.<\/p>\n\n\n<p>Wenn keine Zahlung erfolgt und der Schuldner keinen Widerstand leistet, folgt die Vollstreckung.<\/p>\n\n<\/div><\/div>\n\n\n\n<div class=\"wp-block-advgb-accordion-item advgb-accordion-item\" style=\"margin-bottom:15px\"><div class=\"advgb-accordion-header\" style=\"background-color:#000;color:#eee;border-style:solid;border-width:1px;border-radius:2px\"><span class=\"advgb-accordion-header-icon\"><svg fill=\"#fff\" xmlns=\"http:\/\/www.w3.org\/2000\/svg\" width=\"24\" height=\"24\" viewBox=\"0 0 24 24\"><path fill=\"none\" d=\"M0,0h24v24H0V0z\"><\/path><path d=\"M12,5.83L15.17,9l1.41-1.41L12,3L7.41,7.59L8.83,9L12,5.83z M12,18.17L8.83,15l-1.41,1.41L12,21l4.59-4.59L15.17,15 L12,18.17z\"><\/path><\/svg><\/span><h5 class=\"advgb-accordion-header-title\" style=\"color:inherit\"><strong><strong>Wie kann ich Beziehungen zu ausl\u00e4ndischen Schuldnern pflegen, um die Eintreibung von Forderungen in der Slowakei zu erleichtern?<\/strong><\/strong><\/h5><\/div><div class=\"advgb-accordion-body\" style=\"border-style:solid !important;border-width:1px !important;border-color:undefined !important;border-top:none !important;border-radius:2px !important\">\n\n<p>Forderungen im Ausland werden von unserem Unternehmen nicht direkt eingezogen. Wir schicken sie immer an unsere Sekundi-Partner. Wir sind der Meinung, dass das Inkasso von einem lokalen Inkassounternehmen am Ort des Schuldners durchgef\u00fchrt werden sollte.<\/p>\n\n<\/div><\/div>\n\n\n\n<div class=\"wp-block-advgb-accordion-item advgb-accordion-item\" style=\"margin-bottom:15px\"><div class=\"advgb-accordion-header\" style=\"background-color:#000;color:#eee;border-style:solid;border-width:1px;border-radius:2px\"><span class=\"advgb-accordion-header-icon\"><svg fill=\"#fff\" xmlns=\"http:\/\/www.w3.org\/2000\/svg\" width=\"24\" height=\"24\" viewBox=\"0 0 24 24\"><path fill=\"none\" d=\"M0,0h24v24H0V0z\"><\/path><path d=\"M12,5.83L15.17,9l1.41-1.41L12,3L7.41,7.59L8.83,9L12,5.83z M12,18.17L8.83,15l-1.41,1.41L12,21l4.59-4.59L15.17,15 L12,18.17z\"><\/path><\/svg><\/span><h5 class=\"advgb-accordion-header-title\" style=\"color:inherit\"><strong><strong>Wie kann ich die mit der Eintreibung von Forderungen in der Slowakei und in der Tschechischen Republik verbundenen Risiken bew\u00e4ltigen?<\/strong><\/strong><\/h5><\/div><div class=\"advgb-accordion-body\" style=\"border-style:solid !important;border-width:1px !important;border-color:undefined !important;border-top:none !important;border-radius:2px !important\">\n\n<p>Das Risiko der Vollstreckbarkeit wird verringert, wenn wir unsere Argumente mit Dokumenten und Vollmachten untermauern k\u00f6nnen. Andererseits steigt das Risiko der Zahlung einer Forderung mit zunehmender Zeit nach F\u00e4lligkeit der Forderung.<\/p>\n\n<\/div><\/div>\n<\/div>\n\n\n\n<div style=\"height:50px\" aria-hidden=\"true\" class=\"wp-block-spacer\"><\/div>\n<\/div><\/div>\n\n\n\n<div class=\"wp-block-group alignwide has-marron-background-color has-background\"><div class=\"wp-block-group__inner-container is-layout-constrained wp-block-group-is-layout-constrained\">\n<div style=\"height:30px\" aria-hidden=\"true\" class=\"wp-block-spacer\"><\/div>\n\n\n\n<div class=\"wp-block-columns are-vertically-aligned-center is-layout-flex wp-container-core-columns-is-layout-9d6595d7 wp-block-columns-is-layout-flex\">\n<div class=\"wp-block-column is-vertically-aligned-center is-layout-flow wp-block-column-is-layout-flow\" style=\"flex-basis:66.66%\">\n<p class=\"has-blanc-color has-text-color has-xxlarge-font-size\"><strong>Bestehen offene Forderungen<\/strong> <strong>in einem anderen Land und haben Sie Probleme, diese bezahlt zu bekommen?<\/strong><\/p>\n<\/div>\n\n\n\n<div class=\"wp-block-column is-vertically-aligned-center is-layout-flow wp-block-column-is-layout-flow\" style=\"flex-basis:33.33%\">\n<div class=\"wp-block-advgb-button aligncenter advgb-dyn-7a115c0d\"><a class=\"wp-block-advgb-button_link advgbbtn-cf4b924b-2b4d-4edc-bce9-c10c4dea7048\" href=\"https:\/\/sekundi.eu\/de\/senden-sie-ihre-forderungen\/\" target=\"_self\" rel=\"noopener noreferrer\"><span><span>Ihre Forderung einreichen<\/span><\/span><\/a><\/div>\n<\/div>\n<\/div>\n\n\n\n<div style=\"height:30px\" aria-hidden=\"true\" class=\"wp-block-spacer\"><\/div>\n<\/div><\/div>\n\n\n\n<div class=\"wp-block-group alignwide network\"><div class=\"wp-block-group__inner-container is-layout-constrained wp-block-group-is-layout-constrained\">\n<div style=\"height:50px\" aria-hidden=\"true\" class=\"wp-block-spacer\"><\/div>\n\n\n\n<p class=\"has-text-align-center marg0 has-marron-clair-color has-text-color has-small-font-size\"><strong>UNSER NETZWERK<\/strong><\/p>\n\n\n\n<h2 class=\"has-text-align-center marg0 wp-block-heading\">Connected countries<\/h2>\n\n\n\n<div style=\"height:30px\" aria-hidden=\"true\" class=\"wp-block-spacer\"><\/div>\n\n\n<ul class='country-sitemap'><li><a href='https:\/\/sekundi.eu\/de\/suedamerika\/'>Forderungseinzug in S\u00fcdamerika<\/a><ul><li><a href='https:\/\/sekundi.eu\/de\/suedamerika\/forderungseinzug-in-chile\/'><i class='fa-solid fa-map-pin'><\/i>Forderungseinzug in Chile<\/a><\/li><li><a href='https:\/\/sekundi.eu\/de\/suedamerika\/forderungseinzug-in-peru\/'><i class='fa-solid fa-map-pin'><\/i>Forderungseinzug in Peru<\/a><\/li><\/li><\/ul><\/li><\/ul>\n\n\n\n<div style=\"height:50px\" aria-hidden=\"true\" class=\"wp-block-spacer\"><\/div>\n<\/div><\/div>\n<style class=\"advgb-styles-renderer\">.advgbbtn-cf4b924b-2b4d-4edc-bce9-c10c4dea7048{font-size:18px;color:#fff !important;background-color:#7f634b !important;margin:0px 0px 0px 0px !important;padding:10px 30px 10px 30px;border-width:1px !important;border-color:#fff !important;border-style:solid !important;border-radius:50px !important;}.advgbbtn-cf4b924b-2b4d-4edc-bce9-c10c4dea7048:hover{color:#7f634b !important;background-color:#fff !important;box-shadow:0px 0px 0px 0px #ccc;opacity:1;transition:all 0s ease;}.advgbbtn-cf4b924b-2b4d-4edc-bce9-c10c4dea7048 > i {display: none !important;}.advgbbtn-cf4b924b-2b4d-4edc-bce9-c10c4dea7048{font-size:18px;color:#fff !important;background-color:#7f634b !important;margin:0px 0px 0px 0px !important;padding:10px 30px 10px 30px;border-width:1px !important;border-color:#fff !important;border-style:solid !important;border-radius:50px !important;}.advgbbtn-cf4b924b-2b4d-4edc-bce9-c10c4dea7048:hover{color:#7f634b !important;background-color:#fff !important;box-shadow:0px 0px 0px 0px #ccc;opacity:1;transition:all 0s ease;}.advgbbtn-cf4b924b-2b4d-4edc-bce9-c10c4dea7048 > i {display: none !important;}.advgbbtn-cf4b924b-2b4d-4edc-bce9-c10c4dea7048{font-size:18px;color:#fff !important;background-color:#7f634b !important;margin:0px 0px 0px 0px !important;padding:10px 30px 10px 30px;border-width:1px !important;border-color:#fff !important;border-style:solid !important;border-radius:50px !important;}.advgbbtn-cf4b924b-2b4d-4edc-bce9-c10c4dea7048:hover{color:#7f634b !important;background-color:#fff !important;box-shadow:0px 0px 0px 0px #ccc;opacity:1;transition:all 0s ease;}.advgbbtn-cf4b924b-2b4d-4edc-bce9-c10c4dea7048 > i {display: none !important;}.advgbbtn-cf4b924b-2b4d-4edc-bce9-c10c4dea7048{font-size:18px;color:#fff !important;background-color:#7f634b !important;margin:0px 0px 0px 0px !important;padding:10px 30px 10px 30px;border-width:1px !important;border-color:#fff !important;border-style:solid !important;border-radius:50px !important;}.advgbbtn-cf4b924b-2b4d-4edc-bce9-c10c4dea7048:hover{color:#7f634b !important;background-color:#fff !important;box-shadow:0px 0px 0px 0px #ccc;opacity:1;transition:all 0s ease;}.advgbbtn-cf4b924b-2b4d-4edc-bce9-c10c4dea7048 > i {display: none !important;}<\/style>","protected":false},"excerpt":{"rendered":"<p>Die Eintreibung von Forderungen in einem fremden Land ist nie eine leichte Aufgabe. Deshalb bietet Ihnen das Sekundi-Netzwerk die Dienste von Unternehmen an, die sich auf das Inkasso in Ihrem Land spezialisiert haben. Dank unseres Partners k\u00f6nnen wir die Abholung Ihrer Rechnung z. B. in der Tschechischen Republik oder der Slowakei \u00fcbernehmen. Wie l\u00e4sst sich [&hellip;]<\/p>\n","protected":false},"author":1,"featured_media":0,"parent":4491,"menu_order":337,"comment_status":"closed","ping_status":"closed","template":"","meta":{"advgb_blocks_editor_width":"","advgb_blocks_columns_visual_guide":"","footnotes":""},"class_list":["post-5226","page","type-page","status-publish","hentry"],"yoast_head":"<!-- This site is optimized with the Yoast SEO plugin v27.5 - https:\/\/yoast.com\/product\/yoast-seo-wordpress\/ -->\n<title>Beitreibung von Forderungen in der Slowakei<\/title>\n<meta name=\"description\" content=\"Haben Sie eine unbezahlte Rechnung in der Slowakei oder in der Tschechischen Republik? Nutzen Sie unser internationales Sammelnetz!\" \/>\n<meta name=\"robots\" content=\"index, follow, max-snippet:-1, max-image-preview:large, max-video-preview:-1\" \/>\n<link rel=\"canonical\" href=\"https:\/\/sekundi.eu\/de\/europa\/forderungseinzug-in-slowakei-und-tschechischen-republik\/\" \/>\n<meta property=\"og:locale\" content=\"de_DE\" \/>\n<meta property=\"og:type\" content=\"article\" \/>\n<meta property=\"og:title\" content=\"Beitreibung von Forderungen in der Slowakei\" \/>\n<meta property=\"og:description\" content=\"Haben Sie eine unbezahlte Rechnung in der Slowakei oder in der Tschechischen Republik? Nutzen Sie unser internationales Sammelnetz!\" \/>\n<meta property=\"og:url\" content=\"https:\/\/sekundi.eu\/de\/europa\/forderungseinzug-in-slowakei-und-tschechischen-republik\/\" \/>\n<meta property=\"og:site_name\" content=\"SEKUNDI\" \/>\n<meta property=\"article:modified_time\" content=\"2024-01-11T13:17:15+00:00\" \/>\n<meta property=\"og:image\" content=\"https:\/\/sekundi.eu\/wp-content\/uploads\/2023\/02\/recouvrement-amiable-3-1024x683.jpeg\" \/>\n<meta name=\"twitter:card\" content=\"summary_large_image\" \/>\n<meta name=\"twitter:label1\" content=\"Gesch\u00e4tzte Lesezeit\" \/>\n\t<meta name=\"twitter:data1\" content=\"3\u00a0Minuten\" \/>\n<script type=\"application\/ld+json\" class=\"yoast-schema-graph\">{\"@context\":\"https:\\\/\\\/schema.org\",\"@graph\":[{\"@type\":\"WebPage\",\"@id\":\"https:\\\/\\\/sekundi.eu\\\/de\\\/europa\\\/forderungseinzug-in-slowakei-und-tschechischen-republik\\\/\",\"url\":\"https:\\\/\\\/sekundi.eu\\\/de\\\/europa\\\/forderungseinzug-in-slowakei-und-tschechischen-republik\\\/\",\"name\":\"Beitreibung von Forderungen in der Slowakei\",\"isPartOf\":{\"@id\":\"https:\\\/\\\/sekundi.eu\\\/#website\"},\"primaryImageOfPage\":{\"@id\":\"https:\\\/\\\/sekundi.eu\\\/de\\\/europa\\\/forderungseinzug-in-slowakei-und-tschechischen-republik\\\/#primaryimage\"},\"image\":{\"@id\":\"https:\\\/\\\/sekundi.eu\\\/de\\\/europa\\\/forderungseinzug-in-slowakei-und-tschechischen-republik\\\/#primaryimage\"},\"thumbnailUrl\":\"https:\\\/\\\/sekundi.eu\\\/wp-content\\\/uploads\\\/2023\\\/02\\\/recouvrement-amiable-3-1024x683.jpeg\",\"datePublished\":\"2023-02-02T15:03:10+00:00\",\"dateModified\":\"2024-01-11T13:17:15+00:00\",\"description\":\"Haben Sie eine unbezahlte Rechnung in der Slowakei oder in der Tschechischen Republik? Nutzen Sie unser internationales Sammelnetz!\",\"breadcrumb\":{\"@id\":\"https:\\\/\\\/sekundi.eu\\\/de\\\/europa\\\/forderungseinzug-in-slowakei-und-tschechischen-republik\\\/#breadcrumb\"},\"inLanguage\":\"de\",\"potentialAction\":[{\"@type\":\"ReadAction\",\"target\":[\"https:\\\/\\\/sekundi.eu\\\/de\\\/europa\\\/forderungseinzug-in-slowakei-und-tschechischen-republik\\\/\"]}]},{\"@type\":\"ImageObject\",\"inLanguage\":\"de\",\"@id\":\"https:\\\/\\\/sekundi.eu\\\/de\\\/europa\\\/forderungseinzug-in-slowakei-und-tschechischen-republik\\\/#primaryimage\",\"url\":\"https:\\\/\\\/sekundi.eu\\\/wp-content\\\/uploads\\\/2023\\\/02\\\/recouvrement-amiable-3-1024x683.jpeg\",\"contentUrl\":\"https:\\\/\\\/sekundi.eu\\\/wp-content\\\/uploads\\\/2023\\\/02\\\/recouvrement-amiable-3-1024x683.jpeg\"},{\"@type\":\"BreadcrumbList\",\"@id\":\"https:\\\/\\\/sekundi.eu\\\/de\\\/europa\\\/forderungseinzug-in-slowakei-und-tschechischen-republik\\\/#breadcrumb\",\"itemListElement\":[{\"@type\":\"ListItem\",\"position\":1,\"name\":\"Accueil\",\"item\":\"https:\\\/\\\/sekundi.eu\\\/de\\\/\"},{\"@type\":\"ListItem\",\"position\":2,\"name\":\"Forderungseinzug in Europa\",\"item\":\"https:\\\/\\\/sekundi.eu\\\/de\\\/europa\\\/\"},{\"@type\":\"ListItem\",\"position\":3,\"name\":\"Beitreibung von Forderungen in der Slowakei und der Tschechischen Republik\"}]},{\"@type\":\"WebSite\",\"@id\":\"https:\\\/\\\/sekundi.eu\\\/#website\",\"url\":\"https:\\\/\\\/sekundi.eu\\\/\",\"name\":\"SEKUNDI\",\"description\":\"\",\"publisher\":{\"@id\":\"https:\\\/\\\/sekundi.eu\\\/#organization\"},\"potentialAction\":[{\"@type\":\"SearchAction\",\"target\":{\"@type\":\"EntryPoint\",\"urlTemplate\":\"https:\\\/\\\/sekundi.eu\\\/?s={search_term_string}\"},\"query-input\":{\"@type\":\"PropertyValueSpecification\",\"valueRequired\":true,\"valueName\":\"search_term_string\"}}],\"inLanguage\":\"de\"},{\"@type\":\"Organization\",\"@id\":\"https:\\\/\\\/sekundi.eu\\\/#organization\",\"name\":\"Sekundi\",\"url\":\"https:\\\/\\\/sekundi.eu\\\/\",\"logo\":{\"@type\":\"ImageObject\",\"inLanguage\":\"de\",\"@id\":\"https:\\\/\\\/sekundi.eu\\\/#\\\/schema\\\/logo\\\/image\\\/\",\"url\":\"https:\\\/\\\/sekundi.eu\\\/wp-content\\\/uploads\\\/2022\\\/12\\\/logo_sekundi.png\",\"contentUrl\":\"https:\\\/\\\/sekundi.eu\\\/wp-content\\\/uploads\\\/2022\\\/12\\\/logo_sekundi.png\",\"width\":171,\"height\":46,\"caption\":\"Sekundi\"},\"image\":{\"@id\":\"https:\\\/\\\/sekundi.eu\\\/#\\\/schema\\\/logo\\\/image\\\/\"}}]}<\/script>\n<!-- \/ Yoast SEO plugin. -->","yoast_head_json":{"title":"Beitreibung von Forderungen in der Slowakei","description":"Haben Sie eine unbezahlte Rechnung in der Slowakei oder in der Tschechischen Republik? Nutzen Sie unser internationales Sammelnetz!","robots":{"index":"index","follow":"follow","max-snippet":"max-snippet:-1","max-image-preview":"max-image-preview:large","max-video-preview":"max-video-preview:-1"},"canonical":"https:\/\/sekundi.eu\/de\/europa\/forderungseinzug-in-slowakei-und-tschechischen-republik\/","og_locale":"de_DE","og_type":"article","og_title":"Beitreibung von Forderungen in der Slowakei","og_description":"Haben Sie eine unbezahlte Rechnung in der Slowakei oder in der Tschechischen Republik? Nutzen Sie unser internationales Sammelnetz!","og_url":"https:\/\/sekundi.eu\/de\/europa\/forderungseinzug-in-slowakei-und-tschechischen-republik\/","og_site_name":"SEKUNDI","article_modified_time":"2024-01-11T13:17:15+00:00","og_image":[{"url":"https:\/\/sekundi.eu\/wp-content\/uploads\/2023\/02\/recouvrement-amiable-3-1024x683.jpeg","type":"","width":"","height":""}],"twitter_card":"summary_large_image","twitter_misc":{"Gesch\u00e4tzte Lesezeit":"3\u00a0Minuten"},"schema":{"@context":"https:\/\/schema.org","@graph":[{"@type":"WebPage","@id":"https:\/\/sekundi.eu\/de\/europa\/forderungseinzug-in-slowakei-und-tschechischen-republik\/","url":"https:\/\/sekundi.eu\/de\/europa\/forderungseinzug-in-slowakei-und-tschechischen-republik\/","name":"Beitreibung von Forderungen in der Slowakei","isPartOf":{"@id":"https:\/\/sekundi.eu\/#website"},"primaryImageOfPage":{"@id":"https:\/\/sekundi.eu\/de\/europa\/forderungseinzug-in-slowakei-und-tschechischen-republik\/#primaryimage"},"image":{"@id":"https:\/\/sekundi.eu\/de\/europa\/forderungseinzug-in-slowakei-und-tschechischen-republik\/#primaryimage"},"thumbnailUrl":"https:\/\/sekundi.eu\/wp-content\/uploads\/2023\/02\/recouvrement-amiable-3-1024x683.jpeg","datePublished":"2023-02-02T15:03:10+00:00","dateModified":"2024-01-11T13:17:15+00:00","description":"Haben Sie eine unbezahlte Rechnung in der Slowakei oder in der Tschechischen Republik? Nutzen Sie unser internationales Sammelnetz!","breadcrumb":{"@id":"https:\/\/sekundi.eu\/de\/europa\/forderungseinzug-in-slowakei-und-tschechischen-republik\/#breadcrumb"},"inLanguage":"de","potentialAction":[{"@type":"ReadAction","target":["https:\/\/sekundi.eu\/de\/europa\/forderungseinzug-in-slowakei-und-tschechischen-republik\/"]}]},{"@type":"ImageObject","inLanguage":"de","@id":"https:\/\/sekundi.eu\/de\/europa\/forderungseinzug-in-slowakei-und-tschechischen-republik\/#primaryimage","url":"https:\/\/sekundi.eu\/wp-content\/uploads\/2023\/02\/recouvrement-amiable-3-1024x683.jpeg","contentUrl":"https:\/\/sekundi.eu\/wp-content\/uploads\/2023\/02\/recouvrement-amiable-3-1024x683.jpeg"},{"@type":"BreadcrumbList","@id":"https:\/\/sekundi.eu\/de\/europa\/forderungseinzug-in-slowakei-und-tschechischen-republik\/#breadcrumb","itemListElement":[{"@type":"ListItem","position":1,"name":"Accueil","item":"https:\/\/sekundi.eu\/de\/"},{"@type":"ListItem","position":2,"name":"Forderungseinzug in Europa","item":"https:\/\/sekundi.eu\/de\/europa\/"},{"@type":"ListItem","position":3,"name":"Beitreibung von Forderungen in der Slowakei und der Tschechischen Republik"}]},{"@type":"WebSite","@id":"https:\/\/sekundi.eu\/#website","url":"https:\/\/sekundi.eu\/","name":"SEKUNDI","description":"","publisher":{"@id":"https:\/\/sekundi.eu\/#organization"},"potentialAction":[{"@type":"SearchAction","target":{"@type":"EntryPoint","urlTemplate":"https:\/\/sekundi.eu\/?s={search_term_string}"},"query-input":{"@type":"PropertyValueSpecification","valueRequired":true,"valueName":"search_term_string"}}],"inLanguage":"de"},{"@type":"Organization","@id":"https:\/\/sekundi.eu\/#organization","name":"Sekundi","url":"https:\/\/sekundi.eu\/","logo":{"@type":"ImageObject","inLanguage":"de","@id":"https:\/\/sekundi.eu\/#\/schema\/logo\/image\/","url":"https:\/\/sekundi.eu\/wp-content\/uploads\/2022\/12\/logo_sekundi.png","contentUrl":"https:\/\/sekundi.eu\/wp-content\/uploads\/2022\/12\/logo_sekundi.png","width":171,"height":46,"caption":"Sekundi"},"image":{"@id":"https:\/\/sekundi.eu\/#\/schema\/logo\/image\/"}}]}},"coauthors":[],"author_meta":{"author_link":"https:\/\/sekundi.eu\/de\/author\/sekimageundi\/","display_name":"Les Imageurs"},"relative_dates":{"created":"Ver\u00f6ffentlicht 3\u00a0Jahren vor","modified":"Aktualisiert 2\u00a0Jahren vor"},"absolute_dates":{"created":"Ver\u00f6ffentlicht am 2. Februar 2023","modified":"Aktualisiert am 11. Januar 2024"},"absolute_dates_time":{"created":"Ver\u00f6ffentlicht am 2. Februar 2023 16:03","modified":"Aktualisiert am 11. Januar 2024 14:17"},"featured_img_caption":"","featured_img":false,"series_order":"","_links":{"self":[{"href":"https:\/\/sekundi.eu\/de\/wp-json\/wp\/v2\/pages\/5226","targetHints":{"allow":["GET"]}}],"collection":[{"href":"https:\/\/sekundi.eu\/de\/wp-json\/wp\/v2\/pages"}],"about":[{"href":"https:\/\/sekundi.eu\/de\/wp-json\/wp\/v2\/types\/page"}],"author":[{"embeddable":true,"href":"https:\/\/sekundi.eu\/de\/wp-json\/wp\/v2\/users\/1"}],"replies":[{"embeddable":true,"href":"https:\/\/sekundi.eu\/de\/wp-json\/wp\/v2\/comments?post=5226"}],"version-history":[{"count":6,"href":"https:\/\/sekundi.eu\/de\/wp-json\/wp\/v2\/pages\/5226\/revisions"}],"predecessor-version":[{"id":8177,"href":"https:\/\/sekundi.eu\/de\/wp-json\/wp\/v2\/pages\/5226\/revisions\/8177"}],"up":[{"embeddable":true,"href":"https:\/\/sekundi.eu\/de\/wp-json\/wp\/v2\/pages\/4491"}],"wp:attachment":[{"href":"https:\/\/sekundi.eu\/de\/wp-json\/wp\/v2\/media?parent=5226"}],"curies":[{"name":"wp","href":"https:\/\/api.w.org\/{rel}","templated":true}]}}