{"id":2348,"date":"2022-12-26T10:00:32","date_gmt":"2022-12-26T09:00:32","guid":{"rendered":"https:\/\/sekundi.eu\/precios\/"},"modified":"2023-02-17T15:26:22","modified_gmt":"2023-02-17T14:26:22","slug":"precios","status":"publish","type":"page","link":"https:\/\/sekundi.eu\/es\/precios\/","title":{"rendered":"Precios"},"content":{"rendered":"\n<div class=\"wp-block-columns are-vertically-aligned-center is-layout-flex wp-container-core-columns-is-layout-9d6595d7 wp-block-columns-is-layout-flex\">\n<div class=\"wp-block-column is-vertically-aligned-center is-layout-flow wp-block-column-is-layout-flow\">\n<figure class=\"wp-block-image size-full shadow animated fadeInLeft delay-100ms\"><img loading=\"lazy\" decoding=\"async\" width=\"600\" height=\"400\" src=\"https:\/\/sekundi.eu\/wp-content\/uploads\/2023\/02\/recouvrement-internationnal.jpeg\" alt=\"\" class=\"wp-image-2046\" srcset=\"https:\/\/sekundi.eu\/wp-content\/uploads\/2023\/02\/recouvrement-internationnal.jpeg 600w, https:\/\/sekundi.eu\/wp-content\/uploads\/2023\/02\/recouvrement-internationnal-300x200.jpeg 300w\" sizes=\"auto, (max-width: 600px) 100vw, 600px\" \/><\/figure>\n<\/div>\n\n\n\n<div class=\"wp-block-column is-vertically-aligned-center is-layout-flow wp-block-column-is-layout-flow\">\n<h2 class=\"wp-block-heading\">Una sola tarifa para todos los pa\u00edses cubiertos<\/h2>\n\n\n\n<p>Sekundi tiene una tarifa \u00fanica para toda Europa, los pa\u00edses de la CEI, la regi\u00f3n NEMA, la mayor\u00eda de los pa\u00edses de \u00c1frica, Norteam\u00e9rica y partes de Sudam\u00e9rica.<\/p>\n\n\n\n<p>En estos pa\u00edses, la tarifa se basa en el principio \"no cure no pay\" y es del 15%.<\/p>\n\n\n\n<p>Por lo tanto, s\u00f3lo pagar\u00e1 cuando tengamos \u00e9xito y entonces pagar\u00e1 el 15% sobre el importe cobrado.<\/p>\n\n\n\n<p>En los dem\u00e1s pa\u00edses en los que podemos ayudarle, podemos hacerle una oferta en cuanto nos solicite el cobro de una deuda.<\/p>\n\n\n\n<p>El principio \"no cure no pay\" es aplicable a la fase punible del expediente.<\/p>\n\n\n\n<p>Si tenemos que recurrir a la justicia, lo que s\u00f3lo se har\u00e1 despu\u00e9s de que el cliente d\u00e9 su visto bueno, habr\u00e1 costes implicados; estos costes ser\u00e1n transparentes y conocidos por usted antes del inicio de un procedimiento legal.<\/p>\n<\/div>\n<\/div>\n\n\n\n<div style=\"height:58px\" aria-hidden=\"true\" class=\"wp-block-spacer\"><\/div>\n\n\n\n<div class=\"wp-block-group alignwide has-marron-background-color has-background\"><div class=\"wp-block-group__inner-container is-layout-constrained wp-block-group-is-layout-constrained\">\n<div style=\"height:30px\" aria-hidden=\"true\" class=\"wp-block-spacer\"><\/div>\n\n\n\n<div class=\"wp-block-columns are-vertically-aligned-center is-layout-flex wp-container-core-columns-is-layout-9d6595d7 wp-block-columns-is-layout-flex\">\n<div class=\"wp-block-column is-vertically-aligned-center is-layout-flow wp-block-column-is-layout-flow\" style=\"flex-basis:66.66%\">\n<p class=\"has-blanc-color has-text-color has-xxlarge-font-size\"><strong>\u00bfTiene deudas pendientes en otro pa\u00eds y<\/strong> <strong>tiene problemas para cobrarlas?<\/strong><\/p>\n<\/div>\n\n\n\n<div class=\"wp-block-column is-vertically-aligned-center is-layout-flow wp-block-column-is-layout-flow\" style=\"flex-basis:33.33%\">\n<div class=\"wp-block-advgb-button aligncenter advgb-dyn-de45f580\"><a class=\"wp-block-advgb-button_link advgbbtn-3f0f76f6-2322-4a40-90ae-7bbd1725b1fa\" href=\"https:\/\/sekundi.eu\/es\/contacte-con\/\" target=\"_self\" rel=\"noopener noreferrer\"><span><span>Presente su reclamaci\u00f3n<\/span><\/span><\/a><\/div>\n<\/div>\n<\/div>\n\n\n\n<div style=\"height:30px\" aria-hidden=\"true\" class=\"wp-block-spacer\"><\/div>\n<\/div><\/div>\n\n\n\n<div class=\"wp-block-group alignwide network\"><div class=\"wp-block-group__inner-container is-layout-constrained wp-block-group-is-layout-constrained\">\n<div style=\"height:50px\" aria-hidden=\"true\" class=\"wp-block-spacer\"><\/div>\n\n\n\n<p class=\"has-text-align-center marg0 has-marron-clair-color has-text-color has-small-font-size\"><strong>NUESTRA RED<\/strong><\/p>\n\n\n\n<h2 class=\"has-text-align-center marg0 wp-block-heading\">Pa\u00edses cubiertos<\/h2>\n\n\n\n<div style=\"height:30px\" aria-hidden=\"true\" class=\"wp-block-spacer\"><\/div>\n\n\n<ul class='country-sitemap'><li><a href='https:\/\/sekundi.eu\/es\/sudamerica\/'>Cobro de deudas en Sudam\u00e9rica<\/a><ul><li><a href='https:\/\/sekundi.eu\/es\/sudamerica\/cobro-de-deudas-en-chile\/'><i class='fa-solid fa-map-pin'><\/i>Cobro de deudas en Chile<\/a><\/li><li><a href='https:\/\/sekundi.eu\/es\/sudamerica\/cobro-de-deudas-en-peru\/'><i class='fa-solid fa-map-pin'><\/i>Cobro de deudas en Per\u00fa<\/a><\/li><\/li><\/ul><\/li><\/ul>\n\n\n\n<div style=\"height:50px\" aria-hidden=\"true\" class=\"wp-block-spacer\"><\/div>\n<\/div><\/div>\n<style class=\"advgb-styles-renderer\">.advgbbtn-3f0f76f6-2322-4a40-90ae-7bbd1725b1fa{font-size:18px;color:#fff !important;background-color:#7f634b !important;margin:0px 0px 0px 0px !important;padding:10px 30px 10px 30px;border-width:1px !important;border-color:#fff !important;border-style:solid !important;border-radius:50px !important;}.advgbbtn-3f0f76f6-2322-4a40-90ae-7bbd1725b1fa:hover{color:#7f634b !important;background-color:#fff !important;box-shadow:0px 0px 0px 0px #ccc;opacity:1;transition:all 0s ease;}.advgbbtn-3f0f76f6-2322-4a40-90ae-7bbd1725b1fa > i {display: none !important;}.advgbbtn-3f0f76f6-2322-4a40-90ae-7bbd1725b1fa{font-size:18px;color:#fff !important;background-color:#7f634b !important;margin:0px 0px 0px 0px !important;padding:10px 30px 10px 30px;border-width:1px !important;border-color:#fff !important;border-style:solid !important;border-radius:50px !important;}.advgbbtn-3f0f76f6-2322-4a40-90ae-7bbd1725b1fa:hover{color:#7f634b !important;background-color:#fff !important;box-shadow:0px 0px 0px 0px #ccc;opacity:1;transition:all 0s ease;}.advgbbtn-3f0f76f6-2322-4a40-90ae-7bbd1725b1fa > i {display: none !important;}.advgbbtn-3f0f76f6-2322-4a40-90ae-7bbd1725b1fa{font-size:18px;color:#fff !important;background-color:#7f634b !important;margin:0px 0px 0px 0px !important;padding:10px 30px 10px 30px;border-width:1px !important;border-color:#fff !important;border-style:solid !important;border-radius:50px !important;}.advgbbtn-3f0f76f6-2322-4a40-90ae-7bbd1725b1fa:hover{color:#7f634b !important;background-color:#fff !important;box-shadow:0px 0px 0px 0px #ccc;opacity:1;transition:all 0s ease;}.advgbbtn-3f0f76f6-2322-4a40-90ae-7bbd1725b1fa > i {display: none !important;}.advgbbtn-3f0f76f6-2322-4a40-90ae-7bbd1725b1fa{font-size:18px;color:#fff !important;background-color:#7f634b !important;margin:0px 0px 0px 0px !important;padding:10px 30px 10px 30px;border-width:1px !important;border-color:#fff !important;border-style:solid !important;border-radius:50px !important;}.advgbbtn-3f0f76f6-2322-4a40-90ae-7bbd1725b1fa:hover{color:#7f634b !important;background-color:#fff !important;box-shadow:0px 0px 0px 0px #ccc;opacity:1;transition:all 0s ease;}.advgbbtn-3f0f76f6-2322-4a40-90ae-7bbd1725b1fa > i {display: none !important;}<\/style>","protected":false},"excerpt":{"rendered":"<p>Una sola tarifa para todos los pa\u00edses cubiertos Sekundi tiene una tarifa \u00fanica para toda Europa, los pa\u00edses de la CEI, la regi\u00f3n NEMA, la mayor\u00eda de los pa\u00edses de \u00c1frica, Norteam\u00e9rica y partes de Sudam\u00e9rica. En estos pa\u00edses, la tarifa se basa en el principio \u00abno cure no pay\u00bb y es del 15%. Por [&hellip;]<\/p>\n","protected":false},"author":1,"featured_media":0,"parent":0,"menu_order":64,"comment_status":"closed","ping_status":"closed","template":"","meta":{"advgb_blocks_editor_width":"","advgb_blocks_columns_visual_guide":"","footnotes":""},"class_list":["post-2348","page","type-page","status-publish","hentry"],"yoast_head":"<!-- This site is optimized with the Yoast SEO plugin v27.5 - https:\/\/yoast.com\/product\/yoast-seo-wordpress\/ -->\n<title>Precios - Recuperaci\u00f3n de deuda internacional<\/title>\n<meta name=\"description\" content=\"Sekundi tiene una tarifa \u00fanica para toda Europa, los pa\u00edses de la CEI, la regi\u00f3n NEMA, la mayor\u00eda de los pa\u00edses de \u00c1frica, Norteam\u00e9rica y partes de Sudam\u00e9rica.\" \/>\n<meta name=\"robots\" content=\"index, follow, max-snippet:-1, max-image-preview:large, max-video-preview:-1\" \/>\n<link rel=\"canonical\" href=\"https:\/\/sekundi.eu\/es\/precios\/\" \/>\n<meta property=\"og:locale\" content=\"es_ES\" \/>\n<meta property=\"og:type\" content=\"article\" \/>\n<meta property=\"og:title\" content=\"Precios - Recuperaci\u00f3n de deuda internacional\" \/>\n<meta property=\"og:description\" content=\"Sekundi tiene una tarifa \u00fanica para toda Europa, los pa\u00edses de la CEI, la regi\u00f3n NEMA, la mayor\u00eda de los pa\u00edses de \u00c1frica, Norteam\u00e9rica y partes de Sudam\u00e9rica.\" \/>\n<meta property=\"og:url\" content=\"https:\/\/sekundi.eu\/es\/precios\/\" \/>\n<meta property=\"og:site_name\" content=\"SEKUNDI\" \/>\n<meta property=\"article:modified_time\" content=\"2023-02-17T14:26:22+00:00\" \/>\n<meta property=\"og:image\" content=\"https:\/\/sekundi.eu\/wp-content\/uploads\/2023\/02\/recouvrement-internationnal.jpeg\" \/>\n<meta name=\"twitter:card\" content=\"summary_large_image\" \/>\n<meta name=\"twitter:label1\" content=\"Tiempo de lectura\" \/>\n\t<meta name=\"twitter:data1\" content=\"1 minuto\" \/>\n<script type=\"application\/ld+json\" class=\"yoast-schema-graph\">{\"@context\":\"https:\\\/\\\/schema.org\",\"@graph\":[{\"@type\":\"WebPage\",\"@id\":\"https:\\\/\\\/sekundi.eu\\\/es\\\/precios\\\/\",\"url\":\"https:\\\/\\\/sekundi.eu\\\/es\\\/precios\\\/\",\"name\":\"Precios - Recuperaci\u00f3n de deuda internacional\",\"isPartOf\":{\"@id\":\"https:\\\/\\\/sekundi.eu\\\/#website\"},\"primaryImageOfPage\":{\"@id\":\"https:\\\/\\\/sekundi.eu\\\/es\\\/precios\\\/#primaryimage\"},\"image\":{\"@id\":\"https:\\\/\\\/sekundi.eu\\\/es\\\/precios\\\/#primaryimage\"},\"thumbnailUrl\":\"https:\\\/\\\/sekundi.eu\\\/wp-content\\\/uploads\\\/2023\\\/02\\\/recouvrement-internationnal.jpeg\",\"datePublished\":\"2022-12-26T09:00:32+00:00\",\"dateModified\":\"2023-02-17T14:26:22+00:00\",\"description\":\"Sekundi tiene una tarifa \u00fanica para toda Europa, los pa\u00edses de la CEI, la regi\u00f3n NEMA, la mayor\u00eda de los pa\u00edses de \u00c1frica, Norteam\u00e9rica y partes de Sudam\u00e9rica.\",\"breadcrumb\":{\"@id\":\"https:\\\/\\\/sekundi.eu\\\/es\\\/precios\\\/#breadcrumb\"},\"inLanguage\":\"es\",\"potentialAction\":[{\"@type\":\"ReadAction\",\"target\":[\"https:\\\/\\\/sekundi.eu\\\/es\\\/precios\\\/\"]}]},{\"@type\":\"ImageObject\",\"inLanguage\":\"es\",\"@id\":\"https:\\\/\\\/sekundi.eu\\\/es\\\/precios\\\/#primaryimage\",\"url\":\"https:\\\/\\\/sekundi.eu\\\/wp-content\\\/uploads\\\/2023\\\/02\\\/recouvrement-internationnal.jpeg\",\"contentUrl\":\"https:\\\/\\\/sekundi.eu\\\/wp-content\\\/uploads\\\/2023\\\/02\\\/recouvrement-internationnal.jpeg\"},{\"@type\":\"BreadcrumbList\",\"@id\":\"https:\\\/\\\/sekundi.eu\\\/es\\\/precios\\\/#breadcrumb\",\"itemListElement\":[{\"@type\":\"ListItem\",\"position\":1,\"name\":\"Accueil\",\"item\":\"https:\\\/\\\/sekundi.eu\\\/es\\\/\"},{\"@type\":\"ListItem\",\"position\":2,\"name\":\"Precios\"}]},{\"@type\":\"WebSite\",\"@id\":\"https:\\\/\\\/sekundi.eu\\\/#website\",\"url\":\"https:\\\/\\\/sekundi.eu\\\/\",\"name\":\"SEKUNDI\",\"description\":\"\",\"publisher\":{\"@id\":\"https:\\\/\\\/sekundi.eu\\\/#organization\"},\"potentialAction\":[{\"@type\":\"SearchAction\",\"target\":{\"@type\":\"EntryPoint\",\"urlTemplate\":\"https:\\\/\\\/sekundi.eu\\\/?s={search_term_string}\"},\"query-input\":{\"@type\":\"PropertyValueSpecification\",\"valueRequired\":true,\"valueName\":\"search_term_string\"}}],\"inLanguage\":\"es\"},{\"@type\":\"Organization\",\"@id\":\"https:\\\/\\\/sekundi.eu\\\/#organization\",\"name\":\"Sekundi\",\"url\":\"https:\\\/\\\/sekundi.eu\\\/\",\"logo\":{\"@type\":\"ImageObject\",\"inLanguage\":\"es\",\"@id\":\"https:\\\/\\\/sekundi.eu\\\/#\\\/schema\\\/logo\\\/image\\\/\",\"url\":\"https:\\\/\\\/sekundi.eu\\\/wp-content\\\/uploads\\\/2022\\\/12\\\/logo_sekundi.png\",\"contentUrl\":\"https:\\\/\\\/sekundi.eu\\\/wp-content\\\/uploads\\\/2022\\\/12\\\/logo_sekundi.png\",\"width\":171,\"height\":46,\"caption\":\"Sekundi\"},\"image\":{\"@id\":\"https:\\\/\\\/sekundi.eu\\\/#\\\/schema\\\/logo\\\/image\\\/\"}}]}<\/script>\n<!-- \/ Yoast SEO plugin. -->","yoast_head_json":{"title":"Precios - Recuperaci\u00f3n de deuda internacional","description":"Sekundi tiene una tarifa \u00fanica para toda Europa, los pa\u00edses de la CEI, la regi\u00f3n NEMA, la mayor\u00eda de los pa\u00edses de \u00c1frica, Norteam\u00e9rica y partes de Sudam\u00e9rica.","robots":{"index":"index","follow":"follow","max-snippet":"max-snippet:-1","max-image-preview":"max-image-preview:large","max-video-preview":"max-video-preview:-1"},"canonical":"https:\/\/sekundi.eu\/es\/precios\/","og_locale":"es_ES","og_type":"article","og_title":"Precios - Recuperaci\u00f3n de deuda internacional","og_description":"Sekundi tiene una tarifa \u00fanica para toda Europa, los pa\u00edses de la CEI, la regi\u00f3n NEMA, la mayor\u00eda de los pa\u00edses de \u00c1frica, Norteam\u00e9rica y partes de Sudam\u00e9rica.","og_url":"https:\/\/sekundi.eu\/es\/precios\/","og_site_name":"SEKUNDI","article_modified_time":"2023-02-17T14:26:22+00:00","og_image":[{"url":"https:\/\/sekundi.eu\/wp-content\/uploads\/2023\/02\/recouvrement-internationnal.jpeg","type":"","width":"","height":""}],"twitter_card":"summary_large_image","twitter_misc":{"Tiempo de lectura":"1 minuto"},"schema":{"@context":"https:\/\/schema.org","@graph":[{"@type":"WebPage","@id":"https:\/\/sekundi.eu\/es\/precios\/","url":"https:\/\/sekundi.eu\/es\/precios\/","name":"Precios - Recuperaci\u00f3n de deuda internacional","isPartOf":{"@id":"https:\/\/sekundi.eu\/#website"},"primaryImageOfPage":{"@id":"https:\/\/sekundi.eu\/es\/precios\/#primaryimage"},"image":{"@id":"https:\/\/sekundi.eu\/es\/precios\/#primaryimage"},"thumbnailUrl":"https:\/\/sekundi.eu\/wp-content\/uploads\/2023\/02\/recouvrement-internationnal.jpeg","datePublished":"2022-12-26T09:00:32+00:00","dateModified":"2023-02-17T14:26:22+00:00","description":"Sekundi tiene una tarifa \u00fanica para toda Europa, los pa\u00edses de la CEI, la regi\u00f3n NEMA, la mayor\u00eda de los pa\u00edses de \u00c1frica, Norteam\u00e9rica y partes de Sudam\u00e9rica.","breadcrumb":{"@id":"https:\/\/sekundi.eu\/es\/precios\/#breadcrumb"},"inLanguage":"es","potentialAction":[{"@type":"ReadAction","target":["https:\/\/sekundi.eu\/es\/precios\/"]}]},{"@type":"ImageObject","inLanguage":"es","@id":"https:\/\/sekundi.eu\/es\/precios\/#primaryimage","url":"https:\/\/sekundi.eu\/wp-content\/uploads\/2023\/02\/recouvrement-internationnal.jpeg","contentUrl":"https:\/\/sekundi.eu\/wp-content\/uploads\/2023\/02\/recouvrement-internationnal.jpeg"},{"@type":"BreadcrumbList","@id":"https:\/\/sekundi.eu\/es\/precios\/#breadcrumb","itemListElement":[{"@type":"ListItem","position":1,"name":"Accueil","item":"https:\/\/sekundi.eu\/es\/"},{"@type":"ListItem","position":2,"name":"Precios"}]},{"@type":"WebSite","@id":"https:\/\/sekundi.eu\/#website","url":"https:\/\/sekundi.eu\/","name":"SEKUNDI","description":"","publisher":{"@id":"https:\/\/sekundi.eu\/#organization"},"potentialAction":[{"@type":"SearchAction","target":{"@type":"EntryPoint","urlTemplate":"https:\/\/sekundi.eu\/?s={search_term_string}"},"query-input":{"@type":"PropertyValueSpecification","valueRequired":true,"valueName":"search_term_string"}}],"inLanguage":"es"},{"@type":"Organization","@id":"https:\/\/sekundi.eu\/#organization","name":"Sekundi","url":"https:\/\/sekundi.eu\/","logo":{"@type":"ImageObject","inLanguage":"es","@id":"https:\/\/sekundi.eu\/#\/schema\/logo\/image\/","url":"https:\/\/sekundi.eu\/wp-content\/uploads\/2022\/12\/logo_sekundi.png","contentUrl":"https:\/\/sekundi.eu\/wp-content\/uploads\/2022\/12\/logo_sekundi.png","width":171,"height":46,"caption":"Sekundi"},"image":{"@id":"https:\/\/sekundi.eu\/#\/schema\/logo\/image\/"}}]}},"coauthors":[],"author_meta":{"author_link":"https:\/\/sekundi.eu\/es\/author\/sekimageundi\/","display_name":"Les Imageurs"},"relative_dates":{"created":"Publicado 3 a\u00f1os hace","modified":"Actualizado 3 a\u00f1os hace"},"absolute_dates":{"created":"Publicado el 26 de diciembre de 2022","modified":"Actualizado el 17 de febrero de 2023"},"absolute_dates_time":{"created":"Publicado el 26 de diciembre de 2022 10:00","modified":"Actualizado el 17 de febrero de 2023 15:26"},"featured_img_caption":"","featured_img":false,"series_order":"","_links":{"self":[{"href":"https:\/\/sekundi.eu\/es\/wp-json\/wp\/v2\/pages\/2348","targetHints":{"allow":["GET"]}}],"collection":[{"href":"https:\/\/sekundi.eu\/es\/wp-json\/wp\/v2\/pages"}],"about":[{"href":"https:\/\/sekundi.eu\/es\/wp-json\/wp\/v2\/types\/page"}],"author":[{"embeddable":true,"href":"https:\/\/sekundi.eu\/es\/wp-json\/wp\/v2\/users\/1"}],"replies":[{"embeddable":true,"href":"https:\/\/sekundi.eu\/es\/wp-json\/wp\/v2\/comments?post=2348"}],"version-history":[{"count":2,"href":"https:\/\/sekundi.eu\/es\/wp-json\/wp\/v2\/pages\/2348\/revisions"}],"predecessor-version":[{"id":6386,"href":"https:\/\/sekundi.eu\/es\/wp-json\/wp\/v2\/pages\/2348\/revisions\/6386"}],"wp:attachment":[{"href":"https:\/\/sekundi.eu\/es\/wp-json\/wp\/v2\/media?parent=2348"}],"curies":[{"name":"wp","href":"https:\/\/api.w.org\/{rel}","templated":true}]}}