{"id":2402,"date":"2022-12-26T09:59:57","date_gmt":"2022-12-26T08:59:57","guid":{"rendered":"https:\/\/sekundi.eu\/sekundi\/"},"modified":"2025-01-07T16:44:48","modified_gmt":"2025-01-07T15:44:48","slug":"sekundi","status":"publish","type":"page","link":"https:\/\/sekundi.eu\/es\/sekundi\/","title":{"rendered":"Sekundi : Cobro de deudas en todo el mundo"},"content":{"rendered":"\n<div style=\"height:30px\" aria-hidden=\"true\" class=\"wp-block-spacer\"><\/div>\n\n\n\n<div style=\"height:30px\" aria-hidden=\"true\" class=\"wp-block-spacer\"><\/div>\n\n\n\n<div class=\"wp-block-columns is-layout-flex wp-container-core-columns-is-layout-9d6595d7 wp-block-columns-is-layout-flex\">\n<div class=\"wp-block-column animated fadeIn delay-100ms is-layout-flow wp-block-column-is-layout-flow\">\n<p class=\"has-marron-clair-color has-text-color has-small-font-size\"><strong>COBRO INTERNACIONAL DE DEUDAS<\/strong><\/p>\n\n\n\n<h2 class=\"wp-block-heading marg0\" id=\"debt-collection-worldwide-69394841-8e5e-43bb-8c94-ebd49164984b\"><strong>Cobro de deudas en todo el mundo<\/strong><\/h2>\n\n\n\n<p>Bas\u00e1ndose en muchos a\u00f1os de experiencia, nuestros expertos locales garantizan el cobro eficaz de sus deudas. Sekundi puede ofrecer el cobro amistoso de deudas, as\u00ed como el cobro de deudas impugnadas mediante acciones judiciales.<\/p>\n\n\n\n<p>Para Sekundi es una cuesti\u00f3n de honor tratar con equidad a los deudores, aunque ellos mismos hayan incumplido el pago de las facturas, para no poner en peligro la relaci\u00f3n comercial que cultiva con sus clientes.<\/p>\n\n\n\n<div style=\"height:30px\" aria-hidden=\"true\" class=\"wp-block-spacer\"><\/div>\n\n\n\n<div class=\"wp-block-advgb-button alignnone\"><a class=\"wp-block-advgb-button_link advgbbtn-c527b67f-5019-46e5-a44e-39326bb26383\" href=\"https:\/\/sekundi.eu\/contact\/\" target=\"_self\" rel=\"noopener noreferrer\"><span>Contacte con nosotros<\/span><\/a><\/div>\n<\/div>\n\n\n\n<div class=\"wp-block-column animated fadeInUp delay-1s is-layout-flow wp-block-column-is-layout-flow\">\n<figure class=\"wp-block-embed is-type-video is-provider-youtube wp-block-embed-youtube wp-embed-aspect-4-3 wp-has-aspect-ratio\"><div class=\"wp-block-embed__wrapper\">\n<iframe loading=\"lazy\" title=\"Sekundi network\" width=\"500\" height=\"375\" src=\"https:\/\/www.youtube.com\/embed\/ZscblyRS6uQ?feature=oembed\" frameborder=\"0\" allow=\"accelerometer; autoplay; clipboard-write; encrypted-media; gyroscope; picture-in-picture; web-share\" referrerpolicy=\"strict-origin-when-cross-origin\" allowfullscreen><\/iframe>\n<\/div><\/figure>\n<\/div>\n<\/div>\n\n\n\n<div style=\"height:50px\" aria-hidden=\"true\" class=\"wp-block-spacer\"><\/div>\n\n\n\n<div class=\"wp-block-columns is-layout-flex wp-container-core-columns-is-layout-9d6595d7 wp-block-columns-is-layout-flex\">\n<div class=\"wp-block-column animated fadeIn delay-200ms is-layout-flow wp-block-column-is-layout-flow\">\n<figure class=\"wp-block-image size-full\"><img loading=\"lazy\" decoding=\"async\" width=\"600\" height=\"400\" src=\"https:\/\/sekundi.eu\/wp-content\/uploads\/2023\/02\/pourquoi-les-services-ssp-collect-min.jpeg\" alt=\"\" class=\"wp-image-1843\" srcset=\"https:\/\/sekundi.eu\/wp-content\/uploads\/2023\/02\/pourquoi-les-services-ssp-collect-min.jpeg 600w, https:\/\/sekundi.eu\/wp-content\/uploads\/2023\/02\/pourquoi-les-services-ssp-collect-min-300x200.jpeg 300w\" sizes=\"auto, (max-width: 600px) 100vw, 600px\" \/><\/figure>\n<\/div>\n\n\n\n<div class=\"wp-block-column animated fadeIn delay-200ms is-layout-flow wp-block-column-is-layout-flow\">\n<h3 class=\"wp-block-heading marg0\">Cobro de facturas impagadas B2B<\/h3>\n\n\n\n<p><strong>Para las deudas que entran en el \u00e1mbito de Business-to-Business,<\/strong><\/p>\n\n\n\n<p>hay que tener en cuenta dos puntos esenciales: un enfoque r\u00e1pido e inmediato y la consideraci\u00f3n de las exigencias espec\u00edficas de su empresa.<\/p>\n\n\n\n<p>Aunque nos centramos en cobrar su deuda, nunca abandonamos nuestros principios de respeto y \u00e9tica, permiti\u00e9ndole as\u00ed continuar su relaci\u00f3n comercial con el deudor. Por ello, muchas empresas, independientemente de su tama\u00f1o, nos conf\u00edan la gesti\u00f3n de sus deudas comerciales y el cobro de sus facturas impagadas.<\/p>\n\n\n\n<div class=\"wp-block-advgb-accordions advgb-accordions-42532629-e7ec-40ef-8f60-7fd79f8aead8 advgb-accordion-wrapper\" data-collapsed=\"true\">\n<div class=\"wp-block-advgb-accordion-item advgb-accordion-item\" style=\"margin-bottom:15px\"><div class=\"advgb-accordion-header\" style=\"background-color:#000;color:#eee;border-style:solid;border-width:1px;border-radius:2px\"><span class=\"advgb-accordion-header-icon\"><svg fill=\"#fff\" xmlns=\"http:\/\/www.w3.org\/2000\/svg\" width=\"24\" height=\"24\" viewBox=\"0 0 24 24\"><path fill=\"none\" d=\"M0,0h24v24H0V0z\"><\/path><path d=\"M12,5.83L15.17,9l1.41-1.41L12,3L7.41,7.59L8.83,9L12,5.83z M12,18.17L8.83,15l-1.41,1.41L12,21l4.59-4.59L15.17,15 L12,18.17z\"><\/path><\/svg><\/span><h4 class=\"advgb-accordion-header-title\" style=\"color:inherit\">Header text<\/h4><\/div><div class=\"advgb-accordion-body\" style=\"border-style:solid !important;border-width:1px !important;border-color:undefined !important;border-top:none !important;border-radius:2px !important\"><\/div><\/div>\n<\/div>\n<\/div>\n<\/div>\n\n\n\n<div style=\"height:75px\" aria-hidden=\"true\" class=\"wp-block-spacer\"><\/div>\n\n\n\n<div class=\"wp-block-columns is-layout-flex wp-container-core-columns-is-layout-9d6595d7 wp-block-columns-is-layout-flex\">\n<div class=\"wp-block-column is-layout-flow wp-block-column-is-layout-flow\">\n<h3 class=\"wp-block-heading marg0\">Cobro de deudas B2C<\/h3>\n\n\n\n<p><strong>La ca\u00edda del poder adquisitivo y el creciente n\u00famero de malos pagadores son dos de los fen\u00f3menos que definen nuestra \u00e9poca.<\/strong><\/p>\n\n\n\n<p>En el \u00e1mbito del B2C, las empresas tienen que hacer frente, por tanto, a pagos cada vez m\u00e1s tard\u00edos, a responsabilidades cada vez mayores de los clientes y a impagos cada vez m\u00e1s graves. Cuando el contexto econ\u00f3mico es dif\u00edcil y la competencia se vuelve cada vez m\u00e1s incisiva, en la gesti\u00f3n de la deuda es vital que los procesos de cobro sean r\u00e1pidos y eficaces y que la informaci\u00f3n sobre la solvencia del cliente est\u00e9 actualizada.<\/p>\n\n\n\n<p>Para gestionar con \u00e9xito las cuentas por cobrar de los clientes, deben confluir dos factores: herramientas eficaces y personas que sepan utilizarlas con profesionalidad y destreza.<\/p>\n\n\n\n<p>Nuestra especializaci\u00f3n garantiza un cobro r\u00e1pido y, por tanto, una reducci\u00f3n de la deuda. M\u00e1s a\u00fan cuando la deuda se se\u00f1ala r\u00e1pidamente, sin demora.<\/p>\n\n\n\n<p>Desde la localizaci\u00f3n de la direcci\u00f3n, pasando por la investigaci\u00f3n en l\u00ednea de la solvencia y la inteligencia comercial, hasta el cobro amistoso y contencioso: podemos proporcionarle la informaci\u00f3n y los servicios que necesita para aumentar el rendimiento global e intentar evitar los impagos. Somos su interlocutor competente cuando se trata de soluciones de cobro de deudas y evaluaciones de solvencia en el sector B2C.<\/p>\n\n\n\n<div class=\"wp-block-advgb-accordions advgb-accordions-6fd58ff1-d148-4077-82c1-04b6cea27e0f advgb-accordion-wrapper\" data-collapsed=\"true\">\n<div class=\"wp-block-advgb-accordion-item advgb-accordion-item\" style=\"margin-bottom:15px\"><div class=\"advgb-accordion-header\" style=\"background-color:#000;color:#eee;border-style:solid;border-width:1px;border-radius:2px\"><span class=\"advgb-accordion-header-icon\"><svg fill=\"#fff\" xmlns=\"http:\/\/www.w3.org\/2000\/svg\" width=\"24\" height=\"24\" viewBox=\"0 0 24 24\"><path fill=\"none\" d=\"M0,0h24v24H0V0z\"><\/path><path d=\"M12,5.83L15.17,9l1.41-1.41L12,3L7.41,7.59L8.83,9L12,5.83z M12,18.17L8.83,15l-1.41,1.41L12,21l4.59-4.59L15.17,15 L12,18.17z\"><\/path><\/svg><\/span><h4 class=\"advgb-accordion-header-title\" style=\"color:inherit\">Header text<\/h4><\/div><div class=\"advgb-accordion-body\" style=\"border-style:solid !important;border-width:1px !important;border-color:undefined !important;border-top:none !important;border-radius:2px !important\"><\/div><\/div>\n<\/div>\n<\/div>\n\n\n\n<div class=\"wp-block-column is-layout-flow wp-block-column-is-layout-flow\">\n<figure class=\"wp-block-image size-full\"><img loading=\"lazy\" decoding=\"async\" width=\"600\" height=\"399\" src=\"https:\/\/sekundi.eu\/wp-content\/uploads\/2023\/02\/chequeasy-1-min.jpeg\" alt=\"\" class=\"wp-image-1849\" srcset=\"https:\/\/sekundi.eu\/wp-content\/uploads\/2023\/02\/chequeasy-1-min.jpeg 600w, https:\/\/sekundi.eu\/wp-content\/uploads\/2023\/02\/chequeasy-1-min-300x200.jpeg 300w\" sizes=\"auto, (max-width: 600px) 100vw, 600px\" \/><\/figure>\n\n\n\n<figure class=\"wp-block-image size-full\"><img loading=\"lazy\" decoding=\"async\" width=\"602\" height=\"400\" src=\"https:\/\/sekundi.eu\/wp-content\/uploads\/2023\/02\/Soft-collect-entete.jpeg\" alt=\"\" class=\"wp-image-1832\" srcset=\"https:\/\/sekundi.eu\/wp-content\/uploads\/2023\/02\/Soft-collect-entete.jpeg 602w, https:\/\/sekundi.eu\/wp-content\/uploads\/2023\/02\/Soft-collect-entete-300x199.jpeg 300w\" sizes=\"auto, (max-width: 602px) 100vw, 602px\" \/><\/figure>\n<\/div>\n<\/div>\n\n\n\n<div style=\"height:50px\" aria-hidden=\"true\" class=\"wp-block-spacer\"><\/div>\n\n\n\n<div class=\"wp-block-group alignwide has-marron-background-color has-background\"><div class=\"wp-block-group__inner-container is-layout-constrained wp-block-group-is-layout-constrained\">\n<div style=\"height:30px\" aria-hidden=\"true\" class=\"wp-block-spacer\"><\/div>\n\n\n\n<div class=\"wp-block-columns are-vertically-aligned-center is-layout-flex wp-container-core-columns-is-layout-9d6595d7 wp-block-columns-is-layout-flex\">\n<div class=\"wp-block-column is-vertically-aligned-center is-layout-flow wp-block-column-is-layout-flow\" style=\"flex-basis:66.66%\">\n<p class=\"has-blanc-color has-text-color has-xxlarge-font-size\"><strong>\u00bfTiene deudas pendientes en otro pa\u00eds y<\/strong> <strong>tiene problemas para cobrarlas?<\/strong><\/p>\n<\/div>\n\n\n\n<div class=\"wp-block-column is-vertically-aligned-center is-layout-flow wp-block-column-is-layout-flow\" style=\"flex-basis:33.33%\">\n<div class=\"wp-block-advgb-button aligncenter advgb-dyn-de45f580\"><a class=\"wp-block-advgb-button_link advgbbtn-3f0f76f6-2322-4a40-90ae-7bbd1725b1fa\" href=\"https:\/\/sekundi.eu\/es\/contacte-con\/\" target=\"_self\" rel=\"noopener noreferrer\"><span><span>Presente su reclamaci\u00f3n<\/span><\/span><\/a><\/div>\n<\/div>\n<\/div>\n\n\n\n<div style=\"height:30px\" aria-hidden=\"true\" class=\"wp-block-spacer\"><\/div>\n<\/div><\/div>\n\n\n\n<div class=\"wp-block-group alignwide network\"><div class=\"wp-block-group__inner-container is-layout-constrained wp-block-group-is-layout-constrained\">\n<div style=\"height:50px\" aria-hidden=\"true\" class=\"wp-block-spacer\"><\/div>\n\n\n\n<p class=\"has-text-align-center marg0 has-marron-clair-color has-text-color has-small-font-size\"><strong>NUESTRA RED<\/strong><\/p>\n\n\n\n<h2 class=\"has-text-align-center marg0 wp-block-heading\">Pa\u00edses cubiertos<\/h2>\n\n\n\n<div style=\"height:30px\" aria-hidden=\"true\" class=\"wp-block-spacer\"><\/div>\n\n\n<ul class='country-sitemap'><li><a href='https:\/\/sekundi.eu\/es\/sudamerica\/'>Cobro de deudas en Sudam\u00e9rica<\/a><ul><li><a href='https:\/\/sekundi.eu\/es\/sudamerica\/cobro-de-deudas-en-chile\/'><i class='fa-solid fa-map-pin'><\/i>Cobro de deudas en Chile<\/a><\/li><li><a href='https:\/\/sekundi.eu\/es\/sudamerica\/cobro-de-deudas-en-peru\/'><i class='fa-solid fa-map-pin'><\/i>Cobro de deudas en Per\u00fa<\/a><\/li><\/li><\/ul><\/li><\/ul>\n\n\n\n<div style=\"height:50px\" aria-hidden=\"true\" class=\"wp-block-spacer\"><\/div>\n<\/div><\/div>\n<style class=\"advgb-styles-renderer\">.advgbbtn-c527b67f-5019-46e5-a44e-39326bb26383{font-size:18px;color:#2f2f2f !important;background-color:#fff !important;margin:0px 0px 0px 0px !important;padding:10px 30px 10px 30px;border-width:3px !important;border-color:#dde3e9 !important;border-style:solid !important;border-radius:50px !important;}.advgbbtn-c527b67f-5019-46e5-a44e-39326bb26383:hover{background-color:#dde3e9 !important;box-shadow:0px 0px 0px 0px #ccc;opacity:1;transition:all 0.2s ease;}.advgbbtn-c527b67f-5019-46e5-a44e-39326bb26383 > i {display: none !important;}.advgbbtn-3f0f76f6-2322-4a40-90ae-7bbd1725b1fa{font-size:18px;color:#fff !important;background-color:#7f634b !important;margin:0px 0px 0px 0px !important;padding:10px 30px 10px 30px;border-width:1px !important;border-color:#fff !important;border-style:solid !important;border-radius:50px !important;}.advgbbtn-3f0f76f6-2322-4a40-90ae-7bbd1725b1fa:hover{color:#7f634b !important;background-color:#fff !important;box-shadow:0px 0px 0px 0px #ccc;opacity:1;transition:all 0s ease;}.advgbbtn-3f0f76f6-2322-4a40-90ae-7bbd1725b1fa > i {display: none !important;}.advgbbtn-3f0f76f6-2322-4a40-90ae-7bbd1725b1fa{font-size:18px;color:#fff !important;background-color:#7f634b !important;margin:0px 0px 0px 0px !important;padding:10px 30px 10px 30px;border-width:1px !important;border-color:#fff !important;border-style:solid !important;border-radius:50px !important;}.advgbbtn-3f0f76f6-2322-4a40-90ae-7bbd1725b1fa:hover{color:#7f634b !important;background-color:#fff !important;box-shadow:0px 0px 0px 0px #ccc;opacity:1;transition:all 0s ease;}.advgbbtn-3f0f76f6-2322-4a40-90ae-7bbd1725b1fa > i {display: none !important;}.advgbbtn-3f0f76f6-2322-4a40-90ae-7bbd1725b1fa{font-size:18px;color:#fff !important;background-color:#7f634b !important;margin:0px 0px 0px 0px !important;padding:10px 30px 10px 30px;border-width:1px !important;border-color:#fff !important;border-style:solid !important;border-radius:50px !important;}.advgbbtn-3f0f76f6-2322-4a40-90ae-7bbd1725b1fa:hover{color:#7f634b !important;background-color:#fff !important;box-shadow:0px 0px 0px 0px #ccc;opacity:1;transition:all 0s ease;}.advgbbtn-3f0f76f6-2322-4a40-90ae-7bbd1725b1fa > i {display: none !important;}.advgbbtn-3f0f76f6-2322-4a40-90ae-7bbd1725b1fa{font-size:18px;color:#fff !important;background-color:#7f634b !important;margin:0px 0px 0px 0px !important;padding:10px 30px 10px 30px;border-width:1px !important;border-color:#fff !important;border-style:solid !important;border-radius:50px !important;}.advgbbtn-3f0f76f6-2322-4a40-90ae-7bbd1725b1fa:hover{color:#7f634b !important;background-color:#fff !important;box-shadow:0px 0px 0px 0px #ccc;opacity:1;transition:all 0s ease;}.advgbbtn-3f0f76f6-2322-4a40-90ae-7bbd1725b1fa > i {display: none !important;}<\/style>","protected":false},"excerpt":{"rendered":"<p>COBRO INTERNACIONAL DE DEUDAS Cobro de deudas en todo el mundo Bas\u00e1ndose en muchos a\u00f1os de experiencia, nuestros expertos locales garantizan el cobro eficaz de sus deudas. Sekundi puede ofrecer el cobro amistoso de deudas, as\u00ed como el cobro de deudas impugnadas mediante acciones judiciales. Para Sekundi es una cuesti\u00f3n de honor tratar con equidad [&hellip;]<\/p>\n","protected":false},"author":1,"featured_media":0,"parent":0,"menu_order":86,"comment_status":"closed","ping_status":"closed","template":"","meta":{"advgb_blocks_editor_width":"","advgb_blocks_columns_visual_guide":"","footnotes":""},"class_list":["post-2402","page","type-page","status-publish","hentry"],"yoast_head":"<!-- This site is optimized with the Yoast SEO plugin v27.5 - https:\/\/yoast.com\/product\/yoast-seo-wordpress\/ -->\n<title>SEKUNDI - Red internacional de cobro de deudas<\/title>\n<meta name=\"description\" content=\"Bas\u00e1ndose en muchos a\u00f1os de experiencia, nuestros expertos locales garantizan el cobro eficaz de sus deudas.\" \/>\n<meta name=\"robots\" content=\"index, follow, max-snippet:-1, max-image-preview:large, max-video-preview:-1\" \/>\n<link rel=\"canonical\" href=\"https:\/\/sekundi.eu\/es\/sekundi\/\" \/>\n<meta property=\"og:locale\" content=\"es_ES\" \/>\n<meta property=\"og:type\" content=\"article\" \/>\n<meta property=\"og:title\" content=\"SEKUNDI - Red internacional de cobro de deudas\" \/>\n<meta property=\"og:description\" content=\"Bas\u00e1ndose en muchos a\u00f1os de experiencia, nuestros expertos locales garantizan el cobro eficaz de sus deudas.\" \/>\n<meta property=\"og:url\" content=\"https:\/\/sekundi.eu\/es\/sekundi\/\" \/>\n<meta property=\"og:site_name\" content=\"SEKUNDI\" \/>\n<meta property=\"article:modified_time\" content=\"2025-01-07T15:44:48+00:00\" \/>\n<meta property=\"og:image\" content=\"https:\/\/sekundi.eu\/wp-content\/uploads\/2023\/02\/pourquoi-les-services-ssp-collect-min.jpeg\" \/>\n\t<meta property=\"og:image:width\" content=\"600\" \/>\n\t<meta property=\"og:image:height\" content=\"400\" \/>\n\t<meta property=\"og:image:type\" content=\"image\/jpeg\" \/>\n<meta name=\"twitter:card\" content=\"summary_large_image\" \/>\n<meta name=\"twitter:label1\" content=\"Tiempo de lectura\" \/>\n\t<meta name=\"twitter:data1\" content=\"5 minutos\" \/>\n<script type=\"application\/ld+json\" class=\"yoast-schema-graph\">{\"@context\":\"https:\\\/\\\/schema.org\",\"@graph\":[{\"@type\":\"WebPage\",\"@id\":\"https:\\\/\\\/sekundi.eu\\\/es\\\/sekundi\\\/\",\"url\":\"https:\\\/\\\/sekundi.eu\\\/es\\\/sekundi\\\/\",\"name\":\"SEKUNDI - Red internacional de cobro de deudas\",\"isPartOf\":{\"@id\":\"https:\\\/\\\/sekundi.eu\\\/#website\"},\"primaryImageOfPage\":{\"@id\":\"https:\\\/\\\/sekundi.eu\\\/es\\\/sekundi\\\/#primaryimage\"},\"image\":{\"@id\":\"https:\\\/\\\/sekundi.eu\\\/es\\\/sekundi\\\/#primaryimage\"},\"thumbnailUrl\":\"https:\\\/\\\/sekundi.eu\\\/wp-content\\\/uploads\\\/2023\\\/02\\\/pourquoi-les-services-ssp-collect-min.jpeg\",\"datePublished\":\"2022-12-26T08:59:57+00:00\",\"dateModified\":\"2025-01-07T15:44:48+00:00\",\"description\":\"Bas\u00e1ndose en muchos a\u00f1os de experiencia, nuestros expertos locales garantizan el cobro eficaz de sus deudas.\",\"breadcrumb\":{\"@id\":\"https:\\\/\\\/sekundi.eu\\\/es\\\/sekundi\\\/#breadcrumb\"},\"inLanguage\":\"es\",\"potentialAction\":[{\"@type\":\"ReadAction\",\"target\":[\"https:\\\/\\\/sekundi.eu\\\/es\\\/sekundi\\\/\"]}]},{\"@type\":\"ImageObject\",\"inLanguage\":\"es\",\"@id\":\"https:\\\/\\\/sekundi.eu\\\/es\\\/sekundi\\\/#primaryimage\",\"url\":\"https:\\\/\\\/sekundi.eu\\\/wp-content\\\/uploads\\\/2023\\\/02\\\/pourquoi-les-services-ssp-collect-min.jpeg\",\"contentUrl\":\"https:\\\/\\\/sekundi.eu\\\/wp-content\\\/uploads\\\/2023\\\/02\\\/pourquoi-les-services-ssp-collect-min.jpeg\"},{\"@type\":\"BreadcrumbList\",\"@id\":\"https:\\\/\\\/sekundi.eu\\\/es\\\/sekundi\\\/#breadcrumb\",\"itemListElement\":[{\"@type\":\"ListItem\",\"position\":1,\"name\":\"Accueil\",\"item\":\"https:\\\/\\\/sekundi.eu\\\/es\\\/\"},{\"@type\":\"ListItem\",\"position\":2,\"name\":\"Sekundi : Cobro de deudas en todo el mundo\"}]},{\"@type\":\"WebSite\",\"@id\":\"https:\\\/\\\/sekundi.eu\\\/#website\",\"url\":\"https:\\\/\\\/sekundi.eu\\\/\",\"name\":\"SEKUNDI\",\"description\":\"\",\"publisher\":{\"@id\":\"https:\\\/\\\/sekundi.eu\\\/#organization\"},\"potentialAction\":[{\"@type\":\"SearchAction\",\"target\":{\"@type\":\"EntryPoint\",\"urlTemplate\":\"https:\\\/\\\/sekundi.eu\\\/?s={search_term_string}\"},\"query-input\":{\"@type\":\"PropertyValueSpecification\",\"valueRequired\":true,\"valueName\":\"search_term_string\"}}],\"inLanguage\":\"es\"},{\"@type\":\"Organization\",\"@id\":\"https:\\\/\\\/sekundi.eu\\\/#organization\",\"name\":\"Sekundi\",\"url\":\"https:\\\/\\\/sekundi.eu\\\/\",\"logo\":{\"@type\":\"ImageObject\",\"inLanguage\":\"es\",\"@id\":\"https:\\\/\\\/sekundi.eu\\\/#\\\/schema\\\/logo\\\/image\\\/\",\"url\":\"https:\\\/\\\/sekundi.eu\\\/wp-content\\\/uploads\\\/2022\\\/12\\\/logo_sekundi.png\",\"contentUrl\":\"https:\\\/\\\/sekundi.eu\\\/wp-content\\\/uploads\\\/2022\\\/12\\\/logo_sekundi.png\",\"width\":171,\"height\":46,\"caption\":\"Sekundi\"},\"image\":{\"@id\":\"https:\\\/\\\/sekundi.eu\\\/#\\\/schema\\\/logo\\\/image\\\/\"}}]}<\/script>\n<!-- \/ Yoast SEO plugin. -->","yoast_head_json":{"title":"SEKUNDI - Red internacional de cobro de deudas","description":"Bas\u00e1ndose en muchos a\u00f1os de experiencia, nuestros expertos locales garantizan el cobro eficaz de sus deudas.","robots":{"index":"index","follow":"follow","max-snippet":"max-snippet:-1","max-image-preview":"max-image-preview:large","max-video-preview":"max-video-preview:-1"},"canonical":"https:\/\/sekundi.eu\/es\/sekundi\/","og_locale":"es_ES","og_type":"article","og_title":"SEKUNDI - Red internacional de cobro de deudas","og_description":"Bas\u00e1ndose en muchos a\u00f1os de experiencia, nuestros expertos locales garantizan el cobro eficaz de sus deudas.","og_url":"https:\/\/sekundi.eu\/es\/sekundi\/","og_site_name":"SEKUNDI","article_modified_time":"2025-01-07T15:44:48+00:00","og_image":[{"width":600,"height":400,"url":"https:\/\/sekundi.eu\/wp-content\/uploads\/2023\/02\/pourquoi-les-services-ssp-collect-min.jpeg","type":"image\/jpeg"}],"twitter_card":"summary_large_image","twitter_misc":{"Tiempo de lectura":"5 minutos"},"schema":{"@context":"https:\/\/schema.org","@graph":[{"@type":"WebPage","@id":"https:\/\/sekundi.eu\/es\/sekundi\/","url":"https:\/\/sekundi.eu\/es\/sekundi\/","name":"SEKUNDI - Red internacional de cobro de deudas","isPartOf":{"@id":"https:\/\/sekundi.eu\/#website"},"primaryImageOfPage":{"@id":"https:\/\/sekundi.eu\/es\/sekundi\/#primaryimage"},"image":{"@id":"https:\/\/sekundi.eu\/es\/sekundi\/#primaryimage"},"thumbnailUrl":"https:\/\/sekundi.eu\/wp-content\/uploads\/2023\/02\/pourquoi-les-services-ssp-collect-min.jpeg","datePublished":"2022-12-26T08:59:57+00:00","dateModified":"2025-01-07T15:44:48+00:00","description":"Bas\u00e1ndose en muchos a\u00f1os de experiencia, nuestros expertos locales garantizan el cobro eficaz de sus deudas.","breadcrumb":{"@id":"https:\/\/sekundi.eu\/es\/sekundi\/#breadcrumb"},"inLanguage":"es","potentialAction":[{"@type":"ReadAction","target":["https:\/\/sekundi.eu\/es\/sekundi\/"]}]},{"@type":"ImageObject","inLanguage":"es","@id":"https:\/\/sekundi.eu\/es\/sekundi\/#primaryimage","url":"https:\/\/sekundi.eu\/wp-content\/uploads\/2023\/02\/pourquoi-les-services-ssp-collect-min.jpeg","contentUrl":"https:\/\/sekundi.eu\/wp-content\/uploads\/2023\/02\/pourquoi-les-services-ssp-collect-min.jpeg"},{"@type":"BreadcrumbList","@id":"https:\/\/sekundi.eu\/es\/sekundi\/#breadcrumb","itemListElement":[{"@type":"ListItem","position":1,"name":"Accueil","item":"https:\/\/sekundi.eu\/es\/"},{"@type":"ListItem","position":2,"name":"Sekundi : Cobro de deudas en todo el mundo"}]},{"@type":"WebSite","@id":"https:\/\/sekundi.eu\/#website","url":"https:\/\/sekundi.eu\/","name":"SEKUNDI","description":"","publisher":{"@id":"https:\/\/sekundi.eu\/#organization"},"potentialAction":[{"@type":"SearchAction","target":{"@type":"EntryPoint","urlTemplate":"https:\/\/sekundi.eu\/?s={search_term_string}"},"query-input":{"@type":"PropertyValueSpecification","valueRequired":true,"valueName":"search_term_string"}}],"inLanguage":"es"},{"@type":"Organization","@id":"https:\/\/sekundi.eu\/#organization","name":"Sekundi","url":"https:\/\/sekundi.eu\/","logo":{"@type":"ImageObject","inLanguage":"es","@id":"https:\/\/sekundi.eu\/#\/schema\/logo\/image\/","url":"https:\/\/sekundi.eu\/wp-content\/uploads\/2022\/12\/logo_sekundi.png","contentUrl":"https:\/\/sekundi.eu\/wp-content\/uploads\/2022\/12\/logo_sekundi.png","width":171,"height":46,"caption":"Sekundi"},"image":{"@id":"https:\/\/sekundi.eu\/#\/schema\/logo\/image\/"}}]}},"coauthors":[],"author_meta":{"author_link":"https:\/\/sekundi.eu\/es\/author\/sekimageundi\/","display_name":"Les Imageurs"},"relative_dates":{"created":"Publicado 3 a\u00f1os hace","modified":"Actualizado 1 a\u00f1o hace"},"absolute_dates":{"created":"Publicado el 26 de diciembre de 2022","modified":"Actualizado el 7 de enero de 2025"},"absolute_dates_time":{"created":"Publicado el 26 de diciembre de 2022 09:59","modified":"Actualizado el 7 de enero de 2025 16:44"},"featured_img_caption":"","featured_img":false,"series_order":"","_links":{"self":[{"href":"https:\/\/sekundi.eu\/es\/wp-json\/wp\/v2\/pages\/2402","targetHints":{"allow":["GET"]}}],"collection":[{"href":"https:\/\/sekundi.eu\/es\/wp-json\/wp\/v2\/pages"}],"about":[{"href":"https:\/\/sekundi.eu\/es\/wp-json\/wp\/v2\/types\/page"}],"author":[{"embeddable":true,"href":"https:\/\/sekundi.eu\/es\/wp-json\/wp\/v2\/users\/1"}],"replies":[{"embeddable":true,"href":"https:\/\/sekundi.eu\/es\/wp-json\/wp\/v2\/comments?post=2402"}],"version-history":[{"count":7,"href":"https:\/\/sekundi.eu\/es\/wp-json\/wp\/v2\/pages\/2402\/revisions"}],"predecessor-version":[{"id":8348,"href":"https:\/\/sekundi.eu\/es\/wp-json\/wp\/v2\/pages\/2402\/revisions\/8348"}],"wp:attachment":[{"href":"https:\/\/sekundi.eu\/es\/wp-json\/wp\/v2\/media?parent=2402"}],"curies":[{"name":"wp","href":"https:\/\/api.w.org\/{rel}","templated":true}]}}