{"id":3344,"date":"2022-12-26T10:23:27","date_gmt":"2022-12-26T09:23:27","guid":{"rendered":"https:\/\/sekundi.eu\/cobro-de-deudas-en-norteamerica\/"},"modified":"2023-02-14T13:05:09","modified_gmt":"2023-02-14T12:05:09","slug":"norteamerica","status":"publish","type":"page","link":"https:\/\/sekundi.eu\/es\/norteamerica\/","title":{"rendered":"Cobro de deudas en Norteam\u00e9rica"},"content":{"rendered":"\n<figure class=\"wp-block-image alignfull size-full\"><img loading=\"lazy\" decoding=\"async\" width=\"1920\" height=\"300\" src=\"https:\/\/sekundi.eu\/wp-content\/uploads\/2023\/02\/joshua-rawson-harris-k3fmuSvQi2A-unsplash.jpg\" alt=\"\" class=\"wp-image-2630\" srcset=\"https:\/\/sekundi.eu\/wp-content\/uploads\/2023\/02\/joshua-rawson-harris-k3fmuSvQi2A-unsplash.jpg 1920w, https:\/\/sekundi.eu\/wp-content\/uploads\/2023\/02\/joshua-rawson-harris-k3fmuSvQi2A-unsplash-300x47.jpg 300w, https:\/\/sekundi.eu\/wp-content\/uploads\/2023\/02\/joshua-rawson-harris-k3fmuSvQi2A-unsplash-1024x160.jpg 1024w, https:\/\/sekundi.eu\/wp-content\/uploads\/2023\/02\/joshua-rawson-harris-k3fmuSvQi2A-unsplash-768x120.jpg 768w, https:\/\/sekundi.eu\/wp-content\/uploads\/2023\/02\/joshua-rawson-harris-k3fmuSvQi2A-unsplash-1536x240.jpg 1536w\" sizes=\"auto, (max-width: 1920px) 100vw, 1920px\" \/><\/figure>\n\n<div class=\"wp-block-columns margt-100 is-layout-flex wp-container-core-columns-is-layout-9d6595d7 wp-block-columns-is-layout-flex\">\n<div class=\"wp-block-column is-layout-flow wp-block-column-is-layout-flow\">\n<div class=\"wp-block-group animated fadeInDown delay-100ms has-noir-color has-blanc-background-color has-text-color has-background\"><div class=\"wp-block-group__inner-container is-layout-constrained wp-block-group-is-layout-constrained\"><div class=\"wp-block-image\">\n<figure class=\"aligncenter size-full\"><img loading=\"lazy\" decoding=\"async\" width=\"66\" height=\"60\" src=\"https:\/\/sekundi.eu\/wp-content\/uploads\/2022\/12\/icon.png\" alt=\"\" class=\"wp-image-31\"\/><\/figure>\n<\/div>\n\n\n<p class=\"has-large-font-size\"><strong>Env\u00ede<\/strong> sus <strong>solicitudes<\/strong><\/p>\n\n\n\n<p>Elija el pa\u00eds en el que tiene reclamaciones pendientes, env\u00ede sus solicitudes y deje que nosotros nos encarguemos de todo.<\/p>\n<\/div><\/div>\n<\/div>\n\n\n\n<div class=\"wp-block-column is-layout-flow wp-block-column-is-layout-flow\">\n<div class=\"wp-block-group animated fadeInDown delay-300ms has-noir-color has-blanc-background-color has-text-color has-background\"><div class=\"wp-block-group__inner-container is-layout-constrained wp-block-group-is-layout-constrained\"><div class=\"wp-block-image\">\n<figure class=\"aligncenter size-full is-resized\"><img loading=\"lazy\" decoding=\"async\" src=\"https:\/\/sekundi.eu\/wp-content\/uploads\/2023\/01\/diagramme-a-bandes.png\" alt=\"\" class=\"wp-image-481\" width=\"60\" height=\"60\" srcset=\"https:\/\/sekundi.eu\/wp-content\/uploads\/2023\/01\/diagramme-a-bandes.png 512w, https:\/\/sekundi.eu\/wp-content\/uploads\/2023\/01\/diagramme-a-bandes-300x300.png 300w, https:\/\/sekundi.eu\/wp-content\/uploads\/2023\/01\/diagramme-a-bandes-150x150.png 150w\" sizes=\"auto, (max-width: 60px) 100vw, 60px\" \/><\/figure>\n<\/div>\n\n\n<p class=\"has-large-font-size\"><strong>Inf\u00f3rmate<\/strong><\/p>\n\n\n\n<p>Le mantenemos informado a trav\u00e9s de Intranet 24 horas al d\u00eda, 7 d\u00edas a la semana, sobre cualquier novedad en sus cuentas y le proporcionamos informes sobre el progreso de los cobros de deudas en el idioma que elija.<\/p>\n<\/div><\/div>\n<\/div>\n\n\n\n<div class=\"wp-block-column is-layout-flow wp-block-column-is-layout-flow\">\n<div class=\"wp-block-group animated fadeInDown delay-500ms has-noir-color has-blanc-background-color has-text-color has-background\"><div class=\"wp-block-group__inner-container is-layout-constrained wp-block-group-is-layout-constrained\"><div class=\"wp-block-image\">\n<figure class=\"aligncenter size-full is-resized\"><img loading=\"lazy\" decoding=\"async\" src=\"https:\/\/sekundi.eu\/wp-content\/uploads\/2023\/01\/paid.png\" alt=\"\" class=\"wp-image-477\" width=\"60\" height=\"60\" srcset=\"https:\/\/sekundi.eu\/wp-content\/uploads\/2023\/01\/paid.png 512w, https:\/\/sekundi.eu\/wp-content\/uploads\/2023\/01\/paid-300x300.png 300w, https:\/\/sekundi.eu\/wp-content\/uploads\/2023\/01\/paid-150x150.png 150w\" sizes=\"auto, (max-width: 60px) 100vw, 60px\" \/><\/figure>\n<\/div>\n\n\n<p class=\"has-large-font-size\"><strong>Recovery costs<\/strong><\/p>\n\n\n\n<p>Una pol\u00edtica de precios uniforme en toda Europa no es tan com\u00fan. Y tu tiempo se libera para utilizarlo en otras cosas.<\/p>\n<\/div><\/div>\n<\/div>\n<\/div>\n\n<div style=\"height:100px\" aria-hidden=\"true\" class=\"wp-block-spacer\"><\/div>\n\n<div class=\"wp-block-group alignwide has-background\" style=\"background-color:#b3a39630\"><div class=\"wp-block-group__inner-container is-layout-constrained wp-block-group-is-layout-constrained\">\n<div style=\"height:50px\" aria-hidden=\"true\" class=\"wp-block-spacer\"><\/div>\n\n\n\n<p class=\"has-text-align-center marg0 has-small-font-size\">NUESTRA RED<\/p>\n\n\n\n<h2 class=\"has-text-align-center marg0 wp-block-heading\">Especifique un pa\u00eds<\/h2>\n\n\n\n<div style=\"height:30px\" aria-hidden=\"true\" class=\"wp-block-spacer\"><\/div>\n\n\n<ul class='country-specification'><li><a href='https:\/\/sekundi.eu\/es\/norteamerica\/cobro-de-deudas-en-estados-unidos\/'><i class='fa-solid fa-map-pin'><\/i>Cobro de deudas en Estados Unidos<\/a><\/li><li><a href='https:\/\/sekundi.eu\/es\/norteamerica\/cobro-de-deudas-en-mexico\/'><i class='fa-solid fa-map-pin'><\/i>Cobro de deudas en M\u00e9xico<\/a><\/li><\/li><\/ul>\n\n\n\n<div style=\"height:50px\" aria-hidden=\"true\" class=\"wp-block-spacer\"><\/div>\n<\/div><\/div>\n\n<div style=\"height:30px\" aria-hidden=\"true\" class=\"wp-block-spacer\"><\/div>\n\n<div class=\"wp-block-columns is-layout-flex wp-container-core-columns-is-layout-9d6595d7 wp-block-columns-is-layout-flex\">\n<div class=\"wp-block-column animated fadeInUp delay-500ms is-layout-flow wp-block-column-is-layout-flow\">\n<p class=\"has-small-font-size\"><strong>COBRO INTERNACIONAL DE DEUDAS<\/strong><\/p>\n\n\n\n<h2 class=\"marg0 wp-block-heading\" id=\"debt-collection-worldwide-69394841-8e5e-43bb-8c94-ebd49164984b\"><strong>Cobro de deudas en todo el mundo<\/strong><\/h2>\n\n\n\n<p>Bas\u00e1ndose en muchos a\u00f1os de experiencia, nuestros expertos locales garantizan el cobro eficaz de sus deudas. Sekundi puede ofrecer el cobro amistoso de deudas, as\u00ed como el cobro de deudas impugnadas mediante acciones judiciales.<\/p>\n\n\n\n<p>Para Sekundi es una cuesti\u00f3n de honor tratar con equidad a los deudores, aunque ellos mismos hayan incumplido el pago de las facturas, para no poner en peligro la relaci\u00f3n comercial que cultiva con sus clientes.<\/p>\n\n\n\n<div style=\"height:30px\" aria-hidden=\"true\" class=\"wp-block-spacer\"><\/div>\n\n\n\n<div class=\"wp-block-advgb-button alignnone\"><a class=\"wp-block-advgb-button_link advgbbtn-ccefc58a-2542-448d-a60b-405ce0a91ec5\" href=\"https:\/\/sekundi.eu\/contact\/\" target=\"_self\" rel=\"noopener noreferrer\"><span>Contacte con nosotros<\/span><\/a><\/div>\n<\/div>\n\n\n\n<div class=\"wp-block-column is-layout-flow wp-block-column-is-layout-flow\">\n<figure class=\"wp-block-video\"><video height=\"288\" style=\"aspect-ratio: 352 \/ 288;\" width=\"352\" controls=\"\" src=\"https:\/\/sekundi.eu\/wp-content\/uploads\/2023\/02\/sekundi-network.mp4\"><\/video><\/figure>\n<\/div>\n<\/div>\n\n<div style=\"height:30px\" aria-hidden=\"true\" class=\"wp-block-spacer\"><\/div>\n\n<div style=\"height:50px\" aria-hidden=\"true\" class=\"wp-block-spacer\"><\/div>\n\n<div class=\"wp-block-columns is-layout-flex wp-container-core-columns-is-layout-9d6595d7 wp-block-columns-is-layout-flex\">\n<div class=\"wp-block-column is-layout-flow wp-block-column-is-layout-flow\">\n<figure class=\"wp-block-image size-large\"><img loading=\"lazy\" decoding=\"async\" width=\"1024\" height=\"683\" src=\"https:\/\/sekundi.eu\/wp-content\/uploads\/2023\/01\/accompagnement-recouvrement-1024x683.jpeg\" alt=\"\" class=\"wp-image-492\" srcset=\"https:\/\/sekundi.eu\/wp-content\/uploads\/2023\/01\/accompagnement-recouvrement-1024x683.jpeg 1024w, https:\/\/sekundi.eu\/wp-content\/uploads\/2023\/01\/accompagnement-recouvrement-300x200.jpeg 300w, https:\/\/sekundi.eu\/wp-content\/uploads\/2023\/01\/accompagnement-recouvrement-768x512.jpeg 768w, https:\/\/sekundi.eu\/wp-content\/uploads\/2023\/01\/accompagnement-recouvrement-1536x1024.jpeg 1536w, https:\/\/sekundi.eu\/wp-content\/uploads\/2023\/01\/accompagnement-recouvrement-2048x1365.jpeg 2048w\" sizes=\"auto, (max-width: 1024px) 100vw, 1024px\" \/><\/figure>\n<\/div>\n\n\n\n<div class=\"wp-block-column is-layout-flow wp-block-column-is-layout-flow\">\n<h2 class=\"wp-block-heading\">Cobro de facturas impagadas B2B<\/h2>\n\n\n\n<p><strong>Tus ventajas:<\/strong><\/p>\n\n\n\n<ul class=\"wp-block-list\">\n<li>Gesti\u00f3n de los cr\u00e9ditos de los clientes en funci\u00f3n de las necesidades de su sector de actividad<\/li>\n\n\n\n<li>Flujo de caja saneado<\/li>\n\n\n\n<li>Alto \u00edndice de recogida<\/li>\n\n\n\n<li>Conocimiento de los usos y costumbres de cada pa\u00eds<\/li>\n\n\n\n<li>Profesionalidad en todo momento y en cualquier circunstancia<\/li>\n<\/ul>\n<\/div>\n<\/div>\n\n<div style=\"height:50px\" aria-hidden=\"true\" class=\"wp-block-spacer\"><\/div>\n\n<div class=\"wp-block-columns is-layout-flex wp-container-core-columns-is-layout-9d6595d7 wp-block-columns-is-layout-flex\">\n<div class=\"wp-block-column is-layout-flow wp-block-column-is-layout-flow\">\n<h2 class=\"wp-block-heading\">Cobro de deudas B2C<\/h2>\n\n\n\n<p><strong>Tus ventajas:<\/strong><\/p>\n\n\n\n<ul class=\"wp-block-list\">\n<li>Flujo de caja saneado<\/li>\n\n\n\n<li>Alto \u00edndice de recogida<\/li>\n\n\n\n<li>Conocimiento de los usos y costumbres de cada pa\u00eds<\/li>\n\n\n\n<li>Profesionalidad en todo momento y en cualquier circunstancia<\/li>\n<\/ul>\n<\/div>\n\n\n\n<div class=\"wp-block-column is-layout-flow wp-block-column-is-layout-flow\">\n<figure class=\"wp-block-image size-large\"><img loading=\"lazy\" decoding=\"async\" width=\"1024\" height=\"683\" src=\"https:\/\/sekundi.eu\/wp-content\/uploads\/2023\/01\/accompagnement-recouvrement-1024x683.jpeg\" alt=\"\" class=\"wp-image-492\" srcset=\"https:\/\/sekundi.eu\/wp-content\/uploads\/2023\/01\/accompagnement-recouvrement-1024x683.jpeg 1024w, https:\/\/sekundi.eu\/wp-content\/uploads\/2023\/01\/accompagnement-recouvrement-300x200.jpeg 300w, https:\/\/sekundi.eu\/wp-content\/uploads\/2023\/01\/accompagnement-recouvrement-768x512.jpeg 768w, https:\/\/sekundi.eu\/wp-content\/uploads\/2023\/01\/accompagnement-recouvrement-1536x1024.jpeg 1536w, https:\/\/sekundi.eu\/wp-content\/uploads\/2023\/01\/accompagnement-recouvrement-2048x1365.jpeg 2048w\" sizes=\"auto, (max-width: 1024px) 100vw, 1024px\" \/><\/figure>\n<\/div>\n<\/div>\n\n<div style=\"height:50px\" aria-hidden=\"true\" class=\"wp-block-spacer\"><\/div>\n\n<h2 class=\"has-text-align-center wp-block-heading\">Utilizaci\u00f3n de la red internacional Sekundi en Norteam\u00e9rica<\/h2>\n\n<div class=\"wp-block-group\"><div class=\"wp-block-group__inner-container is-layout-constrained wp-block-group-is-layout-constrained\">\n<div style=\"height:50px\" aria-hidden=\"true\" class=\"wp-block-spacer\"><\/div>\n\n\n\n<div class=\"wp-block-columns is-layout-flex wp-container-core-columns-is-layout-9d6595d7 wp-block-columns-is-layout-flex\">\n<div class=\"wp-block-column is-layout-flow wp-block-column-is-layout-flow\">\n<div class=\"wp-block-group shadow has-blanc-background-color has-background\"><div class=\"wp-block-group__inner-container is-layout-constrained wp-block-group-is-layout-constrained\">\n<p><strong>Ac\u00e9rquese a<\/strong><\/p>\n\n\n\n<p>Nuestro enfoque consiste en actuar desde su pa\u00eds con un empleado o un proveedor de servicios que domine el idioma del pa\u00eds en cuesti\u00f3n no es el m\u00e1s eficaz.<\/p>\n<\/div><\/div>\n<\/div>\n\n\n\n<div class=\"wp-block-column is-layout-flow wp-block-column-is-layout-flow\">\n<div class=\"wp-block-group shadow has-blanc-background-color has-background\"><div class=\"wp-block-group__inner-container is-layout-constrained wp-block-group-is-layout-constrained\">\n<p><strong>Beneficios<\/strong><\/p>\n\n\n\n<p>Usted tiene un interlocutor en su pa\u00eds con el que se comunica y \u00e9ste se encarga de transmitir su expediente en cuanto lo recibe a su socio local, que actuar\u00e1 seg\u00fan las costumbres y normas del pa\u00eds en cuesti\u00f3n para obtener el pago de su factura.<\/p>\n<\/div><\/div>\n<\/div>\n\n\n\n<div class=\"wp-block-column is-layout-flow wp-block-column-is-layout-flow\">\n<div class=\"wp-block-group shadow has-blanc-background-color has-background\"><div class=\"wp-block-group__inner-container is-layout-constrained wp-block-group-is-layout-constrained\">\n<p><strong>Objetivo<\/strong><\/p>\n\n\n\n<p>Establecer una red mundial con un socio comercial fuerte en cada pa\u00eds para garantizar una gesti\u00f3n \u00f3ptima de los casos a nivel local con el apoyo respectivo de la inteligencia espec\u00edfica de cada pa\u00eds.<\/p>\n<\/div><\/div>\n<\/div>\n<\/div>\n<\/div><\/div>\n\n<hr class=\"wp-block-separator has-text-color has-marron-color has-alpha-channel-opacity has-marron-background-color has-background\"\/>\n\n<div class=\"wp-block-group alignwide network\"><div class=\"wp-block-group__inner-container is-layout-constrained wp-block-group-is-layout-constrained\">\n<div style=\"height:50px\" aria-hidden=\"true\" class=\"wp-block-spacer\"><\/div>\n\n\n\n<p class=\"has-text-align-center marg0 has-marron-clair-color has-text-color has-small-font-size\"><strong>NUESTRA RED<\/strong><\/p>\n\n\n\n<h2 class=\"has-text-align-center marg0 wp-block-heading\">Pa\u00edses cubiertos<\/h2>\n\n\n\n<div style=\"height:30px\" aria-hidden=\"true\" class=\"wp-block-spacer\"><\/div>\n\n\n<ul class='country-sitemap'><li><a href='https:\/\/sekundi.eu\/es\/sudamerica\/'>Cobro de deudas en Sudam\u00e9rica<\/a><ul><li><a href='https:\/\/sekundi.eu\/es\/sudamerica\/cobro-de-deudas-en-chile\/'><i class='fa-solid fa-map-pin'><\/i>Cobro de deudas en Chile<\/a><\/li><li><a href='https:\/\/sekundi.eu\/es\/sudamerica\/cobro-de-deudas-en-peru\/'><i class='fa-solid fa-map-pin'><\/i>Cobro de deudas en Per\u00fa<\/a><\/li><\/li><\/ul><\/li><\/ul>\n\n\n\n<div style=\"height:50px\" aria-hidden=\"true\" class=\"wp-block-spacer\"><\/div>\n<\/div><\/div>\n<style class=\"advgb-styles-renderer\">.advgbbtn-ccefc58a-2542-448d-a60b-405ce0a91ec5{font-size:18px;color:#2f2f2f !important;background-color:#fff !important;margin:0px 0px 0px 0px !important;padding:10px 30px 10px 30px;border-width:3px !important;border-color:#dde3e9 !important;border-style:solid !important;border-radius:50px !important;}.advgbbtn-ccefc58a-2542-448d-a60b-405ce0a91ec5:hover{background-color:#dde3e9 !important;box-shadow:0px 0px 0px 0px #ccc;opacity:1;transition:all 0.2s ease;}.advgbbtn-ccefc58a-2542-448d-a60b-405ce0a91ec5 > i {display: none !important;}.advgbbtn-ccefc58a-2542-448d-a60b-405ce0a91ec5{font-size:18px;color:#2f2f2f !important;background-color:#fff !important;margin:0px 0px 0px 0px !important;padding:10px 30px 10px 30px;border-width:3px !important;border-color:#dde3e9 !important;border-style:solid !important;border-radius:50px !important;}.advgbbtn-ccefc58a-2542-448d-a60b-405ce0a91ec5:hover{background-color:#dde3e9 !important;box-shadow:0px 0px 0px 0px #ccc;opacity:1;transition:all 0.2s ease;}.advgbbtn-ccefc58a-2542-448d-a60b-405ce0a91ec5 > i {display: none !important;}.advgbbtn-ccefc58a-2542-448d-a60b-405ce0a91ec5{font-size:18px;color:#2f2f2f !important;background-color:#fff !important;margin:0px 0px 0px 0px !important;padding:10px 30px 10px 30px;border-width:3px !important;border-color:#dde3e9 !important;border-style:solid !important;border-radius:50px !important;}.advgbbtn-ccefc58a-2542-448d-a60b-405ce0a91ec5:hover{background-color:#dde3e9 !important;box-shadow:0px 0px 0px 0px #ccc;opacity:1;transition:all 0.2s ease;}.advgbbtn-ccefc58a-2542-448d-a60b-405ce0a91ec5 > i {display: none !important;}<\/style>","protected":false},"excerpt":{"rendered":"<p>NUESTRA RED Especifique un pa\u00eds COBRO INTERNACIONAL DE DEUDAS Cobro de deudas en todo el mundo Bas\u00e1ndose en muchos a\u00f1os de experiencia, nuestros expertos locales garantizan el cobro eficaz de sus deudas. Sekundi puede ofrecer el cobro amistoso de deudas, as\u00ed como el cobro de deudas impugnadas mediante acciones judiciales. Para Sekundi es una cuesti\u00f3n [&hellip;]<\/p>\n","protected":false},"author":1,"featured_media":0,"parent":0,"menu_order":349,"comment_status":"closed","ping_status":"closed","template":"template_continent.php","meta":{"advgb_blocks_editor_width":"","advgb_blocks_columns_visual_guide":"","footnotes":""},"class_list":["post-3344","page","type-page","status-publish","hentry"],"yoast_head":"<!-- This site is optimized with the Yoast SEO plugin v27.5 - https:\/\/yoast.com\/product\/yoast-seo-wordpress\/ -->\n<title>Cobro de deudas en Norteam\u00e9rica - Recuperaci\u00f3n de deuda internacional<\/title>\n<meta name=\"description\" content=\"\u00bfTienes un deudor fuera de tu pa\u00eds? Descubre los procedimientos para recuperar tus facturas impagadas gracias a Cobro de deudas en Norteam\u00e9rica.\" \/>\n<meta name=\"robots\" content=\"noindex, nofollow\" \/>\n<meta property=\"og:locale\" content=\"es_ES\" \/>\n<meta property=\"og:type\" content=\"article\" \/>\n<meta property=\"og:title\" content=\"Cobro de deudas en Norteam\u00e9rica - Recuperaci\u00f3n de deuda internacional\" \/>\n<meta property=\"og:description\" content=\"\u00bfTienes un deudor fuera de tu pa\u00eds? Descubre los procedimientos para recuperar tus facturas impagadas gracias a Cobro de deudas en Norteam\u00e9rica.\" \/>\n<meta property=\"og:url\" content=\"https:\/\/sekundi.eu\/es\/norteamerica\/\" \/>\n<meta property=\"og:site_name\" content=\"SEKUNDI\" \/>\n<meta property=\"article:modified_time\" content=\"2023-02-14T12:05:09+00:00\" \/>\n<meta property=\"og:image\" content=\"https:\/\/sekundi.eu\/wp-content\/uploads\/2023\/02\/joshua-rawson-harris-k3fmuSvQi2A-unsplash.jpg\" \/>\n<meta name=\"twitter:card\" content=\"summary_large_image\" \/>\n<meta name=\"twitter:label1\" content=\"Tiempo de lectura\" \/>\n\t<meta name=\"twitter:data1\" content=\"2 minutos\" \/>\n<script type=\"application\/ld+json\" class=\"yoast-schema-graph\">{\"@context\":\"https:\\\/\\\/schema.org\",\"@graph\":[{\"@type\":\"WebPage\",\"@id\":\"https:\\\/\\\/sekundi.eu\\\/es\\\/norteamerica\\\/\",\"url\":\"https:\\\/\\\/sekundi.eu\\\/es\\\/norteamerica\\\/\",\"name\":\"Cobro de deudas en Norteam\u00e9rica - Recuperaci\u00f3n de deuda internacional\",\"isPartOf\":{\"@id\":\"https:\\\/\\\/sekundi.eu\\\/#website\"},\"primaryImageOfPage\":{\"@id\":\"https:\\\/\\\/sekundi.eu\\\/es\\\/norteamerica\\\/#primaryimage\"},\"image\":{\"@id\":\"https:\\\/\\\/sekundi.eu\\\/es\\\/norteamerica\\\/#primaryimage\"},\"thumbnailUrl\":\"https:\\\/\\\/sekundi.eu\\\/wp-content\\\/uploads\\\/2023\\\/02\\\/joshua-rawson-harris-k3fmuSvQi2A-unsplash.jpg\",\"datePublished\":\"2022-12-26T09:23:27+00:00\",\"dateModified\":\"2023-02-14T12:05:09+00:00\",\"description\":\"\u00bfTienes un deudor fuera de tu pa\u00eds? Descubre los procedimientos para recuperar tus facturas impagadas gracias a Cobro de deudas en Norteam\u00e9rica.\",\"breadcrumb\":{\"@id\":\"https:\\\/\\\/sekundi.eu\\\/es\\\/norteamerica\\\/#breadcrumb\"},\"inLanguage\":\"es\",\"potentialAction\":[{\"@type\":\"ReadAction\",\"target\":[\"https:\\\/\\\/sekundi.eu\\\/es\\\/norteamerica\\\/\"]}]},{\"@type\":\"ImageObject\",\"inLanguage\":\"es\",\"@id\":\"https:\\\/\\\/sekundi.eu\\\/es\\\/norteamerica\\\/#primaryimage\",\"url\":\"https:\\\/\\\/sekundi.eu\\\/wp-content\\\/uploads\\\/2023\\\/02\\\/joshua-rawson-harris-k3fmuSvQi2A-unsplash.jpg\",\"contentUrl\":\"https:\\\/\\\/sekundi.eu\\\/wp-content\\\/uploads\\\/2023\\\/02\\\/joshua-rawson-harris-k3fmuSvQi2A-unsplash.jpg\"},{\"@type\":\"BreadcrumbList\",\"@id\":\"https:\\\/\\\/sekundi.eu\\\/es\\\/norteamerica\\\/#breadcrumb\",\"itemListElement\":[{\"@type\":\"ListItem\",\"position\":1,\"name\":\"Accueil\",\"item\":\"https:\\\/\\\/sekundi.eu\\\/es\\\/\"},{\"@type\":\"ListItem\",\"position\":2,\"name\":\"Cobro de deudas en Norteam\u00e9rica\"}]},{\"@type\":\"WebSite\",\"@id\":\"https:\\\/\\\/sekundi.eu\\\/#website\",\"url\":\"https:\\\/\\\/sekundi.eu\\\/\",\"name\":\"SEKUNDI\",\"description\":\"\",\"publisher\":{\"@id\":\"https:\\\/\\\/sekundi.eu\\\/#organization\"},\"potentialAction\":[{\"@type\":\"SearchAction\",\"target\":{\"@type\":\"EntryPoint\",\"urlTemplate\":\"https:\\\/\\\/sekundi.eu\\\/?s={search_term_string}\"},\"query-input\":{\"@type\":\"PropertyValueSpecification\",\"valueRequired\":true,\"valueName\":\"search_term_string\"}}],\"inLanguage\":\"es\"},{\"@type\":\"Organization\",\"@id\":\"https:\\\/\\\/sekundi.eu\\\/#organization\",\"name\":\"Sekundi\",\"url\":\"https:\\\/\\\/sekundi.eu\\\/\",\"logo\":{\"@type\":\"ImageObject\",\"inLanguage\":\"es\",\"@id\":\"https:\\\/\\\/sekundi.eu\\\/#\\\/schema\\\/logo\\\/image\\\/\",\"url\":\"https:\\\/\\\/sekundi.eu\\\/wp-content\\\/uploads\\\/2022\\\/12\\\/logo_sekundi.png\",\"contentUrl\":\"https:\\\/\\\/sekundi.eu\\\/wp-content\\\/uploads\\\/2022\\\/12\\\/logo_sekundi.png\",\"width\":171,\"height\":46,\"caption\":\"Sekundi\"},\"image\":{\"@id\":\"https:\\\/\\\/sekundi.eu\\\/#\\\/schema\\\/logo\\\/image\\\/\"}}]}<\/script>\n<!-- \/ Yoast SEO plugin. -->","yoast_head_json":{"title":"Cobro de deudas en Norteam\u00e9rica - Recuperaci\u00f3n de deuda internacional","description":"\u00bfTienes un deudor fuera de tu pa\u00eds? Descubre los procedimientos para recuperar tus facturas impagadas gracias a Cobro de deudas en Norteam\u00e9rica.","robots":{"index":"noindex","follow":"nofollow"},"og_locale":"es_ES","og_type":"article","og_title":"Cobro de deudas en Norteam\u00e9rica - Recuperaci\u00f3n de deuda internacional","og_description":"\u00bfTienes un deudor fuera de tu pa\u00eds? Descubre los procedimientos para recuperar tus facturas impagadas gracias a Cobro de deudas en Norteam\u00e9rica.","og_url":"https:\/\/sekundi.eu\/es\/norteamerica\/","og_site_name":"SEKUNDI","article_modified_time":"2023-02-14T12:05:09+00:00","og_image":[{"url":"https:\/\/sekundi.eu\/wp-content\/uploads\/2023\/02\/joshua-rawson-harris-k3fmuSvQi2A-unsplash.jpg","type":"","width":"","height":""}],"twitter_card":"summary_large_image","twitter_misc":{"Tiempo de lectura":"2 minutos"},"schema":{"@context":"https:\/\/schema.org","@graph":[{"@type":"WebPage","@id":"https:\/\/sekundi.eu\/es\/norteamerica\/","url":"https:\/\/sekundi.eu\/es\/norteamerica\/","name":"Cobro de deudas en Norteam\u00e9rica - Recuperaci\u00f3n de deuda internacional","isPartOf":{"@id":"https:\/\/sekundi.eu\/#website"},"primaryImageOfPage":{"@id":"https:\/\/sekundi.eu\/es\/norteamerica\/#primaryimage"},"image":{"@id":"https:\/\/sekundi.eu\/es\/norteamerica\/#primaryimage"},"thumbnailUrl":"https:\/\/sekundi.eu\/wp-content\/uploads\/2023\/02\/joshua-rawson-harris-k3fmuSvQi2A-unsplash.jpg","datePublished":"2022-12-26T09:23:27+00:00","dateModified":"2023-02-14T12:05:09+00:00","description":"\u00bfTienes un deudor fuera de tu pa\u00eds? Descubre los procedimientos para recuperar tus facturas impagadas gracias a Cobro de deudas en Norteam\u00e9rica.","breadcrumb":{"@id":"https:\/\/sekundi.eu\/es\/norteamerica\/#breadcrumb"},"inLanguage":"es","potentialAction":[{"@type":"ReadAction","target":["https:\/\/sekundi.eu\/es\/norteamerica\/"]}]},{"@type":"ImageObject","inLanguage":"es","@id":"https:\/\/sekundi.eu\/es\/norteamerica\/#primaryimage","url":"https:\/\/sekundi.eu\/wp-content\/uploads\/2023\/02\/joshua-rawson-harris-k3fmuSvQi2A-unsplash.jpg","contentUrl":"https:\/\/sekundi.eu\/wp-content\/uploads\/2023\/02\/joshua-rawson-harris-k3fmuSvQi2A-unsplash.jpg"},{"@type":"BreadcrumbList","@id":"https:\/\/sekundi.eu\/es\/norteamerica\/#breadcrumb","itemListElement":[{"@type":"ListItem","position":1,"name":"Accueil","item":"https:\/\/sekundi.eu\/es\/"},{"@type":"ListItem","position":2,"name":"Cobro de deudas en Norteam\u00e9rica"}]},{"@type":"WebSite","@id":"https:\/\/sekundi.eu\/#website","url":"https:\/\/sekundi.eu\/","name":"SEKUNDI","description":"","publisher":{"@id":"https:\/\/sekundi.eu\/#organization"},"potentialAction":[{"@type":"SearchAction","target":{"@type":"EntryPoint","urlTemplate":"https:\/\/sekundi.eu\/?s={search_term_string}"},"query-input":{"@type":"PropertyValueSpecification","valueRequired":true,"valueName":"search_term_string"}}],"inLanguage":"es"},{"@type":"Organization","@id":"https:\/\/sekundi.eu\/#organization","name":"Sekundi","url":"https:\/\/sekundi.eu\/","logo":{"@type":"ImageObject","inLanguage":"es","@id":"https:\/\/sekundi.eu\/#\/schema\/logo\/image\/","url":"https:\/\/sekundi.eu\/wp-content\/uploads\/2022\/12\/logo_sekundi.png","contentUrl":"https:\/\/sekundi.eu\/wp-content\/uploads\/2022\/12\/logo_sekundi.png","width":171,"height":46,"caption":"Sekundi"},"image":{"@id":"https:\/\/sekundi.eu\/#\/schema\/logo\/image\/"}}]}},"coauthors":[],"author_meta":{"author_link":"https:\/\/sekundi.eu\/es\/author\/sekimageundi\/","display_name":"Les Imageurs"},"relative_dates":{"created":"Publicado 3 a\u00f1os hace","modified":"Actualizado 3 a\u00f1os hace"},"absolute_dates":{"created":"Publicado el 26 de diciembre de 2022","modified":"Actualizado el 14 de febrero de 2023"},"absolute_dates_time":{"created":"Publicado el 26 de diciembre de 2022 10:23","modified":"Actualizado el 14 de febrero de 2023 13:05"},"featured_img_caption":"","featured_img":false,"series_order":"","_links":{"self":[{"href":"https:\/\/sekundi.eu\/es\/wp-json\/wp\/v2\/pages\/3344","targetHints":{"allow":["GET"]}}],"collection":[{"href":"https:\/\/sekundi.eu\/es\/wp-json\/wp\/v2\/pages"}],"about":[{"href":"https:\/\/sekundi.eu\/es\/wp-json\/wp\/v2\/types\/page"}],"author":[{"embeddable":true,"href":"https:\/\/sekundi.eu\/es\/wp-json\/wp\/v2\/users\/1"}],"replies":[{"embeddable":true,"href":"https:\/\/sekundi.eu\/es\/wp-json\/wp\/v2\/comments?post=3344"}],"version-history":[{"count":1,"href":"https:\/\/sekundi.eu\/es\/wp-json\/wp\/v2\/pages\/3344\/revisions"}],"predecessor-version":[{"id":3345,"href":"https:\/\/sekundi.eu\/es\/wp-json\/wp\/v2\/pages\/3344\/revisions\/3345"}],"wp:attachment":[{"href":"https:\/\/sekundi.eu\/es\/wp-json\/wp\/v2\/media?parent=3344"}],"curies":[{"name":"wp","href":"https:\/\/api.w.org\/{rel}","templated":true}]}}