{"id":5320,"date":"2023-02-02T15:58:26","date_gmt":"2023-02-02T14:58:26","guid":{"rendered":"https:\/\/sekundi.eu\/europa\/cobro-de-deudas-en-los-paises-bajos\/"},"modified":"2023-05-22T16:36:14","modified_gmt":"2023-05-22T14:36:14","slug":"cobro-de-deudas-en-los-paises-bajos","status":"publish","type":"page","link":"https:\/\/sekundi.eu\/es\/europa\/cobro-de-deudas-en-los-paises-bajos\/","title":{"rendered":"Cobro de deudas en los Pa\u00edses Bajos"},"content":{"rendered":"\n<div style=\"height:50px\" aria-hidden=\"true\" class=\"wp-block-spacer\"><\/div>\n\n<p>\u00bfTiene alguna deuda en los Pa\u00edses Bajos? \u00bfBusca un socio local que le ayude a pagar su factura? Descubra el cobro de deudas en los Pa\u00edses Bajos con la red de Sekundi.<\/p>\n\n<div class=\"wp-block-columns is-layout-flex wp-container-core-columns-is-layout-9d6595d7 wp-block-columns-is-layout-flex\">\n<div class=\"wp-block-column is-layout-flow wp-block-column-is-layout-flow\" style=\"flex-basis:50%\">\n<h2 class=\"wp-block-heading\"><strong>\u00bfCu\u00e1les son los procedimientos legales adecuados para cobrar deudas impagadas en los Pa\u00edses Bajos?<\/strong><\/h2>\n\n\n\n<p>El procedimiento de recaudaci\u00f3n puede dividirse en fase amistosa o extrajudicial y fase judicial.<\/p>\n\n\n\n<p>En la fase amistosa, intentamos obtener el pago sin intervenci\u00f3n judicial. El legislador ha establecido una clara distinci\u00f3n entre el cobro de deudas B2C y B2B:<\/p>\n\n\n\n<p>B2C: Estamos obligados a informar al consumidor-deudor del importe de los gastos de cobro extrajudicial (cuyo importe est\u00e1 determinado por ley).<\/p>\n\n\n\n<p>Dichos gastos deber\u00e1n ser notificados por Idcas al consumidor-deudor con un plazo m\u00ednimo de pago sin dichos gastos de 14 d\u00edas.<\/p>\n\n\n\n<p>  B2B: No tenemos tal obligaci\u00f3n con un deudor corporativo. Los gastos de cobro extrajudicial pueden acordarse a trav\u00e9s de las Condiciones Generales. Sin esas condiciones, los costes de recaudaci\u00f3n extrajudicial son del 15%.<\/p>\n\n\n\n<p>La fase judicial pasa siempre por el juzgado. Para reclamaciones superiores a 25.000,00 euros, es obligatoria la asistencia de un abogado. Gracias a la cooperaci\u00f3n con varios bufetes de abogados, Idcas puede asistir a sus clientes en todos los procedimientos legales de cobro.<\/p>\n<\/div>\n\n\n\n<div class=\"wp-block-column is-layout-flow wp-block-column-is-layout-flow\" style=\"flex-basis:50%\"><div class=\"wp-block-image\">\n<figure class=\"alignright size-full\"><img loading=\"lazy\" decoding=\"async\" width=\"600\" height=\"338\" src=\"https:\/\/sekundi.eu\/wp-content\/uploads\/2023\/02\/equipe-conseil-min.jpeg\" alt=\"\" class=\"wp-image-1860\" srcset=\"https:\/\/sekundi.eu\/wp-content\/uploads\/2023\/02\/equipe-conseil-min.jpeg 600w, https:\/\/sekundi.eu\/wp-content\/uploads\/2023\/02\/equipe-conseil-min-300x169.jpeg 300w\" sizes=\"auto, (max-width: 600px) 100vw, 600px\" \/><\/figure>\n<\/div>\n\n<div class=\"wp-block-image\">\n<figure class=\"alignright size-large\"><img loading=\"lazy\" decoding=\"async\" width=\"1024\" height=\"683\" src=\"https:\/\/sekundi.eu\/wp-content\/uploads\/2023\/01\/accompagnement-recouvrement-1024x683.jpeg\" alt=\"\" class=\"wp-image-1488\" srcset=\"https:\/\/sekundi.eu\/wp-content\/uploads\/2023\/01\/accompagnement-recouvrement-1024x683.jpeg 1024w, https:\/\/sekundi.eu\/wp-content\/uploads\/2023\/01\/accompagnement-recouvrement-300x200.jpeg 300w, https:\/\/sekundi.eu\/wp-content\/uploads\/2023\/01\/accompagnement-recouvrement-768x512.jpeg 768w, https:\/\/sekundi.eu\/wp-content\/uploads\/2023\/01\/accompagnement-recouvrement-1536x1024.jpeg 1536w, https:\/\/sekundi.eu\/wp-content\/uploads\/2023\/01\/accompagnement-recouvrement-2048x1365.jpeg 2048w\" sizes=\"auto, (max-width: 1024px) 100vw, 1024px\" \/><\/figure>\n<\/div><\/div>\n<\/div>\n\n<div style=\"height:50px\" aria-hidden=\"true\" class=\"wp-block-spacer\"><\/div>\n\n<div class=\"wp-block-columns is-layout-flex wp-container-core-columns-is-layout-9d6595d7 wp-block-columns-is-layout-flex\">\n<div class=\"wp-block-column is-vertically-aligned-top is-layout-flow wp-block-column-is-layout-flow\" style=\"flex-basis:50%\"><div class=\"wp-block-image\">\n<figure class=\"alignleft size-large\"><img loading=\"lazy\" decoding=\"async\" width=\"1024\" height=\"682\" src=\"https:\/\/sekundi.eu\/wp-content\/uploads\/2023\/02\/enjeux-relance-commerciale-min-1-1024x682.jpeg\" alt=\"\" class=\"wp-image-1815\" srcset=\"https:\/\/sekundi.eu\/wp-content\/uploads\/2023\/02\/enjeux-relance-commerciale-min-1-1024x682.jpeg 1024w, https:\/\/sekundi.eu\/wp-content\/uploads\/2023\/02\/enjeux-relance-commerciale-min-1-300x200.jpeg 300w, https:\/\/sekundi.eu\/wp-content\/uploads\/2023\/02\/enjeux-relance-commerciale-min-1-768x512.jpeg 768w, https:\/\/sekundi.eu\/wp-content\/uploads\/2023\/02\/enjeux-relance-commerciale-min-1-1536x1024.jpeg 1536w, https:\/\/sekundi.eu\/wp-content\/uploads\/2023\/02\/enjeux-relance-commerciale-min-1.jpeg 2000w\" sizes=\"auto, (max-width: 1024px) 100vw, 1024px\" \/><\/figure>\n<\/div><\/div>\n\n\n\n<div class=\"wp-block-column is-vertically-aligned-top is-layout-flow wp-block-column-is-layout-flow advgb-dyn-30499083\" style=\"flex-basis:50%\">\n<h2 class=\"wp-block-heading\"><strong>\u00bfC\u00f3mo establecer una estrategia eficaz de cobro de deudas?<\/strong><\/h2>\n\n\n\n<p class=\"advgb-dyn-275af799\">Para que el cobro de deudas sea eficaz, utilizamos un software de cobro de deudas de \u00faltima generaci\u00f3n. Esto, combinado con a\u00f1os de experiencia en el cobro (extra)judicial de deudas, garantiza que Idcas pueda representar sus intereses de forma \u00f3ptima y que se consiga un alto \u00edndice de \u00e9xito.  <\/p>\n<\/div>\n<\/div>\n\n<div style=\"height:50px\" aria-hidden=\"true\" class=\"wp-block-spacer\"><\/div>\n\n<div class=\"wp-block-group alignwide has-marron-background-color has-background\"><div class=\"wp-block-group__inner-container is-layout-constrained wp-block-group-is-layout-constrained\">\n<div style=\"height:30px\" aria-hidden=\"true\" class=\"wp-block-spacer\"><\/div>\n\n\n\n<div class=\"wp-block-columns are-vertically-aligned-center is-layout-flex wp-container-core-columns-is-layout-9d6595d7 wp-block-columns-is-layout-flex\">\n<div class=\"wp-block-column is-vertically-aligned-center is-layout-flow wp-block-column-is-layout-flow\" style=\"flex-basis:66.66%\">\n<p class=\"has-blanc-color has-text-color has-xxlarge-font-size\"><strong>\u00bfTiene deudas pendientes en otro pa\u00eds y<\/strong> <strong>tiene problemas para cobrarlas?<\/strong><\/p>\n<\/div>\n\n\n\n<div class=\"wp-block-column is-vertically-aligned-center is-layout-flow wp-block-column-is-layout-flow\" style=\"flex-basis:33.33%\">\n<div class=\"wp-block-advgb-button aligncenter advgb-dyn-de45f580\"><a class=\"wp-block-advgb-button_link advgbbtn-3f0f76f6-2322-4a40-90ae-7bbd1725b1fa\" href=\"https:\/\/sekundi.eu\/es\/contacte-con\/\" target=\"_self\" rel=\"noopener noreferrer\"><span><span>Presente su reclamaci\u00f3n<\/span><\/span><\/a><\/div>\n<\/div>\n<\/div>\n\n\n\n<div style=\"height:30px\" aria-hidden=\"true\" class=\"wp-block-spacer\"><\/div>\n<\/div><\/div>\n\n<div class=\"wp-block-group alignwide network\"><div class=\"wp-block-group__inner-container is-layout-constrained wp-block-group-is-layout-constrained\">\n<div style=\"height:50px\" aria-hidden=\"true\" class=\"wp-block-spacer\"><\/div>\n\n\n\n<p class=\"has-text-align-center marg0 has-marron-clair-color has-text-color has-small-font-size\"><strong>NUESTRA RED<\/strong><\/p>\n\n\n\n<h2 class=\"has-text-align-center marg0 wp-block-heading\">Pa\u00edses cubiertos<\/h2>\n\n\n\n<div style=\"height:30px\" aria-hidden=\"true\" class=\"wp-block-spacer\"><\/div>\n\n\n<ul class='country-sitemap'><li><a href='https:\/\/sekundi.eu\/es\/sudamerica\/'>Cobro de deudas en Sudam\u00e9rica<\/a><ul><li><a href='https:\/\/sekundi.eu\/es\/sudamerica\/cobro-de-deudas-en-chile\/'><i class='fa-solid fa-map-pin'><\/i>Cobro de deudas en Chile<\/a><\/li><li><a href='https:\/\/sekundi.eu\/es\/sudamerica\/cobro-de-deudas-en-peru\/'><i class='fa-solid fa-map-pin'><\/i>Cobro de deudas en Per\u00fa<\/a><\/li><\/li><\/ul><\/li><\/ul>\n\n\n\n<div style=\"height:50px\" aria-hidden=\"true\" class=\"wp-block-spacer\"><\/div>\n<\/div><\/div>\n<style class=\"advgb-styles-renderer\">.advgbbtn-3f0f76f6-2322-4a40-90ae-7bbd1725b1fa{font-size:18px;color:#fff !important;background-color:#7f634b !important;margin:0px 0px 0px 0px !important;padding:10px 30px 10px 30px;border-width:1px !important;border-color:#fff !important;border-style:solid !important;border-radius:50px !important;}.advgbbtn-3f0f76f6-2322-4a40-90ae-7bbd1725b1fa:hover{color:#7f634b !important;background-color:#fff !important;box-shadow:0px 0px 0px 0px #ccc;opacity:1;transition:all 0s ease;}.advgbbtn-3f0f76f6-2322-4a40-90ae-7bbd1725b1fa > i {display: none !important;}.advgbbtn-3f0f76f6-2322-4a40-90ae-7bbd1725b1fa{font-size:18px;color:#fff !important;background-color:#7f634b !important;margin:0px 0px 0px 0px !important;padding:10px 30px 10px 30px;border-width:1px !important;border-color:#fff !important;border-style:solid !important;border-radius:50px !important;}.advgbbtn-3f0f76f6-2322-4a40-90ae-7bbd1725b1fa:hover{color:#7f634b !important;background-color:#fff !important;box-shadow:0px 0px 0px 0px #ccc;opacity:1;transition:all 0s ease;}.advgbbtn-3f0f76f6-2322-4a40-90ae-7bbd1725b1fa > i {display: none !important;}.advgbbtn-3f0f76f6-2322-4a40-90ae-7bbd1725b1fa{font-size:18px;color:#fff !important;background-color:#7f634b !important;margin:0px 0px 0px 0px !important;padding:10px 30px 10px 30px;border-width:1px !important;border-color:#fff !important;border-style:solid !important;border-radius:50px !important;}.advgbbtn-3f0f76f6-2322-4a40-90ae-7bbd1725b1fa:hover{color:#7f634b !important;background-color:#fff !important;box-shadow:0px 0px 0px 0px #ccc;opacity:1;transition:all 0s ease;}.advgbbtn-3f0f76f6-2322-4a40-90ae-7bbd1725b1fa > i {display: none !important;}.advgbbtn-3f0f76f6-2322-4a40-90ae-7bbd1725b1fa{font-size:18px;color:#fff !important;background-color:#7f634b !important;margin:0px 0px 0px 0px !important;padding:10px 30px 10px 30px;border-width:1px !important;border-color:#fff !important;border-style:solid !important;border-radius:50px !important;}.advgbbtn-3f0f76f6-2322-4a40-90ae-7bbd1725b1fa:hover{color:#7f634b !important;background-color:#fff !important;box-shadow:0px 0px 0px 0px #ccc;opacity:1;transition:all 0s ease;}.advgbbtn-3f0f76f6-2322-4a40-90ae-7bbd1725b1fa > i {display: none !important;}<\/style>","protected":false},"excerpt":{"rendered":"<p>\u00bfTiene alguna deuda en los Pa\u00edses Bajos? \u00bfBusca un socio local que le ayude a pagar su factura? Descubra el cobro de deudas en los Pa\u00edses Bajos con la red de Sekundi. \u00bfCu\u00e1les son los procedimientos legales adecuados para cobrar deudas impagadas en los Pa\u00edses Bajos? El procedimiento de recaudaci\u00f3n puede dividirse en fase amistosa [&hellip;]<\/p>\n","protected":false},"author":1,"featured_media":0,"parent":3517,"menu_order":312,"comment_status":"closed","ping_status":"closed","template":"","meta":{"advgb_blocks_editor_width":"","advgb_blocks_columns_visual_guide":"","footnotes":""},"class_list":["post-5320","page","type-page","status-publish","hentry"],"yoast_head":"<!-- This site is optimized with the Yoast SEO plugin v27.5 - https:\/\/yoast.com\/product\/yoast-seo-wordpress\/ -->\n<title>Internacional Cobro de deudas en los Pa\u00edses Bajos - SEKUNDI<\/title>\n<meta name=\"description\" content=\"\u00bfTiene una factura impagada en los Pa\u00edses Bajos? Obtenga m\u00e1s informaci\u00f3n sobre la asistencia de la red SEKUNDI a empresas en el extranjero.\" \/>\n<meta name=\"robots\" content=\"index, follow, max-snippet:-1, max-image-preview:large, max-video-preview:-1\" \/>\n<link rel=\"canonical\" href=\"https:\/\/sekundi.eu\/es\/europa\/cobro-de-deudas-en-los-paises-bajos\/\" \/>\n<meta property=\"og:locale\" content=\"es_ES\" \/>\n<meta property=\"og:type\" content=\"article\" \/>\n<meta property=\"og:title\" content=\"Internacional Cobro de deudas en los Pa\u00edses Bajos - SEKUNDI\" \/>\n<meta property=\"og:description\" content=\"\u00bfTiene una factura impagada en los Pa\u00edses Bajos? Obtenga m\u00e1s informaci\u00f3n sobre la asistencia de la red SEKUNDI a empresas en el extranjero.\" \/>\n<meta property=\"og:url\" content=\"https:\/\/sekundi.eu\/es\/europa\/cobro-de-deudas-en-los-paises-bajos\/\" \/>\n<meta property=\"og:site_name\" content=\"SEKUNDI\" \/>\n<meta property=\"article:modified_time\" content=\"2023-05-22T14:36:14+00:00\" \/>\n<meta property=\"og:image\" content=\"https:\/\/sekundi.eu\/wp-content\/uploads\/2023\/02\/equipe-conseil-min.jpeg\" \/>\n<meta name=\"twitter:card\" content=\"summary_large_image\" \/>\n<meta name=\"twitter:label1\" content=\"Tiempo de lectura\" \/>\n\t<meta name=\"twitter:data1\" content=\"2 minutos\" \/>\n<script type=\"application\/ld+json\" class=\"yoast-schema-graph\">{\"@context\":\"https:\\\/\\\/schema.org\",\"@graph\":[{\"@type\":\"WebPage\",\"@id\":\"https:\\\/\\\/sekundi.eu\\\/es\\\/europa\\\/cobro-de-deudas-en-los-paises-bajos\\\/\",\"url\":\"https:\\\/\\\/sekundi.eu\\\/es\\\/europa\\\/cobro-de-deudas-en-los-paises-bajos\\\/\",\"name\":\"Internacional Cobro de deudas en los Pa\u00edses Bajos - SEKUNDI\",\"isPartOf\":{\"@id\":\"https:\\\/\\\/sekundi.eu\\\/#website\"},\"primaryImageOfPage\":{\"@id\":\"https:\\\/\\\/sekundi.eu\\\/es\\\/europa\\\/cobro-de-deudas-en-los-paises-bajos\\\/#primaryimage\"},\"image\":{\"@id\":\"https:\\\/\\\/sekundi.eu\\\/es\\\/europa\\\/cobro-de-deudas-en-los-paises-bajos\\\/#primaryimage\"},\"thumbnailUrl\":\"https:\\\/\\\/sekundi.eu\\\/wp-content\\\/uploads\\\/2023\\\/02\\\/equipe-conseil-min.jpeg\",\"datePublished\":\"2023-02-02T14:58:26+00:00\",\"dateModified\":\"2023-05-22T14:36:14+00:00\",\"description\":\"\u00bfTiene una factura impagada en los Pa\u00edses Bajos? Obtenga m\u00e1s informaci\u00f3n sobre la asistencia de la red SEKUNDI a empresas en el extranjero.\",\"breadcrumb\":{\"@id\":\"https:\\\/\\\/sekundi.eu\\\/es\\\/europa\\\/cobro-de-deudas-en-los-paises-bajos\\\/#breadcrumb\"},\"inLanguage\":\"es\",\"potentialAction\":[{\"@type\":\"ReadAction\",\"target\":[\"https:\\\/\\\/sekundi.eu\\\/es\\\/europa\\\/cobro-de-deudas-en-los-paises-bajos\\\/\"]}]},{\"@type\":\"ImageObject\",\"inLanguage\":\"es\",\"@id\":\"https:\\\/\\\/sekundi.eu\\\/es\\\/europa\\\/cobro-de-deudas-en-los-paises-bajos\\\/#primaryimage\",\"url\":\"https:\\\/\\\/sekundi.eu\\\/wp-content\\\/uploads\\\/2023\\\/02\\\/equipe-conseil-min.jpeg\",\"contentUrl\":\"https:\\\/\\\/sekundi.eu\\\/wp-content\\\/uploads\\\/2023\\\/02\\\/equipe-conseil-min.jpeg\"},{\"@type\":\"BreadcrumbList\",\"@id\":\"https:\\\/\\\/sekundi.eu\\\/es\\\/europa\\\/cobro-de-deudas-en-los-paises-bajos\\\/#breadcrumb\",\"itemListElement\":[{\"@type\":\"ListItem\",\"position\":1,\"name\":\"Accueil\",\"item\":\"https:\\\/\\\/sekundi.eu\\\/es\\\/\"},{\"@type\":\"ListItem\",\"position\":2,\"name\":\"Cobro de deudas en Europa\",\"item\":\"https:\\\/\\\/sekundi.eu\\\/es\\\/europa\\\/\"},{\"@type\":\"ListItem\",\"position\":3,\"name\":\"Cobro de deudas en los Pa\u00edses Bajos\"}]},{\"@type\":\"WebSite\",\"@id\":\"https:\\\/\\\/sekundi.eu\\\/#website\",\"url\":\"https:\\\/\\\/sekundi.eu\\\/\",\"name\":\"SEKUNDI\",\"description\":\"\",\"publisher\":{\"@id\":\"https:\\\/\\\/sekundi.eu\\\/#organization\"},\"potentialAction\":[{\"@type\":\"SearchAction\",\"target\":{\"@type\":\"EntryPoint\",\"urlTemplate\":\"https:\\\/\\\/sekundi.eu\\\/?s={search_term_string}\"},\"query-input\":{\"@type\":\"PropertyValueSpecification\",\"valueRequired\":true,\"valueName\":\"search_term_string\"}}],\"inLanguage\":\"es\"},{\"@type\":\"Organization\",\"@id\":\"https:\\\/\\\/sekundi.eu\\\/#organization\",\"name\":\"Sekundi\",\"url\":\"https:\\\/\\\/sekundi.eu\\\/\",\"logo\":{\"@type\":\"ImageObject\",\"inLanguage\":\"es\",\"@id\":\"https:\\\/\\\/sekundi.eu\\\/#\\\/schema\\\/logo\\\/image\\\/\",\"url\":\"https:\\\/\\\/sekundi.eu\\\/wp-content\\\/uploads\\\/2022\\\/12\\\/logo_sekundi.png\",\"contentUrl\":\"https:\\\/\\\/sekundi.eu\\\/wp-content\\\/uploads\\\/2022\\\/12\\\/logo_sekundi.png\",\"width\":171,\"height\":46,\"caption\":\"Sekundi\"},\"image\":{\"@id\":\"https:\\\/\\\/sekundi.eu\\\/#\\\/schema\\\/logo\\\/image\\\/\"}}]}<\/script>\n<!-- \/ Yoast SEO plugin. -->","yoast_head_json":{"title":"Internacional Cobro de deudas en los Pa\u00edses Bajos - SEKUNDI","description":"\u00bfTiene una factura impagada en los Pa\u00edses Bajos? Obtenga m\u00e1s informaci\u00f3n sobre la asistencia de la red SEKUNDI a empresas en el extranjero.","robots":{"index":"index","follow":"follow","max-snippet":"max-snippet:-1","max-image-preview":"max-image-preview:large","max-video-preview":"max-video-preview:-1"},"canonical":"https:\/\/sekundi.eu\/es\/europa\/cobro-de-deudas-en-los-paises-bajos\/","og_locale":"es_ES","og_type":"article","og_title":"Internacional Cobro de deudas en los Pa\u00edses Bajos - SEKUNDI","og_description":"\u00bfTiene una factura impagada en los Pa\u00edses Bajos? Obtenga m\u00e1s informaci\u00f3n sobre la asistencia de la red SEKUNDI a empresas en el extranjero.","og_url":"https:\/\/sekundi.eu\/es\/europa\/cobro-de-deudas-en-los-paises-bajos\/","og_site_name":"SEKUNDI","article_modified_time":"2023-05-22T14:36:14+00:00","og_image":[{"url":"https:\/\/sekundi.eu\/wp-content\/uploads\/2023\/02\/equipe-conseil-min.jpeg","type":"","width":"","height":""}],"twitter_card":"summary_large_image","twitter_misc":{"Tiempo de lectura":"2 minutos"},"schema":{"@context":"https:\/\/schema.org","@graph":[{"@type":"WebPage","@id":"https:\/\/sekundi.eu\/es\/europa\/cobro-de-deudas-en-los-paises-bajos\/","url":"https:\/\/sekundi.eu\/es\/europa\/cobro-de-deudas-en-los-paises-bajos\/","name":"Internacional Cobro de deudas en los Pa\u00edses Bajos - SEKUNDI","isPartOf":{"@id":"https:\/\/sekundi.eu\/#website"},"primaryImageOfPage":{"@id":"https:\/\/sekundi.eu\/es\/europa\/cobro-de-deudas-en-los-paises-bajos\/#primaryimage"},"image":{"@id":"https:\/\/sekundi.eu\/es\/europa\/cobro-de-deudas-en-los-paises-bajos\/#primaryimage"},"thumbnailUrl":"https:\/\/sekundi.eu\/wp-content\/uploads\/2023\/02\/equipe-conseil-min.jpeg","datePublished":"2023-02-02T14:58:26+00:00","dateModified":"2023-05-22T14:36:14+00:00","description":"\u00bfTiene una factura impagada en los Pa\u00edses Bajos? Obtenga m\u00e1s informaci\u00f3n sobre la asistencia de la red SEKUNDI a empresas en el extranjero.","breadcrumb":{"@id":"https:\/\/sekundi.eu\/es\/europa\/cobro-de-deudas-en-los-paises-bajos\/#breadcrumb"},"inLanguage":"es","potentialAction":[{"@type":"ReadAction","target":["https:\/\/sekundi.eu\/es\/europa\/cobro-de-deudas-en-los-paises-bajos\/"]}]},{"@type":"ImageObject","inLanguage":"es","@id":"https:\/\/sekundi.eu\/es\/europa\/cobro-de-deudas-en-los-paises-bajos\/#primaryimage","url":"https:\/\/sekundi.eu\/wp-content\/uploads\/2023\/02\/equipe-conseil-min.jpeg","contentUrl":"https:\/\/sekundi.eu\/wp-content\/uploads\/2023\/02\/equipe-conseil-min.jpeg"},{"@type":"BreadcrumbList","@id":"https:\/\/sekundi.eu\/es\/europa\/cobro-de-deudas-en-los-paises-bajos\/#breadcrumb","itemListElement":[{"@type":"ListItem","position":1,"name":"Accueil","item":"https:\/\/sekundi.eu\/es\/"},{"@type":"ListItem","position":2,"name":"Cobro de deudas en Europa","item":"https:\/\/sekundi.eu\/es\/europa\/"},{"@type":"ListItem","position":3,"name":"Cobro de deudas en los Pa\u00edses Bajos"}]},{"@type":"WebSite","@id":"https:\/\/sekundi.eu\/#website","url":"https:\/\/sekundi.eu\/","name":"SEKUNDI","description":"","publisher":{"@id":"https:\/\/sekundi.eu\/#organization"},"potentialAction":[{"@type":"SearchAction","target":{"@type":"EntryPoint","urlTemplate":"https:\/\/sekundi.eu\/?s={search_term_string}"},"query-input":{"@type":"PropertyValueSpecification","valueRequired":true,"valueName":"search_term_string"}}],"inLanguage":"es"},{"@type":"Organization","@id":"https:\/\/sekundi.eu\/#organization","name":"Sekundi","url":"https:\/\/sekundi.eu\/","logo":{"@type":"ImageObject","inLanguage":"es","@id":"https:\/\/sekundi.eu\/#\/schema\/logo\/image\/","url":"https:\/\/sekundi.eu\/wp-content\/uploads\/2022\/12\/logo_sekundi.png","contentUrl":"https:\/\/sekundi.eu\/wp-content\/uploads\/2022\/12\/logo_sekundi.png","width":171,"height":46,"caption":"Sekundi"},"image":{"@id":"https:\/\/sekundi.eu\/#\/schema\/logo\/image\/"}}]}},"coauthors":[],"author_meta":{"author_link":"https:\/\/sekundi.eu\/es\/author\/sekimageundi\/","display_name":"Les Imageurs"},"relative_dates":{"created":"Publicado 3 a\u00f1os hace","modified":"Actualizado 3 a\u00f1os hace"},"absolute_dates":{"created":"Publicado el 2 de febrero de 2023","modified":"Actualizado el 22 de mayo de 2023"},"absolute_dates_time":{"created":"Publicado el 2 de febrero de 2023 15:58","modified":"Actualizado el 22 de mayo de 2023 16:36"},"featured_img_caption":"","featured_img":false,"series_order":"","_links":{"self":[{"href":"https:\/\/sekundi.eu\/es\/wp-json\/wp\/v2\/pages\/5320","targetHints":{"allow":["GET"]}}],"collection":[{"href":"https:\/\/sekundi.eu\/es\/wp-json\/wp\/v2\/pages"}],"about":[{"href":"https:\/\/sekundi.eu\/es\/wp-json\/wp\/v2\/types\/page"}],"author":[{"embeddable":true,"href":"https:\/\/sekundi.eu\/es\/wp-json\/wp\/v2\/users\/1"}],"replies":[{"embeddable":true,"href":"https:\/\/sekundi.eu\/es\/wp-json\/wp\/v2\/comments?post=5320"}],"version-history":[{"count":3,"href":"https:\/\/sekundi.eu\/es\/wp-json\/wp\/v2\/pages\/5320\/revisions"}],"predecessor-version":[{"id":7985,"href":"https:\/\/sekundi.eu\/es\/wp-json\/wp\/v2\/pages\/5320\/revisions\/7985"}],"up":[{"embeddable":true,"href":"https:\/\/sekundi.eu\/es\/wp-json\/wp\/v2\/pages\/3517"}],"wp:attachment":[{"href":"https:\/\/sekundi.eu\/es\/wp-json\/wp\/v2\/media?parent=5320"}],"curies":[{"name":"wp","href":"https:\/\/api.w.org\/{rel}","templated":true}]}}