{"id":5330,"date":"2023-02-02T15:59:17","date_gmt":"2023-02-02T14:59:17","guid":{"rendered":"https:\/\/sekundi.eu\/europa\/cobro-de-deudas-en-la-republica-checa\/"},"modified":"2023-02-14T15:32:39","modified_gmt":"2023-02-14T14:32:39","slug":"cobro-de-deudas-en-la-republica-checa","status":"publish","type":"page","link":"https:\/\/sekundi.eu\/es\/europa\/cobro-de-deudas-en-la-republica-checa\/","title":{"rendered":"Cobro de deudas en la Rep\u00fablica Checa"},"content":{"rendered":"\n<div style=\"height:50px\" aria-hidden=\"true\" class=\"wp-block-spacer\"><\/div>\n\n<p>El cobro de deudas en un pa\u00eds extranjero nunca es tarea f\u00e1cil. Por eso, la red Sekundi le ofrece los servicios de empresas especializadas en el cobro de facturas en su pa\u00eds. Gracias a nuestro socio, podemos encargarnos de recoger su factura en la Rep\u00fablica Checa o Eslovaquia, por ejemplo.<\/p>\n\n<div class=\"wp-block-columns is-layout-flex wp-container-core-columns-is-layout-9d6595d7 wp-block-columns-is-layout-flex\">\n<div class=\"wp-block-column is-layout-flow wp-block-column-is-layout-flow\" style=\"flex-basis:50%\">\n<h2 class=\"wp-block-heading\"><strong>\u00bfC\u00f3mo establecer una estrategia eficaz de cobro de deudas?<\/strong><\/h2>\n\n\n\n<p>Creemos en una aplicaci\u00f3n en\u00e9rgica. Los cobros se realizan diariamente y se contacta regularmente con todos los deudores. Nuestro objetivo es siempre hablar con los principales responsables para acordar un pago r\u00e1pido de la deuda.<\/p>\n<\/div>\n\n\n\n<div class=\"wp-block-column is-layout-flow wp-block-column-is-layout-flow\" style=\"flex-basis:50%\"><div class=\"wp-block-image\">\n<figure class=\"alignright size-full\"><img loading=\"lazy\" decoding=\"async\" width=\"850\" height=\"667\" src=\"https:\/\/sekundi.eu\/wp-content\/uploads\/2022\/12\/business-consulting-4-pvgn8vv48cbltmrmaq6wb3l2w83guqswsp2yi3xr4e.jpg\" alt=\"\" class=\"wp-image-97\" srcset=\"https:\/\/sekundi.eu\/wp-content\/uploads\/2022\/12\/business-consulting-4-pvgn8vv48cbltmrmaq6wb3l2w83guqswsp2yi3xr4e.jpg 850w, https:\/\/sekundi.eu\/wp-content\/uploads\/2022\/12\/business-consulting-4-pvgn8vv48cbltmrmaq6wb3l2w83guqswsp2yi3xr4e-300x235.jpg 300w, https:\/\/sekundi.eu\/wp-content\/uploads\/2022\/12\/business-consulting-4-pvgn8vv48cbltmrmaq6wb3l2w83guqswsp2yi3xr4e-768x603.jpg 768w\" sizes=\"auto, (max-width: 850px) 100vw, 850px\" \/><\/figure>\n<\/div><\/div>\n<\/div>\n\n<div style=\"height:50px\" aria-hidden=\"true\" class=\"wp-block-spacer\"><\/div>\n\n<div class=\"wp-block-columns is-layout-flex wp-container-core-columns-is-layout-9d6595d7 wp-block-columns-is-layout-flex\">\n<div class=\"wp-block-column is-vertically-aligned-top is-layout-flow wp-block-column-is-layout-flow\" style=\"flex-basis:50%\"><div class=\"wp-block-image\">\n<figure class=\"alignleft size-full\"><img loading=\"lazy\" decoding=\"async\" width=\"850\" height=\"667\" src=\"https:\/\/sekundi.eu\/wp-content\/uploads\/2022\/12\/business-consulting-4-pvgn8vv48cbltmrmaq6wb3l2w83guqswsp2yi3xr4e.jpg\" alt=\"\" class=\"wp-image-97\" srcset=\"https:\/\/sekundi.eu\/wp-content\/uploads\/2022\/12\/business-consulting-4-pvgn8vv48cbltmrmaq6wb3l2w83guqswsp2yi3xr4e.jpg 850w, https:\/\/sekundi.eu\/wp-content\/uploads\/2022\/12\/business-consulting-4-pvgn8vv48cbltmrmaq6wb3l2w83guqswsp2yi3xr4e-300x235.jpg 300w, https:\/\/sekundi.eu\/wp-content\/uploads\/2022\/12\/business-consulting-4-pvgn8vv48cbltmrmaq6wb3l2w83guqswsp2yi3xr4e-768x603.jpg 768w\" sizes=\"auto, (max-width: 850px) 100vw, 850px\" \/><\/figure>\n<\/div><\/div>\n\n\n\n<div class=\"wp-block-column is-vertically-aligned-top is-layout-flow wp-block-column-is-layout-flow advgb-dyn-a44c8acd\" style=\"flex-basis:50%\">\n<h2 class=\"wp-block-heading\"><strong>\u00bfCu\u00e1les son los costes y honorarios asociados al cobro de deudas?<\/strong><\/h2>\n\n\n\n<p>La comisi\u00f3n de recuperaci\u00f3n se cobra de acuerdo con la lista de precios vigente de Sekundi.<\/p>\n\n\n\n<p>En caso de recuperaci\u00f3n judicial, tanto los gastos de abogado como la tasa judicial se calculan siempre sobre el importe principal de la deuda.<\/p>\n\n\n\n<p><\/p>\n<\/div>\n<\/div>\n\n<div style=\"height:50px\" aria-hidden=\"true\" class=\"wp-block-spacer\"><\/div>\n\n<h2 class=\"wp-block-heading\"><strong>\u00bfPuede automatizarse el cobro de deudas para hacerlo m\u00e1s eficaz?<\/strong><\/h2>\n\n<p>No creemos que la automatizaci\u00f3n de los procesos de cobro de deudas pueda hacerlos m\u00e1s eficientes. Cada deuda es diferente, igual que el deudor. El proceso de renovaci\u00f3n es el arte de la negociaci\u00f3n<strong>.<\/strong><\/p>\n\n<div style=\"height:20px\" aria-hidden=\"true\" class=\"wp-block-spacer\"><\/div>\n\n<h2 class=\"wp-block-heading\"><strong>\u00bfQui\u00e9n puede recurrir a nuestra empresa de recogida?<\/strong><\/h2>\n\n<p>No disponemos de estad\u00edsticas sobre el porcentaje de \u00e9xito en el cobro de deudas. Aceptamos todos los casos de recuperaci\u00f3n de deudas (no s\u00f3lo los buenos) porque creemos que podemos ayudar al cliente incluso en caso de impago (declaramos la quiebra, proponemos otros procedimientos eficaces que ahorran tiempo y dinero al acreedor, ...).<\/p>\n\n<div style=\"height:20px\" aria-hidden=\"true\" class=\"wp-block-spacer\"><\/div>\n\n<h2 class=\"wp-block-heading\"><strong>\u00bfC\u00f3mo mejorar los procesos de recuperaci\u00f3n?<\/strong><\/h2>\n\n<p>El contacto con el deudor y la documentaci\u00f3n de la deuda pueden mejorar significativamente la eficacia del proceso de cobro<\/p>\n\n<div style=\"height:50px\" aria-hidden=\"true\" class=\"wp-block-spacer\"><\/div>\n\n<div class=\"wp-block-group alignwide has-bleu-gris-background-color has-background\"><div class=\"wp-block-group__inner-container is-layout-constrained wp-block-group-is-layout-constrained\">\n<div style=\"height:30px\" aria-hidden=\"true\" class=\"wp-block-spacer\"><\/div>\n\n\n\n<p class=\"has-text-align-center marg0 has-marron-color has-text-color has-small-font-size\"><\/p>\n\n\n\n<h2 class=\"has-text-align-center marg0 wp-block-heading\" id=\"titre-2-a8530347-58d4-4393-abd8-f975470a0732\">Preguntas frecuentes<\/h2>\n\n\n\n<div style=\"height:30px\" aria-hidden=\"true\" class=\"wp-block-spacer\"><\/div>\n\n\n\n<div class=\"wp-block-advgb-accordions advgb-accordion-wrapper\" data-collapsed=\"true\">\n<div class=\"wp-block-advgb-accordion-item advgb-accordion-item\" style=\"margin-bottom:15px\"><div class=\"advgb-accordion-header\" style=\"background-color:#000;color:#eee;border-style:solid;border-width:1px;border-radius:2px\"><span class=\"advgb-accordion-header-icon\"><svg fill=\"#fff\" xmlns=\"http:\/\/www.w3.org\/2000\/svg\" width=\"24\" height=\"24\" viewBox=\"0 0 24 24\"><path fill=\"none\" d=\"M0,0h24v24H0V0z\"><\/path><path d=\"M12,5.83L15.17,9l1.41-1.41L12,3L7.41,7.59L8.83,9L12,5.83z M12,18.17L8.83,15l-1.41,1.41L12,21l4.59-4.59L15.17,15 L12,18.17z\"><\/path><\/svg><\/span><h5 class=\"advgb-accordion-header-title\" style=\"color:inherit\"><strong><strong>1. \u00bfCu\u00e1les son los procedimientos legales apropiados para el cobro de deudas pendientes en mi pa\u00eds?<\/strong><\/strong><\/h5><\/div><div class=\"advgb-accordion-body\" style=\"border-style:solid !important;border-width:1px !important;border-color:undefined !important;border-top:none !important;border-radius:2px !important\">\n<p>El proceso monitorio ofrece una forma r\u00e1pida de cobrar una deuda. Exige que el acreedor justifique suficientemente la existencia del cr\u00e9dito. No es necesario comparecer ante el tribunal, ya que se trata de un procedimiento escrito.<\/p>\n\n\n\n<p>Si no se efect\u00faa el pago y el deudor no presenta resistencia, se procede a la ejecuci\u00f3n.<\/p>\n<\/div><\/div>\n\n\n\n<div class=\"wp-block-advgb-accordion-item advgb-accordion-item\" style=\"margin-bottom:15px\"><div class=\"advgb-accordion-header\" style=\"background-color:#000;color:#eee;border-style:solid;border-width:1px;border-radius:2px\"><span class=\"advgb-accordion-header-icon\"><svg fill=\"#fff\" xmlns=\"http:\/\/www.w3.org\/2000\/svg\" width=\"24\" height=\"24\" viewBox=\"0 0 24 24\"><path fill=\"none\" d=\"M0,0h24v24H0V0z\"><\/path><path d=\"M12,5.83L15.17,9l1.41-1.41L12,3L7.41,7.59L8.83,9L12,5.83z M12,18.17L8.83,15l-1.41,1.41L12,21l4.59-4.59L15.17,15 L12,18.17z\"><\/path><\/svg><\/span><h5 class=\"advgb-accordion-header-title\" style=\"color:inherit\"><strong><strong>2. \u00bfC\u00f3mo puedo gestionar las relaciones con deudores extranjeros para facilitar el cobro de deudas?<\/strong><\/strong><\/h5><\/div><div class=\"advgb-accordion-body\" style=\"border-style:solid !important;border-width:1px !important;border-color:undefined !important;border-top:none !important;border-radius:2px !important\">\n<p>No cobramos cr\u00e9ditos en el extranjero. Siempre los enviamos a nuestros socios. Creemos que una agencia de cobros local deber\u00eda encargarse de hacer cumplir la ley.<\/p>\n<\/div><\/div>\n\n\n\n<div class=\"wp-block-advgb-accordion-item advgb-accordion-item\" style=\"margin-bottom:15px\"><div class=\"advgb-accordion-header\" style=\"background-color:#000;color:#eee;border-style:solid;border-width:1px;border-radius:2px\"><span class=\"advgb-accordion-header-icon\"><svg fill=\"#fff\" xmlns=\"http:\/\/www.w3.org\/2000\/svg\" width=\"24\" height=\"24\" viewBox=\"0 0 24 24\"><path fill=\"none\" d=\"M0,0h24v24H0V0z\"><\/path><path d=\"M12,5.83L15.17,9l1.41-1.41L12,3L7.41,7.59L8.83,9L12,5.83z M12,18.17L8.83,15l-1.41,1.41L12,21l4.59-4.59L15.17,15 L12,18.17z\"><\/path><\/svg><\/span><h5 class=\"advgb-accordion-header-title\" style=\"color:inherit\"><strong><strong>3. \u00bfC\u00f3mo puedo gestionar los riesgos asociados al cobro de deudas?<\/strong><\/strong><\/h5><\/div><div class=\"advgb-accordion-body\" style=\"border-style:solid !important;border-width:1px !important;border-color:undefined !important;border-top:none !important;border-radius:2px !important\">\n<p>El riesgo se reduce cuando podemos respaldar nuestros argumentos con documentos y poderes. Por otra parte, el riesgo aumenta en los siniestros B2C. Los deudores, los particulares, a veces creen que pueden hacerlo todo. Por eso protegemos los perfiles de nuestra gente y de nuestra empresa.<\/p>\n<\/div><\/div>\n<\/div>\n\n\n\n<div style=\"height:50px\" aria-hidden=\"true\" class=\"wp-block-spacer\"><\/div>\n<\/div><\/div>\n\n<div class=\"wp-block-group alignwide has-marron-background-color has-background\"><div class=\"wp-block-group__inner-container is-layout-constrained wp-block-group-is-layout-constrained\">\n<div style=\"height:30px\" aria-hidden=\"true\" class=\"wp-block-spacer\"><\/div>\n\n\n\n<div class=\"wp-block-columns are-vertically-aligned-center is-layout-flex wp-container-core-columns-is-layout-9d6595d7 wp-block-columns-is-layout-flex\">\n<div class=\"wp-block-column is-vertically-aligned-center is-layout-flow wp-block-column-is-layout-flow\" style=\"flex-basis:66.66%\">\n<p class=\"has-blanc-color has-text-color has-xxlarge-font-size\"><strong>\u00bfTiene deudas pendientes en otro pa\u00eds y<\/strong> <strong>tiene problemas para cobrarlas?<\/strong><\/p>\n<\/div>\n\n\n\n<div class=\"wp-block-column is-vertically-aligned-center is-layout-flow wp-block-column-is-layout-flow\" style=\"flex-basis:33.33%\">\n<div class=\"wp-block-advgb-button aligncenter advgb-dyn-de45f580\"><a class=\"wp-block-advgb-button_link advgbbtn-3f0f76f6-2322-4a40-90ae-7bbd1725b1fa\" href=\"https:\/\/sekundi.eu\/es\/contacte-con\/\" target=\"_self\" rel=\"noopener noreferrer\"><span><span>Presente su reclamaci\u00f3n<\/span><\/span><\/a><\/div>\n<\/div>\n<\/div>\n\n\n\n<div style=\"height:30px\" aria-hidden=\"true\" class=\"wp-block-spacer\"><\/div>\n<\/div><\/div>\n\n<div class=\"wp-block-group alignwide network\"><div class=\"wp-block-group__inner-container is-layout-constrained wp-block-group-is-layout-constrained\">\n<div style=\"height:50px\" aria-hidden=\"true\" class=\"wp-block-spacer\"><\/div>\n\n\n\n<p class=\"has-text-align-center marg0 has-marron-clair-color has-text-color has-small-font-size\"><strong>NUESTRA RED<\/strong><\/p>\n\n\n\n<h2 class=\"has-text-align-center marg0 wp-block-heading\">Pa\u00edses cubiertos<\/h2>\n\n\n\n<div style=\"height:30px\" aria-hidden=\"true\" class=\"wp-block-spacer\"><\/div>\n\n\n<ul class='country-sitemap'><li><a href='https:\/\/sekundi.eu\/es\/sudamerica\/'>Cobro de deudas en Sudam\u00e9rica<\/a><ul><li><a href='https:\/\/sekundi.eu\/es\/sudamerica\/cobro-de-deudas-en-chile\/'><i class='fa-solid fa-map-pin'><\/i>Cobro de deudas en Chile<\/a><\/li><li><a href='https:\/\/sekundi.eu\/es\/sudamerica\/cobro-de-deudas-en-peru\/'><i class='fa-solid fa-map-pin'><\/i>Cobro de deudas en Per\u00fa<\/a><\/li><\/li><\/ul><\/li><\/ul>\n\n\n\n<div style=\"height:50px\" aria-hidden=\"true\" class=\"wp-block-spacer\"><\/div>\n<\/div><\/div>\n<style class=\"advgb-styles-renderer\">.advgbbtn-3f0f76f6-2322-4a40-90ae-7bbd1725b1fa{font-size:18px;color:#fff !important;background-color:#7f634b !important;margin:0px 0px 0px 0px !important;padding:10px 30px 10px 30px;border-width:1px !important;border-color:#fff !important;border-style:solid !important;border-radius:50px !important;}.advgbbtn-3f0f76f6-2322-4a40-90ae-7bbd1725b1fa:hover{color:#7f634b !important;background-color:#fff !important;box-shadow:0px 0px 0px 0px #ccc;opacity:1;transition:all 0s ease;}.advgbbtn-3f0f76f6-2322-4a40-90ae-7bbd1725b1fa > i {display: none !important;}.advgbbtn-3f0f76f6-2322-4a40-90ae-7bbd1725b1fa{font-size:18px;color:#fff !important;background-color:#7f634b !important;margin:0px 0px 0px 0px !important;padding:10px 30px 10px 30px;border-width:1px !important;border-color:#fff !important;border-style:solid !important;border-radius:50px !important;}.advgbbtn-3f0f76f6-2322-4a40-90ae-7bbd1725b1fa:hover{color:#7f634b !important;background-color:#fff !important;box-shadow:0px 0px 0px 0px #ccc;opacity:1;transition:all 0s ease;}.advgbbtn-3f0f76f6-2322-4a40-90ae-7bbd1725b1fa > i {display: none !important;}.advgbbtn-3f0f76f6-2322-4a40-90ae-7bbd1725b1fa{font-size:18px;color:#fff !important;background-color:#7f634b !important;margin:0px 0px 0px 0px !important;padding:10px 30px 10px 30px;border-width:1px !important;border-color:#fff !important;border-style:solid !important;border-radius:50px !important;}.advgbbtn-3f0f76f6-2322-4a40-90ae-7bbd1725b1fa:hover{color:#7f634b !important;background-color:#fff !important;box-shadow:0px 0px 0px 0px #ccc;opacity:1;transition:all 0s ease;}.advgbbtn-3f0f76f6-2322-4a40-90ae-7bbd1725b1fa > i {display: none !important;}.advgbbtn-3f0f76f6-2322-4a40-90ae-7bbd1725b1fa{font-size:18px;color:#fff !important;background-color:#7f634b !important;margin:0px 0px 0px 0px !important;padding:10px 30px 10px 30px;border-width:1px !important;border-color:#fff !important;border-style:solid !important;border-radius:50px !important;}.advgbbtn-3f0f76f6-2322-4a40-90ae-7bbd1725b1fa:hover{color:#7f634b !important;background-color:#fff !important;box-shadow:0px 0px 0px 0px #ccc;opacity:1;transition:all 0s ease;}.advgbbtn-3f0f76f6-2322-4a40-90ae-7bbd1725b1fa > i {display: none !important;}<\/style>","protected":false},"excerpt":{"rendered":"<p>El cobro de deudas en un pa\u00eds extranjero nunca es tarea f\u00e1cil. Por eso, la red Sekundi le ofrece los servicios de empresas especializadas en el cobro de facturas en su pa\u00eds. Gracias a nuestro socio, podemos encargarnos de recoger su factura en la Rep\u00fablica Checa o Eslovaquia, por ejemplo. \u00bfC\u00f3mo establecer una estrategia eficaz [&hellip;]<\/p>\n","protected":false},"author":1,"featured_media":0,"parent":3517,"menu_order":285,"comment_status":"closed","ping_status":"closed","template":"","meta":{"advgb_blocks_editor_width":"","advgb_blocks_columns_visual_guide":"","footnotes":""},"class_list":["post-5330","page","type-page","status-publish","hentry"],"yoast_head":"<!-- This site is optimized with the Yoast SEO plugin v27.5 - https:\/\/yoast.com\/product\/yoast-seo-wordpress\/ -->\n<title>Cobro de deudas en la Rep\u00fablica Checa - Recuperaci\u00f3n de deuda internacional<\/title>\n<meta name=\"description\" content=\"\u00bfTienes un deudor fuera de tu pa\u00eds? Descubre los procedimientos para recuperar tus facturas impagadas gracias a Cobro de deudas en la Rep\u00fablica Checa.\" \/>\n<meta name=\"robots\" content=\"noindex, follow\" \/>\n<meta property=\"og:locale\" content=\"es_ES\" \/>\n<meta property=\"og:type\" content=\"article\" \/>\n<meta property=\"og:title\" content=\"Cobro de deudas en la Rep\u00fablica Checa - Recuperaci\u00f3n de deuda internacional\" \/>\n<meta property=\"og:description\" content=\"\u00bfTienes un deudor fuera de tu pa\u00eds? Descubre los procedimientos para recuperar tus facturas impagadas gracias a Cobro de deudas en la Rep\u00fablica Checa.\" \/>\n<meta property=\"og:url\" content=\"https:\/\/sekundi.eu\/es\/europa\/cobro-de-deudas-en-la-republica-checa\/\" \/>\n<meta property=\"og:site_name\" content=\"SEKUNDI\" \/>\n<meta property=\"article:modified_time\" content=\"2023-02-14T14:32:39+00:00\" \/>\n<meta property=\"og:image\" content=\"https:\/\/sekundi.eu\/wp-content\/uploads\/2022\/12\/business-consulting-4-pvgn8vv48cbltmrmaq6wb3l2w83guqswsp2yi3xr4e.jpg\" \/>\n<meta name=\"twitter:card\" content=\"summary_large_image\" \/>\n<meta name=\"twitter:label1\" content=\"Tiempo de lectura\" \/>\n\t<meta name=\"twitter:data1\" content=\"2 minutos\" \/>\n<script type=\"application\/ld+json\" class=\"yoast-schema-graph\">{\"@context\":\"https:\\\/\\\/schema.org\",\"@graph\":[{\"@type\":\"WebPage\",\"@id\":\"https:\\\/\\\/sekundi.eu\\\/es\\\/europa\\\/cobro-de-deudas-en-la-republica-checa\\\/\",\"url\":\"https:\\\/\\\/sekundi.eu\\\/es\\\/europa\\\/cobro-de-deudas-en-la-republica-checa\\\/\",\"name\":\"Cobro de deudas en la Rep\u00fablica Checa - Recuperaci\u00f3n de deuda internacional\",\"isPartOf\":{\"@id\":\"https:\\\/\\\/sekundi.eu\\\/#website\"},\"primaryImageOfPage\":{\"@id\":\"https:\\\/\\\/sekundi.eu\\\/es\\\/europa\\\/cobro-de-deudas-en-la-republica-checa\\\/#primaryimage\"},\"image\":{\"@id\":\"https:\\\/\\\/sekundi.eu\\\/es\\\/europa\\\/cobro-de-deudas-en-la-republica-checa\\\/#primaryimage\"},\"thumbnailUrl\":\"https:\\\/\\\/sekundi.eu\\\/wp-content\\\/uploads\\\/2022\\\/12\\\/business-consulting-4-pvgn8vv48cbltmrmaq6wb3l2w83guqswsp2yi3xr4e.jpg\",\"datePublished\":\"2023-02-02T14:59:17+00:00\",\"dateModified\":\"2023-02-14T14:32:39+00:00\",\"description\":\"\u00bfTienes un deudor fuera de tu pa\u00eds? Descubre los procedimientos para recuperar tus facturas impagadas gracias a Cobro de deudas en la Rep\u00fablica Checa.\",\"breadcrumb\":{\"@id\":\"https:\\\/\\\/sekundi.eu\\\/es\\\/europa\\\/cobro-de-deudas-en-la-republica-checa\\\/#breadcrumb\"},\"inLanguage\":\"es\",\"potentialAction\":[{\"@type\":\"ReadAction\",\"target\":[\"https:\\\/\\\/sekundi.eu\\\/es\\\/europa\\\/cobro-de-deudas-en-la-republica-checa\\\/\"]}]},{\"@type\":\"ImageObject\",\"inLanguage\":\"es\",\"@id\":\"https:\\\/\\\/sekundi.eu\\\/es\\\/europa\\\/cobro-de-deudas-en-la-republica-checa\\\/#primaryimage\",\"url\":\"https:\\\/\\\/sekundi.eu\\\/wp-content\\\/uploads\\\/2022\\\/12\\\/business-consulting-4-pvgn8vv48cbltmrmaq6wb3l2w83guqswsp2yi3xr4e.jpg\",\"contentUrl\":\"https:\\\/\\\/sekundi.eu\\\/wp-content\\\/uploads\\\/2022\\\/12\\\/business-consulting-4-pvgn8vv48cbltmrmaq6wb3l2w83guqswsp2yi3xr4e.jpg\"},{\"@type\":\"BreadcrumbList\",\"@id\":\"https:\\\/\\\/sekundi.eu\\\/es\\\/europa\\\/cobro-de-deudas-en-la-republica-checa\\\/#breadcrumb\",\"itemListElement\":[{\"@type\":\"ListItem\",\"position\":1,\"name\":\"Accueil\",\"item\":\"https:\\\/\\\/sekundi.eu\\\/es\\\/\"},{\"@type\":\"ListItem\",\"position\":2,\"name\":\"Cobro de deudas en Europa\",\"item\":\"https:\\\/\\\/sekundi.eu\\\/es\\\/europa\\\/\"},{\"@type\":\"ListItem\",\"position\":3,\"name\":\"Cobro de deudas en la Rep\u00fablica Checa\"}]},{\"@type\":\"WebSite\",\"@id\":\"https:\\\/\\\/sekundi.eu\\\/#website\",\"url\":\"https:\\\/\\\/sekundi.eu\\\/\",\"name\":\"SEKUNDI\",\"description\":\"\",\"publisher\":{\"@id\":\"https:\\\/\\\/sekundi.eu\\\/#organization\"},\"potentialAction\":[{\"@type\":\"SearchAction\",\"target\":{\"@type\":\"EntryPoint\",\"urlTemplate\":\"https:\\\/\\\/sekundi.eu\\\/?s={search_term_string}\"},\"query-input\":{\"@type\":\"PropertyValueSpecification\",\"valueRequired\":true,\"valueName\":\"search_term_string\"}}],\"inLanguage\":\"es\"},{\"@type\":\"Organization\",\"@id\":\"https:\\\/\\\/sekundi.eu\\\/#organization\",\"name\":\"Sekundi\",\"url\":\"https:\\\/\\\/sekundi.eu\\\/\",\"logo\":{\"@type\":\"ImageObject\",\"inLanguage\":\"es\",\"@id\":\"https:\\\/\\\/sekundi.eu\\\/#\\\/schema\\\/logo\\\/image\\\/\",\"url\":\"https:\\\/\\\/sekundi.eu\\\/wp-content\\\/uploads\\\/2022\\\/12\\\/logo_sekundi.png\",\"contentUrl\":\"https:\\\/\\\/sekundi.eu\\\/wp-content\\\/uploads\\\/2022\\\/12\\\/logo_sekundi.png\",\"width\":171,\"height\":46,\"caption\":\"Sekundi\"},\"image\":{\"@id\":\"https:\\\/\\\/sekundi.eu\\\/#\\\/schema\\\/logo\\\/image\\\/\"}}]}<\/script>\n<!-- \/ Yoast SEO plugin. -->","yoast_head_json":{"title":"Cobro de deudas en la Rep\u00fablica Checa - Recuperaci\u00f3n de deuda internacional","description":"\u00bfTienes un deudor fuera de tu pa\u00eds? Descubre los procedimientos para recuperar tus facturas impagadas gracias a Cobro de deudas en la Rep\u00fablica Checa.","robots":{"index":"noindex","follow":"follow"},"og_locale":"es_ES","og_type":"article","og_title":"Cobro de deudas en la Rep\u00fablica Checa - Recuperaci\u00f3n de deuda internacional","og_description":"\u00bfTienes un deudor fuera de tu pa\u00eds? Descubre los procedimientos para recuperar tus facturas impagadas gracias a Cobro de deudas en la Rep\u00fablica Checa.","og_url":"https:\/\/sekundi.eu\/es\/europa\/cobro-de-deudas-en-la-republica-checa\/","og_site_name":"SEKUNDI","article_modified_time":"2023-02-14T14:32:39+00:00","og_image":[{"url":"https:\/\/sekundi.eu\/wp-content\/uploads\/2022\/12\/business-consulting-4-pvgn8vv48cbltmrmaq6wb3l2w83guqswsp2yi3xr4e.jpg","type":"","width":"","height":""}],"twitter_card":"summary_large_image","twitter_misc":{"Tiempo de lectura":"2 minutos"},"schema":{"@context":"https:\/\/schema.org","@graph":[{"@type":"WebPage","@id":"https:\/\/sekundi.eu\/es\/europa\/cobro-de-deudas-en-la-republica-checa\/","url":"https:\/\/sekundi.eu\/es\/europa\/cobro-de-deudas-en-la-republica-checa\/","name":"Cobro de deudas en la Rep\u00fablica Checa - Recuperaci\u00f3n de deuda internacional","isPartOf":{"@id":"https:\/\/sekundi.eu\/#website"},"primaryImageOfPage":{"@id":"https:\/\/sekundi.eu\/es\/europa\/cobro-de-deudas-en-la-republica-checa\/#primaryimage"},"image":{"@id":"https:\/\/sekundi.eu\/es\/europa\/cobro-de-deudas-en-la-republica-checa\/#primaryimage"},"thumbnailUrl":"https:\/\/sekundi.eu\/wp-content\/uploads\/2022\/12\/business-consulting-4-pvgn8vv48cbltmrmaq6wb3l2w83guqswsp2yi3xr4e.jpg","datePublished":"2023-02-02T14:59:17+00:00","dateModified":"2023-02-14T14:32:39+00:00","description":"\u00bfTienes un deudor fuera de tu pa\u00eds? Descubre los procedimientos para recuperar tus facturas impagadas gracias a Cobro de deudas en la Rep\u00fablica Checa.","breadcrumb":{"@id":"https:\/\/sekundi.eu\/es\/europa\/cobro-de-deudas-en-la-republica-checa\/#breadcrumb"},"inLanguage":"es","potentialAction":[{"@type":"ReadAction","target":["https:\/\/sekundi.eu\/es\/europa\/cobro-de-deudas-en-la-republica-checa\/"]}]},{"@type":"ImageObject","inLanguage":"es","@id":"https:\/\/sekundi.eu\/es\/europa\/cobro-de-deudas-en-la-republica-checa\/#primaryimage","url":"https:\/\/sekundi.eu\/wp-content\/uploads\/2022\/12\/business-consulting-4-pvgn8vv48cbltmrmaq6wb3l2w83guqswsp2yi3xr4e.jpg","contentUrl":"https:\/\/sekundi.eu\/wp-content\/uploads\/2022\/12\/business-consulting-4-pvgn8vv48cbltmrmaq6wb3l2w83guqswsp2yi3xr4e.jpg"},{"@type":"BreadcrumbList","@id":"https:\/\/sekundi.eu\/es\/europa\/cobro-de-deudas-en-la-republica-checa\/#breadcrumb","itemListElement":[{"@type":"ListItem","position":1,"name":"Accueil","item":"https:\/\/sekundi.eu\/es\/"},{"@type":"ListItem","position":2,"name":"Cobro de deudas en Europa","item":"https:\/\/sekundi.eu\/es\/europa\/"},{"@type":"ListItem","position":3,"name":"Cobro de deudas en la Rep\u00fablica Checa"}]},{"@type":"WebSite","@id":"https:\/\/sekundi.eu\/#website","url":"https:\/\/sekundi.eu\/","name":"SEKUNDI","description":"","publisher":{"@id":"https:\/\/sekundi.eu\/#organization"},"potentialAction":[{"@type":"SearchAction","target":{"@type":"EntryPoint","urlTemplate":"https:\/\/sekundi.eu\/?s={search_term_string}"},"query-input":{"@type":"PropertyValueSpecification","valueRequired":true,"valueName":"search_term_string"}}],"inLanguage":"es"},{"@type":"Organization","@id":"https:\/\/sekundi.eu\/#organization","name":"Sekundi","url":"https:\/\/sekundi.eu\/","logo":{"@type":"ImageObject","inLanguage":"es","@id":"https:\/\/sekundi.eu\/#\/schema\/logo\/image\/","url":"https:\/\/sekundi.eu\/wp-content\/uploads\/2022\/12\/logo_sekundi.png","contentUrl":"https:\/\/sekundi.eu\/wp-content\/uploads\/2022\/12\/logo_sekundi.png","width":171,"height":46,"caption":"Sekundi"},"image":{"@id":"https:\/\/sekundi.eu\/#\/schema\/logo\/image\/"}}]}},"coauthors":[],"author_meta":{"author_link":"https:\/\/sekundi.eu\/es\/author\/sekimageundi\/","display_name":"Les Imageurs"},"relative_dates":{"created":"Publicado 3 a\u00f1os hace","modified":"Actualizado 3 a\u00f1os hace"},"absolute_dates":{"created":"Publicado el 2 de febrero de 2023","modified":"Actualizado el 14 de febrero de 2023"},"absolute_dates_time":{"created":"Publicado el 2 de febrero de 2023 15:59","modified":"Actualizado el 14 de febrero de 2023 15:32"},"featured_img_caption":"","featured_img":false,"series_order":"","_links":{"self":[{"href":"https:\/\/sekundi.eu\/es\/wp-json\/wp\/v2\/pages\/5330","targetHints":{"allow":["GET"]}}],"collection":[{"href":"https:\/\/sekundi.eu\/es\/wp-json\/wp\/v2\/pages"}],"about":[{"href":"https:\/\/sekundi.eu\/es\/wp-json\/wp\/v2\/types\/page"}],"author":[{"embeddable":true,"href":"https:\/\/sekundi.eu\/es\/wp-json\/wp\/v2\/users\/1"}],"replies":[{"embeddable":true,"href":"https:\/\/sekundi.eu\/es\/wp-json\/wp\/v2\/comments?post=5330"}],"version-history":[{"count":1,"href":"https:\/\/sekundi.eu\/es\/wp-json\/wp\/v2\/pages\/5330\/revisions"}],"predecessor-version":[{"id":5331,"href":"https:\/\/sekundi.eu\/es\/wp-json\/wp\/v2\/pages\/5330\/revisions\/5331"}],"up":[{"embeddable":true,"href":"https:\/\/sekundi.eu\/es\/wp-json\/wp\/v2\/pages\/3517"}],"wp:attachment":[{"href":"https:\/\/sekundi.eu\/es\/wp-json\/wp\/v2\/media?parent=5330"}],"curies":[{"name":"wp","href":"https:\/\/api.w.org\/{rel}","templated":true}]}}