{"id":8557,"date":"2025-07-18T15:57:10","date_gmt":"2025-07-18T13:57:10","guid":{"rendered":"https:\/\/sekundi.eu\/norteamerica\/cobro-de-deudas-en-salvador\/"},"modified":"2025-07-18T16:33:33","modified_gmt":"2025-07-18T14:33:33","slug":"cobro-de-deudas-en-salvador","status":"publish","type":"page","link":"https:\/\/sekundi.eu\/es\/sudamerica\/cobro-de-deudas-en-salvador\/","title":{"rendered":"Cobro de deudas en Salvador"},"content":{"rendered":"\n<div style=\"height:30px\" aria-hidden=\"true\" class=\"wp-block-spacer\"><\/div>\n\n<p>\u00bfTienes una deuda internacional en una empresa internacional? Como empresa, puedes abrir tu mercado a otras empresas internacionales. Pero si no pagan, es m\u00e1s complicado recuperar tu dinero. Descubre el <strong>cobro r\u00e1pido y eficaz de deudas <\/strong>con la red Sekundi.   <\/p>\n\n<div class=\"wp-block-columns are-vertically-aligned-center is-layout-flex wp-container-core-columns-is-layout-9d6595d7 wp-block-columns-is-layout-flex\">\n<div class=\"wp-block-column is-vertically-aligned-center is-layout-flow wp-block-column-is-layout-flow\">\n<p class=\"has-marron-clair-color has-text-color has-small-font-size\"><strong>COBRO INTERNACIONAL DE DEUDAS<\/strong><\/p>\n\n\n\n<h2 class=\"wp-block-heading\" id=\"debt-collection-worldwide-69394841-8e5e-43bb-8c94-ebd49164984b\"><strong>Cobro de deudas en todo el mundo<\/strong><\/h2>\n\n\n\n<p>Bas\u00e1ndose en muchos a\u00f1os de experiencia, nuestros expertos locales garantizan el cobro eficaz de tus deudas. Sekundi puede ofrecer el cobro amistoso de deudas, as\u00ed como el cobro de deudas impugnadas mediante acciones judiciales. <\/p>\n\n\n\n<p>Para Sekundi es una cuesti\u00f3n de honor tratar con equidad a los deudores, aunque ellos mismos hayan incumplido el pago de las facturas, para no poner en peligro la relaci\u00f3n comercial que cultivas con tus clientes.<\/p>\n\n\n\n<div class=\"wp-block-advgb-button alignnone\"><a class=\"wp-block-advgb-button_link advgbbtn-c527b67f-5019-46e5-a44e-39326bb26383\" href=\"https:\/\/sekundi.eu\/contact\/\" target=\"_self\" rel=\"noopener noreferrer\"><span>Contacte con nosotros<\/span><\/a><\/div>\n<\/div>\n\n\n\n<div class=\"wp-block-column is-vertically-aligned-center is-layout-flow wp-block-column-is-layout-flow\">\n<figure class=\"wp-block-video\"><video height=\"288\" style=\"aspect-ratio: 352 \/ 288;\" width=\"352\" controls=\"\" src=\"https:\/\/sekundi.eu\/wp-content\/uploads\/2023\/02\/sekundi-network.mp4\"><\/video><\/figure>\n<\/div>\n<\/div>\n\n<div style=\"height:50px\" aria-hidden=\"true\" class=\"wp-block-spacer\"><\/div>\n\n<figure class=\"wp-block-image alignfull size-large\"><img loading=\"lazy\" decoding=\"async\" width=\"1024\" height=\"160\" src=\"https:\/\/sekundi.eu\/wp-content\/uploads\/2023\/02\/joshua-rawson-harris-k3fmuSvQi2A-unsplash-1024x160.jpg\" alt=\"\" class=\"wp-image-2630\" srcset=\"https:\/\/sekundi.eu\/wp-content\/uploads\/2023\/02\/joshua-rawson-harris-k3fmuSvQi2A-unsplash-1024x160.jpg 1024w, https:\/\/sekundi.eu\/wp-content\/uploads\/2023\/02\/joshua-rawson-harris-k3fmuSvQi2A-unsplash-300x47.jpg 300w, https:\/\/sekundi.eu\/wp-content\/uploads\/2023\/02\/joshua-rawson-harris-k3fmuSvQi2A-unsplash-768x120.jpg 768w, https:\/\/sekundi.eu\/wp-content\/uploads\/2023\/02\/joshua-rawson-harris-k3fmuSvQi2A-unsplash-1536x240.jpg 1536w, https:\/\/sekundi.eu\/wp-content\/uploads\/2023\/02\/joshua-rawson-harris-k3fmuSvQi2A-unsplash.jpg 1920w\" sizes=\"auto, (max-width: 1024px) 100vw, 1024px\" \/><\/figure>\n\n<div class=\"wp-block-columns alignwide margt-300 animated fadeInUp is-layout-flex wp-container-core-columns-is-layout-9d6595d7 wp-block-columns-is-layout-flex\">\n<div class=\"wp-block-column is-layout-flow wp-block-column-is-layout-flow\" style=\"flex-basis:40%\">\n<div class=\"wp-block-group arrondi has-blanc-color has-marron-noir-background-color has-text-color has-background\"><div class=\"wp-block-group__inner-container is-layout-constrained wp-block-group-is-layout-constrained\">\n<div style=\"height:30px\" aria-hidden=\"true\" class=\"wp-block-spacer\"><\/div>\n\n\n\n<h2 class=\"wp-block-heading marg0 has-blanc-color has-text-color advgb-dyn-040c3082\">Aseg\u00farese de recuperar sus deudas a nivel internacional<\/h2>\n\n\n\n<div style=\"height:20px\" aria-hidden=\"true\" class=\"wp-block-spacer\"><\/div>\n\n\n\n<p>Cobro internacional de deudas en cooperaci\u00f3n con la red Sekundi.<\/p>\n\n\n\n<p>El cobro internacional de deudas es un servicio que le ofrecemos cuando la persona que le debe dinero reside o tiene su domicilio social en un pa\u00eds distinto del suyo.<\/p>\n\n\n\n<div style=\"height:30px\" aria-hidden=\"true\" class=\"wp-block-spacer\"><\/div>\n\n\n\n<div class=\"wp-block-advgb-button alignnone\"><a class=\"wp-block-advgb-button_link advgbbtn-c553054a-f915-4696-803c-7cf9313283f1\" href=\"https:\/\/sekundi.eu\/how-it-works\/\" target=\"_self\" rel=\"noopener noreferrer\"><span>Leer m\u00e1s<\/span><\/a><\/div>\n\n\n\n<div style=\"height:30px\" aria-hidden=\"true\" class=\"wp-block-spacer\"><\/div>\n<\/div><\/div>\n<\/div>\n\n\n\n<div class=\"wp-block-column is-layout-flow wp-block-column-is-layout-flow\" style=\"flex-basis:60%\"><\/div>\n<\/div>\n\n<div style=\"height:50px\" aria-hidden=\"true\" class=\"wp-block-spacer\"><\/div>\n\n<div class=\"wp-block-columns are-vertically-aligned-top is-layout-flex wp-container-core-columns-is-layout-9d6595d7 wp-block-columns-is-layout-flex\">\n<div class=\"wp-block-column is-vertically-aligned-top is-layout-flow wp-block-column-is-layout-flow\">\n<figure class=\"wp-block-image alignwide size-full\"><img loading=\"lazy\" decoding=\"async\" width=\"600\" height=\"400\" src=\"https:\/\/sekundi.eu\/wp-content\/uploads\/2023\/02\/accompagnement-recouvrement-min-2.jpeg\" alt=\"\" class=\"wp-image-1921\" srcset=\"https:\/\/sekundi.eu\/wp-content\/uploads\/2023\/02\/accompagnement-recouvrement-min-2.jpeg 600w, https:\/\/sekundi.eu\/wp-content\/uploads\/2023\/02\/accompagnement-recouvrement-min-2-300x200.jpeg 300w\" sizes=\"auto, (max-width: 600px) 100vw, 600px\" \/><\/figure>\n<\/div>\n\n\n\n<div class=\"wp-block-column is-vertically-aligned-top is-layout-flow wp-block-column-is-layout-flow\">\n<h2 class=\"wp-block-heading\"><strong>Una tarifa para todos los pa\u00edses cubiertos<\/strong><\/h2>\n\n\n\n<p>Sekundi tiene una tarifa \u00fanica para toda Europa, los pa\u00edses de la CEI, la regi\u00f3n NEMA, la mayor\u00eda de los pa\u00edses de \u00c1frica, Norteam\u00e9rica y partes de Sudam\u00e9rica.<\/p>\n\n\n\n<p>En esos pa\u00edses, la tarifa se basa en el principio \"no cure no pay\" y es del 15%.<\/p>\n\n\n\n<p>As\u00ed que s\u00f3lo pagas cuando tenemos \u00e9xito y entonces pagas el 15% sobre el importe cobrado.<\/p>\n\n\n\n<p>En los dem\u00e1s pa\u00edses en los que podemos ayudarte, podemos hacerte una oferta en cuanto nos pidas recuperar una deuda.<\/p>\n\n\n\n<p>El principio \"no cure no pay\" es aplicable a la fase punible del expediente.<\/p>\n\n\n\n<p>Si tenemos que recurrir a la justicia, lo que s\u00f3lo se har\u00e1 despu\u00e9s de que el cliente d\u00e9 su visto bueno, habr\u00e1 costes de por medio; estos costes ser\u00e1n transparentes y los conocer\u00e1s antes de iniciar un procedimiento judicial.<\/p>\n<\/div>\n<\/div>\n\n<div style=\"height:50px\" aria-hidden=\"true\" class=\"wp-block-spacer\"><\/div>\n\n<div class=\"wp-block-group\"><div class=\"wp-block-group__inner-container is-layout-constrained wp-block-group-is-layout-constrained\">\n<h2 class=\"has-text-align-center wp-block-heading\"><strong>Utilizar la red internacional Sekundi<\/strong><\/h2>\n\n\n\n<div style=\"height:50px\" aria-hidden=\"true\" class=\"wp-block-spacer\"><\/div>\n\n\n\n<div class=\"wp-block-columns is-layout-flex wp-container-core-columns-is-layout-9d6595d7 wp-block-columns-is-layout-flex\">\n<div class=\"wp-block-column is-layout-flow wp-block-column-is-layout-flow\">\n<div class=\"wp-block-group shadow has-blanc-background-color has-background\"><div class=\"wp-block-group__inner-container is-layout-constrained wp-block-group-is-layout-constrained\">\n<p><strong>Ac\u00e9rcate a<\/strong><\/p>\n\n\n\n<p>Nuestro enfoque consiste en actuar desde tu pa\u00eds con un empleado o un proveedor de servicios que domine la lengua del pa\u00eds en cuesti\u00f3n no es el m\u00e1s eficaz.<\/p>\n<\/div><\/div>\n<\/div>\n\n\n\n<div class=\"wp-block-column is-layout-flow wp-block-column-is-layout-flow\">\n<div class=\"wp-block-group shadow has-blanc-background-color has-background\"><div class=\"wp-block-group__inner-container is-layout-constrained wp-block-group-is-layout-constrained\">\n<p><strong>Beneficios<\/strong><\/p>\n\n\n\n<p>Tienes un interlocutor en tu pa\u00eds con el que te comunicas y \u00e9ste se encarga de transmitir tu expediente, una vez recibido, a su socio local, que actuar\u00e1 seg\u00fan las costumbres y normas del pa\u00eds en cuesti\u00f3n para obtener el pago de tu factura.<\/p>\n<\/div><\/div>\n<\/div>\n\n\n\n<div class=\"wp-block-column is-layout-flow wp-block-column-is-layout-flow\">\n<div class=\"wp-block-group shadow has-blanc-background-color has-background\"><div class=\"wp-block-group__inner-container is-layout-constrained wp-block-group-is-layout-constrained\">\n<p><strong>Objetivo<\/strong><\/p>\n\n\n\n<p>Establecer una red mundial con un socio comercial fuerte en cada pa\u00eds para garantizar un tratamiento \u00f3ptimo de los casos a nivel local con el apoyo respectivo de la inteligencia espec\u00edfica de cada pa\u00eds.<\/p>\n<\/div><\/div>\n<\/div>\n<\/div>\n<\/div><\/div>\n\n<div style=\"height:50px\" aria-hidden=\"true\" class=\"wp-block-spacer\"><\/div>\n\n<div class=\"wp-block-group alignwide has-marron-background-color has-background\"><div class=\"wp-block-group__inner-container is-layout-constrained wp-block-group-is-layout-constrained\">\n<div style=\"height:30px\" aria-hidden=\"true\" class=\"wp-block-spacer\"><\/div>\n\n\n\n<div class=\"wp-block-columns are-vertically-aligned-center is-layout-flex wp-container-core-columns-is-layout-9d6595d7 wp-block-columns-is-layout-flex\">\n<div class=\"wp-block-column is-vertically-aligned-center is-layout-flow wp-block-column-is-layout-flow\" style=\"flex-basis:66.66%\">\n<p class=\"has-blanc-color has-text-color has-xxlarge-font-size\"><strong>\u00bfTiene deudas pendientes en otro pa\u00eds y<\/strong> <strong>tiene problemas para cobrarlas?<\/strong><\/p>\n<\/div>\n\n\n\n<div class=\"wp-block-column is-vertically-aligned-center is-layout-flow wp-block-column-is-layout-flow\" style=\"flex-basis:33.33%\">\n<div class=\"wp-block-advgb-button aligncenter advgb-dyn-de45f580\"><a class=\"wp-block-advgb-button_link advgbbtn-3f0f76f6-2322-4a40-90ae-7bbd1725b1fa\" href=\"https:\/\/sekundi.eu\/es\/contacte-con\/\" target=\"_self\" rel=\"noopener noreferrer\"><span><span>Presente su reclamaci\u00f3n<\/span><\/span><\/a><\/div>\n<\/div>\n<\/div>\n\n\n\n<div style=\"height:30px\" aria-hidden=\"true\" class=\"wp-block-spacer\"><\/div>\n<\/div><\/div>\n\n<div class=\"wp-block-group alignwide network\"><div class=\"wp-block-group__inner-container is-layout-constrained wp-block-group-is-layout-constrained\">\n<div style=\"height:50px\" aria-hidden=\"true\" class=\"wp-block-spacer\"><\/div>\n\n\n\n<p class=\"has-text-align-center marg0 has-marron-clair-color has-text-color has-small-font-size\"><strong>NUESTRA RED<\/strong><\/p>\n\n\n\n<h2 class=\"has-text-align-center marg0 wp-block-heading\">Pa\u00edses cubiertos<\/h2>\n\n\n\n<div style=\"height:30px\" aria-hidden=\"true\" class=\"wp-block-spacer\"><\/div>\n\n\n<ul class='country-sitemap'><li><a href='https:\/\/sekundi.eu\/es\/sudamerica\/'>Cobro de deudas en Sudam\u00e9rica<\/a><ul><li><a href='https:\/\/sekundi.eu\/es\/sudamerica\/cobro-de-deudas-en-chile\/'><i class='fa-solid fa-map-pin'><\/i>Cobro de deudas en Chile<\/a><\/li><li><a href='https:\/\/sekundi.eu\/es\/sudamerica\/cobro-de-deudas-en-peru\/'><i class='fa-solid fa-map-pin'><\/i>Cobro de deudas en Per\u00fa<\/a><\/li><\/li><\/ul><\/li><\/ul>\n\n\n\n<div style=\"height:50px\" aria-hidden=\"true\" class=\"wp-block-spacer\"><\/div>\n<\/div><\/div>\n<style class=\"advgb-styles-renderer\">.advgbbtn-c527b67f-5019-46e5-a44e-39326bb26383{font-size:18px;color:#2f2f2f !important;background-color:#fff !important;margin:0px 0px 0px 0px !important;padding:10px 30px 10px 30px;border-width:3px !important;border-color:#dde3e9 !important;border-style:solid !important;border-radius:50px !important;}.advgbbtn-c527b67f-5019-46e5-a44e-39326bb26383:hover{background-color:#dde3e9 !important;box-shadow:0px 0px 0px 0px #ccc;opacity:1;transition:all 0.2s ease;}.advgbbtn-c527b67f-5019-46e5-a44e-39326bb26383 > i {display: none !important;}.advgbbtn-c553054a-f915-4696-803c-7cf9313283f1{font-size:18px;color:#fff !important;background-color:#7f634b !important;margin:0px 0px 0px 0px !important;padding:10px 30px 10px 30px;border-width:1px !important;border-style:none;border-radius:50px !important;}.advgbbtn-c553054a-f915-4696-803c-7cf9313283f1:hover{box-shadow:1px 1px 12px 0px #ccc;opacity:1;transition:all 0.2s ease;}.advgbbtn-c553054a-f915-4696-803c-7cf9313283f1 > i {display: none !important;}.advgbbtn-c553054a-f915-4696-803c-7cf9313283f1{font-size:18px;color:#fff !important;background-color:#7f634b !important;margin:0px 0px 0px 0px !important;padding:10px 30px 10px 30px;border-width:1px !important;border-style:none;border-radius:50px !important;}.advgbbtn-c553054a-f915-4696-803c-7cf9313283f1:hover{box-shadow:1px 1px 12px 0px #ccc;opacity:1;transition:all 0.2s ease;}.advgbbtn-c553054a-f915-4696-803c-7cf9313283f1 > i {display: none !important;}.advgbbtn-c553054a-f915-4696-803c-7cf9313283f1{font-size:18px;color:#fff !important;background-color:#7f634b !important;margin:0px 0px 0px 0px !important;padding:10px 30px 10px 30px;border-width:1px !important;border-style:none;border-radius:50px !important;}.advgbbtn-c553054a-f915-4696-803c-7cf9313283f1:hover{box-shadow:1px 1px 12px 0px #ccc;opacity:1;transition:all 0.2s ease;}.advgbbtn-c553054a-f915-4696-803c-7cf9313283f1 > i {display: none !important;}.advgbbtn-c553054a-f915-4696-803c-7cf9313283f1{font-size:18px;color:#fff !important;background-color:#7f634b !important;margin:0px 0px 0px 0px !important;padding:10px 30px 10px 30px;border-width:1px !important;border-style:none;border-radius:50px !important;}.advgbbtn-c553054a-f915-4696-803c-7cf9313283f1:hover{box-shadow:1px 1px 12px 0px #ccc;opacity:1;transition:all 0.2s ease;}.advgbbtn-c553054a-f915-4696-803c-7cf9313283f1 > i {display: none !important;}.advgbbtn-3f0f76f6-2322-4a40-90ae-7bbd1725b1fa{font-size:18px;color:#fff !important;background-color:#7f634b !important;margin:0px 0px 0px 0px !important;padding:10px 30px 10px 30px;border-width:1px !important;border-color:#fff !important;border-style:solid !important;border-radius:50px !important;}.advgbbtn-3f0f76f6-2322-4a40-90ae-7bbd1725b1fa:hover{color:#7f634b !important;background-color:#fff !important;box-shadow:0px 0px 0px 0px #ccc;opacity:1;transition:all 0s ease;}.advgbbtn-3f0f76f6-2322-4a40-90ae-7bbd1725b1fa > i {display: none !important;}.advgbbtn-3f0f76f6-2322-4a40-90ae-7bbd1725b1fa{font-size:18px;color:#fff !important;background-color:#7f634b !important;margin:0px 0px 0px 0px !important;padding:10px 30px 10px 30px;border-width:1px !important;border-color:#fff !important;border-style:solid !important;border-radius:50px !important;}.advgbbtn-3f0f76f6-2322-4a40-90ae-7bbd1725b1fa:hover{color:#7f634b !important;background-color:#fff !important;box-shadow:0px 0px 0px 0px #ccc;opacity:1;transition:all 0s ease;}.advgbbtn-3f0f76f6-2322-4a40-90ae-7bbd1725b1fa > i {display: none !important;}.advgbbtn-3f0f76f6-2322-4a40-90ae-7bbd1725b1fa{font-size:18px;color:#fff !important;background-color:#7f634b !important;margin:0px 0px 0px 0px !important;padding:10px 30px 10px 30px;border-width:1px !important;border-color:#fff !important;border-style:solid !important;border-radius:50px !important;}.advgbbtn-3f0f76f6-2322-4a40-90ae-7bbd1725b1fa:hover{color:#7f634b !important;background-color:#fff !important;box-shadow:0px 0px 0px 0px #ccc;opacity:1;transition:all 0s ease;}.advgbbtn-3f0f76f6-2322-4a40-90ae-7bbd1725b1fa > i {display: none !important;}.advgbbtn-3f0f76f6-2322-4a40-90ae-7bbd1725b1fa{font-size:18px;color:#fff !important;background-color:#7f634b !important;margin:0px 0px 0px 0px !important;padding:10px 30px 10px 30px;border-width:1px !important;border-color:#fff !important;border-style:solid !important;border-radius:50px !important;}.advgbbtn-3f0f76f6-2322-4a40-90ae-7bbd1725b1fa:hover{color:#7f634b !important;background-color:#fff !important;box-shadow:0px 0px 0px 0px #ccc;opacity:1;transition:all 0s ease;}.advgbbtn-3f0f76f6-2322-4a40-90ae-7bbd1725b1fa > i {display: none !important;}<\/style>","protected":false},"excerpt":{"rendered":"<p>\u00bfTienes una deuda internacional en una empresa internacional? Como empresa, puedes abrir tu mercado a otras empresas internacionales. Pero si no pagan, es m\u00e1s complicado recuperar tu dinero. Descubre el cobro r\u00e1pido y eficaz de deudas con la red Sekundi. COBRO INTERNACIONAL DE DEUDAS Cobro de deudas en todo el mundo Bas\u00e1ndose en muchos a\u00f1os [&hellip;]<\/p>\n","protected":false},"author":2,"featured_media":0,"parent":3555,"menu_order":265,"comment_status":"closed","ping_status":"closed","template":"","meta":{"advgb_blocks_editor_width":"","advgb_blocks_columns_visual_guide":"","footnotes":""},"class_list":["post-8557","page","type-page","status-publish","hentry"],"yoast_head":"<!-- This site is optimized with the Yoast SEO plugin v27.5 - https:\/\/yoast.com\/product\/yoast-seo-wordpress\/ -->\n<title>Cobro de deudas en Salvador - Recuperaci\u00f3n de deuda internacional<\/title>\n<meta name=\"description\" content=\"\u00bfTienes un deudor fuera de tu pa\u00eds? Descubre los procedimientos para recuperar tus facturas impagadas gracias a Cobro de deudas en Salvador.\" \/>\n<meta name=\"robots\" content=\"noindex, follow\" \/>\n<meta property=\"og:locale\" content=\"es_ES\" \/>\n<meta property=\"og:type\" content=\"article\" \/>\n<meta property=\"og:title\" content=\"Cobro de deudas en Salvador - Recuperaci\u00f3n de deuda internacional\" \/>\n<meta property=\"og:description\" content=\"\u00bfTienes un deudor fuera de tu pa\u00eds? Descubre los procedimientos para recuperar tus facturas impagadas gracias a Cobro de deudas en Salvador.\" \/>\n<meta property=\"og:url\" content=\"https:\/\/sekundi.eu\/es\/sudamerica\/cobro-de-deudas-en-salvador\/\" \/>\n<meta property=\"og:site_name\" content=\"SEKUNDI\" \/>\n<meta property=\"article:modified_time\" content=\"2025-07-18T14:33:33+00:00\" \/>\n<meta property=\"og:image\" content=\"https:\/\/sekundi.eu\/wp-content\/uploads\/2023\/02\/accompagnement-recouvrement-min-2.jpeg\" \/>\n<meta name=\"twitter:card\" content=\"summary_large_image\" \/>\n<meta name=\"twitter:label1\" content=\"Tiempo de lectura\" \/>\n\t<meta name=\"twitter:data1\" content=\"2 minutos\" \/>\n<script type=\"application\/ld+json\" class=\"yoast-schema-graph\">{\"@context\":\"https:\\\/\\\/schema.org\",\"@graph\":[{\"@type\":\"WebPage\",\"@id\":\"https:\\\/\\\/sekundi.eu\\\/es\\\/sudamerica\\\/cobro-de-deudas-en-salvador\\\/\",\"url\":\"https:\\\/\\\/sekundi.eu\\\/es\\\/sudamerica\\\/cobro-de-deudas-en-salvador\\\/\",\"name\":\"Cobro de deudas en Salvador - Recuperaci\u00f3n de deuda internacional\",\"isPartOf\":{\"@id\":\"https:\\\/\\\/sekundi.eu\\\/#website\"},\"primaryImageOfPage\":{\"@id\":\"https:\\\/\\\/sekundi.eu\\\/es\\\/sudamerica\\\/cobro-de-deudas-en-salvador\\\/#primaryimage\"},\"image\":{\"@id\":\"https:\\\/\\\/sekundi.eu\\\/es\\\/sudamerica\\\/cobro-de-deudas-en-salvador\\\/#primaryimage\"},\"thumbnailUrl\":\"https:\\\/\\\/sekundi.eu\\\/wp-content\\\/uploads\\\/2023\\\/02\\\/accompagnement-recouvrement-min-2.jpeg\",\"datePublished\":\"2025-07-18T13:57:10+00:00\",\"dateModified\":\"2025-07-18T14:33:33+00:00\",\"description\":\"\u00bfTienes un deudor fuera de tu pa\u00eds? Descubre los procedimientos para recuperar tus facturas impagadas gracias a Cobro de deudas en Salvador.\",\"breadcrumb\":{\"@id\":\"https:\\\/\\\/sekundi.eu\\\/es\\\/sudamerica\\\/cobro-de-deudas-en-salvador\\\/#breadcrumb\"},\"inLanguage\":\"es\",\"potentialAction\":[{\"@type\":\"ReadAction\",\"target\":[\"https:\\\/\\\/sekundi.eu\\\/es\\\/sudamerica\\\/cobro-de-deudas-en-salvador\\\/\"]}]},{\"@type\":\"ImageObject\",\"inLanguage\":\"es\",\"@id\":\"https:\\\/\\\/sekundi.eu\\\/es\\\/sudamerica\\\/cobro-de-deudas-en-salvador\\\/#primaryimage\",\"url\":\"https:\\\/\\\/sekundi.eu\\\/wp-content\\\/uploads\\\/2023\\\/02\\\/accompagnement-recouvrement-min-2.jpeg\",\"contentUrl\":\"https:\\\/\\\/sekundi.eu\\\/wp-content\\\/uploads\\\/2023\\\/02\\\/accompagnement-recouvrement-min-2.jpeg\"},{\"@type\":\"BreadcrumbList\",\"@id\":\"https:\\\/\\\/sekundi.eu\\\/es\\\/sudamerica\\\/cobro-de-deudas-en-salvador\\\/#breadcrumb\",\"itemListElement\":[{\"@type\":\"ListItem\",\"position\":1,\"name\":\"Accueil\",\"item\":\"https:\\\/\\\/sekundi.eu\\\/es\\\/\"},{\"@type\":\"ListItem\",\"position\":2,\"name\":\"Cobro de deudas en Sudam\u00e9rica\",\"item\":\"https:\\\/\\\/sekundi.eu\\\/es\\\/sudamerica\\\/\"},{\"@type\":\"ListItem\",\"position\":3,\"name\":\"Cobro de deudas en Salvador\"}]},{\"@type\":\"WebSite\",\"@id\":\"https:\\\/\\\/sekundi.eu\\\/#website\",\"url\":\"https:\\\/\\\/sekundi.eu\\\/\",\"name\":\"SEKUNDI\",\"description\":\"\",\"publisher\":{\"@id\":\"https:\\\/\\\/sekundi.eu\\\/#organization\"},\"potentialAction\":[{\"@type\":\"SearchAction\",\"target\":{\"@type\":\"EntryPoint\",\"urlTemplate\":\"https:\\\/\\\/sekundi.eu\\\/?s={search_term_string}\"},\"query-input\":{\"@type\":\"PropertyValueSpecification\",\"valueRequired\":true,\"valueName\":\"search_term_string\"}}],\"inLanguage\":\"es\"},{\"@type\":\"Organization\",\"@id\":\"https:\\\/\\\/sekundi.eu\\\/#organization\",\"name\":\"Sekundi\",\"url\":\"https:\\\/\\\/sekundi.eu\\\/\",\"logo\":{\"@type\":\"ImageObject\",\"inLanguage\":\"es\",\"@id\":\"https:\\\/\\\/sekundi.eu\\\/#\\\/schema\\\/logo\\\/image\\\/\",\"url\":\"https:\\\/\\\/sekundi.eu\\\/wp-content\\\/uploads\\\/2022\\\/12\\\/logo_sekundi.png\",\"contentUrl\":\"https:\\\/\\\/sekundi.eu\\\/wp-content\\\/uploads\\\/2022\\\/12\\\/logo_sekundi.png\",\"width\":171,\"height\":46,\"caption\":\"Sekundi\"},\"image\":{\"@id\":\"https:\\\/\\\/sekundi.eu\\\/#\\\/schema\\\/logo\\\/image\\\/\"}}]}<\/script>\n<!-- \/ Yoast SEO plugin. -->","yoast_head_json":{"title":"Cobro de deudas en Salvador - Recuperaci\u00f3n de deuda internacional","description":"\u00bfTienes un deudor fuera de tu pa\u00eds? Descubre los procedimientos para recuperar tus facturas impagadas gracias a Cobro de deudas en Salvador.","robots":{"index":"noindex","follow":"follow"},"og_locale":"es_ES","og_type":"article","og_title":"Cobro de deudas en Salvador - Recuperaci\u00f3n de deuda internacional","og_description":"\u00bfTienes un deudor fuera de tu pa\u00eds? Descubre los procedimientos para recuperar tus facturas impagadas gracias a Cobro de deudas en Salvador.","og_url":"https:\/\/sekundi.eu\/es\/sudamerica\/cobro-de-deudas-en-salvador\/","og_site_name":"SEKUNDI","article_modified_time":"2025-07-18T14:33:33+00:00","og_image":[{"url":"https:\/\/sekundi.eu\/wp-content\/uploads\/2023\/02\/accompagnement-recouvrement-min-2.jpeg","type":"","width":"","height":""}],"twitter_card":"summary_large_image","twitter_misc":{"Tiempo de lectura":"2 minutos"},"schema":{"@context":"https:\/\/schema.org","@graph":[{"@type":"WebPage","@id":"https:\/\/sekundi.eu\/es\/sudamerica\/cobro-de-deudas-en-salvador\/","url":"https:\/\/sekundi.eu\/es\/sudamerica\/cobro-de-deudas-en-salvador\/","name":"Cobro de deudas en Salvador - Recuperaci\u00f3n de deuda internacional","isPartOf":{"@id":"https:\/\/sekundi.eu\/#website"},"primaryImageOfPage":{"@id":"https:\/\/sekundi.eu\/es\/sudamerica\/cobro-de-deudas-en-salvador\/#primaryimage"},"image":{"@id":"https:\/\/sekundi.eu\/es\/sudamerica\/cobro-de-deudas-en-salvador\/#primaryimage"},"thumbnailUrl":"https:\/\/sekundi.eu\/wp-content\/uploads\/2023\/02\/accompagnement-recouvrement-min-2.jpeg","datePublished":"2025-07-18T13:57:10+00:00","dateModified":"2025-07-18T14:33:33+00:00","description":"\u00bfTienes un deudor fuera de tu pa\u00eds? Descubre los procedimientos para recuperar tus facturas impagadas gracias a Cobro de deudas en Salvador.","breadcrumb":{"@id":"https:\/\/sekundi.eu\/es\/sudamerica\/cobro-de-deudas-en-salvador\/#breadcrumb"},"inLanguage":"es","potentialAction":[{"@type":"ReadAction","target":["https:\/\/sekundi.eu\/es\/sudamerica\/cobro-de-deudas-en-salvador\/"]}]},{"@type":"ImageObject","inLanguage":"es","@id":"https:\/\/sekundi.eu\/es\/sudamerica\/cobro-de-deudas-en-salvador\/#primaryimage","url":"https:\/\/sekundi.eu\/wp-content\/uploads\/2023\/02\/accompagnement-recouvrement-min-2.jpeg","contentUrl":"https:\/\/sekundi.eu\/wp-content\/uploads\/2023\/02\/accompagnement-recouvrement-min-2.jpeg"},{"@type":"BreadcrumbList","@id":"https:\/\/sekundi.eu\/es\/sudamerica\/cobro-de-deudas-en-salvador\/#breadcrumb","itemListElement":[{"@type":"ListItem","position":1,"name":"Accueil","item":"https:\/\/sekundi.eu\/es\/"},{"@type":"ListItem","position":2,"name":"Cobro de deudas en Sudam\u00e9rica","item":"https:\/\/sekundi.eu\/es\/sudamerica\/"},{"@type":"ListItem","position":3,"name":"Cobro de deudas en Salvador"}]},{"@type":"WebSite","@id":"https:\/\/sekundi.eu\/#website","url":"https:\/\/sekundi.eu\/","name":"SEKUNDI","description":"","publisher":{"@id":"https:\/\/sekundi.eu\/#organization"},"potentialAction":[{"@type":"SearchAction","target":{"@type":"EntryPoint","urlTemplate":"https:\/\/sekundi.eu\/?s={search_term_string}"},"query-input":{"@type":"PropertyValueSpecification","valueRequired":true,"valueName":"search_term_string"}}],"inLanguage":"es"},{"@type":"Organization","@id":"https:\/\/sekundi.eu\/#organization","name":"Sekundi","url":"https:\/\/sekundi.eu\/","logo":{"@type":"ImageObject","inLanguage":"es","@id":"https:\/\/sekundi.eu\/#\/schema\/logo\/image\/","url":"https:\/\/sekundi.eu\/wp-content\/uploads\/2022\/12\/logo_sekundi.png","contentUrl":"https:\/\/sekundi.eu\/wp-content\/uploads\/2022\/12\/logo_sekundi.png","width":171,"height":46,"caption":"Sekundi"},"image":{"@id":"https:\/\/sekundi.eu\/#\/schema\/logo\/image\/"}}]}},"coauthors":[],"author_meta":{"author_link":"https:\/\/sekundi.eu\/es\/author\/jeadminussot\/","display_name":"Jeanne CHANUSSOT"},"relative_dates":{"created":"Publicado 10 meses hace","modified":"Actualizado 10 meses hace"},"absolute_dates":{"created":"Publicado el 18 de julio de 2025","modified":"Actualizado el 18 de julio de 2025"},"absolute_dates_time":{"created":"Publicado el 18 de julio de 2025 15:57","modified":"Actualizado el 18 de julio de 2025 16:33"},"featured_img_caption":"","featured_img":false,"series_order":"","_links":{"self":[{"href":"https:\/\/sekundi.eu\/es\/wp-json\/wp\/v2\/pages\/8557","targetHints":{"allow":["GET"]}}],"collection":[{"href":"https:\/\/sekundi.eu\/es\/wp-json\/wp\/v2\/pages"}],"about":[{"href":"https:\/\/sekundi.eu\/es\/wp-json\/wp\/v2\/types\/page"}],"author":[{"embeddable":true,"href":"https:\/\/sekundi.eu\/es\/wp-json\/wp\/v2\/users\/2"}],"replies":[{"embeddable":true,"href":"https:\/\/sekundi.eu\/es\/wp-json\/wp\/v2\/comments?post=8557"}],"version-history":[{"count":1,"href":"https:\/\/sekundi.eu\/es\/wp-json\/wp\/v2\/pages\/8557\/revisions"}],"predecessor-version":[{"id":8558,"href":"https:\/\/sekundi.eu\/es\/wp-json\/wp\/v2\/pages\/8557\/revisions\/8558"}],"up":[{"embeddable":true,"href":"https:\/\/sekundi.eu\/es\/wp-json\/wp\/v2\/pages\/3555"}],"wp:attachment":[{"href":"https:\/\/sekundi.eu\/es\/wp-json\/wp\/v2\/media?parent=8557"}],"curies":[{"name":"wp","href":"https:\/\/api.w.org\/{rel}","templated":true}]}}