{"id":8813,"date":"2025-07-18T15:57:00","date_gmt":"2025-07-18T13:57:00","guid":{"rendered":"https:\/\/sekundi.eu\/velkojen-perinta-boliviassa\/"},"modified":"2025-07-18T16:23:28","modified_gmt":"2025-07-18T14:23:28","slug":"velkojen-perinta-boliviassa","status":"publish","type":"page","link":"https:\/\/sekundi.eu\/fi\/velkojen-perinta-boliviassa\/","title":{"rendered":"Velkojen perint\u00e4 Boliviassa"},"content":{"rendered":"\n<div style=\"height:30px\" aria-hidden=\"true\" class=\"wp-block-spacer\"><\/div>\n\n<p>Onko sinulla kansainv\u00e4list\u00e4 velkaa kansainv\u00e4lisess\u00e4 yrityksess\u00e4? Yrityksen\u00e4 voit avata markkinoitasi muille yrityksille kansainv\u00e4lisesti. Mutta jos ne eiv\u00e4t maksa, rahojesi takaisin saaminen vaikeutuu. Tutustu <strong>nopeaan ja tehokkaaseen perint\u00e4\u00e4n <\/strong>Sekundi-verkoston avulla.   <\/p>\n\n<div class=\"wp-block-columns are-vertically-aligned-center is-layout-flex wp-container-core-columns-is-layout-9d6595d7 wp-block-columns-is-layout-flex\">\n<div class=\"wp-block-column is-vertically-aligned-center is-layout-flow wp-block-column-is-layout-flow\">\n<p class=\"has-marron-clair-color has-text-color has-small-font-size\"><strong>KANSAINV\u00c4LINEN PERINT\u00c4<\/strong><\/p>\n\n\n\n<h2 class=\"wp-block-heading\" id=\"debt-collection-worldwide-69394841-8e5e-43bb-8c94-ebd49164984b\"><strong>Velkojen perint\u00e4 maailmanlaajuisesti<\/strong><\/h2>\n\n\n\n<p>Paikalliset asiantuntijamme takaavat velkojen tehokkaan perinn\u00e4n monien vuosien kokemuksella. Sekundi voi tarjota sek\u00e4 sovinnollista perint\u00e4\u00e4 ett\u00e4 riitautettua perint\u00e4\u00e4 oikeustoimin. <\/p>\n\n\n\n<p>Sekundi pit\u00e4\u00e4 kunnia-asianaan velallisten oikeudenmukaista kohtelua, vaikka he itse olisivat j\u00e4tt\u00e4neet laskut maksamatta, jotta ei vaaranneta kaupallista suhdetta, jota vaalitaan asiakkaiden kanssa.<\/p>\n\n\n\n<div class=\"wp-block-advgb-button alignnone\"><a class=\"wp-block-advgb-button_link advgbbtn-c527b67f-5019-46e5-a44e-39326bb26383\" href=\"https:\/\/sekundi.eu\/contact\/\" target=\"_self\" rel=\"noopener noreferrer\"><span>Contact-us<\/span><\/a><\/div>\n<\/div>\n\n\n\n<div class=\"wp-block-column is-vertically-aligned-center is-layout-flow wp-block-column-is-layout-flow\">\n<figure class=\"wp-block-video\"><video height=\"288\" style=\"aspect-ratio: 352 \/ 288;\" width=\"352\" controls=\"\" src=\"https:\/\/sekundi.eu\/wp-content\/uploads\/2023\/02\/sekundi-network.mp4\"><\/video><\/figure>\n<\/div>\n<\/div>\n\n<div style=\"height:50px\" aria-hidden=\"true\" class=\"wp-block-spacer\"><\/div>\n\n<figure class=\"wp-block-image alignfull size-large\"><img loading=\"lazy\" decoding=\"async\" width=\"1024\" height=\"160\" src=\"https:\/\/sekundi.eu\/wp-content\/uploads\/2023\/02\/joshua-rawson-harris-k3fmuSvQi2A-unsplash-1024x160.jpg\" alt=\"\" class=\"wp-image-2630\" srcset=\"https:\/\/sekundi.eu\/wp-content\/uploads\/2023\/02\/joshua-rawson-harris-k3fmuSvQi2A-unsplash-1024x160.jpg 1024w, https:\/\/sekundi.eu\/wp-content\/uploads\/2023\/02\/joshua-rawson-harris-k3fmuSvQi2A-unsplash-300x47.jpg 300w, https:\/\/sekundi.eu\/wp-content\/uploads\/2023\/02\/joshua-rawson-harris-k3fmuSvQi2A-unsplash-768x120.jpg 768w, https:\/\/sekundi.eu\/wp-content\/uploads\/2023\/02\/joshua-rawson-harris-k3fmuSvQi2A-unsplash-1536x240.jpg 1536w, https:\/\/sekundi.eu\/wp-content\/uploads\/2023\/02\/joshua-rawson-harris-k3fmuSvQi2A-unsplash.jpg 1920w\" sizes=\"auto, (max-width: 1024px) 100vw, 1024px\" \/><\/figure>\n\n<div class=\"wp-block-columns alignwide margt-300 animated fadeInUp is-layout-flex wp-container-core-columns-is-layout-9d6595d7 wp-block-columns-is-layout-flex\">\n<div class=\"wp-block-column is-layout-flow wp-block-column-is-layout-flow\" style=\"flex-basis:40%\">\n<div class=\"wp-block-group arrondi has-blanc-color has-marron-noir-background-color has-text-color has-background\"><div class=\"wp-block-group__inner-container is-layout-constrained wp-block-group-is-layout-constrained\">\n<div style=\"height:30px\" aria-hidden=\"true\" class=\"wp-block-spacer\"><\/div>\n\n\n\n<h2 class=\"wp-block-heading marg0 has-blanc-color has-text-color advgb-dyn-eb8d9604\">Muista peri\u00e4 velkasi kansainv\u00e4lisesti<\/h2>\n\n\n\n<div style=\"height:20px\" aria-hidden=\"true\" class=\"wp-block-spacer\"><\/div>\n\n\n\n<p>Kansainv\u00e4linen perint\u00e4 yhteisty\u00f6ss\u00e4 Sekundi-verkoston kanssa.<\/p>\n\n\n\n<p>Kansainv\u00e4linen perint\u00e4 on palvelu, jota tarjoamme sinulle silloin, kun velallinen asuu tai h\u00e4nen kotipaikkansa on muussa maassa kuin sinun maassasi.<\/p>\n\n\n\n<div style=\"height:30px\" aria-hidden=\"true\" class=\"wp-block-spacer\"><\/div>\n\n\n\n<div class=\"wp-block-advgb-button alignnone\"><a class=\"wp-block-advgb-button_link advgbbtn-c553054a-f915-4696-803c-7cf9313283f1\" href=\"https:\/\/sekundi.eu\/how-it-works\/\" target=\"_self\" rel=\"noopener noreferrer\"><span>Lue lis\u00e4\u00e4<\/span><\/a><\/div>\n\n\n\n<div style=\"height:30px\" aria-hidden=\"true\" class=\"wp-block-spacer\"><\/div>\n<\/div><\/div>\n<\/div>\n\n\n\n<div class=\"wp-block-column is-layout-flow wp-block-column-is-layout-flow\" style=\"flex-basis:60%\"><\/div>\n<\/div>\n\n<div style=\"height:50px\" aria-hidden=\"true\" class=\"wp-block-spacer\"><\/div>\n\n<div class=\"wp-block-columns are-vertically-aligned-top is-layout-flex wp-container-core-columns-is-layout-9d6595d7 wp-block-columns-is-layout-flex\">\n<div class=\"wp-block-column is-vertically-aligned-top is-layout-flow wp-block-column-is-layout-flow\">\n<figure class=\"wp-block-image alignwide size-full\"><img loading=\"lazy\" decoding=\"async\" width=\"600\" height=\"400\" src=\"https:\/\/sekundi.eu\/wp-content\/uploads\/2023\/02\/accompagnement-recouvrement-min-2.jpeg\" alt=\"\" class=\"wp-image-1921\" srcset=\"https:\/\/sekundi.eu\/wp-content\/uploads\/2023\/02\/accompagnement-recouvrement-min-2.jpeg 600w, https:\/\/sekundi.eu\/wp-content\/uploads\/2023\/02\/accompagnement-recouvrement-min-2-300x200.jpeg 300w\" sizes=\"auto, (max-width: 600px) 100vw, 600px\" \/><\/figure>\n<\/div>\n\n\n\n<div class=\"wp-block-column is-vertically-aligned-top is-layout-flow wp-block-column-is-layout-flow\">\n<h2 class=\"wp-block-heading\"><strong>Yksi tariffi kaikille soveltamisalaan kuuluville maille<\/strong><\/h2>\n\n\n\n<p>Sekundilla on yksi tariffi koko Euroopalle, IVY-maille, NEMA-alueelle, useimmille Afrikan maille, Pohjois-Amerikalle ja osalle Etel\u00e4-Amerikkaa.<\/p>\n\n\n\n<p>N\u00e4iss\u00e4 maissa tariffi perustuu periaatteeseen \"ei hoitoa, ei maksua\", ja tariffi on 15 prosenttia.<\/p>\n\n\n\n<p>Maksat siis vain silloin, kun onnistumme, ja maksat 15 % yli lunastetun summan.<\/p>\n\n\n\n<p>Muissa maissa, joissa voimme auttaa sinua, voimme tehd\u00e4 sinulle tarjouksen heti, kun pyyd\u00e4t meit\u00e4 perim\u00e4\u00e4n velan.<\/p>\n\n\n\n<p>No cure no pay -periaatetta sovelletaan asian tavoiteltavaan vaiheeseen.<\/p>\n\n\n\n<p>Jos joudumme turvautumaan oikeudelliseen menettelyyn, mik\u00e4 tehd\u00e4\u00e4n vasta asiakkaan suostumuksen j\u00e4lkeen, siit\u00e4 aiheutuu kustannuksia; n\u00e4m\u00e4 kustannukset ovat avoimia ja ne ovat tiedossasi ennen oikeudellisen menettelyn aloittamista.<\/p>\n<\/div>\n<\/div>\n\n<div style=\"height:50px\" aria-hidden=\"true\" class=\"wp-block-spacer\"><\/div>\n\n<div class=\"wp-block-group\"><div class=\"wp-block-group__inner-container is-layout-constrained wp-block-group-is-layout-constrained\">\n<h2 class=\"has-text-align-center wp-block-heading\"><strong>Kansainv\u00e4lisen Sekundi-verkoston k\u00e4ytt\u00f6<\/strong><\/h2>\n\n\n\n<div style=\"height:50px\" aria-hidden=\"true\" class=\"wp-block-spacer\"><\/div>\n\n\n\n<div class=\"wp-block-columns is-layout-flex wp-container-core-columns-is-layout-9d6595d7 wp-block-columns-is-layout-flex\">\n<div class=\"wp-block-column is-layout-flow wp-block-column-is-layout-flow\">\n<div class=\"wp-block-group shadow has-blanc-background-color has-background\"><div class=\"wp-block-group__inner-container is-layout-constrained wp-block-group-is-layout-constrained\">\n<p><strong>L\u00e4hestymistapa<\/strong><\/p>\n\n\n\n<p>L\u00e4hestymistapamme, jonka mukaan toimimme maastasi k\u00e4sin ty\u00f6ntekij\u00e4n tai palveluntarjoajan kanssa, joka puhuu sujuvasti kyseisen maan kielt\u00e4, ei ole kaikkein tehokkain.<\/p>\n<\/div><\/div>\n<\/div>\n\n\n\n<div class=\"wp-block-column is-layout-flow wp-block-column-is-layout-flow\">\n<div class=\"wp-block-group shadow has-blanc-background-color has-background\"><div class=\"wp-block-group__inner-container is-layout-constrained wp-block-group-is-layout-constrained\">\n<p><strong>Edut<\/strong><\/p>\n\n\n\n<p>Sinulla on kotimaassasi yhteyshenkil\u00f6, jonka kanssa olet yhteydess\u00e4, ja t\u00e4m\u00e4 vastaa siit\u00e4, ett\u00e4 asiakirjasi toimitetaan sen saatuaan paikalliselle yhteisty\u00f6kumppanilleen, joka toimii kyseisen maan tapojen ja s\u00e4\u00e4nt\u00f6jen mukaisesti saadakseen laskusi maksetuksi.<\/p>\n<\/div><\/div>\n<\/div>\n\n\n\n<div class=\"wp-block-column is-layout-flow wp-block-column-is-layout-flow\">\n<div class=\"wp-block-group shadow has-blanc-background-color has-background\"><div class=\"wp-block-group__inner-container is-layout-constrained wp-block-group-is-layout-constrained\">\n<p><strong>Tavoite<\/strong><\/p>\n\n\n\n<p>Perustetaan maailmanlaajuinen verkosto, jolla on vahva liikekumppani kussakin maassa, jotta voidaan taata tapausten optimaalinen k\u00e4sittely paikallistasolla, ja tuetaan kutakin maata koskevaa tiedustelutietoa.<\/p>\n<\/div><\/div>\n<\/div>\n<\/div>\n<\/div><\/div>\n\n<div style=\"height:50px\" aria-hidden=\"true\" class=\"wp-block-spacer\"><\/div>\n\n<div class=\"wp-block-group alignwide has-marron-background-color has-background\"><div class=\"wp-block-group__inner-container is-layout-constrained wp-block-group-is-layout-constrained\">\n<div style=\"height:30px\" aria-hidden=\"true\" class=\"wp-block-spacer\"><\/div>\n\n\n\n<div class=\"wp-block-columns are-vertically-aligned-center is-layout-flex wp-container-core-columns-is-layout-9d6595d7 wp-block-columns-is-layout-flex\">\n<div class=\"wp-block-column is-vertically-aligned-center is-layout-flow wp-block-column-is-layout-flow\" style=\"flex-basis:66.66%\">\n<p class=\"has-blanc-color has-text-color has-xxlarge-font-size\"><strong>Onko sinulla maksamattomia<\/strong> <strong>velkoja toisessa maassa ja onko sinulla ongelmia niiden maksamisessa?<\/strong><\/p>\n<\/div>\n\n\n\n<div class=\"wp-block-column is-vertically-aligned-center is-layout-flow wp-block-column-is-layout-flow\" style=\"flex-basis:33.33%\">\n<div class=\"wp-block-advgb-button aligncenter advgb-dyn-eecc7f27\"><a class=\"wp-block-advgb-button_link advgbbtn-cf4b924b-2b4d-4edc-bce9-c10c4dea7048\" href=\"https:\/\/sekundi.eu\/de\/senden-sie-ihre-forderungen\/\" target=\"_self\" rel=\"noopener noreferrer\"><span><span>Tee hakemus<\/span><\/span><\/a><\/div>\n<\/div>\n<\/div>\n\n\n\n<div style=\"height:30px\" aria-hidden=\"true\" class=\"wp-block-spacer\"><\/div>\n<\/div><\/div>\n\n<div class=\"wp-block-group alignwide network\"><div class=\"wp-block-group__inner-container is-layout-constrained wp-block-group-is-layout-constrained\">\n<div style=\"height:50px\" aria-hidden=\"true\" class=\"wp-block-spacer\"><\/div>\n\n\n\n<p class=\"has-text-align-center marg0 has-marron-clair-color has-text-color has-small-font-size\"><strong>OUR NETWORK<\/strong><\/p>\n\n\n\n<h2 class=\"has-text-align-center marg0 wp-block-heading\">Connected countries<\/h2>\n\n\n\n<div style=\"height:30px\" aria-hidden=\"true\" class=\"wp-block-spacer\"><\/div>\n\n\n<ul class='country-sitemap'><li><a href='https:\/\/sekundi.eu\/fi\/velkojen-perinta-euroopassa\/'>Velkojen perint\u00e4 Euroopassa<\/a><ul><\/li><\/ul><\/li><\/ul>\n\n\n\n<div style=\"height:50px\" aria-hidden=\"true\" class=\"wp-block-spacer\"><\/div>\n<\/div><\/div>\n<style class=\"advgb-styles-renderer\">.advgbbtn-c527b67f-5019-46e5-a44e-39326bb26383{font-size:18px;color:#2f2f2f !important;background-color:#fff !important;margin:0px 0px 0px 0px !important;padding:10px 30px 10px 30px;border-width:3px !important;border-color:#dde3e9 !important;border-style:solid !important;border-radius:50px !important;}.advgbbtn-c527b67f-5019-46e5-a44e-39326bb26383:hover{background-color:#dde3e9 !important;box-shadow:0px 0px 0px 0px #ccc;opacity:1;transition:all 0.2s ease;}.advgbbtn-c527b67f-5019-46e5-a44e-39326bb26383 > i {display: none !important;}.advgbbtn-c553054a-f915-4696-803c-7cf9313283f1{font-size:18px;color:#fff !important;background-color:#7f634b !important;margin:0px 0px 0px 0px !important;padding:10px 30px 10px 30px;border-width:1px !important;border-style:none;border-radius:50px !important;}.advgbbtn-c553054a-f915-4696-803c-7cf9313283f1:hover{box-shadow:1px 1px 12px 0px #ccc;opacity:1;transition:all 0.2s ease;}.advgbbtn-c553054a-f915-4696-803c-7cf9313283f1 > i {display: none !important;}.advgbbtn-c553054a-f915-4696-803c-7cf9313283f1{font-size:18px;color:#fff !important;background-color:#7f634b !important;margin:0px 0px 0px 0px !important;padding:10px 30px 10px 30px;border-width:1px !important;border-style:none;border-radius:50px !important;}.advgbbtn-c553054a-f915-4696-803c-7cf9313283f1:hover{box-shadow:1px 1px 12px 0px #ccc;opacity:1;transition:all 0.2s ease;}.advgbbtn-c553054a-f915-4696-803c-7cf9313283f1 > i {display: none !important;}.advgbbtn-c553054a-f915-4696-803c-7cf9313283f1{font-size:18px;color:#fff !important;background-color:#7f634b !important;margin:0px 0px 0px 0px !important;padding:10px 30px 10px 30px;border-width:1px !important;border-style:none;border-radius:50px !important;}.advgbbtn-c553054a-f915-4696-803c-7cf9313283f1:hover{box-shadow:1px 1px 12px 0px #ccc;opacity:1;transition:all 0.2s ease;}.advgbbtn-c553054a-f915-4696-803c-7cf9313283f1 > i {display: none !important;}.advgbbtn-c553054a-f915-4696-803c-7cf9313283f1{font-size:18px;color:#fff !important;background-color:#7f634b !important;margin:0px 0px 0px 0px !important;padding:10px 30px 10px 30px;border-width:1px !important;border-style:none;border-radius:50px !important;}.advgbbtn-c553054a-f915-4696-803c-7cf9313283f1:hover{box-shadow:1px 1px 12px 0px #ccc;opacity:1;transition:all 0.2s ease;}.advgbbtn-c553054a-f915-4696-803c-7cf9313283f1 > i {display: none !important;}.advgbbtn-cf4b924b-2b4d-4edc-bce9-c10c4dea7048{font-size:18px;color:#fff !important;background-color:#7f634b !important;margin:0px 0px 0px 0px !important;padding:10px 30px 10px 30px;border-width:1px !important;border-color:#fff !important;border-style:solid !important;border-radius:50px !important;}.advgbbtn-cf4b924b-2b4d-4edc-bce9-c10c4dea7048:hover{color:#7f634b !important;background-color:#fff !important;box-shadow:0px 0px 0px 0px #ccc;opacity:1;transition:all 0s ease;}.advgbbtn-cf4b924b-2b4d-4edc-bce9-c10c4dea7048 > i {display: none !important;}.advgbbtn-cf4b924b-2b4d-4edc-bce9-c10c4dea7048{font-size:18px;color:#fff !important;background-color:#7f634b !important;margin:0px 0px 0px 0px !important;padding:10px 30px 10px 30px;border-width:1px !important;border-color:#fff !important;border-style:solid !important;border-radius:50px !important;}.advgbbtn-cf4b924b-2b4d-4edc-bce9-c10c4dea7048:hover{color:#7f634b !important;background-color:#fff !important;box-shadow:0px 0px 0px 0px #ccc;opacity:1;transition:all 0s ease;}.advgbbtn-cf4b924b-2b4d-4edc-bce9-c10c4dea7048 > i {display: none !important;}.advgbbtn-cf4b924b-2b4d-4edc-bce9-c10c4dea7048{font-size:18px;color:#fff !important;background-color:#7f634b !important;margin:0px 0px 0px 0px !important;padding:10px 30px 10px 30px;border-width:1px !important;border-color:#fff !important;border-style:solid !important;border-radius:50px !important;}.advgbbtn-cf4b924b-2b4d-4edc-bce9-c10c4dea7048:hover{color:#7f634b !important;background-color:#fff !important;box-shadow:0px 0px 0px 0px #ccc;opacity:1;transition:all 0s ease;}.advgbbtn-cf4b924b-2b4d-4edc-bce9-c10c4dea7048 > i {display: none !important;}.advgbbtn-cf4b924b-2b4d-4edc-bce9-c10c4dea7048{font-size:18px;color:#fff !important;background-color:#7f634b !important;margin:0px 0px 0px 0px !important;padding:10px 30px 10px 30px;border-width:1px !important;border-color:#fff !important;border-style:solid !important;border-radius:50px !important;}.advgbbtn-cf4b924b-2b4d-4edc-bce9-c10c4dea7048:hover{color:#7f634b !important;background-color:#fff !important;box-shadow:0px 0px 0px 0px #ccc;opacity:1;transition:all 0s ease;}.advgbbtn-cf4b924b-2b4d-4edc-bce9-c10c4dea7048 > i {display: none !important;}<\/style>","protected":false},"excerpt":{"rendered":"<p>Onko sinulla kansainv\u00e4list\u00e4 velkaa kansainv\u00e4lisess\u00e4 yrityksess\u00e4? Yrityksen\u00e4 voit avata markkinoitasi muille yrityksille kansainv\u00e4lisesti. Mutta jos ne eiv\u00e4t maksa, rahojesi takaisin saaminen vaikeutuu. Tutustu nopeaan ja tehokkaaseen perint\u00e4\u00e4n Sekundi-verkoston avulla. KANSAINV\u00c4LINEN PERINT\u00c4 Velkojen perint\u00e4 maailmanlaajuisesti Paikalliset asiantuntijamme takaavat velkojen tehokkaan perinn\u00e4n monien vuosien kokemuksella. Sekundi voi tarjota sek\u00e4 sovinnollista perint\u00e4\u00e4 ett\u00e4 riitautettua perint\u00e4\u00e4 oikeustoimin. Sekundi pit\u00e4\u00e4 [&hellip;]<\/p>\n","protected":false},"author":2,"featured_media":0,"parent":0,"menu_order":217,"comment_status":"closed","ping_status":"closed","template":"","meta":{"advgb_blocks_editor_width":"","advgb_blocks_columns_visual_guide":"","footnotes":""},"class_list":["post-8813","page","type-page","status-publish","hentry"],"yoast_head":"<!-- This site is optimized with the Yoast SEO plugin v27.5 - https:\/\/yoast.com\/product\/yoast-seo-wordpress\/ -->\n<title>Velkojen perint\u00e4 Boliviassa - Kansainv\u00e4linen velkojen perint\u00e4<\/title>\n<meta name=\"description\" content=\"Onko sinulla velallista kotimaasi ulkopuolella? Tutustu menetelmiin maksamattomien laskujen palauttamiseksi Velkojen perint\u00e4 Boliviassa.\" \/>\n<meta name=\"robots\" content=\"noindex, follow\" \/>\n<meta property=\"og:locale\" content=\"fi_FI\" \/>\n<meta property=\"og:type\" content=\"article\" \/>\n<meta property=\"og:title\" content=\"Velkojen perint\u00e4 Boliviassa - Kansainv\u00e4linen velkojen perint\u00e4\" \/>\n<meta property=\"og:description\" content=\"Onko sinulla velallista kotimaasi ulkopuolella? Tutustu menetelmiin maksamattomien laskujen palauttamiseksi Velkojen perint\u00e4 Boliviassa.\" \/>\n<meta property=\"og:url\" content=\"https:\/\/sekundi.eu\/fi\/velkojen-perinta-boliviassa\/\" \/>\n<meta property=\"og:site_name\" content=\"SEKUNDI\" \/>\n<meta property=\"article:modified_time\" content=\"2025-07-18T14:23:28+00:00\" \/>\n<meta property=\"og:image\" content=\"https:\/\/sekundi.eu\/wp-content\/uploads\/2023\/02\/accompagnement-recouvrement-min-2.jpeg\" \/>\n<meta name=\"twitter:card\" content=\"summary_large_image\" \/>\n<meta name=\"twitter:label1\" content=\"Arvioitu lukuaika\" \/>\n\t<meta name=\"twitter:data1\" content=\"1 minuutti\" \/>\n<script type=\"application\/ld+json\" class=\"yoast-schema-graph\">{\"@context\":\"https:\\\/\\\/schema.org\",\"@graph\":[{\"@type\":\"WebPage\",\"@id\":\"https:\\\/\\\/sekundi.eu\\\/fi\\\/velkojen-perinta-boliviassa\\\/\",\"url\":\"https:\\\/\\\/sekundi.eu\\\/fi\\\/velkojen-perinta-boliviassa\\\/\",\"name\":\"Velkojen perint\u00e4 Boliviassa - Kansainv\u00e4linen velkojen perint\u00e4\",\"isPartOf\":{\"@id\":\"https:\\\/\\\/sekundi.eu\\\/#website\"},\"primaryImageOfPage\":{\"@id\":\"https:\\\/\\\/sekundi.eu\\\/fi\\\/velkojen-perinta-boliviassa\\\/#primaryimage\"},\"image\":{\"@id\":\"https:\\\/\\\/sekundi.eu\\\/fi\\\/velkojen-perinta-boliviassa\\\/#primaryimage\"},\"thumbnailUrl\":\"https:\\\/\\\/sekundi.eu\\\/wp-content\\\/uploads\\\/2023\\\/02\\\/accompagnement-recouvrement-min-2.jpeg\",\"datePublished\":\"2025-07-18T13:57:00+00:00\",\"dateModified\":\"2025-07-18T14:23:28+00:00\",\"description\":\"Onko sinulla velallista kotimaasi ulkopuolella? Tutustu menetelmiin maksamattomien laskujen palauttamiseksi Velkojen perint\u00e4 Boliviassa.\",\"breadcrumb\":{\"@id\":\"https:\\\/\\\/sekundi.eu\\\/fi\\\/velkojen-perinta-boliviassa\\\/#breadcrumb\"},\"inLanguage\":\"fi\",\"potentialAction\":[{\"@type\":\"ReadAction\",\"target\":[\"https:\\\/\\\/sekundi.eu\\\/fi\\\/velkojen-perinta-boliviassa\\\/\"]}]},{\"@type\":\"ImageObject\",\"inLanguage\":\"fi\",\"@id\":\"https:\\\/\\\/sekundi.eu\\\/fi\\\/velkojen-perinta-boliviassa\\\/#primaryimage\",\"url\":\"https:\\\/\\\/sekundi.eu\\\/wp-content\\\/uploads\\\/2023\\\/02\\\/accompagnement-recouvrement-min-2.jpeg\",\"contentUrl\":\"https:\\\/\\\/sekundi.eu\\\/wp-content\\\/uploads\\\/2023\\\/02\\\/accompagnement-recouvrement-min-2.jpeg\"},{\"@type\":\"BreadcrumbList\",\"@id\":\"https:\\\/\\\/sekundi.eu\\\/fi\\\/velkojen-perinta-boliviassa\\\/#breadcrumb\",\"itemListElement\":[{\"@type\":\"ListItem\",\"position\":1,\"name\":\"Accueil\",\"item\":\"https:\\\/\\\/sekundi.eu\\\/fi\\\/etusivu\\\/\"},{\"@type\":\"ListItem\",\"position\":2,\"name\":\"Velkojen perint\u00e4 Boliviassa\"}]},{\"@type\":\"WebSite\",\"@id\":\"https:\\\/\\\/sekundi.eu\\\/#website\",\"url\":\"https:\\\/\\\/sekundi.eu\\\/\",\"name\":\"SEKUNDI\",\"description\":\"\",\"publisher\":{\"@id\":\"https:\\\/\\\/sekundi.eu\\\/#organization\"},\"potentialAction\":[{\"@type\":\"SearchAction\",\"target\":{\"@type\":\"EntryPoint\",\"urlTemplate\":\"https:\\\/\\\/sekundi.eu\\\/?s={search_term_string}\"},\"query-input\":{\"@type\":\"PropertyValueSpecification\",\"valueRequired\":true,\"valueName\":\"search_term_string\"}}],\"inLanguage\":\"fi\"},{\"@type\":\"Organization\",\"@id\":\"https:\\\/\\\/sekundi.eu\\\/#organization\",\"name\":\"Sekundi\",\"url\":\"https:\\\/\\\/sekundi.eu\\\/\",\"logo\":{\"@type\":\"ImageObject\",\"inLanguage\":\"fi\",\"@id\":\"https:\\\/\\\/sekundi.eu\\\/#\\\/schema\\\/logo\\\/image\\\/\",\"url\":\"https:\\\/\\\/sekundi.eu\\\/wp-content\\\/uploads\\\/2022\\\/12\\\/logo_sekundi.png\",\"contentUrl\":\"https:\\\/\\\/sekundi.eu\\\/wp-content\\\/uploads\\\/2022\\\/12\\\/logo_sekundi.png\",\"width\":171,\"height\":46,\"caption\":\"Sekundi\"},\"image\":{\"@id\":\"https:\\\/\\\/sekundi.eu\\\/#\\\/schema\\\/logo\\\/image\\\/\"}}]}<\/script>\n<!-- \/ Yoast SEO plugin. -->","yoast_head_json":{"title":"Velkojen perint\u00e4 Boliviassa - Kansainv\u00e4linen velkojen perint\u00e4","description":"Onko sinulla velallista kotimaasi ulkopuolella? Tutustu menetelmiin maksamattomien laskujen palauttamiseksi Velkojen perint\u00e4 Boliviassa.","robots":{"index":"noindex","follow":"follow"},"og_locale":"fi_FI","og_type":"article","og_title":"Velkojen perint\u00e4 Boliviassa - Kansainv\u00e4linen velkojen perint\u00e4","og_description":"Onko sinulla velallista kotimaasi ulkopuolella? Tutustu menetelmiin maksamattomien laskujen palauttamiseksi Velkojen perint\u00e4 Boliviassa.","og_url":"https:\/\/sekundi.eu\/fi\/velkojen-perinta-boliviassa\/","og_site_name":"SEKUNDI","article_modified_time":"2025-07-18T14:23:28+00:00","og_image":[{"url":"https:\/\/sekundi.eu\/wp-content\/uploads\/2023\/02\/accompagnement-recouvrement-min-2.jpeg","type":"","width":"","height":""}],"twitter_card":"summary_large_image","twitter_misc":{"Arvioitu lukuaika":"1 minuutti"},"schema":{"@context":"https:\/\/schema.org","@graph":[{"@type":"WebPage","@id":"https:\/\/sekundi.eu\/fi\/velkojen-perinta-boliviassa\/","url":"https:\/\/sekundi.eu\/fi\/velkojen-perinta-boliviassa\/","name":"Velkojen perint\u00e4 Boliviassa - Kansainv\u00e4linen velkojen perint\u00e4","isPartOf":{"@id":"https:\/\/sekundi.eu\/#website"},"primaryImageOfPage":{"@id":"https:\/\/sekundi.eu\/fi\/velkojen-perinta-boliviassa\/#primaryimage"},"image":{"@id":"https:\/\/sekundi.eu\/fi\/velkojen-perinta-boliviassa\/#primaryimage"},"thumbnailUrl":"https:\/\/sekundi.eu\/wp-content\/uploads\/2023\/02\/accompagnement-recouvrement-min-2.jpeg","datePublished":"2025-07-18T13:57:00+00:00","dateModified":"2025-07-18T14:23:28+00:00","description":"Onko sinulla velallista kotimaasi ulkopuolella? Tutustu menetelmiin maksamattomien laskujen palauttamiseksi Velkojen perint\u00e4 Boliviassa.","breadcrumb":{"@id":"https:\/\/sekundi.eu\/fi\/velkojen-perinta-boliviassa\/#breadcrumb"},"inLanguage":"fi","potentialAction":[{"@type":"ReadAction","target":["https:\/\/sekundi.eu\/fi\/velkojen-perinta-boliviassa\/"]}]},{"@type":"ImageObject","inLanguage":"fi","@id":"https:\/\/sekundi.eu\/fi\/velkojen-perinta-boliviassa\/#primaryimage","url":"https:\/\/sekundi.eu\/wp-content\/uploads\/2023\/02\/accompagnement-recouvrement-min-2.jpeg","contentUrl":"https:\/\/sekundi.eu\/wp-content\/uploads\/2023\/02\/accompagnement-recouvrement-min-2.jpeg"},{"@type":"BreadcrumbList","@id":"https:\/\/sekundi.eu\/fi\/velkojen-perinta-boliviassa\/#breadcrumb","itemListElement":[{"@type":"ListItem","position":1,"name":"Accueil","item":"https:\/\/sekundi.eu\/fi\/etusivu\/"},{"@type":"ListItem","position":2,"name":"Velkojen perint\u00e4 Boliviassa"}]},{"@type":"WebSite","@id":"https:\/\/sekundi.eu\/#website","url":"https:\/\/sekundi.eu\/","name":"SEKUNDI","description":"","publisher":{"@id":"https:\/\/sekundi.eu\/#organization"},"potentialAction":[{"@type":"SearchAction","target":{"@type":"EntryPoint","urlTemplate":"https:\/\/sekundi.eu\/?s={search_term_string}"},"query-input":{"@type":"PropertyValueSpecification","valueRequired":true,"valueName":"search_term_string"}}],"inLanguage":"fi"},{"@type":"Organization","@id":"https:\/\/sekundi.eu\/#organization","name":"Sekundi","url":"https:\/\/sekundi.eu\/","logo":{"@type":"ImageObject","inLanguage":"fi","@id":"https:\/\/sekundi.eu\/#\/schema\/logo\/image\/","url":"https:\/\/sekundi.eu\/wp-content\/uploads\/2022\/12\/logo_sekundi.png","contentUrl":"https:\/\/sekundi.eu\/wp-content\/uploads\/2022\/12\/logo_sekundi.png","width":171,"height":46,"caption":"Sekundi"},"image":{"@id":"https:\/\/sekundi.eu\/#\/schema\/logo\/image\/"}}]}},"coauthors":[],"author_meta":{"author_link":"https:\/\/sekundi.eu\/fi\/author\/jeadminussot\/","display_name":"Jeanne CHANUSSOT"},"relative_dates":{"created":"Julkaistu 10 kuukautta sitten","modified":"P\u00e4ivitetty 10 kuukautta sitten"},"absolute_dates":{"created":"Julkaistu 18.7.2025","modified":"P\u00e4ivitetty 18.7.2025"},"absolute_dates_time":{"created":"Julkaistu 18.7.2025 15:57","modified":"P\u00e4ivitetty 18.7.2025 16:23"},"featured_img_caption":"","featured_img":false,"series_order":"","_links":{"self":[{"href":"https:\/\/sekundi.eu\/fi\/wp-json\/wp\/v2\/pages\/8813","targetHints":{"allow":["GET"]}}],"collection":[{"href":"https:\/\/sekundi.eu\/fi\/wp-json\/wp\/v2\/pages"}],"about":[{"href":"https:\/\/sekundi.eu\/fi\/wp-json\/wp\/v2\/types\/page"}],"author":[{"embeddable":true,"href":"https:\/\/sekundi.eu\/fi\/wp-json\/wp\/v2\/users\/2"}],"replies":[{"embeddable":true,"href":"https:\/\/sekundi.eu\/fi\/wp-json\/wp\/v2\/comments?post=8813"}],"version-history":[{"count":1,"href":"https:\/\/sekundi.eu\/fi\/wp-json\/wp\/v2\/pages\/8813\/revisions"}],"predecessor-version":[{"id":8814,"href":"https:\/\/sekundi.eu\/fi\/wp-json\/wp\/v2\/pages\/8813\/revisions\/8814"}],"wp:attachment":[{"href":"https:\/\/sekundi.eu\/fi\/wp-json\/wp\/v2\/media?parent=8813"}],"curies":[{"name":"wp","href":"https:\/\/api.w.org\/{rel}","templated":true}]}}