{"id":2394,"date":"2022-12-26T09:59:57","date_gmt":"2022-12-26T08:59:57","guid":{"rendered":"https:\/\/sekundi.eu\/sekundi\/"},"modified":"2025-01-20T16:41:31","modified_gmt":"2025-01-20T15:41:31","slug":"sekundi","status":"publish","type":"page","link":"https:\/\/sekundi.eu\/fr\/sekundi\/","title":{"rendered":"Sekundi : Recouvrement de cr\u00e9ances internationales"},"content":{"rendered":"\n<div style=\"height:30px\" aria-hidden=\"true\" class=\"wp-block-spacer\"><\/div>\n\n\n\n<div style=\"height:30px\" aria-hidden=\"true\" class=\"wp-block-spacer\"><\/div>\n\n\n\n<div class=\"wp-block-columns is-layout-flex wp-container-core-columns-is-layout-9d6595d7 wp-block-columns-is-layout-flex\">\n<div class=\"wp-block-column animated fadeIn delay-100ms is-layout-flow wp-block-column-is-layout-flow\">\n<p class=\"has-marron-clair-color has-text-color has-small-font-size\"><strong>RECOUVREMENT INTERNATIONAL DE CR\u00c9ANCES<\/strong><\/p>\n\n\n\n<h2 class=\"wp-block-heading marg0\" id=\"debt-collection-worldwide-69394841-8e5e-43bb-8c94-ebd49164984b\"><strong>Recouvrement de cr\u00e9ances dans le monde entier<\/strong><\/h2>\n\n\n\n<p>S'appuyant sur de longues ann\u00e9es d'exp\u00e9rience, nos experts locaux vous garantissent un recouvrement efficace de vos cr\u00e9ances. Sekundi peut proposer le recouvrement de cr\u00e9ances \u00e0 l'amiable ainsi que le recouvrement de cr\u00e9ances contest\u00e9es par voie judiciaire.<\/p>\n\n\n\n<p>Sekundi met un point d'honneur \u00e0 traiter \u00e9quitablement les d\u00e9biteurs, m\u00eame s'ils n'ont pas eux-m\u00eames honor\u00e9 le paiement des factures, afin de ne pas mettre en p\u00e9ril la relation commerciale que vous entretenez avec vos clients.<\/p>\n\n\n\n<div style=\"height:30px\" aria-hidden=\"true\" class=\"wp-block-spacer\"><\/div>\n\n\n\n<div class=\"wp-block-advgb-button alignnone advgb-dyn-4d814ce5\"><a class=\"wp-block-advgb-button_link advgbbtn-7f4474bc-fd21-4b8a-8ab5-8f8b6a24d8ce\" href=\"https:\/\/sekundi.eu\/contact\/\" target=\"_self\" rel=\"noopener noreferrer\"><span><span>Nous contacter<\/span><\/span><\/a><\/div>\n<\/div>\n\n\n\n<div class=\"wp-block-column animated fadeInUp delay-1s is-layout-flow wp-block-column-is-layout-flow\">\n<figure class=\"wp-block-embed is-type-video is-provider-youtube wp-block-embed-youtube wp-embed-aspect-4-3 wp-has-aspect-ratio\"><div class=\"wp-block-embed__wrapper\">\n<iframe loading=\"lazy\" title=\"Sekundi network\" width=\"500\" height=\"375\" src=\"https:\/\/www.youtube.com\/embed\/ZscblyRS6uQ?feature=oembed\" frameborder=\"0\" allow=\"accelerometer; autoplay; clipboard-write; encrypted-media; gyroscope; picture-in-picture; web-share\" referrerpolicy=\"strict-origin-when-cross-origin\" allowfullscreen><\/iframe>\n<\/div><\/figure>\n<\/div>\n<\/div>\n\n\n\n<div style=\"height:50px\" aria-hidden=\"true\" class=\"wp-block-spacer\"><\/div>\n\n\n\n<div class=\"wp-block-columns is-layout-flex wp-container-core-columns-is-layout-9d6595d7 wp-block-columns-is-layout-flex\">\n<div class=\"wp-block-column animated fadeIn delay-200ms is-layout-flow wp-block-column-is-layout-flow\">\n<figure class=\"wp-block-image size-full\"><img loading=\"lazy\" decoding=\"async\" width=\"600\" height=\"400\" src=\"https:\/\/sekundi.eu\/wp-content\/uploads\/2023\/02\/pourquoi-les-services-ssp-collect-min.jpeg\" alt=\"\" class=\"wp-image-1843\" srcset=\"https:\/\/sekundi.eu\/wp-content\/uploads\/2023\/02\/pourquoi-les-services-ssp-collect-min.jpeg 600w, https:\/\/sekundi.eu\/wp-content\/uploads\/2023\/02\/pourquoi-les-services-ssp-collect-min-300x200.jpeg 300w\" sizes=\"auto, (max-width: 600px) 100vw, 600px\" \/><\/figure>\n<\/div>\n\n\n\n<div class=\"wp-block-column animated fadeIn delay-200ms is-layout-flow wp-block-column-is-layout-flow\">\n<h3 class=\"wp-block-heading marg0\">Recouvrement B2B des factures impay\u00e9es<\/h3>\n\n\n\n<p><strong>Pour les dettes qui rel\u00e8vent de la cat\u00e9gorie \"Business-to-Business\",<\/strong><\/p>\n\n\n\n<p>Deux points essentiels sont \u00e0 retenir : une approche rapide et imm\u00e9diate et la prise en compte des exigences sp\u00e9cifiques de votre entreprise.<\/p>\n\n\n\n<p>Bien que nous nous concentrions sur le recouvrement de votre dette, nous n'abandonnons jamais nos principes de respect et d'\u00e9thique, vous permettant ainsi de poursuivre votre relation commerciale avec le d\u00e9biteur. C'est pourquoi de nombreuses entreprises, quelle que soit leur taille, nous confient la gestion de leurs cr\u00e9ances commerciales et le recouvrement de leurs factures impay\u00e9es.<\/p>\n<\/div>\n<\/div>\n\n\n\n<div style=\"height:75px\" aria-hidden=\"true\" class=\"wp-block-spacer\"><\/div>\n\n\n\n<div class=\"wp-block-columns is-layout-flex wp-container-core-columns-is-layout-9d6595d7 wp-block-columns-is-layout-flex\">\n<div class=\"wp-block-column is-layout-flow wp-block-column-is-layout-flow\">\n<h3 class=\"wp-block-heading marg0\">Recouvrement de cr\u00e9ances B2C<\/h3>\n\n\n\n<p><strong>La baisse du pouvoir d'achat et le nombre croissant de mauvais payeurs sont deux des ph\u00e9nom\u00e8nes marquants de notre \u00e9poque.<\/strong><\/p>\n\n\n\n<p>Dans le domaine du B2C, les entreprises doivent donc faire face \u00e0 des paiements de plus en plus tardifs, \u00e0 des engagements clients de plus en plus importants et \u00e0 des d\u00e9faillances de plus en plus graves. Lorsque le contexte \u00e9conomique est difficile et que la concurrence devient de plus en plus incisive, il est vital, en mati\u00e8re de gestion des cr\u00e9ances, que les processus de recouvrement soient rapides et efficaces et que les informations sur la solvabilit\u00e9 du client soient \u00e0 jour.<\/p>\n\n\n\n<p>Pour bien g\u00e9rer les cr\u00e9ances des clients, deux facteurs doivent \u00eatre r\u00e9unis : des outils efficaces et des personnes qui savent les utiliser avec professionnalisme et habilet\u00e9.<\/p>\n\n\n\n<p>Notre sp\u00e9cialisation garantit un recouvrement rapide des cr\u00e9ances et, par cons\u00e9quent, une r\u00e9duction de la dette. D'autant plus lorsque la dette est signal\u00e9e rapidement, sans d\u00e9lai.<\/p>\n\n\n\n<p>De la localisation de l'adresse, en passant par l'enqu\u00eate en ligne sur la solvabilit\u00e9 et l'intelligence commerciale, jusqu'au recouvrement amiable et contentieux : nous pouvons vous fournir les informations et les services dont vous avez besoin pour augmenter le rendement global et tenter de pr\u00e9venir les d\u00e9fauts de paiement. Nous sommes votre interlocuteur comp\u00e9tent en mati\u00e8re de solutions de recouvrement de cr\u00e9ances et d'\u00e9valuation de la solvabilit\u00e9 dans le secteur B2C.<\/p>\n<\/div>\n\n\n\n<div class=\"wp-block-column is-layout-flow wp-block-column-is-layout-flow\">\n<figure class=\"wp-block-image size-full\"><img loading=\"lazy\" decoding=\"async\" width=\"600\" height=\"399\" src=\"https:\/\/sekundi.eu\/wp-content\/uploads\/2023\/02\/chequeasy-1-min.jpeg\" alt=\"\" class=\"wp-image-1849\" srcset=\"https:\/\/sekundi.eu\/wp-content\/uploads\/2023\/02\/chequeasy-1-min.jpeg 600w, https:\/\/sekundi.eu\/wp-content\/uploads\/2023\/02\/chequeasy-1-min-300x200.jpeg 300w\" sizes=\"auto, (max-width: 600px) 100vw, 600px\" \/><\/figure>\n\n\n\n<figure class=\"wp-block-image size-full\"><img loading=\"lazy\" decoding=\"async\" width=\"602\" height=\"400\" src=\"https:\/\/sekundi.eu\/wp-content\/uploads\/2023\/02\/Soft-collect-entete.jpeg\" alt=\"\" class=\"wp-image-1832\" srcset=\"https:\/\/sekundi.eu\/wp-content\/uploads\/2023\/02\/Soft-collect-entete.jpeg 602w, https:\/\/sekundi.eu\/wp-content\/uploads\/2023\/02\/Soft-collect-entete-300x199.jpeg 300w\" sizes=\"auto, (max-width: 602px) 100vw, 602px\" \/><\/figure>\n<\/div>\n<\/div>\n\n\n\n<div style=\"height:50px\" aria-hidden=\"true\" class=\"wp-block-spacer\"><\/div>\n\n\n\n<div class=\"wp-block-group alignwide has-marron-background-color has-background\"><div class=\"wp-block-group__inner-container is-layout-constrained wp-block-group-is-layout-constrained\">\n<div style=\"height:30px\" aria-hidden=\"true\" class=\"wp-block-spacer\"><\/div>\n\n\n\n<div class=\"wp-block-columns are-vertically-aligned-center is-layout-flex wp-container-core-columns-is-layout-9d6595d7 wp-block-columns-is-layout-flex\">\n<div class=\"wp-block-column is-vertically-aligned-center is-layout-flow wp-block-column-is-layout-flow\" style=\"flex-basis:66.66%\">\n<p class=\"has-blanc-color has-text-color has-xxlarge-font-size\"><strong>Vous avez un impay\u00e9 \u00e0 l'\u00e9tranger<\/strong> <strong>et n'arrivez pas \u00e0 \u00eatre pay\u00e9 ?<\/strong><\/p>\n<\/div>\n\n\n\n<div class=\"wp-block-column is-vertically-aligned-center is-layout-flow wp-block-column-is-layout-flow\" style=\"flex-basis:33.33%\">\n<div class=\"wp-block-advgb-button aligncenter advgb-dyn-fa800e1c\"><a class=\"wp-block-advgb-button_link advgbbtn-3389c334-824e-4629-ab03-2728b6911537\" href=\"https:\/\/sekundi.eu\/fr\/envoyez-vos-demandes\/\" target=\"_self\" rel=\"noopener noreferrer\"><span><span>D\u00e9posez votre cr\u00e9ance<\/span><\/span><\/a><\/div>\n<\/div>\n<\/div>\n\n\n\n<div style=\"height:30px\" aria-hidden=\"true\" class=\"wp-block-spacer\"><\/div>\n<\/div><\/div>\n\n\n\n<div class=\"wp-block-group alignwide network\"><div class=\"wp-block-group__inner-container is-layout-constrained wp-block-group-is-layout-constrained\">\n<div style=\"height:50px\" aria-hidden=\"true\" class=\"wp-block-spacer\"><\/div>\n\n\n\n<p class=\"has-text-align-center marg0 has-marron-clair-color has-text-color has-small-font-size\"><strong>NOTRE R\u00c9SEAU<\/strong><\/p>\n\n\n\n<h2 class=\"has-text-align-center marg0 wp-block-heading\">Pays couverts<\/h2>\n\n\n\n<div style=\"height:30px\" aria-hidden=\"true\" class=\"wp-block-spacer\"><\/div>\n\n\n<ul class='country-sitemap'><li><a href='https:\/\/sekundi.eu\/fr\/amerique-du-sud\/'>Recouvrement de cr\u00e9ances en Am\u00e9rique du Sud<\/a><ul><li><a href='https:\/\/sekundi.eu\/fr\/amerique-du-sud\/recouvrement-de-creances-au-chili\/'><i class='fa-solid fa-map-pin'><\/i>Recouvrement de cr\u00e9ances au Chili<\/a><\/li><li><a href='https:\/\/sekundi.eu\/fr\/amerique-du-sud\/recouvrement-de-creances-au-perou\/'><i class='fa-solid fa-map-pin'><\/i>Recouvrement de cr\u00e9ances au P\u00e9rou<\/a><\/li><\/li><\/ul><\/li><\/ul>\n\n\n\n<div style=\"height:50px\" aria-hidden=\"true\" class=\"wp-block-spacer\"><\/div>\n<\/div><\/div>\n<style class=\"advgb-styles-renderer\">.advgbbtn-7f4474bc-fd21-4b8a-8ab5-8f8b6a24d8ce{font-size:18px;color:#2f2f2f !important;background-color:#fff !important;margin:0px 0px 0px 0px !important;padding:10px 30px 10px 30px;border-width:3px !important;border-color:#dde3e9 !important;border-style:solid !important;border-radius:50px !important;}.advgbbtn-7f4474bc-fd21-4b8a-8ab5-8f8b6a24d8ce:hover{background-color:#dde3e9 !important;box-shadow:0px 0px 0px 0px #ccc;opacity:1;transition:all 0.2s ease;}.advgbbtn-7f4474bc-fd21-4b8a-8ab5-8f8b6a24d8ce > i {display: none !important;}.advgbbtn-3389c334-824e-4629-ab03-2728b6911537{font-size:18px;color:#fff !important;background-color:#7f634b !important;margin:0px 0px 0px 0px !important;padding:10px 30px 10px 30px;border-width:1px !important;border-color:#fff !important;border-style:solid !important;border-radius:50px !important;}.advgbbtn-3389c334-824e-4629-ab03-2728b6911537:hover{color:#7f634b !important;background-color:#fff !important;box-shadow:0px 0px 0px 0px #ccc;opacity:1;transition:all 0s ease;}.advgbbtn-3389c334-824e-4629-ab03-2728b6911537 > i {display: none !important;}.advgbbtn-3389c334-824e-4629-ab03-2728b6911537{font-size:18px;color:#fff !important;background-color:#7f634b !important;margin:0px 0px 0px 0px !important;padding:10px 30px 10px 30px;border-width:1px !important;border-color:#fff !important;border-style:solid !important;border-radius:50px !important;}.advgbbtn-3389c334-824e-4629-ab03-2728b6911537:hover{color:#7f634b !important;background-color:#fff !important;box-shadow:0px 0px 0px 0px #ccc;opacity:1;transition:all 0s ease;}.advgbbtn-3389c334-824e-4629-ab03-2728b6911537 > i {display: none !important;}.advgbbtn-3389c334-824e-4629-ab03-2728b6911537{font-size:18px;color:#fff !important;background-color:#7f634b !important;margin:0px 0px 0px 0px !important;padding:10px 30px 10px 30px;border-width:1px !important;border-color:#fff !important;border-style:solid !important;border-radius:50px !important;}.advgbbtn-3389c334-824e-4629-ab03-2728b6911537:hover{color:#7f634b !important;background-color:#fff !important;box-shadow:0px 0px 0px 0px #ccc;opacity:1;transition:all 0s ease;}.advgbbtn-3389c334-824e-4629-ab03-2728b6911537 > i {display: none !important;}.advgbbtn-3389c334-824e-4629-ab03-2728b6911537{font-size:18px;color:#fff !important;background-color:#7f634b !important;margin:0px 0px 0px 0px !important;padding:10px 30px 10px 30px;border-width:1px !important;border-color:#fff !important;border-style:solid !important;border-radius:50px !important;}.advgbbtn-3389c334-824e-4629-ab03-2728b6911537:hover{color:#7f634b !important;background-color:#fff !important;box-shadow:0px 0px 0px 0px #ccc;opacity:1;transition:all 0s ease;}.advgbbtn-3389c334-824e-4629-ab03-2728b6911537 > i {display: none !important;}<\/style>","protected":false},"excerpt":{"rendered":"<p>RECOUVREMENT INTERNATIONAL DE CR\u00c9ANCES Recouvrement de cr\u00e9ances dans le monde entier S&rsquo;appuyant sur de longues ann\u00e9es d&rsquo;exp\u00e9rience, nos experts locaux vous garantissent un recouvrement efficace de vos cr\u00e9ances. Sekundi peut proposer le recouvrement de cr\u00e9ances \u00e0 l&rsquo;amiable ainsi que le recouvrement de cr\u00e9ances contest\u00e9es par voie judiciaire. Sekundi met un point d&rsquo;honneur \u00e0 traiter \u00e9quitablement [&hellip;]<\/p>\n","protected":false},"author":1,"featured_media":0,"parent":0,"menu_order":82,"comment_status":"closed","ping_status":"closed","template":"","meta":{"advgb_blocks_editor_width":"","advgb_blocks_columns_visual_guide":"","footnotes":""},"class_list":["post-2394","page","type-page","status-publish","hentry"],"yoast_head":"<!-- This site is optimized with the Yoast SEO plugin v27.5 - https:\/\/yoast.com\/product\/yoast-seo-wordpress\/ -->\n<title>SEKUNDI - R\u00e9seau international de recouvrement de cr\u00e9ances<\/title>\n<meta name=\"description\" content=\"S&#039;appuyant sur de longues ann\u00e9es d&#039;exp\u00e9rience, nos experts locaux vous garantissent un recouvrement efficace de vos cr\u00e9ances.\" \/>\n<meta name=\"robots\" content=\"index, follow, max-snippet:-1, max-image-preview:large, max-video-preview:-1\" \/>\n<link rel=\"canonical\" href=\"https:\/\/sekundi.eu\/fr\/sekundi\/\" \/>\n<meta property=\"og:locale\" content=\"fr_FR\" \/>\n<meta property=\"og:type\" content=\"article\" \/>\n<meta property=\"og:title\" content=\"SEKUNDI - R\u00e9seau international de recouvrement de cr\u00e9ances\" \/>\n<meta property=\"og:description\" content=\"S&#039;appuyant sur de longues ann\u00e9es d&#039;exp\u00e9rience, nos experts locaux vous garantissent un recouvrement efficace de vos cr\u00e9ances.\" \/>\n<meta property=\"og:url\" content=\"https:\/\/sekundi.eu\/fr\/sekundi\/\" \/>\n<meta property=\"og:site_name\" content=\"SEKUNDI\" \/>\n<meta property=\"article:modified_time\" content=\"2025-01-20T15:41:31+00:00\" \/>\n<meta property=\"og:image\" content=\"https:\/\/sekundi.eu\/wp-content\/uploads\/2023\/02\/pourquoi-les-services-ssp-collect-min.jpeg\" \/>\n\t<meta property=\"og:image:width\" content=\"600\" \/>\n\t<meta property=\"og:image:height\" content=\"400\" \/>\n\t<meta property=\"og:image:type\" content=\"image\/jpeg\" \/>\n<meta name=\"twitter:card\" content=\"summary_large_image\" \/>\n<meta name=\"twitter:label1\" content=\"Dur\u00e9e de lecture estim\u00e9e\" \/>\n\t<meta name=\"twitter:data1\" content=\"5 minutes\" \/>\n<script type=\"application\/ld+json\" class=\"yoast-schema-graph\">{\"@context\":\"https:\\\/\\\/schema.org\",\"@graph\":[{\"@type\":\"WebPage\",\"@id\":\"https:\\\/\\\/sekundi.eu\\\/fr\\\/sekundi\\\/\",\"url\":\"https:\\\/\\\/sekundi.eu\\\/fr\\\/sekundi\\\/\",\"name\":\"SEKUNDI - R\u00e9seau international de recouvrement de cr\u00e9ances\",\"isPartOf\":{\"@id\":\"https:\\\/\\\/sekundi.eu\\\/#website\"},\"primaryImageOfPage\":{\"@id\":\"https:\\\/\\\/sekundi.eu\\\/fr\\\/sekundi\\\/#primaryimage\"},\"image\":{\"@id\":\"https:\\\/\\\/sekundi.eu\\\/fr\\\/sekundi\\\/#primaryimage\"},\"thumbnailUrl\":\"https:\\\/\\\/sekundi.eu\\\/wp-content\\\/uploads\\\/2023\\\/02\\\/pourquoi-les-services-ssp-collect-min.jpeg\",\"datePublished\":\"2022-12-26T08:59:57+00:00\",\"dateModified\":\"2025-01-20T15:41:31+00:00\",\"description\":\"S'appuyant sur de longues ann\u00e9es d'exp\u00e9rience, nos experts locaux vous garantissent un recouvrement efficace de vos cr\u00e9ances.\",\"breadcrumb\":{\"@id\":\"https:\\\/\\\/sekundi.eu\\\/fr\\\/sekundi\\\/#breadcrumb\"},\"inLanguage\":\"fr-FR\",\"potentialAction\":[{\"@type\":\"ReadAction\",\"target\":[\"https:\\\/\\\/sekundi.eu\\\/fr\\\/sekundi\\\/\"]}]},{\"@type\":\"ImageObject\",\"inLanguage\":\"fr-FR\",\"@id\":\"https:\\\/\\\/sekundi.eu\\\/fr\\\/sekundi\\\/#primaryimage\",\"url\":\"https:\\\/\\\/sekundi.eu\\\/wp-content\\\/uploads\\\/2023\\\/02\\\/pourquoi-les-services-ssp-collect-min.jpeg\",\"contentUrl\":\"https:\\\/\\\/sekundi.eu\\\/wp-content\\\/uploads\\\/2023\\\/02\\\/pourquoi-les-services-ssp-collect-min.jpeg\"},{\"@type\":\"BreadcrumbList\",\"@id\":\"https:\\\/\\\/sekundi.eu\\\/fr\\\/sekundi\\\/#breadcrumb\",\"itemListElement\":[{\"@type\":\"ListItem\",\"position\":1,\"name\":\"Accueil\",\"item\":\"https:\\\/\\\/sekundi.eu\\\/fr\\\/\"},{\"@type\":\"ListItem\",\"position\":2,\"name\":\"Sekundi : Recouvrement de cr\u00e9ances internationales\"}]},{\"@type\":\"WebSite\",\"@id\":\"https:\\\/\\\/sekundi.eu\\\/#website\",\"url\":\"https:\\\/\\\/sekundi.eu\\\/\",\"name\":\"SEKUNDI\",\"description\":\"\",\"publisher\":{\"@id\":\"https:\\\/\\\/sekundi.eu\\\/#organization\"},\"potentialAction\":[{\"@type\":\"SearchAction\",\"target\":{\"@type\":\"EntryPoint\",\"urlTemplate\":\"https:\\\/\\\/sekundi.eu\\\/?s={search_term_string}\"},\"query-input\":{\"@type\":\"PropertyValueSpecification\",\"valueRequired\":true,\"valueName\":\"search_term_string\"}}],\"inLanguage\":\"fr-FR\"},{\"@type\":\"Organization\",\"@id\":\"https:\\\/\\\/sekundi.eu\\\/#organization\",\"name\":\"Sekundi\",\"url\":\"https:\\\/\\\/sekundi.eu\\\/\",\"logo\":{\"@type\":\"ImageObject\",\"inLanguage\":\"fr-FR\",\"@id\":\"https:\\\/\\\/sekundi.eu\\\/#\\\/schema\\\/logo\\\/image\\\/\",\"url\":\"https:\\\/\\\/sekundi.eu\\\/wp-content\\\/uploads\\\/2022\\\/12\\\/logo_sekundi.png\",\"contentUrl\":\"https:\\\/\\\/sekundi.eu\\\/wp-content\\\/uploads\\\/2022\\\/12\\\/logo_sekundi.png\",\"width\":171,\"height\":46,\"caption\":\"Sekundi\"},\"image\":{\"@id\":\"https:\\\/\\\/sekundi.eu\\\/#\\\/schema\\\/logo\\\/image\\\/\"}}]}<\/script>\n<!-- \/ Yoast SEO plugin. -->","yoast_head_json":{"title":"SEKUNDI - R\u00e9seau international de recouvrement de cr\u00e9ances","description":"S'appuyant sur de longues ann\u00e9es d'exp\u00e9rience, nos experts locaux vous garantissent un recouvrement efficace de vos cr\u00e9ances.","robots":{"index":"index","follow":"follow","max-snippet":"max-snippet:-1","max-image-preview":"max-image-preview:large","max-video-preview":"max-video-preview:-1"},"canonical":"https:\/\/sekundi.eu\/fr\/sekundi\/","og_locale":"fr_FR","og_type":"article","og_title":"SEKUNDI - R\u00e9seau international de recouvrement de cr\u00e9ances","og_description":"S'appuyant sur de longues ann\u00e9es d'exp\u00e9rience, nos experts locaux vous garantissent un recouvrement efficace de vos cr\u00e9ances.","og_url":"https:\/\/sekundi.eu\/fr\/sekundi\/","og_site_name":"SEKUNDI","article_modified_time":"2025-01-20T15:41:31+00:00","og_image":[{"width":600,"height":400,"url":"https:\/\/sekundi.eu\/wp-content\/uploads\/2023\/02\/pourquoi-les-services-ssp-collect-min.jpeg","type":"image\/jpeg"}],"twitter_card":"summary_large_image","twitter_misc":{"Dur\u00e9e de lecture estim\u00e9e":"5 minutes"},"schema":{"@context":"https:\/\/schema.org","@graph":[{"@type":"WebPage","@id":"https:\/\/sekundi.eu\/fr\/sekundi\/","url":"https:\/\/sekundi.eu\/fr\/sekundi\/","name":"SEKUNDI - R\u00e9seau international de recouvrement de cr\u00e9ances","isPartOf":{"@id":"https:\/\/sekundi.eu\/#website"},"primaryImageOfPage":{"@id":"https:\/\/sekundi.eu\/fr\/sekundi\/#primaryimage"},"image":{"@id":"https:\/\/sekundi.eu\/fr\/sekundi\/#primaryimage"},"thumbnailUrl":"https:\/\/sekundi.eu\/wp-content\/uploads\/2023\/02\/pourquoi-les-services-ssp-collect-min.jpeg","datePublished":"2022-12-26T08:59:57+00:00","dateModified":"2025-01-20T15:41:31+00:00","description":"S'appuyant sur de longues ann\u00e9es d'exp\u00e9rience, nos experts locaux vous garantissent un recouvrement efficace de vos cr\u00e9ances.","breadcrumb":{"@id":"https:\/\/sekundi.eu\/fr\/sekundi\/#breadcrumb"},"inLanguage":"fr-FR","potentialAction":[{"@type":"ReadAction","target":["https:\/\/sekundi.eu\/fr\/sekundi\/"]}]},{"@type":"ImageObject","inLanguage":"fr-FR","@id":"https:\/\/sekundi.eu\/fr\/sekundi\/#primaryimage","url":"https:\/\/sekundi.eu\/wp-content\/uploads\/2023\/02\/pourquoi-les-services-ssp-collect-min.jpeg","contentUrl":"https:\/\/sekundi.eu\/wp-content\/uploads\/2023\/02\/pourquoi-les-services-ssp-collect-min.jpeg"},{"@type":"BreadcrumbList","@id":"https:\/\/sekundi.eu\/fr\/sekundi\/#breadcrumb","itemListElement":[{"@type":"ListItem","position":1,"name":"Accueil","item":"https:\/\/sekundi.eu\/fr\/"},{"@type":"ListItem","position":2,"name":"Sekundi : Recouvrement de cr\u00e9ances internationales"}]},{"@type":"WebSite","@id":"https:\/\/sekundi.eu\/#website","url":"https:\/\/sekundi.eu\/","name":"SEKUNDI","description":"","publisher":{"@id":"https:\/\/sekundi.eu\/#organization"},"potentialAction":[{"@type":"SearchAction","target":{"@type":"EntryPoint","urlTemplate":"https:\/\/sekundi.eu\/?s={search_term_string}"},"query-input":{"@type":"PropertyValueSpecification","valueRequired":true,"valueName":"search_term_string"}}],"inLanguage":"fr-FR"},{"@type":"Organization","@id":"https:\/\/sekundi.eu\/#organization","name":"Sekundi","url":"https:\/\/sekundi.eu\/","logo":{"@type":"ImageObject","inLanguage":"fr-FR","@id":"https:\/\/sekundi.eu\/#\/schema\/logo\/image\/","url":"https:\/\/sekundi.eu\/wp-content\/uploads\/2022\/12\/logo_sekundi.png","contentUrl":"https:\/\/sekundi.eu\/wp-content\/uploads\/2022\/12\/logo_sekundi.png","width":171,"height":46,"caption":"Sekundi"},"image":{"@id":"https:\/\/sekundi.eu\/#\/schema\/logo\/image\/"}}]}},"coauthors":[],"author_meta":{"author_link":"https:\/\/sekundi.eu\/fr\/author\/sekimageundi\/","display_name":"Les Imageurs"},"relative_dates":{"created":"Publi\u00e9 3 ans il y a","modified":"Mis \u00e0 jour 1 an il y a"},"absolute_dates":{"created":"Publi\u00e9 le 26 d\u00e9cembre 2022","modified":"Mise \u00e0 jour le 20 janvier 2025"},"absolute_dates_time":{"created":"Publi\u00e9 le 26 d\u00e9cembre 2022 9h59","modified":"Mise \u00e0 jour le 20 janvier 2025 16h41"},"featured_img_caption":"","featured_img":false,"series_order":"","_links":{"self":[{"href":"https:\/\/sekundi.eu\/fr\/wp-json\/wp\/v2\/pages\/2394","targetHints":{"allow":["GET"]}}],"collection":[{"href":"https:\/\/sekundi.eu\/fr\/wp-json\/wp\/v2\/pages"}],"about":[{"href":"https:\/\/sekundi.eu\/fr\/wp-json\/wp\/v2\/types\/page"}],"author":[{"embeddable":true,"href":"https:\/\/sekundi.eu\/fr\/wp-json\/wp\/v2\/users\/1"}],"replies":[{"embeddable":true,"href":"https:\/\/sekundi.eu\/fr\/wp-json\/wp\/v2\/comments?post=2394"}],"version-history":[{"count":8,"href":"https:\/\/sekundi.eu\/fr\/wp-json\/wp\/v2\/pages\/2394\/revisions"}],"predecessor-version":[{"id":8352,"href":"https:\/\/sekundi.eu\/fr\/wp-json\/wp\/v2\/pages\/2394\/revisions\/8352"}],"wp:attachment":[{"href":"https:\/\/sekundi.eu\/fr\/wp-json\/wp\/v2\/media?parent=2394"}],"curies":[{"name":"wp","href":"https:\/\/api.w.org\/{rel}","templated":true}]}}