{"id":3381,"date":"2023-01-03T12:39:21","date_gmt":"2023-01-03T11:39:21","guid":{"rendered":"https:\/\/sekundi.eu\/recouvrement-de-creances-en-amerique-du-sud\/"},"modified":"2023-02-14T12:57:01","modified_gmt":"2023-02-14T11:57:01","slug":"amerique-du-sud","status":"publish","type":"page","link":"https:\/\/sekundi.eu\/fr\/amerique-du-sud\/","title":{"rendered":"Recouvrement de cr\u00e9ances en Am\u00e9rique du Sud"},"content":{"rendered":"\n<figure class=\"wp-block-image alignfull size-full\"><img loading=\"lazy\" decoding=\"async\" width=\"1920\" height=\"300\" src=\"https:\/\/sekundi.eu\/wp-content\/uploads\/2023\/02\/joshua-rawson-harris-k3fmuSvQi2A-unsplash.jpg\" alt=\"\" class=\"wp-image-2630\" srcset=\"https:\/\/sekundi.eu\/wp-content\/uploads\/2023\/02\/joshua-rawson-harris-k3fmuSvQi2A-unsplash.jpg 1920w, https:\/\/sekundi.eu\/wp-content\/uploads\/2023\/02\/joshua-rawson-harris-k3fmuSvQi2A-unsplash-300x47.jpg 300w, https:\/\/sekundi.eu\/wp-content\/uploads\/2023\/02\/joshua-rawson-harris-k3fmuSvQi2A-unsplash-1024x160.jpg 1024w, https:\/\/sekundi.eu\/wp-content\/uploads\/2023\/02\/joshua-rawson-harris-k3fmuSvQi2A-unsplash-768x120.jpg 768w, https:\/\/sekundi.eu\/wp-content\/uploads\/2023\/02\/joshua-rawson-harris-k3fmuSvQi2A-unsplash-1536x240.jpg 1536w\" sizes=\"auto, (max-width: 1920px) 100vw, 1920px\" \/><\/figure>\n\n<div class=\"wp-block-columns margt-100 is-layout-flex wp-container-core-columns-is-layout-9d6595d7 wp-block-columns-is-layout-flex\">\n<div class=\"wp-block-column is-layout-flow wp-block-column-is-layout-flow\">\n<div class=\"wp-block-group animated fadeInDown delay-100ms has-noir-color has-blanc-background-color has-text-color has-background\"><div class=\"wp-block-group__inner-container is-layout-constrained wp-block-group-is-layout-constrained\"><div class=\"wp-block-image\">\n<figure class=\"aligncenter size-full\"><img loading=\"lazy\" decoding=\"async\" width=\"66\" height=\"60\" src=\"https:\/\/sekundi.eu\/wp-content\/uploads\/2022\/12\/icon.png\" alt=\"\" class=\"wp-image-31\"\/><\/figure>\n<\/div>\n\n\n<p class=\"has-large-font-size\"><strong>Envoyez<\/strong> \u00e0 vos <strong>factures impay\u00e9es<\/strong><\/p>\n\n\n\n<p>Choisissez le pays de votre dette, t\u00e9l\u00e9chargez votre facture, et laissez-nous faire tout le travail !<\/p>\n<\/div><\/div>\n<\/div>\n\n\n\n<div class=\"wp-block-column is-layout-flow wp-block-column-is-layout-flow\">\n<div class=\"wp-block-group animated fadeInDown delay-300ms has-noir-color has-blanc-background-color has-text-color has-background\"><div class=\"wp-block-group__inner-container is-layout-constrained wp-block-group-is-layout-constrained\"><div class=\"wp-block-image\">\n<figure class=\"aligncenter size-full is-resized\"><img loading=\"lazy\" decoding=\"async\" src=\"https:\/\/sekundi.eu\/wp-content\/uploads\/2023\/01\/diagramme-a-bandes.png\" alt=\"\" class=\"wp-image-481\" width=\"60\" height=\"60\" srcset=\"https:\/\/sekundi.eu\/wp-content\/uploads\/2023\/01\/diagramme-a-bandes.png 512w, https:\/\/sekundi.eu\/wp-content\/uploads\/2023\/01\/diagramme-a-bandes-300x300.png 300w, https:\/\/sekundi.eu\/wp-content\/uploads\/2023\/01\/diagramme-a-bandes-150x150.png 150w\" sizes=\"auto, (max-width: 60px) 100vw, 60px\" \/><\/figure>\n<\/div>\n\n\n<p class=\"has-large-font-size\"><strong>S'informer<\/strong><\/p>\n\n\n\n<p>Nous vous tenons inform\u00e9s via l'Intranet, 24 heures sur 24 et 7 jours sur 7, de l'\u00e9volution de vos comptes et vous fournissons des rapports sur l'avancement du recouvrement des cr\u00e9ances dans la langue de votre choix.<\/p>\n<\/div><\/div>\n<\/div>\n\n\n\n<div class=\"wp-block-column is-layout-flow wp-block-column-is-layout-flow\">\n<div class=\"wp-block-group animated fadeInDown delay-500ms has-noir-color has-blanc-background-color has-text-color has-background\"><div class=\"wp-block-group__inner-container is-layout-constrained wp-block-group-is-layout-constrained\"><div class=\"wp-block-image\">\n<figure class=\"aligncenter size-full is-resized\"><img loading=\"lazy\" decoding=\"async\" src=\"https:\/\/sekundi.eu\/wp-content\/uploads\/2023\/01\/paid.png\" alt=\"\" class=\"wp-image-477\" width=\"60\" height=\"60\" srcset=\"https:\/\/sekundi.eu\/wp-content\/uploads\/2023\/01\/paid.png 512w, https:\/\/sekundi.eu\/wp-content\/uploads\/2023\/01\/paid-300x300.png 300w, https:\/\/sekundi.eu\/wp-content\/uploads\/2023\/01\/paid-150x150.png 150w\" sizes=\"auto, (max-width: 60px) 100vw, 60px\" \/><\/figure>\n<\/div>\n\n\n<p class=\"has-large-font-size\"><strong>Frais de recouvrement<\/strong><\/p>\n\n\n\n<p>Une politique de prix uniforme dans toute l'Europe n'est pas si courante. Et votre temps est lib\u00e9r\u00e9 pour \u00eatre utilis\u00e9 ailleurs.<\/p>\n<\/div><\/div>\n<\/div>\n<\/div>\n\n<div style=\"height:100px\" aria-hidden=\"true\" class=\"wp-block-spacer\"><\/div>\n\n<div class=\"wp-block-group alignwide has-background\" style=\"background-color:#b3a39630\"><div class=\"wp-block-group__inner-container is-layout-constrained wp-block-group-is-layout-constrained\">\n<div style=\"height:50px\" aria-hidden=\"true\" class=\"wp-block-spacer\"><\/div>\n\n\n\n<p class=\"has-text-align-center marg0 has-small-font-size\">NOTRE R\u00c9SEAU<\/p>\n\n\n\n<h2 class=\"has-text-align-center marg0 wp-block-heading\">Choisir un pays<\/h2>\n\n\n\n<div style=\"height:30px\" aria-hidden=\"true\" class=\"wp-block-spacer\"><\/div>\n\n\n<ul class='country-specification'><li><a href='https:\/\/sekundi.eu\/fr\/amerique-du-sud\/recouvrement-de-creances-au-chili\/'><i class='fa-solid fa-map-pin'><\/i>Recouvrement de cr\u00e9ances au Chili<\/a><\/li><li><a href='https:\/\/sekundi.eu\/fr\/amerique-du-sud\/recouvrement-de-creances-au-perou\/'><i class='fa-solid fa-map-pin'><\/i>Recouvrement de cr\u00e9ances au P\u00e9rou<\/a><\/li><\/li><\/ul>\n\n\n\n<div style=\"height:50px\" aria-hidden=\"true\" class=\"wp-block-spacer\"><\/div>\n<\/div><\/div>\n\n<div style=\"height:30px\" aria-hidden=\"true\" class=\"wp-block-spacer\"><\/div>\n\n<div class=\"wp-block-columns is-layout-flex wp-container-core-columns-is-layout-9d6595d7 wp-block-columns-is-layout-flex\">\n<div class=\"wp-block-column animated fadeInUp delay-500ms is-layout-flow wp-block-column-is-layout-flow\">\n<p class=\"has-small-font-size\"><strong>RECOUVREMENT INTERNATIONAL DE CR\u00c9ANCES<\/strong><\/p>\n\n\n\n<h2 class=\"marg0 wp-block-heading\" id=\"debt-collection-worldwide-69394841-8e5e-43bb-8c94-ebd49164984b\"><strong>Recouvrement de cr\u00e9ances dans le monde entier<\/strong><\/h2>\n\n\n\n<p>S'appuyant sur de longues ann\u00e9es d'exp\u00e9rience, nos experts locaux vous garantissent un recouvrement efficace de vos cr\u00e9ances. Sekundi peut proposer le recouvrement de cr\u00e9ances \u00e0 l'amiable ainsi que le recouvrement de cr\u00e9ances contest\u00e9es par voie judiciaire.<\/p>\n\n\n\n<p>Sekundi met un point d'honneur \u00e0 traiter \u00e9quitablement les d\u00e9biteurs, m\u00eame s'ils n'ont pas eux-m\u00eames honor\u00e9 le paiement des factures, afin de ne pas mettre en p\u00e9ril la relation commerciale que vous entretenez avec vos clients.<\/p>\n\n\n\n<div style=\"height:30px\" aria-hidden=\"true\" class=\"wp-block-spacer\"><\/div>\n\n\n\n<div class=\"wp-block-advgb-button alignnone\"><a class=\"wp-block-advgb-button_link advgbbtn-8684ab9a-8485-4731-85a7-3ed043e335f1\" href=\"https:\/\/sekundi.eu\/contact\/\" target=\"_self\" rel=\"noopener noreferrer\"><span>Nous contacter<\/span><\/a><\/div>\n<\/div>\n\n\n\n<div class=\"wp-block-column is-layout-flow wp-block-column-is-layout-flow\">\n<figure class=\"wp-block-video\"><video height=\"288\" style=\"aspect-ratio: 352 \/ 288;\" width=\"352\" controls=\"\" src=\"https:\/\/sekundi.eu\/wp-content\/uploads\/2023\/02\/sekundi-network.mp4\"><\/video><\/figure>\n<\/div>\n<\/div>\n\n<div style=\"height:30px\" aria-hidden=\"true\" class=\"wp-block-spacer\"><\/div>\n\n<div style=\"height:50px\" aria-hidden=\"true\" class=\"wp-block-spacer\"><\/div>\n\n<div class=\"wp-block-columns is-layout-flex wp-container-core-columns-is-layout-9d6595d7 wp-block-columns-is-layout-flex\">\n<div class=\"wp-block-column is-layout-flow wp-block-column-is-layout-flow\">\n<figure class=\"wp-block-image size-large\"><img loading=\"lazy\" decoding=\"async\" width=\"1024\" height=\"683\" src=\"https:\/\/sekundi.eu\/wp-content\/uploads\/2023\/01\/accompagnement-recouvrement-1024x683.jpeg\" alt=\"\" class=\"wp-image-492\" srcset=\"https:\/\/sekundi.eu\/wp-content\/uploads\/2023\/01\/accompagnement-recouvrement-1024x683.jpeg 1024w, https:\/\/sekundi.eu\/wp-content\/uploads\/2023\/01\/accompagnement-recouvrement-300x200.jpeg 300w, https:\/\/sekundi.eu\/wp-content\/uploads\/2023\/01\/accompagnement-recouvrement-768x512.jpeg 768w, https:\/\/sekundi.eu\/wp-content\/uploads\/2023\/01\/accompagnement-recouvrement-1536x1024.jpeg 1536w, https:\/\/sekundi.eu\/wp-content\/uploads\/2023\/01\/accompagnement-recouvrement-2048x1365.jpeg 2048w\" sizes=\"auto, (max-width: 1024px) 100vw, 1024px\" \/><\/figure>\n<\/div>\n\n\n\n<div class=\"wp-block-column is-layout-flow wp-block-column-is-layout-flow\">\n<h2 class=\"wp-block-heading\">Recouvrement B2B des factures impay\u00e9es<\/h2>\n\n\n\n<p><strong>Vos avantages :<\/strong><\/p>\n\n\n\n<ul class=\"wp-block-list\">\n<li>Gestion des cr\u00e9ances clients en fonction des besoins de votre secteur d'activit\u00e9<\/li>\n\n\n\n<li>Un flux de tr\u00e9sorerie sain<\/li>\n\n\n\n<li>Taux de recouvrement \u00e9lev\u00e9<\/li>\n\n\n\n<li>Connaissance des us et coutumes de chaque pays<\/li>\n\n\n\n<li>Professionnalisme en tout temps et en toutes circonstances<\/li>\n<\/ul>\n<\/div>\n<\/div>\n\n<div style=\"height:50px\" aria-hidden=\"true\" class=\"wp-block-spacer\"><\/div>\n\n<div class=\"wp-block-columns is-layout-flex wp-container-core-columns-is-layout-9d6595d7 wp-block-columns-is-layout-flex\">\n<div class=\"wp-block-column is-layout-flow wp-block-column-is-layout-flow\">\n<h2 class=\"wp-block-heading\">Recouvrement de cr\u00e9ances B2C<\/h2>\n\n\n\n<p><strong>Vos avantages :<\/strong><\/p>\n\n\n\n<ul class=\"wp-block-list\">\n<li>Un flux de tr\u00e9sorerie sain<\/li>\n\n\n\n<li>Taux de recouvrement \u00e9lev\u00e9<\/li>\n\n\n\n<li>Connaissance des us et coutumes de chaque pays<\/li>\n\n\n\n<li>Professionnalisme en tout temps et en toutes circonstances<\/li>\n<\/ul>\n<\/div>\n\n\n\n<div class=\"wp-block-column is-layout-flow wp-block-column-is-layout-flow\">\n<figure class=\"wp-block-image size-large\"><img loading=\"lazy\" decoding=\"async\" width=\"1024\" height=\"683\" src=\"https:\/\/sekundi.eu\/wp-content\/uploads\/2023\/01\/accompagnement-recouvrement-1024x683.jpeg\" alt=\"\" class=\"wp-image-492\" srcset=\"https:\/\/sekundi.eu\/wp-content\/uploads\/2023\/01\/accompagnement-recouvrement-1024x683.jpeg 1024w, https:\/\/sekundi.eu\/wp-content\/uploads\/2023\/01\/accompagnement-recouvrement-300x200.jpeg 300w, https:\/\/sekundi.eu\/wp-content\/uploads\/2023\/01\/accompagnement-recouvrement-768x512.jpeg 768w, https:\/\/sekundi.eu\/wp-content\/uploads\/2023\/01\/accompagnement-recouvrement-1536x1024.jpeg 1536w, https:\/\/sekundi.eu\/wp-content\/uploads\/2023\/01\/accompagnement-recouvrement-2048x1365.jpeg 2048w\" sizes=\"auto, (max-width: 1024px) 100vw, 1024px\" \/><\/figure>\n<\/div>\n<\/div>\n\n<div style=\"height:50px\" aria-hidden=\"true\" class=\"wp-block-spacer\"><\/div>\n\n<h2 class=\"has-text-align-center wp-block-heading\">Faites appel au r\u00e9seau SEKUNDI en Am\u00e9rique du Nord<\/h2>\n\n<div class=\"wp-block-group\"><div class=\"wp-block-group__inner-container is-layout-constrained wp-block-group-is-layout-constrained\">\n<div style=\"height:50px\" aria-hidden=\"true\" class=\"wp-block-spacer\"><\/div>\n\n\n\n<div class=\"wp-block-columns is-layout-flex wp-container-core-columns-is-layout-9d6595d7 wp-block-columns-is-layout-flex\">\n<div class=\"wp-block-column is-layout-flow wp-block-column-is-layout-flow\">\n<div class=\"wp-block-group shadow has-blanc-background-color has-background\"><div class=\"wp-block-group__inner-container is-layout-constrained wp-block-group-is-layout-constrained\">\n<p><strong>Approche<\/strong><\/p>\n\n\n\n<p>Notre approche consiste \u00e0 agir depuis votre pays avec un employ\u00e9 ou un prestataire de services ma\u00eetrisant la langue du pays concern\u00e9 n'est pas la plus efficace.<\/p>\n<\/div><\/div>\n<\/div>\n\n\n\n<div class=\"wp-block-column is-layout-flow wp-block-column-is-layout-flow\">\n<div class=\"wp-block-group shadow has-blanc-background-color has-background\"><div class=\"wp-block-group__inner-container is-layout-constrained wp-block-group-is-layout-constrained\">\n<p><strong>Avantages<\/strong><\/p>\n\n\n\n<p>Vous avez un interlocuteur dans votre pays avec lequel vous communiquez et celui-ci est charg\u00e9 de transmettre votre dossier d\u00e8s r\u00e9ception \u00e0 son partenaire local qui agira selon les coutumes et r\u00e8gles du pays concern\u00e9 pour obtenir le paiement de votre facture.<\/p>\n<\/div><\/div>\n<\/div>\n\n\n\n<div class=\"wp-block-column is-layout-flow wp-block-column-is-layout-flow\">\n<div class=\"wp-block-group shadow has-blanc-background-color has-background\"><div class=\"wp-block-group__inner-container is-layout-constrained wp-block-group-is-layout-constrained\">\n<p><strong>Objectif<\/strong><\/p>\n\n\n\n<p>\u00c9tablir un r\u00e9seau mondial avec un partenaire commercial solide dans chaque pays pour garantir un traitement optimal des affaires au niveau local avec le soutien respectif des renseignements sp\u00e9cifiques \u00e0 chaque pays.<\/p>\n<\/div><\/div>\n<\/div>\n<\/div>\n<\/div><\/div>\n\n<hr class=\"wp-block-separator has-text-color has-marron-color has-alpha-channel-opacity has-marron-background-color has-background\"\/>\n\n<div class=\"wp-block-group alignwide network\"><div class=\"wp-block-group__inner-container is-layout-constrained wp-block-group-is-layout-constrained\">\n<div style=\"height:50px\" aria-hidden=\"true\" class=\"wp-block-spacer\"><\/div>\n\n\n\n<p class=\"has-text-align-center marg0 has-marron-clair-color has-text-color has-small-font-size\"><strong>NOTRE R\u00c9SEAU<\/strong><\/p>\n\n\n\n<h2 class=\"has-text-align-center marg0 wp-block-heading\">Pays couverts<\/h2>\n\n\n\n<div style=\"height:30px\" aria-hidden=\"true\" class=\"wp-block-spacer\"><\/div>\n\n\n<ul class='country-sitemap'><li><a href='https:\/\/sekundi.eu\/fr\/amerique-du-sud\/'>Recouvrement de cr\u00e9ances en Am\u00e9rique du Sud<\/a><ul><li><a href='https:\/\/sekundi.eu\/fr\/amerique-du-sud\/recouvrement-de-creances-au-chili\/'><i class='fa-solid fa-map-pin'><\/i>Recouvrement de cr\u00e9ances au Chili<\/a><\/li><li><a href='https:\/\/sekundi.eu\/fr\/amerique-du-sud\/recouvrement-de-creances-au-perou\/'><i class='fa-solid fa-map-pin'><\/i>Recouvrement de cr\u00e9ances au P\u00e9rou<\/a><\/li><\/li><\/ul><\/li><\/ul>\n\n\n\n<div style=\"height:50px\" aria-hidden=\"true\" class=\"wp-block-spacer\"><\/div>\n<\/div><\/div>\n<style class=\"advgb-styles-renderer\">.advgbbtn-8684ab9a-8485-4731-85a7-3ed043e335f1{font-size:18px;color:#2f2f2f !important;background-color:#fff !important;margin:0px 0px 0px 0px !important;padding:10px 30px 10px 30px;border-width:3px !important;border-color:#dde3e9 !important;border-style:solid !important;border-radius:50px !important;}.advgbbtn-8684ab9a-8485-4731-85a7-3ed043e335f1:hover{background-color:#dde3e9 !important;box-shadow:0px 0px 0px 0px #ccc;opacity:1;transition:all 0.2s ease;}.advgbbtn-8684ab9a-8485-4731-85a7-3ed043e335f1 > i {display: none !important;}.advgbbtn-8684ab9a-8485-4731-85a7-3ed043e335f1{font-size:18px;color:#2f2f2f !important;background-color:#fff !important;margin:0px 0px 0px 0px !important;padding:10px 30px 10px 30px;border-width:3px !important;border-color:#dde3e9 !important;border-style:solid !important;border-radius:50px !important;}.advgbbtn-8684ab9a-8485-4731-85a7-3ed043e335f1:hover{background-color:#dde3e9 !important;box-shadow:0px 0px 0px 0px #ccc;opacity:1;transition:all 0.2s ease;}.advgbbtn-8684ab9a-8485-4731-85a7-3ed043e335f1 > i {display: none !important;}.advgbbtn-8684ab9a-8485-4731-85a7-3ed043e335f1{font-size:18px;color:#2f2f2f !important;background-color:#fff !important;margin:0px 0px 0px 0px !important;padding:10px 30px 10px 30px;border-width:3px !important;border-color:#dde3e9 !important;border-style:solid !important;border-radius:50px !important;}.advgbbtn-8684ab9a-8485-4731-85a7-3ed043e335f1:hover{background-color:#dde3e9 !important;box-shadow:0px 0px 0px 0px #ccc;opacity:1;transition:all 0.2s ease;}.advgbbtn-8684ab9a-8485-4731-85a7-3ed043e335f1 > i {display: none !important;}<\/style>","protected":false},"excerpt":{"rendered":"<p>NOTRE R\u00c9SEAU Choisir un pays RECOUVREMENT INTERNATIONAL DE CR\u00c9ANCES Recouvrement de cr\u00e9ances dans le monde entier S&rsquo;appuyant sur de longues ann\u00e9es d&rsquo;exp\u00e9rience, nos experts locaux vous garantissent un recouvrement efficace de vos cr\u00e9ances. Sekundi peut proposer le recouvrement de cr\u00e9ances \u00e0 l&rsquo;amiable ainsi que le recouvrement de cr\u00e9ances contest\u00e9es par voie judiciaire. Sekundi met un [&hellip;]<\/p>\n","protected":false},"author":1,"featured_media":0,"parent":0,"menu_order":902,"comment_status":"closed","ping_status":"closed","template":"template_continent.php","meta":{"advgb_blocks_editor_width":"","advgb_blocks_columns_visual_guide":"","footnotes":""},"class_list":["post-3381","page","type-page","status-publish","hentry"],"yoast_head":"<!-- This site is optimized with the Yoast SEO plugin v27.5 - https:\/\/yoast.com\/product\/yoast-seo-wordpress\/ -->\n<title>Recouvrement de cr\u00e9ances en Am\u00e9rique du Sud - Recouvrement de cr\u00e9ances international<\/title>\n<meta name=\"description\" content=\"Vous avez un d\u00e9biteur hors de votre pays ? D\u00e9couvrez les proc\u00e9dures pour r\u00e9cup\u00e9rer vos factures impay\u00e9es gr\u00e2ce \u00e0 Recouvrement de cr\u00e9ances en Am\u00e9rique du Sud.\" \/>\n<meta name=\"robots\" content=\"noindex, nofollow\" \/>\n<meta property=\"og:locale\" content=\"fr_FR\" \/>\n<meta property=\"og:type\" content=\"article\" \/>\n<meta property=\"og:title\" content=\"Recouvrement de cr\u00e9ances en Am\u00e9rique du Sud - Recouvrement de cr\u00e9ances international\" \/>\n<meta property=\"og:description\" content=\"Vous avez un d\u00e9biteur hors de votre pays ? D\u00e9couvrez les proc\u00e9dures pour r\u00e9cup\u00e9rer vos factures impay\u00e9es gr\u00e2ce \u00e0 Recouvrement de cr\u00e9ances en Am\u00e9rique du Sud.\" \/>\n<meta property=\"og:url\" content=\"https:\/\/sekundi.eu\/fr\/amerique-du-sud\/\" \/>\n<meta property=\"og:site_name\" content=\"SEKUNDI\" \/>\n<meta property=\"article:modified_time\" content=\"2023-02-14T11:57:01+00:00\" \/>\n<meta property=\"og:image\" content=\"https:\/\/sekundi.eu\/wp-content\/uploads\/2023\/02\/joshua-rawson-harris-k3fmuSvQi2A-unsplash.jpg\" \/>\n<meta name=\"twitter:card\" content=\"summary_large_image\" \/>\n<meta name=\"twitter:label1\" content=\"Dur\u00e9e de lecture estim\u00e9e\" \/>\n\t<meta name=\"twitter:data1\" content=\"2 minutes\" \/>\n<script type=\"application\/ld+json\" class=\"yoast-schema-graph\">{\"@context\":\"https:\\\/\\\/schema.org\",\"@graph\":[{\"@type\":\"WebPage\",\"@id\":\"https:\\\/\\\/sekundi.eu\\\/fr\\\/amerique-du-sud\\\/\",\"url\":\"https:\\\/\\\/sekundi.eu\\\/fr\\\/amerique-du-sud\\\/\",\"name\":\"Recouvrement de cr\u00e9ances en Am\u00e9rique du Sud - Recouvrement de cr\u00e9ances international\",\"isPartOf\":{\"@id\":\"https:\\\/\\\/sekundi.eu\\\/#website\"},\"primaryImageOfPage\":{\"@id\":\"https:\\\/\\\/sekundi.eu\\\/fr\\\/amerique-du-sud\\\/#primaryimage\"},\"image\":{\"@id\":\"https:\\\/\\\/sekundi.eu\\\/fr\\\/amerique-du-sud\\\/#primaryimage\"},\"thumbnailUrl\":\"https:\\\/\\\/sekundi.eu\\\/wp-content\\\/uploads\\\/2023\\\/02\\\/joshua-rawson-harris-k3fmuSvQi2A-unsplash.jpg\",\"datePublished\":\"2023-01-03T11:39:21+00:00\",\"dateModified\":\"2023-02-14T11:57:01+00:00\",\"description\":\"Vous avez un d\u00e9biteur hors de votre pays ? D\u00e9couvrez les proc\u00e9dures pour r\u00e9cup\u00e9rer vos factures impay\u00e9es gr\u00e2ce \u00e0 Recouvrement de cr\u00e9ances en Am\u00e9rique du Sud.\",\"breadcrumb\":{\"@id\":\"https:\\\/\\\/sekundi.eu\\\/fr\\\/amerique-du-sud\\\/#breadcrumb\"},\"inLanguage\":\"fr-FR\",\"potentialAction\":[{\"@type\":\"ReadAction\",\"target\":[\"https:\\\/\\\/sekundi.eu\\\/fr\\\/amerique-du-sud\\\/\"]}]},{\"@type\":\"ImageObject\",\"inLanguage\":\"fr-FR\",\"@id\":\"https:\\\/\\\/sekundi.eu\\\/fr\\\/amerique-du-sud\\\/#primaryimage\",\"url\":\"https:\\\/\\\/sekundi.eu\\\/wp-content\\\/uploads\\\/2023\\\/02\\\/joshua-rawson-harris-k3fmuSvQi2A-unsplash.jpg\",\"contentUrl\":\"https:\\\/\\\/sekundi.eu\\\/wp-content\\\/uploads\\\/2023\\\/02\\\/joshua-rawson-harris-k3fmuSvQi2A-unsplash.jpg\"},{\"@type\":\"BreadcrumbList\",\"@id\":\"https:\\\/\\\/sekundi.eu\\\/fr\\\/amerique-du-sud\\\/#breadcrumb\",\"itemListElement\":[{\"@type\":\"ListItem\",\"position\":1,\"name\":\"Accueil\",\"item\":\"https:\\\/\\\/sekundi.eu\\\/fr\\\/\"},{\"@type\":\"ListItem\",\"position\":2,\"name\":\"Recouvrement de cr\u00e9ances en Am\u00e9rique du Sud\"}]},{\"@type\":\"WebSite\",\"@id\":\"https:\\\/\\\/sekundi.eu\\\/#website\",\"url\":\"https:\\\/\\\/sekundi.eu\\\/\",\"name\":\"SEKUNDI\",\"description\":\"\",\"publisher\":{\"@id\":\"https:\\\/\\\/sekundi.eu\\\/#organization\"},\"potentialAction\":[{\"@type\":\"SearchAction\",\"target\":{\"@type\":\"EntryPoint\",\"urlTemplate\":\"https:\\\/\\\/sekundi.eu\\\/?s={search_term_string}\"},\"query-input\":{\"@type\":\"PropertyValueSpecification\",\"valueRequired\":true,\"valueName\":\"search_term_string\"}}],\"inLanguage\":\"fr-FR\"},{\"@type\":\"Organization\",\"@id\":\"https:\\\/\\\/sekundi.eu\\\/#organization\",\"name\":\"Sekundi\",\"url\":\"https:\\\/\\\/sekundi.eu\\\/\",\"logo\":{\"@type\":\"ImageObject\",\"inLanguage\":\"fr-FR\",\"@id\":\"https:\\\/\\\/sekundi.eu\\\/#\\\/schema\\\/logo\\\/image\\\/\",\"url\":\"https:\\\/\\\/sekundi.eu\\\/wp-content\\\/uploads\\\/2022\\\/12\\\/logo_sekundi.png\",\"contentUrl\":\"https:\\\/\\\/sekundi.eu\\\/wp-content\\\/uploads\\\/2022\\\/12\\\/logo_sekundi.png\",\"width\":171,\"height\":46,\"caption\":\"Sekundi\"},\"image\":{\"@id\":\"https:\\\/\\\/sekundi.eu\\\/#\\\/schema\\\/logo\\\/image\\\/\"}}]}<\/script>\n<!-- \/ Yoast SEO plugin. -->","yoast_head_json":{"title":"Recouvrement de cr\u00e9ances en Am\u00e9rique du Sud - Recouvrement de cr\u00e9ances international","description":"Vous avez un d\u00e9biteur hors de votre pays ? D\u00e9couvrez les proc\u00e9dures pour r\u00e9cup\u00e9rer vos factures impay\u00e9es gr\u00e2ce \u00e0 Recouvrement de cr\u00e9ances en Am\u00e9rique du Sud.","robots":{"index":"noindex","follow":"nofollow"},"og_locale":"fr_FR","og_type":"article","og_title":"Recouvrement de cr\u00e9ances en Am\u00e9rique du Sud - Recouvrement de cr\u00e9ances international","og_description":"Vous avez un d\u00e9biteur hors de votre pays ? D\u00e9couvrez les proc\u00e9dures pour r\u00e9cup\u00e9rer vos factures impay\u00e9es gr\u00e2ce \u00e0 Recouvrement de cr\u00e9ances en Am\u00e9rique du Sud.","og_url":"https:\/\/sekundi.eu\/fr\/amerique-du-sud\/","og_site_name":"SEKUNDI","article_modified_time":"2023-02-14T11:57:01+00:00","og_image":[{"url":"https:\/\/sekundi.eu\/wp-content\/uploads\/2023\/02\/joshua-rawson-harris-k3fmuSvQi2A-unsplash.jpg","type":"","width":"","height":""}],"twitter_card":"summary_large_image","twitter_misc":{"Dur\u00e9e de lecture estim\u00e9e":"2 minutes"},"schema":{"@context":"https:\/\/schema.org","@graph":[{"@type":"WebPage","@id":"https:\/\/sekundi.eu\/fr\/amerique-du-sud\/","url":"https:\/\/sekundi.eu\/fr\/amerique-du-sud\/","name":"Recouvrement de cr\u00e9ances en Am\u00e9rique du Sud - Recouvrement de cr\u00e9ances international","isPartOf":{"@id":"https:\/\/sekundi.eu\/#website"},"primaryImageOfPage":{"@id":"https:\/\/sekundi.eu\/fr\/amerique-du-sud\/#primaryimage"},"image":{"@id":"https:\/\/sekundi.eu\/fr\/amerique-du-sud\/#primaryimage"},"thumbnailUrl":"https:\/\/sekundi.eu\/wp-content\/uploads\/2023\/02\/joshua-rawson-harris-k3fmuSvQi2A-unsplash.jpg","datePublished":"2023-01-03T11:39:21+00:00","dateModified":"2023-02-14T11:57:01+00:00","description":"Vous avez un d\u00e9biteur hors de votre pays ? D\u00e9couvrez les proc\u00e9dures pour r\u00e9cup\u00e9rer vos factures impay\u00e9es gr\u00e2ce \u00e0 Recouvrement de cr\u00e9ances en Am\u00e9rique du Sud.","breadcrumb":{"@id":"https:\/\/sekundi.eu\/fr\/amerique-du-sud\/#breadcrumb"},"inLanguage":"fr-FR","potentialAction":[{"@type":"ReadAction","target":["https:\/\/sekundi.eu\/fr\/amerique-du-sud\/"]}]},{"@type":"ImageObject","inLanguage":"fr-FR","@id":"https:\/\/sekundi.eu\/fr\/amerique-du-sud\/#primaryimage","url":"https:\/\/sekundi.eu\/wp-content\/uploads\/2023\/02\/joshua-rawson-harris-k3fmuSvQi2A-unsplash.jpg","contentUrl":"https:\/\/sekundi.eu\/wp-content\/uploads\/2023\/02\/joshua-rawson-harris-k3fmuSvQi2A-unsplash.jpg"},{"@type":"BreadcrumbList","@id":"https:\/\/sekundi.eu\/fr\/amerique-du-sud\/#breadcrumb","itemListElement":[{"@type":"ListItem","position":1,"name":"Accueil","item":"https:\/\/sekundi.eu\/fr\/"},{"@type":"ListItem","position":2,"name":"Recouvrement de cr\u00e9ances en Am\u00e9rique du Sud"}]},{"@type":"WebSite","@id":"https:\/\/sekundi.eu\/#website","url":"https:\/\/sekundi.eu\/","name":"SEKUNDI","description":"","publisher":{"@id":"https:\/\/sekundi.eu\/#organization"},"potentialAction":[{"@type":"SearchAction","target":{"@type":"EntryPoint","urlTemplate":"https:\/\/sekundi.eu\/?s={search_term_string}"},"query-input":{"@type":"PropertyValueSpecification","valueRequired":true,"valueName":"search_term_string"}}],"inLanguage":"fr-FR"},{"@type":"Organization","@id":"https:\/\/sekundi.eu\/#organization","name":"Sekundi","url":"https:\/\/sekundi.eu\/","logo":{"@type":"ImageObject","inLanguage":"fr-FR","@id":"https:\/\/sekundi.eu\/#\/schema\/logo\/image\/","url":"https:\/\/sekundi.eu\/wp-content\/uploads\/2022\/12\/logo_sekundi.png","contentUrl":"https:\/\/sekundi.eu\/wp-content\/uploads\/2022\/12\/logo_sekundi.png","width":171,"height":46,"caption":"Sekundi"},"image":{"@id":"https:\/\/sekundi.eu\/#\/schema\/logo\/image\/"}}]}},"coauthors":[],"author_meta":{"author_link":"https:\/\/sekundi.eu\/fr\/author\/sekimageundi\/","display_name":"Les Imageurs"},"relative_dates":{"created":"Publi\u00e9 3 ans il y a","modified":"Mis \u00e0 jour 3 ans il y a"},"absolute_dates":{"created":"Publi\u00e9 le 3 janvier 2023","modified":"Mise \u00e0 jour le 14 f\u00e9vrier 2023"},"absolute_dates_time":{"created":"Publi\u00e9 le 3 janvier 2023 12h39","modified":"Mise \u00e0 jour le 14 f\u00e9vrier 2023 12h57"},"featured_img_caption":"","featured_img":false,"series_order":"","_links":{"self":[{"href":"https:\/\/sekundi.eu\/fr\/wp-json\/wp\/v2\/pages\/3381","targetHints":{"allow":["GET"]}}],"collection":[{"href":"https:\/\/sekundi.eu\/fr\/wp-json\/wp\/v2\/pages"}],"about":[{"href":"https:\/\/sekundi.eu\/fr\/wp-json\/wp\/v2\/types\/page"}],"author":[{"embeddable":true,"href":"https:\/\/sekundi.eu\/fr\/wp-json\/wp\/v2\/users\/1"}],"replies":[{"embeddable":true,"href":"https:\/\/sekundi.eu\/fr\/wp-json\/wp\/v2\/comments?post=3381"}],"version-history":[{"count":2,"href":"https:\/\/sekundi.eu\/fr\/wp-json\/wp\/v2\/pages\/3381\/revisions"}],"predecessor-version":[{"id":5059,"href":"https:\/\/sekundi.eu\/fr\/wp-json\/wp\/v2\/pages\/3381\/revisions\/5059"}],"wp:attachment":[{"href":"https:\/\/sekundi.eu\/fr\/wp-json\/wp\/v2\/media?parent=3381"}],"curies":[{"name":"wp","href":"https:\/\/api.w.org\/{rel}","templated":true}]}}