{"id":5204,"date":"2023-02-02T15:58:26","date_gmt":"2023-02-02T14:58:26","guid":{"rendered":"https:\/\/sekundi.eu\/europe\/recouvrement-de-creances-aux-pays-bas\/"},"modified":"2025-09-23T16:08:52","modified_gmt":"2025-09-23T14:08:52","slug":"recouvrement-de-creances-aux-pays-bas","status":"publish","type":"page","link":"https:\/\/sekundi.eu\/fr\/europe\/recouvrement-de-creances-aux-pays-bas\/","title":{"rendered":"Recouvrement de cr\u00e9ances aux Pays-Bas"},"content":{"rendered":"\n<div style=\"height:50px\" aria-hidden=\"true\" class=\"wp-block-spacer\"><\/div>\n\n<p>Avez-vous une facture impay\u00e9e aux Pays-Bas ? Vous cherchez un partenaire local pour vous aider \u00e0 payer votre facture ? D\u00e9couvrez le recouvrement de cr\u00e9ances aux Pays-Bas gr\u00e2ce au r\u00e9seau international de Sekundi.<\/p>\n\n<div class=\"wp-block-columns is-layout-flex wp-container-core-columns-is-layout-9d6595d7 wp-block-columns-is-layout-flex\">\n<div class=\"wp-block-column is-layout-flow wp-block-column-is-layout-flow\" style=\"flex-basis:50%\">\n<h2 class=\"wp-block-heading\"><strong>Quelles sont les proc\u00e9dures l\u00e9gales \u00e0 suivre pour recouvrer des cr\u00e9ances impay\u00e9es aux Pays-Bas ?<\/strong><\/h2>\n\n\n\n<p>La proc\u00e9dure de recouvrement aux Pays-Bas peut \u00eatre divis\u00e9e en une phase amiable ou extrajudiciaire et une phase judiciaire.<\/p>\n\n\n\n<p>Dans la phase amiable, nous essayons d'obtenir le paiement sans intervention judiciaire. Une distinction claire a \u00e9t\u00e9 faite par le l\u00e9gislateur n\u00e9erlandais entre le recouvrement de cr\u00e9ances B2C et B2B :<\/p>\n\n\n\n<p>B2C : Nous sommes tenus d'informer le consommateur-d\u00e9biteur du montant des frais de recouvrement extrajudiciaires (dont le montant est d\u00e9termin\u00e9 par la loi).<\/p>\n\n\n\n<p>Ces frais doivent \u00eatre notifi\u00e9s par votre agence de recouvrement au consommateur-d\u00e9biteur. Vous devez permettre \u00e0 votre client de payer sans ces frais pendant au moins 15 jours.<\/p>\n\n\n\n<p> B2B : Nous n'avons pas d'obligation de ce type avec un d\u00e9biteur commercial. Les frais de recouvrement extrajudiciaires peuvent \u00eatre convenus via les conditions g\u00e9n\u00e9rales. Sans conditions particuli\u00e8res, les frais de recouvrement extrajudiciaire sont de 15%.<\/p>\n\n\n\n<p>La phase judiciaire aux Pays-Bas passe toujours par le tribunal. Pour les demandes sup\u00e9rieures \u00e0 25 000,00 \u20ac, l'assistance d'un avocat est obligatoire. Gr\u00e2ce \u00e0 la coop\u00e9ration avec diff\u00e9rents cabinets d'avocats, notre partenaire sur place peut vous assister dans toutes les proc\u00e9dures l\u00e9gales de recouvrement.<\/p>\n<\/div>\n\n\n\n<div class=\"wp-block-column is-layout-flow wp-block-column-is-layout-flow\" style=\"flex-basis:50%\"><div class=\"wp-block-image\">\n<figure class=\"alignright size-full\"><img loading=\"lazy\" decoding=\"async\" width=\"600\" height=\"338\" src=\"https:\/\/sekundi.eu\/wp-content\/uploads\/2023\/02\/equipe-conseil-min.jpeg\" alt=\"\" class=\"wp-image-1860\" srcset=\"https:\/\/sekundi.eu\/wp-content\/uploads\/2023\/02\/equipe-conseil-min.jpeg 600w, https:\/\/sekundi.eu\/wp-content\/uploads\/2023\/02\/equipe-conseil-min-300x169.jpeg 300w\" sizes=\"auto, (max-width: 600px) 100vw, 600px\" \/><\/figure>\n<\/div>\n\n<div class=\"wp-block-image\">\n<figure class=\"alignright size-large\"><img loading=\"lazy\" decoding=\"async\" width=\"1024\" height=\"683\" src=\"https:\/\/sekundi.eu\/wp-content\/uploads\/2023\/01\/accompagnement-recouvrement-1024x683.jpeg\" alt=\"\" class=\"wp-image-1488\" srcset=\"https:\/\/sekundi.eu\/wp-content\/uploads\/2023\/01\/accompagnement-recouvrement-1024x683.jpeg 1024w, https:\/\/sekundi.eu\/wp-content\/uploads\/2023\/01\/accompagnement-recouvrement-300x200.jpeg 300w, https:\/\/sekundi.eu\/wp-content\/uploads\/2023\/01\/accompagnement-recouvrement-768x512.jpeg 768w, https:\/\/sekundi.eu\/wp-content\/uploads\/2023\/01\/accompagnement-recouvrement-1536x1024.jpeg 1536w, https:\/\/sekundi.eu\/wp-content\/uploads\/2023\/01\/accompagnement-recouvrement-2048x1365.jpeg 2048w\" sizes=\"auto, (max-width: 1024px) 100vw, 1024px\" \/><\/figure>\n<\/div><\/div>\n<\/div>\n\n<div style=\"height:50px\" aria-hidden=\"true\" class=\"wp-block-spacer\"><\/div>\n\n<div class=\"wp-block-columns is-layout-flex wp-container-core-columns-is-layout-9d6595d7 wp-block-columns-is-layout-flex\">\n<div class=\"wp-block-column is-vertically-aligned-top is-layout-flow wp-block-column-is-layout-flow\" style=\"flex-basis:50%\"><div class=\"wp-block-image\">\n<figure class=\"alignleft size-large\"><img loading=\"lazy\" decoding=\"async\" width=\"1024\" height=\"682\" src=\"https:\/\/sekundi.eu\/wp-content\/uploads\/2023\/02\/enjeux-relance-commerciale-min-1-1024x682.jpeg\" alt=\"\" class=\"wp-image-1815\" srcset=\"https:\/\/sekundi.eu\/wp-content\/uploads\/2023\/02\/enjeux-relance-commerciale-min-1-1024x682.jpeg 1024w, https:\/\/sekundi.eu\/wp-content\/uploads\/2023\/02\/enjeux-relance-commerciale-min-1-300x200.jpeg 300w, https:\/\/sekundi.eu\/wp-content\/uploads\/2023\/02\/enjeux-relance-commerciale-min-1-768x512.jpeg 768w, https:\/\/sekundi.eu\/wp-content\/uploads\/2023\/02\/enjeux-relance-commerciale-min-1-1536x1024.jpeg 1536w, https:\/\/sekundi.eu\/wp-content\/uploads\/2023\/02\/enjeux-relance-commerciale-min-1.jpeg 2000w\" sizes=\"auto, (max-width: 1024px) 100vw, 1024px\" \/><\/figure>\n<\/div><\/div>\n\n\n\n<div class=\"wp-block-column is-vertically-aligned-top is-layout-flow wp-block-column-is-layout-flow advgb-dyn-30499083\" style=\"flex-basis:50%\">\n<h2 class=\"wp-block-heading\"><strong>Comment mettre en place une strat\u00e9gie efficace de recouvrement des cr\u00e9ances aux Pays-Bas ?<\/strong><\/h2>\n\n\n\n<p class=\"advgb-dyn-ae8bf825\">Pour rendre le recouvrement de cr\u00e9ances efficace aux Pays-Bas, notre partenaire sur place utilise un logiciel de recouvrement de cr\u00e9ances \u00e0 la pointe de la technologie. Ceci, combin\u00e9 \u00e0 des ann\u00e9es d'exp\u00e9rience dans le recouvrement (extra-)judiciaire de cr\u00e9ances, permet \u00e0 Idcas, agence de recouvrement aux Pays-Bas, de repr\u00e9senter vos int\u00e9r\u00eats de mani\u00e8re optimale et d'atteindre un taux de r\u00e9ussite \u00e9lev\u00e9. <\/p>\n<\/div>\n<\/div>\n\n<div style=\"height:50px\" aria-hidden=\"true\" class=\"wp-block-spacer\"><\/div>\n\n<div class=\"wp-block-group alignwide has-marron-background-color has-background\"><div class=\"wp-block-group__inner-container is-layout-constrained wp-block-group-is-layout-constrained\">\n<div style=\"height:30px\" aria-hidden=\"true\" class=\"wp-block-spacer\"><\/div>\n\n\n\n<div class=\"wp-block-columns are-vertically-aligned-center is-layout-flex wp-container-core-columns-is-layout-9d6595d7 wp-block-columns-is-layout-flex\">\n<div class=\"wp-block-column is-vertically-aligned-center is-layout-flow wp-block-column-is-layout-flow\" style=\"flex-basis:66.66%\">\n<p class=\"has-blanc-color has-text-color has-xxlarge-font-size\"><strong>Vous avez un impay\u00e9 \u00e0 l'\u00e9tranger<\/strong> <strong>et n'arrivez pas \u00e0 \u00eatre pay\u00e9 ?<\/strong><\/p>\n<\/div>\n\n\n\n<div class=\"wp-block-column is-vertically-aligned-center is-layout-flow wp-block-column-is-layout-flow\" style=\"flex-basis:33.33%\">\n<div class=\"wp-block-advgb-button aligncenter advgb-dyn-fa800e1c\"><a class=\"wp-block-advgb-button_link advgbbtn-3389c334-824e-4629-ab03-2728b6911537\" href=\"https:\/\/sekundi.eu\/fr\/envoyez-vos-demandes\/\" target=\"_self\" rel=\"noopener noreferrer\"><span><span>D\u00e9posez votre cr\u00e9ance<\/span><\/span><\/a><\/div>\n<\/div>\n<\/div>\n\n\n\n<div style=\"height:30px\" aria-hidden=\"true\" class=\"wp-block-spacer\"><\/div>\n<\/div><\/div>\n\n<div class=\"wp-block-group alignwide network\"><div class=\"wp-block-group__inner-container is-layout-constrained wp-block-group-is-layout-constrained\">\n<div style=\"height:50px\" aria-hidden=\"true\" class=\"wp-block-spacer\"><\/div>\n\n\n\n<p class=\"has-text-align-center marg0 has-marron-clair-color has-text-color has-small-font-size\"><strong>NOTRE R\u00c9SEAU<\/strong><\/p>\n\n\n\n<h2 class=\"has-text-align-center marg0 wp-block-heading\">Pays couverts<\/h2>\n\n\n\n<div style=\"height:30px\" aria-hidden=\"true\" class=\"wp-block-spacer\"><\/div>\n\n\n<ul class='country-sitemap'><li><a href='https:\/\/sekundi.eu\/fr\/amerique-du-sud\/'>Recouvrement de cr\u00e9ances en Am\u00e9rique du Sud<\/a><ul><li><a href='https:\/\/sekundi.eu\/fr\/amerique-du-sud\/recouvrement-de-creances-au-chili\/'><i class='fa-solid fa-map-pin'><\/i>Recouvrement de cr\u00e9ances au Chili<\/a><\/li><li><a href='https:\/\/sekundi.eu\/fr\/amerique-du-sud\/recouvrement-de-creances-au-perou\/'><i class='fa-solid fa-map-pin'><\/i>Recouvrement de cr\u00e9ances au P\u00e9rou<\/a><\/li><\/li><\/ul><\/li><\/ul>\n\n\n\n<div style=\"height:50px\" aria-hidden=\"true\" class=\"wp-block-spacer\"><\/div>\n<\/div><\/div>\n<style class=\"advgb-styles-renderer\">.advgbbtn-3389c334-824e-4629-ab03-2728b6911537{font-size:18px;color:#fff !important;background-color:#7f634b !important;margin:0px 0px 0px 0px !important;padding:10px 30px 10px 30px;border-width:1px !important;border-color:#fff !important;border-style:solid !important;border-radius:50px !important;}.advgbbtn-3389c334-824e-4629-ab03-2728b6911537:hover{color:#7f634b !important;background-color:#fff !important;box-shadow:0px 0px 0px 0px #ccc;opacity:1;transition:all 0s ease;}.advgbbtn-3389c334-824e-4629-ab03-2728b6911537 > i {display: none !important;}.advgbbtn-3389c334-824e-4629-ab03-2728b6911537{font-size:18px;color:#fff !important;background-color:#7f634b !important;margin:0px 0px 0px 0px !important;padding:10px 30px 10px 30px;border-width:1px !important;border-color:#fff !important;border-style:solid !important;border-radius:50px !important;}.advgbbtn-3389c334-824e-4629-ab03-2728b6911537:hover{color:#7f634b !important;background-color:#fff !important;box-shadow:0px 0px 0px 0px #ccc;opacity:1;transition:all 0s ease;}.advgbbtn-3389c334-824e-4629-ab03-2728b6911537 > i {display: none !important;}.advgbbtn-3389c334-824e-4629-ab03-2728b6911537{font-size:18px;color:#fff !important;background-color:#7f634b !important;margin:0px 0px 0px 0px !important;padding:10px 30px 10px 30px;border-width:1px !important;border-color:#fff !important;border-style:solid !important;border-radius:50px !important;}.advgbbtn-3389c334-824e-4629-ab03-2728b6911537:hover{color:#7f634b !important;background-color:#fff !important;box-shadow:0px 0px 0px 0px #ccc;opacity:1;transition:all 0s ease;}.advgbbtn-3389c334-824e-4629-ab03-2728b6911537 > i {display: none !important;}.advgbbtn-3389c334-824e-4629-ab03-2728b6911537{font-size:18px;color:#fff !important;background-color:#7f634b !important;margin:0px 0px 0px 0px !important;padding:10px 30px 10px 30px;border-width:1px !important;border-color:#fff !important;border-style:solid !important;border-radius:50px !important;}.advgbbtn-3389c334-824e-4629-ab03-2728b6911537:hover{color:#7f634b !important;background-color:#fff !important;box-shadow:0px 0px 0px 0px #ccc;opacity:1;transition:all 0s ease;}.advgbbtn-3389c334-824e-4629-ab03-2728b6911537 > i {display: none !important;}<\/style>","protected":false},"excerpt":{"rendered":"<p>Avez-vous une facture impay\u00e9e aux Pays-Bas ? Vous cherchez un partenaire local pour vous aider \u00e0 payer votre facture ? D\u00e9couvrez le recouvrement de cr\u00e9ances aux Pays-Bas gr\u00e2ce au r\u00e9seau international de Sekundi. Quelles sont les proc\u00e9dures l\u00e9gales \u00e0 suivre pour recouvrer des cr\u00e9ances impay\u00e9es aux Pays-Bas ? La proc\u00e9dure de recouvrement aux Pays-Bas peut [&hellip;]<\/p>\n","protected":false},"author":1,"featured_media":0,"parent":1503,"menu_order":305,"comment_status":"closed","ping_status":"closed","template":"","meta":{"advgb_blocks_editor_width":"","advgb_blocks_columns_visual_guide":"","footnotes":""},"class_list":["post-5204","page","type-page","status-publish","hentry"],"yoast_head":"<!-- This site is optimized with the Yoast SEO plugin v27.5 - https:\/\/yoast.com\/product\/yoast-seo-wordpress\/ -->\n<title>International Recouvrement de cr\u00e9ances aux Pays-Bas - R\u00e9clamations aux Pays-Bas<\/title>\n<meta name=\"description\" content=\"Vous avez une facture impay\u00e9e aux Pays-Bas ? D\u00e9couvrez les conseils du r\u00e9seau SEKUNDI pour les entreprises au niveau international.\" \/>\n<meta name=\"robots\" content=\"index, follow, max-snippet:-1, max-image-preview:large, max-video-preview:-1\" \/>\n<link rel=\"canonical\" href=\"https:\/\/sekundi.eu\/fr\/europe\/recouvrement-de-creances-aux-pays-bas\/\" \/>\n<meta property=\"og:locale\" content=\"fr_FR\" \/>\n<meta property=\"og:type\" content=\"article\" \/>\n<meta property=\"og:title\" content=\"International Recouvrement de cr\u00e9ances aux Pays-Bas - R\u00e9clamations aux Pays-Bas\" \/>\n<meta property=\"og:description\" content=\"Vous avez une facture impay\u00e9e aux Pays-Bas ? D\u00e9couvrez les conseils du r\u00e9seau SEKUNDI pour les entreprises au niveau international.\" \/>\n<meta property=\"og:url\" content=\"https:\/\/sekundi.eu\/fr\/europe\/recouvrement-de-creances-aux-pays-bas\/\" \/>\n<meta property=\"og:site_name\" content=\"SEKUNDI\" \/>\n<meta property=\"article:modified_time\" content=\"2025-09-23T14:08:52+00:00\" \/>\n<meta property=\"og:image\" content=\"https:\/\/sekundi.eu\/wp-content\/uploads\/2023\/02\/equipe-conseil-min.jpeg\" \/>\n\t<meta property=\"og:image:width\" content=\"600\" \/>\n\t<meta property=\"og:image:height\" content=\"338\" \/>\n\t<meta property=\"og:image:type\" content=\"image\/jpeg\" \/>\n<meta name=\"twitter:card\" content=\"summary_large_image\" \/>\n<meta name=\"twitter:label1\" content=\"Dur\u00e9e de lecture estim\u00e9e\" \/>\n\t<meta name=\"twitter:data1\" content=\"6 minutes\" \/>\n<script type=\"application\/ld+json\" class=\"yoast-schema-graph\">{\"@context\":\"https:\\\/\\\/schema.org\",\"@graph\":[{\"@type\":\"WebPage\",\"@id\":\"https:\\\/\\\/sekundi.eu\\\/fr\\\/europe\\\/recouvrement-de-creances-aux-pays-bas\\\/\",\"url\":\"https:\\\/\\\/sekundi.eu\\\/fr\\\/europe\\\/recouvrement-de-creances-aux-pays-bas\\\/\",\"name\":\"International Recouvrement de cr\u00e9ances aux Pays-Bas - R\u00e9clamations aux Pays-Bas\",\"isPartOf\":{\"@id\":\"https:\\\/\\\/sekundi.eu\\\/#website\"},\"primaryImageOfPage\":{\"@id\":\"https:\\\/\\\/sekundi.eu\\\/fr\\\/europe\\\/recouvrement-de-creances-aux-pays-bas\\\/#primaryimage\"},\"image\":{\"@id\":\"https:\\\/\\\/sekundi.eu\\\/fr\\\/europe\\\/recouvrement-de-creances-aux-pays-bas\\\/#primaryimage\"},\"thumbnailUrl\":\"https:\\\/\\\/sekundi.eu\\\/wp-content\\\/uploads\\\/2023\\\/02\\\/equipe-conseil-min.jpeg\",\"datePublished\":\"2023-02-02T14:58:26+00:00\",\"dateModified\":\"2025-09-23T14:08:52+00:00\",\"description\":\"Vous avez une facture impay\u00e9e aux Pays-Bas ? D\u00e9couvrez les conseils du r\u00e9seau SEKUNDI pour les entreprises au niveau international.\",\"breadcrumb\":{\"@id\":\"https:\\\/\\\/sekundi.eu\\\/fr\\\/europe\\\/recouvrement-de-creances-aux-pays-bas\\\/#breadcrumb\"},\"inLanguage\":\"fr-FR\",\"potentialAction\":[{\"@type\":\"ReadAction\",\"target\":[\"https:\\\/\\\/sekundi.eu\\\/fr\\\/europe\\\/recouvrement-de-creances-aux-pays-bas\\\/\"]}]},{\"@type\":\"ImageObject\",\"inLanguage\":\"fr-FR\",\"@id\":\"https:\\\/\\\/sekundi.eu\\\/fr\\\/europe\\\/recouvrement-de-creances-aux-pays-bas\\\/#primaryimage\",\"url\":\"https:\\\/\\\/sekundi.eu\\\/wp-content\\\/uploads\\\/2023\\\/02\\\/equipe-conseil-min.jpeg\",\"contentUrl\":\"https:\\\/\\\/sekundi.eu\\\/wp-content\\\/uploads\\\/2023\\\/02\\\/equipe-conseil-min.jpeg\"},{\"@type\":\"BreadcrumbList\",\"@id\":\"https:\\\/\\\/sekundi.eu\\\/fr\\\/europe\\\/recouvrement-de-creances-aux-pays-bas\\\/#breadcrumb\",\"itemListElement\":[{\"@type\":\"ListItem\",\"position\":1,\"name\":\"Accueil\",\"item\":\"https:\\\/\\\/sekundi.eu\\\/fr\\\/\"},{\"@type\":\"ListItem\",\"position\":2,\"name\":\"Recouvrement de cr\u00e9ances en Europe\",\"item\":\"https:\\\/\\\/sekundi.eu\\\/fr\\\/europe\\\/\"},{\"@type\":\"ListItem\",\"position\":3,\"name\":\"Recouvrement de cr\u00e9ances aux Pays-Bas\"}]},{\"@type\":\"WebSite\",\"@id\":\"https:\\\/\\\/sekundi.eu\\\/#website\",\"url\":\"https:\\\/\\\/sekundi.eu\\\/\",\"name\":\"SEKUNDI\",\"description\":\"\",\"publisher\":{\"@id\":\"https:\\\/\\\/sekundi.eu\\\/#organization\"},\"potentialAction\":[{\"@type\":\"SearchAction\",\"target\":{\"@type\":\"EntryPoint\",\"urlTemplate\":\"https:\\\/\\\/sekundi.eu\\\/?s={search_term_string}\"},\"query-input\":{\"@type\":\"PropertyValueSpecification\",\"valueRequired\":true,\"valueName\":\"search_term_string\"}}],\"inLanguage\":\"fr-FR\"},{\"@type\":\"Organization\",\"@id\":\"https:\\\/\\\/sekundi.eu\\\/#organization\",\"name\":\"Sekundi\",\"url\":\"https:\\\/\\\/sekundi.eu\\\/\",\"logo\":{\"@type\":\"ImageObject\",\"inLanguage\":\"fr-FR\",\"@id\":\"https:\\\/\\\/sekundi.eu\\\/#\\\/schema\\\/logo\\\/image\\\/\",\"url\":\"https:\\\/\\\/sekundi.eu\\\/wp-content\\\/uploads\\\/2022\\\/12\\\/logo_sekundi.png\",\"contentUrl\":\"https:\\\/\\\/sekundi.eu\\\/wp-content\\\/uploads\\\/2022\\\/12\\\/logo_sekundi.png\",\"width\":171,\"height\":46,\"caption\":\"Sekundi\"},\"image\":{\"@id\":\"https:\\\/\\\/sekundi.eu\\\/#\\\/schema\\\/logo\\\/image\\\/\"}}]}<\/script>\n<!-- \/ Yoast SEO plugin. -->","yoast_head_json":{"title":"International Recouvrement de cr\u00e9ances aux Pays-Bas - R\u00e9clamations aux Pays-Bas","description":"Vous avez une facture impay\u00e9e aux Pays-Bas ? D\u00e9couvrez les conseils du r\u00e9seau SEKUNDI pour les entreprises au niveau international.","robots":{"index":"index","follow":"follow","max-snippet":"max-snippet:-1","max-image-preview":"max-image-preview:large","max-video-preview":"max-video-preview:-1"},"canonical":"https:\/\/sekundi.eu\/fr\/europe\/recouvrement-de-creances-aux-pays-bas\/","og_locale":"fr_FR","og_type":"article","og_title":"International Recouvrement de cr\u00e9ances aux Pays-Bas - R\u00e9clamations aux Pays-Bas","og_description":"Vous avez une facture impay\u00e9e aux Pays-Bas ? D\u00e9couvrez les conseils du r\u00e9seau SEKUNDI pour les entreprises au niveau international.","og_url":"https:\/\/sekundi.eu\/fr\/europe\/recouvrement-de-creances-aux-pays-bas\/","og_site_name":"SEKUNDI","article_modified_time":"2025-09-23T14:08:52+00:00","og_image":[{"width":600,"height":338,"url":"https:\/\/sekundi.eu\/wp-content\/uploads\/2023\/02\/equipe-conseil-min.jpeg","type":"image\/jpeg"}],"twitter_card":"summary_large_image","twitter_misc":{"Dur\u00e9e de lecture estim\u00e9e":"6 minutes"},"schema":{"@context":"https:\/\/schema.org","@graph":[{"@type":"WebPage","@id":"https:\/\/sekundi.eu\/fr\/europe\/recouvrement-de-creances-aux-pays-bas\/","url":"https:\/\/sekundi.eu\/fr\/europe\/recouvrement-de-creances-aux-pays-bas\/","name":"International Recouvrement de cr\u00e9ances aux Pays-Bas - R\u00e9clamations aux Pays-Bas","isPartOf":{"@id":"https:\/\/sekundi.eu\/#website"},"primaryImageOfPage":{"@id":"https:\/\/sekundi.eu\/fr\/europe\/recouvrement-de-creances-aux-pays-bas\/#primaryimage"},"image":{"@id":"https:\/\/sekundi.eu\/fr\/europe\/recouvrement-de-creances-aux-pays-bas\/#primaryimage"},"thumbnailUrl":"https:\/\/sekundi.eu\/wp-content\/uploads\/2023\/02\/equipe-conseil-min.jpeg","datePublished":"2023-02-02T14:58:26+00:00","dateModified":"2025-09-23T14:08:52+00:00","description":"Vous avez une facture impay\u00e9e aux Pays-Bas ? D\u00e9couvrez les conseils du r\u00e9seau SEKUNDI pour les entreprises au niveau international.","breadcrumb":{"@id":"https:\/\/sekundi.eu\/fr\/europe\/recouvrement-de-creances-aux-pays-bas\/#breadcrumb"},"inLanguage":"fr-FR","potentialAction":[{"@type":"ReadAction","target":["https:\/\/sekundi.eu\/fr\/europe\/recouvrement-de-creances-aux-pays-bas\/"]}]},{"@type":"ImageObject","inLanguage":"fr-FR","@id":"https:\/\/sekundi.eu\/fr\/europe\/recouvrement-de-creances-aux-pays-bas\/#primaryimage","url":"https:\/\/sekundi.eu\/wp-content\/uploads\/2023\/02\/equipe-conseil-min.jpeg","contentUrl":"https:\/\/sekundi.eu\/wp-content\/uploads\/2023\/02\/equipe-conseil-min.jpeg"},{"@type":"BreadcrumbList","@id":"https:\/\/sekundi.eu\/fr\/europe\/recouvrement-de-creances-aux-pays-bas\/#breadcrumb","itemListElement":[{"@type":"ListItem","position":1,"name":"Accueil","item":"https:\/\/sekundi.eu\/fr\/"},{"@type":"ListItem","position":2,"name":"Recouvrement de cr\u00e9ances en Europe","item":"https:\/\/sekundi.eu\/fr\/europe\/"},{"@type":"ListItem","position":3,"name":"Recouvrement de cr\u00e9ances aux Pays-Bas"}]},{"@type":"WebSite","@id":"https:\/\/sekundi.eu\/#website","url":"https:\/\/sekundi.eu\/","name":"SEKUNDI","description":"","publisher":{"@id":"https:\/\/sekundi.eu\/#organization"},"potentialAction":[{"@type":"SearchAction","target":{"@type":"EntryPoint","urlTemplate":"https:\/\/sekundi.eu\/?s={search_term_string}"},"query-input":{"@type":"PropertyValueSpecification","valueRequired":true,"valueName":"search_term_string"}}],"inLanguage":"fr-FR"},{"@type":"Organization","@id":"https:\/\/sekundi.eu\/#organization","name":"Sekundi","url":"https:\/\/sekundi.eu\/","logo":{"@type":"ImageObject","inLanguage":"fr-FR","@id":"https:\/\/sekundi.eu\/#\/schema\/logo\/image\/","url":"https:\/\/sekundi.eu\/wp-content\/uploads\/2022\/12\/logo_sekundi.png","contentUrl":"https:\/\/sekundi.eu\/wp-content\/uploads\/2022\/12\/logo_sekundi.png","width":171,"height":46,"caption":"Sekundi"},"image":{"@id":"https:\/\/sekundi.eu\/#\/schema\/logo\/image\/"}}]}},"coauthors":[],"author_meta":{"author_link":"https:\/\/sekundi.eu\/fr\/author\/sekimageundi\/","display_name":"Les Imageurs"},"relative_dates":{"created":"Publi\u00e9 3 ans il y a","modified":"Mis \u00e0 jour 8 mois il y a"},"absolute_dates":{"created":"Publi\u00e9 le 2 f\u00e9vrier 2023","modified":"Mise \u00e0 jour le 23 septembre 2025"},"absolute_dates_time":{"created":"Publi\u00e9 le 2 f\u00e9vrier 2023 15h58","modified":"Mise \u00e0 jour le 23 septembre 2025 16h08"},"featured_img_caption":"","featured_img":false,"series_order":"","_links":{"self":[{"href":"https:\/\/sekundi.eu\/fr\/wp-json\/wp\/v2\/pages\/5204","targetHints":{"allow":["GET"]}}],"collection":[{"href":"https:\/\/sekundi.eu\/fr\/wp-json\/wp\/v2\/pages"}],"about":[{"href":"https:\/\/sekundi.eu\/fr\/wp-json\/wp\/v2\/types\/page"}],"author":[{"embeddable":true,"href":"https:\/\/sekundi.eu\/fr\/wp-json\/wp\/v2\/users\/1"}],"replies":[{"embeddable":true,"href":"https:\/\/sekundi.eu\/fr\/wp-json\/wp\/v2\/comments?post=5204"}],"version-history":[{"count":5,"href":"https:\/\/sekundi.eu\/fr\/wp-json\/wp\/v2\/pages\/5204\/revisions"}],"predecessor-version":[{"id":7365,"href":"https:\/\/sekundi.eu\/fr\/wp-json\/wp\/v2\/pages\/5204\/revisions\/7365"}],"up":[{"embeddable":true,"href":"https:\/\/sekundi.eu\/fr\/wp-json\/wp\/v2\/pages\/1503"}],"wp:attachment":[{"href":"https:\/\/sekundi.eu\/fr\/wp-json\/wp\/v2\/media?parent=5204"}],"curies":[{"name":"wp","href":"https:\/\/api.w.org\/{rel}","templated":true}]}}