{"id":2355,"date":"2022-12-26T10:00:32","date_gmt":"2022-12-26T09:00:32","guid":{"rendered":"https:\/\/sekundi.eu\/prissetting\/"},"modified":"2023-02-17T15:26:03","modified_gmt":"2023-02-17T14:26:03","slug":"prissetting","status":"publish","type":"page","link":"https:\/\/sekundi.eu\/no\/prissetting\/","title":{"rendered":"Prissetting"},"content":{"rendered":"\n<div class=\"wp-block-columns are-vertically-aligned-center is-layout-flex wp-container-core-columns-is-layout-9d6595d7 wp-block-columns-is-layout-flex\">\n<div class=\"wp-block-column is-vertically-aligned-center is-layout-flow wp-block-column-is-layout-flow\">\n<figure class=\"wp-block-image size-full shadow animated fadeInLeft delay-100ms\"><img loading=\"lazy\" decoding=\"async\" width=\"600\" height=\"400\" src=\"https:\/\/sekundi.eu\/wp-content\/uploads\/2023\/02\/recouvrement-internationnal.jpeg\" alt=\"\" class=\"wp-image-2046\" srcset=\"https:\/\/sekundi.eu\/wp-content\/uploads\/2023\/02\/recouvrement-internationnal.jpeg 600w, https:\/\/sekundi.eu\/wp-content\/uploads\/2023\/02\/recouvrement-internationnal-300x200.jpeg 300w\" sizes=\"auto, (max-width: 600px) 100vw, 600px\" \/><\/figure>\n<\/div>\n\n\n\n<div class=\"wp-block-column is-vertically-aligned-center is-layout-flow wp-block-column-is-layout-flow\">\n<h2 class=\"wp-block-heading\">\u00c9n takst for alle dekkede landene<\/h2>\n\n\n\n<p>Sekundi har \u00e9n tariff for hele Europa, CIS-land, NEMA-regionen, de fleste land i Afrika, Nord-Amerika og deler av S\u00f8r-Amerika.<\/p>\n\n\n\n<p>I disse landene er tariffen basert p\u00e5 et no cure no pay-prinsipp og tariffen er 15 %.<\/p>\n\n\n\n<p>S\u00e5 du betaler bare n\u00e5r vi lykkes, og deretter betaler du 15 % over det innbetalte bel\u00f8pet.<\/p>\n\n\n\n<p>I de andre landene hvor vi kan hjelpe deg, kan vi gi deg et tilbud s\u00e5 snart du ber oss om \u00e5 inndrive en gjeld.<\/p>\n\n\n\n<p>No cure no pay-prinsippet gjelder for den m\u00e5lbare fasen av filen.<\/p>\n\n\n\n<p>Hvis vi m\u00e5 g\u00e5 lovlig, hva vil f\u00f8rst gj\u00f8res etter at klienten gir sin ok, vil det v\u00e6re kostnader involvert; Disse kostnadene vil v\u00e6re gjennomsiktige og kjent for deg f\u00f8r starten av en rettslig prosedyre.<\/p>\n<\/div>\n<\/div>\n\n\n\n<div style=\"height:58px\" aria-hidden=\"true\" class=\"wp-block-spacer\"><\/div>\n\n\n\n<div class=\"wp-block-group alignwide has-marron-background-color has-background\"><div class=\"wp-block-group__inner-container is-layout-constrained wp-block-group-is-layout-constrained\">\n<div style=\"height:30px\" aria-hidden=\"true\" class=\"wp-block-spacer\"><\/div>\n\n\n\n<div class=\"wp-block-columns are-vertically-aligned-center is-layout-flex wp-container-core-columns-is-layout-9d6595d7 wp-block-columns-is-layout-flex\">\n<div class=\"wp-block-column is-vertically-aligned-center is-layout-flow wp-block-column-is-layout-flow\" style=\"flex-basis:66.66%\">\n<p class=\"has-blanc-color has-text-color has-xxlarge-font-size\"><strong>Har du utest\u00e5ende gjeld i et annet land,<\/strong> <strong>og har du problemer med \u00e5 f\u00e5 den betalt?<\/strong><\/p>\n<\/div>\n\n\n\n<div class=\"wp-block-column is-vertically-aligned-center is-layout-flow wp-block-column-is-layout-flow\" style=\"flex-basis:33.33%\">\n<div class=\"wp-block-advgb-button aligncenter advgb-dyn-30c01702\"><a class=\"wp-block-advgb-button_link advgbbtn-3389c334-824e-4629-ab03-2728b6911537\" href=\"https:\/\/sekundi.eu\/no\/send-dine-krav\/\" target=\"_self\" rel=\"noopener noreferrer\"><span><span>Send inn kravet ditt<\/span><\/span><\/a><\/div>\n<\/div>\n<\/div>\n\n\n\n<div style=\"height:30px\" aria-hidden=\"true\" class=\"wp-block-spacer\"><\/div>\n<\/div><\/div>\n\n\n\n<div class=\"wp-block-group alignwide network\"><div class=\"wp-block-group__inner-container is-layout-constrained wp-block-group-is-layout-constrained\">\n<div style=\"height:50px\" aria-hidden=\"true\" class=\"wp-block-spacer\"><\/div>\n\n\n\n<p class=\"has-text-align-center marg0 has-marron-clair-color has-text-color has-small-font-size\"><strong>V\u00c5RT NETTVERK<\/strong><\/p>\n\n\n\n<h2 class=\"has-text-align-center marg0 wp-block-heading\">Dekkede land<\/h2>\n\n\n\n<div style=\"height:30px\" aria-hidden=\"true\" class=\"wp-block-spacer\"><\/div>\n\n\n<ul class='country-sitemap'><li><a href='https:\/\/sekundi.eu\/no\/sor-amerika\/'>Inkasso i S\u00f8r-Amerika<\/a><ul><li><a href='https:\/\/sekundi.eu\/no\/sor-amerika\/inkasso-i-chile\/'><i class='fa-solid fa-map-pin'><\/i>Inkasso i Chile<\/a><\/li><li><a href='https:\/\/sekundi.eu\/no\/sor-amerika\/inkasso-i-peru\/'><i class='fa-solid fa-map-pin'><\/i>Inkasso i Peru<\/a><\/li><\/li><\/ul><\/li><\/ul>\n\n\n\n<div style=\"height:50px\" aria-hidden=\"true\" class=\"wp-block-spacer\"><\/div>\n<\/div><\/div>\n<style class=\"advgb-styles-renderer\">.advgbbtn-3389c334-824e-4629-ab03-2728b6911537{font-size:18px;color:#fff !important;background-color:#7f634b !important;margin:0px 0px 0px 0px !important;padding:10px 30px 10px 30px;border-width:1px !important;border-color:#fff !important;border-style:solid !important;border-radius:50px !important;}.advgbbtn-3389c334-824e-4629-ab03-2728b6911537:hover{color:#7f634b !important;background-color:#fff !important;box-shadow:0px 0px 0px 0px #ccc;opacity:1;transition:all 0s ease;}.advgbbtn-3389c334-824e-4629-ab03-2728b6911537 > i {display: none !important;}.advgbbtn-3389c334-824e-4629-ab03-2728b6911537{font-size:18px;color:#fff !important;background-color:#7f634b !important;margin:0px 0px 0px 0px !important;padding:10px 30px 10px 30px;border-width:1px !important;border-color:#fff !important;border-style:solid !important;border-radius:50px !important;}.advgbbtn-3389c334-824e-4629-ab03-2728b6911537:hover{color:#7f634b !important;background-color:#fff !important;box-shadow:0px 0px 0px 0px #ccc;opacity:1;transition:all 0s ease;}.advgbbtn-3389c334-824e-4629-ab03-2728b6911537 > i {display: none !important;}.advgbbtn-3389c334-824e-4629-ab03-2728b6911537{font-size:18px;color:#fff !important;background-color:#7f634b !important;margin:0px 0px 0px 0px !important;padding:10px 30px 10px 30px;border-width:1px !important;border-color:#fff !important;border-style:solid !important;border-radius:50px !important;}.advgbbtn-3389c334-824e-4629-ab03-2728b6911537:hover{color:#7f634b !important;background-color:#fff !important;box-shadow:0px 0px 0px 0px #ccc;opacity:1;transition:all 0s ease;}.advgbbtn-3389c334-824e-4629-ab03-2728b6911537 > i {display: none !important;}.advgbbtn-3389c334-824e-4629-ab03-2728b6911537{font-size:18px;color:#fff !important;background-color:#7f634b !important;margin:0px 0px 0px 0px !important;padding:10px 30px 10px 30px;border-width:1px !important;border-color:#fff !important;border-style:solid !important;border-radius:50px !important;}.advgbbtn-3389c334-824e-4629-ab03-2728b6911537:hover{color:#7f634b !important;background-color:#fff !important;box-shadow:0px 0px 0px 0px #ccc;opacity:1;transition:all 0s ease;}.advgbbtn-3389c334-824e-4629-ab03-2728b6911537 > i {display: none !important;}<\/style>","protected":false},"excerpt":{"rendered":"<p>\u00c9n takst for alle dekkede landene Sekundi har \u00e9n tariff for hele Europa, CIS-land, NEMA-regionen, de fleste land i Afrika, Nord-Amerika og deler av S\u00f8r-Amerika. I disse landene er tariffen basert p\u00e5 et no cure no pay-prinsipp og tariffen er 15 %. S\u00e5 du betaler bare n\u00e5r vi lykkes, og deretter betaler du 15 % [&hellip;]<\/p>\n","protected":false},"author":1,"featured_media":0,"parent":0,"menu_order":66,"comment_status":"closed","ping_status":"closed","template":"","meta":{"advgb_blocks_editor_width":"","advgb_blocks_columns_visual_guide":"","footnotes":""},"class_list":["post-2355","page","type-page","status-publish","hentry"],"yoast_head":"<!-- This site is optimized with the Yoast SEO plugin v27.5 - https:\/\/yoast.com\/product\/yoast-seo-wordpress\/ -->\n<title>Prissetting - Internasjonal gjeldsinnkreving<\/title>\n<meta name=\"description\" content=\"Sekundi har \u00e9n tariff for hele Europa, SUS-landene, NEMA-regionen, de fleste land i Afrika, Nord-Amerika og deler av S\u00f8r-Amerika.\" \/>\n<meta name=\"robots\" content=\"index, follow, max-snippet:-1, max-image-preview:large, max-video-preview:-1\" \/>\n<link rel=\"canonical\" href=\"https:\/\/sekundi.eu\/no\/prissetting\/\" \/>\n<meta property=\"og:locale\" content=\"nb_NO\" \/>\n<meta property=\"og:type\" content=\"article\" \/>\n<meta property=\"og:title\" content=\"Prissetting - Internasjonal gjeldsinnkreving\" \/>\n<meta property=\"og:description\" content=\"Sekundi har \u00e9n tariff for hele Europa, SUS-landene, NEMA-regionen, de fleste land i Afrika, Nord-Amerika og deler av S\u00f8r-Amerika.\" \/>\n<meta property=\"og:url\" content=\"https:\/\/sekundi.eu\/no\/prissetting\/\" \/>\n<meta property=\"og:site_name\" content=\"SEKUNDI\" \/>\n<meta property=\"article:modified_time\" content=\"2023-02-17T14:26:03+00:00\" \/>\n<meta property=\"og:image\" content=\"https:\/\/sekundi.eu\/wp-content\/uploads\/2023\/02\/recouvrement-internationnal.jpeg\" \/>\n<meta name=\"twitter:card\" content=\"summary_large_image\" \/>\n<meta name=\"twitter:label1\" content=\"Ansl. lesetid\" \/>\n\t<meta name=\"twitter:data1\" content=\"1 minutt\" \/>\n<script type=\"application\/ld+json\" class=\"yoast-schema-graph\">{\"@context\":\"https:\\\/\\\/schema.org\",\"@graph\":[{\"@type\":\"WebPage\",\"@id\":\"https:\\\/\\\/sekundi.eu\\\/no\\\/prissetting\\\/\",\"url\":\"https:\\\/\\\/sekundi.eu\\\/no\\\/prissetting\\\/\",\"name\":\"Prissetting - Internasjonal gjeldsinnkreving\",\"isPartOf\":{\"@id\":\"https:\\\/\\\/sekundi.eu\\\/#website\"},\"primaryImageOfPage\":{\"@id\":\"https:\\\/\\\/sekundi.eu\\\/no\\\/prissetting\\\/#primaryimage\"},\"image\":{\"@id\":\"https:\\\/\\\/sekundi.eu\\\/no\\\/prissetting\\\/#primaryimage\"},\"thumbnailUrl\":\"https:\\\/\\\/sekundi.eu\\\/wp-content\\\/uploads\\\/2023\\\/02\\\/recouvrement-internationnal.jpeg\",\"datePublished\":\"2022-12-26T09:00:32+00:00\",\"dateModified\":\"2023-02-17T14:26:03+00:00\",\"description\":\"Sekundi har \u00e9n tariff for hele Europa, SUS-landene, NEMA-regionen, de fleste land i Afrika, Nord-Amerika og deler av S\u00f8r-Amerika.\",\"breadcrumb\":{\"@id\":\"https:\\\/\\\/sekundi.eu\\\/no\\\/prissetting\\\/#breadcrumb\"},\"inLanguage\":\"nb-NO\",\"potentialAction\":[{\"@type\":\"ReadAction\",\"target\":[\"https:\\\/\\\/sekundi.eu\\\/no\\\/prissetting\\\/\"]}]},{\"@type\":\"ImageObject\",\"inLanguage\":\"nb-NO\",\"@id\":\"https:\\\/\\\/sekundi.eu\\\/no\\\/prissetting\\\/#primaryimage\",\"url\":\"https:\\\/\\\/sekundi.eu\\\/wp-content\\\/uploads\\\/2023\\\/02\\\/recouvrement-internationnal.jpeg\",\"contentUrl\":\"https:\\\/\\\/sekundi.eu\\\/wp-content\\\/uploads\\\/2023\\\/02\\\/recouvrement-internationnal.jpeg\"},{\"@type\":\"BreadcrumbList\",\"@id\":\"https:\\\/\\\/sekundi.eu\\\/no\\\/prissetting\\\/#breadcrumb\",\"itemListElement\":[{\"@type\":\"ListItem\",\"position\":1,\"name\":\"Accueil\",\"item\":\"https:\\\/\\\/sekundi.eu\\\/no\\\/\"},{\"@type\":\"ListItem\",\"position\":2,\"name\":\"Prissetting\"}]},{\"@type\":\"WebSite\",\"@id\":\"https:\\\/\\\/sekundi.eu\\\/#website\",\"url\":\"https:\\\/\\\/sekundi.eu\\\/\",\"name\":\"SEKUNDI\",\"description\":\"\",\"publisher\":{\"@id\":\"https:\\\/\\\/sekundi.eu\\\/#organization\"},\"potentialAction\":[{\"@type\":\"SearchAction\",\"target\":{\"@type\":\"EntryPoint\",\"urlTemplate\":\"https:\\\/\\\/sekundi.eu\\\/?s={search_term_string}\"},\"query-input\":{\"@type\":\"PropertyValueSpecification\",\"valueRequired\":true,\"valueName\":\"search_term_string\"}}],\"inLanguage\":\"nb-NO\"},{\"@type\":\"Organization\",\"@id\":\"https:\\\/\\\/sekundi.eu\\\/#organization\",\"name\":\"Sekundi\",\"url\":\"https:\\\/\\\/sekundi.eu\\\/\",\"logo\":{\"@type\":\"ImageObject\",\"inLanguage\":\"nb-NO\",\"@id\":\"https:\\\/\\\/sekundi.eu\\\/#\\\/schema\\\/logo\\\/image\\\/\",\"url\":\"https:\\\/\\\/sekundi.eu\\\/wp-content\\\/uploads\\\/2022\\\/12\\\/logo_sekundi.png\",\"contentUrl\":\"https:\\\/\\\/sekundi.eu\\\/wp-content\\\/uploads\\\/2022\\\/12\\\/logo_sekundi.png\",\"width\":171,\"height\":46,\"caption\":\"Sekundi\"},\"image\":{\"@id\":\"https:\\\/\\\/sekundi.eu\\\/#\\\/schema\\\/logo\\\/image\\\/\"}}]}<\/script>\n<!-- \/ Yoast SEO plugin. -->","yoast_head_json":{"title":"Prissetting - Internasjonal gjeldsinnkreving","description":"Sekundi har \u00e9n tariff for hele Europa, SUS-landene, NEMA-regionen, de fleste land i Afrika, Nord-Amerika og deler av S\u00f8r-Amerika.","robots":{"index":"index","follow":"follow","max-snippet":"max-snippet:-1","max-image-preview":"max-image-preview:large","max-video-preview":"max-video-preview:-1"},"canonical":"https:\/\/sekundi.eu\/no\/prissetting\/","og_locale":"nb_NO","og_type":"article","og_title":"Prissetting - Internasjonal gjeldsinnkreving","og_description":"Sekundi har \u00e9n tariff for hele Europa, SUS-landene, NEMA-regionen, de fleste land i Afrika, Nord-Amerika og deler av S\u00f8r-Amerika.","og_url":"https:\/\/sekundi.eu\/no\/prissetting\/","og_site_name":"SEKUNDI","article_modified_time":"2023-02-17T14:26:03+00:00","og_image":[{"url":"https:\/\/sekundi.eu\/wp-content\/uploads\/2023\/02\/recouvrement-internationnal.jpeg","type":"","width":"","height":""}],"twitter_card":"summary_large_image","twitter_misc":{"Ansl. lesetid":"1 minutt"},"schema":{"@context":"https:\/\/schema.org","@graph":[{"@type":"WebPage","@id":"https:\/\/sekundi.eu\/no\/prissetting\/","url":"https:\/\/sekundi.eu\/no\/prissetting\/","name":"Prissetting - Internasjonal gjeldsinnkreving","isPartOf":{"@id":"https:\/\/sekundi.eu\/#website"},"primaryImageOfPage":{"@id":"https:\/\/sekundi.eu\/no\/prissetting\/#primaryimage"},"image":{"@id":"https:\/\/sekundi.eu\/no\/prissetting\/#primaryimage"},"thumbnailUrl":"https:\/\/sekundi.eu\/wp-content\/uploads\/2023\/02\/recouvrement-internationnal.jpeg","datePublished":"2022-12-26T09:00:32+00:00","dateModified":"2023-02-17T14:26:03+00:00","description":"Sekundi har \u00e9n tariff for hele Europa, SUS-landene, NEMA-regionen, de fleste land i Afrika, Nord-Amerika og deler av S\u00f8r-Amerika.","breadcrumb":{"@id":"https:\/\/sekundi.eu\/no\/prissetting\/#breadcrumb"},"inLanguage":"nb-NO","potentialAction":[{"@type":"ReadAction","target":["https:\/\/sekundi.eu\/no\/prissetting\/"]}]},{"@type":"ImageObject","inLanguage":"nb-NO","@id":"https:\/\/sekundi.eu\/no\/prissetting\/#primaryimage","url":"https:\/\/sekundi.eu\/wp-content\/uploads\/2023\/02\/recouvrement-internationnal.jpeg","contentUrl":"https:\/\/sekundi.eu\/wp-content\/uploads\/2023\/02\/recouvrement-internationnal.jpeg"},{"@type":"BreadcrumbList","@id":"https:\/\/sekundi.eu\/no\/prissetting\/#breadcrumb","itemListElement":[{"@type":"ListItem","position":1,"name":"Accueil","item":"https:\/\/sekundi.eu\/no\/"},{"@type":"ListItem","position":2,"name":"Prissetting"}]},{"@type":"WebSite","@id":"https:\/\/sekundi.eu\/#website","url":"https:\/\/sekundi.eu\/","name":"SEKUNDI","description":"","publisher":{"@id":"https:\/\/sekundi.eu\/#organization"},"potentialAction":[{"@type":"SearchAction","target":{"@type":"EntryPoint","urlTemplate":"https:\/\/sekundi.eu\/?s={search_term_string}"},"query-input":{"@type":"PropertyValueSpecification","valueRequired":true,"valueName":"search_term_string"}}],"inLanguage":"nb-NO"},{"@type":"Organization","@id":"https:\/\/sekundi.eu\/#organization","name":"Sekundi","url":"https:\/\/sekundi.eu\/","logo":{"@type":"ImageObject","inLanguage":"nb-NO","@id":"https:\/\/sekundi.eu\/#\/schema\/logo\/image\/","url":"https:\/\/sekundi.eu\/wp-content\/uploads\/2022\/12\/logo_sekundi.png","contentUrl":"https:\/\/sekundi.eu\/wp-content\/uploads\/2022\/12\/logo_sekundi.png","width":171,"height":46,"caption":"Sekundi"},"image":{"@id":"https:\/\/sekundi.eu\/#\/schema\/logo\/image\/"}}]}},"coauthors":[],"author_meta":{"author_link":"https:\/\/sekundi.eu\/no\/author\/sekimageundi\/","display_name":"Les Imageurs"},"relative_dates":{"created":"Publisert 3 \u00e5r siden","modified":"Oppdatert 3 \u00e5r siden"},"absolute_dates":{"created":"Publisert 26. desember 2022","modified":"Oppdatert 17. februar 2023"},"absolute_dates_time":{"created":"Publisert 26. desember 2022 10:00","modified":"Oppdatert 17. februar 2023 15:26"},"featured_img_caption":"","featured_img":false,"series_order":"","_links":{"self":[{"href":"https:\/\/sekundi.eu\/no\/wp-json\/wp\/v2\/pages\/2355","targetHints":{"allow":["GET"]}}],"collection":[{"href":"https:\/\/sekundi.eu\/no\/wp-json\/wp\/v2\/pages"}],"about":[{"href":"https:\/\/sekundi.eu\/no\/wp-json\/wp\/v2\/types\/page"}],"author":[{"embeddable":true,"href":"https:\/\/sekundi.eu\/no\/wp-json\/wp\/v2\/users\/1"}],"replies":[{"embeddable":true,"href":"https:\/\/sekundi.eu\/no\/wp-json\/wp\/v2\/comments?post=2355"}],"version-history":[{"count":2,"href":"https:\/\/sekundi.eu\/no\/wp-json\/wp\/v2\/pages\/2355\/revisions"}],"predecessor-version":[{"id":6384,"href":"https:\/\/sekundi.eu\/no\/wp-json\/wp\/v2\/pages\/2355\/revisions\/6384"}],"wp:attachment":[{"href":"https:\/\/sekundi.eu\/no\/wp-json\/wp\/v2\/media?parent=2355"}],"curies":[{"name":"wp","href":"https:\/\/api.w.org\/{rel}","templated":true}]}}