{"id":2396,"date":"2022-12-26T09:59:57","date_gmt":"2022-12-26T08:59:57","guid":{"rendered":"https:\/\/sekundi.eu\/sekundi\/"},"modified":"2025-01-07T16:44:18","modified_gmt":"2025-01-07T15:44:18","slug":"sekundi","status":"publish","type":"page","link":"https:\/\/sekundi.eu\/no\/sekundi\/","title":{"rendered":"Sekundi : Inkasso over hele verden"},"content":{"rendered":"\n<div style=\"height:30px\" aria-hidden=\"true\" class=\"wp-block-spacer\"><\/div>\n\n\n\n<div style=\"height:30px\" aria-hidden=\"true\" class=\"wp-block-spacer\"><\/div>\n\n\n\n<div class=\"wp-block-columns is-layout-flex wp-container-core-columns-is-layout-9d6595d7 wp-block-columns-is-layout-flex\">\n<div class=\"wp-block-column animated fadeIn delay-100ms is-layout-flow wp-block-column-is-layout-flow\">\n<p class=\"has-marron-clair-color has-text-color has-small-font-size\"><strong>INTERNASJONAL INDRASJON<\/strong><\/p>\n\n\n\n<h2 class=\"wp-block-heading marg0\" id=\"debt-collection-worldwide-69394841-8e5e-43bb-8c94-ebd49164984b\"><strong>Inkasso over hele verden<\/strong><\/h2>\n\n\n\n<p>V\u00e5re lokale eksperter stoler p\u00e5 mange \u00e5rs erfaring og garanterer effektiv innkreving av gjelden din. Sekundi kan tilby minnelig inkasso samt omtvistet inkasso ved hjelp av rettslige skritt.<\/p>\n\n\n\n<p>Sekundi gj\u00f8r det en \u00e6re \u00e5 behandle skyldnere rettferdig, selv om de selv har unnlatt \u00e5 honorere betalingen av fakturaer, for ikke \u00e5 sette det kommersielle forholdet du dyrker med dine kunder i fare.<\/p>\n\n\n\n<div style=\"height:30px\" aria-hidden=\"true\" class=\"wp-block-spacer\"><\/div>\n\n\n\n<div class=\"wp-block-advgb-button alignnone\"><a class=\"wp-block-advgb-button_link advgbbtn-c527b67f-5019-46e5-a44e-39326bb26383\" href=\"https:\/\/sekundi.eu\/contact\/\" target=\"_self\" rel=\"noopener noreferrer\"><span>Kontakt oss<\/span><\/a><\/div>\n<\/div>\n\n\n\n<div class=\"wp-block-column animated fadeInUp delay-1s is-layout-flow wp-block-column-is-layout-flow\">\n<figure class=\"wp-block-embed is-type-video is-provider-youtube wp-block-embed-youtube wp-embed-aspect-4-3 wp-has-aspect-ratio\"><div class=\"wp-block-embed__wrapper\">\n<iframe loading=\"lazy\" title=\"Sekundi network\" width=\"500\" height=\"375\" src=\"https:\/\/www.youtube.com\/embed\/ZscblyRS6uQ?feature=oembed\" frameborder=\"0\" allow=\"accelerometer; autoplay; clipboard-write; encrypted-media; gyroscope; picture-in-picture; web-share\" referrerpolicy=\"strict-origin-when-cross-origin\" allowfullscreen><\/iframe>\n<\/div><\/figure>\n<\/div>\n<\/div>\n\n\n\n<div style=\"height:50px\" aria-hidden=\"true\" class=\"wp-block-spacer\"><\/div>\n\n\n\n<div class=\"wp-block-columns is-layout-flex wp-container-core-columns-is-layout-9d6595d7 wp-block-columns-is-layout-flex\">\n<div class=\"wp-block-column animated fadeIn delay-200ms is-layout-flow wp-block-column-is-layout-flow\">\n<figure class=\"wp-block-image size-full\"><img loading=\"lazy\" decoding=\"async\" width=\"600\" height=\"400\" src=\"https:\/\/sekundi.eu\/wp-content\/uploads\/2023\/02\/pourquoi-les-services-ssp-collect-min.jpeg\" alt=\"\" class=\"wp-image-1843\" srcset=\"https:\/\/sekundi.eu\/wp-content\/uploads\/2023\/02\/pourquoi-les-services-ssp-collect-min.jpeg 600w, https:\/\/sekundi.eu\/wp-content\/uploads\/2023\/02\/pourquoi-les-services-ssp-collect-min-300x200.jpeg 300w\" sizes=\"auto, (max-width: 600px) 100vw, 600px\" \/><\/figure>\n<\/div>\n\n\n\n<div class=\"wp-block-column animated fadeIn delay-200ms is-layout-flow wp-block-column-is-layout-flow\">\n<h3 class=\"wp-block-heading marg0\">B2B innkreving av ubetalte fakturaer<\/h3>\n\n\n\n<p><strong>For gjeld som faller inn under Business-to-Business,<\/strong><\/p>\n\n\n\n<p>to viktige punkter b\u00f8r huskes: en rask, umiddelbar tiln\u00e6rming og vurdering av de spesifikke kravene til din bedrift.<\/p>\n\n\n\n<p>Selv om vi fokuserer p\u00e5 \u00e5 inndrive gjelden din, forlater vi aldri v\u00e5re prinsipper om respekt og etikk, og lar deg dermed fortsette ditt kommersielle forhold til skyldneren. Dette er grunnen til at mange firmaer, uavhengig av st\u00f8rrelse, overlater oss til \u00e5 administrere deres kommersielle gjeldsforvaltning og innkreving av deres ubetalte fakturaer.<\/p>\n\n\n\n<div class=\"wp-block-advgb-accordions advgb-accordions-e153ec97-7ee2-4f7c-b845-b113a953c3dc advgb-accordion-wrapper\" data-collapsed=\"true\">\n<div class=\"wp-block-advgb-accordion-item advgb-accordion-item\" style=\"margin-bottom:15px\"><div class=\"advgb-accordion-header\" style=\"background-color:#000;color:#eee;border-style:solid;border-width:1px;border-radius:2px\"><span class=\"advgb-accordion-header-icon\"><svg fill=\"#fff\" xmlns=\"http:\/\/www.w3.org\/2000\/svg\" width=\"24\" height=\"24\" viewBox=\"0 0 24 24\"><path fill=\"none\" d=\"M0,0h24v24H0V0z\"><\/path><path d=\"M12,5.83L15.17,9l1.41-1.41L12,3L7.41,7.59L8.83,9L12,5.83z M12,18.17L8.83,15l-1.41,1.41L12,21l4.59-4.59L15.17,15 L12,18.17z\"><\/path><\/svg><\/span><h4 class=\"advgb-accordion-header-title\" style=\"color:inherit\">Header text<\/h4><\/div><div class=\"advgb-accordion-body\" style=\"border-style:solid !important;border-width:1px !important;border-color:undefined !important;border-top:none !important;border-radius:2px !important\"><\/div><\/div>\n<\/div>\n<\/div>\n<\/div>\n\n\n\n<div style=\"height:75px\" aria-hidden=\"true\" class=\"wp-block-spacer\"><\/div>\n\n\n\n<div class=\"wp-block-columns is-layout-flex wp-container-core-columns-is-layout-9d6595d7 wp-block-columns-is-layout-flex\">\n<div class=\"wp-block-column is-layout-flow wp-block-column-is-layout-flow\">\n<h3 class=\"wp-block-heading marg0\">B2C inkasso<\/h3>\n\n\n\n<p><strong>Fallende kj\u00f8pekraft og et \u00f8kende antall d\u00e5rlige betalere er to av v\u00e5r tids definerende fenomener.<\/strong><\/p>\n\n\n\n<p>Innenfor B2C m\u00e5 bedrifter derfor h\u00e5ndtere stadig senere betalinger, med stadig \u00f8kende kundeansvar og med hver mer alvorlig mislighold. N\u00e5r den \u00f8konomiske konteksten er vanskelig og konkurransen blir stadig mer skarp, er det viktig i gjeldsforvaltningen at eventuelle inkassoprosesser er raske og effektive og informasjon om kundens soliditet er oppdatert.<\/p>\n\n\n\n<p>For \u00e5 administrere kundefordringer p\u00e5 en vellykket m\u00e5te, m\u00e5 to faktorer komme sammen: effektive verkt\u00f8y og folk som vet hvordan de skal bruke dem med profesjonalitet og behendighet.<\/p>\n\n\n\n<p>V\u00e5r spesialisering garanterer rask inkasso og reduserer derfor gjelden. Desto mer n\u00e5r gjelden flagges raskt, uten forsinkelser.<\/p>\n\n\n\n<p>Fra lokalisering av adressen, gjennomf\u00f8ring av nettbasert etterforskning av solvens og kommersiell etterretning, til minnelig og omstridt innsamling: vi kan gi deg informasjonen og tjenestene du trenger for \u00e5 \u00f8ke den generelle ytelsen og fors\u00f8ke \u00e5 forhindre betalingsmislighold. Vi er din kompetente kontakt n\u00e5r det gjelder inkassol\u00f8sninger og soliditetsvurderinger i B2C-sektoren.<\/p>\n\n\n\n<div class=\"wp-block-advgb-accordions advgb-accordions-f369d9d9-01f4-47e4-b9da-e0fef1bfb5ff advgb-accordion-wrapper\" data-collapsed=\"true\">\n<div class=\"wp-block-advgb-accordion-item advgb-accordion-item\" style=\"margin-bottom:15px\"><div class=\"advgb-accordion-header\" style=\"background-color:#000;color:#eee;border-style:solid;border-width:1px;border-radius:2px\"><span class=\"advgb-accordion-header-icon\"><svg fill=\"#fff\" xmlns=\"http:\/\/www.w3.org\/2000\/svg\" width=\"24\" height=\"24\" viewBox=\"0 0 24 24\"><path fill=\"none\" d=\"M0,0h24v24H0V0z\"><\/path><path d=\"M12,5.83L15.17,9l1.41-1.41L12,3L7.41,7.59L8.83,9L12,5.83z M12,18.17L8.83,15l-1.41,1.41L12,21l4.59-4.59L15.17,15 L12,18.17z\"><\/path><\/svg><\/span><h4 class=\"advgb-accordion-header-title\" style=\"color:inherit\">Header text<\/h4><\/div><div class=\"advgb-accordion-body\" style=\"border-style:solid !important;border-width:1px !important;border-color:undefined !important;border-top:none !important;border-radius:2px !important\"><\/div><\/div>\n<\/div>\n<\/div>\n\n\n\n<div class=\"wp-block-column is-layout-flow wp-block-column-is-layout-flow\">\n<figure class=\"wp-block-image size-full\"><img loading=\"lazy\" decoding=\"async\" width=\"600\" height=\"399\" src=\"https:\/\/sekundi.eu\/wp-content\/uploads\/2023\/02\/chequeasy-1-min.jpeg\" alt=\"\" class=\"wp-image-1849\" srcset=\"https:\/\/sekundi.eu\/wp-content\/uploads\/2023\/02\/chequeasy-1-min.jpeg 600w, https:\/\/sekundi.eu\/wp-content\/uploads\/2023\/02\/chequeasy-1-min-300x200.jpeg 300w\" sizes=\"auto, (max-width: 600px) 100vw, 600px\" \/><\/figure>\n\n\n\n<figure class=\"wp-block-image size-full\"><img loading=\"lazy\" decoding=\"async\" width=\"602\" height=\"400\" src=\"https:\/\/sekundi.eu\/wp-content\/uploads\/2023\/02\/Soft-collect-entete.jpeg\" alt=\"\" class=\"wp-image-1832\" srcset=\"https:\/\/sekundi.eu\/wp-content\/uploads\/2023\/02\/Soft-collect-entete.jpeg 602w, https:\/\/sekundi.eu\/wp-content\/uploads\/2023\/02\/Soft-collect-entete-300x199.jpeg 300w\" sizes=\"auto, (max-width: 602px) 100vw, 602px\" \/><\/figure>\n<\/div>\n<\/div>\n\n\n\n<div style=\"height:50px\" aria-hidden=\"true\" class=\"wp-block-spacer\"><\/div>\n\n\n\n<div class=\"wp-block-group alignwide has-marron-background-color has-background\"><div class=\"wp-block-group__inner-container is-layout-constrained wp-block-group-is-layout-constrained\">\n<div style=\"height:30px\" aria-hidden=\"true\" class=\"wp-block-spacer\"><\/div>\n\n\n\n<div class=\"wp-block-columns are-vertically-aligned-center is-layout-flex wp-container-core-columns-is-layout-9d6595d7 wp-block-columns-is-layout-flex\">\n<div class=\"wp-block-column is-vertically-aligned-center is-layout-flow wp-block-column-is-layout-flow\" style=\"flex-basis:66.66%\">\n<p class=\"has-blanc-color has-text-color has-xxlarge-font-size\"><strong>Har du utest\u00e5ende gjeld i et annet land,<\/strong> <strong>og har du problemer med \u00e5 f\u00e5 den betalt?<\/strong><\/p>\n<\/div>\n\n\n\n<div class=\"wp-block-column is-vertically-aligned-center is-layout-flow wp-block-column-is-layout-flow\" style=\"flex-basis:33.33%\">\n<div class=\"wp-block-advgb-button aligncenter advgb-dyn-30c01702\"><a class=\"wp-block-advgb-button_link advgbbtn-3389c334-824e-4629-ab03-2728b6911537\" href=\"https:\/\/sekundi.eu\/no\/send-dine-krav\/\" target=\"_self\" rel=\"noopener noreferrer\"><span><span>Send inn kravet ditt<\/span><\/span><\/a><\/div>\n<\/div>\n<\/div>\n\n\n\n<div style=\"height:30px\" aria-hidden=\"true\" class=\"wp-block-spacer\"><\/div>\n<\/div><\/div>\n\n\n\n<div class=\"wp-block-group alignwide network\"><div class=\"wp-block-group__inner-container is-layout-constrained wp-block-group-is-layout-constrained\">\n<div style=\"height:50px\" aria-hidden=\"true\" class=\"wp-block-spacer\"><\/div>\n\n\n\n<p class=\"has-text-align-center marg0 has-marron-clair-color has-text-color has-small-font-size\"><strong>V\u00c5RT NETTVERK<\/strong><\/p>\n\n\n\n<h2 class=\"has-text-align-center marg0 wp-block-heading\">Dekkede land<\/h2>\n\n\n\n<div style=\"height:30px\" aria-hidden=\"true\" class=\"wp-block-spacer\"><\/div>\n\n\n<ul class='country-sitemap'><li><a href='https:\/\/sekundi.eu\/no\/sor-amerika\/'>Inkasso i S\u00f8r-Amerika<\/a><ul><li><a href='https:\/\/sekundi.eu\/no\/sor-amerika\/inkasso-i-chile\/'><i class='fa-solid fa-map-pin'><\/i>Inkasso i Chile<\/a><\/li><li><a href='https:\/\/sekundi.eu\/no\/sor-amerika\/inkasso-i-peru\/'><i class='fa-solid fa-map-pin'><\/i>Inkasso i Peru<\/a><\/li><\/li><\/ul><\/li><\/ul>\n\n\n\n<div style=\"height:50px\" aria-hidden=\"true\" class=\"wp-block-spacer\"><\/div>\n<\/div><\/div>\n<style class=\"advgb-styles-renderer\">.advgbbtn-c527b67f-5019-46e5-a44e-39326bb26383{font-size:18px;color:#2f2f2f !important;background-color:#fff !important;margin:0px 0px 0px 0px !important;padding:10px 30px 10px 30px;border-width:3px !important;border-color:#dde3e9 !important;border-style:solid !important;border-radius:50px !important;}.advgbbtn-c527b67f-5019-46e5-a44e-39326bb26383:hover{background-color:#dde3e9 !important;box-shadow:0px 0px 0px 0px #ccc;opacity:1;transition:all 0.2s ease;}.advgbbtn-c527b67f-5019-46e5-a44e-39326bb26383 > i {display: none !important;}.advgbbtn-3389c334-824e-4629-ab03-2728b6911537{font-size:18px;color:#fff !important;background-color:#7f634b !important;margin:0px 0px 0px 0px !important;padding:10px 30px 10px 30px;border-width:1px !important;border-color:#fff !important;border-style:solid !important;border-radius:50px !important;}.advgbbtn-3389c334-824e-4629-ab03-2728b6911537:hover{color:#7f634b !important;background-color:#fff !important;box-shadow:0px 0px 0px 0px #ccc;opacity:1;transition:all 0s ease;}.advgbbtn-3389c334-824e-4629-ab03-2728b6911537 > i {display: none !important;}.advgbbtn-3389c334-824e-4629-ab03-2728b6911537{font-size:18px;color:#fff !important;background-color:#7f634b !important;margin:0px 0px 0px 0px !important;padding:10px 30px 10px 30px;border-width:1px !important;border-color:#fff !important;border-style:solid !important;border-radius:50px !important;}.advgbbtn-3389c334-824e-4629-ab03-2728b6911537:hover{color:#7f634b !important;background-color:#fff !important;box-shadow:0px 0px 0px 0px #ccc;opacity:1;transition:all 0s ease;}.advgbbtn-3389c334-824e-4629-ab03-2728b6911537 > i {display: none !important;}.advgbbtn-3389c334-824e-4629-ab03-2728b6911537{font-size:18px;color:#fff !important;background-color:#7f634b !important;margin:0px 0px 0px 0px !important;padding:10px 30px 10px 30px;border-width:1px !important;border-color:#fff !important;border-style:solid !important;border-radius:50px !important;}.advgbbtn-3389c334-824e-4629-ab03-2728b6911537:hover{color:#7f634b !important;background-color:#fff !important;box-shadow:0px 0px 0px 0px #ccc;opacity:1;transition:all 0s ease;}.advgbbtn-3389c334-824e-4629-ab03-2728b6911537 > i {display: none !important;}.advgbbtn-3389c334-824e-4629-ab03-2728b6911537{font-size:18px;color:#fff !important;background-color:#7f634b !important;margin:0px 0px 0px 0px !important;padding:10px 30px 10px 30px;border-width:1px !important;border-color:#fff !important;border-style:solid !important;border-radius:50px !important;}.advgbbtn-3389c334-824e-4629-ab03-2728b6911537:hover{color:#7f634b !important;background-color:#fff !important;box-shadow:0px 0px 0px 0px #ccc;opacity:1;transition:all 0s ease;}.advgbbtn-3389c334-824e-4629-ab03-2728b6911537 > i {display: none !important;}<\/style>","protected":false},"excerpt":{"rendered":"<p>INTERNASJONAL INDRASJON Inkasso over hele verden V\u00e5re lokale eksperter stoler p\u00e5 mange \u00e5rs erfaring og garanterer effektiv innkreving av gjelden din. Sekundi kan tilby minnelig inkasso samt omtvistet inkasso ved hjelp av rettslige skritt. Sekundi gj\u00f8r det en \u00e6re \u00e5 behandle skyldnere rettferdig, selv om de selv har unnlatt \u00e5 honorere betalingen av fakturaer, for [&hellip;]<\/p>\n","protected":false},"author":1,"featured_media":0,"parent":0,"menu_order":83,"comment_status":"closed","ping_status":"closed","template":"","meta":{"advgb_blocks_editor_width":"","advgb_blocks_columns_visual_guide":"","footnotes":""},"class_list":["post-2396","page","type-page","status-publish","hentry"],"yoast_head":"<!-- This site is optimized with the Yoast SEO plugin v27.5 - https:\/\/yoast.com\/product\/yoast-seo-wordpress\/ -->\n<title>SEKUNDI - Internasjonalt inkassonettverk<\/title>\n<meta name=\"description\" content=\"V\u00e5re lokale eksperter stoler p\u00e5 mange \u00e5rs erfaring og garanterer effektiv innkreving av gjelden din.\" \/>\n<meta name=\"robots\" content=\"index, follow, max-snippet:-1, max-image-preview:large, max-video-preview:-1\" \/>\n<link rel=\"canonical\" href=\"https:\/\/sekundi.eu\/no\/sekundi\/\" \/>\n<meta property=\"og:locale\" content=\"nb_NO\" \/>\n<meta property=\"og:type\" content=\"article\" \/>\n<meta property=\"og:title\" content=\"SEKUNDI - Internasjonalt inkassonettverk\" \/>\n<meta property=\"og:description\" content=\"V\u00e5re lokale eksperter stoler p\u00e5 mange \u00e5rs erfaring og garanterer effektiv innkreving av gjelden din.\" \/>\n<meta property=\"og:url\" content=\"https:\/\/sekundi.eu\/no\/sekundi\/\" \/>\n<meta property=\"og:site_name\" content=\"SEKUNDI\" \/>\n<meta property=\"article:modified_time\" content=\"2025-01-07T15:44:18+00:00\" \/>\n<meta property=\"og:image\" content=\"https:\/\/sekundi.eu\/wp-content\/uploads\/2023\/02\/pourquoi-les-services-ssp-collect-min.jpeg\" \/>\n\t<meta property=\"og:image:width\" content=\"600\" \/>\n\t<meta property=\"og:image:height\" content=\"400\" \/>\n\t<meta property=\"og:image:type\" content=\"image\/jpeg\" \/>\n<meta name=\"twitter:card\" content=\"summary_large_image\" \/>\n<meta name=\"twitter:label1\" content=\"Ansl. lesetid\" \/>\n\t<meta name=\"twitter:data1\" content=\"5 minutter\" \/>\n<script type=\"application\/ld+json\" class=\"yoast-schema-graph\">{\"@context\":\"https:\\\/\\\/schema.org\",\"@graph\":[{\"@type\":\"WebPage\",\"@id\":\"https:\\\/\\\/sekundi.eu\\\/no\\\/sekundi\\\/\",\"url\":\"https:\\\/\\\/sekundi.eu\\\/no\\\/sekundi\\\/\",\"name\":\"SEKUNDI - Internasjonalt inkassonettverk\",\"isPartOf\":{\"@id\":\"https:\\\/\\\/sekundi.eu\\\/#website\"},\"primaryImageOfPage\":{\"@id\":\"https:\\\/\\\/sekundi.eu\\\/no\\\/sekundi\\\/#primaryimage\"},\"image\":{\"@id\":\"https:\\\/\\\/sekundi.eu\\\/no\\\/sekundi\\\/#primaryimage\"},\"thumbnailUrl\":\"https:\\\/\\\/sekundi.eu\\\/wp-content\\\/uploads\\\/2023\\\/02\\\/pourquoi-les-services-ssp-collect-min.jpeg\",\"datePublished\":\"2022-12-26T08:59:57+00:00\",\"dateModified\":\"2025-01-07T15:44:18+00:00\",\"description\":\"V\u00e5re lokale eksperter stoler p\u00e5 mange \u00e5rs erfaring og garanterer effektiv innkreving av gjelden din.\",\"breadcrumb\":{\"@id\":\"https:\\\/\\\/sekundi.eu\\\/no\\\/sekundi\\\/#breadcrumb\"},\"inLanguage\":\"nb-NO\",\"potentialAction\":[{\"@type\":\"ReadAction\",\"target\":[\"https:\\\/\\\/sekundi.eu\\\/no\\\/sekundi\\\/\"]}]},{\"@type\":\"ImageObject\",\"inLanguage\":\"nb-NO\",\"@id\":\"https:\\\/\\\/sekundi.eu\\\/no\\\/sekundi\\\/#primaryimage\",\"url\":\"https:\\\/\\\/sekundi.eu\\\/wp-content\\\/uploads\\\/2023\\\/02\\\/pourquoi-les-services-ssp-collect-min.jpeg\",\"contentUrl\":\"https:\\\/\\\/sekundi.eu\\\/wp-content\\\/uploads\\\/2023\\\/02\\\/pourquoi-les-services-ssp-collect-min.jpeg\"},{\"@type\":\"BreadcrumbList\",\"@id\":\"https:\\\/\\\/sekundi.eu\\\/no\\\/sekundi\\\/#breadcrumb\",\"itemListElement\":[{\"@type\":\"ListItem\",\"position\":1,\"name\":\"Accueil\",\"item\":\"https:\\\/\\\/sekundi.eu\\\/no\\\/\"},{\"@type\":\"ListItem\",\"position\":2,\"name\":\"Sekundi : Inkasso over hele verden\"}]},{\"@type\":\"WebSite\",\"@id\":\"https:\\\/\\\/sekundi.eu\\\/#website\",\"url\":\"https:\\\/\\\/sekundi.eu\\\/\",\"name\":\"SEKUNDI\",\"description\":\"\",\"publisher\":{\"@id\":\"https:\\\/\\\/sekundi.eu\\\/#organization\"},\"potentialAction\":[{\"@type\":\"SearchAction\",\"target\":{\"@type\":\"EntryPoint\",\"urlTemplate\":\"https:\\\/\\\/sekundi.eu\\\/?s={search_term_string}\"},\"query-input\":{\"@type\":\"PropertyValueSpecification\",\"valueRequired\":true,\"valueName\":\"search_term_string\"}}],\"inLanguage\":\"nb-NO\"},{\"@type\":\"Organization\",\"@id\":\"https:\\\/\\\/sekundi.eu\\\/#organization\",\"name\":\"Sekundi\",\"url\":\"https:\\\/\\\/sekundi.eu\\\/\",\"logo\":{\"@type\":\"ImageObject\",\"inLanguage\":\"nb-NO\",\"@id\":\"https:\\\/\\\/sekundi.eu\\\/#\\\/schema\\\/logo\\\/image\\\/\",\"url\":\"https:\\\/\\\/sekundi.eu\\\/wp-content\\\/uploads\\\/2022\\\/12\\\/logo_sekundi.png\",\"contentUrl\":\"https:\\\/\\\/sekundi.eu\\\/wp-content\\\/uploads\\\/2022\\\/12\\\/logo_sekundi.png\",\"width\":171,\"height\":46,\"caption\":\"Sekundi\"},\"image\":{\"@id\":\"https:\\\/\\\/sekundi.eu\\\/#\\\/schema\\\/logo\\\/image\\\/\"}}]}<\/script>\n<!-- \/ Yoast SEO plugin. -->","yoast_head_json":{"title":"SEKUNDI - Internasjonalt inkassonettverk","description":"V\u00e5re lokale eksperter stoler p\u00e5 mange \u00e5rs erfaring og garanterer effektiv innkreving av gjelden din.","robots":{"index":"index","follow":"follow","max-snippet":"max-snippet:-1","max-image-preview":"max-image-preview:large","max-video-preview":"max-video-preview:-1"},"canonical":"https:\/\/sekundi.eu\/no\/sekundi\/","og_locale":"nb_NO","og_type":"article","og_title":"SEKUNDI - Internasjonalt inkassonettverk","og_description":"V\u00e5re lokale eksperter stoler p\u00e5 mange \u00e5rs erfaring og garanterer effektiv innkreving av gjelden din.","og_url":"https:\/\/sekundi.eu\/no\/sekundi\/","og_site_name":"SEKUNDI","article_modified_time":"2025-01-07T15:44:18+00:00","og_image":[{"width":600,"height":400,"url":"https:\/\/sekundi.eu\/wp-content\/uploads\/2023\/02\/pourquoi-les-services-ssp-collect-min.jpeg","type":"image\/jpeg"}],"twitter_card":"summary_large_image","twitter_misc":{"Ansl. lesetid":"5 minutter"},"schema":{"@context":"https:\/\/schema.org","@graph":[{"@type":"WebPage","@id":"https:\/\/sekundi.eu\/no\/sekundi\/","url":"https:\/\/sekundi.eu\/no\/sekundi\/","name":"SEKUNDI - Internasjonalt inkassonettverk","isPartOf":{"@id":"https:\/\/sekundi.eu\/#website"},"primaryImageOfPage":{"@id":"https:\/\/sekundi.eu\/no\/sekundi\/#primaryimage"},"image":{"@id":"https:\/\/sekundi.eu\/no\/sekundi\/#primaryimage"},"thumbnailUrl":"https:\/\/sekundi.eu\/wp-content\/uploads\/2023\/02\/pourquoi-les-services-ssp-collect-min.jpeg","datePublished":"2022-12-26T08:59:57+00:00","dateModified":"2025-01-07T15:44:18+00:00","description":"V\u00e5re lokale eksperter stoler p\u00e5 mange \u00e5rs erfaring og garanterer effektiv innkreving av gjelden din.","breadcrumb":{"@id":"https:\/\/sekundi.eu\/no\/sekundi\/#breadcrumb"},"inLanguage":"nb-NO","potentialAction":[{"@type":"ReadAction","target":["https:\/\/sekundi.eu\/no\/sekundi\/"]}]},{"@type":"ImageObject","inLanguage":"nb-NO","@id":"https:\/\/sekundi.eu\/no\/sekundi\/#primaryimage","url":"https:\/\/sekundi.eu\/wp-content\/uploads\/2023\/02\/pourquoi-les-services-ssp-collect-min.jpeg","contentUrl":"https:\/\/sekundi.eu\/wp-content\/uploads\/2023\/02\/pourquoi-les-services-ssp-collect-min.jpeg"},{"@type":"BreadcrumbList","@id":"https:\/\/sekundi.eu\/no\/sekundi\/#breadcrumb","itemListElement":[{"@type":"ListItem","position":1,"name":"Accueil","item":"https:\/\/sekundi.eu\/no\/"},{"@type":"ListItem","position":2,"name":"Sekundi : Inkasso over hele verden"}]},{"@type":"WebSite","@id":"https:\/\/sekundi.eu\/#website","url":"https:\/\/sekundi.eu\/","name":"SEKUNDI","description":"","publisher":{"@id":"https:\/\/sekundi.eu\/#organization"},"potentialAction":[{"@type":"SearchAction","target":{"@type":"EntryPoint","urlTemplate":"https:\/\/sekundi.eu\/?s={search_term_string}"},"query-input":{"@type":"PropertyValueSpecification","valueRequired":true,"valueName":"search_term_string"}}],"inLanguage":"nb-NO"},{"@type":"Organization","@id":"https:\/\/sekundi.eu\/#organization","name":"Sekundi","url":"https:\/\/sekundi.eu\/","logo":{"@type":"ImageObject","inLanguage":"nb-NO","@id":"https:\/\/sekundi.eu\/#\/schema\/logo\/image\/","url":"https:\/\/sekundi.eu\/wp-content\/uploads\/2022\/12\/logo_sekundi.png","contentUrl":"https:\/\/sekundi.eu\/wp-content\/uploads\/2022\/12\/logo_sekundi.png","width":171,"height":46,"caption":"Sekundi"},"image":{"@id":"https:\/\/sekundi.eu\/#\/schema\/logo\/image\/"}}]}},"coauthors":[],"author_meta":{"author_link":"https:\/\/sekundi.eu\/no\/author\/sekimageundi\/","display_name":"Les Imageurs"},"relative_dates":{"created":"Publisert 3 \u00e5r siden","modified":"Oppdatert 1 \u00e5r siden"},"absolute_dates":{"created":"Publisert 26. desember 2022","modified":"Oppdatert 7. januar 2025"},"absolute_dates_time":{"created":"Publisert 26. desember 2022 09:59","modified":"Oppdatert 7. januar 2025 16:44"},"featured_img_caption":"","featured_img":false,"series_order":"","_links":{"self":[{"href":"https:\/\/sekundi.eu\/no\/wp-json\/wp\/v2\/pages\/2396","targetHints":{"allow":["GET"]}}],"collection":[{"href":"https:\/\/sekundi.eu\/no\/wp-json\/wp\/v2\/pages"}],"about":[{"href":"https:\/\/sekundi.eu\/no\/wp-json\/wp\/v2\/types\/page"}],"author":[{"embeddable":true,"href":"https:\/\/sekundi.eu\/no\/wp-json\/wp\/v2\/users\/1"}],"replies":[{"embeddable":true,"href":"https:\/\/sekundi.eu\/no\/wp-json\/wp\/v2\/comments?post=2396"}],"version-history":[{"count":7,"href":"https:\/\/sekundi.eu\/no\/wp-json\/wp\/v2\/pages\/2396\/revisions"}],"predecessor-version":[{"id":8347,"href":"https:\/\/sekundi.eu\/no\/wp-json\/wp\/v2\/pages\/2396\/revisions\/8347"}],"wp:attachment":[{"href":"https:\/\/sekundi.eu\/no\/wp-json\/wp\/v2\/media?parent=2396"}],"curies":[{"name":"wp","href":"https:\/\/api.w.org\/{rel}","templated":true}]}}