{"id":3537,"date":"2022-12-26T10:25:25","date_gmt":"2022-12-26T09:25:25","guid":{"rendered":"https:\/\/sekundi.eu\/inkasso-i-oseania\/"},"modified":"2023-02-14T12:58:01","modified_gmt":"2023-02-14T11:58:01","slug":"oseania","status":"publish","type":"page","link":"https:\/\/sekundi.eu\/no\/oseania\/","title":{"rendered":"Inkasso i Oseania"},"content":{"rendered":"\n<figure class=\"wp-block-image alignfull size-full\"><img loading=\"lazy\" decoding=\"async\" width=\"1920\" height=\"300\" src=\"https:\/\/sekundi.eu\/wp-content\/uploads\/2023\/02\/joshua-rawson-harris-k3fmuSvQi2A-unsplash.jpg\" alt=\"\" class=\"wp-image-2630\" srcset=\"https:\/\/sekundi.eu\/wp-content\/uploads\/2023\/02\/joshua-rawson-harris-k3fmuSvQi2A-unsplash.jpg 1920w, https:\/\/sekundi.eu\/wp-content\/uploads\/2023\/02\/joshua-rawson-harris-k3fmuSvQi2A-unsplash-300x47.jpg 300w, https:\/\/sekundi.eu\/wp-content\/uploads\/2023\/02\/joshua-rawson-harris-k3fmuSvQi2A-unsplash-1024x160.jpg 1024w, https:\/\/sekundi.eu\/wp-content\/uploads\/2023\/02\/joshua-rawson-harris-k3fmuSvQi2A-unsplash-768x120.jpg 768w, https:\/\/sekundi.eu\/wp-content\/uploads\/2023\/02\/joshua-rawson-harris-k3fmuSvQi2A-unsplash-1536x240.jpg 1536w\" sizes=\"auto, (max-width: 1920px) 100vw, 1920px\" \/><\/figure>\n\n<div class=\"wp-block-columns margt-100 is-layout-flex wp-container-core-columns-is-layout-9d6595d7 wp-block-columns-is-layout-flex\">\n<div class=\"wp-block-column is-layout-flow wp-block-column-is-layout-flow\">\n<div class=\"wp-block-group animated fadeInDown delay-100ms has-noir-color has-blanc-background-color has-text-color has-background\"><div class=\"wp-block-group__inner-container is-layout-constrained wp-block-group-is-layout-constrained\"><div class=\"wp-block-image\">\n<figure class=\"aligncenter size-full\"><img loading=\"lazy\" decoding=\"async\" width=\"66\" height=\"60\" src=\"https:\/\/sekundi.eu\/wp-content\/uploads\/2022\/12\/icon.png\" alt=\"\" class=\"wp-image-31\"\/><\/figure>\n<\/div>\n\n\n<p class=\"has-large-font-size\"><strong>Send<\/strong> <strong>dine krav<\/strong><\/p>\n\n\n\n<p>Velg hvilket land du har utest\u00e5ende gjeld i, send dine foresp\u00f8rsler, og la oss ta oss av alt!<\/p>\n<\/div><\/div>\n<\/div>\n\n\n\n<div class=\"wp-block-column is-layout-flow wp-block-column-is-layout-flow\">\n<div class=\"wp-block-group animated fadeInDown delay-300ms has-noir-color has-blanc-background-color has-text-color has-background\"><div class=\"wp-block-group__inner-container is-layout-constrained wp-block-group-is-layout-constrained\"><div class=\"wp-block-image\">\n<figure class=\"aligncenter size-full is-resized\"><img loading=\"lazy\" decoding=\"async\" src=\"https:\/\/sekundi.eu\/wp-content\/uploads\/2023\/01\/diagramme-a-bandes.png\" alt=\"\" class=\"wp-image-481\" width=\"60\" height=\"60\" srcset=\"https:\/\/sekundi.eu\/wp-content\/uploads\/2023\/01\/diagramme-a-bandes.png 512w, https:\/\/sekundi.eu\/wp-content\/uploads\/2023\/01\/diagramme-a-bandes-300x300.png 300w, https:\/\/sekundi.eu\/wp-content\/uploads\/2023\/01\/diagramme-a-bandes-150x150.png 150w\" sizes=\"auto, (max-width: 60px) 100vw, 60px\" \/><\/figure>\n<\/div>\n\n\n<p class=\"has-large-font-size\"><strong>Bli informert<\/strong><\/p>\n\n\n\n<p>Vi holder deg orientert via Intranett 24\/7 om enhver utvikling i kontoene dine og gir rapporter om fremdriften av inkasso p\u00e5 det spr\u00e5ket du velger.<\/p>\n<\/div><\/div>\n<\/div>\n\n\n\n<div class=\"wp-block-column is-layout-flow wp-block-column-is-layout-flow\">\n<div class=\"wp-block-group animated fadeInDown delay-500ms has-noir-color has-blanc-background-color has-text-color has-background\"><div class=\"wp-block-group__inner-container is-layout-constrained wp-block-group-is-layout-constrained\"><div class=\"wp-block-image\">\n<figure class=\"aligncenter size-full is-resized\"><img loading=\"lazy\" decoding=\"async\" src=\"https:\/\/sekundi.eu\/wp-content\/uploads\/2023\/01\/paid.png\" alt=\"\" class=\"wp-image-477\" width=\"60\" height=\"60\" srcset=\"https:\/\/sekundi.eu\/wp-content\/uploads\/2023\/01\/paid.png 512w, https:\/\/sekundi.eu\/wp-content\/uploads\/2023\/01\/paid-300x300.png 300w, https:\/\/sekundi.eu\/wp-content\/uploads\/2023\/01\/paid-150x150.png 150w\" sizes=\"auto, (max-width: 60px) 100vw, 60px\" \/><\/figure>\n<\/div>\n\n\n<p class=\"has-large-font-size\"><strong>Gjenopprettingskostnader<\/strong><\/p>\n\n\n\n<p>En enhetlig prispolitikk i hele Europa er ikke s\u00e5 vanlig. Og tiden din er frigjort til bruk andre steder.<\/p>\n<\/div><\/div>\n<\/div>\n<\/div>\n\n<div style=\"height:100px\" aria-hidden=\"true\" class=\"wp-block-spacer\"><\/div>\n\n<div class=\"wp-block-group alignwide has-background\" style=\"background-color:#b3a39630\"><div class=\"wp-block-group__inner-container is-layout-constrained wp-block-group-is-layout-constrained\">\n<div style=\"height:50px\" aria-hidden=\"true\" class=\"wp-block-spacer\"><\/div>\n\n\n\n<p class=\"has-text-align-center marg0 has-small-font-size\">V\u00c5RT NETTVERK<\/p>\n\n\n\n<h2 class=\"has-text-align-center marg0 wp-block-heading\">Angi et land<\/h2>\n\n\n\n<div style=\"height:30px\" aria-hidden=\"true\" class=\"wp-block-spacer\"><\/div>\n\n\n<ul class='country-specification'><li><a href='https:\/\/sekundi.eu\/no\/oseania\/inkasso-i-australia\/'><i class='fa-solid fa-map-pin'><\/i>Inkasso i Australia<\/a><\/li><\/li><\/ul>\n\n\n\n<div style=\"height:50px\" aria-hidden=\"true\" class=\"wp-block-spacer\"><\/div>\n<\/div><\/div>\n\n<div style=\"height:30px\" aria-hidden=\"true\" class=\"wp-block-spacer\"><\/div>\n\n<div class=\"wp-block-columns is-layout-flex wp-container-core-columns-is-layout-9d6595d7 wp-block-columns-is-layout-flex\">\n<div class=\"wp-block-column animated fadeInUp delay-500ms is-layout-flow wp-block-column-is-layout-flow\">\n<p class=\"has-small-font-size\"><strong>INTERNASJONAL INDRASJON<\/strong><\/p>\n\n\n\n<h2 class=\"marg0 wp-block-heading\" id=\"debt-collection-worldwide-69394841-8e5e-43bb-8c94-ebd49164984b\"><strong>Inkasso over hele verden<\/strong><\/h2>\n\n\n\n<p>V\u00e5re lokale eksperter stoler p\u00e5 mange \u00e5rs erfaring og garanterer effektiv innkreving av gjelden din. Sekundi kan tilby minnelig inkasso samt omtvistet inkasso ved hjelp av rettslige skritt.<\/p>\n\n\n\n<p>Sekundi gj\u00f8r det en \u00e6re \u00e5 behandle skyldnere rettferdig, selv om de selv har unnlatt \u00e5 honorere betalingen av fakturaer, for ikke \u00e5 sette det kommersielle forholdet du dyrker med dine kunder i fare.<\/p>\n\n\n\n<div style=\"height:30px\" aria-hidden=\"true\" class=\"wp-block-spacer\"><\/div>\n\n\n\n<div class=\"wp-block-advgb-button alignnone\"><a class=\"wp-block-advgb-button_link advgbbtn-ccefc58a-2542-448d-a60b-405ce0a91ec5\" href=\"https:\/\/sekundi.eu\/contact\/\" target=\"_self\" rel=\"noopener noreferrer\"><span>Kontakt oss<\/span><\/a><\/div>\n<\/div>\n\n\n\n<div class=\"wp-block-column is-layout-flow wp-block-column-is-layout-flow\">\n<figure class=\"wp-block-video\"><video height=\"288\" style=\"aspect-ratio: 352 \/ 288;\" width=\"352\" controls=\"\" src=\"https:\/\/sekundi.eu\/wp-content\/uploads\/2023\/02\/sekundi-network.mp4\"><\/video><\/figure>\n<\/div>\n<\/div>\n\n<div style=\"height:30px\" aria-hidden=\"true\" class=\"wp-block-spacer\"><\/div>\n\n<div style=\"height:50px\" aria-hidden=\"true\" class=\"wp-block-spacer\"><\/div>\n\n<div class=\"wp-block-columns is-layout-flex wp-container-core-columns-is-layout-9d6595d7 wp-block-columns-is-layout-flex\">\n<div class=\"wp-block-column is-layout-flow wp-block-column-is-layout-flow\">\n<figure class=\"wp-block-image size-large\"><img loading=\"lazy\" decoding=\"async\" width=\"1024\" height=\"683\" src=\"https:\/\/sekundi.eu\/wp-content\/uploads\/2023\/01\/accompagnement-recouvrement-1024x683.jpeg\" alt=\"\" class=\"wp-image-492\" srcset=\"https:\/\/sekundi.eu\/wp-content\/uploads\/2023\/01\/accompagnement-recouvrement-1024x683.jpeg 1024w, https:\/\/sekundi.eu\/wp-content\/uploads\/2023\/01\/accompagnement-recouvrement-300x200.jpeg 300w, https:\/\/sekundi.eu\/wp-content\/uploads\/2023\/01\/accompagnement-recouvrement-768x512.jpeg 768w, https:\/\/sekundi.eu\/wp-content\/uploads\/2023\/01\/accompagnement-recouvrement-1536x1024.jpeg 1536w, https:\/\/sekundi.eu\/wp-content\/uploads\/2023\/01\/accompagnement-recouvrement-2048x1365.jpeg 2048w\" sizes=\"auto, (max-width: 1024px) 100vw, 1024px\" \/><\/figure>\n<\/div>\n\n\n\n<div class=\"wp-block-column is-layout-flow wp-block-column-is-layout-flow\">\n<h2 class=\"wp-block-heading\">B2B innkreving av ubetalte fakturaer<\/h2>\n\n\n\n<p><strong>Dine fordeler:<\/strong><\/p>\n\n\n\n<ul class=\"wp-block-list\">\n<li>H\u00e5ndtering av kundefordringer i tr\u00e5d med behovene til din n\u00e6ringssektor<\/li>\n\n\n\n<li>Sunn kontantstr\u00f8m<\/li>\n\n\n\n<li>H\u00f8y innsamlingshastighet<\/li>\n\n\n\n<li>Kunnskap om vaner og skikker i hvert land<\/li>\n\n\n\n<li>Profesjonalitet til enhver tid, under alle omstendigheter<\/li>\n<\/ul>\n<\/div>\n<\/div>\n\n<div style=\"height:50px\" aria-hidden=\"true\" class=\"wp-block-spacer\"><\/div>\n\n<div class=\"wp-block-columns is-layout-flex wp-container-core-columns-is-layout-9d6595d7 wp-block-columns-is-layout-flex\">\n<div class=\"wp-block-column is-layout-flow wp-block-column-is-layout-flow\">\n<h2 class=\"wp-block-heading\">B2C inkasso<\/h2>\n\n\n\n<p><strong>Dine fordeler:<\/strong><\/p>\n\n\n\n<ul class=\"wp-block-list\">\n<li>Sunn kontantstr\u00f8m<\/li>\n\n\n\n<li>H\u00f8y innsamlingshastighet<\/li>\n\n\n\n<li>Kunnskap om vaner og skikker i hvert land<\/li>\n\n\n\n<li>Profesjonalitet til enhver tid, under alle omstendigheter<\/li>\n<\/ul>\n<\/div>\n\n\n\n<div class=\"wp-block-column is-layout-flow wp-block-column-is-layout-flow\">\n<figure class=\"wp-block-image size-large\"><img loading=\"lazy\" decoding=\"async\" width=\"1024\" height=\"683\" src=\"https:\/\/sekundi.eu\/wp-content\/uploads\/2023\/01\/accompagnement-recouvrement-1024x683.jpeg\" alt=\"\" class=\"wp-image-492\" srcset=\"https:\/\/sekundi.eu\/wp-content\/uploads\/2023\/01\/accompagnement-recouvrement-1024x683.jpeg 1024w, https:\/\/sekundi.eu\/wp-content\/uploads\/2023\/01\/accompagnement-recouvrement-300x200.jpeg 300w, https:\/\/sekundi.eu\/wp-content\/uploads\/2023\/01\/accompagnement-recouvrement-768x512.jpeg 768w, https:\/\/sekundi.eu\/wp-content\/uploads\/2023\/01\/accompagnement-recouvrement-1536x1024.jpeg 1536w, https:\/\/sekundi.eu\/wp-content\/uploads\/2023\/01\/accompagnement-recouvrement-2048x1365.jpeg 2048w\" sizes=\"auto, (max-width: 1024px) 100vw, 1024px\" \/><\/figure>\n<\/div>\n<\/div>\n\n<div style=\"height:50px\" aria-hidden=\"true\" class=\"wp-block-spacer\"><\/div>\n\n<h2 class=\"has-text-align-center wp-block-heading\">Bruk av det internasjonale Sekundi-nettverket i Nord-Amerika<\/h2>\n\n<div class=\"wp-block-group\"><div class=\"wp-block-group__inner-container is-layout-constrained wp-block-group-is-layout-constrained\">\n<div style=\"height:50px\" aria-hidden=\"true\" class=\"wp-block-spacer\"><\/div>\n\n\n\n<div class=\"wp-block-columns is-layout-flex wp-container-core-columns-is-layout-9d6595d7 wp-block-columns-is-layout-flex\">\n<div class=\"wp-block-column is-layout-flow wp-block-column-is-layout-flow\">\n<div class=\"wp-block-group shadow has-blanc-background-color has-background\"><div class=\"wp-block-group__inner-container is-layout-constrained wp-block-group-is-layout-constrained\">\n<p><strong>N\u00e6rme seg<\/strong><\/p>\n\n\n\n<p>V\u00e5r tiln\u00e6rming best\u00e5r i \u00e5 handle fra ditt land med en ansatt eller en tjenesteleverand\u00f8r som er flytende i spr\u00e5ket i det aktuelle landet er ikke den mest effektive.<\/p>\n<\/div><\/div>\n<\/div>\n\n\n\n<div class=\"wp-block-column is-layout-flow wp-block-column-is-layout-flow\">\n<div class=\"wp-block-group shadow has-blanc-background-color has-background\"><div class=\"wp-block-group__inner-container is-layout-constrained wp-block-group-is-layout-constrained\">\n<p><strong>fordeler<\/strong><\/p>\n\n\n\n<p>Du har en samtalepartner i ditt land som du kommuniserer med, og denne er ansvarlig for \u00e5 overf\u00f8re filen din ved mottak til sin lokale partner som vil handle i henhold til skikker og regler i det aktuelle landet for \u00e5 f\u00e5 betaling av fakturaen din.<\/p>\n<\/div><\/div>\n<\/div>\n\n\n\n<div class=\"wp-block-column is-layout-flow wp-block-column-is-layout-flow\">\n<div class=\"wp-block-group shadow has-blanc-background-color has-background\"><div class=\"wp-block-group__inner-container is-layout-constrained wp-block-group-is-layout-constrained\">\n<p><strong>Objektiv<\/strong><\/p>\n\n\n\n<p>Etabler et verdensomspennende nettverk med en sterk forretningspartner i hvert land for \u00e5 garantere optimal saksbehandling p\u00e5 lokalt niv\u00e5 med respektive etterretningsst\u00f8tte som er spesifikk for hvert land.<\/p>\n<\/div><\/div>\n<\/div>\n<\/div>\n<\/div><\/div>\n\n<hr class=\"wp-block-separator has-text-color has-marron-color has-alpha-channel-opacity has-marron-background-color has-background\"\/>\n\n<div class=\"wp-block-group alignwide network\"><div class=\"wp-block-group__inner-container is-layout-constrained wp-block-group-is-layout-constrained\">\n<div style=\"height:50px\" aria-hidden=\"true\" class=\"wp-block-spacer\"><\/div>\n\n\n\n<p class=\"has-text-align-center marg0 has-marron-clair-color has-text-color has-small-font-size\"><strong>V\u00c5RT NETTVERK<\/strong><\/p>\n\n\n\n<h2 class=\"has-text-align-center marg0 wp-block-heading\">Dekkede land<\/h2>\n\n\n\n<div style=\"height:30px\" aria-hidden=\"true\" class=\"wp-block-spacer\"><\/div>\n\n\n<ul class='country-sitemap'><li><a href='https:\/\/sekundi.eu\/no\/sor-amerika\/'>Inkasso i S\u00f8r-Amerika<\/a><ul><li><a href='https:\/\/sekundi.eu\/no\/sor-amerika\/inkasso-i-chile\/'><i class='fa-solid fa-map-pin'><\/i>Inkasso i Chile<\/a><\/li><li><a href='https:\/\/sekundi.eu\/no\/sor-amerika\/inkasso-i-peru\/'><i class='fa-solid fa-map-pin'><\/i>Inkasso i Peru<\/a><\/li><\/li><\/ul><\/li><\/ul>\n\n\n\n<div style=\"height:50px\" aria-hidden=\"true\" class=\"wp-block-spacer\"><\/div>\n<\/div><\/div>\n<style class=\"advgb-styles-renderer\">.advgbbtn-ccefc58a-2542-448d-a60b-405ce0a91ec5{font-size:18px;color:#2f2f2f !important;background-color:#fff !important;margin:0px 0px 0px 0px !important;padding:10px 30px 10px 30px;border-width:3px !important;border-color:#dde3e9 !important;border-style:solid !important;border-radius:50px !important;}.advgbbtn-ccefc58a-2542-448d-a60b-405ce0a91ec5:hover{background-color:#dde3e9 !important;box-shadow:0px 0px 0px 0px #ccc;opacity:1;transition:all 0.2s ease;}.advgbbtn-ccefc58a-2542-448d-a60b-405ce0a91ec5 > i {display: none !important;}.advgbbtn-ccefc58a-2542-448d-a60b-405ce0a91ec5{font-size:18px;color:#2f2f2f !important;background-color:#fff !important;margin:0px 0px 0px 0px !important;padding:10px 30px 10px 30px;border-width:3px !important;border-color:#dde3e9 !important;border-style:solid !important;border-radius:50px !important;}.advgbbtn-ccefc58a-2542-448d-a60b-405ce0a91ec5:hover{background-color:#dde3e9 !important;box-shadow:0px 0px 0px 0px #ccc;opacity:1;transition:all 0.2s ease;}.advgbbtn-ccefc58a-2542-448d-a60b-405ce0a91ec5 > i {display: none !important;}.advgbbtn-ccefc58a-2542-448d-a60b-405ce0a91ec5{font-size:18px;color:#2f2f2f !important;background-color:#fff !important;margin:0px 0px 0px 0px !important;padding:10px 30px 10px 30px;border-width:3px !important;border-color:#dde3e9 !important;border-style:solid !important;border-radius:50px !important;}.advgbbtn-ccefc58a-2542-448d-a60b-405ce0a91ec5:hover{background-color:#dde3e9 !important;box-shadow:0px 0px 0px 0px #ccc;opacity:1;transition:all 0.2s ease;}.advgbbtn-ccefc58a-2542-448d-a60b-405ce0a91ec5 > i {display: none !important;}<\/style>","protected":false},"excerpt":{"rendered":"<p>V\u00c5RT NETTVERK Angi et land INTERNASJONAL INDRASJON Inkasso over hele verden V\u00e5re lokale eksperter stoler p\u00e5 mange \u00e5rs erfaring og garanterer effektiv innkreving av gjelden din. Sekundi kan tilby minnelig inkasso samt omtvistet inkasso ved hjelp av rettslige skritt. Sekundi gj\u00f8r det en \u00e6re \u00e5 behandle skyldnere rettferdig, selv om de selv har unnlatt \u00e5 [&hellip;]<\/p>\n","protected":false},"author":1,"featured_media":0,"parent":0,"menu_order":886,"comment_status":"closed","ping_status":"closed","template":"template_continent.php","meta":{"advgb_blocks_editor_width":"","advgb_blocks_columns_visual_guide":"","footnotes":""},"class_list":["post-3537","page","type-page","status-publish","hentry"],"yoast_head":"<!-- This site is optimized with the Yoast SEO plugin v27.4 - https:\/\/yoast.com\/product\/yoast-seo-wordpress\/ -->\n<title>Inkasso i Oseania - Internasjonal gjeldsinnkreving<\/title>\n<meta name=\"description\" content=\"Har du en debitor utenfor landet ditt? Oppdag prosedyrer for \u00e5 gjenopprette ubetalte fakturaer takket v\u00e6re Inkasso i Oseania.\" \/>\n<meta name=\"robots\" content=\"noindex, nofollow\" \/>\n<meta property=\"og:locale\" content=\"nb_NO\" \/>\n<meta property=\"og:type\" content=\"article\" \/>\n<meta property=\"og:title\" content=\"Inkasso i Oseania - Internasjonal gjeldsinnkreving\" \/>\n<meta property=\"og:description\" content=\"Har du en debitor utenfor landet ditt? Oppdag prosedyrer for \u00e5 gjenopprette ubetalte fakturaer takket v\u00e6re Inkasso i Oseania.\" \/>\n<meta property=\"og:url\" content=\"https:\/\/sekundi.eu\/no\/oseania\/\" \/>\n<meta property=\"og:site_name\" content=\"SEKUNDI\" \/>\n<meta property=\"article:modified_time\" content=\"2023-02-14T11:58:01+00:00\" \/>\n<meta property=\"og:image\" content=\"https:\/\/sekundi.eu\/wp-content\/uploads\/2023\/02\/joshua-rawson-harris-k3fmuSvQi2A-unsplash.jpg\" \/>\n<meta name=\"twitter:card\" content=\"summary_large_image\" \/>\n<meta name=\"twitter:label1\" content=\"Ansl. lesetid\" \/>\n\t<meta name=\"twitter:data1\" content=\"1 minutt\" \/>\n<script type=\"application\/ld+json\" class=\"yoast-schema-graph\">{\"@context\":\"https:\\\/\\\/schema.org\",\"@graph\":[{\"@type\":\"WebPage\",\"@id\":\"https:\\\/\\\/sekundi.eu\\\/no\\\/oseania\\\/\",\"url\":\"https:\\\/\\\/sekundi.eu\\\/no\\\/oseania\\\/\",\"name\":\"Inkasso i Oseania - Internasjonal gjeldsinnkreving\",\"isPartOf\":{\"@id\":\"https:\\\/\\\/sekundi.eu\\\/#website\"},\"primaryImageOfPage\":{\"@id\":\"https:\\\/\\\/sekundi.eu\\\/no\\\/oseania\\\/#primaryimage\"},\"image\":{\"@id\":\"https:\\\/\\\/sekundi.eu\\\/no\\\/oseania\\\/#primaryimage\"},\"thumbnailUrl\":\"https:\\\/\\\/sekundi.eu\\\/wp-content\\\/uploads\\\/2023\\\/02\\\/joshua-rawson-harris-k3fmuSvQi2A-unsplash.jpg\",\"datePublished\":\"2022-12-26T09:25:25+00:00\",\"dateModified\":\"2023-02-14T11:58:01+00:00\",\"description\":\"Har du en debitor utenfor landet ditt? Oppdag prosedyrer for \u00e5 gjenopprette ubetalte fakturaer takket v\u00e6re Inkasso i Oseania.\",\"breadcrumb\":{\"@id\":\"https:\\\/\\\/sekundi.eu\\\/no\\\/oseania\\\/#breadcrumb\"},\"inLanguage\":\"nb-NO\",\"potentialAction\":[{\"@type\":\"ReadAction\",\"target\":[\"https:\\\/\\\/sekundi.eu\\\/no\\\/oseania\\\/\"]}]},{\"@type\":\"ImageObject\",\"inLanguage\":\"nb-NO\",\"@id\":\"https:\\\/\\\/sekundi.eu\\\/no\\\/oseania\\\/#primaryimage\",\"url\":\"https:\\\/\\\/sekundi.eu\\\/wp-content\\\/uploads\\\/2023\\\/02\\\/joshua-rawson-harris-k3fmuSvQi2A-unsplash.jpg\",\"contentUrl\":\"https:\\\/\\\/sekundi.eu\\\/wp-content\\\/uploads\\\/2023\\\/02\\\/joshua-rawson-harris-k3fmuSvQi2A-unsplash.jpg\"},{\"@type\":\"BreadcrumbList\",\"@id\":\"https:\\\/\\\/sekundi.eu\\\/no\\\/oseania\\\/#breadcrumb\",\"itemListElement\":[{\"@type\":\"ListItem\",\"position\":1,\"name\":\"Accueil\",\"item\":\"https:\\\/\\\/sekundi.eu\\\/no\\\/\"},{\"@type\":\"ListItem\",\"position\":2,\"name\":\"Inkasso i Oseania\"}]},{\"@type\":\"WebSite\",\"@id\":\"https:\\\/\\\/sekundi.eu\\\/#website\",\"url\":\"https:\\\/\\\/sekundi.eu\\\/\",\"name\":\"SEKUNDI\",\"description\":\"\",\"publisher\":{\"@id\":\"https:\\\/\\\/sekundi.eu\\\/#organization\"},\"potentialAction\":[{\"@type\":\"SearchAction\",\"target\":{\"@type\":\"EntryPoint\",\"urlTemplate\":\"https:\\\/\\\/sekundi.eu\\\/?s={search_term_string}\"},\"query-input\":{\"@type\":\"PropertyValueSpecification\",\"valueRequired\":true,\"valueName\":\"search_term_string\"}}],\"inLanguage\":\"nb-NO\"},{\"@type\":\"Organization\",\"@id\":\"https:\\\/\\\/sekundi.eu\\\/#organization\",\"name\":\"Sekundi\",\"url\":\"https:\\\/\\\/sekundi.eu\\\/\",\"logo\":{\"@type\":\"ImageObject\",\"inLanguage\":\"nb-NO\",\"@id\":\"https:\\\/\\\/sekundi.eu\\\/#\\\/schema\\\/logo\\\/image\\\/\",\"url\":\"https:\\\/\\\/sekundi.eu\\\/wp-content\\\/uploads\\\/2022\\\/12\\\/logo_sekundi.png\",\"contentUrl\":\"https:\\\/\\\/sekundi.eu\\\/wp-content\\\/uploads\\\/2022\\\/12\\\/logo_sekundi.png\",\"width\":171,\"height\":46,\"caption\":\"Sekundi\"},\"image\":{\"@id\":\"https:\\\/\\\/sekundi.eu\\\/#\\\/schema\\\/logo\\\/image\\\/\"}}]}<\/script>\n<!-- \/ Yoast SEO plugin. -->","yoast_head_json":{"title":"Inkasso i Oseania - Internasjonal gjeldsinnkreving","description":"Har du en debitor utenfor landet ditt? Oppdag prosedyrer for \u00e5 gjenopprette ubetalte fakturaer takket v\u00e6re Inkasso i Oseania.","robots":{"index":"noindex","follow":"nofollow"},"og_locale":"nb_NO","og_type":"article","og_title":"Inkasso i Oseania - Internasjonal gjeldsinnkreving","og_description":"Har du en debitor utenfor landet ditt? Oppdag prosedyrer for \u00e5 gjenopprette ubetalte fakturaer takket v\u00e6re Inkasso i Oseania.","og_url":"https:\/\/sekundi.eu\/no\/oseania\/","og_site_name":"SEKUNDI","article_modified_time":"2023-02-14T11:58:01+00:00","og_image":[{"url":"https:\/\/sekundi.eu\/wp-content\/uploads\/2023\/02\/joshua-rawson-harris-k3fmuSvQi2A-unsplash.jpg","type":"","width":"","height":""}],"twitter_card":"summary_large_image","twitter_misc":{"Ansl. lesetid":"1 minutt"},"schema":{"@context":"https:\/\/schema.org","@graph":[{"@type":"WebPage","@id":"https:\/\/sekundi.eu\/no\/oseania\/","url":"https:\/\/sekundi.eu\/no\/oseania\/","name":"Inkasso i Oseania - Internasjonal gjeldsinnkreving","isPartOf":{"@id":"https:\/\/sekundi.eu\/#website"},"primaryImageOfPage":{"@id":"https:\/\/sekundi.eu\/no\/oseania\/#primaryimage"},"image":{"@id":"https:\/\/sekundi.eu\/no\/oseania\/#primaryimage"},"thumbnailUrl":"https:\/\/sekundi.eu\/wp-content\/uploads\/2023\/02\/joshua-rawson-harris-k3fmuSvQi2A-unsplash.jpg","datePublished":"2022-12-26T09:25:25+00:00","dateModified":"2023-02-14T11:58:01+00:00","description":"Har du en debitor utenfor landet ditt? Oppdag prosedyrer for \u00e5 gjenopprette ubetalte fakturaer takket v\u00e6re Inkasso i Oseania.","breadcrumb":{"@id":"https:\/\/sekundi.eu\/no\/oseania\/#breadcrumb"},"inLanguage":"nb-NO","potentialAction":[{"@type":"ReadAction","target":["https:\/\/sekundi.eu\/no\/oseania\/"]}]},{"@type":"ImageObject","inLanguage":"nb-NO","@id":"https:\/\/sekundi.eu\/no\/oseania\/#primaryimage","url":"https:\/\/sekundi.eu\/wp-content\/uploads\/2023\/02\/joshua-rawson-harris-k3fmuSvQi2A-unsplash.jpg","contentUrl":"https:\/\/sekundi.eu\/wp-content\/uploads\/2023\/02\/joshua-rawson-harris-k3fmuSvQi2A-unsplash.jpg"},{"@type":"BreadcrumbList","@id":"https:\/\/sekundi.eu\/no\/oseania\/#breadcrumb","itemListElement":[{"@type":"ListItem","position":1,"name":"Accueil","item":"https:\/\/sekundi.eu\/no\/"},{"@type":"ListItem","position":2,"name":"Inkasso i Oseania"}]},{"@type":"WebSite","@id":"https:\/\/sekundi.eu\/#website","url":"https:\/\/sekundi.eu\/","name":"SEKUNDI","description":"","publisher":{"@id":"https:\/\/sekundi.eu\/#organization"},"potentialAction":[{"@type":"SearchAction","target":{"@type":"EntryPoint","urlTemplate":"https:\/\/sekundi.eu\/?s={search_term_string}"},"query-input":{"@type":"PropertyValueSpecification","valueRequired":true,"valueName":"search_term_string"}}],"inLanguage":"nb-NO"},{"@type":"Organization","@id":"https:\/\/sekundi.eu\/#organization","name":"Sekundi","url":"https:\/\/sekundi.eu\/","logo":{"@type":"ImageObject","inLanguage":"nb-NO","@id":"https:\/\/sekundi.eu\/#\/schema\/logo\/image\/","url":"https:\/\/sekundi.eu\/wp-content\/uploads\/2022\/12\/logo_sekundi.png","contentUrl":"https:\/\/sekundi.eu\/wp-content\/uploads\/2022\/12\/logo_sekundi.png","width":171,"height":46,"caption":"Sekundi"},"image":{"@id":"https:\/\/sekundi.eu\/#\/schema\/logo\/image\/"}}]}},"coauthors":[],"author_meta":{"author_link":"https:\/\/sekundi.eu\/no\/author\/sekimageundi\/","display_name":"Les Imageurs"},"relative_dates":{"created":"Publisert 3 \u00e5r siden","modified":"Oppdatert 3 \u00e5r siden"},"absolute_dates":{"created":"Publisert 26. desember 2022","modified":"Oppdatert 14. februar 2023"},"absolute_dates_time":{"created":"Publisert 26. desember 2022 10:25","modified":"Oppdatert 14. februar 2023 12:58"},"featured_img_caption":"","featured_img":false,"series_order":"","_links":{"self":[{"href":"https:\/\/sekundi.eu\/no\/wp-json\/wp\/v2\/pages\/3537","targetHints":{"allow":["GET"]}}],"collection":[{"href":"https:\/\/sekundi.eu\/no\/wp-json\/wp\/v2\/pages"}],"about":[{"href":"https:\/\/sekundi.eu\/no\/wp-json\/wp\/v2\/types\/page"}],"author":[{"embeddable":true,"href":"https:\/\/sekundi.eu\/no\/wp-json\/wp\/v2\/users\/1"}],"replies":[{"embeddable":true,"href":"https:\/\/sekundi.eu\/no\/wp-json\/wp\/v2\/comments?post=3537"}],"version-history":[{"count":1,"href":"https:\/\/sekundi.eu\/no\/wp-json\/wp\/v2\/pages\/3537\/revisions"}],"predecessor-version":[{"id":3538,"href":"https:\/\/sekundi.eu\/no\/wp-json\/wp\/v2\/pages\/3537\/revisions\/3538"}],"wp:attachment":[{"href":"https:\/\/sekundi.eu\/no\/wp-json\/wp\/v2\/media?parent=3537"}],"curies":[{"name":"wp","href":"https:\/\/api.w.org\/{rel}","templated":true}]}}