{"id":5322,"date":"2023-02-02T15:59:17","date_gmt":"2023-02-02T14:59:17","guid":{"rendered":"https:\/\/sekundi.eu\/europa\/inkasso-i-tsjekkia\/"},"modified":"2023-02-14T15:32:08","modified_gmt":"2023-02-14T14:32:08","slug":"inkasso-i-tsjekkia","status":"publish","type":"page","link":"https:\/\/sekundi.eu\/no\/europa\/inkasso-i-tsjekkia\/","title":{"rendered":"Inkasso i Tsjekkia"},"content":{"rendered":"\n<div style=\"height:50px\" aria-hidden=\"true\" class=\"wp-block-spacer\"><\/div>\n\n<p>Inkasso i et fremmed land er aldri en lett oppgave. Det er derfor Sekundi-nettverket tilbyr deg tjenestene til selskaper som spesialiserer seg p\u00e5 innsamling av fakturaer i deres land. Takket v\u00e6re v\u00e5r partner kan vi for eksempel ta vare p\u00e5 \u00e5 samle inn fakturaen din i Tsjekkia eller Slovakia.<\/p>\n\n<div class=\"wp-block-columns is-layout-flex wp-container-core-columns-is-layout-9d6595d7 wp-block-columns-is-layout-flex\">\n<div class=\"wp-block-column is-layout-flow wp-block-column-is-layout-flow\" style=\"flex-basis:50%\">\n<h2 class=\"wp-block-heading\"><strong>Hvordan sette opp en effektiv inkassostrategi?<\/strong><\/h2>\n\n\n\n<p>Vi tror p\u00e5 intensiv h\u00e5ndheving. Inkasso foretas daglig, mens alle debitorer blir jevnlig kontaktet. V\u00e5rt m\u00e5l er alltid \u00e5 snakke med sentrale beslutningstakere for \u00e5 bli enige om en rask gjeldsbetaling.<\/p>\n<\/div>\n\n\n\n<div class=\"wp-block-column is-layout-flow wp-block-column-is-layout-flow\" style=\"flex-basis:50%\"><div class=\"wp-block-image\">\n<figure class=\"alignright size-full\"><img loading=\"lazy\" decoding=\"async\" width=\"850\" height=\"667\" src=\"https:\/\/sekundi.eu\/wp-content\/uploads\/2022\/12\/business-consulting-4-pvgn8vv48cbltmrmaq6wb3l2w83guqswsp2yi3xr4e.jpg\" alt=\"\" class=\"wp-image-97\" srcset=\"https:\/\/sekundi.eu\/wp-content\/uploads\/2022\/12\/business-consulting-4-pvgn8vv48cbltmrmaq6wb3l2w83guqswsp2yi3xr4e.jpg 850w, https:\/\/sekundi.eu\/wp-content\/uploads\/2022\/12\/business-consulting-4-pvgn8vv48cbltmrmaq6wb3l2w83guqswsp2yi3xr4e-300x235.jpg 300w, https:\/\/sekundi.eu\/wp-content\/uploads\/2022\/12\/business-consulting-4-pvgn8vv48cbltmrmaq6wb3l2w83guqswsp2yi3xr4e-768x603.jpg 768w\" sizes=\"auto, (max-width: 850px) 100vw, 850px\" \/><\/figure>\n<\/div><\/div>\n<\/div>\n\n<div style=\"height:50px\" aria-hidden=\"true\" class=\"wp-block-spacer\"><\/div>\n\n<div class=\"wp-block-columns is-layout-flex wp-container-core-columns-is-layout-9d6595d7 wp-block-columns-is-layout-flex\">\n<div class=\"wp-block-column is-vertically-aligned-top is-layout-flow wp-block-column-is-layout-flow\" style=\"flex-basis:50%\"><div class=\"wp-block-image\">\n<figure class=\"alignleft size-full\"><img loading=\"lazy\" decoding=\"async\" width=\"850\" height=\"667\" src=\"https:\/\/sekundi.eu\/wp-content\/uploads\/2022\/12\/business-consulting-4-pvgn8vv48cbltmrmaq6wb3l2w83guqswsp2yi3xr4e.jpg\" alt=\"\" class=\"wp-image-97\" srcset=\"https:\/\/sekundi.eu\/wp-content\/uploads\/2022\/12\/business-consulting-4-pvgn8vv48cbltmrmaq6wb3l2w83guqswsp2yi3xr4e.jpg 850w, https:\/\/sekundi.eu\/wp-content\/uploads\/2022\/12\/business-consulting-4-pvgn8vv48cbltmrmaq6wb3l2w83guqswsp2yi3xr4e-300x235.jpg 300w, https:\/\/sekundi.eu\/wp-content\/uploads\/2022\/12\/business-consulting-4-pvgn8vv48cbltmrmaq6wb3l2w83guqswsp2yi3xr4e-768x603.jpg 768w\" sizes=\"auto, (max-width: 850px) 100vw, 850px\" \/><\/figure>\n<\/div><\/div>\n\n\n\n<div class=\"wp-block-column is-vertically-aligned-top is-layout-flow wp-block-column-is-layout-flow advgb-dyn-a44c8acd\" style=\"flex-basis:50%\">\n<h2 class=\"wp-block-heading\"><strong>Hva er kostnadene og gebyrene knyttet til inkasso?<\/strong><\/h2>\n\n\n\n<p>Innkrevingsprovisionen belastes i henhold til gjeldende Sekundi-prisliste.<\/p>\n\n\n\n<p>Ved rettslig inndrivelse beregnes advokatkostnadene, samt rettsgebyret, alltid av gjeldens hovedstol.<\/p>\n\n\n\n<p><\/p>\n<\/div>\n<\/div>\n\n<div style=\"height:50px\" aria-hidden=\"true\" class=\"wp-block-spacer\"><\/div>\n\n<h2 class=\"wp-block-heading\"><strong>Kan inkasso automatiseres for \u00e5 gj\u00f8re det mer effektivt?<\/strong><\/h2>\n\n<p>Vi tror ikke at automatisering av inkassoprosesser kan gj\u00f8re dem mer effektive. Hver gjeld er forskjellig, det samme er l\u00e5ntakeren. Gjenopprettingsprosessen er en forhandlingskunst. <strong>.<\/strong><\/p>\n\n<div style=\"height:20px\" aria-hidden=\"true\" class=\"wp-block-spacer\"><\/div>\n\n<h2 class=\"wp-block-heading\"><strong>Hvem kan bruke v\u00e5rt innsamlingsselskap?<\/strong><\/h2>\n\n<p>Vi f\u00f8rer ikke statistikk over suksessen med inkasso. Vi aksepterer alle tilfeller av inkasso (ikke bare de gode), fordi vi mener at vi kan hjelpe klienten selv ved manglende betaling (vi vil erkl\u00e6re konkurs, foresl\u00e5 andre effektive prosedyrer som sparer kreditors tid og penger, . ..).<\/p>\n\n<div style=\"height:20px\" aria-hidden=\"true\" class=\"wp-block-spacer\"><\/div>\n\n<h2 class=\"wp-block-heading\"><strong>Hvordan forbedre gjenopprettingsprosesser?<\/strong><\/h2>\n\n<p>Debitorkontakt og gjeldsdokumentasjon kan i stor grad forbedre effektiviteten av inkassoprosessen<\/p>\n\n<div style=\"height:50px\" aria-hidden=\"true\" class=\"wp-block-spacer\"><\/div>\n\n<div class=\"wp-block-group alignwide has-bleu-gris-background-color has-background\"><div class=\"wp-block-group__inner-container is-layout-constrained wp-block-group-is-layout-constrained\">\n<div style=\"height:30px\" aria-hidden=\"true\" class=\"wp-block-spacer\"><\/div>\n\n\n\n<p class=\"has-text-align-center marg0 has-marron-color has-text-color has-small-font-size\"><\/p>\n\n\n\n<h2 class=\"has-text-align-center marg0 wp-block-heading\" id=\"titre-2-a8530347-58d4-4393-abd8-f975470a0732\">Ofte stilte sp\u00f8rsm\u00e5l<\/h2>\n\n\n\n<div style=\"height:30px\" aria-hidden=\"true\" class=\"wp-block-spacer\"><\/div>\n\n\n\n<div class=\"wp-block-advgb-accordions advgb-accordion-wrapper\" data-collapsed=\"true\">\n<div class=\"wp-block-advgb-accordion-item advgb-accordion-item\" style=\"margin-bottom:15px\"><div class=\"advgb-accordion-header\" style=\"background-color:#000;color:#eee;border-style:solid;border-width:1px;border-radius:2px\"><span class=\"advgb-accordion-header-icon\"><svg fill=\"#fff\" xmlns=\"http:\/\/www.w3.org\/2000\/svg\" width=\"24\" height=\"24\" viewBox=\"0 0 24 24\"><path fill=\"none\" d=\"M0,0h24v24H0V0z\"><\/path><path d=\"M12,5.83L15.17,9l1.41-1.41L12,3L7.41,7.59L8.83,9L12,5.83z M12,18.17L8.83,15l-1.41,1.41L12,21l4.59-4.59L15.17,15 L12,18.17z\"><\/path><\/svg><\/span><h5 class=\"advgb-accordion-header-title\" style=\"color:inherit\"><strong><strong>1. Hva er de riktige juridiske prosedyrene for \u00e5 samle inn ubetalt gjeld i v\u00e5rt land?<\/strong><\/strong><\/h5><\/div><div class=\"advgb-accordion-body\" style=\"border-style:solid !important;border-width:1px !important;border-color:undefined !important;border-top:none !important;border-radius:2px !important\">\n<p>Prosedyrer p\u00e5 en betalingsordre gir en rask m\u00e5te \u00e5 inndrive et krav p\u00e5. Det krever at kreditor i tilstrekkelig grad underbygger kravets eksistens. Det er ikke n\u00f8dvendig \u00e5 m\u00f8te i retten, da det er en skriftlig prosedyre.<\/p>\n\n\n\n<p>Dersom betaling ikke skjer og skyldneren ikke motsetter seg, vil tvangsfullbyrdelse f\u00f8lge.<\/p>\n<\/div><\/div>\n\n\n\n<div class=\"wp-block-advgb-accordion-item advgb-accordion-item\" style=\"margin-bottom:15px\"><div class=\"advgb-accordion-header\" style=\"background-color:#000;color:#eee;border-style:solid;border-width:1px;border-radius:2px\"><span class=\"advgb-accordion-header-icon\"><svg fill=\"#fff\" xmlns=\"http:\/\/www.w3.org\/2000\/svg\" width=\"24\" height=\"24\" viewBox=\"0 0 24 24\"><path fill=\"none\" d=\"M0,0h24v24H0V0z\"><\/path><path d=\"M12,5.83L15.17,9l1.41-1.41L12,3L7.41,7.59L8.83,9L12,5.83z M12,18.17L8.83,15l-1.41,1.41L12,21l4.59-4.59L15.17,15 L12,18.17z\"><\/path><\/svg><\/span><h5 class=\"advgb-accordion-header-title\" style=\"color:inherit\"><strong><strong>2. Hvordan kan jeg h\u00e5ndtere forholdet til utenlandske debitorer for \u00e5 lette inkasso?<\/strong><\/strong><\/h5><\/div><div class=\"advgb-accordion-body\" style=\"border-style:solid !important;border-width:1px !important;border-color:undefined !important;border-top:none !important;border-radius:2px !important\">\n<p>Vi krever ikke inn utenlandske fordringer. Vi sender dem alltid til v\u00e5re partnere. Vi mener at inkasso b\u00f8r h\u00e5ndteres av et lokalt inkassobyr\u00e5.<\/p>\n<\/div><\/div>\n\n\n\n<div class=\"wp-block-advgb-accordion-item advgb-accordion-item\" style=\"margin-bottom:15px\"><div class=\"advgb-accordion-header\" style=\"background-color:#000;color:#eee;border-style:solid;border-width:1px;border-radius:2px\"><span class=\"advgb-accordion-header-icon\"><svg fill=\"#fff\" xmlns=\"http:\/\/www.w3.org\/2000\/svg\" width=\"24\" height=\"24\" viewBox=\"0 0 24 24\"><path fill=\"none\" d=\"M0,0h24v24H0V0z\"><\/path><path d=\"M12,5.83L15.17,9l1.41-1.41L12,3L7.41,7.59L8.83,9L12,5.83z M12,18.17L8.83,15l-1.41,1.41L12,21l4.59-4.59L15.17,15 L12,18.17z\"><\/path><\/svg><\/span><h5 class=\"advgb-accordion-header-title\" style=\"color:inherit\"><strong><strong>3. Hvordan kan jeg h\u00e5ndtere risikoen knyttet til inkasso?<\/strong><\/strong><\/h5><\/div><div class=\"advgb-accordion-body\" style=\"border-style:solid !important;border-width:1px !important;border-color:undefined !important;border-top:none !important;border-radius:2px !important\">\n<p>Risikoen reduseres n\u00e5r vi kan underbygge v\u00e5re argumenter med dokumenter og fullmakt. P\u00e5 den annen side \u00f8ker risikoen med B2C-fordringer. L\u00e5ntakere, privatpersoner, f\u00f8ler noen ganger at de kan alt. Det er derfor vi beskytter profilene til v\u00e5re ansatte og selskapet.<\/p>\n<\/div><\/div>\n<\/div>\n\n\n\n<div style=\"height:50px\" aria-hidden=\"true\" class=\"wp-block-spacer\"><\/div>\n<\/div><\/div>\n\n<div class=\"wp-block-group alignwide has-marron-background-color has-background\"><div class=\"wp-block-group__inner-container is-layout-constrained wp-block-group-is-layout-constrained\">\n<div style=\"height:30px\" aria-hidden=\"true\" class=\"wp-block-spacer\"><\/div>\n\n\n\n<div class=\"wp-block-columns are-vertically-aligned-center is-layout-flex wp-container-core-columns-is-layout-9d6595d7 wp-block-columns-is-layout-flex\">\n<div class=\"wp-block-column is-vertically-aligned-center is-layout-flow wp-block-column-is-layout-flow\" style=\"flex-basis:66.66%\">\n<p class=\"has-blanc-color has-text-color has-xxlarge-font-size\"><strong>Har du utest\u00e5ende gjeld i et annet land,<\/strong> <strong>og har du problemer med \u00e5 f\u00e5 den betalt?<\/strong><\/p>\n<\/div>\n\n\n\n<div class=\"wp-block-column is-vertically-aligned-center is-layout-flow wp-block-column-is-layout-flow\" style=\"flex-basis:33.33%\">\n<div class=\"wp-block-advgb-button aligncenter advgb-dyn-30c01702\"><a class=\"wp-block-advgb-button_link advgbbtn-3389c334-824e-4629-ab03-2728b6911537\" href=\"https:\/\/sekundi.eu\/no\/send-dine-krav\/\" target=\"_self\" rel=\"noopener noreferrer\"><span><span>Send inn kravet ditt<\/span><\/span><\/a><\/div>\n<\/div>\n<\/div>\n\n\n\n<div style=\"height:30px\" aria-hidden=\"true\" class=\"wp-block-spacer\"><\/div>\n<\/div><\/div>\n\n<div class=\"wp-block-group alignwide network\"><div class=\"wp-block-group__inner-container is-layout-constrained wp-block-group-is-layout-constrained\">\n<div style=\"height:50px\" aria-hidden=\"true\" class=\"wp-block-spacer\"><\/div>\n\n\n\n<p class=\"has-text-align-center marg0 has-marron-clair-color has-text-color has-small-font-size\"><strong>V\u00c5RT NETTVERK<\/strong><\/p>\n\n\n\n<h2 class=\"has-text-align-center marg0 wp-block-heading\">Dekkede land<\/h2>\n\n\n\n<div style=\"height:30px\" aria-hidden=\"true\" class=\"wp-block-spacer\"><\/div>\n\n\n<ul class='country-sitemap'><li><a href='https:\/\/sekundi.eu\/no\/sor-amerika\/'>Inkasso i S\u00f8r-Amerika<\/a><ul><li><a href='https:\/\/sekundi.eu\/no\/sor-amerika\/inkasso-i-chile\/'><i class='fa-solid fa-map-pin'><\/i>Inkasso i Chile<\/a><\/li><li><a href='https:\/\/sekundi.eu\/no\/sor-amerika\/inkasso-i-peru\/'><i class='fa-solid fa-map-pin'><\/i>Inkasso i Peru<\/a><\/li><\/li><\/ul><\/li><\/ul>\n\n\n\n<div style=\"height:50px\" aria-hidden=\"true\" class=\"wp-block-spacer\"><\/div>\n<\/div><\/div>\n<style class=\"advgb-styles-renderer\">.advgbbtn-3389c334-824e-4629-ab03-2728b6911537{font-size:18px;color:#fff !important;background-color:#7f634b !important;margin:0px 0px 0px 0px !important;padding:10px 30px 10px 30px;border-width:1px !important;border-color:#fff !important;border-style:solid !important;border-radius:50px !important;}.advgbbtn-3389c334-824e-4629-ab03-2728b6911537:hover{color:#7f634b !important;background-color:#fff !important;box-shadow:0px 0px 0px 0px #ccc;opacity:1;transition:all 0s ease;}.advgbbtn-3389c334-824e-4629-ab03-2728b6911537 > i {display: none !important;}.advgbbtn-3389c334-824e-4629-ab03-2728b6911537{font-size:18px;color:#fff !important;background-color:#7f634b !important;margin:0px 0px 0px 0px !important;padding:10px 30px 10px 30px;border-width:1px !important;border-color:#fff !important;border-style:solid !important;border-radius:50px !important;}.advgbbtn-3389c334-824e-4629-ab03-2728b6911537:hover{color:#7f634b !important;background-color:#fff !important;box-shadow:0px 0px 0px 0px #ccc;opacity:1;transition:all 0s ease;}.advgbbtn-3389c334-824e-4629-ab03-2728b6911537 > i {display: none !important;}.advgbbtn-3389c334-824e-4629-ab03-2728b6911537{font-size:18px;color:#fff !important;background-color:#7f634b !important;margin:0px 0px 0px 0px !important;padding:10px 30px 10px 30px;border-width:1px !important;border-color:#fff !important;border-style:solid !important;border-radius:50px !important;}.advgbbtn-3389c334-824e-4629-ab03-2728b6911537:hover{color:#7f634b !important;background-color:#fff !important;box-shadow:0px 0px 0px 0px #ccc;opacity:1;transition:all 0s ease;}.advgbbtn-3389c334-824e-4629-ab03-2728b6911537 > i {display: none !important;}.advgbbtn-3389c334-824e-4629-ab03-2728b6911537{font-size:18px;color:#fff !important;background-color:#7f634b !important;margin:0px 0px 0px 0px !important;padding:10px 30px 10px 30px;border-width:1px !important;border-color:#fff !important;border-style:solid !important;border-radius:50px !important;}.advgbbtn-3389c334-824e-4629-ab03-2728b6911537:hover{color:#7f634b !important;background-color:#fff !important;box-shadow:0px 0px 0px 0px #ccc;opacity:1;transition:all 0s ease;}.advgbbtn-3389c334-824e-4629-ab03-2728b6911537 > i {display: none !important;}<\/style>","protected":false},"excerpt":{"rendered":"<p>Inkasso i et fremmed land er aldri en lett oppgave. Det er derfor Sekundi-nettverket tilbyr deg tjenestene til selskaper som spesialiserer seg p\u00e5 innsamling av fakturaer i deres land. Takket v\u00e6re v\u00e5r partner kan vi for eksempel ta vare p\u00e5 \u00e5 samle inn fakturaen din i Tsjekkia eller Slovakia. Hvordan sette opp en effektiv inkassostrategi? [&hellip;]<\/p>\n","protected":false},"author":1,"featured_media":0,"parent":3513,"menu_order":282,"comment_status":"closed","ping_status":"closed","template":"","meta":{"advgb_blocks_editor_width":"","advgb_blocks_columns_visual_guide":"","footnotes":""},"class_list":["post-5322","page","type-page","status-publish","hentry"],"yoast_head":"<!-- This site is optimized with the Yoast SEO plugin v27.5 - https:\/\/yoast.com\/product\/yoast-seo-wordpress\/ -->\n<title>Inkasso i Tsjekkia - Internasjonal gjeldsinnkreving<\/title>\n<meta name=\"description\" content=\"Har du en debitor utenfor landet ditt? Oppdag prosedyrer for \u00e5 gjenopprette ubetalte fakturaer takket v\u00e6re Inkasso i Tsjekkia.\" \/>\n<meta name=\"robots\" content=\"noindex, follow\" \/>\n<meta property=\"og:locale\" content=\"nb_NO\" \/>\n<meta property=\"og:type\" content=\"article\" \/>\n<meta property=\"og:title\" content=\"Inkasso i Tsjekkia - Internasjonal gjeldsinnkreving\" \/>\n<meta property=\"og:description\" content=\"Har du en debitor utenfor landet ditt? Oppdag prosedyrer for \u00e5 gjenopprette ubetalte fakturaer takket v\u00e6re Inkasso i Tsjekkia.\" \/>\n<meta property=\"og:url\" content=\"https:\/\/sekundi.eu\/no\/europa\/inkasso-i-tsjekkia\/\" \/>\n<meta property=\"og:site_name\" content=\"SEKUNDI\" \/>\n<meta property=\"article:modified_time\" content=\"2023-02-14T14:32:08+00:00\" \/>\n<meta property=\"og:image\" content=\"https:\/\/sekundi.eu\/wp-content\/uploads\/2022\/12\/business-consulting-4-pvgn8vv48cbltmrmaq6wb3l2w83guqswsp2yi3xr4e.jpg\" \/>\n<meta name=\"twitter:card\" content=\"summary_large_image\" \/>\n<meta name=\"twitter:label1\" content=\"Ansl. lesetid\" \/>\n\t<meta name=\"twitter:data1\" content=\"2 minutter\" \/>\n<script type=\"application\/ld+json\" class=\"yoast-schema-graph\">{\"@context\":\"https:\\\/\\\/schema.org\",\"@graph\":[{\"@type\":\"WebPage\",\"@id\":\"https:\\\/\\\/sekundi.eu\\\/no\\\/europa\\\/inkasso-i-tsjekkia\\\/\",\"url\":\"https:\\\/\\\/sekundi.eu\\\/no\\\/europa\\\/inkasso-i-tsjekkia\\\/\",\"name\":\"Inkasso i Tsjekkia - Internasjonal gjeldsinnkreving\",\"isPartOf\":{\"@id\":\"https:\\\/\\\/sekundi.eu\\\/#website\"},\"primaryImageOfPage\":{\"@id\":\"https:\\\/\\\/sekundi.eu\\\/no\\\/europa\\\/inkasso-i-tsjekkia\\\/#primaryimage\"},\"image\":{\"@id\":\"https:\\\/\\\/sekundi.eu\\\/no\\\/europa\\\/inkasso-i-tsjekkia\\\/#primaryimage\"},\"thumbnailUrl\":\"https:\\\/\\\/sekundi.eu\\\/wp-content\\\/uploads\\\/2022\\\/12\\\/business-consulting-4-pvgn8vv48cbltmrmaq6wb3l2w83guqswsp2yi3xr4e.jpg\",\"datePublished\":\"2023-02-02T14:59:17+00:00\",\"dateModified\":\"2023-02-14T14:32:08+00:00\",\"description\":\"Har du en debitor utenfor landet ditt? Oppdag prosedyrer for \u00e5 gjenopprette ubetalte fakturaer takket v\u00e6re Inkasso i Tsjekkia.\",\"breadcrumb\":{\"@id\":\"https:\\\/\\\/sekundi.eu\\\/no\\\/europa\\\/inkasso-i-tsjekkia\\\/#breadcrumb\"},\"inLanguage\":\"nb-NO\",\"potentialAction\":[{\"@type\":\"ReadAction\",\"target\":[\"https:\\\/\\\/sekundi.eu\\\/no\\\/europa\\\/inkasso-i-tsjekkia\\\/\"]}]},{\"@type\":\"ImageObject\",\"inLanguage\":\"nb-NO\",\"@id\":\"https:\\\/\\\/sekundi.eu\\\/no\\\/europa\\\/inkasso-i-tsjekkia\\\/#primaryimage\",\"url\":\"https:\\\/\\\/sekundi.eu\\\/wp-content\\\/uploads\\\/2022\\\/12\\\/business-consulting-4-pvgn8vv48cbltmrmaq6wb3l2w83guqswsp2yi3xr4e.jpg\",\"contentUrl\":\"https:\\\/\\\/sekundi.eu\\\/wp-content\\\/uploads\\\/2022\\\/12\\\/business-consulting-4-pvgn8vv48cbltmrmaq6wb3l2w83guqswsp2yi3xr4e.jpg\"},{\"@type\":\"BreadcrumbList\",\"@id\":\"https:\\\/\\\/sekundi.eu\\\/no\\\/europa\\\/inkasso-i-tsjekkia\\\/#breadcrumb\",\"itemListElement\":[{\"@type\":\"ListItem\",\"position\":1,\"name\":\"Accueil\",\"item\":\"https:\\\/\\\/sekundi.eu\\\/no\\\/\"},{\"@type\":\"ListItem\",\"position\":2,\"name\":\"Inkasso i Europa\",\"item\":\"https:\\\/\\\/sekundi.eu\\\/no\\\/europa\\\/\"},{\"@type\":\"ListItem\",\"position\":3,\"name\":\"Inkasso i Tsjekkia\"}]},{\"@type\":\"WebSite\",\"@id\":\"https:\\\/\\\/sekundi.eu\\\/#website\",\"url\":\"https:\\\/\\\/sekundi.eu\\\/\",\"name\":\"SEKUNDI\",\"description\":\"\",\"publisher\":{\"@id\":\"https:\\\/\\\/sekundi.eu\\\/#organization\"},\"potentialAction\":[{\"@type\":\"SearchAction\",\"target\":{\"@type\":\"EntryPoint\",\"urlTemplate\":\"https:\\\/\\\/sekundi.eu\\\/?s={search_term_string}\"},\"query-input\":{\"@type\":\"PropertyValueSpecification\",\"valueRequired\":true,\"valueName\":\"search_term_string\"}}],\"inLanguage\":\"nb-NO\"},{\"@type\":\"Organization\",\"@id\":\"https:\\\/\\\/sekundi.eu\\\/#organization\",\"name\":\"Sekundi\",\"url\":\"https:\\\/\\\/sekundi.eu\\\/\",\"logo\":{\"@type\":\"ImageObject\",\"inLanguage\":\"nb-NO\",\"@id\":\"https:\\\/\\\/sekundi.eu\\\/#\\\/schema\\\/logo\\\/image\\\/\",\"url\":\"https:\\\/\\\/sekundi.eu\\\/wp-content\\\/uploads\\\/2022\\\/12\\\/logo_sekundi.png\",\"contentUrl\":\"https:\\\/\\\/sekundi.eu\\\/wp-content\\\/uploads\\\/2022\\\/12\\\/logo_sekundi.png\",\"width\":171,\"height\":46,\"caption\":\"Sekundi\"},\"image\":{\"@id\":\"https:\\\/\\\/sekundi.eu\\\/#\\\/schema\\\/logo\\\/image\\\/\"}}]}<\/script>\n<!-- \/ Yoast SEO plugin. -->","yoast_head_json":{"title":"Inkasso i Tsjekkia - Internasjonal gjeldsinnkreving","description":"Har du en debitor utenfor landet ditt? Oppdag prosedyrer for \u00e5 gjenopprette ubetalte fakturaer takket v\u00e6re Inkasso i Tsjekkia.","robots":{"index":"noindex","follow":"follow"},"og_locale":"nb_NO","og_type":"article","og_title":"Inkasso i Tsjekkia - Internasjonal gjeldsinnkreving","og_description":"Har du en debitor utenfor landet ditt? Oppdag prosedyrer for \u00e5 gjenopprette ubetalte fakturaer takket v\u00e6re Inkasso i Tsjekkia.","og_url":"https:\/\/sekundi.eu\/no\/europa\/inkasso-i-tsjekkia\/","og_site_name":"SEKUNDI","article_modified_time":"2023-02-14T14:32:08+00:00","og_image":[{"url":"https:\/\/sekundi.eu\/wp-content\/uploads\/2022\/12\/business-consulting-4-pvgn8vv48cbltmrmaq6wb3l2w83guqswsp2yi3xr4e.jpg","type":"","width":"","height":""}],"twitter_card":"summary_large_image","twitter_misc":{"Ansl. lesetid":"2 minutter"},"schema":{"@context":"https:\/\/schema.org","@graph":[{"@type":"WebPage","@id":"https:\/\/sekundi.eu\/no\/europa\/inkasso-i-tsjekkia\/","url":"https:\/\/sekundi.eu\/no\/europa\/inkasso-i-tsjekkia\/","name":"Inkasso i Tsjekkia - Internasjonal gjeldsinnkreving","isPartOf":{"@id":"https:\/\/sekundi.eu\/#website"},"primaryImageOfPage":{"@id":"https:\/\/sekundi.eu\/no\/europa\/inkasso-i-tsjekkia\/#primaryimage"},"image":{"@id":"https:\/\/sekundi.eu\/no\/europa\/inkasso-i-tsjekkia\/#primaryimage"},"thumbnailUrl":"https:\/\/sekundi.eu\/wp-content\/uploads\/2022\/12\/business-consulting-4-pvgn8vv48cbltmrmaq6wb3l2w83guqswsp2yi3xr4e.jpg","datePublished":"2023-02-02T14:59:17+00:00","dateModified":"2023-02-14T14:32:08+00:00","description":"Har du en debitor utenfor landet ditt? Oppdag prosedyrer for \u00e5 gjenopprette ubetalte fakturaer takket v\u00e6re Inkasso i Tsjekkia.","breadcrumb":{"@id":"https:\/\/sekundi.eu\/no\/europa\/inkasso-i-tsjekkia\/#breadcrumb"},"inLanguage":"nb-NO","potentialAction":[{"@type":"ReadAction","target":["https:\/\/sekundi.eu\/no\/europa\/inkasso-i-tsjekkia\/"]}]},{"@type":"ImageObject","inLanguage":"nb-NO","@id":"https:\/\/sekundi.eu\/no\/europa\/inkasso-i-tsjekkia\/#primaryimage","url":"https:\/\/sekundi.eu\/wp-content\/uploads\/2022\/12\/business-consulting-4-pvgn8vv48cbltmrmaq6wb3l2w83guqswsp2yi3xr4e.jpg","contentUrl":"https:\/\/sekundi.eu\/wp-content\/uploads\/2022\/12\/business-consulting-4-pvgn8vv48cbltmrmaq6wb3l2w83guqswsp2yi3xr4e.jpg"},{"@type":"BreadcrumbList","@id":"https:\/\/sekundi.eu\/no\/europa\/inkasso-i-tsjekkia\/#breadcrumb","itemListElement":[{"@type":"ListItem","position":1,"name":"Accueil","item":"https:\/\/sekundi.eu\/no\/"},{"@type":"ListItem","position":2,"name":"Inkasso i Europa","item":"https:\/\/sekundi.eu\/no\/europa\/"},{"@type":"ListItem","position":3,"name":"Inkasso i Tsjekkia"}]},{"@type":"WebSite","@id":"https:\/\/sekundi.eu\/#website","url":"https:\/\/sekundi.eu\/","name":"SEKUNDI","description":"","publisher":{"@id":"https:\/\/sekundi.eu\/#organization"},"potentialAction":[{"@type":"SearchAction","target":{"@type":"EntryPoint","urlTemplate":"https:\/\/sekundi.eu\/?s={search_term_string}"},"query-input":{"@type":"PropertyValueSpecification","valueRequired":true,"valueName":"search_term_string"}}],"inLanguage":"nb-NO"},{"@type":"Organization","@id":"https:\/\/sekundi.eu\/#organization","name":"Sekundi","url":"https:\/\/sekundi.eu\/","logo":{"@type":"ImageObject","inLanguage":"nb-NO","@id":"https:\/\/sekundi.eu\/#\/schema\/logo\/image\/","url":"https:\/\/sekundi.eu\/wp-content\/uploads\/2022\/12\/logo_sekundi.png","contentUrl":"https:\/\/sekundi.eu\/wp-content\/uploads\/2022\/12\/logo_sekundi.png","width":171,"height":46,"caption":"Sekundi"},"image":{"@id":"https:\/\/sekundi.eu\/#\/schema\/logo\/image\/"}}]}},"coauthors":[],"author_meta":{"author_link":"https:\/\/sekundi.eu\/no\/author\/sekimageundi\/","display_name":"Les Imageurs"},"relative_dates":{"created":"Publisert 3 \u00e5r siden","modified":"Oppdatert 3 \u00e5r siden"},"absolute_dates":{"created":"Publisert 2. februar 2023","modified":"Oppdatert 14. februar 2023"},"absolute_dates_time":{"created":"Publisert 2. februar 2023 15:59","modified":"Oppdatert 14. februar 2023 15:32"},"featured_img_caption":"","featured_img":false,"series_order":"","_links":{"self":[{"href":"https:\/\/sekundi.eu\/no\/wp-json\/wp\/v2\/pages\/5322","targetHints":{"allow":["GET"]}}],"collection":[{"href":"https:\/\/sekundi.eu\/no\/wp-json\/wp\/v2\/pages"}],"about":[{"href":"https:\/\/sekundi.eu\/no\/wp-json\/wp\/v2\/types\/page"}],"author":[{"embeddable":true,"href":"https:\/\/sekundi.eu\/no\/wp-json\/wp\/v2\/users\/1"}],"replies":[{"embeddable":true,"href":"https:\/\/sekundi.eu\/no\/wp-json\/wp\/v2\/comments?post=5322"}],"version-history":[{"count":1,"href":"https:\/\/sekundi.eu\/no\/wp-json\/wp\/v2\/pages\/5322\/revisions"}],"predecessor-version":[{"id":5323,"href":"https:\/\/sekundi.eu\/no\/wp-json\/wp\/v2\/pages\/5322\/revisions\/5323"}],"up":[{"embeddable":true,"href":"https:\/\/sekundi.eu\/no\/wp-json\/wp\/v2\/pages\/3513"}],"wp:attachment":[{"href":"https:\/\/sekundi.eu\/no\/wp-json\/wp\/v2\/media?parent=5322"}],"curies":[{"name":"wp","href":"https:\/\/api.w.org\/{rel}","templated":true}]}}