{"id":7716,"date":"2023-05-15T18:32:43","date_gmt":"2023-05-15T16:32:43","guid":{"rendered":"https:\/\/sekundi.eu\/send-dine-krav\/"},"modified":"2023-10-26T09:43:01","modified_gmt":"2023-10-26T07:43:01","slug":"send-dine-krav","status":"publish","type":"page","link":"https:\/\/sekundi.eu\/no\/send-dine-krav\/","title":{"rendered":"Send dine krav"},"content":{"rendered":"\n<div style=\"height:100px\" aria-hidden=\"true\" class=\"wp-block-spacer\"><\/div>\n\n\n\n<div class=\"wp-block-columns alignwide process is-layout-flex wp-container-core-columns-is-layout-9d6595d7 wp-block-columns-is-layout-flex\">\n<div class=\"wp-block-column animated fadeInUp delay-100ms is-layout-flow wp-block-column-is-layout-flow\">\n<p class=\"has-text-align-center process__number has-marron-color has-text-color has-xxxxlarge-font-size\"><strong>1<\/strong><\/p>\n\n\n\n<p class=\"has-text-align-center has-medium-font-size\"><strong><strong>Send dine krav<\/strong><\/strong><\/p>\n\n\n\n<p class=\"has-text-align-center\">Fortell oss i hvilket land du har en utest\u00e5ende betaling, send oss din faktura, og la oss ta oss av alt!<\/p>\n<\/div>\n\n\n\n<div class=\"wp-block-column animated fadeInUp delay-200ms is-layout-flow wp-block-column-is-layout-flow\">\n<p class=\"has-text-align-center process__number has-marron-color has-text-color has-xxxxlarge-font-size\"><strong>2<\/strong><\/p>\n\n\n\n<p class=\"has-text-align-center has-medium-font-size\"><strong>Bli informert<\/strong><\/p>\n\n\n\n<p class=\"has-text-align-center\">Vi holder deg orientert via Intranett 24\/7 om enhver utvikling i kontoene dine og gir rapporter om fremdriften av inkasso p\u00e5 det spr\u00e5ket du velger.<\/p>\n<\/div>\n\n\n\n<div class=\"wp-block-column animated fadeInUp delay-300ms is-layout-flow wp-block-column-is-layout-flow\">\n<p class=\"has-text-align-center process__number has-marron-color has-text-color has-xxxxlarge-font-size\"><strong>3<\/strong><\/p>\n\n\n\n<p class=\"has-text-align-center has-medium-font-size\"><strong>Bli betalt<\/strong><\/p>\n\n\n\n<p class=\"has-text-align-center\">Vi jobber for \u00e5 lykkes, v\u00e5rt m\u00e5l er \u00e5 inndrive kravet ditt i en vinn-vinn-situasjon.<\/p>\n<\/div>\n<\/div>\n\n\n\n<div style=\"height:100px\" aria-hidden=\"true\" class=\"wp-block-spacer\"><\/div>\n\n\n\n<div class=\"wp-block-group has-bleu-gris-background-color has-background\"><div class=\"wp-block-group__inner-container is-layout-constrained wp-block-group-is-layout-constrained\">\n<h2 class=\"wp-block-heading has-text-align-center sans-trait has-bleu-clair-color has-text-color has-xlarge-font-size advgb-dyn-6fb4c393\">LAST OPP KRAVET DITT<\/h2>\n\n\n\n<div style=\"height:31px\" aria-hidden=\"true\" class=\"wp-block-spacer\"><\/div>\n\n\n\n<div style=\"height:31px\" aria-hidden=\"true\" class=\"wp-block-spacer\"><\/div>\n\n\n\n<div class=\"wpcf7 no-js\" id=\"wpcf7-f4903-o1\" lang=\"nb-NO\" dir=\"ltr\" data-wpcf7-id=\"4903\">\n<div class=\"screen-reader-response\"><p role=\"status\" aria-live=\"polite\" aria-atomic=\"true\"><\/p> <ul><\/ul><\/div>\n<form action=\"\/no\/wp-json\/wp\/v2\/pages\/7716#wpcf7-f4903-o1\" method=\"post\" class=\"wpcf7-form init\" aria-label=\"Kontaktskjema\" enctype=\"multipart\/form-data\" novalidate=\"novalidate\" data-status=\"init\">\n<fieldset class=\"hidden-fields-container\"><input type=\"hidden\" name=\"_wpcf7\" value=\"4903\" \/><input type=\"hidden\" name=\"_wpcf7_version\" value=\"6.1.5\" \/><input type=\"hidden\" name=\"_wpcf7_locale\" value=\"nb_NO\" \/><input type=\"hidden\" name=\"_wpcf7_unit_tag\" value=\"wpcf7-f4903-o1\" \/><input type=\"hidden\" name=\"_wpcf7_container_post\" value=\"0\" \/><input type=\"hidden\" name=\"_wpcf7_posted_data_hash\" value=\"\" \/><input type=\"hidden\" name=\"_wpcf7_recaptcha_response\" value=\"\" \/>\n<\/fieldset>\n<p><label><span class=\"wpcf7-form-control-wrap\" data-name=\"your-name\"><input size=\"40\" maxlength=\"400\" class=\"wpcf7-form-control wpcf7-text wpcf7-validates-as-required\" aria-required=\"true\" aria-invalid=\"false\" placeholder=\"Navn*\" value=\"\" type=\"text\" name=\"your-name\" \/><\/span><\/label><br \/>\n<label><span class=\"wpcf7-form-control-wrap\" data-name=\"your-email\"><input size=\"40\" maxlength=\"400\" class=\"wpcf7-form-control wpcf7-email wpcf7-validates-as-required wpcf7-text wpcf7-validates-as-email\" aria-required=\"true\" aria-invalid=\"false\" placeholder=\"E-post*\" value=\"\" type=\"email\" name=\"your-email\" \/><\/span><\/label><br \/>\n<label><span class=\"wpcf7-form-control-wrap\" data-name=\"your-tel\"><input size=\"40\" maxlength=\"400\" class=\"wpcf7-form-control wpcf7-tel wpcf7-text wpcf7-validates-as-tel\" aria-invalid=\"false\" placeholder=\"Telefon\" value=\"\" type=\"tel\" name=\"your-tel\" \/><\/span><\/label><br \/>\n<label><span class=\"wpcf7-form-control-wrap\" data-name=\"your-subject\"><input size=\"40\" maxlength=\"400\" class=\"wpcf7-form-control wpcf7-text wpcf7-validates-as-required\" aria-required=\"true\" aria-invalid=\"false\" placeholder=\"Debitors land\" value=\"\" type=\"text\" name=\"your-subject\" \/><\/span><\/label><br \/>\n<label><span class=\"wpcf7-form-control-wrap\" data-name=\"Invoiceamount\"><input class=\"wpcf7-form-control wpcf7-number wpcf7-validates-as-number\" aria-invalid=\"false\" placeholder=\"Fakturabel\u00f8p\" value=\"\" type=\"number\" name=\"Invoiceamount\" \/><\/span><\/label><br \/>\n<label><span class=\"wpcf7-form-control-wrap\" data-name=\"your-message\"><textarea cols=\"40\" rows=\"10\" maxlength=\"2000\" class=\"wpcf7-form-control wpcf7-textarea\" aria-invalid=\"false\" placeholder=\"Melding\" name=\"your-message\"><\/textarea><\/span> <\/label><br \/>\n<label><span class=\"wpcf7-form-control-wrap\" data-name=\"file-917\"><input size=\"40\" class=\"wpcf7-form-control wpcf7-file\" accept=\".pdf,.doc,.docx,.png,.jpg\" aria-invalid=\"false\" type=\"file\" name=\"file-917\" \/><\/span><span class='fake-file'>Klikk her for \u00e5 sende inn kravet ditt<\/span><\/label><br \/>\n<span class=\"wpcf7-form-control-wrap\" data-name=\"acceptance-919\"><span class=\"wpcf7-form-control wpcf7-acceptance\"><span class=\"wpcf7-list-item\"><label><input type=\"checkbox\" name=\"acceptance-919\" value=\"1\" aria-invalid=\"false\" \/><span class=\"wpcf7-list-item-label\">Ved \u00e5 sende inn dette skjemaet godtar jeg at <a href=\"https:\/\/sekundi.eu\/terms-and-conditions-sekundi\/\" style=\"color:#7f634b;!important\">Vilk\u00e5rene<\/a>.<\/span><\/label><\/span><\/span><\/span><br \/>\n<input class=\"wpcf7-form-control wpcf7-submit has-spinner\" type=\"submit\" value=\"Sende\" \/>\n<\/p><div class=\"wpcf7-response-output\" aria-hidden=\"true\"><\/div>\n<\/form>\n<\/div>\n\n<\/div><\/div>\n\n\n\n<div class=\"wp-block-group alignwide network\"><div class=\"wp-block-group__inner-container is-layout-constrained wp-block-group-is-layout-constrained\">\n<div style=\"height:50px\" aria-hidden=\"true\" class=\"wp-block-spacer\"><\/div>\n\n\n\n<p class=\"has-text-align-center marg0 has-marron-clair-color has-text-color has-small-font-size\"><strong>V\u00c5RT NETTVERK<\/strong><\/p>\n\n\n\n<h2 class=\"has-text-align-center marg0 wp-block-heading\">Dekkede land<\/h2>\n\n\n\n<div style=\"height:30px\" aria-hidden=\"true\" class=\"wp-block-spacer\"><\/div>\n\n\n<ul class='country-sitemap'><li><a href='https:\/\/sekundi.eu\/no\/sor-amerika\/'>Inkasso i S\u00f8r-Amerika<\/a><ul><li><a href='https:\/\/sekundi.eu\/no\/sor-amerika\/inkasso-i-chile\/'><i class='fa-solid fa-map-pin'><\/i>Inkasso i Chile<\/a><\/li><li><a href='https:\/\/sekundi.eu\/no\/sor-amerika\/inkasso-i-peru\/'><i class='fa-solid fa-map-pin'><\/i>Inkasso i Peru<\/a><\/li><\/li><\/ul><\/li><\/ul>\n\n\n\n<div style=\"height:50px\" aria-hidden=\"true\" class=\"wp-block-spacer\"><\/div>\n<\/div><\/div>\n\n\n\n<div class=\"wp-block-group alignfull contact-block pad0 has-bleu-gris-background-color has-background\"><div class=\"wp-block-group__inner-container is-layout-constrained wp-block-group-is-layout-constrained\">\n<div class=\"wp-block-columns break100 margb0 is-layout-flex wp-container-core-columns-is-layout-9d6595d7 wp-block-columns-is-layout-flex\">\n<div class=\"wp-block-column marge is-layout-flow wp-block-column-is-layout-flow\" style=\"flex-basis:40%\">\n<div style=\"height:10px\" aria-hidden=\"true\" class=\"wp-block-spacer\"><\/div>\n\n\n\n<h3 class=\"wp-block-heading sans-trait advgb-dyn-b7fe08a7\"><strong>Finn oss<\/strong><\/h3>\n\n\n\n<p>Sekundi CVBA ble grunnlagt i Brussel 31. oktober 2008 for \u00e5 tilby en verdensomspennende inkassotjeneste. Med mer enn 40 medlemmer i nettverket v\u00e5rt kan vi operere i mer enn 30 land.<\/p>\n\n\n\n<div style=\"height:10px\" aria-hidden=\"true\" class=\"wp-block-spacer\"><\/div>\n\n\n\n<p><strong>Pegasuslaan 5<\/strong><br>1831 Diegem Brussel, Belgia<\/p>\n\n\n\n<hr class=\"wp-block-separator has-text-color has-blanc-color has-css-opacity has-blanc-background-color has-background is-style-wide\"\/>\n\n\n\n<p>contact@sekundi.eu<\/p>\n<\/div>\n\n\n\n<div class=\"wp-block-column visuel is-layout-flow wp-block-column-is-layout-flow\" style=\"flex-basis:60%\">\n<iframe src=\"https:\/\/www.google.com\/maps\/embed?pb=!1m14!1m8!1m3!1d80552.13339835561!2d4.498732!3d50.882006!3m2!1i1024!2i768!4f13.1!3m3!1m2!1s0x47c3dce27a644bf1%3A0xe66ff0a4311cd29c!2sPegasuslaan%205%2C%201831%20Machelen%2C%20Belgique!5e0!3m2!1sfr!2sus!4v1672130083307!5m2!1sfr!2sus\" style=\"border:0;\" allowfullscreen=\"\" loading=\"lazy\" referrerpolicy=\"no-referrer-when-downgrade\" width=\"600\" height=\"450\"><\/iframe>\n<\/div>\n<\/div>\n<\/div><\/div>\n","protected":false},"excerpt":{"rendered":"<p>LAST OPP KRAVET DITT Finn oss Sekundi CVBA ble grunnlagt i Brussel 31. oktober 2008 for \u00e5 tilby en verdensomspennende inkassotjeneste. Med mer enn 40 medlemmer i nettverket v\u00e5rt kan vi operere i mer enn 30 land. Pegasuslaan 51831 Diegem Brussel, Belgia contact@sekundi.eu<\/p>\n","protected":false},"author":2,"featured_media":0,"parent":0,"menu_order":7,"comment_status":"closed","ping_status":"closed","template":"","meta":{"advgb_blocks_editor_width":"","advgb_blocks_columns_visual_guide":"","footnotes":""},"class_list":["post-7716","page","type-page","status-publish","hentry"],"yoast_head":"<!-- This site is optimized with the Yoast SEO plugin v27.6 - https:\/\/yoast.com\/product\/yoast-seo-wordpress\/ -->\n<title>Send dine krav - Internasjonal gjeldsinnkreving<\/title>\n<meta name=\"description\" content=\"Har du en debitor utenfor landet ditt? Oppdag prosedyrer for \u00e5 gjenopprette ubetalte fakturaer takket v\u00e6re Send dine krav.\" \/>\n<meta name=\"robots\" content=\"index, follow, max-snippet:-1, max-image-preview:large, max-video-preview:-1\" \/>\n<link rel=\"canonical\" href=\"https:\/\/sekundi.eu\/no\/send-dine-krav\/\" \/>\n<meta property=\"og:locale\" content=\"nb_NO\" \/>\n<meta property=\"og:type\" content=\"article\" \/>\n<meta property=\"og:title\" content=\"Send dine krav - Internasjonal gjeldsinnkreving\" \/>\n<meta property=\"og:description\" content=\"Har du en debitor utenfor landet ditt? Oppdag prosedyrer for \u00e5 gjenopprette ubetalte fakturaer takket v\u00e6re Send dine krav.\" \/>\n<meta property=\"og:url\" content=\"https:\/\/sekundi.eu\/no\/send-dine-krav\/\" \/>\n<meta property=\"og:site_name\" content=\"SEKUNDI\" \/>\n<meta property=\"article:modified_time\" content=\"2023-10-26T07:43:01+00:00\" \/>\n<meta name=\"twitter:card\" content=\"summary_large_image\" \/>\n<script type=\"application\/ld+json\" class=\"yoast-schema-graph\">{\"@context\":\"https:\\\/\\\/schema.org\",\"@graph\":[{\"@type\":\"WebPage\",\"@id\":\"https:\\\/\\\/sekundi.eu\\\/no\\\/send-dine-krav\\\/\",\"url\":\"https:\\\/\\\/sekundi.eu\\\/no\\\/send-dine-krav\\\/\",\"name\":\"Send dine krav - Internasjonal gjeldsinnkreving\",\"isPartOf\":{\"@id\":\"https:\\\/\\\/sekundi.eu\\\/#website\"},\"datePublished\":\"2023-05-15T16:32:43+00:00\",\"dateModified\":\"2023-10-26T07:43:01+00:00\",\"description\":\"Har du en debitor utenfor landet ditt? Oppdag prosedyrer for \u00e5 gjenopprette ubetalte fakturaer takket v\u00e6re Send dine krav.\",\"breadcrumb\":{\"@id\":\"https:\\\/\\\/sekundi.eu\\\/no\\\/send-dine-krav\\\/#breadcrumb\"},\"inLanguage\":\"nb-NO\",\"potentialAction\":[{\"@type\":\"ReadAction\",\"target\":[\"https:\\\/\\\/sekundi.eu\\\/no\\\/send-dine-krav\\\/\"]}]},{\"@type\":\"BreadcrumbList\",\"@id\":\"https:\\\/\\\/sekundi.eu\\\/no\\\/send-dine-krav\\\/#breadcrumb\",\"itemListElement\":[{\"@type\":\"ListItem\",\"position\":1,\"name\":\"Accueil\",\"item\":\"https:\\\/\\\/sekundi.eu\\\/no\\\/\"},{\"@type\":\"ListItem\",\"position\":2,\"name\":\"Send dine krav\"}]},{\"@type\":\"WebSite\",\"@id\":\"https:\\\/\\\/sekundi.eu\\\/#website\",\"url\":\"https:\\\/\\\/sekundi.eu\\\/\",\"name\":\"SEKUNDI\",\"description\":\"\",\"publisher\":{\"@id\":\"https:\\\/\\\/sekundi.eu\\\/#organization\"},\"potentialAction\":[{\"@type\":\"SearchAction\",\"target\":{\"@type\":\"EntryPoint\",\"urlTemplate\":\"https:\\\/\\\/sekundi.eu\\\/?s={search_term_string}\"},\"query-input\":{\"@type\":\"PropertyValueSpecification\",\"valueRequired\":true,\"valueName\":\"search_term_string\"}}],\"inLanguage\":\"nb-NO\"},{\"@type\":\"Organization\",\"@id\":\"https:\\\/\\\/sekundi.eu\\\/#organization\",\"name\":\"Sekundi\",\"url\":\"https:\\\/\\\/sekundi.eu\\\/\",\"logo\":{\"@type\":\"ImageObject\",\"inLanguage\":\"nb-NO\",\"@id\":\"https:\\\/\\\/sekundi.eu\\\/#\\\/schema\\\/logo\\\/image\\\/\",\"url\":\"https:\\\/\\\/sekundi.eu\\\/wp-content\\\/uploads\\\/2022\\\/12\\\/logo_sekundi.png\",\"contentUrl\":\"https:\\\/\\\/sekundi.eu\\\/wp-content\\\/uploads\\\/2022\\\/12\\\/logo_sekundi.png\",\"width\":171,\"height\":46,\"caption\":\"Sekundi\"},\"image\":{\"@id\":\"https:\\\/\\\/sekundi.eu\\\/#\\\/schema\\\/logo\\\/image\\\/\"}}]}<\/script>\n<!-- \/ Yoast SEO plugin. -->","yoast_head_json":{"title":"Send dine krav - Internasjonal gjeldsinnkreving","description":"Har du en debitor utenfor landet ditt? Oppdag prosedyrer for \u00e5 gjenopprette ubetalte fakturaer takket v\u00e6re Send dine krav.","robots":{"index":"index","follow":"follow","max-snippet":"max-snippet:-1","max-image-preview":"max-image-preview:large","max-video-preview":"max-video-preview:-1"},"canonical":"https:\/\/sekundi.eu\/no\/send-dine-krav\/","og_locale":"nb_NO","og_type":"article","og_title":"Send dine krav - Internasjonal gjeldsinnkreving","og_description":"Har du en debitor utenfor landet ditt? Oppdag prosedyrer for \u00e5 gjenopprette ubetalte fakturaer takket v\u00e6re Send dine krav.","og_url":"https:\/\/sekundi.eu\/no\/send-dine-krav\/","og_site_name":"SEKUNDI","article_modified_time":"2023-10-26T07:43:01+00:00","twitter_card":"summary_large_image","schema":{"@context":"https:\/\/schema.org","@graph":[{"@type":"WebPage","@id":"https:\/\/sekundi.eu\/no\/send-dine-krav\/","url":"https:\/\/sekundi.eu\/no\/send-dine-krav\/","name":"Send dine krav - Internasjonal gjeldsinnkreving","isPartOf":{"@id":"https:\/\/sekundi.eu\/#website"},"datePublished":"2023-05-15T16:32:43+00:00","dateModified":"2023-10-26T07:43:01+00:00","description":"Har du en debitor utenfor landet ditt? Oppdag prosedyrer for \u00e5 gjenopprette ubetalte fakturaer takket v\u00e6re Send dine krav.","breadcrumb":{"@id":"https:\/\/sekundi.eu\/no\/send-dine-krav\/#breadcrumb"},"inLanguage":"nb-NO","potentialAction":[{"@type":"ReadAction","target":["https:\/\/sekundi.eu\/no\/send-dine-krav\/"]}]},{"@type":"BreadcrumbList","@id":"https:\/\/sekundi.eu\/no\/send-dine-krav\/#breadcrumb","itemListElement":[{"@type":"ListItem","position":1,"name":"Accueil","item":"https:\/\/sekundi.eu\/no\/"},{"@type":"ListItem","position":2,"name":"Send dine krav"}]},{"@type":"WebSite","@id":"https:\/\/sekundi.eu\/#website","url":"https:\/\/sekundi.eu\/","name":"SEKUNDI","description":"","publisher":{"@id":"https:\/\/sekundi.eu\/#organization"},"potentialAction":[{"@type":"SearchAction","target":{"@type":"EntryPoint","urlTemplate":"https:\/\/sekundi.eu\/?s={search_term_string}"},"query-input":{"@type":"PropertyValueSpecification","valueRequired":true,"valueName":"search_term_string"}}],"inLanguage":"nb-NO"},{"@type":"Organization","@id":"https:\/\/sekundi.eu\/#organization","name":"Sekundi","url":"https:\/\/sekundi.eu\/","logo":{"@type":"ImageObject","inLanguage":"nb-NO","@id":"https:\/\/sekundi.eu\/#\/schema\/logo\/image\/","url":"https:\/\/sekundi.eu\/wp-content\/uploads\/2022\/12\/logo_sekundi.png","contentUrl":"https:\/\/sekundi.eu\/wp-content\/uploads\/2022\/12\/logo_sekundi.png","width":171,"height":46,"caption":"Sekundi"},"image":{"@id":"https:\/\/sekundi.eu\/#\/schema\/logo\/image\/"}}]}},"coauthors":[],"author_meta":{"author_link":"https:\/\/sekundi.eu\/no\/author\/jeadminussot\/","display_name":"Jeanne CHANUSSOT"},"relative_dates":{"created":"Publisert 3 \u00e5r siden","modified":"Oppdatert 3 \u00e5r siden"},"absolute_dates":{"created":"Publisert 15. mai 2023","modified":"Oppdatert 26. oktober 2023"},"absolute_dates_time":{"created":"Publisert 15. mai 2023 18:32","modified":"Oppdatert 26. oktober 2023 09:43"},"featured_img_caption":"","featured_img":false,"series_order":"","_links":{"self":[{"href":"https:\/\/sekundi.eu\/no\/wp-json\/wp\/v2\/pages\/7716","targetHints":{"allow":["GET"]}}],"collection":[{"href":"https:\/\/sekundi.eu\/no\/wp-json\/wp\/v2\/pages"}],"about":[{"href":"https:\/\/sekundi.eu\/no\/wp-json\/wp\/v2\/types\/page"}],"author":[{"embeddable":true,"href":"https:\/\/sekundi.eu\/no\/wp-json\/wp\/v2\/users\/2"}],"replies":[{"embeddable":true,"href":"https:\/\/sekundi.eu\/no\/wp-json\/wp\/v2\/comments?post=7716"}],"version-history":[{"count":4,"href":"https:\/\/sekundi.eu\/no\/wp-json\/wp\/v2\/pages\/7716\/revisions"}],"predecessor-version":[{"id":8162,"href":"https:\/\/sekundi.eu\/no\/wp-json\/wp\/v2\/pages\/7716\/revisions\/8162"}],"wp:attachment":[{"href":"https:\/\/sekundi.eu\/no\/wp-json\/wp\/v2\/media?parent=7716"}],"curies":[{"name":"wp","href":"https:\/\/api.w.org\/{rel}","templated":true}]}}