{"id":2357,"date":"2022-12-26T10:00:32","date_gmt":"2022-12-26T09:00:32","guid":{"rendered":"https:\/\/sekundi.eu\/cennik\/"},"modified":"2023-02-17T15:26:43","modified_gmt":"2023-02-17T14:26:43","slug":"cennik","status":"publish","type":"page","link":"https:\/\/sekundi.eu\/pl\/cennik\/","title":{"rendered":"Cennik"},"content":{"rendered":"\n<div class=\"wp-block-columns are-vertically-aligned-center is-layout-flex wp-container-core-columns-is-layout-9d6595d7 wp-block-columns-is-layout-flex\">\n<div class=\"wp-block-column is-vertically-aligned-center is-layout-flow wp-block-column-is-layout-flow\">\n<figure class=\"wp-block-image size-full shadow animated fadeInLeft delay-100ms\"><img loading=\"lazy\" decoding=\"async\" width=\"600\" height=\"400\" src=\"https:\/\/sekundi.eu\/wp-content\/uploads\/2023\/02\/recouvrement-internationnal.jpeg\" alt=\"\" class=\"wp-image-2046\" srcset=\"https:\/\/sekundi.eu\/wp-content\/uploads\/2023\/02\/recouvrement-internationnal.jpeg 600w, https:\/\/sekundi.eu\/wp-content\/uploads\/2023\/02\/recouvrement-internationnal-300x200.jpeg 300w\" sizes=\"auto, (max-width: 600px) 100vw, 600px\" \/><\/figure>\n<\/div>\n\n\n\n<div class=\"wp-block-column is-vertically-aligned-center is-layout-flow wp-block-column-is-layout-flow\">\n<h2 class=\"wp-block-heading\">Jedna taryfa dla wszystkich kraj\u00f3w obj\u0119tych ubezpieczeniem<\/h2>\n\n\n\n<p>Sekundi ma jedn\u0105 taryf\u0119 dla ca\u0142ej Europy, kraj\u00f3w WNP, regionu NEMA, wi\u0119kszo\u015bci kraj\u00f3w Afryki, Ameryki P\u00f3\u0142nocnej i cz\u0119\u015bci Ameryki Po\u0142udniowej.<\/p>\n\n\n\n<p>W tych krajach taryfa oparta jest na zasadzie no cure no pay i wynosi 15%.<\/p>\n\n\n\n<p>Tak wi\u0119c p\u0142acisz tylko wtedy, gdy odnosimy sukces, a nast\u0119pnie p\u0142acisz 15% ponad kwot\u0119 wp\u0142acon\u0105.<\/p>\n\n\n\n<p>W pozosta\u0142ych krajach, w kt\u00f3rych mo\u017cemy pom\u00f3c, mo\u017cemy przedstawi\u0107 Ci ofert\u0119, gdy tylko zwr\u00f3cisz si\u0119 do nas o odzyskanie d\u0142ugu.<\/p>\n\n\n\n<p>Zasada no cure no pay ma zastosowanie do fazy celowo\u015bciowej akt.<\/p>\n\n\n\n<p>Je\u015bli b\u0119dziemy musieli i\u015b\u0107 na legalu, co nast\u0105pi tylko po tym, jak klient da zgod\u0119, b\u0119d\u0105 koszty zwi\u0105zane; Koszty te b\u0119d\u0105 transpartant i znane do Ciebie przed rozpocz\u0119ciem procedury prawnej.<\/p>\n<\/div>\n<\/div>\n\n\n\n<div style=\"height:58px\" aria-hidden=\"true\" class=\"wp-block-spacer\"><\/div>\n\n\n\n<div class=\"wp-block-group alignwide has-marron-background-color has-background\"><div class=\"wp-block-group__inner-container is-layout-constrained wp-block-group-is-layout-constrained\">\n<div style=\"height:30px\" aria-hidden=\"true\" class=\"wp-block-spacer\"><\/div>\n\n\n\n<div class=\"wp-block-columns are-vertically-aligned-center is-layout-flex wp-container-core-columns-is-layout-9d6595d7 wp-block-columns-is-layout-flex\">\n<div class=\"wp-block-column is-vertically-aligned-center is-layout-flow wp-block-column-is-layout-flow\" style=\"flex-basis:66.66%\">\n<p class=\"has-blanc-color has-text-color has-xxlarge-font-size\"><strong>Czy masz zaleg\u0142e d\u0142ugi w innym kraju<\/strong> <strong>i masz problemy z ich sp\u0142at\u0105?<\/strong><\/p>\n<\/div>\n\n\n\n<div class=\"wp-block-column is-vertically-aligned-center is-layout-flow wp-block-column-is-layout-flow\" style=\"flex-basis:33.33%\">\n<div class=\"wp-block-advgb-button aligncenter advgb-dyn-3d7aa1a3\"><a class=\"wp-block-advgb-button_link advgbbtn-3f0f76f6-2322-4a40-90ae-7bbd1725b1fa\" href=\"https:\/\/sekundi.eu\/pl\/kontakt\/\" target=\"_self\" rel=\"noopener noreferrer\"><span><span>Zg\u0142o\u015b swoje roszczenie<\/span><\/span><\/a><\/div>\n<\/div>\n<\/div>\n\n\n\n<div style=\"height:30px\" aria-hidden=\"true\" class=\"wp-block-spacer\"><\/div>\n<\/div><\/div>\n\n\n\n<div class=\"wp-block-group alignwide network\"><div class=\"wp-block-group__inner-container is-layout-constrained wp-block-group-is-layout-constrained\">\n<div style=\"height:50px\" aria-hidden=\"true\" class=\"wp-block-spacer\"><\/div>\n\n\n\n<p class=\"has-text-align-center marg0 has-marron-clair-color has-text-color has-small-font-size\"><strong>NASZA SIE\u0106<\/strong><\/p>\n\n\n\n<h2 class=\"has-text-align-center marg0 wp-block-heading\">Kraje obj\u0119te programem<\/h2>\n\n\n\n<div style=\"height:30px\" aria-hidden=\"true\" class=\"wp-block-spacer\"><\/div>\n\n\n<ul class='country-sitemap'><li><a href='https:\/\/sekundi.eu\/pl\/ameryce-poludniowej\/'>Windykacja nale\u017cno\u015bci w Ameryce Po\u0142udniowej<\/a><ul><li><a href='https:\/\/sekundi.eu\/pl\/ameryce-poludniowej\/windykacja-naleznosci-w-chile\/'><i class='fa-solid fa-map-pin'><\/i>Windykacja nale\u017cno\u015bci w Chile<\/a><\/li><li><a href='https:\/\/sekundi.eu\/pl\/ameryce-poludniowej\/windykacja-naleznosci-w-peru\/'><i class='fa-solid fa-map-pin'><\/i>Windykacja nale\u017cno\u015bci w Peru<\/a><\/li><\/li><\/ul><\/li><\/ul>\n\n\n\n<div style=\"height:50px\" aria-hidden=\"true\" class=\"wp-block-spacer\"><\/div>\n<\/div><\/div>\n<style class=\"advgb-styles-renderer\">.advgbbtn-3f0f76f6-2322-4a40-90ae-7bbd1725b1fa{font-size:18px;color:#fff !important;background-color:#7f634b !important;margin:0px 0px 0px 0px !important;padding:10px 30px 10px 30px;border-width:1px !important;border-color:#fff !important;border-style:solid !important;border-radius:50px !important;}.advgbbtn-3f0f76f6-2322-4a40-90ae-7bbd1725b1fa:hover{color:#7f634b !important;background-color:#fff !important;box-shadow:0px 0px 0px 0px #ccc;opacity:1;transition:all 0s ease;}.advgbbtn-3f0f76f6-2322-4a40-90ae-7bbd1725b1fa > i {display: none !important;}.advgbbtn-3f0f76f6-2322-4a40-90ae-7bbd1725b1fa{font-size:18px;color:#fff !important;background-color:#7f634b !important;margin:0px 0px 0px 0px !important;padding:10px 30px 10px 30px;border-width:1px !important;border-color:#fff !important;border-style:solid !important;border-radius:50px !important;}.advgbbtn-3f0f76f6-2322-4a40-90ae-7bbd1725b1fa:hover{color:#7f634b !important;background-color:#fff !important;box-shadow:0px 0px 0px 0px #ccc;opacity:1;transition:all 0s ease;}.advgbbtn-3f0f76f6-2322-4a40-90ae-7bbd1725b1fa > i {display: none !important;}.advgbbtn-3f0f76f6-2322-4a40-90ae-7bbd1725b1fa{font-size:18px;color:#fff !important;background-color:#7f634b !important;margin:0px 0px 0px 0px !important;padding:10px 30px 10px 30px;border-width:1px !important;border-color:#fff !important;border-style:solid !important;border-radius:50px !important;}.advgbbtn-3f0f76f6-2322-4a40-90ae-7bbd1725b1fa:hover{color:#7f634b !important;background-color:#fff !important;box-shadow:0px 0px 0px 0px #ccc;opacity:1;transition:all 0s ease;}.advgbbtn-3f0f76f6-2322-4a40-90ae-7bbd1725b1fa > i {display: none !important;}.advgbbtn-3f0f76f6-2322-4a40-90ae-7bbd1725b1fa{font-size:18px;color:#fff !important;background-color:#7f634b !important;margin:0px 0px 0px 0px !important;padding:10px 30px 10px 30px;border-width:1px !important;border-color:#fff !important;border-style:solid !important;border-radius:50px !important;}.advgbbtn-3f0f76f6-2322-4a40-90ae-7bbd1725b1fa:hover{color:#7f634b !important;background-color:#fff !important;box-shadow:0px 0px 0px 0px #ccc;opacity:1;transition:all 0s ease;}.advgbbtn-3f0f76f6-2322-4a40-90ae-7bbd1725b1fa > i {display: none !important;}<\/style>","protected":false},"excerpt":{"rendered":"<p>Jedna taryfa dla wszystkich kraj\u00f3w obj\u0119tych ubezpieczeniem Sekundi ma jedn\u0105 taryf\u0119 dla ca\u0142ej Europy, kraj\u00f3w WNP, regionu NEMA, wi\u0119kszo\u015bci kraj\u00f3w Afryki, Ameryki P\u00f3\u0142nocnej i cz\u0119\u015bci Ameryki Po\u0142udniowej. W tych krajach taryfa oparta jest na zasadzie no cure no pay i wynosi 15%. Tak wi\u0119c p\u0142acisz tylko wtedy, gdy odnosimy sukces, a nast\u0119pnie p\u0142acisz 15% ponad [&hellip;]<\/p>\n","protected":false},"author":1,"featured_media":0,"parent":0,"menu_order":67,"comment_status":"closed","ping_status":"closed","template":"","meta":{"advgb_blocks_editor_width":"","advgb_blocks_columns_visual_guide":"","footnotes":""},"class_list":["post-2357","page","type-page","status-publish","hentry"],"yoast_head":"<!-- This site is optimized with the Yoast SEO plugin v27.5 - https:\/\/yoast.com\/product\/yoast-seo-wordpress\/ -->\n<title>Cennik - Mi\u0119dzynarodowa windykacja d\u0142ug\u00f3w<\/title>\n<meta name=\"description\" content=\"Sekundi ma jedn\u0105 taryf\u0119 dla ca\u0142ej Europy, kraj\u00f3w WNP, regionu NEMA, wi\u0119kszo\u015bci kraj\u00f3w Afryki, Ameryki P\u00f3\u0142nocnej i cz\u0119\u015bci Ameryki Po\u0142udniowej.\" \/>\n<meta name=\"robots\" content=\"index, follow, max-snippet:-1, max-image-preview:large, max-video-preview:-1\" \/>\n<link rel=\"canonical\" href=\"https:\/\/sekundi.eu\/pl\/cennik\/\" \/>\n<meta property=\"og:locale\" content=\"pl_PL\" \/>\n<meta property=\"og:type\" content=\"article\" \/>\n<meta property=\"og:title\" content=\"Cennik - Mi\u0119dzynarodowa windykacja d\u0142ug\u00f3w\" \/>\n<meta property=\"og:description\" content=\"Sekundi ma jedn\u0105 taryf\u0119 dla ca\u0142ej Europy, kraj\u00f3w WNP, regionu NEMA, wi\u0119kszo\u015bci kraj\u00f3w Afryki, Ameryki P\u00f3\u0142nocnej i cz\u0119\u015bci Ameryki Po\u0142udniowej.\" \/>\n<meta property=\"og:url\" content=\"https:\/\/sekundi.eu\/pl\/cennik\/\" \/>\n<meta property=\"og:site_name\" content=\"SEKUNDI\" \/>\n<meta property=\"article:modified_time\" content=\"2023-02-17T14:26:43+00:00\" \/>\n<meta property=\"og:image\" content=\"https:\/\/sekundi.eu\/wp-content\/uploads\/2023\/02\/recouvrement-internationnal.jpeg\" \/>\n<meta name=\"twitter:card\" content=\"summary_large_image\" \/>\n<meta name=\"twitter:label1\" content=\"Szacowany czas czytania\" \/>\n\t<meta name=\"twitter:data1\" content=\"1 minuta\" \/>\n<script type=\"application\/ld+json\" class=\"yoast-schema-graph\">{\"@context\":\"https:\\\/\\\/schema.org\",\"@graph\":[{\"@type\":\"WebPage\",\"@id\":\"https:\\\/\\\/sekundi.eu\\\/pl\\\/cennik\\\/\",\"url\":\"https:\\\/\\\/sekundi.eu\\\/pl\\\/cennik\\\/\",\"name\":\"Cennik - Mi\u0119dzynarodowa windykacja d\u0142ug\u00f3w\",\"isPartOf\":{\"@id\":\"https:\\\/\\\/sekundi.eu\\\/#website\"},\"primaryImageOfPage\":{\"@id\":\"https:\\\/\\\/sekundi.eu\\\/pl\\\/cennik\\\/#primaryimage\"},\"image\":{\"@id\":\"https:\\\/\\\/sekundi.eu\\\/pl\\\/cennik\\\/#primaryimage\"},\"thumbnailUrl\":\"https:\\\/\\\/sekundi.eu\\\/wp-content\\\/uploads\\\/2023\\\/02\\\/recouvrement-internationnal.jpeg\",\"datePublished\":\"2022-12-26T09:00:32+00:00\",\"dateModified\":\"2023-02-17T14:26:43+00:00\",\"description\":\"Sekundi ma jedn\u0105 taryf\u0119 dla ca\u0142ej Europy, kraj\u00f3w WNP, regionu NEMA, wi\u0119kszo\u015bci kraj\u00f3w Afryki, Ameryki P\u00f3\u0142nocnej i cz\u0119\u015bci Ameryki Po\u0142udniowej.\",\"breadcrumb\":{\"@id\":\"https:\\\/\\\/sekundi.eu\\\/pl\\\/cennik\\\/#breadcrumb\"},\"inLanguage\":\"pl-PL\",\"potentialAction\":[{\"@type\":\"ReadAction\",\"target\":[\"https:\\\/\\\/sekundi.eu\\\/pl\\\/cennik\\\/\"]}]},{\"@type\":\"ImageObject\",\"inLanguage\":\"pl-PL\",\"@id\":\"https:\\\/\\\/sekundi.eu\\\/pl\\\/cennik\\\/#primaryimage\",\"url\":\"https:\\\/\\\/sekundi.eu\\\/wp-content\\\/uploads\\\/2023\\\/02\\\/recouvrement-internationnal.jpeg\",\"contentUrl\":\"https:\\\/\\\/sekundi.eu\\\/wp-content\\\/uploads\\\/2023\\\/02\\\/recouvrement-internationnal.jpeg\"},{\"@type\":\"BreadcrumbList\",\"@id\":\"https:\\\/\\\/sekundi.eu\\\/pl\\\/cennik\\\/#breadcrumb\",\"itemListElement\":[{\"@type\":\"ListItem\",\"position\":1,\"name\":\"Accueil\",\"item\":\"https:\\\/\\\/sekundi.eu\\\/pl\\\/\"},{\"@type\":\"ListItem\",\"position\":2,\"name\":\"Cennik\"}]},{\"@type\":\"WebSite\",\"@id\":\"https:\\\/\\\/sekundi.eu\\\/#website\",\"url\":\"https:\\\/\\\/sekundi.eu\\\/\",\"name\":\"SEKUNDI\",\"description\":\"\",\"publisher\":{\"@id\":\"https:\\\/\\\/sekundi.eu\\\/#organization\"},\"potentialAction\":[{\"@type\":\"SearchAction\",\"target\":{\"@type\":\"EntryPoint\",\"urlTemplate\":\"https:\\\/\\\/sekundi.eu\\\/?s={search_term_string}\"},\"query-input\":{\"@type\":\"PropertyValueSpecification\",\"valueRequired\":true,\"valueName\":\"search_term_string\"}}],\"inLanguage\":\"pl-PL\"},{\"@type\":\"Organization\",\"@id\":\"https:\\\/\\\/sekundi.eu\\\/#organization\",\"name\":\"Sekundi\",\"url\":\"https:\\\/\\\/sekundi.eu\\\/\",\"logo\":{\"@type\":\"ImageObject\",\"inLanguage\":\"pl-PL\",\"@id\":\"https:\\\/\\\/sekundi.eu\\\/#\\\/schema\\\/logo\\\/image\\\/\",\"url\":\"https:\\\/\\\/sekundi.eu\\\/wp-content\\\/uploads\\\/2022\\\/12\\\/logo_sekundi.png\",\"contentUrl\":\"https:\\\/\\\/sekundi.eu\\\/wp-content\\\/uploads\\\/2022\\\/12\\\/logo_sekundi.png\",\"width\":171,\"height\":46,\"caption\":\"Sekundi\"},\"image\":{\"@id\":\"https:\\\/\\\/sekundi.eu\\\/#\\\/schema\\\/logo\\\/image\\\/\"}}]}<\/script>\n<!-- \/ Yoast SEO plugin. -->","yoast_head_json":{"title":"Cennik - Mi\u0119dzynarodowa windykacja d\u0142ug\u00f3w","description":"Sekundi ma jedn\u0105 taryf\u0119 dla ca\u0142ej Europy, kraj\u00f3w WNP, regionu NEMA, wi\u0119kszo\u015bci kraj\u00f3w Afryki, Ameryki P\u00f3\u0142nocnej i cz\u0119\u015bci Ameryki Po\u0142udniowej.","robots":{"index":"index","follow":"follow","max-snippet":"max-snippet:-1","max-image-preview":"max-image-preview:large","max-video-preview":"max-video-preview:-1"},"canonical":"https:\/\/sekundi.eu\/pl\/cennik\/","og_locale":"pl_PL","og_type":"article","og_title":"Cennik - Mi\u0119dzynarodowa windykacja d\u0142ug\u00f3w","og_description":"Sekundi ma jedn\u0105 taryf\u0119 dla ca\u0142ej Europy, kraj\u00f3w WNP, regionu NEMA, wi\u0119kszo\u015bci kraj\u00f3w Afryki, Ameryki P\u00f3\u0142nocnej i cz\u0119\u015bci Ameryki Po\u0142udniowej.","og_url":"https:\/\/sekundi.eu\/pl\/cennik\/","og_site_name":"SEKUNDI","article_modified_time":"2023-02-17T14:26:43+00:00","og_image":[{"url":"https:\/\/sekundi.eu\/wp-content\/uploads\/2023\/02\/recouvrement-internationnal.jpeg","type":"","width":"","height":""}],"twitter_card":"summary_large_image","twitter_misc":{"Szacowany czas czytania":"1 minuta"},"schema":{"@context":"https:\/\/schema.org","@graph":[{"@type":"WebPage","@id":"https:\/\/sekundi.eu\/pl\/cennik\/","url":"https:\/\/sekundi.eu\/pl\/cennik\/","name":"Cennik - Mi\u0119dzynarodowa windykacja d\u0142ug\u00f3w","isPartOf":{"@id":"https:\/\/sekundi.eu\/#website"},"primaryImageOfPage":{"@id":"https:\/\/sekundi.eu\/pl\/cennik\/#primaryimage"},"image":{"@id":"https:\/\/sekundi.eu\/pl\/cennik\/#primaryimage"},"thumbnailUrl":"https:\/\/sekundi.eu\/wp-content\/uploads\/2023\/02\/recouvrement-internationnal.jpeg","datePublished":"2022-12-26T09:00:32+00:00","dateModified":"2023-02-17T14:26:43+00:00","description":"Sekundi ma jedn\u0105 taryf\u0119 dla ca\u0142ej Europy, kraj\u00f3w WNP, regionu NEMA, wi\u0119kszo\u015bci kraj\u00f3w Afryki, Ameryki P\u00f3\u0142nocnej i cz\u0119\u015bci Ameryki Po\u0142udniowej.","breadcrumb":{"@id":"https:\/\/sekundi.eu\/pl\/cennik\/#breadcrumb"},"inLanguage":"pl-PL","potentialAction":[{"@type":"ReadAction","target":["https:\/\/sekundi.eu\/pl\/cennik\/"]}]},{"@type":"ImageObject","inLanguage":"pl-PL","@id":"https:\/\/sekundi.eu\/pl\/cennik\/#primaryimage","url":"https:\/\/sekundi.eu\/wp-content\/uploads\/2023\/02\/recouvrement-internationnal.jpeg","contentUrl":"https:\/\/sekundi.eu\/wp-content\/uploads\/2023\/02\/recouvrement-internationnal.jpeg"},{"@type":"BreadcrumbList","@id":"https:\/\/sekundi.eu\/pl\/cennik\/#breadcrumb","itemListElement":[{"@type":"ListItem","position":1,"name":"Accueil","item":"https:\/\/sekundi.eu\/pl\/"},{"@type":"ListItem","position":2,"name":"Cennik"}]},{"@type":"WebSite","@id":"https:\/\/sekundi.eu\/#website","url":"https:\/\/sekundi.eu\/","name":"SEKUNDI","description":"","publisher":{"@id":"https:\/\/sekundi.eu\/#organization"},"potentialAction":[{"@type":"SearchAction","target":{"@type":"EntryPoint","urlTemplate":"https:\/\/sekundi.eu\/?s={search_term_string}"},"query-input":{"@type":"PropertyValueSpecification","valueRequired":true,"valueName":"search_term_string"}}],"inLanguage":"pl-PL"},{"@type":"Organization","@id":"https:\/\/sekundi.eu\/#organization","name":"Sekundi","url":"https:\/\/sekundi.eu\/","logo":{"@type":"ImageObject","inLanguage":"pl-PL","@id":"https:\/\/sekundi.eu\/#\/schema\/logo\/image\/","url":"https:\/\/sekundi.eu\/wp-content\/uploads\/2022\/12\/logo_sekundi.png","contentUrl":"https:\/\/sekundi.eu\/wp-content\/uploads\/2022\/12\/logo_sekundi.png","width":171,"height":46,"caption":"Sekundi"},"image":{"@id":"https:\/\/sekundi.eu\/#\/schema\/logo\/image\/"}}]}},"coauthors":[],"author_meta":{"author_link":"https:\/\/sekundi.eu\/pl\/author\/sekimageundi\/","display_name":"Les Imageurs"},"relative_dates":{"created":"Opublikowano 3 lata temu","modified":"Zaktualizowano 3 lata temu"},"absolute_dates":{"created":"Opublikowano 2022-12-26","modified":"Zaktualizowano 2023-02-17"},"absolute_dates_time":{"created":"Opublikowano 2022-12-26 10:00","modified":"Zaktualizowano 2023-02-17 15:26"},"featured_img_caption":"","featured_img":false,"series_order":"","_links":{"self":[{"href":"https:\/\/sekundi.eu\/pl\/wp-json\/wp\/v2\/pages\/2357","targetHints":{"allow":["GET"]}}],"collection":[{"href":"https:\/\/sekundi.eu\/pl\/wp-json\/wp\/v2\/pages"}],"about":[{"href":"https:\/\/sekundi.eu\/pl\/wp-json\/wp\/v2\/types\/page"}],"author":[{"embeddable":true,"href":"https:\/\/sekundi.eu\/pl\/wp-json\/wp\/v2\/users\/1"}],"replies":[{"embeddable":true,"href":"https:\/\/sekundi.eu\/pl\/wp-json\/wp\/v2\/comments?post=2357"}],"version-history":[{"count":2,"href":"https:\/\/sekundi.eu\/pl\/wp-json\/wp\/v2\/pages\/2357\/revisions"}],"predecessor-version":[{"id":6388,"href":"https:\/\/sekundi.eu\/pl\/wp-json\/wp\/v2\/pages\/2357\/revisions\/6388"}],"wp:attachment":[{"href":"https:\/\/sekundi.eu\/pl\/wp-json\/wp\/v2\/media?parent=2357"}],"curies":[{"name":"wp","href":"https:\/\/api.w.org\/{rel}","templated":true}]}}