{"id":2398,"date":"2022-12-26T09:59:57","date_gmt":"2022-12-26T08:59:57","guid":{"rendered":"https:\/\/sekundi.eu\/sekundi\/"},"modified":"2025-01-07T16:45:24","modified_gmt":"2025-01-07T15:45:24","slug":"sekundi","status":"publish","type":"page","link":"https:\/\/sekundi.eu\/pl\/sekundi\/","title":{"rendered":"Sekundi : Windykacja nale\u017cno\u015bci na ca\u0142ym \u015bwiecie"},"content":{"rendered":"\n<div style=\"height:30px\" aria-hidden=\"true\" class=\"wp-block-spacer\"><\/div>\n\n\n\n<div style=\"height:30px\" aria-hidden=\"true\" class=\"wp-block-spacer\"><\/div>\n\n\n\n<div class=\"wp-block-columns is-layout-flex wp-container-core-columns-is-layout-9d6595d7 wp-block-columns-is-layout-flex\">\n<div class=\"wp-block-column animated fadeIn delay-100ms is-layout-flow wp-block-column-is-layout-flow\">\n<p class=\"has-marron-clair-color has-text-color has-small-font-size\"><strong>MI\u0118DZYNARODOWA WINDYKACJA NALE\u017bNO\u015aCI<\/strong><\/p>\n\n\n\n<h2 class=\"wp-block-heading marg0\" id=\"debt-collection-worldwide-69394841-8e5e-43bb-8c94-ebd49164984b\"><strong>Windykacja nale\u017cno\u015bci na ca\u0142ym \u015bwiecie<\/strong><\/h2>\n\n\n\n<p>Opieraj\u0105c si\u0119 na wielu wieloletnich do\u015bwiadczeniach, nasi lokalni eksperci gwarantuj\u0105 skuteczn\u0105 windykacj\u0119 Pa\u0144stwa nale\u017cno\u015bci. Sekundi mo\u017ce zaoferowa\u0107 windykacj\u0119 polubown\u0105, jak r\u00f3wnie\u017c windykacj\u0119 sporn\u0105 na drodze s\u0105dowej.<\/p>\n\n\n\n<p>Sekundi stawia sobie za punkt honoru uczciwe traktowanie d\u0142u\u017cnik\u00f3w, nawet je\u015bli sami nie wywi\u0105zali si\u0119 z p\u0142atno\u015bci faktur, aby nie nara\u017ca\u0107 na szwank relacji handlowych, kt\u00f3re piel\u0119gnuje si\u0119 z klientami.<\/p>\n\n\n\n<div style=\"height:30px\" aria-hidden=\"true\" class=\"wp-block-spacer\"><\/div>\n\n\n\n<div class=\"wp-block-advgb-button alignnone\"><a class=\"wp-block-advgb-button_link advgbbtn-c527b67f-5019-46e5-a44e-39326bb26383\" href=\"https:\/\/sekundi.eu\/contact\/\" target=\"_self\" rel=\"noopener noreferrer\"><span>Kontakt-us<\/span><\/a><\/div>\n<\/div>\n\n\n\n<div class=\"wp-block-column animated fadeInUp delay-1s is-layout-flow wp-block-column-is-layout-flow\">\n<figure class=\"wp-block-embed is-type-video is-provider-youtube wp-block-embed-youtube wp-embed-aspect-4-3 wp-has-aspect-ratio\"><div class=\"wp-block-embed__wrapper\">\n<iframe loading=\"lazy\" title=\"Sekundi network\" width=\"500\" height=\"375\" src=\"https:\/\/www.youtube.com\/embed\/ZscblyRS6uQ?feature=oembed\" frameborder=\"0\" allow=\"accelerometer; autoplay; clipboard-write; encrypted-media; gyroscope; picture-in-picture; web-share\" referrerpolicy=\"strict-origin-when-cross-origin\" allowfullscreen><\/iframe>\n<\/div><\/figure>\n<\/div>\n<\/div>\n\n\n\n<div style=\"height:50px\" aria-hidden=\"true\" class=\"wp-block-spacer\"><\/div>\n\n\n\n<div class=\"wp-block-columns is-layout-flex wp-container-core-columns-is-layout-9d6595d7 wp-block-columns-is-layout-flex\">\n<div class=\"wp-block-column animated fadeIn delay-200ms is-layout-flow wp-block-column-is-layout-flow\">\n<figure class=\"wp-block-image size-full\"><img loading=\"lazy\" decoding=\"async\" width=\"600\" height=\"400\" src=\"https:\/\/sekundi.eu\/wp-content\/uploads\/2023\/02\/pourquoi-les-services-ssp-collect-min.jpeg\" alt=\"\" class=\"wp-image-1843\" srcset=\"https:\/\/sekundi.eu\/wp-content\/uploads\/2023\/02\/pourquoi-les-services-ssp-collect-min.jpeg 600w, https:\/\/sekundi.eu\/wp-content\/uploads\/2023\/02\/pourquoi-les-services-ssp-collect-min-300x200.jpeg 300w\" sizes=\"auto, (max-width: 600px) 100vw, 600px\" \/><\/figure>\n<\/div>\n\n\n\n<div class=\"wp-block-column animated fadeIn delay-200ms is-layout-flow wp-block-column-is-layout-flow\">\n<h3 class=\"wp-block-heading marg0\">Windykacja B2B niezap\u0142aconych faktur<\/h3>\n\n\n\n<p><strong>W przypadku d\u0142ug\u00f3w zaliczanych do kategorii Business-to-Business,<\/strong><\/p>\n\n\n\n<p>Nale\u017cy pami\u0119ta\u0107 o dw\u00f3ch zasadniczych kwestiach: szybkim, natychmiastowym podej\u015bciu i uwzgl\u0119dnieniu specyficznych wymaga\u0144 Pa\u0144stwa firmy.<\/p>\n\n\n\n<p>Mimo, \u017ce koncentrujemy si\u0119 na odzyskaniu Pa\u0144stwa nale\u017cno\u015bci, nigdy nie porzucamy zasad szacunku i etyki, co pozwala Pa\u0144stwu na kontynuowanie relacji handlowych z d\u0142u\u017cnikiem. Dlatego wiele firm, niezale\u017cnie od ich wielko\u015bci, powierza nam zarz\u0105dzanie wierzytelno\u015bciami handlowymi i windykacj\u0119 niezap\u0142aconych faktur.<\/p>\n\n\n\n<div class=\"wp-block-advgb-accordions advgb-accordions-cfe6aee6-69ed-4f8c-aecc-e9a6542e5749 advgb-accordion-wrapper\" data-collapsed=\"true\">\n<div class=\"wp-block-advgb-accordion-item advgb-accordion-item\" style=\"margin-bottom:15px\"><div class=\"advgb-accordion-header\" style=\"background-color:#000;color:#eee;border-style:solid;border-width:1px;border-radius:2px\"><span class=\"advgb-accordion-header-icon\"><svg fill=\"#fff\" xmlns=\"http:\/\/www.w3.org\/2000\/svg\" width=\"24\" height=\"24\" viewBox=\"0 0 24 24\"><path fill=\"none\" d=\"M0,0h24v24H0V0z\"><\/path><path d=\"M12,5.83L15.17,9l1.41-1.41L12,3L7.41,7.59L8.83,9L12,5.83z M12,18.17L8.83,15l-1.41,1.41L12,21l4.59-4.59L15.17,15 L12,18.17z\"><\/path><\/svg><\/span><h4 class=\"advgb-accordion-header-title\" style=\"color:inherit\">Header text<\/h4><\/div><div class=\"advgb-accordion-body\" style=\"border-style:solid !important;border-width:1px !important;border-color:undefined !important;border-top:none !important;border-radius:2px !important\"><\/div><\/div>\n<\/div>\n<\/div>\n<\/div>\n\n\n\n<div style=\"height:75px\" aria-hidden=\"true\" class=\"wp-block-spacer\"><\/div>\n\n\n\n<div class=\"wp-block-columns is-layout-flex wp-container-core-columns-is-layout-9d6595d7 wp-block-columns-is-layout-flex\">\n<div class=\"wp-block-column is-layout-flow wp-block-column-is-layout-flow\">\n<h3 class=\"wp-block-heading marg0\">Windykacja B2C<\/h3>\n\n\n\n<p><strong>Spadaj\u0105ca si\u0142a nabywcza i rosn\u0105ca liczba z\u0142ych p\u0142atnik\u00f3w to dwa zjawiska definiuj\u0105ce nasze czasy.<\/strong><\/p>\n\n\n\n<p>W obszarze B2C firmy musz\u0105 wi\u0119c radzi\u0107 sobie z coraz p\u00f3\u017aniejszymi p\u0142atno\u015bciami, z coraz wi\u0119kszymi zobowi\u0105zaniami klient\u00f3w i z ka\u017cdym powa\u017cniejszym brakiem p\u0142atno\u015bci. W trudnym kontek\u015bcie ekonomicznym i coraz ostrzejszej konkurencji, w zarz\u0105dzaniu wierzytelno\u015bciami kluczowe jest, aby wszelkie procesy windykacyjne by\u0142y szybkie i skuteczne, a informacje o wyp\u0142acalno\u015bci klienta aktualne.<\/p>\n\n\n\n<p>Aby skutecznie zarz\u0105dza\u0107 nale\u017cno\u015bciami klient\u00f3w, musz\u0105 wyst\u0105pi\u0107 dwa czynniki: skuteczne narz\u0119dzia i ludzie, kt\u00f3rzy wiedz\u0105, jak je wykorzysta\u0107 z profesjonalizmem i zr\u0119czno\u015bci\u0105.<\/p>\n\n\n\n<p>Nasza specjalizacja gwarantuje szybk\u0105 windykacj\u0119, a tym samym obni\u017cenie zad\u0142u\u017cenia. Tym bardziej, gdy d\u0142ug jest oflagowany szybko, bez zw\u0142oki.<\/p>\n\n\n\n<p>Od zlokalizowania adresu, poprzez przeprowadzenie dochodzenia online w sprawie wyp\u0142acalno\u015bci i wywiadu handlowego, a\u017c po windykacj\u0119 polubown\u0105 i sporn\u0105: mo\u017cemy dostarczy\u0107 Ci informacji i us\u0142ug, kt\u00f3rych potrzebujesz, aby zwi\u0119kszy\u0107 og\u00f3ln\u0105 wydajno\u015b\u0107 i spr\u00f3bowa\u0107 zapobiec zaleg\u0142o\u015bciom w p\u0142atno\u015bciach. Jeste\u015bmy kompetentnym partnerem, je\u015bli chodzi o rozwi\u0105zania w zakresie windykacji i oceny wyp\u0142acalno\u015bci w sektorze B2C.<\/p>\n\n\n\n<div class=\"wp-block-advgb-accordions advgb-accordions-19f45910-d3ca-485f-89a2-ec14b3eb7ddf advgb-accordion-wrapper\" data-collapsed=\"true\">\n<div class=\"wp-block-advgb-accordion-item advgb-accordion-item\" style=\"margin-bottom:15px\"><div class=\"advgb-accordion-header\" style=\"background-color:#000;color:#eee;border-style:solid;border-width:1px;border-radius:2px\"><span class=\"advgb-accordion-header-icon\"><svg fill=\"#fff\" xmlns=\"http:\/\/www.w3.org\/2000\/svg\" width=\"24\" height=\"24\" viewBox=\"0 0 24 24\"><path fill=\"none\" d=\"M0,0h24v24H0V0z\"><\/path><path d=\"M12,5.83L15.17,9l1.41-1.41L12,3L7.41,7.59L8.83,9L12,5.83z M12,18.17L8.83,15l-1.41,1.41L12,21l4.59-4.59L15.17,15 L12,18.17z\"><\/path><\/svg><\/span><h4 class=\"advgb-accordion-header-title\" style=\"color:inherit\">Header text<\/h4><\/div><div class=\"advgb-accordion-body\" style=\"border-style:solid !important;border-width:1px !important;border-color:undefined !important;border-top:none !important;border-radius:2px !important\"><\/div><\/div>\n<\/div>\n<\/div>\n\n\n\n<div class=\"wp-block-column is-layout-flow wp-block-column-is-layout-flow\">\n<figure class=\"wp-block-image size-full\"><img loading=\"lazy\" decoding=\"async\" width=\"600\" height=\"399\" src=\"https:\/\/sekundi.eu\/wp-content\/uploads\/2023\/02\/chequeasy-1-min.jpeg\" alt=\"\" class=\"wp-image-1849\" srcset=\"https:\/\/sekundi.eu\/wp-content\/uploads\/2023\/02\/chequeasy-1-min.jpeg 600w, https:\/\/sekundi.eu\/wp-content\/uploads\/2023\/02\/chequeasy-1-min-300x200.jpeg 300w\" sizes=\"auto, (max-width: 600px) 100vw, 600px\" \/><\/figure>\n\n\n\n<figure class=\"wp-block-image size-full\"><img loading=\"lazy\" decoding=\"async\" width=\"602\" height=\"400\" src=\"https:\/\/sekundi.eu\/wp-content\/uploads\/2023\/02\/Soft-collect-entete.jpeg\" alt=\"\" class=\"wp-image-1832\" srcset=\"https:\/\/sekundi.eu\/wp-content\/uploads\/2023\/02\/Soft-collect-entete.jpeg 602w, https:\/\/sekundi.eu\/wp-content\/uploads\/2023\/02\/Soft-collect-entete-300x199.jpeg 300w\" sizes=\"auto, (max-width: 602px) 100vw, 602px\" \/><\/figure>\n<\/div>\n<\/div>\n\n\n\n<div style=\"height:50px\" aria-hidden=\"true\" class=\"wp-block-spacer\"><\/div>\n\n\n\n<div class=\"wp-block-group alignwide has-marron-background-color has-background\"><div class=\"wp-block-group__inner-container is-layout-constrained wp-block-group-is-layout-constrained\">\n<div style=\"height:30px\" aria-hidden=\"true\" class=\"wp-block-spacer\"><\/div>\n\n\n\n<div class=\"wp-block-columns are-vertically-aligned-center is-layout-flex wp-container-core-columns-is-layout-9d6595d7 wp-block-columns-is-layout-flex\">\n<div class=\"wp-block-column is-vertically-aligned-center is-layout-flow wp-block-column-is-layout-flow\" style=\"flex-basis:66.66%\">\n<p class=\"has-blanc-color has-text-color has-xxlarge-font-size\"><strong>Czy masz zaleg\u0142e d\u0142ugi w innym kraju<\/strong> <strong>i masz problemy z ich sp\u0142at\u0105?<\/strong><\/p>\n<\/div>\n\n\n\n<div class=\"wp-block-column is-vertically-aligned-center is-layout-flow wp-block-column-is-layout-flow\" style=\"flex-basis:33.33%\">\n<div class=\"wp-block-advgb-button aligncenter advgb-dyn-3d7aa1a3\"><a class=\"wp-block-advgb-button_link advgbbtn-3f0f76f6-2322-4a40-90ae-7bbd1725b1fa\" href=\"https:\/\/sekundi.eu\/pl\/kontakt\/\" target=\"_self\" rel=\"noopener noreferrer\"><span><span>Zg\u0142o\u015b swoje roszczenie<\/span><\/span><\/a><\/div>\n<\/div>\n<\/div>\n\n\n\n<div style=\"height:30px\" aria-hidden=\"true\" class=\"wp-block-spacer\"><\/div>\n<\/div><\/div>\n\n\n\n<div class=\"wp-block-group alignwide network\"><div class=\"wp-block-group__inner-container is-layout-constrained wp-block-group-is-layout-constrained\">\n<div style=\"height:50px\" aria-hidden=\"true\" class=\"wp-block-spacer\"><\/div>\n\n\n\n<p class=\"has-text-align-center marg0 has-marron-clair-color has-text-color has-small-font-size\"><strong>NASZA SIE\u0106<\/strong><\/p>\n\n\n\n<h2 class=\"has-text-align-center marg0 wp-block-heading\">Kraje obj\u0119te programem<\/h2>\n\n\n\n<div style=\"height:30px\" aria-hidden=\"true\" class=\"wp-block-spacer\"><\/div>\n\n\n<ul class='country-sitemap'><li><a href='https:\/\/sekundi.eu\/pl\/ameryce-poludniowej\/'>Windykacja nale\u017cno\u015bci w Ameryce Po\u0142udniowej<\/a><ul><li><a href='https:\/\/sekundi.eu\/pl\/ameryce-poludniowej\/windykacja-naleznosci-w-chile\/'><i class='fa-solid fa-map-pin'><\/i>Windykacja nale\u017cno\u015bci w Chile<\/a><\/li><li><a href='https:\/\/sekundi.eu\/pl\/ameryce-poludniowej\/windykacja-naleznosci-w-peru\/'><i class='fa-solid fa-map-pin'><\/i>Windykacja nale\u017cno\u015bci w Peru<\/a><\/li><\/li><\/ul><\/li><\/ul>\n\n\n\n<div style=\"height:50px\" aria-hidden=\"true\" class=\"wp-block-spacer\"><\/div>\n<\/div><\/div>\n<style class=\"advgb-styles-renderer\">.advgbbtn-c527b67f-5019-46e5-a44e-39326bb26383{font-size:18px;color:#2f2f2f !important;background-color:#fff !important;margin:0px 0px 0px 0px !important;padding:10px 30px 10px 30px;border-width:3px !important;border-color:#dde3e9 !important;border-style:solid !important;border-radius:50px !important;}.advgbbtn-c527b67f-5019-46e5-a44e-39326bb26383:hover{background-color:#dde3e9 !important;box-shadow:0px 0px 0px 0px #ccc;opacity:1;transition:all 0.2s ease;}.advgbbtn-c527b67f-5019-46e5-a44e-39326bb26383 > i {display: none !important;}.advgbbtn-3f0f76f6-2322-4a40-90ae-7bbd1725b1fa{font-size:18px;color:#fff !important;background-color:#7f634b !important;margin:0px 0px 0px 0px !important;padding:10px 30px 10px 30px;border-width:1px !important;border-color:#fff !important;border-style:solid !important;border-radius:50px !important;}.advgbbtn-3f0f76f6-2322-4a40-90ae-7bbd1725b1fa:hover{color:#7f634b !important;background-color:#fff !important;box-shadow:0px 0px 0px 0px #ccc;opacity:1;transition:all 0s ease;}.advgbbtn-3f0f76f6-2322-4a40-90ae-7bbd1725b1fa > i {display: none !important;}.advgbbtn-3f0f76f6-2322-4a40-90ae-7bbd1725b1fa{font-size:18px;color:#fff !important;background-color:#7f634b !important;margin:0px 0px 0px 0px !important;padding:10px 30px 10px 30px;border-width:1px !important;border-color:#fff !important;border-style:solid !important;border-radius:50px !important;}.advgbbtn-3f0f76f6-2322-4a40-90ae-7bbd1725b1fa:hover{color:#7f634b !important;background-color:#fff !important;box-shadow:0px 0px 0px 0px #ccc;opacity:1;transition:all 0s ease;}.advgbbtn-3f0f76f6-2322-4a40-90ae-7bbd1725b1fa > i {display: none !important;}.advgbbtn-3f0f76f6-2322-4a40-90ae-7bbd1725b1fa{font-size:18px;color:#fff !important;background-color:#7f634b !important;margin:0px 0px 0px 0px !important;padding:10px 30px 10px 30px;border-width:1px !important;border-color:#fff !important;border-style:solid !important;border-radius:50px !important;}.advgbbtn-3f0f76f6-2322-4a40-90ae-7bbd1725b1fa:hover{color:#7f634b !important;background-color:#fff !important;box-shadow:0px 0px 0px 0px #ccc;opacity:1;transition:all 0s ease;}.advgbbtn-3f0f76f6-2322-4a40-90ae-7bbd1725b1fa > i {display: none !important;}.advgbbtn-3f0f76f6-2322-4a40-90ae-7bbd1725b1fa{font-size:18px;color:#fff !important;background-color:#7f634b !important;margin:0px 0px 0px 0px !important;padding:10px 30px 10px 30px;border-width:1px !important;border-color:#fff !important;border-style:solid !important;border-radius:50px !important;}.advgbbtn-3f0f76f6-2322-4a40-90ae-7bbd1725b1fa:hover{color:#7f634b !important;background-color:#fff !important;box-shadow:0px 0px 0px 0px #ccc;opacity:1;transition:all 0s ease;}.advgbbtn-3f0f76f6-2322-4a40-90ae-7bbd1725b1fa > i {display: none !important;}<\/style>","protected":false},"excerpt":{"rendered":"<p>MI\u0118DZYNARODOWA WINDYKACJA NALE\u017bNO\u015aCI Windykacja nale\u017cno\u015bci na ca\u0142ym \u015bwiecie Opieraj\u0105c si\u0119 na wielu wieloletnich do\u015bwiadczeniach, nasi lokalni eksperci gwarantuj\u0105 skuteczn\u0105 windykacj\u0119 Pa\u0144stwa nale\u017cno\u015bci. Sekundi mo\u017ce zaoferowa\u0107 windykacj\u0119 polubown\u0105, jak r\u00f3wnie\u017c windykacj\u0119 sporn\u0105 na drodze s\u0105dowej. Sekundi stawia sobie za punkt honoru uczciwe traktowanie d\u0142u\u017cnik\u00f3w, nawet je\u015bli sami nie wywi\u0105zali si\u0119 z p\u0142atno\u015bci faktur, aby nie nara\u017ca\u0107 [&hellip;]<\/p>\n","protected":false},"author":1,"featured_media":0,"parent":0,"menu_order":84,"comment_status":"closed","ping_status":"closed","template":"","meta":{"advgb_blocks_editor_width":"","advgb_blocks_columns_visual_guide":"","footnotes":""},"class_list":["post-2398","page","type-page","status-publish","hentry"],"yoast_head":"<!-- This site is optimized with the Yoast SEO plugin v27.5 - https:\/\/yoast.com\/product\/yoast-seo-wordpress\/ -->\n<title>SEKUNDI - Mi\u0119dzynarodowa sie\u0107 windykacyjna<\/title>\n<meta name=\"description\" content=\"Opieraj\u0105c si\u0119 na wielu wieloletnich do\u015bwiadczeniach, nasi lokalni eksperci gwarantuj\u0105 skuteczn\u0105 windykacj\u0119 Pa\u0144stwa nale\u017cno\u015bci.\" \/>\n<meta name=\"robots\" content=\"index, follow, max-snippet:-1, max-image-preview:large, max-video-preview:-1\" \/>\n<link rel=\"canonical\" href=\"https:\/\/sekundi.eu\/pl\/sekundi\/\" \/>\n<meta property=\"og:locale\" content=\"pl_PL\" \/>\n<meta property=\"og:type\" content=\"article\" \/>\n<meta property=\"og:title\" content=\"SEKUNDI - Mi\u0119dzynarodowa sie\u0107 windykacyjna\" \/>\n<meta property=\"og:description\" content=\"Opieraj\u0105c si\u0119 na wielu wieloletnich do\u015bwiadczeniach, nasi lokalni eksperci gwarantuj\u0105 skuteczn\u0105 windykacj\u0119 Pa\u0144stwa nale\u017cno\u015bci.\" \/>\n<meta property=\"og:url\" content=\"https:\/\/sekundi.eu\/pl\/sekundi\/\" \/>\n<meta property=\"og:site_name\" content=\"SEKUNDI\" \/>\n<meta property=\"article:modified_time\" content=\"2025-01-07T15:45:24+00:00\" \/>\n<meta property=\"og:image\" content=\"https:\/\/sekundi.eu\/wp-content\/uploads\/2023\/02\/pourquoi-les-services-ssp-collect-min.jpeg\" \/>\n\t<meta property=\"og:image:width\" content=\"600\" \/>\n\t<meta property=\"og:image:height\" content=\"400\" \/>\n\t<meta property=\"og:image:type\" content=\"image\/jpeg\" \/>\n<meta name=\"twitter:card\" content=\"summary_large_image\" \/>\n<meta name=\"twitter:label1\" content=\"Szacowany czas czytania\" \/>\n\t<meta name=\"twitter:data1\" content=\"4 minuty\" \/>\n<script type=\"application\/ld+json\" class=\"yoast-schema-graph\">{\"@context\":\"https:\\\/\\\/schema.org\",\"@graph\":[{\"@type\":\"WebPage\",\"@id\":\"https:\\\/\\\/sekundi.eu\\\/pl\\\/sekundi\\\/\",\"url\":\"https:\\\/\\\/sekundi.eu\\\/pl\\\/sekundi\\\/\",\"name\":\"SEKUNDI - Mi\u0119dzynarodowa sie\u0107 windykacyjna\",\"isPartOf\":{\"@id\":\"https:\\\/\\\/sekundi.eu\\\/#website\"},\"primaryImageOfPage\":{\"@id\":\"https:\\\/\\\/sekundi.eu\\\/pl\\\/sekundi\\\/#primaryimage\"},\"image\":{\"@id\":\"https:\\\/\\\/sekundi.eu\\\/pl\\\/sekundi\\\/#primaryimage\"},\"thumbnailUrl\":\"https:\\\/\\\/sekundi.eu\\\/wp-content\\\/uploads\\\/2023\\\/02\\\/pourquoi-les-services-ssp-collect-min.jpeg\",\"datePublished\":\"2022-12-26T08:59:57+00:00\",\"dateModified\":\"2025-01-07T15:45:24+00:00\",\"description\":\"Opieraj\u0105c si\u0119 na wielu wieloletnich do\u015bwiadczeniach, nasi lokalni eksperci gwarantuj\u0105 skuteczn\u0105 windykacj\u0119 Pa\u0144stwa nale\u017cno\u015bci.\",\"breadcrumb\":{\"@id\":\"https:\\\/\\\/sekundi.eu\\\/pl\\\/sekundi\\\/#breadcrumb\"},\"inLanguage\":\"pl-PL\",\"potentialAction\":[{\"@type\":\"ReadAction\",\"target\":[\"https:\\\/\\\/sekundi.eu\\\/pl\\\/sekundi\\\/\"]}]},{\"@type\":\"ImageObject\",\"inLanguage\":\"pl-PL\",\"@id\":\"https:\\\/\\\/sekundi.eu\\\/pl\\\/sekundi\\\/#primaryimage\",\"url\":\"https:\\\/\\\/sekundi.eu\\\/wp-content\\\/uploads\\\/2023\\\/02\\\/pourquoi-les-services-ssp-collect-min.jpeg\",\"contentUrl\":\"https:\\\/\\\/sekundi.eu\\\/wp-content\\\/uploads\\\/2023\\\/02\\\/pourquoi-les-services-ssp-collect-min.jpeg\"},{\"@type\":\"BreadcrumbList\",\"@id\":\"https:\\\/\\\/sekundi.eu\\\/pl\\\/sekundi\\\/#breadcrumb\",\"itemListElement\":[{\"@type\":\"ListItem\",\"position\":1,\"name\":\"Accueil\",\"item\":\"https:\\\/\\\/sekundi.eu\\\/pl\\\/\"},{\"@type\":\"ListItem\",\"position\":2,\"name\":\"Sekundi : Windykacja nale\u017cno\u015bci na ca\u0142ym \u015bwiecie\"}]},{\"@type\":\"WebSite\",\"@id\":\"https:\\\/\\\/sekundi.eu\\\/#website\",\"url\":\"https:\\\/\\\/sekundi.eu\\\/\",\"name\":\"SEKUNDI\",\"description\":\"\",\"publisher\":{\"@id\":\"https:\\\/\\\/sekundi.eu\\\/#organization\"},\"potentialAction\":[{\"@type\":\"SearchAction\",\"target\":{\"@type\":\"EntryPoint\",\"urlTemplate\":\"https:\\\/\\\/sekundi.eu\\\/?s={search_term_string}\"},\"query-input\":{\"@type\":\"PropertyValueSpecification\",\"valueRequired\":true,\"valueName\":\"search_term_string\"}}],\"inLanguage\":\"pl-PL\"},{\"@type\":\"Organization\",\"@id\":\"https:\\\/\\\/sekundi.eu\\\/#organization\",\"name\":\"Sekundi\",\"url\":\"https:\\\/\\\/sekundi.eu\\\/\",\"logo\":{\"@type\":\"ImageObject\",\"inLanguage\":\"pl-PL\",\"@id\":\"https:\\\/\\\/sekundi.eu\\\/#\\\/schema\\\/logo\\\/image\\\/\",\"url\":\"https:\\\/\\\/sekundi.eu\\\/wp-content\\\/uploads\\\/2022\\\/12\\\/logo_sekundi.png\",\"contentUrl\":\"https:\\\/\\\/sekundi.eu\\\/wp-content\\\/uploads\\\/2022\\\/12\\\/logo_sekundi.png\",\"width\":171,\"height\":46,\"caption\":\"Sekundi\"},\"image\":{\"@id\":\"https:\\\/\\\/sekundi.eu\\\/#\\\/schema\\\/logo\\\/image\\\/\"}}]}<\/script>\n<!-- \/ Yoast SEO plugin. -->","yoast_head_json":{"title":"SEKUNDI - Mi\u0119dzynarodowa sie\u0107 windykacyjna","description":"Opieraj\u0105c si\u0119 na wielu wieloletnich do\u015bwiadczeniach, nasi lokalni eksperci gwarantuj\u0105 skuteczn\u0105 windykacj\u0119 Pa\u0144stwa nale\u017cno\u015bci.","robots":{"index":"index","follow":"follow","max-snippet":"max-snippet:-1","max-image-preview":"max-image-preview:large","max-video-preview":"max-video-preview:-1"},"canonical":"https:\/\/sekundi.eu\/pl\/sekundi\/","og_locale":"pl_PL","og_type":"article","og_title":"SEKUNDI - Mi\u0119dzynarodowa sie\u0107 windykacyjna","og_description":"Opieraj\u0105c si\u0119 na wielu wieloletnich do\u015bwiadczeniach, nasi lokalni eksperci gwarantuj\u0105 skuteczn\u0105 windykacj\u0119 Pa\u0144stwa nale\u017cno\u015bci.","og_url":"https:\/\/sekundi.eu\/pl\/sekundi\/","og_site_name":"SEKUNDI","article_modified_time":"2025-01-07T15:45:24+00:00","og_image":[{"width":600,"height":400,"url":"https:\/\/sekundi.eu\/wp-content\/uploads\/2023\/02\/pourquoi-les-services-ssp-collect-min.jpeg","type":"image\/jpeg"}],"twitter_card":"summary_large_image","twitter_misc":{"Szacowany czas czytania":"4 minuty"},"schema":{"@context":"https:\/\/schema.org","@graph":[{"@type":"WebPage","@id":"https:\/\/sekundi.eu\/pl\/sekundi\/","url":"https:\/\/sekundi.eu\/pl\/sekundi\/","name":"SEKUNDI - Mi\u0119dzynarodowa sie\u0107 windykacyjna","isPartOf":{"@id":"https:\/\/sekundi.eu\/#website"},"primaryImageOfPage":{"@id":"https:\/\/sekundi.eu\/pl\/sekundi\/#primaryimage"},"image":{"@id":"https:\/\/sekundi.eu\/pl\/sekundi\/#primaryimage"},"thumbnailUrl":"https:\/\/sekundi.eu\/wp-content\/uploads\/2023\/02\/pourquoi-les-services-ssp-collect-min.jpeg","datePublished":"2022-12-26T08:59:57+00:00","dateModified":"2025-01-07T15:45:24+00:00","description":"Opieraj\u0105c si\u0119 na wielu wieloletnich do\u015bwiadczeniach, nasi lokalni eksperci gwarantuj\u0105 skuteczn\u0105 windykacj\u0119 Pa\u0144stwa nale\u017cno\u015bci.","breadcrumb":{"@id":"https:\/\/sekundi.eu\/pl\/sekundi\/#breadcrumb"},"inLanguage":"pl-PL","potentialAction":[{"@type":"ReadAction","target":["https:\/\/sekundi.eu\/pl\/sekundi\/"]}]},{"@type":"ImageObject","inLanguage":"pl-PL","@id":"https:\/\/sekundi.eu\/pl\/sekundi\/#primaryimage","url":"https:\/\/sekundi.eu\/wp-content\/uploads\/2023\/02\/pourquoi-les-services-ssp-collect-min.jpeg","contentUrl":"https:\/\/sekundi.eu\/wp-content\/uploads\/2023\/02\/pourquoi-les-services-ssp-collect-min.jpeg"},{"@type":"BreadcrumbList","@id":"https:\/\/sekundi.eu\/pl\/sekundi\/#breadcrumb","itemListElement":[{"@type":"ListItem","position":1,"name":"Accueil","item":"https:\/\/sekundi.eu\/pl\/"},{"@type":"ListItem","position":2,"name":"Sekundi : Windykacja nale\u017cno\u015bci na ca\u0142ym \u015bwiecie"}]},{"@type":"WebSite","@id":"https:\/\/sekundi.eu\/#website","url":"https:\/\/sekundi.eu\/","name":"SEKUNDI","description":"","publisher":{"@id":"https:\/\/sekundi.eu\/#organization"},"potentialAction":[{"@type":"SearchAction","target":{"@type":"EntryPoint","urlTemplate":"https:\/\/sekundi.eu\/?s={search_term_string}"},"query-input":{"@type":"PropertyValueSpecification","valueRequired":true,"valueName":"search_term_string"}}],"inLanguage":"pl-PL"},{"@type":"Organization","@id":"https:\/\/sekundi.eu\/#organization","name":"Sekundi","url":"https:\/\/sekundi.eu\/","logo":{"@type":"ImageObject","inLanguage":"pl-PL","@id":"https:\/\/sekundi.eu\/#\/schema\/logo\/image\/","url":"https:\/\/sekundi.eu\/wp-content\/uploads\/2022\/12\/logo_sekundi.png","contentUrl":"https:\/\/sekundi.eu\/wp-content\/uploads\/2022\/12\/logo_sekundi.png","width":171,"height":46,"caption":"Sekundi"},"image":{"@id":"https:\/\/sekundi.eu\/#\/schema\/logo\/image\/"}}]}},"coauthors":[],"author_meta":{"author_link":"https:\/\/sekundi.eu\/pl\/author\/sekimageundi\/","display_name":"Les Imageurs"},"relative_dates":{"created":"Opublikowano 3 lata temu","modified":"Zaktualizowano 1 rok temu"},"absolute_dates":{"created":"Opublikowano 2022-12-26","modified":"Zaktualizowano 2025-01-07"},"absolute_dates_time":{"created":"Opublikowano 2022-12-26 09:59","modified":"Zaktualizowano 2025-01-07 16:45"},"featured_img_caption":"","featured_img":false,"series_order":"","_links":{"self":[{"href":"https:\/\/sekundi.eu\/pl\/wp-json\/wp\/v2\/pages\/2398","targetHints":{"allow":["GET"]}}],"collection":[{"href":"https:\/\/sekundi.eu\/pl\/wp-json\/wp\/v2\/pages"}],"about":[{"href":"https:\/\/sekundi.eu\/pl\/wp-json\/wp\/v2\/types\/page"}],"author":[{"embeddable":true,"href":"https:\/\/sekundi.eu\/pl\/wp-json\/wp\/v2\/users\/1"}],"replies":[{"embeddable":true,"href":"https:\/\/sekundi.eu\/pl\/wp-json\/wp\/v2\/comments?post=2398"}],"version-history":[{"count":7,"href":"https:\/\/sekundi.eu\/pl\/wp-json\/wp\/v2\/pages\/2398\/revisions"}],"predecessor-version":[{"id":8349,"href":"https:\/\/sekundi.eu\/pl\/wp-json\/wp\/v2\/pages\/2398\/revisions\/8349"}],"wp:attachment":[{"href":"https:\/\/sekundi.eu\/pl\/wp-json\/wp\/v2\/media?parent=2398"}],"curies":[{"name":"wp","href":"https:\/\/api.w.org\/{rel}","templated":true}]}}