{"id":5212,"date":"2023-02-02T15:58:26","date_gmt":"2023-02-02T14:58:26","guid":{"rendered":"https:\/\/sekundi.eu\/windykacja-naleznosci-w-europie\/windykacja-naleznosci-w-holandii\/"},"modified":"2023-02-24T17:14:29","modified_gmt":"2023-02-24T16:14:29","slug":"windykacja-naleznosci-w-holandii","status":"publish","type":"page","link":"https:\/\/sekundi.eu\/pl\/europie\/windykacja-naleznosci-w-holandii\/","title":{"rendered":"Windykacja nale\u017cno\u015bci w Holandii"},"content":{"rendered":"\n<div style=\"height:50px\" aria-hidden=\"true\" class=\"wp-block-spacer\"><\/div>\n\n\n\n<p>Czy masz d\u0142ug w Holandii? Szukasz lokalnego partnera, kt\u00f3ry pomo\u017ce Ci zap\u0142aci\u0107 rachunek? Odkryj windykacj\u0119 w Holandii dzi\u0119ki sieci Sekundi.<\/p>\n\n\n\n<div class=\"wp-block-columns is-layout-flex wp-container-core-columns-is-layout-9d6595d7 wp-block-columns-is-layout-flex\">\n<div class=\"wp-block-column is-layout-flow wp-block-column-is-layout-flow\" style=\"flex-basis:50%\">\n<h2 class=\"wp-block-heading\"><strong>Jakie s\u0105 w\u0142a\u015bciwe procedury prawne dotycz\u0105ce \u015bci\u0105gania niezap\u0142aconych d\u0142ug\u00f3w w Holandii?<\/strong><\/h2>\n\n\n\n<p>Post\u0119powanie windykacyjne mo\u017cna podzieli\u0107 na faz\u0119 polubown\u0105 lub pozas\u0105dow\u0105 oraz faz\u0119 s\u0105dow\u0105.<\/p>\n\n\n\n<p>W fazie polubownej staramy si\u0119 uzyska\u0107 zap\u0142at\u0119 bez interwencji s\u0105dowej. Ustawodawca dokona\u0142 wyra\u017anego rozr\u00f3\u017cnienia pomi\u0119dzy windykacj\u0105 B2C i B2B:<\/p>\n\n\n\n<p>B2C: Jeste\u015bmy zobowi\u0105zani do poinformowania d\u0142u\u017cnika-konsumenta o wysoko\u015bci koszt\u00f3w windykacji pozas\u0105dowej (kt\u00f3rych wysoko\u015b\u0107 okre\u015bla ustawa).<\/p>\n\n\n\n<p>O takich op\u0142atach Idcas musi poinformowa\u0107 konsumenta-d\u0142u\u017cnika z zachowaniem minimalnego terminu p\u0142atno\u015bci bez tych op\u0142at wynosz\u0105cego 14 dni.<\/p>\n\n\n\n<p>  B2B: Nie mamy takiego zobowi\u0105zania z d\u0142u\u017cnikiem korporacyjnym. Koszty windykacji pozas\u0105dowej mo\u017cna uzgodni\u0107 w Og\u00f3lnych Warunkach Handlowych. Bez tych warunk\u00f3w koszty windykacji pozas\u0105dowej wynosz\u0105 15%.<\/p>\n\n\n\n<p>Faza s\u0105dowa zawsze przebiega przez s\u0105d. W przypadku roszcze\u0144 wi\u0119kszych ni\u017c 25.000,00 euro, pomoc prawnika jest obowi\u0105zkowa. Dzi\u0119ki wsp\u00f3\u0142pracy z kilkoma kancelariami prawnymi, Idcas mo\u017ce pom\u00f3c swoim klientom we wszystkich prawnych procedurach windykacyjnych.<\/p>\n<\/div>\n\n\n\n<div class=\"wp-block-column is-layout-flow wp-block-column-is-layout-flow\" style=\"flex-basis:50%\"><div class=\"wp-block-image\">\n<figure class=\"alignright size-full\"><img loading=\"lazy\" decoding=\"async\" width=\"600\" height=\"338\" src=\"https:\/\/sekundi.eu\/wp-content\/uploads\/2023\/02\/equipe-conseil-min.jpeg\" alt=\"\" class=\"wp-image-1860\" srcset=\"https:\/\/sekundi.eu\/wp-content\/uploads\/2023\/02\/equipe-conseil-min.jpeg 600w, https:\/\/sekundi.eu\/wp-content\/uploads\/2023\/02\/equipe-conseil-min-300x169.jpeg 300w\" sizes=\"auto, (max-width: 600px) 100vw, 600px\" \/><\/figure>\n<\/div>\n\n<div class=\"wp-block-image\">\n<figure class=\"alignright size-large\"><img loading=\"lazy\" decoding=\"async\" width=\"1024\" height=\"683\" src=\"https:\/\/sekundi.eu\/wp-content\/uploads\/2023\/01\/accompagnement-recouvrement-1024x683.jpeg\" alt=\"\" class=\"wp-image-1488\" srcset=\"https:\/\/sekundi.eu\/wp-content\/uploads\/2023\/01\/accompagnement-recouvrement-1024x683.jpeg 1024w, https:\/\/sekundi.eu\/wp-content\/uploads\/2023\/01\/accompagnement-recouvrement-300x200.jpeg 300w, https:\/\/sekundi.eu\/wp-content\/uploads\/2023\/01\/accompagnement-recouvrement-768x512.jpeg 768w, https:\/\/sekundi.eu\/wp-content\/uploads\/2023\/01\/accompagnement-recouvrement-1536x1024.jpeg 1536w, https:\/\/sekundi.eu\/wp-content\/uploads\/2023\/01\/accompagnement-recouvrement-2048x1365.jpeg 2048w\" sizes=\"auto, (max-width: 1024px) 100vw, 1024px\" \/><\/figure>\n<\/div><\/div>\n<\/div>\n\n\n\n<div style=\"height:50px\" aria-hidden=\"true\" class=\"wp-block-spacer\"><\/div>\n\n\n\n<div class=\"wp-block-columns is-layout-flex wp-container-core-columns-is-layout-9d6595d7 wp-block-columns-is-layout-flex\">\n<div class=\"wp-block-column is-vertically-aligned-top is-layout-flow wp-block-column-is-layout-flow\" style=\"flex-basis:50%\"><div class=\"wp-block-image\">\n<figure class=\"alignleft size-large\"><img loading=\"lazy\" decoding=\"async\" width=\"1024\" height=\"682\" src=\"https:\/\/sekundi.eu\/wp-content\/uploads\/2023\/02\/enjeux-relance-commerciale-min-1-1024x682.jpeg\" alt=\"\" class=\"wp-image-1815\" srcset=\"https:\/\/sekundi.eu\/wp-content\/uploads\/2023\/02\/enjeux-relance-commerciale-min-1-1024x682.jpeg 1024w, https:\/\/sekundi.eu\/wp-content\/uploads\/2023\/02\/enjeux-relance-commerciale-min-1-300x200.jpeg 300w, https:\/\/sekundi.eu\/wp-content\/uploads\/2023\/02\/enjeux-relance-commerciale-min-1-768x512.jpeg 768w, https:\/\/sekundi.eu\/wp-content\/uploads\/2023\/02\/enjeux-relance-commerciale-min-1-1536x1024.jpeg 1536w, https:\/\/sekundi.eu\/wp-content\/uploads\/2023\/02\/enjeux-relance-commerciale-min-1.jpeg 2000w\" sizes=\"auto, (max-width: 1024px) 100vw, 1024px\" \/><\/figure>\n<\/div><\/div>\n\n\n\n<div class=\"wp-block-column is-vertically-aligned-top is-layout-flow wp-block-column-is-layout-flow advgb-dyn-30499083\" style=\"flex-basis:50%\">\n<h2 class=\"wp-block-heading\"><strong>Jak ustali\u0107 skuteczn\u0105 strategi\u0119 windykacji?<\/strong><\/h2>\n\n\n\n<p class=\"advgb-dyn-755372df\">Aby windykacja by\u0142a skuteczna, korzystamy z najnowocze\u015bniejszego oprogramowania windykacyjnego. To, w po\u0142\u0105czeniu z wieloletnim do\u015bwiadczeniem w (pozas\u0105dowej) windykacji nale\u017cno\u015bci, gwarantuje, \u017ce Idcas mo\u017ce optymalnie reprezentowa\u0107 Pa\u0144stwa interesy i osi\u0105gn\u0105\u0107 wysoki wska\u017anik sukcesu.  <\/p>\n<\/div>\n<\/div>\n\n\n\n<div style=\"height:50px\" aria-hidden=\"true\" class=\"wp-block-spacer\"><\/div>\n\n\n\n<div class=\"wp-block-group alignwide has-marron-background-color has-background\"><div class=\"wp-block-group__inner-container is-layout-constrained wp-block-group-is-layout-constrained\">\n<div style=\"height:30px\" aria-hidden=\"true\" class=\"wp-block-spacer\"><\/div>\n\n\n\n<div class=\"wp-block-columns are-vertically-aligned-center is-layout-flex wp-container-core-columns-is-layout-9d6595d7 wp-block-columns-is-layout-flex\">\n<div class=\"wp-block-column is-vertically-aligned-center is-layout-flow wp-block-column-is-layout-flow\" style=\"flex-basis:66.66%\">\n<p class=\"has-blanc-color has-text-color has-xxlarge-font-size\"><strong>Czy masz zaleg\u0142e d\u0142ugi w innym kraju<\/strong> <strong>i masz problemy z ich sp\u0142at\u0105?<\/strong><\/p>\n<\/div>\n\n\n\n<div class=\"wp-block-column is-vertically-aligned-center is-layout-flow wp-block-column-is-layout-flow\" style=\"flex-basis:33.33%\">\n<div class=\"wp-block-advgb-button aligncenter advgb-dyn-3d7aa1a3\"><a class=\"wp-block-advgb-button_link advgbbtn-3f0f76f6-2322-4a40-90ae-7bbd1725b1fa\" href=\"https:\/\/sekundi.eu\/pl\/kontakt\/\" target=\"_self\" rel=\"noopener noreferrer\"><span><span>Zg\u0142o\u015b swoje roszczenie<\/span><\/span><\/a><\/div>\n<\/div>\n<\/div>\n\n\n\n<div style=\"height:30px\" aria-hidden=\"true\" class=\"wp-block-spacer\"><\/div>\n<\/div><\/div>\n\n\n\n<div class=\"wp-block-group alignwide network\"><div class=\"wp-block-group__inner-container is-layout-constrained wp-block-group-is-layout-constrained\">\n<div style=\"height:50px\" aria-hidden=\"true\" class=\"wp-block-spacer\"><\/div>\n\n\n\n<p class=\"has-text-align-center marg0 has-marron-clair-color has-text-color has-small-font-size\"><strong>NASZA SIE\u0106<\/strong><\/p>\n\n\n\n<h2 class=\"has-text-align-center marg0 wp-block-heading\">Kraje obj\u0119te programem<\/h2>\n\n\n\n<div style=\"height:30px\" aria-hidden=\"true\" class=\"wp-block-spacer\"><\/div>\n\n\n<ul class='country-sitemap'><li><a href='https:\/\/sekundi.eu\/pl\/ameryce-poludniowej\/'>Windykacja nale\u017cno\u015bci w Ameryce Po\u0142udniowej<\/a><ul><li><a href='https:\/\/sekundi.eu\/pl\/ameryce-poludniowej\/windykacja-naleznosci-w-chile\/'><i class='fa-solid fa-map-pin'><\/i>Windykacja nale\u017cno\u015bci w Chile<\/a><\/li><li><a href='https:\/\/sekundi.eu\/pl\/ameryce-poludniowej\/windykacja-naleznosci-w-peru\/'><i class='fa-solid fa-map-pin'><\/i>Windykacja nale\u017cno\u015bci w Peru<\/a><\/li><\/li><\/ul><\/li><\/ul>\n\n\n\n<div style=\"height:50px\" aria-hidden=\"true\" class=\"wp-block-spacer\"><\/div>\n<\/div><\/div>\n<style class=\"advgb-styles-renderer\">.advgbbtn-3f0f76f6-2322-4a40-90ae-7bbd1725b1fa{font-size:18px;color:#fff !important;background-color:#7f634b !important;margin:0px 0px 0px 0px !important;padding:10px 30px 10px 30px;border-width:1px !important;border-color:#fff !important;border-style:solid !important;border-radius:50px !important;}.advgbbtn-3f0f76f6-2322-4a40-90ae-7bbd1725b1fa:hover{color:#7f634b !important;background-color:#fff !important;box-shadow:0px 0px 0px 0px #ccc;opacity:1;transition:all 0s ease;}.advgbbtn-3f0f76f6-2322-4a40-90ae-7bbd1725b1fa > i {display: none !important;}.advgbbtn-3f0f76f6-2322-4a40-90ae-7bbd1725b1fa{font-size:18px;color:#fff !important;background-color:#7f634b !important;margin:0px 0px 0px 0px !important;padding:10px 30px 10px 30px;border-width:1px !important;border-color:#fff !important;border-style:solid !important;border-radius:50px !important;}.advgbbtn-3f0f76f6-2322-4a40-90ae-7bbd1725b1fa:hover{color:#7f634b !important;background-color:#fff !important;box-shadow:0px 0px 0px 0px #ccc;opacity:1;transition:all 0s ease;}.advgbbtn-3f0f76f6-2322-4a40-90ae-7bbd1725b1fa > i {display: none !important;}.advgbbtn-3f0f76f6-2322-4a40-90ae-7bbd1725b1fa{font-size:18px;color:#fff !important;background-color:#7f634b !important;margin:0px 0px 0px 0px !important;padding:10px 30px 10px 30px;border-width:1px !important;border-color:#fff !important;border-style:solid !important;border-radius:50px !important;}.advgbbtn-3f0f76f6-2322-4a40-90ae-7bbd1725b1fa:hover{color:#7f634b !important;background-color:#fff !important;box-shadow:0px 0px 0px 0px #ccc;opacity:1;transition:all 0s ease;}.advgbbtn-3f0f76f6-2322-4a40-90ae-7bbd1725b1fa > i {display: none !important;}.advgbbtn-3f0f76f6-2322-4a40-90ae-7bbd1725b1fa{font-size:18px;color:#fff !important;background-color:#7f634b !important;margin:0px 0px 0px 0px !important;padding:10px 30px 10px 30px;border-width:1px !important;border-color:#fff !important;border-style:solid !important;border-radius:50px !important;}.advgbbtn-3f0f76f6-2322-4a40-90ae-7bbd1725b1fa:hover{color:#7f634b !important;background-color:#fff !important;box-shadow:0px 0px 0px 0px #ccc;opacity:1;transition:all 0s ease;}.advgbbtn-3f0f76f6-2322-4a40-90ae-7bbd1725b1fa > i {display: none !important;}<\/style>","protected":false},"excerpt":{"rendered":"<p>Czy masz d\u0142ug w Holandii? Szukasz lokalnego partnera, kt\u00f3ry pomo\u017ce Ci zap\u0142aci\u0107 rachunek? Odkryj windykacj\u0119 w Holandii dzi\u0119ki sieci Sekundi. Jakie s\u0105 w\u0142a\u015bciwe procedury prawne dotycz\u0105ce \u015bci\u0105gania niezap\u0142aconych d\u0142ug\u00f3w w Holandii? Post\u0119powanie windykacyjne mo\u017cna podzieli\u0107 na faz\u0119 polubown\u0105 lub pozas\u0105dow\u0105 oraz faz\u0119 s\u0105dow\u0105. W fazie polubownej staramy si\u0119 uzyska\u0107 zap\u0142at\u0119 bez interwencji s\u0105dowej. Ustawodawca dokona\u0142 [&hellip;]<\/p>\n","protected":false},"author":1,"featured_media":0,"parent":3509,"menu_order":309,"comment_status":"closed","ping_status":"closed","template":"","meta":{"advgb_blocks_editor_width":"","advgb_blocks_columns_visual_guide":"","footnotes":""},"class_list":["post-5212","page","type-page","status-publish","hentry"],"yoast_head":"<!-- This site is optimized with the Yoast SEO plugin v27.4 - https:\/\/yoast.com\/product\/yoast-seo-wordpress\/ -->\n<title>Windykacja nale\u017cno\u015bci w Holandii - Mi\u0119dzynarodowa windykacja d\u0142ug\u00f3w<\/title>\n<meta name=\"description\" content=\"Masz mi\u0119dzynarodowe wierzytelno\u015bci w Holandii? Odkryj szybk\u0105 i skuteczn\u0105 windykacj\u0119 w Holandii dzi\u0119ki sieci Sekundi.\" \/>\n<meta name=\"robots\" content=\"index, follow, max-snippet:-1, max-image-preview:large, max-video-preview:-1\" \/>\n<link rel=\"canonical\" href=\"https:\/\/sekundi.eu\/pl\/europie\/windykacja-naleznosci-w-holandii\/\" \/>\n<meta property=\"og:locale\" content=\"pl_PL\" \/>\n<meta property=\"og:type\" content=\"article\" \/>\n<meta property=\"og:title\" content=\"Windykacja nale\u017cno\u015bci w Holandii - Mi\u0119dzynarodowa windykacja d\u0142ug\u00f3w\" \/>\n<meta property=\"og:description\" content=\"Masz mi\u0119dzynarodowe wierzytelno\u015bci w Holandii? Odkryj szybk\u0105 i skuteczn\u0105 windykacj\u0119 w Holandii dzi\u0119ki sieci Sekundi.\" \/>\n<meta property=\"og:url\" content=\"https:\/\/sekundi.eu\/pl\/europie\/windykacja-naleznosci-w-holandii\/\" \/>\n<meta property=\"og:site_name\" content=\"SEKUNDI\" \/>\n<meta property=\"article:modified_time\" content=\"2023-02-24T16:14:29+00:00\" \/>\n<meta property=\"og:image\" content=\"https:\/\/sekundi.eu\/wp-content\/uploads\/2023\/02\/equipe-conseil-min.jpeg\" \/>\n<meta name=\"twitter:card\" content=\"summary_large_image\" \/>\n<meta name=\"twitter:label1\" content=\"Szacowany czas czytania\" \/>\n\t<meta name=\"twitter:data1\" content=\"2 minuty\" \/>\n<script type=\"application\/ld+json\" class=\"yoast-schema-graph\">{\"@context\":\"https:\\\/\\\/schema.org\",\"@graph\":[{\"@type\":\"WebPage\",\"@id\":\"https:\\\/\\\/sekundi.eu\\\/pl\\\/europie\\\/windykacja-naleznosci-w-holandii\\\/\",\"url\":\"https:\\\/\\\/sekundi.eu\\\/pl\\\/europie\\\/windykacja-naleznosci-w-holandii\\\/\",\"name\":\"Windykacja nale\u017cno\u015bci w Holandii - Mi\u0119dzynarodowa windykacja d\u0142ug\u00f3w\",\"isPartOf\":{\"@id\":\"https:\\\/\\\/sekundi.eu\\\/#website\"},\"primaryImageOfPage\":{\"@id\":\"https:\\\/\\\/sekundi.eu\\\/pl\\\/europie\\\/windykacja-naleznosci-w-holandii\\\/#primaryimage\"},\"image\":{\"@id\":\"https:\\\/\\\/sekundi.eu\\\/pl\\\/europie\\\/windykacja-naleznosci-w-holandii\\\/#primaryimage\"},\"thumbnailUrl\":\"https:\\\/\\\/sekundi.eu\\\/wp-content\\\/uploads\\\/2023\\\/02\\\/equipe-conseil-min.jpeg\",\"datePublished\":\"2023-02-02T14:58:26+00:00\",\"dateModified\":\"2023-02-24T16:14:29+00:00\",\"description\":\"Masz mi\u0119dzynarodowe wierzytelno\u015bci w Holandii? Odkryj szybk\u0105 i skuteczn\u0105 windykacj\u0119 w Holandii dzi\u0119ki sieci Sekundi.\",\"breadcrumb\":{\"@id\":\"https:\\\/\\\/sekundi.eu\\\/pl\\\/europie\\\/windykacja-naleznosci-w-holandii\\\/#breadcrumb\"},\"inLanguage\":\"pl-PL\",\"potentialAction\":[{\"@type\":\"ReadAction\",\"target\":[\"https:\\\/\\\/sekundi.eu\\\/pl\\\/europie\\\/windykacja-naleznosci-w-holandii\\\/\"]}]},{\"@type\":\"ImageObject\",\"inLanguage\":\"pl-PL\",\"@id\":\"https:\\\/\\\/sekundi.eu\\\/pl\\\/europie\\\/windykacja-naleznosci-w-holandii\\\/#primaryimage\",\"url\":\"https:\\\/\\\/sekundi.eu\\\/wp-content\\\/uploads\\\/2023\\\/02\\\/equipe-conseil-min.jpeg\",\"contentUrl\":\"https:\\\/\\\/sekundi.eu\\\/wp-content\\\/uploads\\\/2023\\\/02\\\/equipe-conseil-min.jpeg\"},{\"@type\":\"BreadcrumbList\",\"@id\":\"https:\\\/\\\/sekundi.eu\\\/pl\\\/europie\\\/windykacja-naleznosci-w-holandii\\\/#breadcrumb\",\"itemListElement\":[{\"@type\":\"ListItem\",\"position\":1,\"name\":\"Accueil\",\"item\":\"https:\\\/\\\/sekundi.eu\\\/pl\\\/\"},{\"@type\":\"ListItem\",\"position\":2,\"name\":\"Windykacja nale\u017cno\u015bci w Europie\",\"item\":\"https:\\\/\\\/sekundi.eu\\\/pl\\\/europie\\\/\"},{\"@type\":\"ListItem\",\"position\":3,\"name\":\"Windykacja nale\u017cno\u015bci w Holandii\"}]},{\"@type\":\"WebSite\",\"@id\":\"https:\\\/\\\/sekundi.eu\\\/#website\",\"url\":\"https:\\\/\\\/sekundi.eu\\\/\",\"name\":\"SEKUNDI\",\"description\":\"\",\"publisher\":{\"@id\":\"https:\\\/\\\/sekundi.eu\\\/#organization\"},\"potentialAction\":[{\"@type\":\"SearchAction\",\"target\":{\"@type\":\"EntryPoint\",\"urlTemplate\":\"https:\\\/\\\/sekundi.eu\\\/?s={search_term_string}\"},\"query-input\":{\"@type\":\"PropertyValueSpecification\",\"valueRequired\":true,\"valueName\":\"search_term_string\"}}],\"inLanguage\":\"pl-PL\"},{\"@type\":\"Organization\",\"@id\":\"https:\\\/\\\/sekundi.eu\\\/#organization\",\"name\":\"Sekundi\",\"url\":\"https:\\\/\\\/sekundi.eu\\\/\",\"logo\":{\"@type\":\"ImageObject\",\"inLanguage\":\"pl-PL\",\"@id\":\"https:\\\/\\\/sekundi.eu\\\/#\\\/schema\\\/logo\\\/image\\\/\",\"url\":\"https:\\\/\\\/sekundi.eu\\\/wp-content\\\/uploads\\\/2022\\\/12\\\/logo_sekundi.png\",\"contentUrl\":\"https:\\\/\\\/sekundi.eu\\\/wp-content\\\/uploads\\\/2022\\\/12\\\/logo_sekundi.png\",\"width\":171,\"height\":46,\"caption\":\"Sekundi\"},\"image\":{\"@id\":\"https:\\\/\\\/sekundi.eu\\\/#\\\/schema\\\/logo\\\/image\\\/\"}}]}<\/script>\n<!-- \/ Yoast SEO plugin. -->","yoast_head_json":{"title":"Windykacja nale\u017cno\u015bci w Holandii - Mi\u0119dzynarodowa windykacja d\u0142ug\u00f3w","description":"Masz mi\u0119dzynarodowe wierzytelno\u015bci w Holandii? Odkryj szybk\u0105 i skuteczn\u0105 windykacj\u0119 w Holandii dzi\u0119ki sieci Sekundi.","robots":{"index":"index","follow":"follow","max-snippet":"max-snippet:-1","max-image-preview":"max-image-preview:large","max-video-preview":"max-video-preview:-1"},"canonical":"https:\/\/sekundi.eu\/pl\/europie\/windykacja-naleznosci-w-holandii\/","og_locale":"pl_PL","og_type":"article","og_title":"Windykacja nale\u017cno\u015bci w Holandii - Mi\u0119dzynarodowa windykacja d\u0142ug\u00f3w","og_description":"Masz mi\u0119dzynarodowe wierzytelno\u015bci w Holandii? Odkryj szybk\u0105 i skuteczn\u0105 windykacj\u0119 w Holandii dzi\u0119ki sieci Sekundi.","og_url":"https:\/\/sekundi.eu\/pl\/europie\/windykacja-naleznosci-w-holandii\/","og_site_name":"SEKUNDI","article_modified_time":"2023-02-24T16:14:29+00:00","og_image":[{"url":"https:\/\/sekundi.eu\/wp-content\/uploads\/2023\/02\/equipe-conseil-min.jpeg","type":"","width":"","height":""}],"twitter_card":"summary_large_image","twitter_misc":{"Szacowany czas czytania":"2 minuty"},"schema":{"@context":"https:\/\/schema.org","@graph":[{"@type":"WebPage","@id":"https:\/\/sekundi.eu\/pl\/europie\/windykacja-naleznosci-w-holandii\/","url":"https:\/\/sekundi.eu\/pl\/europie\/windykacja-naleznosci-w-holandii\/","name":"Windykacja nale\u017cno\u015bci w Holandii - Mi\u0119dzynarodowa windykacja d\u0142ug\u00f3w","isPartOf":{"@id":"https:\/\/sekundi.eu\/#website"},"primaryImageOfPage":{"@id":"https:\/\/sekundi.eu\/pl\/europie\/windykacja-naleznosci-w-holandii\/#primaryimage"},"image":{"@id":"https:\/\/sekundi.eu\/pl\/europie\/windykacja-naleznosci-w-holandii\/#primaryimage"},"thumbnailUrl":"https:\/\/sekundi.eu\/wp-content\/uploads\/2023\/02\/equipe-conseil-min.jpeg","datePublished":"2023-02-02T14:58:26+00:00","dateModified":"2023-02-24T16:14:29+00:00","description":"Masz mi\u0119dzynarodowe wierzytelno\u015bci w Holandii? Odkryj szybk\u0105 i skuteczn\u0105 windykacj\u0119 w Holandii dzi\u0119ki sieci Sekundi.","breadcrumb":{"@id":"https:\/\/sekundi.eu\/pl\/europie\/windykacja-naleznosci-w-holandii\/#breadcrumb"},"inLanguage":"pl-PL","potentialAction":[{"@type":"ReadAction","target":["https:\/\/sekundi.eu\/pl\/europie\/windykacja-naleznosci-w-holandii\/"]}]},{"@type":"ImageObject","inLanguage":"pl-PL","@id":"https:\/\/sekundi.eu\/pl\/europie\/windykacja-naleznosci-w-holandii\/#primaryimage","url":"https:\/\/sekundi.eu\/wp-content\/uploads\/2023\/02\/equipe-conseil-min.jpeg","contentUrl":"https:\/\/sekundi.eu\/wp-content\/uploads\/2023\/02\/equipe-conseil-min.jpeg"},{"@type":"BreadcrumbList","@id":"https:\/\/sekundi.eu\/pl\/europie\/windykacja-naleznosci-w-holandii\/#breadcrumb","itemListElement":[{"@type":"ListItem","position":1,"name":"Accueil","item":"https:\/\/sekundi.eu\/pl\/"},{"@type":"ListItem","position":2,"name":"Windykacja nale\u017cno\u015bci w Europie","item":"https:\/\/sekundi.eu\/pl\/europie\/"},{"@type":"ListItem","position":3,"name":"Windykacja nale\u017cno\u015bci w Holandii"}]},{"@type":"WebSite","@id":"https:\/\/sekundi.eu\/#website","url":"https:\/\/sekundi.eu\/","name":"SEKUNDI","description":"","publisher":{"@id":"https:\/\/sekundi.eu\/#organization"},"potentialAction":[{"@type":"SearchAction","target":{"@type":"EntryPoint","urlTemplate":"https:\/\/sekundi.eu\/?s={search_term_string}"},"query-input":{"@type":"PropertyValueSpecification","valueRequired":true,"valueName":"search_term_string"}}],"inLanguage":"pl-PL"},{"@type":"Organization","@id":"https:\/\/sekundi.eu\/#organization","name":"Sekundi","url":"https:\/\/sekundi.eu\/","logo":{"@type":"ImageObject","inLanguage":"pl-PL","@id":"https:\/\/sekundi.eu\/#\/schema\/logo\/image\/","url":"https:\/\/sekundi.eu\/wp-content\/uploads\/2022\/12\/logo_sekundi.png","contentUrl":"https:\/\/sekundi.eu\/wp-content\/uploads\/2022\/12\/logo_sekundi.png","width":171,"height":46,"caption":"Sekundi"},"image":{"@id":"https:\/\/sekundi.eu\/#\/schema\/logo\/image\/"}}]}},"coauthors":[],"author_meta":{"author_link":"https:\/\/sekundi.eu\/pl\/author\/sekimageundi\/","display_name":"Les Imageurs"},"relative_dates":{"created":"Posted 3 lata ago","modified":"Updated 3 lata ago"},"absolute_dates":{"created":"Posted on 2023-02-02","modified":"Updated on 2023-02-24"},"absolute_dates_time":{"created":"Posted on 2023-02-02 15:58","modified":"Updated on 2023-02-24 17:14"},"featured_img_caption":"","featured_img":false,"series_order":"","_links":{"self":[{"href":"https:\/\/sekundi.eu\/pl\/wp-json\/wp\/v2\/pages\/5212","targetHints":{"allow":["GET"]}}],"collection":[{"href":"https:\/\/sekundi.eu\/pl\/wp-json\/wp\/v2\/pages"}],"about":[{"href":"https:\/\/sekundi.eu\/pl\/wp-json\/wp\/v2\/types\/page"}],"author":[{"embeddable":true,"href":"https:\/\/sekundi.eu\/pl\/wp-json\/wp\/v2\/users\/1"}],"replies":[{"embeddable":true,"href":"https:\/\/sekundi.eu\/pl\/wp-json\/wp\/v2\/comments?post=5212"}],"version-history":[{"count":2,"href":"https:\/\/sekundi.eu\/pl\/wp-json\/wp\/v2\/pages\/5212\/revisions"}],"predecessor-version":[{"id":6406,"href":"https:\/\/sekundi.eu\/pl\/wp-json\/wp\/v2\/pages\/5212\/revisions\/6406"}],"up":[{"embeddable":true,"href":"https:\/\/sekundi.eu\/pl\/wp-json\/wp\/v2\/pages\/3509"}],"wp:attachment":[{"href":"https:\/\/sekundi.eu\/pl\/wp-json\/wp\/v2\/media?parent=5212"}],"curies":[{"name":"wp","href":"https:\/\/api.w.org\/{rel}","templated":true}]}}