{"id":5312,"date":"2023-02-02T16:03:10","date_gmt":"2023-02-02T15:03:10","guid":{"rendered":"https:\/\/sekundi.eu\/europie\/odzyskiwanie-dlugow-na-slowacji-i-w-czechach\/"},"modified":"2024-01-11T14:32:28","modified_gmt":"2024-01-11T13:32:28","slug":"windykacja-naleznosci-na-slowacji-i-w-czechach","status":"publish","type":"page","link":"https:\/\/sekundi.eu\/pl\/europie\/windykacja-naleznosci-na-slowacji-i-w-czechach\/","title":{"rendered":"Odzyskiwanie d\u0142ug\u00f3w na S\u0142owacji i w Czechach"},"content":{"rendered":"\n<div style=\"height:50px\" aria-hidden=\"true\" class=\"wp-block-spacer\"><\/div>\n\n\n\n<p>Odzyskiwanie d\u0142ug\u00f3w w obcym kraju nigdy nie jest \u0142atwym zadaniem. Dlatego sie\u0107 Sekundi oferuje Pa\u0144stwu us\u0142ugi firm specjalizuj\u0105cych si\u0119 w windykacji faktur w Pa\u0144stwa kraju. Dzi\u0119ki naszemu partnerowi mo\u017cemy zaj\u0105\u0107 si\u0119 odbiorem faktury np. w Czechach lub na S\u0142owacji.<\/p>\n\n\n\n<div class=\"wp-block-columns is-layout-flex wp-container-core-columns-is-layout-9d6595d7 wp-block-columns-is-layout-flex\">\n<div class=\"wp-block-column is-layout-flow wp-block-column-is-layout-flow\" style=\"flex-basis:50%\">\n<h2 class=\"wp-block-heading has-normal-font-size\"><strong>Jak stworzy\u0107 skuteczn\u0105 strategi\u0119 odzyskiwania nale\u017cno\u015bci<\/strong> <strong>na S\u0142owacji i w Czechach ?<\/strong><\/h2>\n\n\n\n<p>Wierzymy w energiczne egzekwowanie prawa. Windykacja odbywa si\u0119 codziennie, a ze wszystkimi d\u0142u\u017cnikami kontaktujemy si\u0119 regularnie. Naszym celem jest zawsze rozmowa z kluczowymi decydentami, aby uzgodni\u0107 szybk\u0105 sp\u0142at\u0119 zad\u0142u\u017cenia.<\/p>\n<\/div>\n\n\n\n<div class=\"wp-block-column is-layout-flow wp-block-column-is-layout-flow\" style=\"flex-basis:50%\"><div class=\"wp-block-image\">\n<figure class=\"alignright size-large\"><img loading=\"lazy\" decoding=\"async\" width=\"1024\" height=\"683\" src=\"https:\/\/sekundi.eu\/wp-content\/uploads\/2023\/02\/recouvrement-amiable-3-1024x683.jpeg\" alt=\"\" class=\"wp-image-2087\" srcset=\"https:\/\/sekundi.eu\/wp-content\/uploads\/2023\/02\/recouvrement-amiable-3-1024x683.jpeg 1024w, https:\/\/sekundi.eu\/wp-content\/uploads\/2023\/02\/recouvrement-amiable-3-300x200.jpeg 300w, https:\/\/sekundi.eu\/wp-content\/uploads\/2023\/02\/recouvrement-amiable-3-768x512.jpeg 768w, https:\/\/sekundi.eu\/wp-content\/uploads\/2023\/02\/recouvrement-amiable-3.jpeg 1230w\" sizes=\"auto, (max-width: 1024px) 100vw, 1024px\" \/><\/figure>\n<\/div><\/div>\n<\/div>\n\n\n\n<div style=\"height:50px\" aria-hidden=\"true\" class=\"wp-block-spacer\"><\/div>\n\n\n\n<div class=\"wp-block-columns is-layout-flex wp-container-core-columns-is-layout-9d6595d7 wp-block-columns-is-layout-flex\">\n<div class=\"wp-block-column is-vertically-aligned-top is-layout-flow wp-block-column-is-layout-flow\" style=\"flex-basis:50%\"><div class=\"wp-block-image\">\n<figure class=\"alignleft size-full\"><img loading=\"lazy\" decoding=\"async\" width=\"600\" height=\"400\" src=\"https:\/\/sekundi.eu\/wp-content\/uploads\/2023\/02\/accompagnement-recouvrement-min-2.jpeg\" alt=\"\" class=\"wp-image-1925\" srcset=\"https:\/\/sekundi.eu\/wp-content\/uploads\/2023\/02\/accompagnement-recouvrement-min-2.jpeg 600w, https:\/\/sekundi.eu\/wp-content\/uploads\/2023\/02\/accompagnement-recouvrement-min-2-300x200.jpeg 300w\" sizes=\"auto, (max-width: 600px) 100vw, 600px\" \/><\/figure>\n<\/div><\/div>\n\n\n\n<div class=\"wp-block-column is-vertically-aligned-top is-layout-flow wp-block-column-is-layout-flow\" style=\"flex-basis:50%\">\n<h2 class=\"wp-block-heading has-normal-font-size\"><strong>Jakie s\u0105 koszty i op\u0142aty zwi\u0105zane z windykacj\u0105 na S\u0142owacji i w Czechach ?<\/strong><\/h2>\n\n\n\n<p>Prowizja za windykacj\u0119 pobierana jest zgodnie z aktualnym cennikiem Sekundi.<\/p>\n\n\n\n<p>W przypadku windykacji s\u0105dowej zar\u00f3wno koszty adwokackie, jak i op\u0142ata s\u0105dowa s\u0105 zawsze naliczane od kwoty g\u0142\u00f3wnej d\u0142ugu. Klient zawsze z g\u00f3ry uzgadnia wszystkie koszty windykacji prawnej.<\/p>\n<\/div>\n<\/div>\n\n\n\n<div style=\"height:50px\" aria-hidden=\"true\" class=\"wp-block-spacer\"><\/div>\n\n\n\n<h2 class=\"wp-block-heading\"><strong>Czy windykacj\u0119 mo\u017cna zautomatyzowa\u0107, aby by\u0142a bardziej efektywna ?<\/strong><\/h2>\n\n\n\n<p>Nie s\u0105dzimy, aby automatyzacja proces\u00f3w windykacyjnych mog\u0142a zwi\u0119kszy\u0107 ich efektywno\u015b\u0107. Ka\u017cda wierzytelno\u015b\u0107 jest inna, podobnie jak d\u0142u\u017cnik. Proces odzyskiwania nale\u017cno\u015bci to sztuka negocjacji.<\/p>\n\n\n\n<div style=\"height:20px\" aria-hidden=\"true\" class=\"wp-block-spacer\"><\/div>\n\n\n\n<h2 class=\"wp-block-heading\"><strong>Aktualne statystyki dotycz\u0105ce odzyskiwania d\u0142ug\u00f3w na S\u0142owacji i w Czechach<\/strong><\/h2>\n\n\n\n<p>Nie prowadzimy statystyk dotycz\u0105cych skuteczno\u015bci odzysku. Przyjmujemy wszystkie sprawy do windykacji (nie tylko te \"dobre\"), poniewa\u017c wierzymy, \u017ce mo\u017cemy pom\u00f3c wierzycielowi nawet w przypadku braku zap\u0142aty (og\u0142aszamy upad\u0142o\u015b\u0107 wierzytelno\u015bci, proponujemy inne skuteczne procedury, kt\u00f3re oszcz\u0119dzaj\u0105 wierzycielowi czas i pieni\u0105dze, ...).<\/p>\n\n\n\n<div style=\"height:20px\" aria-hidden=\"true\" class=\"wp-block-spacer\"><\/div>\n\n\n\n<h2 class=\"wp-block-heading\"><strong>W jaki spos\u00f3b mo\u017cna usprawni\u0107 procesy zbi\u00f3rki w S\u0142owacji i Czechach?<\/strong><\/h2>\n\n\n\n<p>Kontakty z d\u0142u\u017cnikami i dokumenty dotycz\u0105ce wierzytelno\u015bci mog\u0105 znacznie poprawi\u0107 skuteczno\u015b\u0107 odzyskiwania nale\u017cno\u015bci.<\/p>\n\n\n\n<div style=\"height:50px\" aria-hidden=\"true\" class=\"wp-block-spacer\"><\/div>\n\n\n\n<div class=\"wp-block-group alignwide has-bleu-gris-background-color has-background\"><div class=\"wp-block-group__inner-container is-layout-constrained wp-block-group-is-layout-constrained\">\n<div style=\"height:30px\" aria-hidden=\"true\" class=\"wp-block-spacer\"><\/div>\n\n\n\n<p class=\"has-text-align-center marg0 has-marron-color has-text-color has-small-font-size\"><\/p>\n\n\n\n<h2 class=\"wp-block-heading has-text-align-center marg0\" id=\"titre-2-a8530347-58d4-4393-abd8-f975470a0732\">Najcz\u0119\u015bciej zadawane pytania<\/h2>\n\n\n\n<div style=\"height:30px\" aria-hidden=\"true\" class=\"wp-block-spacer\"><\/div>\n\n\n\n<div class=\"wp-block-advgb-accordions advgb-accordions-62c7feb2-fabf-4297-b132-1acc371d518b advgb-accordion-wrapper\" data-collapsed=\"true\">\n<div class=\"wp-block-advgb-accordion-item advgb-accordion-item\" style=\"margin-bottom:15px\"><div class=\"advgb-accordion-header\" style=\"background-color:#000;color:#eee;border-style:solid;border-width:1px;border-radius:2px\"><span class=\"advgb-accordion-header-icon\"><svg fill=\"#fff\" xmlns=\"http:\/\/www.w3.org\/2000\/svg\" width=\"24\" height=\"24\" viewBox=\"0 0 24 24\"><path fill=\"none\" d=\"M0,0h24v24H0V0z\"><\/path><path d=\"M12,5.83L15.17,9l1.41-1.41L12,3L7.41,7.59L8.83,9L12,5.83z M12,18.17L8.83,15l-1.41,1.41L12,21l4.59-4.59L15.17,15 L12,18.17z\"><\/path><\/svg><\/span><h5 class=\"advgb-accordion-header-title\" style=\"color:inherit\"><strong><strong>Jakie s\u0105 w\u0142a\u015bciwe procedury prawne dotycz\u0105ce odzyskiwania zaleg\u0142ych nale\u017cno\u015bci na S\u0142owacji?<\/strong><\/strong><\/h5><\/div><div class=\"advgb-accordion-body\" style=\"border-style:solid !important;border-width:1px !important;border-color:undefined !important;border-top:none !important;border-radius:2px !important\">\n\n<p>Procedura nakazu zap\u0142aty zapewnia szybki spos\u00f3b odzyskania nale\u017cno\u015bci. Wymaga ona od wierzyciela dostatecznego uzasadnienia istnienia wierzytelno\u015bci. Nie ma potrzeby stawiania si\u0119 w s\u0105dzie, gdy\u017c jest to post\u0119powanie pisemne.<\/p>\n\n\n<p>W przypadku braku wp\u0142aty i niez\u0142o\u017cenia przez d\u0142u\u017cnika oporu nast\u0119puje egzekucja.<\/p>\n\n<\/div><\/div>\n\n\n\n<div class=\"wp-block-advgb-accordion-item advgb-accordion-item\" style=\"margin-bottom:15px\"><div class=\"advgb-accordion-header\" style=\"background-color:#000;color:#eee;border-style:solid;border-width:1px;border-radius:2px\"><span class=\"advgb-accordion-header-icon\"><svg fill=\"#fff\" xmlns=\"http:\/\/www.w3.org\/2000\/svg\" width=\"24\" height=\"24\" viewBox=\"0 0 24 24\"><path fill=\"none\" d=\"M0,0h24v24H0V0z\"><\/path><path d=\"M12,5.83L15.17,9l1.41-1.41L12,3L7.41,7.59L8.83,9L12,5.83z M12,18.17L8.83,15l-1.41,1.41L12,21l4.59-4.59L15.17,15 L12,18.17z\"><\/path><\/svg><\/span><h5 class=\"advgb-accordion-header-title\" style=\"color:inherit\"><strong><strong>Jak zarz\u0105dza\u0107 relacjami z zagranicznymi d\u0142u\u017cnikami, aby u\u0142atwi\u0107 odzyskiwanie nale\u017cno\u015bci na S\u0142owacji?<\/strong><\/strong><\/h5><\/div><div class=\"advgb-accordion-body\" style=\"border-style:solid !important;border-width:1px !important;border-color:undefined !important;border-top:none !important;border-radius:2px !important\">\n\n<p>Nale\u017cno\u015bci za granic\u0105 nie s\u0105 pobierane bezpo\u015brednio przez nasz\u0105 firm\u0119. Zawsze wysy\u0142amy je do naszych partner\u00f3w z Sekundi. Uwa\u017camy, \u017ce windykacj\u0105 powinna zajmowa\u0107 si\u0119 lokalna firma windykacyjna w miejscu zamieszkania d\u0142u\u017cnika.<\/p>\n\n<\/div><\/div>\n\n\n\n<div class=\"wp-block-advgb-accordion-item advgb-accordion-item\" style=\"margin-bottom:15px\"><div class=\"advgb-accordion-header\" style=\"background-color:#000;color:#eee;border-style:solid;border-width:1px;border-radius:2px\"><span class=\"advgb-accordion-header-icon\"><svg fill=\"#fff\" xmlns=\"http:\/\/www.w3.org\/2000\/svg\" width=\"24\" height=\"24\" viewBox=\"0 0 24 24\"><path fill=\"none\" d=\"M0,0h24v24H0V0z\"><\/path><path d=\"M12,5.83L15.17,9l1.41-1.41L12,3L7.41,7.59L8.83,9L12,5.83z M12,18.17L8.83,15l-1.41,1.41L12,21l4.59-4.59L15.17,15 L12,18.17z\"><\/path><\/svg><\/span><h5 class=\"advgb-accordion-header-title\" style=\"color:inherit\"><strong><strong>Jak zarz\u0105dza\u0107 ryzykiem zwi\u0105zanym z windykacj\u0105 na S\u0142owacji i w Czechach?<\/strong><\/strong><\/h5><\/div><div class=\"advgb-accordion-body\" style=\"border-style:solid !important;border-width:1px !important;border-color:undefined !important;border-top:none !important;border-radius:2px !important\">\n\n<p>Ryzyko wykonalno\u015bci zmniejsza si\u0119, gdy mo\u017cemy poprze\u0107 swoje argumenty dokumentami i pe\u0142nomocnictwami. Z drugiej strony ryzyko zap\u0142aty nale\u017cno\u015bci wzrasta wraz z wyd\u0142u\u017caj\u0105cym si\u0119 czasem od momentu jej wymagalno\u015bci.<\/p>\n\n<\/div><\/div>\n<\/div>\n\n\n\n<div style=\"height:50px\" aria-hidden=\"true\" class=\"wp-block-spacer\"><\/div>\n<\/div><\/div>\n\n\n\n<div class=\"wp-block-group alignwide has-marron-background-color has-background\"><div class=\"wp-block-group__inner-container is-layout-constrained wp-block-group-is-layout-constrained\">\n<div style=\"height:30px\" aria-hidden=\"true\" class=\"wp-block-spacer\"><\/div>\n\n\n\n<div class=\"wp-block-columns are-vertically-aligned-center is-layout-flex wp-container-core-columns-is-layout-9d6595d7 wp-block-columns-is-layout-flex\">\n<div class=\"wp-block-column is-vertically-aligned-center is-layout-flow wp-block-column-is-layout-flow\" style=\"flex-basis:66.66%\">\n<p class=\"has-blanc-color has-text-color has-xxlarge-font-size\"><strong>Czy masz zaleg\u0142e d\u0142ugi w innym kraju<\/strong> <strong>i masz problemy z ich sp\u0142at\u0105?<\/strong><\/p>\n<\/div>\n\n\n\n<div class=\"wp-block-column is-vertically-aligned-center is-layout-flow wp-block-column-is-layout-flow\" style=\"flex-basis:33.33%\">\n<div class=\"wp-block-advgb-button aligncenter advgb-dyn-3d7aa1a3\"><a class=\"wp-block-advgb-button_link advgbbtn-3f0f76f6-2322-4a40-90ae-7bbd1725b1fa\" href=\"https:\/\/sekundi.eu\/pl\/kontakt\/\" target=\"_self\" rel=\"noopener noreferrer\"><span><span>Zg\u0142o\u015b swoje roszczenie<\/span><\/span><\/a><\/div>\n<\/div>\n<\/div>\n\n\n\n<div style=\"height:30px\" aria-hidden=\"true\" class=\"wp-block-spacer\"><\/div>\n<\/div><\/div>\n\n\n\n<div class=\"wp-block-group alignwide network\"><div class=\"wp-block-group__inner-container is-layout-constrained wp-block-group-is-layout-constrained\">\n<div style=\"height:50px\" aria-hidden=\"true\" class=\"wp-block-spacer\"><\/div>\n\n\n\n<p class=\"has-text-align-center marg0 has-marron-clair-color has-text-color has-small-font-size\"><strong>NASZA SIE\u0106<\/strong><\/p>\n\n\n\n<h2 class=\"has-text-align-center marg0 wp-block-heading\">Kraje obj\u0119te programem<\/h2>\n\n\n\n<div style=\"height:30px\" aria-hidden=\"true\" class=\"wp-block-spacer\"><\/div>\n\n\n<ul class='country-sitemap'><li><a href='https:\/\/sekundi.eu\/pl\/ameryce-poludniowej\/'>Windykacja nale\u017cno\u015bci w Ameryce Po\u0142udniowej<\/a><ul><li><a href='https:\/\/sekundi.eu\/pl\/ameryce-poludniowej\/windykacja-naleznosci-w-chile\/'><i class='fa-solid fa-map-pin'><\/i>Windykacja nale\u017cno\u015bci w Chile<\/a><\/li><li><a href='https:\/\/sekundi.eu\/pl\/ameryce-poludniowej\/windykacja-naleznosci-w-peru\/'><i class='fa-solid fa-map-pin'><\/i>Windykacja nale\u017cno\u015bci w Peru<\/a><\/li><\/li><\/ul><\/li><\/ul>\n\n\n\n<div style=\"height:50px\" aria-hidden=\"true\" class=\"wp-block-spacer\"><\/div>\n<\/div><\/div>\n<style class=\"advgb-styles-renderer\">.advgbbtn-3f0f76f6-2322-4a40-90ae-7bbd1725b1fa{font-size:18px;color:#fff !important;background-color:#7f634b !important;margin:0px 0px 0px 0px !important;padding:10px 30px 10px 30px;border-width:1px !important;border-color:#fff !important;border-style:solid !important;border-radius:50px !important;}.advgbbtn-3f0f76f6-2322-4a40-90ae-7bbd1725b1fa:hover{color:#7f634b !important;background-color:#fff !important;box-shadow:0px 0px 0px 0px #ccc;opacity:1;transition:all 0s ease;}.advgbbtn-3f0f76f6-2322-4a40-90ae-7bbd1725b1fa > i {display: none !important;}.advgbbtn-3f0f76f6-2322-4a40-90ae-7bbd1725b1fa{font-size:18px;color:#fff !important;background-color:#7f634b !important;margin:0px 0px 0px 0px !important;padding:10px 30px 10px 30px;border-width:1px !important;border-color:#fff !important;border-style:solid !important;border-radius:50px !important;}.advgbbtn-3f0f76f6-2322-4a40-90ae-7bbd1725b1fa:hover{color:#7f634b !important;background-color:#fff !important;box-shadow:0px 0px 0px 0px #ccc;opacity:1;transition:all 0s ease;}.advgbbtn-3f0f76f6-2322-4a40-90ae-7bbd1725b1fa > i {display: none !important;}.advgbbtn-3f0f76f6-2322-4a40-90ae-7bbd1725b1fa{font-size:18px;color:#fff !important;background-color:#7f634b !important;margin:0px 0px 0px 0px !important;padding:10px 30px 10px 30px;border-width:1px !important;border-color:#fff !important;border-style:solid !important;border-radius:50px !important;}.advgbbtn-3f0f76f6-2322-4a40-90ae-7bbd1725b1fa:hover{color:#7f634b !important;background-color:#fff !important;box-shadow:0px 0px 0px 0px #ccc;opacity:1;transition:all 0s ease;}.advgbbtn-3f0f76f6-2322-4a40-90ae-7bbd1725b1fa > i {display: none !important;}.advgbbtn-3f0f76f6-2322-4a40-90ae-7bbd1725b1fa{font-size:18px;color:#fff !important;background-color:#7f634b !important;margin:0px 0px 0px 0px !important;padding:10px 30px 10px 30px;border-width:1px !important;border-color:#fff !important;border-style:solid !important;border-radius:50px !important;}.advgbbtn-3f0f76f6-2322-4a40-90ae-7bbd1725b1fa:hover{color:#7f634b !important;background-color:#fff !important;box-shadow:0px 0px 0px 0px #ccc;opacity:1;transition:all 0s ease;}.advgbbtn-3f0f76f6-2322-4a40-90ae-7bbd1725b1fa > i {display: none !important;}<\/style>","protected":false},"excerpt":{"rendered":"<p>Odzyskiwanie d\u0142ug\u00f3w w obcym kraju nigdy nie jest \u0142atwym zadaniem. Dlatego sie\u0107 Sekundi oferuje Pa\u0144stwu us\u0142ugi firm specjalizuj\u0105cych si\u0119 w windykacji faktur w Pa\u0144stwa kraju. Dzi\u0119ki naszemu partnerowi mo\u017cemy zaj\u0105\u0107 si\u0119 odbiorem faktury np. w Czechach lub na S\u0142owacji. Jak stworzy\u0107 skuteczn\u0105 strategi\u0119 odzyskiwania nale\u017cno\u015bci na S\u0142owacji i w Czechach ? Wierzymy w energiczne egzekwowanie [&hellip;]<\/p>\n","protected":false},"author":1,"featured_media":0,"parent":3509,"menu_order":339,"comment_status":"closed","ping_status":"closed","template":"","meta":{"advgb_blocks_editor_width":"","advgb_blocks_columns_visual_guide":"","footnotes":""},"class_list":["post-5312","page","type-page","status-publish","hentry"],"yoast_head":"<!-- This site is optimized with the Yoast SEO plugin v27.6 - https:\/\/yoast.com\/product\/yoast-seo-wordpress\/ -->\n<title>Odzyskiwanie d\u0142ug\u00f3w na S\u0142owacji i w Czechach<\/title>\n<meta name=\"description\" content=\"Masz niezap\u0142acony rachunek na S\u0142owacji lub w Czechach? Skorzystaj z naszej mi\u0119dzynarodowej sieci odbioru!\" \/>\n<meta name=\"robots\" content=\"index, follow, max-snippet:-1, max-image-preview:large, max-video-preview:-1\" \/>\n<link rel=\"canonical\" href=\"https:\/\/sekundi.eu\/pl\/europie\/windykacja-naleznosci-na-slowacji-i-w-czechach\/\" \/>\n<meta property=\"og:locale\" content=\"pl_PL\" \/>\n<meta property=\"og:type\" content=\"article\" \/>\n<meta property=\"og:title\" content=\"Odzyskiwanie d\u0142ug\u00f3w na S\u0142owacji i w Czechach\" \/>\n<meta property=\"og:description\" content=\"Masz niezap\u0142acony rachunek na S\u0142owacji lub w Czechach? Skorzystaj z naszej mi\u0119dzynarodowej sieci odbioru!\" \/>\n<meta property=\"og:url\" content=\"https:\/\/sekundi.eu\/pl\/europie\/windykacja-naleznosci-na-slowacji-i-w-czechach\/\" \/>\n<meta property=\"og:site_name\" content=\"SEKUNDI\" \/>\n<meta property=\"article:modified_time\" content=\"2024-01-11T13:32:28+00:00\" \/>\n<meta property=\"og:image\" content=\"https:\/\/sekundi.eu\/wp-content\/uploads\/2023\/02\/recouvrement-amiable-3-1024x683.jpeg\" \/>\n<meta name=\"twitter:card\" content=\"summary_large_image\" \/>\n<meta name=\"twitter:label1\" content=\"Szacowany czas czytania\" \/>\n\t<meta name=\"twitter:data1\" content=\"3 minuty\" \/>\n<script type=\"application\/ld+json\" class=\"yoast-schema-graph\">{\"@context\":\"https:\\\/\\\/schema.org\",\"@graph\":[{\"@type\":\"WebPage\",\"@id\":\"https:\\\/\\\/sekundi.eu\\\/pl\\\/europie\\\/windykacja-naleznosci-na-slowacji-i-w-czechach\\\/\",\"url\":\"https:\\\/\\\/sekundi.eu\\\/pl\\\/europie\\\/windykacja-naleznosci-na-slowacji-i-w-czechach\\\/\",\"name\":\"Odzyskiwanie d\u0142ug\u00f3w na S\u0142owacji i w Czechach\",\"isPartOf\":{\"@id\":\"https:\\\/\\\/sekundi.eu\\\/#website\"},\"primaryImageOfPage\":{\"@id\":\"https:\\\/\\\/sekundi.eu\\\/pl\\\/europie\\\/windykacja-naleznosci-na-slowacji-i-w-czechach\\\/#primaryimage\"},\"image\":{\"@id\":\"https:\\\/\\\/sekundi.eu\\\/pl\\\/europie\\\/windykacja-naleznosci-na-slowacji-i-w-czechach\\\/#primaryimage\"},\"thumbnailUrl\":\"https:\\\/\\\/sekundi.eu\\\/wp-content\\\/uploads\\\/2023\\\/02\\\/recouvrement-amiable-3-1024x683.jpeg\",\"datePublished\":\"2023-02-02T15:03:10+00:00\",\"dateModified\":\"2024-01-11T13:32:28+00:00\",\"description\":\"Masz niezap\u0142acony rachunek na S\u0142owacji lub w Czechach? Skorzystaj z naszej mi\u0119dzynarodowej sieci odbioru!\",\"breadcrumb\":{\"@id\":\"https:\\\/\\\/sekundi.eu\\\/pl\\\/europie\\\/windykacja-naleznosci-na-slowacji-i-w-czechach\\\/#breadcrumb\"},\"inLanguage\":\"pl-PL\",\"potentialAction\":[{\"@type\":\"ReadAction\",\"target\":[\"https:\\\/\\\/sekundi.eu\\\/pl\\\/europie\\\/windykacja-naleznosci-na-slowacji-i-w-czechach\\\/\"]}]},{\"@type\":\"ImageObject\",\"inLanguage\":\"pl-PL\",\"@id\":\"https:\\\/\\\/sekundi.eu\\\/pl\\\/europie\\\/windykacja-naleznosci-na-slowacji-i-w-czechach\\\/#primaryimage\",\"url\":\"https:\\\/\\\/sekundi.eu\\\/wp-content\\\/uploads\\\/2023\\\/02\\\/recouvrement-amiable-3-1024x683.jpeg\",\"contentUrl\":\"https:\\\/\\\/sekundi.eu\\\/wp-content\\\/uploads\\\/2023\\\/02\\\/recouvrement-amiable-3-1024x683.jpeg\"},{\"@type\":\"BreadcrumbList\",\"@id\":\"https:\\\/\\\/sekundi.eu\\\/pl\\\/europie\\\/windykacja-naleznosci-na-slowacji-i-w-czechach\\\/#breadcrumb\",\"itemListElement\":[{\"@type\":\"ListItem\",\"position\":1,\"name\":\"Accueil\",\"item\":\"https:\\\/\\\/sekundi.eu\\\/pl\\\/\"},{\"@type\":\"ListItem\",\"position\":2,\"name\":\"Windykacja nale\u017cno\u015bci w Europie\",\"item\":\"https:\\\/\\\/sekundi.eu\\\/pl\\\/europie\\\/\"},{\"@type\":\"ListItem\",\"position\":3,\"name\":\"Odzyskiwanie d\u0142ug\u00f3w na S\u0142owacji i w Czechach\"}]},{\"@type\":\"WebSite\",\"@id\":\"https:\\\/\\\/sekundi.eu\\\/#website\",\"url\":\"https:\\\/\\\/sekundi.eu\\\/\",\"name\":\"SEKUNDI\",\"description\":\"\",\"publisher\":{\"@id\":\"https:\\\/\\\/sekundi.eu\\\/#organization\"},\"potentialAction\":[{\"@type\":\"SearchAction\",\"target\":{\"@type\":\"EntryPoint\",\"urlTemplate\":\"https:\\\/\\\/sekundi.eu\\\/?s={search_term_string}\"},\"query-input\":{\"@type\":\"PropertyValueSpecification\",\"valueRequired\":true,\"valueName\":\"search_term_string\"}}],\"inLanguage\":\"pl-PL\"},{\"@type\":\"Organization\",\"@id\":\"https:\\\/\\\/sekundi.eu\\\/#organization\",\"name\":\"Sekundi\",\"url\":\"https:\\\/\\\/sekundi.eu\\\/\",\"logo\":{\"@type\":\"ImageObject\",\"inLanguage\":\"pl-PL\",\"@id\":\"https:\\\/\\\/sekundi.eu\\\/#\\\/schema\\\/logo\\\/image\\\/\",\"url\":\"https:\\\/\\\/sekundi.eu\\\/wp-content\\\/uploads\\\/2022\\\/12\\\/logo_sekundi.png\",\"contentUrl\":\"https:\\\/\\\/sekundi.eu\\\/wp-content\\\/uploads\\\/2022\\\/12\\\/logo_sekundi.png\",\"width\":171,\"height\":46,\"caption\":\"Sekundi\"},\"image\":{\"@id\":\"https:\\\/\\\/sekundi.eu\\\/#\\\/schema\\\/logo\\\/image\\\/\"}}]}<\/script>\n<!-- \/ Yoast SEO plugin. -->","yoast_head_json":{"title":"Odzyskiwanie d\u0142ug\u00f3w na S\u0142owacji i w Czechach","description":"Masz niezap\u0142acony rachunek na S\u0142owacji lub w Czechach? Skorzystaj z naszej mi\u0119dzynarodowej sieci odbioru!","robots":{"index":"index","follow":"follow","max-snippet":"max-snippet:-1","max-image-preview":"max-image-preview:large","max-video-preview":"max-video-preview:-1"},"canonical":"https:\/\/sekundi.eu\/pl\/europie\/windykacja-naleznosci-na-slowacji-i-w-czechach\/","og_locale":"pl_PL","og_type":"article","og_title":"Odzyskiwanie d\u0142ug\u00f3w na S\u0142owacji i w Czechach","og_description":"Masz niezap\u0142acony rachunek na S\u0142owacji lub w Czechach? Skorzystaj z naszej mi\u0119dzynarodowej sieci odbioru!","og_url":"https:\/\/sekundi.eu\/pl\/europie\/windykacja-naleznosci-na-slowacji-i-w-czechach\/","og_site_name":"SEKUNDI","article_modified_time":"2024-01-11T13:32:28+00:00","og_image":[{"url":"https:\/\/sekundi.eu\/wp-content\/uploads\/2023\/02\/recouvrement-amiable-3-1024x683.jpeg","type":"","width":"","height":""}],"twitter_card":"summary_large_image","twitter_misc":{"Szacowany czas czytania":"3 minuty"},"schema":{"@context":"https:\/\/schema.org","@graph":[{"@type":"WebPage","@id":"https:\/\/sekundi.eu\/pl\/europie\/windykacja-naleznosci-na-slowacji-i-w-czechach\/","url":"https:\/\/sekundi.eu\/pl\/europie\/windykacja-naleznosci-na-slowacji-i-w-czechach\/","name":"Odzyskiwanie d\u0142ug\u00f3w na S\u0142owacji i w Czechach","isPartOf":{"@id":"https:\/\/sekundi.eu\/#website"},"primaryImageOfPage":{"@id":"https:\/\/sekundi.eu\/pl\/europie\/windykacja-naleznosci-na-slowacji-i-w-czechach\/#primaryimage"},"image":{"@id":"https:\/\/sekundi.eu\/pl\/europie\/windykacja-naleznosci-na-slowacji-i-w-czechach\/#primaryimage"},"thumbnailUrl":"https:\/\/sekundi.eu\/wp-content\/uploads\/2023\/02\/recouvrement-amiable-3-1024x683.jpeg","datePublished":"2023-02-02T15:03:10+00:00","dateModified":"2024-01-11T13:32:28+00:00","description":"Masz niezap\u0142acony rachunek na S\u0142owacji lub w Czechach? Skorzystaj z naszej mi\u0119dzynarodowej sieci odbioru!","breadcrumb":{"@id":"https:\/\/sekundi.eu\/pl\/europie\/windykacja-naleznosci-na-slowacji-i-w-czechach\/#breadcrumb"},"inLanguage":"pl-PL","potentialAction":[{"@type":"ReadAction","target":["https:\/\/sekundi.eu\/pl\/europie\/windykacja-naleznosci-na-slowacji-i-w-czechach\/"]}]},{"@type":"ImageObject","inLanguage":"pl-PL","@id":"https:\/\/sekundi.eu\/pl\/europie\/windykacja-naleznosci-na-slowacji-i-w-czechach\/#primaryimage","url":"https:\/\/sekundi.eu\/wp-content\/uploads\/2023\/02\/recouvrement-amiable-3-1024x683.jpeg","contentUrl":"https:\/\/sekundi.eu\/wp-content\/uploads\/2023\/02\/recouvrement-amiable-3-1024x683.jpeg"},{"@type":"BreadcrumbList","@id":"https:\/\/sekundi.eu\/pl\/europie\/windykacja-naleznosci-na-slowacji-i-w-czechach\/#breadcrumb","itemListElement":[{"@type":"ListItem","position":1,"name":"Accueil","item":"https:\/\/sekundi.eu\/pl\/"},{"@type":"ListItem","position":2,"name":"Windykacja nale\u017cno\u015bci w Europie","item":"https:\/\/sekundi.eu\/pl\/europie\/"},{"@type":"ListItem","position":3,"name":"Odzyskiwanie d\u0142ug\u00f3w na S\u0142owacji i w Czechach"}]},{"@type":"WebSite","@id":"https:\/\/sekundi.eu\/#website","url":"https:\/\/sekundi.eu\/","name":"SEKUNDI","description":"","publisher":{"@id":"https:\/\/sekundi.eu\/#organization"},"potentialAction":[{"@type":"SearchAction","target":{"@type":"EntryPoint","urlTemplate":"https:\/\/sekundi.eu\/?s={search_term_string}"},"query-input":{"@type":"PropertyValueSpecification","valueRequired":true,"valueName":"search_term_string"}}],"inLanguage":"pl-PL"},{"@type":"Organization","@id":"https:\/\/sekundi.eu\/#organization","name":"Sekundi","url":"https:\/\/sekundi.eu\/","logo":{"@type":"ImageObject","inLanguage":"pl-PL","@id":"https:\/\/sekundi.eu\/#\/schema\/logo\/image\/","url":"https:\/\/sekundi.eu\/wp-content\/uploads\/2022\/12\/logo_sekundi.png","contentUrl":"https:\/\/sekundi.eu\/wp-content\/uploads\/2022\/12\/logo_sekundi.png","width":171,"height":46,"caption":"Sekundi"},"image":{"@id":"https:\/\/sekundi.eu\/#\/schema\/logo\/image\/"}}]}},"coauthors":[],"author_meta":{"author_link":"https:\/\/sekundi.eu\/pl\/author\/sekimageundi\/","display_name":"Les Imageurs"},"relative_dates":{"created":"Opublikowano 3 lata temu","modified":"Zaktualizowano 2 lata temu"},"absolute_dates":{"created":"Opublikowano 2023-02-02","modified":"Zaktualizowano 2024-01-11"},"absolute_dates_time":{"created":"Opublikowano 2023-02-02 16:03","modified":"Zaktualizowano 2024-01-11 14:32"},"featured_img_caption":"","featured_img":false,"series_order":"","_links":{"self":[{"href":"https:\/\/sekundi.eu\/pl\/wp-json\/wp\/v2\/pages\/5312","targetHints":{"allow":["GET"]}}],"collection":[{"href":"https:\/\/sekundi.eu\/pl\/wp-json\/wp\/v2\/pages"}],"about":[{"href":"https:\/\/sekundi.eu\/pl\/wp-json\/wp\/v2\/types\/page"}],"author":[{"embeddable":true,"href":"https:\/\/sekundi.eu\/pl\/wp-json\/wp\/v2\/users\/1"}],"replies":[{"embeddable":true,"href":"https:\/\/sekundi.eu\/pl\/wp-json\/wp\/v2\/comments?post=5312"}],"version-history":[{"count":9,"href":"https:\/\/sekundi.eu\/pl\/wp-json\/wp\/v2\/pages\/5312\/revisions"}],"predecessor-version":[{"id":8188,"href":"https:\/\/sekundi.eu\/pl\/wp-json\/wp\/v2\/pages\/5312\/revisions\/8188"}],"up":[{"embeddable":true,"href":"https:\/\/sekundi.eu\/pl\/wp-json\/wp\/v2\/pages\/3509"}],"wp:attachment":[{"href":"https:\/\/sekundi.eu\/pl\/wp-json\/wp\/v2\/media?parent=5312"}],"curies":[{"name":"wp","href":"https:\/\/api.w.org\/{rel}","templated":true}]}}