{"id":7720,"date":"2023-05-15T18:32:43","date_gmt":"2023-05-15T16:32:43","guid":{"rendered":"https:\/\/sekundi.eu\/wyslij-swoje-roszczenia\/"},"modified":"2023-10-26T09:47:07","modified_gmt":"2023-10-26T07:47:07","slug":"wyslij-swoje-roszczenia","status":"publish","type":"page","link":"https:\/\/sekundi.eu\/pl\/wyslij-swoje-roszczenia\/","title":{"rendered":"Wy\u015blij swoje roszczenia"},"content":{"rendered":"\n<div style=\"height:100px\" aria-hidden=\"true\" class=\"wp-block-spacer\"><\/div>\n\n\n\n<div class=\"wp-block-columns alignwide process is-layout-flex wp-container-core-columns-is-layout-9d6595d7 wp-block-columns-is-layout-flex\">\n<div class=\"wp-block-column animated fadeInUp delay-100ms is-layout-flow wp-block-column-is-layout-flow\">\n<p class=\"has-text-align-center process__number has-marron-color has-text-color has-xxxxlarge-font-size\"><strong>1<\/strong><\/p>\n\n\n\n<p class=\"has-text-align-center has-medium-font-size\"><strong><strong>Wy\u015blij swoje roszczenia<\/strong><\/strong><\/p>\n\n\n\n<p class=\"has-text-align-center\">Powiedz nam, w kt\u00f3rym kraju masz zaleg\u0142\u0105 p\u0142atno\u015b\u0107, wy\u015blij nam swoj\u0105 faktur\u0119 i pozw\u00f3l nam zaj\u0105\u0107 si\u0119 wszystkim!<\/p>\n<\/div>\n\n\n\n<div class=\"wp-block-column animated fadeInUp delay-200ms is-layout-flow wp-block-column-is-layout-flow\">\n<p class=\"has-text-align-center process__number has-marron-color has-text-color has-xxxxlarge-font-size\"><strong>2<\/strong><\/p>\n\n\n\n<p class=\"has-text-align-center has-medium-font-size\"><strong>Dowiedz si\u0119<\/strong><\/p>\n\n\n\n<p class=\"has-text-align-center\">Informujemy Ci\u0119 za po\u015brednictwem Intranetu 24\/7 o wszelkich zmianach w Twoich rachunkach i dostarczamy raporty o post\u0119pach w windykacji w wybranym przez Ciebie j\u0119zyku.<\/p>\n<\/div>\n\n\n\n<div class=\"wp-block-column animated fadeInUp delay-300ms is-layout-flow wp-block-column-is-layout-flow\">\n<p class=\"has-text-align-center process__number has-marron-color has-text-color has-xxxxlarge-font-size\"><strong>3<\/strong><\/p>\n\n\n\n<p class=\"has-text-align-center has-medium-font-size\"><strong>By\u0107 op\u0142aconym<\/strong><\/p>\n\n\n\n<p class=\"has-text-align-center\">Pracujemy na sukces, naszym celem jest odzyskanie Twojej nale\u017cno\u015bci w sytuacji korzystnej dla obu stron<\/p>\n<\/div>\n<\/div>\n\n\n\n<div style=\"height:100px\" aria-hidden=\"true\" class=\"wp-block-spacer\"><\/div>\n\n\n\n<div class=\"wp-block-group has-bleu-gris-background-color has-background\"><div class=\"wp-block-group__inner-container is-layout-constrained wp-block-group-is-layout-constrained\">\n<h2 class=\"wp-block-heading has-text-align-center sans-trait has-bleu-clair-color has-text-color has-xlarge-font-size advgb-dyn-d2953568\">PRZE\u015aLIJ SWOJE ROSZCZENIE<\/h2>\n\n\n\n<div style=\"height:31px\" aria-hidden=\"true\" class=\"wp-block-spacer\"><\/div>\n\n\n\n<div style=\"height:31px\" aria-hidden=\"true\" class=\"wp-block-spacer\"><\/div>\n\n\n\n<div class=\"wpcf7 no-js\" id=\"wpcf7-f4904-o1\" lang=\"pl-PL\" dir=\"ltr\" data-wpcf7-id=\"4904\">\n<div class=\"screen-reader-response\"><p role=\"status\" aria-live=\"polite\" aria-atomic=\"true\"><\/p> <ul><\/ul><\/div>\n<form action=\"\/pl\/wp-json\/wp\/v2\/pages\/7720#wpcf7-f4904-o1\" method=\"post\" class=\"wpcf7-form init\" aria-label=\"Formularz kontaktowy\" enctype=\"multipart\/form-data\" novalidate=\"novalidate\" data-status=\"init\">\n<fieldset class=\"hidden-fields-container\"><input type=\"hidden\" name=\"_wpcf7\" value=\"4904\" \/><input type=\"hidden\" name=\"_wpcf7_version\" value=\"6.1.5\" \/><input type=\"hidden\" name=\"_wpcf7_locale\" value=\"pl_PL\" \/><input type=\"hidden\" name=\"_wpcf7_unit_tag\" value=\"wpcf7-f4904-o1\" \/><input type=\"hidden\" name=\"_wpcf7_container_post\" value=\"0\" \/><input type=\"hidden\" name=\"_wpcf7_posted_data_hash\" value=\"\" \/><input type=\"hidden\" name=\"_wpcf7_recaptcha_response\" value=\"\" \/>\n<\/fieldset>\n<p><label><span class=\"wpcf7-form-control-wrap\" data-name=\"your-name\"><input size=\"40\" maxlength=\"400\" class=\"wpcf7-form-control wpcf7-text wpcf7-validates-as-required\" aria-required=\"true\" aria-invalid=\"false\" placeholder=\"Nazwa*\" value=\"\" type=\"text\" name=\"your-name\" \/><\/span><\/label><br \/>\n<label><span class=\"wpcf7-form-control-wrap\" data-name=\"your-email\"><input size=\"40\" maxlength=\"400\" class=\"wpcf7-form-control wpcf7-email wpcf7-validates-as-required wpcf7-text wpcf7-validates-as-email\" aria-required=\"true\" aria-invalid=\"false\" placeholder=\"E-mail*\" value=\"\" type=\"email\" name=\"your-email\" \/><\/span><\/label><br \/>\n<label><span class=\"wpcf7-form-control-wrap\" data-name=\"your-tel\"><input size=\"40\" maxlength=\"400\" class=\"wpcf7-form-control wpcf7-tel wpcf7-text wpcf7-validates-as-tel\" aria-invalid=\"false\" placeholder=\"Telefon\" value=\"\" type=\"tel\" name=\"your-tel\" \/><\/span><\/label><br \/>\n<label><span class=\"wpcf7-form-control-wrap\" data-name=\"your-subject\"><input size=\"40\" maxlength=\"400\" class=\"wpcf7-form-control wpcf7-text wpcf7-validates-as-required\" aria-required=\"true\" aria-invalid=\"false\" placeholder=\"Kraj d\u0142u\u017cnika\" value=\"\" type=\"text\" name=\"your-subject\" \/><\/span><\/label><br \/>\n<label><span class=\"wpcf7-form-control-wrap\" data-name=\"Invoiceamount\"><input class=\"wpcf7-form-control wpcf7-number wpcf7-validates-as-number\" aria-invalid=\"false\" placeholder=\"Kwota faktury\" value=\"\" type=\"number\" name=\"Invoiceamount\" \/><\/span><\/label><br \/>\n<label><span class=\"wpcf7-form-control-wrap\" data-name=\"your-message\"><textarea cols=\"40\" rows=\"10\" maxlength=\"2000\" class=\"wpcf7-form-control wpcf7-textarea\" aria-invalid=\"false\" placeholder=\"Wiadomo\u015b\u0107\" name=\"your-message\"><\/textarea><\/span> <\/label><br \/>\n<label><span class=\"wpcf7-form-control-wrap\" data-name=\"file-917\"><input size=\"40\" class=\"wpcf7-form-control wpcf7-file\" accept=\".pdf,.doc,.docx,.png,.jpg\" aria-invalid=\"false\" type=\"file\" name=\"file-917\" \/><\/span><span class='fake-file'>Kliknij tutaj, aby z\u0142o\u017cy\u0107 wniosek<\/span><\/label><br \/>\n<span class=\"wpcf7-form-control-wrap\" data-name=\"acceptance-919\"><span class=\"wpcf7-form-control wpcf7-acceptance\"><span class=\"wpcf7-list-item\"><label><input type=\"checkbox\" name=\"acceptance-919\" value=\"1\" aria-invalid=\"false\" \/><span class=\"wpcf7-list-item-label\">Przesy\u0142aj\u0105c ten formularz, wyra\u017cam zgod\u0119 na <a href=\"https:\/\/sekundi.eu\/terms-and-conditions-sekundi\/\" style=\"color:#7f634b;!important\">Terms and Conditions<\/a>.<\/span><\/label><\/span><\/span><\/span><br \/>\n<input class=\"wpcf7-form-control wpcf7-submit has-spinner\" type=\"submit\" value=\"Wys\u0142a\u0107\" \/>\n<\/p><div class=\"wpcf7-response-output\" aria-hidden=\"true\"><\/div>\n<\/form>\n<\/div>\n\n<\/div><\/div>\n\n\n\n<div class=\"wp-block-group alignwide network\"><div class=\"wp-block-group__inner-container is-layout-constrained wp-block-group-is-layout-constrained\">\n<div style=\"height:50px\" aria-hidden=\"true\" class=\"wp-block-spacer\"><\/div>\n\n\n\n<p class=\"has-text-align-center marg0 has-marron-clair-color has-text-color has-small-font-size\"><strong>NASZA SIE\u0106<\/strong><\/p>\n\n\n\n<h2 class=\"has-text-align-center marg0 wp-block-heading\">Kraje obj\u0119te programem<\/h2>\n\n\n\n<div style=\"height:30px\" aria-hidden=\"true\" class=\"wp-block-spacer\"><\/div>\n\n\n<ul class='country-sitemap'><li><a href='https:\/\/sekundi.eu\/pl\/ameryce-poludniowej\/'>Windykacja nale\u017cno\u015bci w Ameryce Po\u0142udniowej<\/a><ul><li><a href='https:\/\/sekundi.eu\/pl\/ameryce-poludniowej\/windykacja-naleznosci-w-chile\/'><i class='fa-solid fa-map-pin'><\/i>Windykacja nale\u017cno\u015bci w Chile<\/a><\/li><li><a href='https:\/\/sekundi.eu\/pl\/ameryce-poludniowej\/windykacja-naleznosci-w-peru\/'><i class='fa-solid fa-map-pin'><\/i>Windykacja nale\u017cno\u015bci w Peru<\/a><\/li><\/li><\/ul><\/li><\/ul>\n\n\n\n<div style=\"height:50px\" aria-hidden=\"true\" class=\"wp-block-spacer\"><\/div>\n<\/div><\/div>\n\n\n\n<div class=\"wp-block-group alignfull contact-block pad0 has-bleu-gris-background-color has-background\"><div class=\"wp-block-group__inner-container is-layout-constrained wp-block-group-is-layout-constrained\">\n<div class=\"wp-block-columns break100 margb0 is-layout-flex wp-container-core-columns-is-layout-9d6595d7 wp-block-columns-is-layout-flex\">\n<div class=\"wp-block-column marge is-layout-flow wp-block-column-is-layout-flow\" style=\"flex-basis:40%\">\n<div style=\"height:10px\" aria-hidden=\"true\" class=\"wp-block-spacer\"><\/div>\n\n\n\n<h3 class=\"wp-block-heading sans-trait advgb-dyn-df967b77\"><strong>Znajd\u017a nas<\/strong><\/h3>\n\n\n\n<p>Firma Sekundi CVBA zosta\u0142a za\u0142o\u017cona w Brukseli 31 pa\u017adziernika 2008 roku w celu oferowania us\u0142ug windykacyjnych na ca\u0142ym \u015bwiecie. Z ponad 40 cz\u0142onkami w naszej sieci, mo\u017cemy dzia\u0142a\u0107 w ponad 30 krajach.<\/p>\n\n\n\n<div style=\"height:10px\" aria-hidden=\"true\" class=\"wp-block-spacer\"><\/div>\n\n\n\n<p><strong>Pegasuslaan 5<\/strong><br>1831 Diegem Bruksela, Belgia<\/p>\n\n\n\n<hr class=\"wp-block-separator has-text-color has-blanc-color has-css-opacity has-blanc-background-color has-background is-style-wide\"\/>\n\n\n\n<p>contact@sekundi.eu<\/p>\n<\/div>\n\n\n\n<div class=\"wp-block-column visuel is-layout-flow wp-block-column-is-layout-flow\" style=\"flex-basis:60%\">\n<iframe src=\"https:\/\/www.google.com\/maps\/embed?pb=!1m14!1m8!1m3!1d80552.13339835561!2d4.498732!3d50.882006!3m2!1i1024!2i768!4f13.1!3m3!1m2!1s0x47c3dce27a644bf1%3A0xe66ff0a4311cd29c!2sPegasuslaan%205%2C%201831%20Machelen%2C%20Belgique!5e0!3m2!1sfr!2sus!4v1672130083307!5m2!1sfr!2sus\" style=\"border:0;\" allowfullscreen=\"\" loading=\"lazy\" referrerpolicy=\"no-referrer-when-downgrade\" width=\"600\" height=\"450\"><\/iframe>\n<\/div>\n<\/div>\n<\/div><\/div>\n","protected":false},"excerpt":{"rendered":"<p>PRZE\u015aLIJ SWOJE ROSZCZENIE Znajd\u017a nas Firma Sekundi CVBA zosta\u0142a za\u0142o\u017cona w Brukseli 31 pa\u017adziernika 2008 roku w celu oferowania us\u0142ug windykacyjnych na ca\u0142ym \u015bwiecie. Z ponad 40 cz\u0142onkami w naszej sieci, mo\u017cemy dzia\u0142a\u0107 w ponad 30 krajach. Pegasuslaan 51831 Diegem Bruksela, Belgia contact@sekundi.eu<\/p>\n","protected":false},"author":2,"featured_media":0,"parent":0,"menu_order":8,"comment_status":"closed","ping_status":"closed","template":"","meta":{"advgb_blocks_editor_width":"","advgb_blocks_columns_visual_guide":"","footnotes":""},"class_list":["post-7720","page","type-page","status-publish","hentry"],"yoast_head":"<!-- This site is optimized with the Yoast SEO plugin v27.5 - https:\/\/yoast.com\/product\/yoast-seo-wordpress\/ -->\n<title>Wy\u015blij swoje roszczenia - Mi\u0119dzynarodowa windykacja d\u0142ug\u00f3w<\/title>\n<meta name=\"description\" content=\"Masz d\u0142u\u017cnika poza granicami swojego kraju? Poznaj procedury odzyskiwania niezap\u0142aconych faktur dzi\u0119ki Wy\u015blij swoje roszczenia.\" \/>\n<meta name=\"robots\" content=\"index, follow, max-snippet:-1, max-image-preview:large, max-video-preview:-1\" \/>\n<link rel=\"canonical\" href=\"https:\/\/sekundi.eu\/pl\/wyslij-swoje-roszczenia\/\" \/>\n<meta property=\"og:locale\" content=\"pl_PL\" \/>\n<meta property=\"og:type\" content=\"article\" \/>\n<meta property=\"og:title\" content=\"Wy\u015blij swoje roszczenia - Mi\u0119dzynarodowa windykacja d\u0142ug\u00f3w\" \/>\n<meta property=\"og:description\" content=\"Masz d\u0142u\u017cnika poza granicami swojego kraju? Poznaj procedury odzyskiwania niezap\u0142aconych faktur dzi\u0119ki Wy\u015blij swoje roszczenia.\" \/>\n<meta property=\"og:url\" content=\"https:\/\/sekundi.eu\/pl\/wyslij-swoje-roszczenia\/\" \/>\n<meta property=\"og:site_name\" content=\"SEKUNDI\" \/>\n<meta property=\"article:modified_time\" content=\"2023-10-26T07:47:07+00:00\" \/>\n<meta name=\"twitter:card\" content=\"summary_large_image\" \/>\n<script type=\"application\/ld+json\" class=\"yoast-schema-graph\">{\"@context\":\"https:\\\/\\\/schema.org\",\"@graph\":[{\"@type\":\"WebPage\",\"@id\":\"https:\\\/\\\/sekundi.eu\\\/pl\\\/wyslij-swoje-roszczenia\\\/\",\"url\":\"https:\\\/\\\/sekundi.eu\\\/pl\\\/wyslij-swoje-roszczenia\\\/\",\"name\":\"Wy\u015blij swoje roszczenia - Mi\u0119dzynarodowa windykacja d\u0142ug\u00f3w\",\"isPartOf\":{\"@id\":\"https:\\\/\\\/sekundi.eu\\\/#website\"},\"datePublished\":\"2023-05-15T16:32:43+00:00\",\"dateModified\":\"2023-10-26T07:47:07+00:00\",\"description\":\"Masz d\u0142u\u017cnika poza granicami swojego kraju? Poznaj procedury odzyskiwania niezap\u0142aconych faktur dzi\u0119ki Wy\u015blij swoje roszczenia.\",\"breadcrumb\":{\"@id\":\"https:\\\/\\\/sekundi.eu\\\/pl\\\/wyslij-swoje-roszczenia\\\/#breadcrumb\"},\"inLanguage\":\"pl-PL\",\"potentialAction\":[{\"@type\":\"ReadAction\",\"target\":[\"https:\\\/\\\/sekundi.eu\\\/pl\\\/wyslij-swoje-roszczenia\\\/\"]}]},{\"@type\":\"BreadcrumbList\",\"@id\":\"https:\\\/\\\/sekundi.eu\\\/pl\\\/wyslij-swoje-roszczenia\\\/#breadcrumb\",\"itemListElement\":[{\"@type\":\"ListItem\",\"position\":1,\"name\":\"Accueil\",\"item\":\"https:\\\/\\\/sekundi.eu\\\/pl\\\/\"},{\"@type\":\"ListItem\",\"position\":2,\"name\":\"Wy\u015blij swoje roszczenia\"}]},{\"@type\":\"WebSite\",\"@id\":\"https:\\\/\\\/sekundi.eu\\\/#website\",\"url\":\"https:\\\/\\\/sekundi.eu\\\/\",\"name\":\"SEKUNDI\",\"description\":\"\",\"publisher\":{\"@id\":\"https:\\\/\\\/sekundi.eu\\\/#organization\"},\"potentialAction\":[{\"@type\":\"SearchAction\",\"target\":{\"@type\":\"EntryPoint\",\"urlTemplate\":\"https:\\\/\\\/sekundi.eu\\\/?s={search_term_string}\"},\"query-input\":{\"@type\":\"PropertyValueSpecification\",\"valueRequired\":true,\"valueName\":\"search_term_string\"}}],\"inLanguage\":\"pl-PL\"},{\"@type\":\"Organization\",\"@id\":\"https:\\\/\\\/sekundi.eu\\\/#organization\",\"name\":\"Sekundi\",\"url\":\"https:\\\/\\\/sekundi.eu\\\/\",\"logo\":{\"@type\":\"ImageObject\",\"inLanguage\":\"pl-PL\",\"@id\":\"https:\\\/\\\/sekundi.eu\\\/#\\\/schema\\\/logo\\\/image\\\/\",\"url\":\"https:\\\/\\\/sekundi.eu\\\/wp-content\\\/uploads\\\/2022\\\/12\\\/logo_sekundi.png\",\"contentUrl\":\"https:\\\/\\\/sekundi.eu\\\/wp-content\\\/uploads\\\/2022\\\/12\\\/logo_sekundi.png\",\"width\":171,\"height\":46,\"caption\":\"Sekundi\"},\"image\":{\"@id\":\"https:\\\/\\\/sekundi.eu\\\/#\\\/schema\\\/logo\\\/image\\\/\"}}]}<\/script>\n<!-- \/ Yoast SEO plugin. -->","yoast_head_json":{"title":"Wy\u015blij swoje roszczenia - Mi\u0119dzynarodowa windykacja d\u0142ug\u00f3w","description":"Masz d\u0142u\u017cnika poza granicami swojego kraju? Poznaj procedury odzyskiwania niezap\u0142aconych faktur dzi\u0119ki Wy\u015blij swoje roszczenia.","robots":{"index":"index","follow":"follow","max-snippet":"max-snippet:-1","max-image-preview":"max-image-preview:large","max-video-preview":"max-video-preview:-1"},"canonical":"https:\/\/sekundi.eu\/pl\/wyslij-swoje-roszczenia\/","og_locale":"pl_PL","og_type":"article","og_title":"Wy\u015blij swoje roszczenia - Mi\u0119dzynarodowa windykacja d\u0142ug\u00f3w","og_description":"Masz d\u0142u\u017cnika poza granicami swojego kraju? Poznaj procedury odzyskiwania niezap\u0142aconych faktur dzi\u0119ki Wy\u015blij swoje roszczenia.","og_url":"https:\/\/sekundi.eu\/pl\/wyslij-swoje-roszczenia\/","og_site_name":"SEKUNDI","article_modified_time":"2023-10-26T07:47:07+00:00","twitter_card":"summary_large_image","schema":{"@context":"https:\/\/schema.org","@graph":[{"@type":"WebPage","@id":"https:\/\/sekundi.eu\/pl\/wyslij-swoje-roszczenia\/","url":"https:\/\/sekundi.eu\/pl\/wyslij-swoje-roszczenia\/","name":"Wy\u015blij swoje roszczenia - Mi\u0119dzynarodowa windykacja d\u0142ug\u00f3w","isPartOf":{"@id":"https:\/\/sekundi.eu\/#website"},"datePublished":"2023-05-15T16:32:43+00:00","dateModified":"2023-10-26T07:47:07+00:00","description":"Masz d\u0142u\u017cnika poza granicami swojego kraju? Poznaj procedury odzyskiwania niezap\u0142aconych faktur dzi\u0119ki Wy\u015blij swoje roszczenia.","breadcrumb":{"@id":"https:\/\/sekundi.eu\/pl\/wyslij-swoje-roszczenia\/#breadcrumb"},"inLanguage":"pl-PL","potentialAction":[{"@type":"ReadAction","target":["https:\/\/sekundi.eu\/pl\/wyslij-swoje-roszczenia\/"]}]},{"@type":"BreadcrumbList","@id":"https:\/\/sekundi.eu\/pl\/wyslij-swoje-roszczenia\/#breadcrumb","itemListElement":[{"@type":"ListItem","position":1,"name":"Accueil","item":"https:\/\/sekundi.eu\/pl\/"},{"@type":"ListItem","position":2,"name":"Wy\u015blij swoje roszczenia"}]},{"@type":"WebSite","@id":"https:\/\/sekundi.eu\/#website","url":"https:\/\/sekundi.eu\/","name":"SEKUNDI","description":"","publisher":{"@id":"https:\/\/sekundi.eu\/#organization"},"potentialAction":[{"@type":"SearchAction","target":{"@type":"EntryPoint","urlTemplate":"https:\/\/sekundi.eu\/?s={search_term_string}"},"query-input":{"@type":"PropertyValueSpecification","valueRequired":true,"valueName":"search_term_string"}}],"inLanguage":"pl-PL"},{"@type":"Organization","@id":"https:\/\/sekundi.eu\/#organization","name":"Sekundi","url":"https:\/\/sekundi.eu\/","logo":{"@type":"ImageObject","inLanguage":"pl-PL","@id":"https:\/\/sekundi.eu\/#\/schema\/logo\/image\/","url":"https:\/\/sekundi.eu\/wp-content\/uploads\/2022\/12\/logo_sekundi.png","contentUrl":"https:\/\/sekundi.eu\/wp-content\/uploads\/2022\/12\/logo_sekundi.png","width":171,"height":46,"caption":"Sekundi"},"image":{"@id":"https:\/\/sekundi.eu\/#\/schema\/logo\/image\/"}}]}},"coauthors":[],"author_meta":{"author_link":"https:\/\/sekundi.eu\/pl\/author\/jeadminussot\/","display_name":"Jeanne CHANUSSOT"},"relative_dates":{"created":"Opublikowano 3 lata temu","modified":"Zaktualizowano 3 lata temu"},"absolute_dates":{"created":"Opublikowano 2023-05-15","modified":"Zaktualizowano 2023-10-26"},"absolute_dates_time":{"created":"Opublikowano 2023-05-15 18:32","modified":"Zaktualizowano 2023-10-26 09:47"},"featured_img_caption":"","featured_img":false,"series_order":"","_links":{"self":[{"href":"https:\/\/sekundi.eu\/pl\/wp-json\/wp\/v2\/pages\/7720","targetHints":{"allow":["GET"]}}],"collection":[{"href":"https:\/\/sekundi.eu\/pl\/wp-json\/wp\/v2\/pages"}],"about":[{"href":"https:\/\/sekundi.eu\/pl\/wp-json\/wp\/v2\/types\/page"}],"author":[{"embeddable":true,"href":"https:\/\/sekundi.eu\/pl\/wp-json\/wp\/v2\/users\/2"}],"replies":[{"embeddable":true,"href":"https:\/\/sekundi.eu\/pl\/wp-json\/wp\/v2\/comments?post=7720"}],"version-history":[{"count":2,"href":"https:\/\/sekundi.eu\/pl\/wp-json\/wp\/v2\/pages\/7720\/revisions"}],"predecessor-version":[{"id":8164,"href":"https:\/\/sekundi.eu\/pl\/wp-json\/wp\/v2\/pages\/7720\/revisions\/8164"}],"wp:attachment":[{"href":"https:\/\/sekundi.eu\/pl\/wp-json\/wp\/v2\/media?parent=7720"}],"curies":[{"name":"wp","href":"https:\/\/api.w.org\/{rel}","templated":true}]}}