{"id":7722,"date":"2023-05-15T18:32:43","date_gmt":"2023-05-15T16:32:43","guid":{"rendered":"https:\/\/sekundi.eu\/enviar-as-suas-facturas-nao-pagas\/"},"modified":"2023-10-26T09:49:21","modified_gmt":"2023-10-26T07:49:21","slug":"enviar-as-suas-facturas-nao-pagas","status":"publish","type":"page","link":"https:\/\/sekundi.eu\/pt-pt\/enviar-as-suas-facturas-nao-pagas\/","title":{"rendered":"Enviar as suas facturas n\u00e3o pagas"},"content":{"rendered":"\n<div style=\"height:100px\" aria-hidden=\"true\" class=\"wp-block-spacer\"><\/div>\n\n\n\n<div class=\"wp-block-columns alignwide process is-layout-flex wp-container-core-columns-is-layout-9d6595d7 wp-block-columns-is-layout-flex\">\n<div class=\"wp-block-column animated fadeInUp delay-100ms is-layout-flow wp-block-column-is-layout-flow\">\n<p class=\"has-text-align-center process__number has-marron-color has-text-color has-xxxxlarge-font-size\"><strong>1<\/strong><\/p>\n\n\n\n<p class=\"has-text-align-center has-medium-font-size\"><strong><strong>Enviar as suas facturas n\u00e3o pagas<\/strong><\/strong><\/p>\n\n\n\n<p class=\"has-text-align-center\">Diga-nos em que pa\u00eds tem um pagamento pendente, envie-nos a sua<\/p>\n<\/div>\n\n\n\n<div class=\"wp-block-column animated fadeInUp delay-200ms is-layout-flow wp-block-column-is-layout-flow\">\n<p class=\"has-text-align-center process__number has-marron-color has-text-color has-xxxxlarge-font-size\"><strong>2<\/strong><\/p>\n\n\n\n<p class=\"has-text-align-center has-medium-font-size\"><strong>Informe-se<\/strong><\/p>\n\n\n\n<p class=\"has-text-align-center\">Mantemo-lo informado via Intranet 24 horas por dia, 7 dias por semana, sobre quaisquer desenvolvimentos nas suas contas e fornecemos relat\u00f3rios sobre a evolu\u00e7\u00e3o da cobran\u00e7a de d\u00edvidas na l\u00edngua da sua escolha.<\/p>\n<\/div>\n\n\n\n<div class=\"wp-block-column animated fadeInUp delay-300ms is-layout-flow wp-block-column-is-layout-flow\">\n<p class=\"has-text-align-center process__number has-marron-color has-text-color has-xxxxlarge-font-size\"><strong>3<\/strong><\/p>\n\n\n\n<p class=\"has-text-align-center has-medium-font-size\"><strong>Ser pago<\/strong><\/p>\n\n\n\n<p class=\"has-text-align-center\">Trabalhamos para o sucesso, o nosso objectivo \u00e9 recuperar a sua reivindica\u00e7\u00e3o numa situa\u00e7\u00e3o vantajosa para ambas as partes<\/p>\n<\/div>\n<\/div>\n\n\n\n<div style=\"height:100px\" aria-hidden=\"true\" class=\"wp-block-spacer\"><\/div>\n\n\n\n<div class=\"wp-block-group has-bleu-gris-background-color has-background\"><div class=\"wp-block-group__inner-container is-layout-constrained wp-block-group-is-layout-constrained\">\n<h2 class=\"wp-block-heading has-text-align-center sans-trait has-bleu-clair-color has-text-color has-xlarge-font-size advgb-dyn-48e2f485\">CARREGAR O PEDIDO<\/h2>\n\n\n\n<div style=\"height:31px\" aria-hidden=\"true\" class=\"wp-block-spacer\"><\/div>\n\n\n\n<div style=\"height:31px\" aria-hidden=\"true\" class=\"wp-block-spacer\"><\/div>\n\n\n\n<div class=\"wpcf7 no-js\" id=\"wpcf7-f4906-o1\" lang=\"pt-PT\" dir=\"ltr\" data-wpcf7-id=\"4906\">\n<div class=\"screen-reader-response\"><p role=\"status\" aria-live=\"polite\" aria-atomic=\"true\"><\/p> <ul><\/ul><\/div>\n<form action=\"\/pt-pt\/wp-json\/wp\/v2\/pages\/7722#wpcf7-f4906-o1\" method=\"post\" class=\"wpcf7-form init\" aria-label=\"Formul\u00e1rio de contacto\" enctype=\"multipart\/form-data\" novalidate=\"novalidate\" data-status=\"init\">\n<fieldset class=\"hidden-fields-container\"><input type=\"hidden\" name=\"_wpcf7\" value=\"4906\" \/><input type=\"hidden\" name=\"_wpcf7_version\" value=\"6.1.5\" \/><input type=\"hidden\" name=\"_wpcf7_locale\" value=\"pt_PT\" \/><input type=\"hidden\" name=\"_wpcf7_unit_tag\" value=\"wpcf7-f4906-o1\" \/><input type=\"hidden\" name=\"_wpcf7_container_post\" value=\"0\" \/><input type=\"hidden\" name=\"_wpcf7_posted_data_hash\" value=\"\" \/><input type=\"hidden\" name=\"_wpcf7_recaptcha_response\" value=\"\" \/>\n<\/fieldset>\n<p><label><span class=\"wpcf7-form-control-wrap\" data-name=\"your-name\"><input size=\"40\" maxlength=\"400\" class=\"wpcf7-form-control wpcf7-text wpcf7-validates-as-required\" aria-required=\"true\" aria-invalid=\"false\" placeholder=\"Nome*\" value=\"\" type=\"text\" name=\"your-name\" \/><\/span><\/label><br \/>\n<label><span class=\"wpcf7-form-control-wrap\" data-name=\"your-email\"><input size=\"40\" maxlength=\"400\" class=\"wpcf7-form-control wpcf7-email wpcf7-validates-as-required wpcf7-text wpcf7-validates-as-email\" aria-required=\"true\" aria-invalid=\"false\" placeholder=\"E-mail*\" value=\"\" type=\"email\" name=\"your-email\" \/><\/span><\/label><br \/>\n<label><span class=\"wpcf7-form-control-wrap\" data-name=\"your-tel\"><input size=\"40\" maxlength=\"400\" class=\"wpcf7-form-control wpcf7-tel wpcf7-validates-as-required wpcf7-text wpcf7-validates-as-tel\" aria-required=\"true\" aria-invalid=\"false\" placeholder=\"Telefone\" value=\"\" type=\"tel\" name=\"your-tel\" \/><\/span><\/label><br \/>\n<label><span class=\"wpcf7-form-control-wrap\" data-name=\"your-subject\"><input size=\"40\" maxlength=\"400\" class=\"wpcf7-form-control wpcf7-text wpcf7-validates-as-required\" aria-required=\"true\" aria-invalid=\"false\" placeholder=\"Pa\u00eds do devedor*\" value=\"\" type=\"text\" name=\"your-subject\" \/><\/span><\/label><br \/>\n<label><span class=\"wpcf7-form-control-wrap\" data-name=\"Invoiceamount\"><input class=\"wpcf7-form-control wpcf7-number wpcf7-validates-as-number\" aria-invalid=\"false\" placeholder=\"Montante da fatura\" value=\"\" type=\"number\" name=\"Invoiceamount\" \/><\/span><\/label><br \/>\n<label><span class=\"wpcf7-form-control-wrap\" data-name=\"your-message\"><textarea cols=\"40\" rows=\"10\" maxlength=\"2000\" class=\"wpcf7-form-control wpcf7-textarea\" aria-invalid=\"false\" placeholder=\"Mensagem\" name=\"your-message\"><\/textarea><\/span> <\/label><br \/>\n<label><span class=\"wpcf7-form-control-wrap\" data-name=\"file-917\"><input size=\"40\" class=\"wpcf7-form-control wpcf7-file\" accept=\".pdf,.doc,.docx,.png,.jpg\" aria-invalid=\"false\" type=\"file\" name=\"file-917\" \/><\/span><span class='fake-file'>Clique aqui para registrar sua reclama\u00e7\u00e3o<\/span><\/label><br \/>\n<span class=\"wpcf7-form-control-wrap\" data-name=\"acceptance-919\"><span class=\"wpcf7-form-control wpcf7-acceptance\"><span class=\"wpcf7-list-item\"><label><input type=\"checkbox\" name=\"acceptance-919\" value=\"1\" aria-invalid=\"false\" \/><span class=\"wpcf7-list-item-label\">Ao submeter este formul\u00e1rio, concordo com os <a href=\"https:\/\/sekundi.eu\/terms-and-conditions-sekundi\/\" style=\"color:#7f634b;!important\">Termos e Condi\u00e7\u00f5es<\/a>.<\/span><\/label><\/span><\/span><\/span><br \/>\n<input class=\"wpcf7-form-control wpcf7-submit has-spinner\" type=\"submit\" value=\"Enviar\" \/>\n<\/p><div class=\"wpcf7-response-output\" aria-hidden=\"true\"><\/div>\n<\/form>\n<\/div>\n\n<\/div><\/div>\n\n\n\n<div class=\"wp-block-group alignwide network\"><div class=\"wp-block-group__inner-container is-layout-constrained wp-block-group-is-layout-constrained\">\n<div style=\"height:50px\" aria-hidden=\"true\" class=\"wp-block-spacer\"><\/div>\n\n\n\n<p class=\"has-text-align-center marg0 has-marron-clair-color has-text-color has-small-font-size\"><strong>A NOSSA REDE<\/strong><\/p>\n\n\n\n<h2 class=\"has-text-align-center marg0 wp-block-heading\">Pa\u00edses cobertos<\/h2>\n\n\n\n<div style=\"height:30px\" aria-hidden=\"true\" class=\"wp-block-spacer\"><\/div>\n\n\n<ul class='country-sitemap'><li><a href='https:\/\/sekundi.eu\/pt-pt\/america-do-sul\/'>Cobran\u00e7a de d\u00edvidas na Am\u00e9rica do Sul<\/a><ul><li><a href='https:\/\/sekundi.eu\/pt-pt\/america-do-sul\/cobranca-de-dividas-no-chile\/'><i class='fa-solid fa-map-pin'><\/i>Cobran\u00e7a de d\u00edvidas no Chile<\/a><\/li><li><a href='https:\/\/sekundi.eu\/pt-pt\/america-do-sul\/cobranca-de-dividas-no-peru\/'><i class='fa-solid fa-map-pin'><\/i>Cobran\u00e7a de d\u00edvidas no Peru<\/a><\/li><\/li><\/ul><\/li><\/ul>\n\n\n\n<div style=\"height:50px\" aria-hidden=\"true\" class=\"wp-block-spacer\"><\/div>\n<\/div><\/div>\n\n\n\n<div class=\"wp-block-group alignfull contact-block pad0 has-bleu-gris-background-color has-background\"><div class=\"wp-block-group__inner-container is-layout-constrained wp-block-group-is-layout-constrained\">\n<div class=\"wp-block-columns break100 margb0 is-layout-flex wp-container-core-columns-is-layout-9d6595d7 wp-block-columns-is-layout-flex\">\n<div class=\"wp-block-column marge is-layout-flow wp-block-column-is-layout-flow\" style=\"flex-basis:40%\">\n<div style=\"height:10px\" aria-hidden=\"true\" class=\"wp-block-spacer\"><\/div>\n\n\n\n<h3 class=\"wp-block-heading sans-trait advgb-dyn-69f1f418\"><strong>Encontre-nos<\/strong><\/h3>\n\n\n\n<p>Sekundi CVBA foi fundada em Bruxelas a 31 de Outubro de 2008, a fim de oferecer um servi\u00e7o mundial de cobran\u00e7a de d\u00edvidas. Com mais de 40 membros na nossa rede, podemos operar em mais de 30 pa\u00edses.<\/p>\n\n\n\n<div style=\"height:10px\" aria-hidden=\"true\" class=\"wp-block-spacer\"><\/div>\n\n\n\n<p><strong>Pegasuslaan 5<\/strong><br>1831 Diegem Bruxelas, B\u00e9lgica<\/p>\n\n\n\n<hr class=\"wp-block-separator has-text-color has-blanc-color has-css-opacity has-blanc-background-color has-background is-style-wide\"\/>\n\n\n\n<p>contact@sekundi.eu<\/p>\n<\/div>\n\n\n\n<div class=\"wp-block-column visuel is-layout-flow wp-block-column-is-layout-flow\" style=\"flex-basis:60%\">\n<iframe src=\"https:\/\/www.google.com\/maps\/embed?pb=!1m14!1m8!1m3!1d80552.13339835561!2d4.498732!3d50.882006!3m2!1i1024!2i768!4f13.1!3m3!1m2!1s0x47c3dce27a644bf1%3A0xe66ff0a4311cd29c!2sPegasuslaan%205%2C%201831%20Machelen%2C%20Belgique!5e0!3m2!1sfr!2sus!4v1672130083307!5m2!1sfr!2sus\" style=\"border:0;\" allowfullscreen=\"\" loading=\"lazy\" referrerpolicy=\"no-referrer-when-downgrade\" width=\"600\" height=\"450\"><\/iframe>\n<\/div>\n<\/div>\n<\/div><\/div>\n","protected":false},"excerpt":{"rendered":"<p>CARREGAR O PEDIDO Encontre-nos Sekundi CVBA foi fundada em Bruxelas a 31 de Outubro de 2008, a fim de oferecer um servi\u00e7o mundial de cobran\u00e7a de d\u00edvidas. Com mais de 40 membros na nossa rede, podemos operar em mais de 30 pa\u00edses. Pegasuslaan 51831 Diegem Bruxelas, B\u00e9lgica contact@sekundi.eu<\/p>\n","protected":false},"author":2,"featured_media":0,"parent":0,"menu_order":9,"comment_status":"closed","ping_status":"closed","template":"","meta":{"advgb_blocks_editor_width":"","advgb_blocks_columns_visual_guide":"","footnotes":""},"class_list":["post-7722","page","type-page","status-publish","hentry"],"yoast_head":"<!-- This site is optimized with the Yoast SEO plugin v27.5 - https:\/\/yoast.com\/product\/yoast-seo-wordpress\/ -->\n<title>Enviar as suas facturas n\u00e3o pagas - Recupera\u00e7\u00e3o de d\u00edvida internacional<\/title>\n<meta name=\"description\" content=\"Voc\u00ea tem um devedor fora do seu pa\u00eds? Descubra os procedimentos para recuperar suas faturas n\u00e3o pagas gra\u00e7as a Enviar as suas facturas n\u00e3o pagas.\" \/>\n<meta name=\"robots\" content=\"index, follow, max-snippet:-1, max-image-preview:large, max-video-preview:-1\" \/>\n<link rel=\"canonical\" href=\"https:\/\/sekundi.eu\/pt-pt\/enviar-as-suas-facturas-nao-pagas\/\" \/>\n<meta property=\"og:locale\" content=\"pt_PT\" \/>\n<meta property=\"og:type\" content=\"article\" \/>\n<meta property=\"og:title\" content=\"Enviar as suas facturas n\u00e3o pagas - Recupera\u00e7\u00e3o de d\u00edvida internacional\" \/>\n<meta property=\"og:description\" content=\"Voc\u00ea tem um devedor fora do seu pa\u00eds? Descubra os procedimentos para recuperar suas faturas n\u00e3o pagas gra\u00e7as a Enviar as suas facturas n\u00e3o pagas.\" \/>\n<meta property=\"og:url\" content=\"https:\/\/sekundi.eu\/pt-pt\/enviar-as-suas-facturas-nao-pagas\/\" \/>\n<meta property=\"og:site_name\" content=\"SEKUNDI\" \/>\n<meta property=\"article:modified_time\" content=\"2023-10-26T07:49:21+00:00\" \/>\n<meta name=\"twitter:card\" content=\"summary_large_image\" \/>\n<meta name=\"twitter:label1\" content=\"Tempo estimado de leitura\" \/>\n\t<meta name=\"twitter:data1\" content=\"1 minuto\" \/>\n<script type=\"application\/ld+json\" class=\"yoast-schema-graph\">{\"@context\":\"https:\\\/\\\/schema.org\",\"@graph\":[{\"@type\":\"WebPage\",\"@id\":\"https:\\\/\\\/sekundi.eu\\\/pt-pt\\\/enviar-as-suas-facturas-nao-pagas\\\/\",\"url\":\"https:\\\/\\\/sekundi.eu\\\/pt-pt\\\/enviar-as-suas-facturas-nao-pagas\\\/\",\"name\":\"Enviar as suas facturas n\u00e3o pagas - Recupera\u00e7\u00e3o de d\u00edvida internacional\",\"isPartOf\":{\"@id\":\"https:\\\/\\\/sekundi.eu\\\/#website\"},\"datePublished\":\"2023-05-15T16:32:43+00:00\",\"dateModified\":\"2023-10-26T07:49:21+00:00\",\"description\":\"Voc\u00ea tem um devedor fora do seu pa\u00eds? Descubra os procedimentos para recuperar suas faturas n\u00e3o pagas gra\u00e7as a Enviar as suas facturas n\u00e3o pagas.\",\"breadcrumb\":{\"@id\":\"https:\\\/\\\/sekundi.eu\\\/pt-pt\\\/enviar-as-suas-facturas-nao-pagas\\\/#breadcrumb\"},\"inLanguage\":\"pt-PT\",\"potentialAction\":[{\"@type\":\"ReadAction\",\"target\":[\"https:\\\/\\\/sekundi.eu\\\/pt-pt\\\/enviar-as-suas-facturas-nao-pagas\\\/\"]}]},{\"@type\":\"BreadcrumbList\",\"@id\":\"https:\\\/\\\/sekundi.eu\\\/pt-pt\\\/enviar-as-suas-facturas-nao-pagas\\\/#breadcrumb\",\"itemListElement\":[{\"@type\":\"ListItem\",\"position\":1,\"name\":\"Accueil\",\"item\":\"https:\\\/\\\/sekundi.eu\\\/pt-pt\\\/\"},{\"@type\":\"ListItem\",\"position\":2,\"name\":\"Enviar as suas facturas n\u00e3o pagas\"}]},{\"@type\":\"WebSite\",\"@id\":\"https:\\\/\\\/sekundi.eu\\\/#website\",\"url\":\"https:\\\/\\\/sekundi.eu\\\/\",\"name\":\"SEKUNDI\",\"description\":\"\",\"publisher\":{\"@id\":\"https:\\\/\\\/sekundi.eu\\\/#organization\"},\"potentialAction\":[{\"@type\":\"SearchAction\",\"target\":{\"@type\":\"EntryPoint\",\"urlTemplate\":\"https:\\\/\\\/sekundi.eu\\\/?s={search_term_string}\"},\"query-input\":{\"@type\":\"PropertyValueSpecification\",\"valueRequired\":true,\"valueName\":\"search_term_string\"}}],\"inLanguage\":\"pt-PT\"},{\"@type\":\"Organization\",\"@id\":\"https:\\\/\\\/sekundi.eu\\\/#organization\",\"name\":\"Sekundi\",\"url\":\"https:\\\/\\\/sekundi.eu\\\/\",\"logo\":{\"@type\":\"ImageObject\",\"inLanguage\":\"pt-PT\",\"@id\":\"https:\\\/\\\/sekundi.eu\\\/#\\\/schema\\\/logo\\\/image\\\/\",\"url\":\"https:\\\/\\\/sekundi.eu\\\/wp-content\\\/uploads\\\/2022\\\/12\\\/logo_sekundi.png\",\"contentUrl\":\"https:\\\/\\\/sekundi.eu\\\/wp-content\\\/uploads\\\/2022\\\/12\\\/logo_sekundi.png\",\"width\":171,\"height\":46,\"caption\":\"Sekundi\"},\"image\":{\"@id\":\"https:\\\/\\\/sekundi.eu\\\/#\\\/schema\\\/logo\\\/image\\\/\"}}]}<\/script>\n<!-- \/ Yoast SEO plugin. -->","yoast_head_json":{"title":"Enviar as suas facturas n\u00e3o pagas - Recupera\u00e7\u00e3o de d\u00edvida internacional","description":"Voc\u00ea tem um devedor fora do seu pa\u00eds? Descubra os procedimentos para recuperar suas faturas n\u00e3o pagas gra\u00e7as a Enviar as suas facturas n\u00e3o pagas.","robots":{"index":"index","follow":"follow","max-snippet":"max-snippet:-1","max-image-preview":"max-image-preview:large","max-video-preview":"max-video-preview:-1"},"canonical":"https:\/\/sekundi.eu\/pt-pt\/enviar-as-suas-facturas-nao-pagas\/","og_locale":"pt_PT","og_type":"article","og_title":"Enviar as suas facturas n\u00e3o pagas - Recupera\u00e7\u00e3o de d\u00edvida internacional","og_description":"Voc\u00ea tem um devedor fora do seu pa\u00eds? Descubra os procedimentos para recuperar suas faturas n\u00e3o pagas gra\u00e7as a Enviar as suas facturas n\u00e3o pagas.","og_url":"https:\/\/sekundi.eu\/pt-pt\/enviar-as-suas-facturas-nao-pagas\/","og_site_name":"SEKUNDI","article_modified_time":"2023-10-26T07:49:21+00:00","twitter_card":"summary_large_image","twitter_misc":{"Tempo estimado de leitura":"1 minuto"},"schema":{"@context":"https:\/\/schema.org","@graph":[{"@type":"WebPage","@id":"https:\/\/sekundi.eu\/pt-pt\/enviar-as-suas-facturas-nao-pagas\/","url":"https:\/\/sekundi.eu\/pt-pt\/enviar-as-suas-facturas-nao-pagas\/","name":"Enviar as suas facturas n\u00e3o pagas - Recupera\u00e7\u00e3o de d\u00edvida internacional","isPartOf":{"@id":"https:\/\/sekundi.eu\/#website"},"datePublished":"2023-05-15T16:32:43+00:00","dateModified":"2023-10-26T07:49:21+00:00","description":"Voc\u00ea tem um devedor fora do seu pa\u00eds? Descubra os procedimentos para recuperar suas faturas n\u00e3o pagas gra\u00e7as a Enviar as suas facturas n\u00e3o pagas.","breadcrumb":{"@id":"https:\/\/sekundi.eu\/pt-pt\/enviar-as-suas-facturas-nao-pagas\/#breadcrumb"},"inLanguage":"pt-PT","potentialAction":[{"@type":"ReadAction","target":["https:\/\/sekundi.eu\/pt-pt\/enviar-as-suas-facturas-nao-pagas\/"]}]},{"@type":"BreadcrumbList","@id":"https:\/\/sekundi.eu\/pt-pt\/enviar-as-suas-facturas-nao-pagas\/#breadcrumb","itemListElement":[{"@type":"ListItem","position":1,"name":"Accueil","item":"https:\/\/sekundi.eu\/pt-pt\/"},{"@type":"ListItem","position":2,"name":"Enviar as suas facturas n\u00e3o pagas"}]},{"@type":"WebSite","@id":"https:\/\/sekundi.eu\/#website","url":"https:\/\/sekundi.eu\/","name":"SEKUNDI","description":"","publisher":{"@id":"https:\/\/sekundi.eu\/#organization"},"potentialAction":[{"@type":"SearchAction","target":{"@type":"EntryPoint","urlTemplate":"https:\/\/sekundi.eu\/?s={search_term_string}"},"query-input":{"@type":"PropertyValueSpecification","valueRequired":true,"valueName":"search_term_string"}}],"inLanguage":"pt-PT"},{"@type":"Organization","@id":"https:\/\/sekundi.eu\/#organization","name":"Sekundi","url":"https:\/\/sekundi.eu\/","logo":{"@type":"ImageObject","inLanguage":"pt-PT","@id":"https:\/\/sekundi.eu\/#\/schema\/logo\/image\/","url":"https:\/\/sekundi.eu\/wp-content\/uploads\/2022\/12\/logo_sekundi.png","contentUrl":"https:\/\/sekundi.eu\/wp-content\/uploads\/2022\/12\/logo_sekundi.png","width":171,"height":46,"caption":"Sekundi"},"image":{"@id":"https:\/\/sekundi.eu\/#\/schema\/logo\/image\/"}}]}},"coauthors":[],"author_meta":{"author_link":"https:\/\/sekundi.eu\/pt-pt\/author\/jeadminussot\/","display_name":"Jeanne CHANUSSOT"},"relative_dates":{"created":"Publicado 3 anos h\u00e1","modified":"Atualizado 3 anos h\u00e1"},"absolute_dates":{"created":"Publicado em 15 de Maio, 2023","modified":"Atualizado em 26 de Outubro, 2023"},"absolute_dates_time":{"created":"Publicado em 15 de Maio, 2023 18:32","modified":"Atualizado em 26 de Outubro, 2023 9:49"},"featured_img_caption":"","featured_img":false,"series_order":"","_links":{"self":[{"href":"https:\/\/sekundi.eu\/pt-pt\/wp-json\/wp\/v2\/pages\/7722","targetHints":{"allow":["GET"]}}],"collection":[{"href":"https:\/\/sekundi.eu\/pt-pt\/wp-json\/wp\/v2\/pages"}],"about":[{"href":"https:\/\/sekundi.eu\/pt-pt\/wp-json\/wp\/v2\/types\/page"}],"author":[{"embeddable":true,"href":"https:\/\/sekundi.eu\/pt-pt\/wp-json\/wp\/v2\/users\/2"}],"replies":[{"embeddable":true,"href":"https:\/\/sekundi.eu\/pt-pt\/wp-json\/wp\/v2\/comments?post=7722"}],"version-history":[{"count":2,"href":"https:\/\/sekundi.eu\/pt-pt\/wp-json\/wp\/v2\/pages\/7722\/revisions"}],"predecessor-version":[{"id":8165,"href":"https:\/\/sekundi.eu\/pt-pt\/wp-json\/wp\/v2\/pages\/7722\/revisions\/8165"}],"wp:attachment":[{"href":"https:\/\/sekundi.eu\/pt-pt\/wp-json\/wp\/v2\/media?parent=7722"}],"curies":[{"name":"wp","href":"https:\/\/api.w.org\/{rel}","templated":true}]}}