{"id":2017,"date":"2022-12-26T10:01:51","date_gmt":"2022-12-26T09:01:51","guid":{"rendered":"https:\/\/sekundi.eu\/kontakt\/"},"modified":"2025-10-09T11:31:56","modified_gmt":"2025-10-09T09:31:56","slug":"kontakt","status":"publish","type":"page","link":"https:\/\/sekundi.eu\/sk\/kontakt\/","title":{"rendered":"Kontaktujte n\u00e1s !"},"content":{"rendered":"\n<div style=\"height:100px\" aria-hidden=\"true\" class=\"wp-block-spacer\"><\/div>\n\n<div class=\"wp-block-columns alignwide process is-layout-flex wp-container-core-columns-is-layout-9d6595d7 wp-block-columns-is-layout-flex\">\n<div class=\"wp-block-column animated fadeInUp delay-100ms is-layout-flow wp-block-column-is-layout-flow\">\n<p class=\"has-text-align-center process__number has-marron-color has-text-color has-xxxxlarge-font-size\"><strong>1<\/strong><\/p>\n\n\n\n<p class=\"has-text-align-center has-medium-font-size\"><strong><strong>Po\u0161lite svoje nezaplaten\u00e9 fakt\u00fary<\/strong><\/strong><\/p>\n\n\n\n<p class=\"has-text-align-center\">Ozn\u00e1mte n\u00e1m, v ktorej krajine m\u00e1te neuhraden\u00fa platbu, po\u0161lite n\u00e1m fakt\u00faru a my sa o v\u0161etko postar\u00e1me!<\/p>\n<\/div>\n\n\n\n<div class=\"wp-block-column animated fadeInUp delay-200ms is-layout-flow wp-block-column-is-layout-flow\">\n<p class=\"has-text-align-center process__number has-marron-color has-text-color has-xxxxlarge-font-size\"><strong>2<\/strong><\/p>\n\n\n\n<p class=\"has-text-align-center has-medium-font-size\"><strong>Z\u00edskajte inform\u00e1cie<\/strong><\/p>\n\n\n\n<p class=\"has-text-align-center\">Prostredn\u00edctvom intranetu v\u00e1s nepretr\u017eite informujeme o v\u00fdvoji va\u0161ich \u00fa\u010dtov a poskytujeme spr\u00e1vy o priebehu vym\u00e1hania poh\u013ead\u00e1vok v jazyku, ktor\u00fd si vyberiete.<\/p>\n<\/div>\n\n\n\n<div class=\"wp-block-column animated fadeInUp delay-300ms is-layout-flow wp-block-column-is-layout-flow\">\n<p class=\"has-text-align-center process__number has-marron-color has-text-color has-xxxxlarge-font-size\"><strong>3<\/strong><\/p>\n\n\n\n<p class=\"has-text-align-center has-medium-font-size\"><strong>Dosta\u0165 zaplaten\u00e9<\/strong><\/p>\n\n\n\n<p class=\"has-text-align-center\">Pracujeme na \u00faspechu, na\u0161\u00edm cie\u013eom je vym\u00f4c\u0165 v\u00e1\u0161 dlh v obojstranne v\u00fdhodnej situ\u00e1cii<\/p>\n<\/div>\n<\/div>\n\n<div class=\"wp-block-group alignfull pad0 has-blanc-background-color has-background\"><div class=\"wp-block-group__inner-container is-layout-constrained wp-block-group-is-layout-constrained\">\n<div class=\"wp-block-columns contact-block is-layout-flex wp-container-core-columns-is-layout-9d6595d7 wp-block-columns-is-layout-flex\">\n<div class=\"wp-block-column marge is-layout-flow wp-block-column-is-layout-flow\" style=\"flex-basis:60%\">\n<div style=\"height:40px\" aria-hidden=\"true\" class=\"wp-block-spacer\"><\/div>\n\n\n\n<h2 class=\"wp-block-heading sans-trait has-bleu-clair-color has-text-color has-xlarge-font-size advgb-dyn-a16260f5\">M\u00e1te dlhy v inej krajine a m\u00e1te probl\u00e9my s ich \u00fahradou?<\/h2>\n\n\n\n<div style=\"height:31px\" aria-hidden=\"true\" class=\"wp-block-spacer\"><\/div>\n\n\n\n<p class=\"has-bleu-clair-color has-text-color has-medium-font-size\">Po\u010fme sa o tom porozpr\u00e1va\u0165!<\/p>\n\n\n\n<div style=\"height:31px\" aria-hidden=\"true\" class=\"wp-block-spacer\"><\/div>\n\n\n\n<div class=\"wpcf7 no-js\" id=\"wpcf7-f2010-o1\" lang=\"sk-SK\" dir=\"ltr\" data-wpcf7-id=\"2010\">\n<div class=\"screen-reader-response\"><p role=\"status\" aria-live=\"polite\" aria-atomic=\"true\"><\/p> <ul><\/ul><\/div>\n<form action=\"\/sk\/wp-json\/wp\/v2\/pages\/2017#wpcf7-f2010-o1\" method=\"post\" class=\"wpcf7-form init\" aria-label=\"Kontaktn\u00fd formul\u00e1r\" enctype=\"multipart\/form-data\" novalidate=\"novalidate\" data-status=\"init\">\n<fieldset class=\"hidden-fields-container\"><input type=\"hidden\" name=\"_wpcf7\" value=\"2010\" \/><input type=\"hidden\" name=\"_wpcf7_version\" value=\"6.1.5\" \/><input type=\"hidden\" name=\"_wpcf7_locale\" value=\"sk_SK\" \/><input type=\"hidden\" name=\"_wpcf7_unit_tag\" value=\"wpcf7-f2010-o1\" \/><input type=\"hidden\" name=\"_wpcf7_container_post\" value=\"0\" \/><input type=\"hidden\" name=\"_wpcf7_posted_data_hash\" value=\"\" \/><input type=\"hidden\" name=\"_wpcf7_recaptcha_response\" value=\"\" \/>\n<\/fieldset>\n<p><label><span class=\"wpcf7-form-control-wrap\" data-name=\"your-name\"><input size=\"40\" maxlength=\"400\" class=\"wpcf7-form-control wpcf7-text wpcf7-validates-as-required\" aria-required=\"true\" aria-invalid=\"false\" placeholder=\"N\u00e1zov*\" value=\"\" type=\"text\" name=\"your-name\" \/><\/span><\/label><br \/>\n<label><span class=\"wpcf7-form-control-wrap\" data-name=\"your-email\"><input size=\"40\" maxlength=\"400\" class=\"wpcf7-form-control wpcf7-email wpcf7-validates-as-required wpcf7-text wpcf7-validates-as-email\" aria-required=\"true\" aria-invalid=\"false\" placeholder=\"E-mail*\" value=\"\" type=\"email\" name=\"your-email\" \/><\/span><\/label><br \/>\n<label><span class=\"wpcf7-form-control-wrap\" data-name=\"your-tel\"><input size=\"40\" maxlength=\"400\" class=\"wpcf7-form-control wpcf7-tel wpcf7-text wpcf7-validates-as-tel\" aria-invalid=\"false\" placeholder=\"Telef\u00f3n\" value=\"\" type=\"tel\" name=\"your-tel\" \/><\/span><\/label><br \/>\n<label><span class=\"wpcf7-form-control-wrap\" data-name=\"your-subject\"><input size=\"40\" maxlength=\"400\" class=\"wpcf7-form-control wpcf7-text wpcf7-validates-as-required\" aria-required=\"true\" aria-invalid=\"false\" placeholder=\"Krajina dl\u017en\u00edka*\" value=\"\" type=\"text\" name=\"your-subject\" \/><\/span><\/label><br \/>\n<label><span class=\"wpcf7-form-control-wrap\" data-name=\"Invoiceamount\"><input class=\"wpcf7-form-control wpcf7-number wpcf7-validates-as-number\" aria-invalid=\"false\" placeholder=\"V\u00fd\u0161ka fakt\u00fary\" value=\"\" type=\"number\" name=\"Invoiceamount\" \/><\/span><\/label><br \/>\n<label><span class=\"wpcf7-form-control-wrap\" data-name=\"your-message\"><textarea cols=\"40\" rows=\"10\" maxlength=\"2000\" class=\"wpcf7-form-control wpcf7-textarea\" aria-invalid=\"false\" placeholder=\"Spr\u00e1va\" name=\"your-message\"><\/textarea><\/span> <\/label><br \/>\n<label><span class=\"wpcf7-form-control-wrap\" data-name=\"file-917\"><input size=\"40\" class=\"wpcf7-form-control wpcf7-file\" accept=\".pdf,.doc,.docx,.png,.jpg\" aria-invalid=\"false\" type=\"file\" name=\"file-917\" \/><\/span><span class='fake-file'>Kliknut\u00edm sem podajte svoj n\u00e1rok<\/span><\/label><br \/>\n<span class=\"wpcf7-form-control-wrap\" data-name=\"acceptance-919\"><span class=\"wpcf7-form-control wpcf7-acceptance\"><span class=\"wpcf7-list-item\"><label><input type=\"checkbox\" name=\"acceptance-919\" value=\"1\" aria-invalid=\"false\" \/><span class=\"wpcf7-list-item-label\">Odoslan\u00edm tohto formul\u00e1ra s\u00fahlas\u00edm s <a href=\"https:\/\/sekundi.eu\/terms-and-conditions-sekundi\/\" style=\"color:#7f634b;!important\">Podmienkami a pravidlami<\/a>.<\/span><\/label><\/span><\/span><\/span><br \/>\n<input class=\"wpcf7-form-control wpcf7-submit has-spinner\" type=\"submit\" value=\"Odosla\u0165\" \/>\n<\/p><div class=\"wpcf7-response-output\" aria-hidden=\"true\"><\/div>\n<\/form>\n<\/div>\n\n\n\n\n<div style=\"height:20px\" aria-hidden=\"true\" class=\"wp-block-spacer\"><\/div>\n<\/div>\n\n\n\n<div class=\"wp-block-column visuel is-layout-flow wp-block-column-is-layout-flow\" style=\"flex-basis:40%\">\n<figure class=\"wp-block-image size-large is-resized animated fadeIn cover\"><img loading=\"lazy\" decoding=\"async\" src=\"https:\/\/sekundi.eu\/wp-content\/uploads\/2023\/02\/recouvrement-amiable-1024x683.jpeg\" alt=\"\" class=\"wp-image-2068\" width=\"323\" height=\"215\" srcset=\"https:\/\/sekundi.eu\/wp-content\/uploads\/2023\/02\/recouvrement-amiable-1024x683.jpeg 1024w, https:\/\/sekundi.eu\/wp-content\/uploads\/2023\/02\/recouvrement-amiable-300x200.jpeg 300w, https:\/\/sekundi.eu\/wp-content\/uploads\/2023\/02\/recouvrement-amiable-768x512.jpeg 768w, https:\/\/sekundi.eu\/wp-content\/uploads\/2023\/02\/recouvrement-amiable.jpeg 1230w\" sizes=\"auto, (max-width: 323px) 100vw, 323px\" \/><\/figure>\n<\/div>\n<\/div>\n<\/div><\/div>\n\n<div class=\"wp-block-group alignfull contact-block pad0 has-bleu-gris-background-color has-background\"><div class=\"wp-block-group__inner-container is-layout-constrained wp-block-group-is-layout-constrained\">\n<div class=\"wp-block-columns break100 margb0 is-layout-flex wp-container-core-columns-is-layout-9d6595d7 wp-block-columns-is-layout-flex\">\n<div class=\"wp-block-column marge is-layout-flow wp-block-column-is-layout-flow\" style=\"flex-basis:40%\">\n<div style=\"height:10px\" aria-hidden=\"true\" class=\"wp-block-spacer\"><\/div>\n\n\n\n<h3 class=\"wp-block-heading sans-trait advgb-dyn-efe9f6c0\"><strong>N\u00e1jdite n\u00e1s<\/strong><\/h3>\n\n\n\n<p>Spolo\u010dnos\u0165 Sekundi CVBA bola zalo\u017een\u00e1 31. okt\u00f3bra 2008 v Bruseli s cie\u013eom poskytova\u0165 slu\u017eby vym\u00e1hania poh\u013ead\u00e1vok po celom svete. S viac ako 40 \u010dlenmi na\u0161ej siete m\u00f4\u017eeme p\u00f4sobi\u0165 vo viac ako 30 krajin\u00e1ch.<\/p>\n\n\n\n<div style=\"height:10px\" aria-hidden=\"true\" class=\"wp-block-spacer\"><\/div>\n\n\n\n<p><strong>Pegasuslaan 5<\/strong><br\/>1831 Diegem Brusel, Belgicko<\/p>\n\n\n\n<hr class=\"wp-block-separator has-text-color has-blanc-color has-css-opacity has-blanc-background-color has-background is-style-wide\"\/>\n\n\n\n<p>contact@sekundi.eu<\/p>\n<\/div>\n\n\n\n<div class=\"wp-block-column visuel is-layout-flow wp-block-column-is-layout-flow\" style=\"flex-basis:60%\">\n<iframe src=\"https:\/\/www.google.com\/maps\/embed?pb=!1m14!1m8!1m3!1d80552.13339835561!2d4.498732!3d50.882006!3m2!1i1024!2i768!4f13.1!3m3!1m2!1s0x47c3dce27a644bf1%3A0xe66ff0a4311cd29c!2sPegasuslaan%205%2C%201831%20Machelen%2C%20Belgique!5e0!3m2!1sfr!2sus!4v1672130083307!5m2!1sfr!2sus\" style=\"border:0;\" allowfullscreen=\"\" loading=\"lazy\" referrerpolicy=\"no-referrer-when-downgrade\" width=\"600\" height=\"450\"><\/iframe>\n<\/div>\n<\/div>\n<\/div><\/div>\n\n<div class=\"wp-block-group alignwide network\"><div class=\"wp-block-group__inner-container is-layout-constrained wp-block-group-is-layout-constrained\">\n<div style=\"height:50px\" aria-hidden=\"true\" class=\"wp-block-spacer\"><\/div>\n\n\n\n<p class=\"has-text-align-center marg0 has-marron-clair-color has-text-color has-small-font-size\"><strong>NA\u0160A SIE\u0164<\/strong><\/p>\n\n\n\n<h2 class=\"has-text-align-center marg0 wp-block-heading\">Zahrnut\u00e9 krajiny<\/h2>\n\n\n\n<div style=\"height:30px\" aria-hidden=\"true\" class=\"wp-block-spacer\"><\/div>\n\n\n<ul class='country-sitemap'><li><a href='https:\/\/sekundi.eu\/sk\/juznej-amerike\/'>Vym\u00e1hanie poh\u013ead\u00e1vok v Ju\u017enej Amerike<\/a><ul><li><a href='https:\/\/sekundi.eu\/sk\/juznej-amerike\/vymahanie-pohladavok-v-cile\/'><i class='fa-solid fa-map-pin'><\/i>Vym\u00e1hanie poh\u013ead\u00e1vok v \u010cile<\/a><\/li><li><a href='https:\/\/sekundi.eu\/sk\/juznej-amerike\/vymahanie-pohladavok-v-peru\/'><i class='fa-solid fa-map-pin'><\/i>Vym\u00e1hanie poh\u013ead\u00e1vok v Peru<\/a><\/li><\/li><\/ul><\/li><\/ul>\n\n\n\n<div style=\"height:50px\" aria-hidden=\"true\" class=\"wp-block-spacer\"><\/div>\n<\/div><\/div>\n","protected":false},"excerpt":{"rendered":"<p>M\u00e1te dlhy v inej krajine a m\u00e1te probl\u00e9my s ich \u00fahradou? Po\u010fme sa o tom porozpr\u00e1va\u0165! N\u00e1jdite n\u00e1s Spolo\u010dnos\u0165 Sekundi CVBA bola zalo\u017een\u00e1 31. okt\u00f3bra 2008 v Bruseli s cie\u013eom poskytova\u0165 slu\u017eby vym\u00e1hania poh\u013ead\u00e1vok po celom svete. S viac ako 40 \u010dlenmi na\u0161ej siete m\u00f4\u017eeme p\u00f4sobi\u0165 vo viac ako 30 krajin\u00e1ch. Pegasuslaan 51831 Diegem Brusel, [&hellip;]<\/p>\n","protected":false},"author":1,"featured_media":0,"parent":0,"menu_order":72,"comment_status":"closed","ping_status":"closed","template":"","meta":{"advgb_blocks_editor_width":"","advgb_blocks_columns_visual_guide":"","footnotes":""},"class_list":["post-2017","page","type-page","status-publish","hentry"],"yoast_head":"<!-- This site is optimized with the Yoast SEO plugin v27.5 - https:\/\/yoast.com\/product\/yoast-seo-wordpress\/ -->\n<title>Kontakt SEKUNDI - Medzin\u00e1rodn\u00e1 sie\u0165 na vym\u00e1hanie poh\u013ead\u00e1vok<\/title>\n<meta name=\"description\" content=\"M\u00e1te dlhy v inej krajine a m\u00e1te probl\u00e9my s ich \u00fahradou? Po\u010fme sa o tom porozpr\u00e1va\u0165!\" \/>\n<meta name=\"robots\" content=\"index, follow, max-snippet:-1, max-image-preview:large, max-video-preview:-1\" \/>\n<link rel=\"canonical\" href=\"https:\/\/sekundi.eu\/sk\/kontakt\/\" \/>\n<meta property=\"og:locale\" content=\"sk_SK\" \/>\n<meta property=\"og:type\" content=\"article\" \/>\n<meta property=\"og:title\" content=\"Kontakt SEKUNDI - Medzin\u00e1rodn\u00e1 sie\u0165 na vym\u00e1hanie poh\u013ead\u00e1vok\" \/>\n<meta property=\"og:description\" content=\"M\u00e1te dlhy v inej krajine a m\u00e1te probl\u00e9my s ich \u00fahradou? Po\u010fme sa o tom porozpr\u00e1va\u0165!\" \/>\n<meta property=\"og:url\" content=\"https:\/\/sekundi.eu\/sk\/kontakt\/\" \/>\n<meta property=\"og:site_name\" content=\"SEKUNDI\" \/>\n<meta property=\"article:modified_time\" content=\"2025-10-09T09:31:56+00:00\" \/>\n<meta property=\"og:image\" content=\"https:\/\/sekundi.eu\/wp-content\/uploads\/2023\/02\/recouvrement-amiable.jpeg\" \/>\n\t<meta property=\"og:image:width\" content=\"1230\" \/>\n\t<meta property=\"og:image:height\" content=\"820\" \/>\n\t<meta property=\"og:image:type\" content=\"image\/jpeg\" \/>\n<meta name=\"twitter:card\" content=\"summary_large_image\" \/>\n<meta name=\"twitter:label1\" content=\"Predpokladan\u00fd \u010das \u010d\u00edtania\" \/>\n\t<meta name=\"twitter:data1\" content=\"1 min\u00fata\" \/>\n<script type=\"application\/ld+json\" class=\"yoast-schema-graph\">{\"@context\":\"https:\\\/\\\/schema.org\",\"@graph\":[{\"@type\":\"WebPage\",\"@id\":\"https:\\\/\\\/sekundi.eu\\\/sk\\\/kontakt\\\/\",\"url\":\"https:\\\/\\\/sekundi.eu\\\/sk\\\/kontakt\\\/\",\"name\":\"Kontakt SEKUNDI - Medzin\u00e1rodn\u00e1 sie\u0165 na vym\u00e1hanie poh\u013ead\u00e1vok\",\"isPartOf\":{\"@id\":\"https:\\\/\\\/sekundi.eu\\\/#website\"},\"primaryImageOfPage\":{\"@id\":\"https:\\\/\\\/sekundi.eu\\\/sk\\\/kontakt\\\/#primaryimage\"},\"image\":{\"@id\":\"https:\\\/\\\/sekundi.eu\\\/sk\\\/kontakt\\\/#primaryimage\"},\"thumbnailUrl\":\"https:\\\/\\\/sekundi.eu\\\/wp-content\\\/uploads\\\/2023\\\/02\\\/recouvrement-amiable-1024x683.jpeg\",\"datePublished\":\"2022-12-26T09:01:51+00:00\",\"dateModified\":\"2025-10-09T09:31:56+00:00\",\"description\":\"M\u00e1te dlhy v inej krajine a m\u00e1te probl\u00e9my s ich \u00fahradou? Po\u010fme sa o tom porozpr\u00e1va\u0165!\",\"breadcrumb\":{\"@id\":\"https:\\\/\\\/sekundi.eu\\\/sk\\\/kontakt\\\/#breadcrumb\"},\"inLanguage\":\"sk-SK\",\"potentialAction\":[{\"@type\":\"ReadAction\",\"target\":[\"https:\\\/\\\/sekundi.eu\\\/sk\\\/kontakt\\\/\"]}]},{\"@type\":\"ImageObject\",\"inLanguage\":\"sk-SK\",\"@id\":\"https:\\\/\\\/sekundi.eu\\\/sk\\\/kontakt\\\/#primaryimage\",\"url\":\"https:\\\/\\\/sekundi.eu\\\/wp-content\\\/uploads\\\/2023\\\/02\\\/recouvrement-amiable-1024x683.jpeg\",\"contentUrl\":\"https:\\\/\\\/sekundi.eu\\\/wp-content\\\/uploads\\\/2023\\\/02\\\/recouvrement-amiable-1024x683.jpeg\"},{\"@type\":\"BreadcrumbList\",\"@id\":\"https:\\\/\\\/sekundi.eu\\\/sk\\\/kontakt\\\/#breadcrumb\",\"itemListElement\":[{\"@type\":\"ListItem\",\"position\":1,\"name\":\"Accueil\",\"item\":\"https:\\\/\\\/sekundi.eu\\\/sk\\\/\"},{\"@type\":\"ListItem\",\"position\":2,\"name\":\"Kontaktujte n\u00e1s !\"}]},{\"@type\":\"WebSite\",\"@id\":\"https:\\\/\\\/sekundi.eu\\\/#website\",\"url\":\"https:\\\/\\\/sekundi.eu\\\/\",\"name\":\"SEKUNDI\",\"description\":\"\",\"publisher\":{\"@id\":\"https:\\\/\\\/sekundi.eu\\\/#organization\"},\"potentialAction\":[{\"@type\":\"SearchAction\",\"target\":{\"@type\":\"EntryPoint\",\"urlTemplate\":\"https:\\\/\\\/sekundi.eu\\\/?s={search_term_string}\"},\"query-input\":{\"@type\":\"PropertyValueSpecification\",\"valueRequired\":true,\"valueName\":\"search_term_string\"}}],\"inLanguage\":\"sk-SK\"},{\"@type\":\"Organization\",\"@id\":\"https:\\\/\\\/sekundi.eu\\\/#organization\",\"name\":\"Sekundi\",\"url\":\"https:\\\/\\\/sekundi.eu\\\/\",\"logo\":{\"@type\":\"ImageObject\",\"inLanguage\":\"sk-SK\",\"@id\":\"https:\\\/\\\/sekundi.eu\\\/#\\\/schema\\\/logo\\\/image\\\/\",\"url\":\"https:\\\/\\\/sekundi.eu\\\/wp-content\\\/uploads\\\/2022\\\/12\\\/logo_sekundi.png\",\"contentUrl\":\"https:\\\/\\\/sekundi.eu\\\/wp-content\\\/uploads\\\/2022\\\/12\\\/logo_sekundi.png\",\"width\":171,\"height\":46,\"caption\":\"Sekundi\"},\"image\":{\"@id\":\"https:\\\/\\\/sekundi.eu\\\/#\\\/schema\\\/logo\\\/image\\\/\"}}]}<\/script>\n<!-- \/ Yoast SEO plugin. -->","yoast_head_json":{"title":"Kontakt SEKUNDI - Medzin\u00e1rodn\u00e1 sie\u0165 na vym\u00e1hanie poh\u013ead\u00e1vok","description":"M\u00e1te dlhy v inej krajine a m\u00e1te probl\u00e9my s ich \u00fahradou? Po\u010fme sa o tom porozpr\u00e1va\u0165!","robots":{"index":"index","follow":"follow","max-snippet":"max-snippet:-1","max-image-preview":"max-image-preview:large","max-video-preview":"max-video-preview:-1"},"canonical":"https:\/\/sekundi.eu\/sk\/kontakt\/","og_locale":"sk_SK","og_type":"article","og_title":"Kontakt SEKUNDI - Medzin\u00e1rodn\u00e1 sie\u0165 na vym\u00e1hanie poh\u013ead\u00e1vok","og_description":"M\u00e1te dlhy v inej krajine a m\u00e1te probl\u00e9my s ich \u00fahradou? Po\u010fme sa o tom porozpr\u00e1va\u0165!","og_url":"https:\/\/sekundi.eu\/sk\/kontakt\/","og_site_name":"SEKUNDI","article_modified_time":"2025-10-09T09:31:56+00:00","og_image":[{"width":1230,"height":820,"url":"https:\/\/sekundi.eu\/wp-content\/uploads\/2023\/02\/recouvrement-amiable.jpeg","type":"image\/jpeg"}],"twitter_card":"summary_large_image","twitter_misc":{"Predpokladan\u00fd \u010das \u010d\u00edtania":"1 min\u00fata"},"schema":{"@context":"https:\/\/schema.org","@graph":[{"@type":"WebPage","@id":"https:\/\/sekundi.eu\/sk\/kontakt\/","url":"https:\/\/sekundi.eu\/sk\/kontakt\/","name":"Kontakt SEKUNDI - Medzin\u00e1rodn\u00e1 sie\u0165 na vym\u00e1hanie poh\u013ead\u00e1vok","isPartOf":{"@id":"https:\/\/sekundi.eu\/#website"},"primaryImageOfPage":{"@id":"https:\/\/sekundi.eu\/sk\/kontakt\/#primaryimage"},"image":{"@id":"https:\/\/sekundi.eu\/sk\/kontakt\/#primaryimage"},"thumbnailUrl":"https:\/\/sekundi.eu\/wp-content\/uploads\/2023\/02\/recouvrement-amiable-1024x683.jpeg","datePublished":"2022-12-26T09:01:51+00:00","dateModified":"2025-10-09T09:31:56+00:00","description":"M\u00e1te dlhy v inej krajine a m\u00e1te probl\u00e9my s ich \u00fahradou? Po\u010fme sa o tom porozpr\u00e1va\u0165!","breadcrumb":{"@id":"https:\/\/sekundi.eu\/sk\/kontakt\/#breadcrumb"},"inLanguage":"sk-SK","potentialAction":[{"@type":"ReadAction","target":["https:\/\/sekundi.eu\/sk\/kontakt\/"]}]},{"@type":"ImageObject","inLanguage":"sk-SK","@id":"https:\/\/sekundi.eu\/sk\/kontakt\/#primaryimage","url":"https:\/\/sekundi.eu\/wp-content\/uploads\/2023\/02\/recouvrement-amiable-1024x683.jpeg","contentUrl":"https:\/\/sekundi.eu\/wp-content\/uploads\/2023\/02\/recouvrement-amiable-1024x683.jpeg"},{"@type":"BreadcrumbList","@id":"https:\/\/sekundi.eu\/sk\/kontakt\/#breadcrumb","itemListElement":[{"@type":"ListItem","position":1,"name":"Accueil","item":"https:\/\/sekundi.eu\/sk\/"},{"@type":"ListItem","position":2,"name":"Kontaktujte n\u00e1s !"}]},{"@type":"WebSite","@id":"https:\/\/sekundi.eu\/#website","url":"https:\/\/sekundi.eu\/","name":"SEKUNDI","description":"","publisher":{"@id":"https:\/\/sekundi.eu\/#organization"},"potentialAction":[{"@type":"SearchAction","target":{"@type":"EntryPoint","urlTemplate":"https:\/\/sekundi.eu\/?s={search_term_string}"},"query-input":{"@type":"PropertyValueSpecification","valueRequired":true,"valueName":"search_term_string"}}],"inLanguage":"sk-SK"},{"@type":"Organization","@id":"https:\/\/sekundi.eu\/#organization","name":"Sekundi","url":"https:\/\/sekundi.eu\/","logo":{"@type":"ImageObject","inLanguage":"sk-SK","@id":"https:\/\/sekundi.eu\/#\/schema\/logo\/image\/","url":"https:\/\/sekundi.eu\/wp-content\/uploads\/2022\/12\/logo_sekundi.png","contentUrl":"https:\/\/sekundi.eu\/wp-content\/uploads\/2022\/12\/logo_sekundi.png","width":171,"height":46,"caption":"Sekundi"},"image":{"@id":"https:\/\/sekundi.eu\/#\/schema\/logo\/image\/"}}]}},"coauthors":[],"author_meta":{"author_link":"https:\/\/sekundi.eu\/sk\/author\/sekimageundi\/","display_name":"Les Imageurs"},"relative_dates":{"created":"Posted 3 roky ago","modified":"Updated 7 mesiacov ago"},"absolute_dates":{"created":"Posted on 26. decembra 2022","modified":"Updated on 9. okt\u00f3bra 2025"},"absolute_dates_time":{"created":"Posted on 26. decembra 2022 10:01","modified":"Updated on 9. okt\u00f3bra 2025 11:31"},"featured_img_caption":"","featured_img":false,"series_order":"","_links":{"self":[{"href":"https:\/\/sekundi.eu\/sk\/wp-json\/wp\/v2\/pages\/2017","targetHints":{"allow":["GET"]}}],"collection":[{"href":"https:\/\/sekundi.eu\/sk\/wp-json\/wp\/v2\/pages"}],"about":[{"href":"https:\/\/sekundi.eu\/sk\/wp-json\/wp\/v2\/types\/page"}],"author":[{"embeddable":true,"href":"https:\/\/sekundi.eu\/sk\/wp-json\/wp\/v2\/users\/1"}],"replies":[{"embeddable":true,"href":"https:\/\/sekundi.eu\/sk\/wp-json\/wp\/v2\/comments?post=2017"}],"version-history":[{"count":15,"href":"https:\/\/sekundi.eu\/sk\/wp-json\/wp\/v2\/pages\/2017\/revisions"}],"predecessor-version":[{"id":9023,"href":"https:\/\/sekundi.eu\/sk\/wp-json\/wp\/v2\/pages\/2017\/revisions\/9023"}],"wp:attachment":[{"href":"https:\/\/sekundi.eu\/sk\/wp-json\/wp\/v2\/media?parent=2017"}],"curies":[{"name":"wp","href":"https:\/\/api.w.org\/{rel}","templated":true}]}}