{"id":2359,"date":"2022-12-26T10:00:32","date_gmt":"2022-12-26T09:00:32","guid":{"rendered":"https:\/\/sekundi.eu\/cenotvorba\/"},"modified":"2023-02-17T15:25:50","modified_gmt":"2023-02-17T14:25:50","slug":"cenotvorba","status":"publish","type":"page","link":"https:\/\/sekundi.eu\/sk\/cenotvorba\/","title":{"rendered":"Cenotvorba"},"content":{"rendered":"\n<div class=\"wp-block-columns are-vertically-aligned-center is-layout-flex wp-container-core-columns-is-layout-9d6595d7 wp-block-columns-is-layout-flex\">\n<div class=\"wp-block-column is-vertically-aligned-center is-layout-flow wp-block-column-is-layout-flow\">\n<figure class=\"wp-block-image size-full shadow animated fadeInLeft delay-100ms\"><img loading=\"lazy\" decoding=\"async\" width=\"600\" height=\"400\" src=\"https:\/\/sekundi.eu\/wp-content\/uploads\/2023\/02\/recouvrement-internationnal.jpeg\" alt=\"\" class=\"wp-image-2046\" srcset=\"https:\/\/sekundi.eu\/wp-content\/uploads\/2023\/02\/recouvrement-internationnal.jpeg 600w, https:\/\/sekundi.eu\/wp-content\/uploads\/2023\/02\/recouvrement-internationnal-300x200.jpeg 300w\" sizes=\"auto, (max-width: 600px) 100vw, 600px\" \/><\/figure>\n<\/div>\n\n\n\n<div class=\"wp-block-column is-vertically-aligned-center is-layout-flow wp-block-column-is-layout-flow\">\n<h2 class=\"wp-block-heading\">Jedna tarifa pre v\u0161etky pokryt\u00e9 krajiny<\/h2>\n\n\n\n<p>Sekundi m\u00e1 jeden tarif pre cel\u00fa Eur\u00f3pu, krajiny SN\u0160, regi\u00f3n NEMA, v\u00e4\u010d\u0161inu kraj\u00edn Afriky, Severnej Ameriky a \u010dasti Ju\u017enej Ameriky.<\/p>\n\n\n\n<p>V t\u00fdchto krajin\u00e1ch je sadzba zalo\u017een\u00e1 na princ\u00edpe \"no cure no pay\" a sadzba je 15 %.<\/p>\n\n\n\n<p>Tak\u017ee plat\u00edte len vtedy, ke\u010f sme \u00faspe\u0161n\u00ed, a potom zaplat\u00edte 15 % nad inkasovan\u00fa sumu.<\/p>\n\n\n\n<p>V ostatn\u00fdch krajin\u00e1ch, v ktor\u00fdch v\u00e1m m\u00f4\u017eeme pom\u00f4c\u0165, v\u00e1m m\u00f4\u017eeme predlo\u017ei\u0165 ponuku hne\u010f, ako n\u00e1s po\u017eiadate o vym\u00e1hanie poh\u013ead\u00e1vky.<\/p>\n\n\n\n<p>Z\u00e1sada \"no cure no pay\" sa vz\u0165ahuje na cie\u013eov\u00fa f\u00e1zu spisu.<\/p>\n\n\n\n<p>Ak sa budeme musie\u0165 obr\u00e1ti\u0165 na s\u00fad, \u010do sa uskuto\u010dn\u00ed a\u017e po s\u00fahlase klienta, bud\u00fa s t\u00fdm spojen\u00e9 n\u00e1klady; tieto n\u00e1klady bud\u00fa transparentn\u00e9 a zn\u00e1me pred za\u010dat\u00edm s\u00fadneho konania.<\/p>\n<\/div>\n<\/div>\n\n\n\n<div style=\"height:58px\" aria-hidden=\"true\" class=\"wp-block-spacer\"><\/div>\n\n\n\n<div class=\"wp-block-group alignwide has-marron-background-color has-background\"><div class=\"wp-block-group__inner-container is-layout-constrained wp-block-group-is-layout-constrained\">\n<div style=\"height:30px\" aria-hidden=\"true\" class=\"wp-block-spacer\"><\/div>\n\n\n\n<div class=\"wp-block-columns are-vertically-aligned-center is-layout-flex wp-container-core-columns-is-layout-9d6595d7 wp-block-columns-is-layout-flex\">\n<div class=\"wp-block-column is-vertically-aligned-center is-layout-flow wp-block-column-is-layout-flow\" style=\"flex-basis:66.66%\">\n<p class=\"has-blanc-color has-text-color has-xxlarge-font-size\"><strong>M\u00e1te neuhraden\u00e9 poh\u013ead\u00e1vky v inej krajine a m\u00e1te probl\u00e9my s ich \u00fahradou? <strong><\/strong><\/strong><\/p>\n<\/div>\n\n\n\n<div class=\"wp-block-column is-vertically-aligned-center is-layout-flow wp-block-column-is-layout-flow\" style=\"flex-basis:33.33%\">\n<div class=\"wp-block-advgb-button aligncenter advgb-dyn-11fe3ae6\"><a class=\"wp-block-advgb-button_link advgbbtn-3f0f76f6-2322-4a40-90ae-7bbd1725b1fa\" href=\"https:\/\/sekundi.eu\/sk\/kontakt\/\" target=\"_self\" rel=\"noopener noreferrer\"><span><span>Po\u0161lite svoju poh\u013ead\u00e1vku<\/span><\/span><\/a><\/div>\n<\/div>\n<\/div>\n\n\n\n<div style=\"height:30px\" aria-hidden=\"true\" class=\"wp-block-spacer\"><\/div>\n<\/div><\/div>\n\n\n\n<div class=\"wp-block-group alignwide network\"><div class=\"wp-block-group__inner-container is-layout-constrained wp-block-group-is-layout-constrained\">\n<div style=\"height:50px\" aria-hidden=\"true\" class=\"wp-block-spacer\"><\/div>\n\n\n\n<p class=\"has-text-align-center marg0 has-marron-clair-color has-text-color has-small-font-size\"><strong>NA\u0160A SIE\u0164<\/strong><\/p>\n\n\n\n<h2 class=\"has-text-align-center marg0 wp-block-heading\">Zahrnut\u00e9 krajiny<\/h2>\n\n\n\n<div style=\"height:30px\" aria-hidden=\"true\" class=\"wp-block-spacer\"><\/div>\n\n\n<ul class='country-sitemap'><li><a href='https:\/\/sekundi.eu\/sk\/juznej-amerike\/'>Vym\u00e1hanie poh\u013ead\u00e1vok v Ju\u017enej Amerike<\/a><ul><li><a href='https:\/\/sekundi.eu\/sk\/juznej-amerike\/vymahanie-pohladavok-v-cile\/'><i class='fa-solid fa-map-pin'><\/i>Vym\u00e1hanie poh\u013ead\u00e1vok v \u010cile<\/a><\/li><li><a href='https:\/\/sekundi.eu\/sk\/juznej-amerike\/vymahanie-pohladavok-v-peru\/'><i class='fa-solid fa-map-pin'><\/i>Vym\u00e1hanie poh\u013ead\u00e1vok v Peru<\/a><\/li><\/li><\/ul><\/li><\/ul>\n\n\n\n<div style=\"height:50px\" aria-hidden=\"true\" class=\"wp-block-spacer\"><\/div>\n<\/div><\/div>\n<style class=\"advgb-styles-renderer\">.advgbbtn-3f0f76f6-2322-4a40-90ae-7bbd1725b1fa{font-size:18px;color:#fff !important;background-color:#7f634b !important;margin:0px 0px 0px 0px !important;padding:10px 30px 10px 30px;border-width:1px !important;border-color:#fff !important;border-style:solid !important;border-radius:50px !important;}.advgbbtn-3f0f76f6-2322-4a40-90ae-7bbd1725b1fa:hover{color:#7f634b !important;background-color:#fff !important;box-shadow:0px 0px 0px 0px #ccc;opacity:1;transition:all 0s ease;}.advgbbtn-3f0f76f6-2322-4a40-90ae-7bbd1725b1fa > i {display: none !important;}.advgbbtn-3f0f76f6-2322-4a40-90ae-7bbd1725b1fa{font-size:18px;color:#fff !important;background-color:#7f634b !important;margin:0px 0px 0px 0px !important;padding:10px 30px 10px 30px;border-width:1px !important;border-color:#fff !important;border-style:solid !important;border-radius:50px !important;}.advgbbtn-3f0f76f6-2322-4a40-90ae-7bbd1725b1fa:hover{color:#7f634b !important;background-color:#fff !important;box-shadow:0px 0px 0px 0px #ccc;opacity:1;transition:all 0s ease;}.advgbbtn-3f0f76f6-2322-4a40-90ae-7bbd1725b1fa > i {display: none !important;}.advgbbtn-3f0f76f6-2322-4a40-90ae-7bbd1725b1fa{font-size:18px;color:#fff !important;background-color:#7f634b !important;margin:0px 0px 0px 0px !important;padding:10px 30px 10px 30px;border-width:1px !important;border-color:#fff !important;border-style:solid !important;border-radius:50px !important;}.advgbbtn-3f0f76f6-2322-4a40-90ae-7bbd1725b1fa:hover{color:#7f634b !important;background-color:#fff !important;box-shadow:0px 0px 0px 0px #ccc;opacity:1;transition:all 0s ease;}.advgbbtn-3f0f76f6-2322-4a40-90ae-7bbd1725b1fa > i {display: none !important;}.advgbbtn-3f0f76f6-2322-4a40-90ae-7bbd1725b1fa{font-size:18px;color:#fff !important;background-color:#7f634b !important;margin:0px 0px 0px 0px !important;padding:10px 30px 10px 30px;border-width:1px !important;border-color:#fff !important;border-style:solid !important;border-radius:50px !important;}.advgbbtn-3f0f76f6-2322-4a40-90ae-7bbd1725b1fa:hover{color:#7f634b !important;background-color:#fff !important;box-shadow:0px 0px 0px 0px #ccc;opacity:1;transition:all 0s ease;}.advgbbtn-3f0f76f6-2322-4a40-90ae-7bbd1725b1fa > i {display: none !important;}<\/style>","protected":false},"excerpt":{"rendered":"<p>Jedna tarifa pre v\u0161etky pokryt\u00e9 krajiny Sekundi m\u00e1 jeden tarif pre cel\u00fa Eur\u00f3pu, krajiny SN\u0160, regi\u00f3n NEMA, v\u00e4\u010d\u0161inu kraj\u00edn Afriky, Severnej Ameriky a \u010dasti Ju\u017enej Ameriky. V t\u00fdchto krajin\u00e1ch je sadzba zalo\u017een\u00e1 na princ\u00edpe &#8222;no cure no pay&#8220; a sadzba je 15 %. Tak\u017ee plat\u00edte len vtedy, ke\u010f sme \u00faspe\u0161n\u00ed, a potom zaplat\u00edte 15 % [&hellip;]<\/p>\n","protected":false},"author":1,"featured_media":0,"parent":0,"menu_order":68,"comment_status":"closed","ping_status":"closed","template":"","meta":{"advgb_blocks_editor_width":"","advgb_blocks_columns_visual_guide":"","footnotes":""},"class_list":["post-2359","page","type-page","status-publish","hentry"],"yoast_head":"<!-- This site is optimized with the Yoast SEO plugin v27.5 - https:\/\/yoast.com\/product\/yoast-seo-wordpress\/ -->\n<title>Cenotvorba - Medzin\u00e1rodn\u00e9 vym\u00e1hanie dlhov<\/title>\n<meta name=\"description\" content=\"Sekundi m\u00e1 jeden tarif pre cel\u00fa Eur\u00f3pu, krajiny SN\u0160, regi\u00f3n NEMA, v\u00e4\u010d\u0161inu kraj\u00edn Afriky, Severn\u00fa Ameriku a \u010das\u0165 Ju\u017enej Ameriky.\" \/>\n<meta name=\"robots\" content=\"index, follow, max-snippet:-1, max-image-preview:large, max-video-preview:-1\" \/>\n<link rel=\"canonical\" href=\"https:\/\/sekundi.eu\/sk\/cenotvorba\/\" \/>\n<meta property=\"og:locale\" content=\"sk_SK\" \/>\n<meta property=\"og:type\" content=\"article\" \/>\n<meta property=\"og:title\" content=\"Cenotvorba - Medzin\u00e1rodn\u00e9 vym\u00e1hanie dlhov\" \/>\n<meta property=\"og:description\" content=\"Sekundi m\u00e1 jeden tarif pre cel\u00fa Eur\u00f3pu, krajiny SN\u0160, regi\u00f3n NEMA, v\u00e4\u010d\u0161inu kraj\u00edn Afriky, Severn\u00fa Ameriku a \u010das\u0165 Ju\u017enej Ameriky.\" \/>\n<meta property=\"og:url\" content=\"https:\/\/sekundi.eu\/sk\/cenotvorba\/\" \/>\n<meta property=\"og:site_name\" content=\"SEKUNDI\" \/>\n<meta property=\"article:modified_time\" content=\"2023-02-17T14:25:50+00:00\" \/>\n<meta property=\"og:image\" content=\"https:\/\/sekundi.eu\/wp-content\/uploads\/2023\/02\/recouvrement-internationnal.jpeg\" \/>\n<meta name=\"twitter:card\" content=\"summary_large_image\" \/>\n<meta name=\"twitter:label1\" content=\"Predpokladan\u00fd \u010das \u010d\u00edtania\" \/>\n\t<meta name=\"twitter:data1\" content=\"1 min\u00fata\" \/>\n<script type=\"application\/ld+json\" class=\"yoast-schema-graph\">{\"@context\":\"https:\\\/\\\/schema.org\",\"@graph\":[{\"@type\":\"WebPage\",\"@id\":\"https:\\\/\\\/sekundi.eu\\\/sk\\\/cenotvorba\\\/\",\"url\":\"https:\\\/\\\/sekundi.eu\\\/sk\\\/cenotvorba\\\/\",\"name\":\"Cenotvorba - Medzin\u00e1rodn\u00e9 vym\u00e1hanie dlhov\",\"isPartOf\":{\"@id\":\"https:\\\/\\\/sekundi.eu\\\/#website\"},\"primaryImageOfPage\":{\"@id\":\"https:\\\/\\\/sekundi.eu\\\/sk\\\/cenotvorba\\\/#primaryimage\"},\"image\":{\"@id\":\"https:\\\/\\\/sekundi.eu\\\/sk\\\/cenotvorba\\\/#primaryimage\"},\"thumbnailUrl\":\"https:\\\/\\\/sekundi.eu\\\/wp-content\\\/uploads\\\/2023\\\/02\\\/recouvrement-internationnal.jpeg\",\"datePublished\":\"2022-12-26T09:00:32+00:00\",\"dateModified\":\"2023-02-17T14:25:50+00:00\",\"description\":\"Sekundi m\u00e1 jeden tarif pre cel\u00fa Eur\u00f3pu, krajiny SN\u0160, regi\u00f3n NEMA, v\u00e4\u010d\u0161inu kraj\u00edn Afriky, Severn\u00fa Ameriku a \u010das\u0165 Ju\u017enej Ameriky.\",\"breadcrumb\":{\"@id\":\"https:\\\/\\\/sekundi.eu\\\/sk\\\/cenotvorba\\\/#breadcrumb\"},\"inLanguage\":\"sk-SK\",\"potentialAction\":[{\"@type\":\"ReadAction\",\"target\":[\"https:\\\/\\\/sekundi.eu\\\/sk\\\/cenotvorba\\\/\"]}]},{\"@type\":\"ImageObject\",\"inLanguage\":\"sk-SK\",\"@id\":\"https:\\\/\\\/sekundi.eu\\\/sk\\\/cenotvorba\\\/#primaryimage\",\"url\":\"https:\\\/\\\/sekundi.eu\\\/wp-content\\\/uploads\\\/2023\\\/02\\\/recouvrement-internationnal.jpeg\",\"contentUrl\":\"https:\\\/\\\/sekundi.eu\\\/wp-content\\\/uploads\\\/2023\\\/02\\\/recouvrement-internationnal.jpeg\"},{\"@type\":\"BreadcrumbList\",\"@id\":\"https:\\\/\\\/sekundi.eu\\\/sk\\\/cenotvorba\\\/#breadcrumb\",\"itemListElement\":[{\"@type\":\"ListItem\",\"position\":1,\"name\":\"Accueil\",\"item\":\"https:\\\/\\\/sekundi.eu\\\/sk\\\/\"},{\"@type\":\"ListItem\",\"position\":2,\"name\":\"Cenotvorba\"}]},{\"@type\":\"WebSite\",\"@id\":\"https:\\\/\\\/sekundi.eu\\\/#website\",\"url\":\"https:\\\/\\\/sekundi.eu\\\/\",\"name\":\"SEKUNDI\",\"description\":\"\",\"publisher\":{\"@id\":\"https:\\\/\\\/sekundi.eu\\\/#organization\"},\"potentialAction\":[{\"@type\":\"SearchAction\",\"target\":{\"@type\":\"EntryPoint\",\"urlTemplate\":\"https:\\\/\\\/sekundi.eu\\\/?s={search_term_string}\"},\"query-input\":{\"@type\":\"PropertyValueSpecification\",\"valueRequired\":true,\"valueName\":\"search_term_string\"}}],\"inLanguage\":\"sk-SK\"},{\"@type\":\"Organization\",\"@id\":\"https:\\\/\\\/sekundi.eu\\\/#organization\",\"name\":\"Sekundi\",\"url\":\"https:\\\/\\\/sekundi.eu\\\/\",\"logo\":{\"@type\":\"ImageObject\",\"inLanguage\":\"sk-SK\",\"@id\":\"https:\\\/\\\/sekundi.eu\\\/#\\\/schema\\\/logo\\\/image\\\/\",\"url\":\"https:\\\/\\\/sekundi.eu\\\/wp-content\\\/uploads\\\/2022\\\/12\\\/logo_sekundi.png\",\"contentUrl\":\"https:\\\/\\\/sekundi.eu\\\/wp-content\\\/uploads\\\/2022\\\/12\\\/logo_sekundi.png\",\"width\":171,\"height\":46,\"caption\":\"Sekundi\"},\"image\":{\"@id\":\"https:\\\/\\\/sekundi.eu\\\/#\\\/schema\\\/logo\\\/image\\\/\"}}]}<\/script>\n<!-- \/ Yoast SEO plugin. -->","yoast_head_json":{"title":"Cenotvorba - Medzin\u00e1rodn\u00e9 vym\u00e1hanie dlhov","description":"Sekundi m\u00e1 jeden tarif pre cel\u00fa Eur\u00f3pu, krajiny SN\u0160, regi\u00f3n NEMA, v\u00e4\u010d\u0161inu kraj\u00edn Afriky, Severn\u00fa Ameriku a \u010das\u0165 Ju\u017enej Ameriky.","robots":{"index":"index","follow":"follow","max-snippet":"max-snippet:-1","max-image-preview":"max-image-preview:large","max-video-preview":"max-video-preview:-1"},"canonical":"https:\/\/sekundi.eu\/sk\/cenotvorba\/","og_locale":"sk_SK","og_type":"article","og_title":"Cenotvorba - Medzin\u00e1rodn\u00e9 vym\u00e1hanie dlhov","og_description":"Sekundi m\u00e1 jeden tarif pre cel\u00fa Eur\u00f3pu, krajiny SN\u0160, regi\u00f3n NEMA, v\u00e4\u010d\u0161inu kraj\u00edn Afriky, Severn\u00fa Ameriku a \u010das\u0165 Ju\u017enej Ameriky.","og_url":"https:\/\/sekundi.eu\/sk\/cenotvorba\/","og_site_name":"SEKUNDI","article_modified_time":"2023-02-17T14:25:50+00:00","og_image":[{"url":"https:\/\/sekundi.eu\/wp-content\/uploads\/2023\/02\/recouvrement-internationnal.jpeg","type":"","width":"","height":""}],"twitter_card":"summary_large_image","twitter_misc":{"Predpokladan\u00fd \u010das \u010d\u00edtania":"1 min\u00fata"},"schema":{"@context":"https:\/\/schema.org","@graph":[{"@type":"WebPage","@id":"https:\/\/sekundi.eu\/sk\/cenotvorba\/","url":"https:\/\/sekundi.eu\/sk\/cenotvorba\/","name":"Cenotvorba - Medzin\u00e1rodn\u00e9 vym\u00e1hanie dlhov","isPartOf":{"@id":"https:\/\/sekundi.eu\/#website"},"primaryImageOfPage":{"@id":"https:\/\/sekundi.eu\/sk\/cenotvorba\/#primaryimage"},"image":{"@id":"https:\/\/sekundi.eu\/sk\/cenotvorba\/#primaryimage"},"thumbnailUrl":"https:\/\/sekundi.eu\/wp-content\/uploads\/2023\/02\/recouvrement-internationnal.jpeg","datePublished":"2022-12-26T09:00:32+00:00","dateModified":"2023-02-17T14:25:50+00:00","description":"Sekundi m\u00e1 jeden tarif pre cel\u00fa Eur\u00f3pu, krajiny SN\u0160, regi\u00f3n NEMA, v\u00e4\u010d\u0161inu kraj\u00edn Afriky, Severn\u00fa Ameriku a \u010das\u0165 Ju\u017enej Ameriky.","breadcrumb":{"@id":"https:\/\/sekundi.eu\/sk\/cenotvorba\/#breadcrumb"},"inLanguage":"sk-SK","potentialAction":[{"@type":"ReadAction","target":["https:\/\/sekundi.eu\/sk\/cenotvorba\/"]}]},{"@type":"ImageObject","inLanguage":"sk-SK","@id":"https:\/\/sekundi.eu\/sk\/cenotvorba\/#primaryimage","url":"https:\/\/sekundi.eu\/wp-content\/uploads\/2023\/02\/recouvrement-internationnal.jpeg","contentUrl":"https:\/\/sekundi.eu\/wp-content\/uploads\/2023\/02\/recouvrement-internationnal.jpeg"},{"@type":"BreadcrumbList","@id":"https:\/\/sekundi.eu\/sk\/cenotvorba\/#breadcrumb","itemListElement":[{"@type":"ListItem","position":1,"name":"Accueil","item":"https:\/\/sekundi.eu\/sk\/"},{"@type":"ListItem","position":2,"name":"Cenotvorba"}]},{"@type":"WebSite","@id":"https:\/\/sekundi.eu\/#website","url":"https:\/\/sekundi.eu\/","name":"SEKUNDI","description":"","publisher":{"@id":"https:\/\/sekundi.eu\/#organization"},"potentialAction":[{"@type":"SearchAction","target":{"@type":"EntryPoint","urlTemplate":"https:\/\/sekundi.eu\/?s={search_term_string}"},"query-input":{"@type":"PropertyValueSpecification","valueRequired":true,"valueName":"search_term_string"}}],"inLanguage":"sk-SK"},{"@type":"Organization","@id":"https:\/\/sekundi.eu\/#organization","name":"Sekundi","url":"https:\/\/sekundi.eu\/","logo":{"@type":"ImageObject","inLanguage":"sk-SK","@id":"https:\/\/sekundi.eu\/#\/schema\/logo\/image\/","url":"https:\/\/sekundi.eu\/wp-content\/uploads\/2022\/12\/logo_sekundi.png","contentUrl":"https:\/\/sekundi.eu\/wp-content\/uploads\/2022\/12\/logo_sekundi.png","width":171,"height":46,"caption":"Sekundi"},"image":{"@id":"https:\/\/sekundi.eu\/#\/schema\/logo\/image\/"}}]}},"coauthors":[],"author_meta":{"author_link":"https:\/\/sekundi.eu\/sk\/author\/sekimageundi\/","display_name":"Les Imageurs"},"relative_dates":{"created":"Posted 3 roky ago","modified":"Updated 3 roky ago"},"absolute_dates":{"created":"Posted on 26. decembra 2022","modified":"Updated on 17. febru\u00e1ra 2023"},"absolute_dates_time":{"created":"Posted on 26. decembra 2022 10:00","modified":"Updated on 17. febru\u00e1ra 2023 15:25"},"featured_img_caption":"","featured_img":false,"series_order":"","_links":{"self":[{"href":"https:\/\/sekundi.eu\/sk\/wp-json\/wp\/v2\/pages\/2359","targetHints":{"allow":["GET"]}}],"collection":[{"href":"https:\/\/sekundi.eu\/sk\/wp-json\/wp\/v2\/pages"}],"about":[{"href":"https:\/\/sekundi.eu\/sk\/wp-json\/wp\/v2\/types\/page"}],"author":[{"embeddable":true,"href":"https:\/\/sekundi.eu\/sk\/wp-json\/wp\/v2\/users\/1"}],"replies":[{"embeddable":true,"href":"https:\/\/sekundi.eu\/sk\/wp-json\/wp\/v2\/comments?post=2359"}],"version-history":[{"count":2,"href":"https:\/\/sekundi.eu\/sk\/wp-json\/wp\/v2\/pages\/2359\/revisions"}],"predecessor-version":[{"id":6382,"href":"https:\/\/sekundi.eu\/sk\/wp-json\/wp\/v2\/pages\/2359\/revisions\/6382"}],"wp:attachment":[{"href":"https:\/\/sekundi.eu\/sk\/wp-json\/wp\/v2\/media?parent=2359"}],"curies":[{"name":"wp","href":"https:\/\/api.w.org\/{rel}","templated":true}]}}