{"id":2400,"date":"2022-12-26T09:59:57","date_gmt":"2022-12-26T08:59:57","guid":{"rendered":"https:\/\/sekundi.eu\/sekundi\/"},"modified":"2025-01-07T16:43:22","modified_gmt":"2025-01-07T15:43:22","slug":"sekundi","status":"publish","type":"page","link":"https:\/\/sekundi.eu\/sk\/sekundi\/","title":{"rendered":"Sekundi : Vym\u00e1hanie poh\u013ead\u00e1vok na celom svete"},"content":{"rendered":"\n<div style=\"height:30px\" aria-hidden=\"true\" class=\"wp-block-spacer\"><\/div>\n\n\n\n<div style=\"height:30px\" aria-hidden=\"true\" class=\"wp-block-spacer\"><\/div>\n\n\n\n<div class=\"wp-block-columns is-layout-flex wp-container-core-columns-is-layout-9d6595d7 wp-block-columns-is-layout-flex\">\n<div class=\"wp-block-column animated fadeIn delay-100ms is-layout-flow wp-block-column-is-layout-flow\">\n<p class=\"has-marron-clair-color has-text-color has-small-font-size\"><strong>MEDZIN\u00c1RODN\u00c9 VYM\u00c1HANIE POH\u013dAD\u00c1VOK<\/strong><\/p>\n\n\n\n<h2 class=\"wp-block-heading marg0\" id=\"debt-collection-worldwide-69394841-8e5e-43bb-8c94-ebd49164984b\"><strong>Vym\u00e1hanie poh\u013ead\u00e1vok na celom svete<\/strong><\/h2>\n\n\n\n<p>Na\u0161i miestni odborn\u00edci sa opieraj\u00fa o dlhoro\u010dn\u00e9 sk\u00fasenosti a zaru\u010duj\u00fa efekt\u00edvne vym\u00e1hanie va\u0161ich poh\u013ead\u00e1vok. Spolo\u010dnos\u0165 Sekundi m\u00f4\u017ee pon\u00faknu\u0165 priate\u013esk\u00e9 vym\u00e1hanie poh\u013ead\u00e1vok, ako aj sporn\u00e9 vym\u00e1hanie poh\u013ead\u00e1vok prostredn\u00edctvom s\u00fadneho konania.<\/p>\n\n\n\n<p>Spolo\u010dnos\u0165 Sekundi si kladie za povinnos\u0165 spr\u00e1va\u0165 sa k dl\u017en\u00edkom \u010destne, a to aj v pr\u00edpade, \u017ee sami neuhradili fakt\u00fary, aby neohrozili obchodn\u00e9 vz\u0165ahy, ktor\u00e9 pestujete so svojimi klientmi.<\/p>\n\n\n\n<div style=\"height:30px\" aria-hidden=\"true\" class=\"wp-block-spacer\"><\/div>\n\n\n\n<div class=\"wp-block-advgb-button alignnone\"><a class=\"wp-block-advgb-button_link advgbbtn-c527b67f-5019-46e5-a44e-39326bb26383\" href=\"https:\/\/sekundi.eu\/contact\/\" target=\"_self\" rel=\"noopener noreferrer\"><span>Kontakt-us<\/span><\/a><\/div>\n<\/div>\n\n\n\n<div class=\"wp-block-column animated fadeInUp delay-1s is-layout-flow wp-block-column-is-layout-flow\">\n<figure class=\"wp-block-embed is-type-video is-provider-youtube wp-block-embed-youtube wp-embed-aspect-4-3 wp-has-aspect-ratio\"><div class=\"wp-block-embed__wrapper\">\n<iframe loading=\"lazy\" title=\"Sekundi network\" width=\"500\" height=\"375\" src=\"https:\/\/www.youtube.com\/embed\/ZscblyRS6uQ?feature=oembed\" frameborder=\"0\" allow=\"accelerometer; autoplay; clipboard-write; encrypted-media; gyroscope; picture-in-picture; web-share\" referrerpolicy=\"strict-origin-when-cross-origin\" allowfullscreen><\/iframe>\n<\/div><\/figure>\n<\/div>\n<\/div>\n\n\n\n<div style=\"height:50px\" aria-hidden=\"true\" class=\"wp-block-spacer\"><\/div>\n\n\n\n<div class=\"wp-block-columns is-layout-flex wp-container-core-columns-is-layout-9d6595d7 wp-block-columns-is-layout-flex\">\n<div class=\"wp-block-column animated fadeIn delay-200ms is-layout-flow wp-block-column-is-layout-flow\">\n<figure class=\"wp-block-image size-full\"><img loading=\"lazy\" decoding=\"async\" width=\"600\" height=\"400\" src=\"https:\/\/sekundi.eu\/wp-content\/uploads\/2023\/02\/pourquoi-les-services-ssp-collect-min.jpeg\" alt=\"\" class=\"wp-image-1843\" srcset=\"https:\/\/sekundi.eu\/wp-content\/uploads\/2023\/02\/pourquoi-les-services-ssp-collect-min.jpeg 600w, https:\/\/sekundi.eu\/wp-content\/uploads\/2023\/02\/pourquoi-les-services-ssp-collect-min-300x200.jpeg 300w\" sizes=\"auto, (max-width: 600px) 100vw, 600px\" \/><\/figure>\n<\/div>\n\n\n\n<div class=\"wp-block-column animated fadeIn delay-200ms is-layout-flow wp-block-column-is-layout-flow\">\n<h3 class=\"wp-block-heading marg0\">B2B vym\u00e1hanie nezaplaten\u00fdch fakt\u00far<\/h3>\n\n\n\n<p><strong>V pr\u00edpade dlhov, ktor\u00e9 patria do kateg\u00f3rie Business-to-Business,<\/strong><\/p>\n\n\n\n<p>treba ma\u0165 na pam\u00e4ti dva z\u00e1kladn\u00e9 body: r\u00fdchly a okam\u017eit\u00fd pr\u00edstup a zoh\u013eadnenie \u0161pecifick\u00fdch po\u017eiadaviek va\u0161ej spolo\u010dnosti.<\/p>\n\n\n\n<p>Hoci sa zameriavame na vym\u00e1hanie poh\u013ead\u00e1vok, nikdy neop\u00fa\u0161\u0165ame na\u0161e z\u00e1sady re\u0161pektu a etiky, \u010d\u00edm v\u00e1m umo\u017e\u0148ujeme pokra\u010dova\u0165 v obchodnom vz\u0165ahu s dl\u017en\u00edkom. Preto n\u00e1m mnoh\u00e9 firmy bez oh\u013eadu na ich ve\u013ekos\u0165 zveruj\u00fa spr\u00e1vu svojich obchodn\u00fdch poh\u013ead\u00e1vok a vym\u00e1hanie nezaplaten\u00fdch fakt\u00far.<\/p>\n\n\n\n<div class=\"wp-block-advgb-accordions advgb-accordions-71b187f3-4108-4e7d-baff-affe26facdf8 advgb-accordion-wrapper\" data-collapsed=\"true\">\n<div class=\"wp-block-advgb-accordion-item advgb-accordion-item\" style=\"margin-bottom:15px\"><div class=\"advgb-accordion-header\" style=\"background-color:#000;color:#eee;border-style:solid;border-width:1px;border-radius:2px\"><span class=\"advgb-accordion-header-icon\"><svg fill=\"#fff\" xmlns=\"http:\/\/www.w3.org\/2000\/svg\" width=\"24\" height=\"24\" viewBox=\"0 0 24 24\"><path fill=\"none\" d=\"M0,0h24v24H0V0z\"><\/path><path d=\"M12,5.83L15.17,9l1.41-1.41L12,3L7.41,7.59L8.83,9L12,5.83z M12,18.17L8.83,15l-1.41,1.41L12,21l4.59-4.59L15.17,15 L12,18.17z\"><\/path><\/svg><\/span><h4 class=\"advgb-accordion-header-title\" style=\"color:inherit\">Header text<\/h4><\/div><div class=\"advgb-accordion-body\" style=\"border-style:solid !important;border-width:1px !important;border-color:undefined !important;border-top:none !important;border-radius:2px !important\"><\/div><\/div>\n<\/div>\n<\/div>\n<\/div>\n\n\n\n<div style=\"height:75px\" aria-hidden=\"true\" class=\"wp-block-spacer\"><\/div>\n\n\n\n<div class=\"wp-block-columns is-layout-flex wp-container-core-columns-is-layout-9d6595d7 wp-block-columns-is-layout-flex\">\n<div class=\"wp-block-column is-layout-flow wp-block-column-is-layout-flow\">\n<h3 class=\"wp-block-heading marg0\">Vym\u00e1hanie poh\u013ead\u00e1vok B2C<\/h3>\n\n\n\n<p><strong>Klesaj\u00faca k\u00fapna sila a rast\u00faci po\u010det zl\u00fdch platite\u013eov s\u00fa dva charakteristick\u00e9 javy na\u0161ej doby.<\/strong><\/p>\n\n\n\n<p>V oblasti B2C sa preto spolo\u010dnosti musia vysporiada\u0165 so st\u00e1le neskor\u0161\u00edmi platbami, so st\u00e1le rast\u00facimi z\u00e1v\u00e4zkami klientov a s ka\u017ed\u00fdm v\u00e1\u017enej\u0161\u00edm zlyhan\u00edm. V zlo\u017eitej ekonomickej situ\u00e1cii, ke\u010f sa konkurencia st\u00e1va \u010doraz ostrej\u0161ou, je pri spr\u00e1ve poh\u013ead\u00e1vok nevyhnutn\u00e9, aby boli v\u0161etky procesy vym\u00e1hania poh\u013ead\u00e1vok r\u00fdchle a \u00fa\u010dinn\u00e9 a aby boli inform\u00e1cie o platobnej schopnosti klienta aktu\u00e1lne.<\/p>\n\n\n\n<p>Na \u00faspe\u0161n\u00fa spr\u00e1vu poh\u013ead\u00e1vok klientov je potrebn\u00e9 spoji\u0165 dva faktory: \u00fa\u010dinn\u00e9 n\u00e1stroje a \u013eud\u00ed, ktor\u00ed ich vedia profesion\u00e1lne a obratne pou\u017e\u00edva\u0165.<\/p>\n\n\n\n<p>Na\u0161a \u0161pecializ\u00e1cia zaru\u010duje r\u00fdchle vym\u00e1hanie poh\u013ead\u00e1vok, a t\u00fdm zni\u017euje ich v\u00fd\u0161ku. O to viac, ke\u010f sa dlh ozna\u010d\u00ed r\u00fdchlo a bezodkladne.<\/p>\n\n\n\n<p>Od vyh\u013eadania adresy, cez online zis\u0165ovanie platobnej schopnosti a obchodn\u00e9 inform\u00e1cie a\u017e po priate\u013esk\u00e9 a sporn\u00e9 vym\u00e1hanie: m\u00f4\u017eeme v\u00e1m poskytn\u00fa\u0165 inform\u00e1cie a slu\u017eby, ktor\u00e9 potrebujete na zv\u00fd\u0161enie celkovej v\u00fdkonnosti a snahu predch\u00e1dza\u0165 platobn\u00fdm nedoplatkom. Sme kompetentn\u00fdm kontaktom, pokia\u013e ide o rie\u0161enia vym\u00e1hania poh\u013ead\u00e1vok a hodnotenia platobnej schopnosti v sektore B2C.<\/p>\n\n\n\n<div class=\"wp-block-advgb-accordions advgb-accordions-f517a700-beb5-414f-894c-b4ed04071a45 advgb-accordion-wrapper\" data-collapsed=\"true\">\n<div class=\"wp-block-advgb-accordion-item advgb-accordion-item\" style=\"margin-bottom:15px\"><div class=\"advgb-accordion-header\" style=\"background-color:#000;color:#eee;border-style:solid;border-width:1px;border-radius:2px\"><span class=\"advgb-accordion-header-icon\"><svg fill=\"#fff\" xmlns=\"http:\/\/www.w3.org\/2000\/svg\" width=\"24\" height=\"24\" viewBox=\"0 0 24 24\"><path fill=\"none\" d=\"M0,0h24v24H0V0z\"><\/path><path d=\"M12,5.83L15.17,9l1.41-1.41L12,3L7.41,7.59L8.83,9L12,5.83z M12,18.17L8.83,15l-1.41,1.41L12,21l4.59-4.59L15.17,15 L12,18.17z\"><\/path><\/svg><\/span><h4 class=\"advgb-accordion-header-title\" style=\"color:inherit\">Header text<\/h4><\/div><div class=\"advgb-accordion-body\" style=\"border-style:solid !important;border-width:1px !important;border-color:undefined !important;border-top:none !important;border-radius:2px !important\"><\/div><\/div>\n<\/div>\n<\/div>\n\n\n\n<div class=\"wp-block-column is-layout-flow wp-block-column-is-layout-flow\">\n<figure class=\"wp-block-image size-full\"><img loading=\"lazy\" decoding=\"async\" width=\"600\" height=\"399\" src=\"https:\/\/sekundi.eu\/wp-content\/uploads\/2023\/02\/chequeasy-1-min.jpeg\" alt=\"\" class=\"wp-image-1849\" srcset=\"https:\/\/sekundi.eu\/wp-content\/uploads\/2023\/02\/chequeasy-1-min.jpeg 600w, https:\/\/sekundi.eu\/wp-content\/uploads\/2023\/02\/chequeasy-1-min-300x200.jpeg 300w\" sizes=\"auto, (max-width: 600px) 100vw, 600px\" \/><\/figure>\n\n\n\n<figure class=\"wp-block-image size-full\"><img loading=\"lazy\" decoding=\"async\" width=\"602\" height=\"400\" src=\"https:\/\/sekundi.eu\/wp-content\/uploads\/2023\/02\/Soft-collect-entete.jpeg\" alt=\"\" class=\"wp-image-1832\" srcset=\"https:\/\/sekundi.eu\/wp-content\/uploads\/2023\/02\/Soft-collect-entete.jpeg 602w, https:\/\/sekundi.eu\/wp-content\/uploads\/2023\/02\/Soft-collect-entete-300x199.jpeg 300w\" sizes=\"auto, (max-width: 602px) 100vw, 602px\" \/><\/figure>\n<\/div>\n<\/div>\n\n\n\n<div style=\"height:50px\" aria-hidden=\"true\" class=\"wp-block-spacer\"><\/div>\n\n\n\n<div class=\"wp-block-group alignwide has-marron-background-color has-background\"><div class=\"wp-block-group__inner-container is-layout-constrained wp-block-group-is-layout-constrained\">\n<div style=\"height:30px\" aria-hidden=\"true\" class=\"wp-block-spacer\"><\/div>\n\n\n\n<div class=\"wp-block-columns are-vertically-aligned-center is-layout-flex wp-container-core-columns-is-layout-9d6595d7 wp-block-columns-is-layout-flex\">\n<div class=\"wp-block-column is-vertically-aligned-center is-layout-flow wp-block-column-is-layout-flow\" style=\"flex-basis:66.66%\">\n<p class=\"has-blanc-color has-text-color has-xxlarge-font-size\"><strong>M\u00e1te neuhraden\u00e9 poh\u013ead\u00e1vky v inej krajine a m\u00e1te probl\u00e9my s ich \u00fahradou? <strong><\/strong><\/strong><\/p>\n<\/div>\n\n\n\n<div class=\"wp-block-column is-vertically-aligned-center is-layout-flow wp-block-column-is-layout-flow\" style=\"flex-basis:33.33%\">\n<div class=\"wp-block-advgb-button aligncenter advgb-dyn-11fe3ae6\"><a class=\"wp-block-advgb-button_link advgbbtn-3f0f76f6-2322-4a40-90ae-7bbd1725b1fa\" href=\"https:\/\/sekundi.eu\/sk\/kontakt\/\" target=\"_self\" rel=\"noopener noreferrer\"><span><span>Po\u0161lite svoju poh\u013ead\u00e1vku<\/span><\/span><\/a><\/div>\n<\/div>\n<\/div>\n\n\n\n<div style=\"height:30px\" aria-hidden=\"true\" class=\"wp-block-spacer\"><\/div>\n<\/div><\/div>\n\n\n\n<div class=\"wp-block-group alignwide network\"><div class=\"wp-block-group__inner-container is-layout-constrained wp-block-group-is-layout-constrained\">\n<div style=\"height:50px\" aria-hidden=\"true\" class=\"wp-block-spacer\"><\/div>\n\n\n\n<p class=\"has-text-align-center marg0 has-marron-clair-color has-text-color has-small-font-size\"><strong>NA\u0160A SIE\u0164<\/strong><\/p>\n\n\n\n<h2 class=\"has-text-align-center marg0 wp-block-heading\">Zahrnut\u00e9 krajiny<\/h2>\n\n\n\n<div style=\"height:30px\" aria-hidden=\"true\" class=\"wp-block-spacer\"><\/div>\n\n\n<ul class='country-sitemap'><li><a href='https:\/\/sekundi.eu\/sk\/juznej-amerike\/'>Vym\u00e1hanie poh\u013ead\u00e1vok v Ju\u017enej Amerike<\/a><ul><li><a href='https:\/\/sekundi.eu\/sk\/juznej-amerike\/vymahanie-pohladavok-v-cile\/'><i class='fa-solid fa-map-pin'><\/i>Vym\u00e1hanie poh\u013ead\u00e1vok v \u010cile<\/a><\/li><li><a href='https:\/\/sekundi.eu\/sk\/juznej-amerike\/vymahanie-pohladavok-v-peru\/'><i class='fa-solid fa-map-pin'><\/i>Vym\u00e1hanie poh\u013ead\u00e1vok v Peru<\/a><\/li><\/li><\/ul><\/li><\/ul>\n\n\n\n<div style=\"height:50px\" aria-hidden=\"true\" class=\"wp-block-spacer\"><\/div>\n<\/div><\/div>\n<style class=\"advgb-styles-renderer\">.advgbbtn-c527b67f-5019-46e5-a44e-39326bb26383{font-size:18px;color:#2f2f2f !important;background-color:#fff !important;margin:0px 0px 0px 0px !important;padding:10px 30px 10px 30px;border-width:3px !important;border-color:#dde3e9 !important;border-style:solid !important;border-radius:50px !important;}.advgbbtn-c527b67f-5019-46e5-a44e-39326bb26383:hover{background-color:#dde3e9 !important;box-shadow:0px 0px 0px 0px #ccc;opacity:1;transition:all 0.2s ease;}.advgbbtn-c527b67f-5019-46e5-a44e-39326bb26383 > i {display: none !important;}.advgbbtn-3f0f76f6-2322-4a40-90ae-7bbd1725b1fa{font-size:18px;color:#fff !important;background-color:#7f634b !important;margin:0px 0px 0px 0px !important;padding:10px 30px 10px 30px;border-width:1px !important;border-color:#fff !important;border-style:solid !important;border-radius:50px !important;}.advgbbtn-3f0f76f6-2322-4a40-90ae-7bbd1725b1fa:hover{color:#7f634b !important;background-color:#fff !important;box-shadow:0px 0px 0px 0px #ccc;opacity:1;transition:all 0s ease;}.advgbbtn-3f0f76f6-2322-4a40-90ae-7bbd1725b1fa > i {display: none !important;}.advgbbtn-3f0f76f6-2322-4a40-90ae-7bbd1725b1fa{font-size:18px;color:#fff !important;background-color:#7f634b !important;margin:0px 0px 0px 0px !important;padding:10px 30px 10px 30px;border-width:1px !important;border-color:#fff !important;border-style:solid !important;border-radius:50px !important;}.advgbbtn-3f0f76f6-2322-4a40-90ae-7bbd1725b1fa:hover{color:#7f634b !important;background-color:#fff !important;box-shadow:0px 0px 0px 0px #ccc;opacity:1;transition:all 0s ease;}.advgbbtn-3f0f76f6-2322-4a40-90ae-7bbd1725b1fa > i {display: none !important;}.advgbbtn-3f0f76f6-2322-4a40-90ae-7bbd1725b1fa{font-size:18px;color:#fff !important;background-color:#7f634b !important;margin:0px 0px 0px 0px !important;padding:10px 30px 10px 30px;border-width:1px !important;border-color:#fff !important;border-style:solid !important;border-radius:50px !important;}.advgbbtn-3f0f76f6-2322-4a40-90ae-7bbd1725b1fa:hover{color:#7f634b !important;background-color:#fff !important;box-shadow:0px 0px 0px 0px #ccc;opacity:1;transition:all 0s ease;}.advgbbtn-3f0f76f6-2322-4a40-90ae-7bbd1725b1fa > i {display: none !important;}.advgbbtn-3f0f76f6-2322-4a40-90ae-7bbd1725b1fa{font-size:18px;color:#fff !important;background-color:#7f634b !important;margin:0px 0px 0px 0px !important;padding:10px 30px 10px 30px;border-width:1px !important;border-color:#fff !important;border-style:solid !important;border-radius:50px !important;}.advgbbtn-3f0f76f6-2322-4a40-90ae-7bbd1725b1fa:hover{color:#7f634b !important;background-color:#fff !important;box-shadow:0px 0px 0px 0px #ccc;opacity:1;transition:all 0s ease;}.advgbbtn-3f0f76f6-2322-4a40-90ae-7bbd1725b1fa > i {display: none !important;}<\/style>","protected":false},"excerpt":{"rendered":"<p>MEDZIN\u00c1RODN\u00c9 VYM\u00c1HANIE POH\u013dAD\u00c1VOK Vym\u00e1hanie poh\u013ead\u00e1vok na celom svete Na\u0161i miestni odborn\u00edci sa opieraj\u00fa o dlhoro\u010dn\u00e9 sk\u00fasenosti a zaru\u010duj\u00fa efekt\u00edvne vym\u00e1hanie va\u0161ich poh\u013ead\u00e1vok. Spolo\u010dnos\u0165 Sekundi m\u00f4\u017ee pon\u00faknu\u0165 priate\u013esk\u00e9 vym\u00e1hanie poh\u013ead\u00e1vok, ako aj sporn\u00e9 vym\u00e1hanie poh\u013ead\u00e1vok prostredn\u00edctvom s\u00fadneho konania. Spolo\u010dnos\u0165 Sekundi si kladie za povinnos\u0165 spr\u00e1va\u0165 sa k dl\u017en\u00edkom \u010destne, a to aj v pr\u00edpade, \u017ee sami [&hellip;]<\/p>\n","protected":false},"author":1,"featured_media":0,"parent":0,"menu_order":85,"comment_status":"closed","ping_status":"closed","template":"","meta":{"advgb_blocks_editor_width":"","advgb_blocks_columns_visual_guide":"","footnotes":""},"class_list":["post-2400","page","type-page","status-publish","hentry"],"yoast_head":"<!-- This site is optimized with the Yoast SEO plugin v27.5 - https:\/\/yoast.com\/product\/yoast-seo-wordpress\/ -->\n<title>SEKUNDI - Medzin\u00e1rodn\u00e1 sie\u0165 na vym\u00e1hanie poh\u013ead\u00e1vok<\/title>\n<meta name=\"description\" content=\"Na\u0161i miestni odborn\u00edci sa opieraj\u00fa o dlhoro\u010dn\u00e9 sk\u00fasenosti a zaru\u010duj\u00fa efekt\u00edvne vym\u00e1hanie va\u0161ich poh\u013ead\u00e1vok.\" \/>\n<meta name=\"robots\" content=\"index, follow, max-snippet:-1, max-image-preview:large, max-video-preview:-1\" \/>\n<link rel=\"canonical\" href=\"https:\/\/sekundi.eu\/sk\/sekundi\/\" \/>\n<meta property=\"og:locale\" content=\"sk_SK\" \/>\n<meta property=\"og:type\" content=\"article\" \/>\n<meta property=\"og:title\" content=\"SEKUNDI - Medzin\u00e1rodn\u00e1 sie\u0165 na vym\u00e1hanie poh\u013ead\u00e1vok\" \/>\n<meta property=\"og:description\" content=\"Na\u0161i miestni odborn\u00edci sa opieraj\u00fa o dlhoro\u010dn\u00e9 sk\u00fasenosti a zaru\u010duj\u00fa efekt\u00edvne vym\u00e1hanie va\u0161ich poh\u013ead\u00e1vok.\" \/>\n<meta property=\"og:url\" content=\"https:\/\/sekundi.eu\/sk\/sekundi\/\" \/>\n<meta property=\"og:site_name\" content=\"SEKUNDI\" \/>\n<meta property=\"article:modified_time\" content=\"2025-01-07T15:43:22+00:00\" \/>\n<meta property=\"og:image\" content=\"https:\/\/sekundi.eu\/wp-content\/uploads\/2023\/02\/pourquoi-les-services-ssp-collect-min.jpeg\" \/>\n\t<meta property=\"og:image:width\" content=\"600\" \/>\n\t<meta property=\"og:image:height\" content=\"400\" \/>\n\t<meta property=\"og:image:type\" content=\"image\/jpeg\" \/>\n<meta name=\"twitter:card\" content=\"summary_large_image\" \/>\n<meta name=\"twitter:label1\" content=\"Predpokladan\u00fd \u010das \u010d\u00edtania\" \/>\n\t<meta name=\"twitter:data1\" content=\"4 min\u00faty\" \/>\n<script type=\"application\/ld+json\" class=\"yoast-schema-graph\">{\"@context\":\"https:\\\/\\\/schema.org\",\"@graph\":[{\"@type\":\"WebPage\",\"@id\":\"https:\\\/\\\/sekundi.eu\\\/sk\\\/sekundi\\\/\",\"url\":\"https:\\\/\\\/sekundi.eu\\\/sk\\\/sekundi\\\/\",\"name\":\"SEKUNDI - Medzin\u00e1rodn\u00e1 sie\u0165 na vym\u00e1hanie poh\u013ead\u00e1vok\",\"isPartOf\":{\"@id\":\"https:\\\/\\\/sekundi.eu\\\/#website\"},\"primaryImageOfPage\":{\"@id\":\"https:\\\/\\\/sekundi.eu\\\/sk\\\/sekundi\\\/#primaryimage\"},\"image\":{\"@id\":\"https:\\\/\\\/sekundi.eu\\\/sk\\\/sekundi\\\/#primaryimage\"},\"thumbnailUrl\":\"https:\\\/\\\/sekundi.eu\\\/wp-content\\\/uploads\\\/2023\\\/02\\\/pourquoi-les-services-ssp-collect-min.jpeg\",\"datePublished\":\"2022-12-26T08:59:57+00:00\",\"dateModified\":\"2025-01-07T15:43:22+00:00\",\"description\":\"Na\u0161i miestni odborn\u00edci sa opieraj\u00fa o dlhoro\u010dn\u00e9 sk\u00fasenosti a zaru\u010duj\u00fa efekt\u00edvne vym\u00e1hanie va\u0161ich poh\u013ead\u00e1vok.\",\"breadcrumb\":{\"@id\":\"https:\\\/\\\/sekundi.eu\\\/sk\\\/sekundi\\\/#breadcrumb\"},\"inLanguage\":\"sk-SK\",\"potentialAction\":[{\"@type\":\"ReadAction\",\"target\":[\"https:\\\/\\\/sekundi.eu\\\/sk\\\/sekundi\\\/\"]}]},{\"@type\":\"ImageObject\",\"inLanguage\":\"sk-SK\",\"@id\":\"https:\\\/\\\/sekundi.eu\\\/sk\\\/sekundi\\\/#primaryimage\",\"url\":\"https:\\\/\\\/sekundi.eu\\\/wp-content\\\/uploads\\\/2023\\\/02\\\/pourquoi-les-services-ssp-collect-min.jpeg\",\"contentUrl\":\"https:\\\/\\\/sekundi.eu\\\/wp-content\\\/uploads\\\/2023\\\/02\\\/pourquoi-les-services-ssp-collect-min.jpeg\"},{\"@type\":\"BreadcrumbList\",\"@id\":\"https:\\\/\\\/sekundi.eu\\\/sk\\\/sekundi\\\/#breadcrumb\",\"itemListElement\":[{\"@type\":\"ListItem\",\"position\":1,\"name\":\"Accueil\",\"item\":\"https:\\\/\\\/sekundi.eu\\\/sk\\\/\"},{\"@type\":\"ListItem\",\"position\":2,\"name\":\"Sekundi : Vym\u00e1hanie poh\u013ead\u00e1vok na celom svete\"}]},{\"@type\":\"WebSite\",\"@id\":\"https:\\\/\\\/sekundi.eu\\\/#website\",\"url\":\"https:\\\/\\\/sekundi.eu\\\/\",\"name\":\"SEKUNDI\",\"description\":\"\",\"publisher\":{\"@id\":\"https:\\\/\\\/sekundi.eu\\\/#organization\"},\"potentialAction\":[{\"@type\":\"SearchAction\",\"target\":{\"@type\":\"EntryPoint\",\"urlTemplate\":\"https:\\\/\\\/sekundi.eu\\\/?s={search_term_string}\"},\"query-input\":{\"@type\":\"PropertyValueSpecification\",\"valueRequired\":true,\"valueName\":\"search_term_string\"}}],\"inLanguage\":\"sk-SK\"},{\"@type\":\"Organization\",\"@id\":\"https:\\\/\\\/sekundi.eu\\\/#organization\",\"name\":\"Sekundi\",\"url\":\"https:\\\/\\\/sekundi.eu\\\/\",\"logo\":{\"@type\":\"ImageObject\",\"inLanguage\":\"sk-SK\",\"@id\":\"https:\\\/\\\/sekundi.eu\\\/#\\\/schema\\\/logo\\\/image\\\/\",\"url\":\"https:\\\/\\\/sekundi.eu\\\/wp-content\\\/uploads\\\/2022\\\/12\\\/logo_sekundi.png\",\"contentUrl\":\"https:\\\/\\\/sekundi.eu\\\/wp-content\\\/uploads\\\/2022\\\/12\\\/logo_sekundi.png\",\"width\":171,\"height\":46,\"caption\":\"Sekundi\"},\"image\":{\"@id\":\"https:\\\/\\\/sekundi.eu\\\/#\\\/schema\\\/logo\\\/image\\\/\"}}]}<\/script>\n<!-- \/ Yoast SEO plugin. -->","yoast_head_json":{"title":"SEKUNDI - Medzin\u00e1rodn\u00e1 sie\u0165 na vym\u00e1hanie poh\u013ead\u00e1vok","description":"Na\u0161i miestni odborn\u00edci sa opieraj\u00fa o dlhoro\u010dn\u00e9 sk\u00fasenosti a zaru\u010duj\u00fa efekt\u00edvne vym\u00e1hanie va\u0161ich poh\u013ead\u00e1vok.","robots":{"index":"index","follow":"follow","max-snippet":"max-snippet:-1","max-image-preview":"max-image-preview:large","max-video-preview":"max-video-preview:-1"},"canonical":"https:\/\/sekundi.eu\/sk\/sekundi\/","og_locale":"sk_SK","og_type":"article","og_title":"SEKUNDI - Medzin\u00e1rodn\u00e1 sie\u0165 na vym\u00e1hanie poh\u013ead\u00e1vok","og_description":"Na\u0161i miestni odborn\u00edci sa opieraj\u00fa o dlhoro\u010dn\u00e9 sk\u00fasenosti a zaru\u010duj\u00fa efekt\u00edvne vym\u00e1hanie va\u0161ich poh\u013ead\u00e1vok.","og_url":"https:\/\/sekundi.eu\/sk\/sekundi\/","og_site_name":"SEKUNDI","article_modified_time":"2025-01-07T15:43:22+00:00","og_image":[{"width":600,"height":400,"url":"https:\/\/sekundi.eu\/wp-content\/uploads\/2023\/02\/pourquoi-les-services-ssp-collect-min.jpeg","type":"image\/jpeg"}],"twitter_card":"summary_large_image","twitter_misc":{"Predpokladan\u00fd \u010das \u010d\u00edtania":"4 min\u00faty"},"schema":{"@context":"https:\/\/schema.org","@graph":[{"@type":"WebPage","@id":"https:\/\/sekundi.eu\/sk\/sekundi\/","url":"https:\/\/sekundi.eu\/sk\/sekundi\/","name":"SEKUNDI - Medzin\u00e1rodn\u00e1 sie\u0165 na vym\u00e1hanie poh\u013ead\u00e1vok","isPartOf":{"@id":"https:\/\/sekundi.eu\/#website"},"primaryImageOfPage":{"@id":"https:\/\/sekundi.eu\/sk\/sekundi\/#primaryimage"},"image":{"@id":"https:\/\/sekundi.eu\/sk\/sekundi\/#primaryimage"},"thumbnailUrl":"https:\/\/sekundi.eu\/wp-content\/uploads\/2023\/02\/pourquoi-les-services-ssp-collect-min.jpeg","datePublished":"2022-12-26T08:59:57+00:00","dateModified":"2025-01-07T15:43:22+00:00","description":"Na\u0161i miestni odborn\u00edci sa opieraj\u00fa o dlhoro\u010dn\u00e9 sk\u00fasenosti a zaru\u010duj\u00fa efekt\u00edvne vym\u00e1hanie va\u0161ich poh\u013ead\u00e1vok.","breadcrumb":{"@id":"https:\/\/sekundi.eu\/sk\/sekundi\/#breadcrumb"},"inLanguage":"sk-SK","potentialAction":[{"@type":"ReadAction","target":["https:\/\/sekundi.eu\/sk\/sekundi\/"]}]},{"@type":"ImageObject","inLanguage":"sk-SK","@id":"https:\/\/sekundi.eu\/sk\/sekundi\/#primaryimage","url":"https:\/\/sekundi.eu\/wp-content\/uploads\/2023\/02\/pourquoi-les-services-ssp-collect-min.jpeg","contentUrl":"https:\/\/sekundi.eu\/wp-content\/uploads\/2023\/02\/pourquoi-les-services-ssp-collect-min.jpeg"},{"@type":"BreadcrumbList","@id":"https:\/\/sekundi.eu\/sk\/sekundi\/#breadcrumb","itemListElement":[{"@type":"ListItem","position":1,"name":"Accueil","item":"https:\/\/sekundi.eu\/sk\/"},{"@type":"ListItem","position":2,"name":"Sekundi : Vym\u00e1hanie poh\u013ead\u00e1vok na celom svete"}]},{"@type":"WebSite","@id":"https:\/\/sekundi.eu\/#website","url":"https:\/\/sekundi.eu\/","name":"SEKUNDI","description":"","publisher":{"@id":"https:\/\/sekundi.eu\/#organization"},"potentialAction":[{"@type":"SearchAction","target":{"@type":"EntryPoint","urlTemplate":"https:\/\/sekundi.eu\/?s={search_term_string}"},"query-input":{"@type":"PropertyValueSpecification","valueRequired":true,"valueName":"search_term_string"}}],"inLanguage":"sk-SK"},{"@type":"Organization","@id":"https:\/\/sekundi.eu\/#organization","name":"Sekundi","url":"https:\/\/sekundi.eu\/","logo":{"@type":"ImageObject","inLanguage":"sk-SK","@id":"https:\/\/sekundi.eu\/#\/schema\/logo\/image\/","url":"https:\/\/sekundi.eu\/wp-content\/uploads\/2022\/12\/logo_sekundi.png","contentUrl":"https:\/\/sekundi.eu\/wp-content\/uploads\/2022\/12\/logo_sekundi.png","width":171,"height":46,"caption":"Sekundi"},"image":{"@id":"https:\/\/sekundi.eu\/#\/schema\/logo\/image\/"}}]}},"coauthors":[],"author_meta":{"author_link":"https:\/\/sekundi.eu\/sk\/author\/sekimageundi\/","display_name":"Les Imageurs"},"relative_dates":{"created":"Posted 3 roky ago","modified":"Updated 1 rok ago"},"absolute_dates":{"created":"Posted on 26. decembra 2022","modified":"Updated on 7. janu\u00e1ra 2025"},"absolute_dates_time":{"created":"Posted on 26. decembra 2022 9:59","modified":"Updated on 7. janu\u00e1ra 2025 16:43"},"featured_img_caption":"","featured_img":false,"series_order":"","_links":{"self":[{"href":"https:\/\/sekundi.eu\/sk\/wp-json\/wp\/v2\/pages\/2400","targetHints":{"allow":["GET"]}}],"collection":[{"href":"https:\/\/sekundi.eu\/sk\/wp-json\/wp\/v2\/pages"}],"about":[{"href":"https:\/\/sekundi.eu\/sk\/wp-json\/wp\/v2\/types\/page"}],"author":[{"embeddable":true,"href":"https:\/\/sekundi.eu\/sk\/wp-json\/wp\/v2\/users\/1"}],"replies":[{"embeddable":true,"href":"https:\/\/sekundi.eu\/sk\/wp-json\/wp\/v2\/comments?post=2400"}],"version-history":[{"count":7,"href":"https:\/\/sekundi.eu\/sk\/wp-json\/wp\/v2\/pages\/2400\/revisions"}],"predecessor-version":[{"id":8346,"href":"https:\/\/sekundi.eu\/sk\/wp-json\/wp\/v2\/pages\/2400\/revisions\/8346"}],"wp:attachment":[{"href":"https:\/\/sekundi.eu\/sk\/wp-json\/wp\/v2\/media?parent=2400"}],"curies":[{"name":"wp","href":"https:\/\/api.w.org\/{rel}","templated":true}]}}