{"id":5318,"date":"2023-02-02T15:58:26","date_gmt":"2023-02-02T14:58:26","guid":{"rendered":"https:\/\/sekundi.eu\/europe\/vymahanie-pohladavok-v-holandsku\/"},"modified":"2023-05-22T16:36:13","modified_gmt":"2023-05-22T14:36:13","slug":"vymahanie-pohladavok-v-holandsku","status":"publish","type":"page","link":"https:\/\/sekundi.eu\/sk\/europe\/vymahanie-pohladavok-v-holandsku\/","title":{"rendered":"Vym\u00e1hanie poh\u013ead\u00e1vok v Holandsku"},"content":{"rendered":"\n<div style=\"height:50px\" aria-hidden=\"true\" class=\"wp-block-spacer\"><\/div>\n\n<p>M\u00e1te v Holandsku dlh? H\u013ead\u00e1te miestneho partnera, ktor\u00fd v\u00e1m pom\u00f4\u017ee zaplati\u0165 \u00fa\u010det? Objavte vym\u00e1hanie poh\u013ead\u00e1vok v Holandsku so sie\u0165ou Sekundi.<\/p>\n\n<div class=\"wp-block-columns is-layout-flex wp-container-core-columns-is-layout-9d6595d7 wp-block-columns-is-layout-flex\">\n<div class=\"wp-block-column is-layout-flow wp-block-column-is-layout-flow\" style=\"flex-basis:50%\">\n<h2 class=\"wp-block-heading\"><strong>Ak\u00e9 s\u00fa spr\u00e1vne pr\u00e1vne postupy vym\u00e1hania nezaplaten\u00fdch dlhov v Holandsku?<\/strong><\/h2>\n\n\n\n<p>Postup vym\u00e1hania poh\u013ead\u00e1vky mo\u017eno rozdeli\u0165 na zmierovacie alebo mimos\u00fadne konanie a s\u00fadne konanie.<\/p>\n\n\n\n<p>V zmierovacom konan\u00ed sa sna\u017e\u00edme dosiahnu\u0165 zaplatenie bez s\u00fadneho z\u00e1sahu. Z\u00e1konodarca jasne rozli\u0161uje medzi vym\u00e1han\u00edm poh\u013ead\u00e1vok B2C a B2B:<\/p>\n\n\n\n<p>B2C: Sme povinn\u00ed informova\u0165 spotrebite\u013ea - dl\u017en\u00edka o v\u00fd\u0161ke n\u00e1kladov na mimos\u00fadne vym\u00e1hanie (ktor\u00fdch v\u00fd\u0161ka je stanoven\u00e1 z\u00e1konom).<\/p>\n\n\n\n<p>Tak\u00e9to poplatky mus\u00ed Idcas ozn\u00e1mi\u0165 spotrebite\u013eovi-dl\u017en\u00edkovi s minim\u00e1lnou lehotou splatnosti bez tak\u00fdchto poplatkov 14 dn\u00ed.<\/p>\n\n\n\n<p>  B2B: V pr\u00edpade dl\u017en\u00edka z radov pr\u00e1vnick\u00fdch os\u00f4b tak\u00fato povinnos\u0165 nem\u00e1me. Mimos\u00fadne n\u00e1klady na vym\u00e1hanie poh\u013ead\u00e1vok je mo\u017en\u00e9 dohodn\u00fa\u0165 prostredn\u00edctvom v\u0161eobecn\u00fdch obchodn\u00fdch podmienok. Bez t\u00fdchto podmienok s\u00fa n\u00e1klady na mimos\u00fadne vym\u00e1hanie 15 %.<\/p>\n\n\n\n<p>S\u00fadna f\u00e1za v\u017edy prebieha prostredn\u00edctvom s\u00fadu. V pr\u00edpade n\u00e1rokov vy\u0161\u0161\u00edch ako 25 000 EUR je pomoc pr\u00e1vnika povinn\u00e1. V\u010faka spolupr\u00e1ci s viacer\u00fdmi advok\u00e1tskymi kancel\u00e1riami m\u00f4\u017ee spolo\u010dnos\u0165 Idcas pom\u00e1ha\u0165 svojim klientom pri v\u0161etk\u00fdch pr\u00e1vnych postupoch vym\u00e1hania poh\u013ead\u00e1vok.<\/p>\n<\/div>\n\n\n\n<div class=\"wp-block-column is-layout-flow wp-block-column-is-layout-flow\" style=\"flex-basis:50%\"><div class=\"wp-block-image\">\n<figure class=\"alignright size-full\"><img loading=\"lazy\" decoding=\"async\" width=\"600\" height=\"338\" src=\"https:\/\/sekundi.eu\/wp-content\/uploads\/2023\/02\/equipe-conseil-min.jpeg\" alt=\"\" class=\"wp-image-1860\" srcset=\"https:\/\/sekundi.eu\/wp-content\/uploads\/2023\/02\/equipe-conseil-min.jpeg 600w, https:\/\/sekundi.eu\/wp-content\/uploads\/2023\/02\/equipe-conseil-min-300x169.jpeg 300w\" sizes=\"auto, (max-width: 600px) 100vw, 600px\" \/><\/figure>\n<\/div>\n\n<div class=\"wp-block-image\">\n<figure class=\"alignright size-large\"><img loading=\"lazy\" decoding=\"async\" width=\"1024\" height=\"683\" src=\"https:\/\/sekundi.eu\/wp-content\/uploads\/2023\/01\/accompagnement-recouvrement-1024x683.jpeg\" alt=\"\" class=\"wp-image-1488\" srcset=\"https:\/\/sekundi.eu\/wp-content\/uploads\/2023\/01\/accompagnement-recouvrement-1024x683.jpeg 1024w, https:\/\/sekundi.eu\/wp-content\/uploads\/2023\/01\/accompagnement-recouvrement-300x200.jpeg 300w, https:\/\/sekundi.eu\/wp-content\/uploads\/2023\/01\/accompagnement-recouvrement-768x512.jpeg 768w, https:\/\/sekundi.eu\/wp-content\/uploads\/2023\/01\/accompagnement-recouvrement-1536x1024.jpeg 1536w, https:\/\/sekundi.eu\/wp-content\/uploads\/2023\/01\/accompagnement-recouvrement-2048x1365.jpeg 2048w\" sizes=\"auto, (max-width: 1024px) 100vw, 1024px\" \/><\/figure>\n<\/div><\/div>\n<\/div>\n\n<div style=\"height:50px\" aria-hidden=\"true\" class=\"wp-block-spacer\"><\/div>\n\n<div class=\"wp-block-columns is-layout-flex wp-container-core-columns-is-layout-9d6595d7 wp-block-columns-is-layout-flex\">\n<div class=\"wp-block-column is-vertically-aligned-top is-layout-flow wp-block-column-is-layout-flow\" style=\"flex-basis:50%\"><div class=\"wp-block-image\">\n<figure class=\"alignleft size-large\"><img loading=\"lazy\" decoding=\"async\" width=\"1024\" height=\"682\" src=\"https:\/\/sekundi.eu\/wp-content\/uploads\/2023\/02\/enjeux-relance-commerciale-min-1-1024x682.jpeg\" alt=\"\" class=\"wp-image-1815\" srcset=\"https:\/\/sekundi.eu\/wp-content\/uploads\/2023\/02\/enjeux-relance-commerciale-min-1-1024x682.jpeg 1024w, https:\/\/sekundi.eu\/wp-content\/uploads\/2023\/02\/enjeux-relance-commerciale-min-1-300x200.jpeg 300w, https:\/\/sekundi.eu\/wp-content\/uploads\/2023\/02\/enjeux-relance-commerciale-min-1-768x512.jpeg 768w, https:\/\/sekundi.eu\/wp-content\/uploads\/2023\/02\/enjeux-relance-commerciale-min-1-1536x1024.jpeg 1536w, https:\/\/sekundi.eu\/wp-content\/uploads\/2023\/02\/enjeux-relance-commerciale-min-1.jpeg 2000w\" sizes=\"auto, (max-width: 1024px) 100vw, 1024px\" \/><\/figure>\n<\/div><\/div>\n\n\n\n<div class=\"wp-block-column is-vertically-aligned-top is-layout-flow wp-block-column-is-layout-flow advgb-dyn-30499083\" style=\"flex-basis:50%\">\n<h2 class=\"wp-block-heading\"><strong>Ako nastavi\u0165 \u00fa\u010dinn\u00fa strat\u00e9giu vym\u00e1hania poh\u013ead\u00e1vok?<\/strong><\/h2>\n\n\n\n<p class=\"advgb-dyn-68d62d26\">Aby bolo vym\u00e1hanie poh\u013ead\u00e1vok efekt\u00edvne, pou\u017e\u00edvame najmodernej\u0161\u00ed softv\u00e9r na vym\u00e1hanie poh\u013ead\u00e1vok. To v kombin\u00e1cii s dlhoro\u010dn\u00fdmi sk\u00fasenos\u0165ami v oblasti (mimo)s\u00fadneho vym\u00e1hania poh\u013ead\u00e1vok zaru\u010duje, \u017ee spolo\u010dnos\u0165 Idcas dok\u00e1\u017ee optim\u00e1lne zastupova\u0165 va\u0161e z\u00e1ujmy a dosahuje vysok\u00fa mieru \u00faspe\u0161nosti.  <\/p>\n<\/div>\n<\/div>\n\n<div style=\"height:50px\" aria-hidden=\"true\" class=\"wp-block-spacer\"><\/div>\n\n<div class=\"wp-block-group alignwide has-marron-background-color has-background\"><div class=\"wp-block-group__inner-container is-layout-constrained wp-block-group-is-layout-constrained\">\n<div style=\"height:30px\" aria-hidden=\"true\" class=\"wp-block-spacer\"><\/div>\n\n\n\n<div class=\"wp-block-columns are-vertically-aligned-center is-layout-flex wp-container-core-columns-is-layout-9d6595d7 wp-block-columns-is-layout-flex\">\n<div class=\"wp-block-column is-vertically-aligned-center is-layout-flow wp-block-column-is-layout-flow\" style=\"flex-basis:66.66%\">\n<p class=\"has-blanc-color has-text-color has-xxlarge-font-size\"><strong>M\u00e1te neuhraden\u00e9 poh\u013ead\u00e1vky v inej krajine a m\u00e1te probl\u00e9my s ich \u00fahradou? <strong><\/strong><\/strong><\/p>\n<\/div>\n\n\n\n<div class=\"wp-block-column is-vertically-aligned-center is-layout-flow wp-block-column-is-layout-flow\" style=\"flex-basis:33.33%\">\n<div class=\"wp-block-advgb-button aligncenter advgb-dyn-11fe3ae6\"><a class=\"wp-block-advgb-button_link advgbbtn-3f0f76f6-2322-4a40-90ae-7bbd1725b1fa\" href=\"https:\/\/sekundi.eu\/sk\/kontakt\/\" target=\"_self\" rel=\"noopener noreferrer\"><span><span>Po\u0161lite svoju poh\u013ead\u00e1vku<\/span><\/span><\/a><\/div>\n<\/div>\n<\/div>\n\n\n\n<div style=\"height:30px\" aria-hidden=\"true\" class=\"wp-block-spacer\"><\/div>\n<\/div><\/div>\n\n<div class=\"wp-block-group alignwide network\"><div class=\"wp-block-group__inner-container is-layout-constrained wp-block-group-is-layout-constrained\">\n<div style=\"height:50px\" aria-hidden=\"true\" class=\"wp-block-spacer\"><\/div>\n\n\n\n<p class=\"has-text-align-center marg0 has-marron-clair-color has-text-color has-small-font-size\"><strong>NA\u0160A SIE\u0164<\/strong><\/p>\n\n\n\n<h2 class=\"has-text-align-center marg0 wp-block-heading\">Zahrnut\u00e9 krajiny<\/h2>\n\n\n\n<div style=\"height:30px\" aria-hidden=\"true\" class=\"wp-block-spacer\"><\/div>\n\n\n<ul class='country-sitemap'><li><a href='https:\/\/sekundi.eu\/sk\/juznej-amerike\/'>Vym\u00e1hanie poh\u013ead\u00e1vok v Ju\u017enej Amerike<\/a><ul><li><a href='https:\/\/sekundi.eu\/sk\/juznej-amerike\/vymahanie-pohladavok-v-cile\/'><i class='fa-solid fa-map-pin'><\/i>Vym\u00e1hanie poh\u013ead\u00e1vok v \u010cile<\/a><\/li><li><a href='https:\/\/sekundi.eu\/sk\/juznej-amerike\/vymahanie-pohladavok-v-peru\/'><i class='fa-solid fa-map-pin'><\/i>Vym\u00e1hanie poh\u013ead\u00e1vok v Peru<\/a><\/li><\/li><\/ul><\/li><\/ul>\n\n\n\n<div style=\"height:50px\" aria-hidden=\"true\" class=\"wp-block-spacer\"><\/div>\n<\/div><\/div>\n<style class=\"advgb-styles-renderer\">.advgbbtn-3f0f76f6-2322-4a40-90ae-7bbd1725b1fa{font-size:18px;color:#fff !important;background-color:#7f634b !important;margin:0px 0px 0px 0px !important;padding:10px 30px 10px 30px;border-width:1px !important;border-color:#fff !important;border-style:solid !important;border-radius:50px !important;}.advgbbtn-3f0f76f6-2322-4a40-90ae-7bbd1725b1fa:hover{color:#7f634b !important;background-color:#fff !important;box-shadow:0px 0px 0px 0px #ccc;opacity:1;transition:all 0s ease;}.advgbbtn-3f0f76f6-2322-4a40-90ae-7bbd1725b1fa > i {display: none !important;}.advgbbtn-3f0f76f6-2322-4a40-90ae-7bbd1725b1fa{font-size:18px;color:#fff !important;background-color:#7f634b !important;margin:0px 0px 0px 0px !important;padding:10px 30px 10px 30px;border-width:1px !important;border-color:#fff !important;border-style:solid !important;border-radius:50px !important;}.advgbbtn-3f0f76f6-2322-4a40-90ae-7bbd1725b1fa:hover{color:#7f634b !important;background-color:#fff !important;box-shadow:0px 0px 0px 0px #ccc;opacity:1;transition:all 0s ease;}.advgbbtn-3f0f76f6-2322-4a40-90ae-7bbd1725b1fa > i {display: none !important;}.advgbbtn-3f0f76f6-2322-4a40-90ae-7bbd1725b1fa{font-size:18px;color:#fff !important;background-color:#7f634b !important;margin:0px 0px 0px 0px !important;padding:10px 30px 10px 30px;border-width:1px !important;border-color:#fff !important;border-style:solid !important;border-radius:50px !important;}.advgbbtn-3f0f76f6-2322-4a40-90ae-7bbd1725b1fa:hover{color:#7f634b !important;background-color:#fff !important;box-shadow:0px 0px 0px 0px #ccc;opacity:1;transition:all 0s ease;}.advgbbtn-3f0f76f6-2322-4a40-90ae-7bbd1725b1fa > i {display: none !important;}.advgbbtn-3f0f76f6-2322-4a40-90ae-7bbd1725b1fa{font-size:18px;color:#fff !important;background-color:#7f634b !important;margin:0px 0px 0px 0px !important;padding:10px 30px 10px 30px;border-width:1px !important;border-color:#fff !important;border-style:solid !important;border-radius:50px !important;}.advgbbtn-3f0f76f6-2322-4a40-90ae-7bbd1725b1fa:hover{color:#7f634b !important;background-color:#fff !important;box-shadow:0px 0px 0px 0px #ccc;opacity:1;transition:all 0s ease;}.advgbbtn-3f0f76f6-2322-4a40-90ae-7bbd1725b1fa > i {display: none !important;}<\/style>","protected":false},"excerpt":{"rendered":"<p>M\u00e1te v Holandsku dlh? H\u013ead\u00e1te miestneho partnera, ktor\u00fd v\u00e1m pom\u00f4\u017ee zaplati\u0165 \u00fa\u010det? Objavte vym\u00e1hanie poh\u013ead\u00e1vok v Holandsku so sie\u0165ou Sekundi. Ak\u00e9 s\u00fa spr\u00e1vne pr\u00e1vne postupy vym\u00e1hania nezaplaten\u00fdch dlhov v Holandsku? Postup vym\u00e1hania poh\u013ead\u00e1vky mo\u017eno rozdeli\u0165 na zmierovacie alebo mimos\u00fadne konanie a s\u00fadne konanie. V zmierovacom konan\u00ed sa sna\u017e\u00edme dosiahnu\u0165 zaplatenie bez s\u00fadneho z\u00e1sahu. Z\u00e1konodarca jasne [&hellip;]<\/p>\n","protected":false},"author":1,"featured_media":0,"parent":3515,"menu_order":311,"comment_status":"closed","ping_status":"closed","template":"","meta":{"advgb_blocks_editor_width":"","advgb_blocks_columns_visual_guide":"","footnotes":""},"class_list":["post-5318","page","type-page","status-publish","hentry"],"yoast_head":"<!-- This site is optimized with the Yoast SEO plugin v27.5 - https:\/\/yoast.com\/product\/yoast-seo-wordpress\/ -->\n<title>Medzin\u00e1rodn\u00fd Vym\u00e1hanie poh\u013ead\u00e1vok v Holandsku - SEKUNDI<\/title>\n<meta name=\"description\" content=\"M\u00e1te neuhraden\u00fa fakt\u00faru v Holandsku? Z\u00edskajte viac inform\u00e1ci\u00ed o pomoci siete SEKUNDI spolo\u010dnostiam na medzin\u00e1rodnej \u00farovni.\" \/>\n<meta name=\"robots\" content=\"index, follow, max-snippet:-1, max-image-preview:large, max-video-preview:-1\" \/>\n<link rel=\"canonical\" href=\"https:\/\/sekundi.eu\/sk\/europe\/vymahanie-pohladavok-v-holandsku\/\" \/>\n<meta property=\"og:locale\" content=\"sk_SK\" \/>\n<meta property=\"og:type\" content=\"article\" \/>\n<meta property=\"og:title\" content=\"Medzin\u00e1rodn\u00fd Vym\u00e1hanie poh\u013ead\u00e1vok v Holandsku - SEKUNDI\" \/>\n<meta property=\"og:description\" content=\"M\u00e1te neuhraden\u00fa fakt\u00faru v Holandsku? Z\u00edskajte viac inform\u00e1ci\u00ed o pomoci siete SEKUNDI spolo\u010dnostiam na medzin\u00e1rodnej \u00farovni.\" \/>\n<meta property=\"og:url\" content=\"https:\/\/sekundi.eu\/sk\/europe\/vymahanie-pohladavok-v-holandsku\/\" \/>\n<meta property=\"og:site_name\" content=\"SEKUNDI\" \/>\n<meta property=\"article:modified_time\" content=\"2023-05-22T14:36:13+00:00\" \/>\n<meta property=\"og:image\" content=\"https:\/\/sekundi.eu\/wp-content\/uploads\/2023\/02\/equipe-conseil-min.jpeg\" \/>\n<meta name=\"twitter:card\" content=\"summary_large_image\" \/>\n<meta name=\"twitter:label1\" content=\"Predpokladan\u00fd \u010das \u010d\u00edtania\" \/>\n\t<meta name=\"twitter:data1\" content=\"2 min\u00faty\" \/>\n<script type=\"application\/ld+json\" class=\"yoast-schema-graph\">{\"@context\":\"https:\\\/\\\/schema.org\",\"@graph\":[{\"@type\":\"WebPage\",\"@id\":\"https:\\\/\\\/sekundi.eu\\\/sk\\\/europe\\\/vymahanie-pohladavok-v-holandsku\\\/\",\"url\":\"https:\\\/\\\/sekundi.eu\\\/sk\\\/europe\\\/vymahanie-pohladavok-v-holandsku\\\/\",\"name\":\"Medzin\u00e1rodn\u00fd Vym\u00e1hanie poh\u013ead\u00e1vok v Holandsku - SEKUNDI\",\"isPartOf\":{\"@id\":\"https:\\\/\\\/sekundi.eu\\\/#website\"},\"primaryImageOfPage\":{\"@id\":\"https:\\\/\\\/sekundi.eu\\\/sk\\\/europe\\\/vymahanie-pohladavok-v-holandsku\\\/#primaryimage\"},\"image\":{\"@id\":\"https:\\\/\\\/sekundi.eu\\\/sk\\\/europe\\\/vymahanie-pohladavok-v-holandsku\\\/#primaryimage\"},\"thumbnailUrl\":\"https:\\\/\\\/sekundi.eu\\\/wp-content\\\/uploads\\\/2023\\\/02\\\/equipe-conseil-min.jpeg\",\"datePublished\":\"2023-02-02T14:58:26+00:00\",\"dateModified\":\"2023-05-22T14:36:13+00:00\",\"description\":\"M\u00e1te neuhraden\u00fa fakt\u00faru v Holandsku? Z\u00edskajte viac inform\u00e1ci\u00ed o pomoci siete SEKUNDI spolo\u010dnostiam na medzin\u00e1rodnej \u00farovni.\",\"breadcrumb\":{\"@id\":\"https:\\\/\\\/sekundi.eu\\\/sk\\\/europe\\\/vymahanie-pohladavok-v-holandsku\\\/#breadcrumb\"},\"inLanguage\":\"sk-SK\",\"potentialAction\":[{\"@type\":\"ReadAction\",\"target\":[\"https:\\\/\\\/sekundi.eu\\\/sk\\\/europe\\\/vymahanie-pohladavok-v-holandsku\\\/\"]}]},{\"@type\":\"ImageObject\",\"inLanguage\":\"sk-SK\",\"@id\":\"https:\\\/\\\/sekundi.eu\\\/sk\\\/europe\\\/vymahanie-pohladavok-v-holandsku\\\/#primaryimage\",\"url\":\"https:\\\/\\\/sekundi.eu\\\/wp-content\\\/uploads\\\/2023\\\/02\\\/equipe-conseil-min.jpeg\",\"contentUrl\":\"https:\\\/\\\/sekundi.eu\\\/wp-content\\\/uploads\\\/2023\\\/02\\\/equipe-conseil-min.jpeg\"},{\"@type\":\"BreadcrumbList\",\"@id\":\"https:\\\/\\\/sekundi.eu\\\/sk\\\/europe\\\/vymahanie-pohladavok-v-holandsku\\\/#breadcrumb\",\"itemListElement\":[{\"@type\":\"ListItem\",\"position\":1,\"name\":\"Accueil\",\"item\":\"https:\\\/\\\/sekundi.eu\\\/sk\\\/\"},{\"@type\":\"ListItem\",\"position\":2,\"name\":\"Vym\u00e1hanie poh\u013ead\u00e1vok v Eur\u00f3pe\",\"item\":\"https:\\\/\\\/sekundi.eu\\\/sk\\\/europe\\\/\"},{\"@type\":\"ListItem\",\"position\":3,\"name\":\"Vym\u00e1hanie poh\u013ead\u00e1vok v Holandsku\"}]},{\"@type\":\"WebSite\",\"@id\":\"https:\\\/\\\/sekundi.eu\\\/#website\",\"url\":\"https:\\\/\\\/sekundi.eu\\\/\",\"name\":\"SEKUNDI\",\"description\":\"\",\"publisher\":{\"@id\":\"https:\\\/\\\/sekundi.eu\\\/#organization\"},\"potentialAction\":[{\"@type\":\"SearchAction\",\"target\":{\"@type\":\"EntryPoint\",\"urlTemplate\":\"https:\\\/\\\/sekundi.eu\\\/?s={search_term_string}\"},\"query-input\":{\"@type\":\"PropertyValueSpecification\",\"valueRequired\":true,\"valueName\":\"search_term_string\"}}],\"inLanguage\":\"sk-SK\"},{\"@type\":\"Organization\",\"@id\":\"https:\\\/\\\/sekundi.eu\\\/#organization\",\"name\":\"Sekundi\",\"url\":\"https:\\\/\\\/sekundi.eu\\\/\",\"logo\":{\"@type\":\"ImageObject\",\"inLanguage\":\"sk-SK\",\"@id\":\"https:\\\/\\\/sekundi.eu\\\/#\\\/schema\\\/logo\\\/image\\\/\",\"url\":\"https:\\\/\\\/sekundi.eu\\\/wp-content\\\/uploads\\\/2022\\\/12\\\/logo_sekundi.png\",\"contentUrl\":\"https:\\\/\\\/sekundi.eu\\\/wp-content\\\/uploads\\\/2022\\\/12\\\/logo_sekundi.png\",\"width\":171,\"height\":46,\"caption\":\"Sekundi\"},\"image\":{\"@id\":\"https:\\\/\\\/sekundi.eu\\\/#\\\/schema\\\/logo\\\/image\\\/\"}}]}<\/script>\n<!-- \/ Yoast SEO plugin. -->","yoast_head_json":{"title":"Medzin\u00e1rodn\u00fd Vym\u00e1hanie poh\u013ead\u00e1vok v Holandsku - SEKUNDI","description":"M\u00e1te neuhraden\u00fa fakt\u00faru v Holandsku? Z\u00edskajte viac inform\u00e1ci\u00ed o pomoci siete SEKUNDI spolo\u010dnostiam na medzin\u00e1rodnej \u00farovni.","robots":{"index":"index","follow":"follow","max-snippet":"max-snippet:-1","max-image-preview":"max-image-preview:large","max-video-preview":"max-video-preview:-1"},"canonical":"https:\/\/sekundi.eu\/sk\/europe\/vymahanie-pohladavok-v-holandsku\/","og_locale":"sk_SK","og_type":"article","og_title":"Medzin\u00e1rodn\u00fd Vym\u00e1hanie poh\u013ead\u00e1vok v Holandsku - SEKUNDI","og_description":"M\u00e1te neuhraden\u00fa fakt\u00faru v Holandsku? Z\u00edskajte viac inform\u00e1ci\u00ed o pomoci siete SEKUNDI spolo\u010dnostiam na medzin\u00e1rodnej \u00farovni.","og_url":"https:\/\/sekundi.eu\/sk\/europe\/vymahanie-pohladavok-v-holandsku\/","og_site_name":"SEKUNDI","article_modified_time":"2023-05-22T14:36:13+00:00","og_image":[{"url":"https:\/\/sekundi.eu\/wp-content\/uploads\/2023\/02\/equipe-conseil-min.jpeg","type":"","width":"","height":""}],"twitter_card":"summary_large_image","twitter_misc":{"Predpokladan\u00fd \u010das \u010d\u00edtania":"2 min\u00faty"},"schema":{"@context":"https:\/\/schema.org","@graph":[{"@type":"WebPage","@id":"https:\/\/sekundi.eu\/sk\/europe\/vymahanie-pohladavok-v-holandsku\/","url":"https:\/\/sekundi.eu\/sk\/europe\/vymahanie-pohladavok-v-holandsku\/","name":"Medzin\u00e1rodn\u00fd Vym\u00e1hanie poh\u013ead\u00e1vok v Holandsku - SEKUNDI","isPartOf":{"@id":"https:\/\/sekundi.eu\/#website"},"primaryImageOfPage":{"@id":"https:\/\/sekundi.eu\/sk\/europe\/vymahanie-pohladavok-v-holandsku\/#primaryimage"},"image":{"@id":"https:\/\/sekundi.eu\/sk\/europe\/vymahanie-pohladavok-v-holandsku\/#primaryimage"},"thumbnailUrl":"https:\/\/sekundi.eu\/wp-content\/uploads\/2023\/02\/equipe-conseil-min.jpeg","datePublished":"2023-02-02T14:58:26+00:00","dateModified":"2023-05-22T14:36:13+00:00","description":"M\u00e1te neuhraden\u00fa fakt\u00faru v Holandsku? Z\u00edskajte viac inform\u00e1ci\u00ed o pomoci siete SEKUNDI spolo\u010dnostiam na medzin\u00e1rodnej \u00farovni.","breadcrumb":{"@id":"https:\/\/sekundi.eu\/sk\/europe\/vymahanie-pohladavok-v-holandsku\/#breadcrumb"},"inLanguage":"sk-SK","potentialAction":[{"@type":"ReadAction","target":["https:\/\/sekundi.eu\/sk\/europe\/vymahanie-pohladavok-v-holandsku\/"]}]},{"@type":"ImageObject","inLanguage":"sk-SK","@id":"https:\/\/sekundi.eu\/sk\/europe\/vymahanie-pohladavok-v-holandsku\/#primaryimage","url":"https:\/\/sekundi.eu\/wp-content\/uploads\/2023\/02\/equipe-conseil-min.jpeg","contentUrl":"https:\/\/sekundi.eu\/wp-content\/uploads\/2023\/02\/equipe-conseil-min.jpeg"},{"@type":"BreadcrumbList","@id":"https:\/\/sekundi.eu\/sk\/europe\/vymahanie-pohladavok-v-holandsku\/#breadcrumb","itemListElement":[{"@type":"ListItem","position":1,"name":"Accueil","item":"https:\/\/sekundi.eu\/sk\/"},{"@type":"ListItem","position":2,"name":"Vym\u00e1hanie poh\u013ead\u00e1vok v Eur\u00f3pe","item":"https:\/\/sekundi.eu\/sk\/europe\/"},{"@type":"ListItem","position":3,"name":"Vym\u00e1hanie poh\u013ead\u00e1vok v Holandsku"}]},{"@type":"WebSite","@id":"https:\/\/sekundi.eu\/#website","url":"https:\/\/sekundi.eu\/","name":"SEKUNDI","description":"","publisher":{"@id":"https:\/\/sekundi.eu\/#organization"},"potentialAction":[{"@type":"SearchAction","target":{"@type":"EntryPoint","urlTemplate":"https:\/\/sekundi.eu\/?s={search_term_string}"},"query-input":{"@type":"PropertyValueSpecification","valueRequired":true,"valueName":"search_term_string"}}],"inLanguage":"sk-SK"},{"@type":"Organization","@id":"https:\/\/sekundi.eu\/#organization","name":"Sekundi","url":"https:\/\/sekundi.eu\/","logo":{"@type":"ImageObject","inLanguage":"sk-SK","@id":"https:\/\/sekundi.eu\/#\/schema\/logo\/image\/","url":"https:\/\/sekundi.eu\/wp-content\/uploads\/2022\/12\/logo_sekundi.png","contentUrl":"https:\/\/sekundi.eu\/wp-content\/uploads\/2022\/12\/logo_sekundi.png","width":171,"height":46,"caption":"Sekundi"},"image":{"@id":"https:\/\/sekundi.eu\/#\/schema\/logo\/image\/"}}]}},"coauthors":[],"author_meta":{"author_link":"https:\/\/sekundi.eu\/sk\/author\/sekimageundi\/","display_name":"Les Imageurs"},"relative_dates":{"created":"Posted 3 roky ago","modified":"Updated 3 roky ago"},"absolute_dates":{"created":"Posted on 2. febru\u00e1ra 2023","modified":"Updated on 22. m\u00e1ja 2023"},"absolute_dates_time":{"created":"Posted on 2. febru\u00e1ra 2023 15:58","modified":"Updated on 22. m\u00e1ja 2023 16:36"},"featured_img_caption":"","featured_img":false,"series_order":"","_links":{"self":[{"href":"https:\/\/sekundi.eu\/sk\/wp-json\/wp\/v2\/pages\/5318","targetHints":{"allow":["GET"]}}],"collection":[{"href":"https:\/\/sekundi.eu\/sk\/wp-json\/wp\/v2\/pages"}],"about":[{"href":"https:\/\/sekundi.eu\/sk\/wp-json\/wp\/v2\/types\/page"}],"author":[{"embeddable":true,"href":"https:\/\/sekundi.eu\/sk\/wp-json\/wp\/v2\/users\/1"}],"replies":[{"embeddable":true,"href":"https:\/\/sekundi.eu\/sk\/wp-json\/wp\/v2\/comments?post=5318"}],"version-history":[{"count":1,"href":"https:\/\/sekundi.eu\/sk\/wp-json\/wp\/v2\/pages\/5318\/revisions"}],"predecessor-version":[{"id":5319,"href":"https:\/\/sekundi.eu\/sk\/wp-json\/wp\/v2\/pages\/5318\/revisions\/5319"}],"up":[{"embeddable":true,"href":"https:\/\/sekundi.eu\/sk\/wp-json\/wp\/v2\/pages\/3515"}],"wp:attachment":[{"href":"https:\/\/sekundi.eu\/sk\/wp-json\/wp\/v2\/media?parent=5318"}],"curies":[{"name":"wp","href":"https:\/\/api.w.org\/{rel}","templated":true}]}}